{"id":96194,"date":"2025-11-04T11:52:33","date_gmt":"2025-11-04T11:52:33","guid":{"rendered":"https:\/\/aztex.ee\/?post_type=product&#038;p=96194"},"modified":"2026-03-29T18:06:31","modified_gmt":"2026-03-29T18:06:31","slug":"bambu-orngott-ljusrosa","status":"publish","type":"product","link":"https:\/\/aztex.ee\/sv\/pood\/bambu-orngott\/bambu-orngott-ljusrosa\/","title":{"rendered":"Bambu \u00f6rngott \u2013 Ljusrosa"},"content":{"rendered":"<p>Bambu \u00f6rngott \u00e4r andningsbart och hudv\u00e4nligt, vilket ger en bekv\u00e4m och uppfriskande s\u00f6mn. De naturliga egenskaperna hos bambufibrer hj\u00e4lper till att reglera temperaturen och absorbera fukt, vilket h\u00e5ller \u00f6rngott torrt och rent. Dessutom \u00e4r den antibakteriell och hypoallergen, vilket g\u00f6r den perfekt f\u00f6r k\u00e4nslig hud.<\/p>\n<p>Det sl\u00e4ta och \u00f6mt\u00e5liga tyget k\u00e4nns behagligt att ta p\u00e5 och \u00e4r l\u00e4ttsk\u00f6tt &#8211; maskintv\u00e4ttbart och slitstarkt. Den mjuka texturen beh\u00e5ller sin kvalitet \u00e4ven efter upprepade tv\u00e4ttar, vilket ger en behaglig vila varje natt.<\/p>\n<p>Bambu \u00f6rngott \u00e4r perfekt f\u00f6r alla sovrum, erbjuder b\u00e5de praktiska och eleganta utseende. Dess neutrala och naturliga toner skapar en lugn och mysig atmosf\u00e4r som enkelt matchar olika s\u00e4ngkl\u00e4der. Njut av en mjuk och fr\u00e4sch k\u00e4nsla varje natt, vilket g\u00f6r s\u00f6mnen verkligen uppfriskande.<\/p>\n","protected":false},"excerpt":{"rendered":"<p>Bambu \u00f6rngott \u00e4r naturligt, mjukt och andas, vilket s\u00e4kerst\u00e4ller kvalitetss\u00f6mn.<\/p>\n<ul>\n<li>F\u00e4rg: Ljusrosa<\/li>\n<li>Material: 100% bambu<\/li>\n<li>Tr\u00e5dantal: 300 TC<\/li>\n<\/ul>\n<p><img loading=\"lazy\" decoding=\"async\" class=\"alignnone wp-image-20226\" src=\"https:\/\/aztex.ee\/wp-content\/uploads\/2024\/09\/oekotex100.png\" alt=\"\" width=\"196\" height=\"69\" srcset=\"https:\/\/aztex.ee\/wp-content\/uploads\/2024\/09\/oekotex100.png 204w, https:\/\/aztex.ee\/wp-content\/uploads\/2024\/09\/oekotex100-150x53.png 150w\" sizes=\"auto, (max-width: 196px) 100vw, 196px\" \/><img loading=\"lazy\" decoding=\"async\" class=\"alignnone wp-image-20260\" src=\"https:\/\/aztex.ee\/wp-content\/uploads\/2024\/09\/bambuuss.png\" alt=\"\" width=\"75\" height=\"75\" srcset=\"https:\/\/aztex.ee\/wp-content\/uploads\/2024\/09\/bambuuss.png 204w, https:\/\/aztex.ee\/wp-content\/uploads\/2024\/09\/bambuuss-150x150.png 150w\" sizes=\"auto, (max-width: 75px) 100vw, 75px\" \/><\/p>\n","protected":false},"featured_media":96327,"comment_status":"open","ping_status":"closed","template":"","meta":[],"product_brand":[],"product_cat":[528,1788],"product_tag":[],"class_list":{"0":"post-96194","1":"product","2":"type-product","3":"status-publish","4":"has-post-thumbnail","6":"product_cat-bambu-orngott","7":"product_cat-orngott","9":"first","10":"instock","11":"shipping-taxable","12":"purchasable","13":"product-type-variable"},"yoast_head":"<!-- This site is optimized with the Yoast SEO plugin v27.6 - https:\/\/yoast.com\/product\/yoast-seo-wordpress\/ -->\n<title>Kvalitets \u00f6rngott i bambu - Ljusrosa | AZTEX<\/title>\n<meta name=\"description\" content=\"Det mjuka \u00f6rngott i bambu reglerar temperatur och luftfuktighet, vilket ger en behaglig, h\u00e4lsosam och uppfriskande s\u00f6mn i alla sovrum.\" \/>\n<meta name=\"robots\" content=\"index, follow, max-snippet:-1, max-image-preview:large, max-video-preview:-1\" \/>\n<link rel=\"canonical\" href=\"https:\/\/aztex.ee\/sv\/pood\/bambu-orngott\/bambu-orngott-ljusrosa\/\" \/>\n<meta property=\"og:locale\" content=\"sv_SE\" \/>\n<meta property=\"og:type\" content=\"article\" \/>\n<meta property=\"og:title\" content=\"Kvalitets \u00f6rngott i bambu - Ljusrosa | AZTEX\" \/>\n<meta property=\"og:description\" content=\"Det mjuka \u00f6rngott i bambu reglerar temperatur och luftfuktighet, vilket ger en behaglig, h\u00e4lsosam och uppfriskande s\u00f6mn i alla sovrum.\" \/>\n<meta property=\"og:url\" content=\"https:\/\/aztex.ee\/sv\/pood\/bambu-orngott\/bambu-orngott-ljusrosa\/\" \/>\n<meta property=\"og:site_name\" content=\"AZTEX\" \/>\n<meta property=\"article:publisher\" content=\"https:\/\/www.facebook.com\/AztexEE\" \/>\n<meta property=\"article:modified_time\" content=\"2026-03-29T18:06:31+00:00\" \/>\n<meta property=\"og:image\" content=\"https:\/\/aztex.ee\/wp-content\/uploads\/2025\/11\/Bambusest-padjapuur-Heleroosa-1.jpg\" \/>\n\t<meta property=\"og:image:width\" content=\"800\" \/>\n\t<meta property=\"og:image:height\" content=\"800\" \/>\n\t<meta property=\"og:image:type\" content=\"image\/jpeg\" \/>\n<meta name=\"twitter:card\" content=\"summary_large_image\" \/>\n<meta name=\"twitter:label1\" content=\"Ber\u00e4knad l\u00e4stid\" \/>\n\t<meta name=\"twitter:data1\" content=\"1 minut\" \/>\n<script type=\"application\/ld+json\" class=\"yoast-schema-graph\">{\"@context\":\"https:\\\/\\\/schema.org\",\"@graph\":[{\"@type\":[\"WebPage\",\"ItemPage\"],\"@id\":\"https:\\\/\\\/aztex.ee\\\/sv\\\/pood\\\/bambu-orngott\\\/bambu-orngott-ljusrosa\\\/\",\"url\":\"https:\\\/\\\/aztex.ee\\\/sv\\\/pood\\\/bambu-orngott\\\/bambu-orngott-ljusrosa\\\/\",\"name\":\"Kvalitets \u00f6rngott i bambu - Ljusrosa | AZTEX\",\"isPartOf\":{\"@id\":\"https:\\\/\\\/aztex.ee\\\/sv\\\/#website\"},\"primaryImageOfPage\":{\"@id\":\"https:\\\/\\\/aztex.ee\\\/sv\\\/pood\\\/bambu-orngott\\\/bambu-orngott-ljusrosa\\\/#primaryimage\"},\"image\":{\"@id\":\"https:\\\/\\\/aztex.ee\\\/sv\\\/pood\\\/bambu-orngott\\\/bambu-orngott-ljusrosa\\\/#primaryimage\"},\"thumbnailUrl\":\"https:\\\/\\\/aztex.ee\\\/wp-content\\\/uploads\\\/2025\\\/11\\\/Bambusest-padjapuur-Heleroosa-1.jpg\",\"datePublished\":\"2025-11-04T11:52:33+00:00\",\"dateModified\":\"2026-03-29T18:06:31+00:00\",\"description\":\"Det mjuka \u00f6rngott i bambu reglerar temperatur och luftfuktighet, vilket ger en behaglig, h\u00e4lsosam och uppfriskande s\u00f6mn i alla sovrum.\",\"breadcrumb\":{\"@id\":\"https:\\\/\\\/aztex.ee\\\/sv\\\/pood\\\/bambu-orngott\\\/bambu-orngott-ljusrosa\\\/#breadcrumb\"},\"inLanguage\":\"sv-SE\",\"potentialAction\":[{\"@type\":\"ReadAction\",\"target\":[\"https:\\\/\\\/aztex.ee\\\/sv\\\/pood\\\/bambu-orngott\\\/bambu-orngott-ljusrosa\\\/\"]}]},{\"@type\":\"ImageObject\",\"inLanguage\":\"sv-SE\",\"@id\":\"https:\\\/\\\/aztex.ee\\\/sv\\\/pood\\\/bambu-orngott\\\/bambu-orngott-ljusrosa\\\/#primaryimage\",\"url\":\"https:\\\/\\\/aztex.ee\\\/wp-content\\\/uploads\\\/2025\\\/11\\\/Bambusest-padjapuur-Heleroosa-1.jpg\",\"contentUrl\":\"https:\\\/\\\/aztex.ee\\\/wp-content\\\/uploads\\\/2025\\\/11\\\/Bambusest-padjapuur-Heleroosa-1.jpg\",\"width\":800,\"height\":800,\"caption\":\"Bambusest padjap\u00fc\u00fcr Heleroosa\"},{\"@type\":\"BreadcrumbList\",\"@id\":\"https:\\\/\\\/aztex.ee\\\/sv\\\/pood\\\/bambu-orngott\\\/bambu-orngott-ljusrosa\\\/#breadcrumb\",\"itemListElement\":[{\"@type\":\"ListItem\",\"position\":1,\"name\":\"Hem\",\"item\":\"https:\\\/\\\/aztex.ee\\\/sv\\\/\"},{\"@type\":\"ListItem\",\"position\":2,\"name\":\"Butik\",\"item\":\"https:\\\/\\\/aztex.ee\\\/sv\\\/butik\\\/\"},{\"@type\":\"ListItem\",\"position\":3,\"name\":\"Bambu \u00f6rngott \u2013 Ljusrosa\"}]},{\"@type\":\"WebSite\",\"@id\":\"https:\\\/\\\/aztex.ee\\\/sv\\\/#website\",\"url\":\"https:\\\/\\\/aztex.ee\\\/sv\\\/\",\"name\":\"AZTEX\",\"description\":\"\",\"publisher\":{\"@id\":\"https:\\\/\\\/aztex.ee\\\/sv\\\/#organization\"},\"potentialAction\":[{\"@type\":\"SearchAction\",\"target\":{\"@type\":\"EntryPoint\",\"urlTemplate\":\"https:\\\/\\\/aztex.ee\\\/sv\\\/?s={search_term_string}\"},\"query-input\":{\"@type\":\"PropertyValueSpecification\",\"valueRequired\":true,\"valueName\":\"search_term_string\"}}],\"inLanguage\":\"sv-SE\"},{\"@type\":\"Organization\",\"@id\":\"https:\\\/\\\/aztex.ee\\\/sv\\\/#organization\",\"name\":\"AZTEX\",\"url\":\"https:\\\/\\\/aztex.ee\\\/sv\\\/\",\"logo\":{\"@type\":\"ImageObject\",\"inLanguage\":\"sv-SE\",\"@id\":\"https:\\\/\\\/aztex.ee\\\/sv\\\/#\\\/schema\\\/logo\\\/image\\\/\",\"url\":\"https:\\\/\\\/aztex.ee\\\/wp-content\\\/uploads\\\/2026\\\/01\\\/AZTEX.png\",\"contentUrl\":\"https:\\\/\\\/aztex.ee\\\/wp-content\\\/uploads\\\/2026\\\/01\\\/AZTEX.png\",\"width\":500,\"height\":500,\"caption\":\"AZTEX\"},\"image\":{\"@id\":\"https:\\\/\\\/aztex.ee\\\/sv\\\/#\\\/schema\\\/logo\\\/image\\\/\"},\"sameAs\":[\"https:\\\/\\\/www.facebook.com\\\/AztexEE\",\"https:\\\/\\\/www.instagram.com\\\/aztexeesti\\\/\",\"https:\\\/\\\/www.youtube.com\\\/@AZTEXEE\",\"https:\\\/\\\/www.pinterest.com\\\/aztex_eesti\\\/\",\"https:\\\/\\\/www.tiktok.com\\\/@aztexeesti\",\"https:\\\/\\\/www.trustpilot.com\\\/review\\\/aztex.ee\",\"https:\\\/\\\/www.linkedin.com\\\/company\\\/aztex-ee\\\/\",\"https:\\\/\\\/www.wikidata.org\\\/wiki\\\/Q137560182\"]}]}<\/script>\n<!-- \/ Yoast SEO plugin. -->","yoast_head_json":{"title":"Kvalitets \u00f6rngott i bambu - Ljusrosa | AZTEX","description":"Det mjuka \u00f6rngott i bambu reglerar temperatur och luftfuktighet, vilket ger en behaglig, h\u00e4lsosam och uppfriskande s\u00f6mn i alla sovrum.","robots":{"index":"index","follow":"follow","max-snippet":"max-snippet:-1","max-image-preview":"max-image-preview:large","max-video-preview":"max-video-preview:-1"},"canonical":"https:\/\/aztex.ee\/sv\/pood\/bambu-orngott\/bambu-orngott-ljusrosa\/","og_locale":"sv_SE","og_type":"article","og_title":"Kvalitets \u00f6rngott i bambu - Ljusrosa | AZTEX","og_description":"Det mjuka \u00f6rngott i bambu reglerar temperatur och luftfuktighet, vilket ger en behaglig, h\u00e4lsosam och uppfriskande s\u00f6mn i alla sovrum.","og_url":"https:\/\/aztex.ee\/sv\/pood\/bambu-orngott\/bambu-orngott-ljusrosa\/","og_site_name":"AZTEX","article_publisher":"https:\/\/www.facebook.com\/AztexEE","article_modified_time":"2026-03-29T18:06:31+00:00","og_image":[{"width":800,"height":800,"url":"https:\/\/aztex.ee\/wp-content\/uploads\/2025\/11\/Bambusest-padjapuur-Heleroosa-1.jpg","type":"image\/jpeg"}],"twitter_card":"summary_large_image","twitter_misc":{"Ber\u00e4knad l\u00e4stid":"1 minut"},"schema":{"@context":"https:\/\/schema.org","@graph":[{"@type":["WebPage","ItemPage"],"@id":"https:\/\/aztex.ee\/sv\/pood\/bambu-orngott\/bambu-orngott-ljusrosa\/","url":"https:\/\/aztex.ee\/sv\/pood\/bambu-orngott\/bambu-orngott-ljusrosa\/","name":"Kvalitets \u00f6rngott i bambu - Ljusrosa | AZTEX","isPartOf":{"@id":"https:\/\/aztex.ee\/sv\/#website"},"primaryImageOfPage":{"@id":"https:\/\/aztex.ee\/sv\/pood\/bambu-orngott\/bambu-orngott-ljusrosa\/#primaryimage"},"image":{"@id":"https:\/\/aztex.ee\/sv\/pood\/bambu-orngott\/bambu-orngott-ljusrosa\/#primaryimage"},"thumbnailUrl":"https:\/\/aztex.ee\/wp-content\/uploads\/2025\/11\/Bambusest-padjapuur-Heleroosa-1.jpg","datePublished":"2025-11-04T11:52:33+00:00","dateModified":"2026-03-29T18:06:31+00:00","description":"Det mjuka \u00f6rngott i bambu reglerar temperatur och luftfuktighet, vilket ger en behaglig, h\u00e4lsosam och uppfriskande s\u00f6mn i alla sovrum.","breadcrumb":{"@id":"https:\/\/aztex.ee\/sv\/pood\/bambu-orngott\/bambu-orngott-ljusrosa\/#breadcrumb"},"inLanguage":"sv-SE","potentialAction":[{"@type":"ReadAction","target":["https:\/\/aztex.ee\/sv\/pood\/bambu-orngott\/bambu-orngott-ljusrosa\/"]}]},{"@type":"ImageObject","inLanguage":"sv-SE","@id":"https:\/\/aztex.ee\/sv\/pood\/bambu-orngott\/bambu-orngott-ljusrosa\/#primaryimage","url":"https:\/\/aztex.ee\/wp-content\/uploads\/2025\/11\/Bambusest-padjapuur-Heleroosa-1.jpg","contentUrl":"https:\/\/aztex.ee\/wp-content\/uploads\/2025\/11\/Bambusest-padjapuur-Heleroosa-1.jpg","width":800,"height":800,"caption":"Bambusest padjap\u00fc\u00fcr Heleroosa"},{"@type":"BreadcrumbList","@id":"https:\/\/aztex.ee\/sv\/pood\/bambu-orngott\/bambu-orngott-ljusrosa\/#breadcrumb","itemListElement":[{"@type":"ListItem","position":1,"name":"Hem","item":"https:\/\/aztex.ee\/sv\/"},{"@type":"ListItem","position":2,"name":"Butik","item":"https:\/\/aztex.ee\/sv\/butik\/"},{"@type":"ListItem","position":3,"name":"Bambu \u00f6rngott \u2013 Ljusrosa"}]},{"@type":"WebSite","@id":"https:\/\/aztex.ee\/sv\/#website","url":"https:\/\/aztex.ee\/sv\/","name":"AZTEX","description":"","publisher":{"@id":"https:\/\/aztex.ee\/sv\/#organization"},"potentialAction":[{"@type":"SearchAction","target":{"@type":"EntryPoint","urlTemplate":"https:\/\/aztex.ee\/sv\/?s={search_term_string}"},"query-input":{"@type":"PropertyValueSpecification","valueRequired":true,"valueName":"search_term_string"}}],"inLanguage":"sv-SE"},{"@type":"Organization","@id":"https:\/\/aztex.ee\/sv\/#organization","name":"AZTEX","url":"https:\/\/aztex.ee\/sv\/","logo":{"@type":"ImageObject","inLanguage":"sv-SE","@id":"https:\/\/aztex.ee\/sv\/#\/schema\/logo\/image\/","url":"https:\/\/aztex.ee\/wp-content\/uploads\/2026\/01\/AZTEX.png","contentUrl":"https:\/\/aztex.ee\/wp-content\/uploads\/2026\/01\/AZTEX.png","width":500,"height":500,"caption":"AZTEX"},"image":{"@id":"https:\/\/aztex.ee\/sv\/#\/schema\/logo\/image\/"},"sameAs":["https:\/\/www.facebook.com\/AztexEE","https:\/\/www.instagram.com\/aztexeesti\/","https:\/\/www.youtube.com\/@AZTEXEE","https:\/\/www.pinterest.com\/aztex_eesti\/","https:\/\/www.tiktok.com\/@aztexeesti","https:\/\/www.trustpilot.com\/review\/aztex.ee","https:\/\/www.linkedin.com\/company\/aztex-ee\/","https:\/\/www.wikidata.org\/wiki\/Q137560182"]}]}},"_links":{"self":[{"href":"https:\/\/aztex.ee\/sv\/wp-json\/wp\/v2\/product\/96194","targetHints":{"allow":["GET"]}}],"collection":[{"href":"https:\/\/aztex.ee\/sv\/wp-json\/wp\/v2\/product"}],"about":[{"href":"https:\/\/aztex.ee\/sv\/wp-json\/wp\/v2\/types\/product"}],"replies":[{"embeddable":true,"href":"https:\/\/aztex.ee\/sv\/wp-json\/wp\/v2\/comments?post=96194"}],"version-history":[{"count":3,"href":"https:\/\/aztex.ee\/sv\/wp-json\/wp\/v2\/product\/96194\/revisions"}],"predecessor-version":[{"id":96355,"href":"https:\/\/aztex.ee\/sv\/wp-json\/wp\/v2\/product\/96194\/revisions\/96355"}],"wp:featuredmedia":[{"embeddable":true,"href":"https:\/\/aztex.ee\/sv\/wp-json\/wp\/v2\/media\/96327"}],"wp:attachment":[{"href":"https:\/\/aztex.ee\/sv\/wp-json\/wp\/v2\/media?parent=96194"}],"wp:term":[{"taxonomy":"product_brand","embeddable":true,"href":"https:\/\/aztex.ee\/sv\/wp-json\/wp\/v2\/product_brand?post=96194"},{"taxonomy":"product_cat","embeddable":true,"href":"https:\/\/aztex.ee\/sv\/wp-json\/wp\/v2\/product_cat?post=96194"},{"taxonomy":"product_tag","embeddable":true,"href":"https:\/\/aztex.ee\/sv\/wp-json\/wp\/v2\/product_tag?post=96194"}],"curies":[{"name":"wp","href":"https:\/\/api.w.org\/{rel}","templated":true}]}}