{"id":95344,"date":"2025-10-07T06:07:07","date_gmt":"2025-10-07T06:07:07","guid":{"rendered":"https:\/\/aztex.ee\/?post_type=product&#038;p=95344"},"modified":"2026-04-12T12:51:09","modified_gmt":"2026-04-12T12:51:09","slug":"bomullssatin-sangklader-set-parltradgarden","status":"publish","type":"product","link":"https:\/\/aztex.ee\/sv\/pood\/sangklader\/bomullssatin-sangklader-set-parltradgarden\/","title":{"rendered":"Bomullssatin S\u00e4ngkl\u00e4der Set | P\u00e4rltr\u00e4dg\u00e5rden"},"content":{"rendered":"<p>B\u00e4ddset i bomullsatin ger mjukhet och komfort till ditt sovrum. Den kombinerar bomullens naturlighet med satinens mjukhet, och erbjuder ett andningsbart och hudv\u00e4nligt material som \u00e4r idealiskt f\u00f6r dagligt bruk. Tyget \u00e4r slitstarkt och l\u00e4ttsk\u00f6tt och beh\u00e5ller sin mjukhet \u00e4ven efter flera tv\u00e4ttar. S\u00e4ngkl\u00e4der i bomullssatin \u00e4r ett utm\u00e4rkt val om du v\u00e4rdes\u00e4tter kvalitetss\u00f6mn och en behaglig touch p\u00e5 natten.<\/p>\n","protected":false},"excerpt":{"rendered":"<p>B\u00e4ddset i bomullssatin s\u00e4kerst\u00e4ller komfort och kvalitetss\u00f6mn.<\/p>\n<ul>\n<li>Material: 100% bomull<\/li>\n<li>Tyg: Satin<\/li>\n<li>Tr\u00e5dt\u00e4thet: 300 TC<\/li>\n<li>P\u00e5slakan: 200\u00d7220 cm<\/li>\n<li>\u00d6rngott: 50\u00d775 cm (2 st)<\/li>\n<li>Lakan: Ing\u00e5r ej<\/li>\n<li>Komfort: Andas och mjuk konsistens<\/li>\n<\/ul>\n<p><img loading=\"lazy\" decoding=\"async\" class=\"alignnone size-full wp-image-25965\" src=\"https:\/\/aztex.ee\/wp-content\/uploads\/2024\/09\/cotton87.png\" alt=\"\" width=\"188\" height=\"71\" srcset=\"https:\/\/aztex.ee\/wp-content\/uploads\/2024\/09\/cotton87.png 188w, https:\/\/aztex.ee\/wp-content\/uploads\/2024\/09\/cotton87-150x57.png 150w\" sizes=\"auto, (max-width: 188px) 100vw, 188px\" \/><\/p>\n","protected":false},"featured_media":95366,"comment_status":"open","ping_status":"closed","template":"","meta":[],"product_brand":[],"product_cat":[113,173,308,507,608,391],"product_tag":[],"class_list":{"0":"post-95344","1":"product","2":"type-product","3":"status-publish","4":"has-post-thumbnail","6":"product_cat-sangklader","7":"product_cat-sangklader-i-bomull","8":"product_cat-sangklader-i-bomull-200-220","9":"product_cat-sangklader-set","10":"product_cat-satin-paslakanset","11":"product_cat-satin-sangklader","13":"first","14":"instock","15":"shipping-taxable","16":"purchasable","17":"product-type-simple"},"yoast_head":"<!-- This site is optimized with the Yoast SEO plugin v27.3 - https:\/\/yoast.com\/product\/yoast-seo-wordpress\/ -->\n<title>200x220 P\u00e5slakanset i bomullssatin - P\u00e4rltr\u00e4dg\u00e5rden | AZTEX<\/title>\n<meta name=\"description\" content=\"P\u00e5slakanset 200x220 - lyxigt s\u00e4ngkl\u00e4der i bomullssatin. Tillverkat av 100% h\u00f6gkvalitativ bomullssatin f\u00f6r att garantera en bekv\u00e4m s\u00f6mn och ett elegant sovrum.\" \/>\n<meta name=\"robots\" content=\"index, follow, max-snippet:-1, max-image-preview:large, max-video-preview:-1\" \/>\n<link rel=\"canonical\" href=\"https:\/\/aztex.ee\/sv\/pood\/sangklader\/bomullssatin-sangklader-set-parltradgarden\/\" \/>\n<meta property=\"og:locale\" content=\"sv_SE\" \/>\n<meta property=\"og:type\" content=\"article\" \/>\n<meta property=\"og:title\" content=\"200x220 P\u00e5slakanset i bomullssatin - P\u00e4rltr\u00e4dg\u00e5rden | AZTEX\" \/>\n<meta property=\"og:description\" content=\"P\u00e5slakanset 200x220 - lyxigt s\u00e4ngkl\u00e4der i bomullssatin. Tillverkat av 100% h\u00f6gkvalitativ bomullssatin f\u00f6r att garantera en bekv\u00e4m s\u00f6mn och ett elegant sovrum.\" \/>\n<meta property=\"og:url\" content=\"https:\/\/aztex.ee\/sv\/pood\/sangklader\/bomullssatin-sangklader-set-parltradgarden\/\" \/>\n<meta property=\"og:site_name\" content=\"AZTEX\" \/>\n<meta property=\"article:publisher\" content=\"https:\/\/www.facebook.com\/AztexEE\" \/>\n<meta property=\"article:modified_time\" content=\"2026-04-12T12:51:09+00:00\" \/>\n<meta property=\"og:image\" content=\"https:\/\/aztex.ee\/wp-content\/uploads\/2025\/10\/Voodipesukomplekt-200x220-Parliaed.jpg\" \/>\n\t<meta property=\"og:image:width\" content=\"800\" \/>\n\t<meta property=\"og:image:height\" content=\"800\" \/>\n\t<meta property=\"og:image:type\" content=\"image\/jpeg\" \/>\n<meta name=\"twitter:card\" content=\"summary_large_image\" \/>\n<meta name=\"twitter:label1\" content=\"Ber\u00e4knad l\u00e4stid\" \/>\n\t<meta name=\"twitter:data1\" content=\"1 minut\" \/>\n<script type=\"application\/ld+json\" class=\"yoast-schema-graph\">{\"@context\":\"https:\\\/\\\/schema.org\",\"@graph\":[{\"@type\":[\"WebPage\",\"ItemPage\"],\"@id\":\"https:\\\/\\\/aztex.ee\\\/sv\\\/pood\\\/sangklader\\\/bomullssatin-sangklader-set-parltradgarden\\\/\",\"url\":\"https:\\\/\\\/aztex.ee\\\/sv\\\/pood\\\/sangklader\\\/bomullssatin-sangklader-set-parltradgarden\\\/\",\"name\":\"200x220 P\u00e5slakanset i bomullssatin - P\u00e4rltr\u00e4dg\u00e5rden | AZTEX\",\"isPartOf\":{\"@id\":\"https:\\\/\\\/aztex.ee\\\/sv\\\/#website\"},\"primaryImageOfPage\":{\"@id\":\"https:\\\/\\\/aztex.ee\\\/sv\\\/pood\\\/sangklader\\\/bomullssatin-sangklader-set-parltradgarden\\\/#primaryimage\"},\"image\":{\"@id\":\"https:\\\/\\\/aztex.ee\\\/sv\\\/pood\\\/sangklader\\\/bomullssatin-sangklader-set-parltradgarden\\\/#primaryimage\"},\"thumbnailUrl\":\"https:\\\/\\\/aztex.ee\\\/wp-content\\\/uploads\\\/2025\\\/10\\\/Voodipesukomplekt-200x220-Parliaed.jpg\",\"datePublished\":\"2025-10-07T06:07:07+00:00\",\"dateModified\":\"2026-04-12T12:51:09+00:00\",\"description\":\"P\u00e5slakanset 200x220 - lyxigt s\u00e4ngkl\u00e4der i bomullssatin. Tillverkat av 100% h\u00f6gkvalitativ bomullssatin f\u00f6r att garantera en bekv\u00e4m s\u00f6mn och ett elegant sovrum.\",\"breadcrumb\":{\"@id\":\"https:\\\/\\\/aztex.ee\\\/sv\\\/pood\\\/sangklader\\\/bomullssatin-sangklader-set-parltradgarden\\\/#breadcrumb\"},\"inLanguage\":\"sv-SE\",\"potentialAction\":[{\"@type\":\"ReadAction\",\"target\":[\"https:\\\/\\\/aztex.ee\\\/sv\\\/pood\\\/sangklader\\\/bomullssatin-sangklader-set-parltradgarden\\\/\"]}]},{\"@type\":\"ImageObject\",\"inLanguage\":\"sv-SE\",\"@id\":\"https:\\\/\\\/aztex.ee\\\/sv\\\/pood\\\/sangklader\\\/bomullssatin-sangklader-set-parltradgarden\\\/#primaryimage\",\"url\":\"https:\\\/\\\/aztex.ee\\\/wp-content\\\/uploads\\\/2025\\\/10\\\/Voodipesukomplekt-200x220-Parliaed.jpg\",\"contentUrl\":\"https:\\\/\\\/aztex.ee\\\/wp-content\\\/uploads\\\/2025\\\/10\\\/Voodipesukomplekt-200x220-Parliaed.jpg\",\"width\":800,\"height\":800,\"caption\":\"Voodipesukomplekt 200x220 P\u00e4rliaed\"},{\"@type\":\"BreadcrumbList\",\"@id\":\"https:\\\/\\\/aztex.ee\\\/sv\\\/pood\\\/sangklader\\\/bomullssatin-sangklader-set-parltradgarden\\\/#breadcrumb\",\"itemListElement\":[{\"@type\":\"ListItem\",\"position\":1,\"name\":\"Hem\",\"item\":\"https:\\\/\\\/aztex.ee\\\/sv\\\/\"},{\"@type\":\"ListItem\",\"position\":2,\"name\":\"Butik\",\"item\":\"https:\\\/\\\/aztex.ee\\\/sv\\\/butik\\\/\"},{\"@type\":\"ListItem\",\"position\":3,\"name\":\"Bomullssatin S\u00e4ngkl\u00e4der Set | P\u00e4rltr\u00e4dg\u00e5rden\"}]},{\"@type\":\"WebSite\",\"@id\":\"https:\\\/\\\/aztex.ee\\\/sv\\\/#website\",\"url\":\"https:\\\/\\\/aztex.ee\\\/sv\\\/\",\"name\":\"AZTEX\",\"description\":\"\",\"publisher\":{\"@id\":\"https:\\\/\\\/aztex.ee\\\/sv\\\/#organization\"},\"potentialAction\":[{\"@type\":\"SearchAction\",\"target\":{\"@type\":\"EntryPoint\",\"urlTemplate\":\"https:\\\/\\\/aztex.ee\\\/sv\\\/?s={search_term_string}\"},\"query-input\":{\"@type\":\"PropertyValueSpecification\",\"valueRequired\":true,\"valueName\":\"search_term_string\"}}],\"inLanguage\":\"sv-SE\"},{\"@type\":\"Organization\",\"@id\":\"https:\\\/\\\/aztex.ee\\\/sv\\\/#organization\",\"name\":\"AZTEX\",\"url\":\"https:\\\/\\\/aztex.ee\\\/sv\\\/\",\"logo\":{\"@type\":\"ImageObject\",\"inLanguage\":\"sv-SE\",\"@id\":\"https:\\\/\\\/aztex.ee\\\/sv\\\/#\\\/schema\\\/logo\\\/image\\\/\",\"url\":\"https:\\\/\\\/aztex.ee\\\/wp-content\\\/uploads\\\/2026\\\/01\\\/AZTEX.png\",\"contentUrl\":\"https:\\\/\\\/aztex.ee\\\/wp-content\\\/uploads\\\/2026\\\/01\\\/AZTEX.png\",\"width\":500,\"height\":500,\"caption\":\"AZTEX\"},\"image\":{\"@id\":\"https:\\\/\\\/aztex.ee\\\/sv\\\/#\\\/schema\\\/logo\\\/image\\\/\"},\"sameAs\":[\"https:\\\/\\\/www.facebook.com\\\/AztexEE\",\"https:\\\/\\\/www.instagram.com\\\/aztexeesti\\\/\",\"https:\\\/\\\/www.youtube.com\\\/@AZTEXEE\",\"https:\\\/\\\/www.pinterest.com\\\/aztex_eesti\\\/\",\"https:\\\/\\\/www.tiktok.com\\\/@aztexeesti\",\"https:\\\/\\\/www.trustpilot.com\\\/review\\\/aztex.ee\",\"https:\\\/\\\/www.linkedin.com\\\/company\\\/aztex-ee\\\/\",\"https:\\\/\\\/www.wikidata.org\\\/wiki\\\/Q137560182\"]}]}<\/script>\n<!-- \/ Yoast SEO plugin. -->","yoast_head_json":{"title":"200x220 P\u00e5slakanset i bomullssatin - P\u00e4rltr\u00e4dg\u00e5rden | AZTEX","description":"P\u00e5slakanset 200x220 - lyxigt s\u00e4ngkl\u00e4der i bomullssatin. Tillverkat av 100% h\u00f6gkvalitativ bomullssatin f\u00f6r att garantera en bekv\u00e4m s\u00f6mn och ett elegant sovrum.","robots":{"index":"index","follow":"follow","max-snippet":"max-snippet:-1","max-image-preview":"max-image-preview:large","max-video-preview":"max-video-preview:-1"},"canonical":"https:\/\/aztex.ee\/sv\/pood\/sangklader\/bomullssatin-sangklader-set-parltradgarden\/","og_locale":"sv_SE","og_type":"article","og_title":"200x220 P\u00e5slakanset i bomullssatin - P\u00e4rltr\u00e4dg\u00e5rden | AZTEX","og_description":"P\u00e5slakanset 200x220 - lyxigt s\u00e4ngkl\u00e4der i bomullssatin. Tillverkat av 100% h\u00f6gkvalitativ bomullssatin f\u00f6r att garantera en bekv\u00e4m s\u00f6mn och ett elegant sovrum.","og_url":"https:\/\/aztex.ee\/sv\/pood\/sangklader\/bomullssatin-sangklader-set-parltradgarden\/","og_site_name":"AZTEX","article_publisher":"https:\/\/www.facebook.com\/AztexEE","article_modified_time":"2026-04-12T12:51:09+00:00","og_image":[{"width":800,"height":800,"url":"https:\/\/aztex.ee\/wp-content\/uploads\/2025\/10\/Voodipesukomplekt-200x220-Parliaed.jpg","type":"image\/jpeg"}],"twitter_card":"summary_large_image","twitter_misc":{"Ber\u00e4knad l\u00e4stid":"1 minut"},"schema":{"@context":"https:\/\/schema.org","@graph":[{"@type":["WebPage","ItemPage"],"@id":"https:\/\/aztex.ee\/sv\/pood\/sangklader\/bomullssatin-sangklader-set-parltradgarden\/","url":"https:\/\/aztex.ee\/sv\/pood\/sangklader\/bomullssatin-sangklader-set-parltradgarden\/","name":"200x220 P\u00e5slakanset i bomullssatin - P\u00e4rltr\u00e4dg\u00e5rden | AZTEX","isPartOf":{"@id":"https:\/\/aztex.ee\/sv\/#website"},"primaryImageOfPage":{"@id":"https:\/\/aztex.ee\/sv\/pood\/sangklader\/bomullssatin-sangklader-set-parltradgarden\/#primaryimage"},"image":{"@id":"https:\/\/aztex.ee\/sv\/pood\/sangklader\/bomullssatin-sangklader-set-parltradgarden\/#primaryimage"},"thumbnailUrl":"https:\/\/aztex.ee\/wp-content\/uploads\/2025\/10\/Voodipesukomplekt-200x220-Parliaed.jpg","datePublished":"2025-10-07T06:07:07+00:00","dateModified":"2026-04-12T12:51:09+00:00","description":"P\u00e5slakanset 200x220 - lyxigt s\u00e4ngkl\u00e4der i bomullssatin. Tillverkat av 100% h\u00f6gkvalitativ bomullssatin f\u00f6r att garantera en bekv\u00e4m s\u00f6mn och ett elegant sovrum.","breadcrumb":{"@id":"https:\/\/aztex.ee\/sv\/pood\/sangklader\/bomullssatin-sangklader-set-parltradgarden\/#breadcrumb"},"inLanguage":"sv-SE","potentialAction":[{"@type":"ReadAction","target":["https:\/\/aztex.ee\/sv\/pood\/sangklader\/bomullssatin-sangklader-set-parltradgarden\/"]}]},{"@type":"ImageObject","inLanguage":"sv-SE","@id":"https:\/\/aztex.ee\/sv\/pood\/sangklader\/bomullssatin-sangklader-set-parltradgarden\/#primaryimage","url":"https:\/\/aztex.ee\/wp-content\/uploads\/2025\/10\/Voodipesukomplekt-200x220-Parliaed.jpg","contentUrl":"https:\/\/aztex.ee\/wp-content\/uploads\/2025\/10\/Voodipesukomplekt-200x220-Parliaed.jpg","width":800,"height":800,"caption":"Voodipesukomplekt 200x220 P\u00e4rliaed"},{"@type":"BreadcrumbList","@id":"https:\/\/aztex.ee\/sv\/pood\/sangklader\/bomullssatin-sangklader-set-parltradgarden\/#breadcrumb","itemListElement":[{"@type":"ListItem","position":1,"name":"Hem","item":"https:\/\/aztex.ee\/sv\/"},{"@type":"ListItem","position":2,"name":"Butik","item":"https:\/\/aztex.ee\/sv\/butik\/"},{"@type":"ListItem","position":3,"name":"Bomullssatin S\u00e4ngkl\u00e4der Set | P\u00e4rltr\u00e4dg\u00e5rden"}]},{"@type":"WebSite","@id":"https:\/\/aztex.ee\/sv\/#website","url":"https:\/\/aztex.ee\/sv\/","name":"AZTEX","description":"","publisher":{"@id":"https:\/\/aztex.ee\/sv\/#organization"},"potentialAction":[{"@type":"SearchAction","target":{"@type":"EntryPoint","urlTemplate":"https:\/\/aztex.ee\/sv\/?s={search_term_string}"},"query-input":{"@type":"PropertyValueSpecification","valueRequired":true,"valueName":"search_term_string"}}],"inLanguage":"sv-SE"},{"@type":"Organization","@id":"https:\/\/aztex.ee\/sv\/#organization","name":"AZTEX","url":"https:\/\/aztex.ee\/sv\/","logo":{"@type":"ImageObject","inLanguage":"sv-SE","@id":"https:\/\/aztex.ee\/sv\/#\/schema\/logo\/image\/","url":"https:\/\/aztex.ee\/wp-content\/uploads\/2026\/01\/AZTEX.png","contentUrl":"https:\/\/aztex.ee\/wp-content\/uploads\/2026\/01\/AZTEX.png","width":500,"height":500,"caption":"AZTEX"},"image":{"@id":"https:\/\/aztex.ee\/sv\/#\/schema\/logo\/image\/"},"sameAs":["https:\/\/www.facebook.com\/AztexEE","https:\/\/www.instagram.com\/aztexeesti\/","https:\/\/www.youtube.com\/@AZTEXEE","https:\/\/www.pinterest.com\/aztex_eesti\/","https:\/\/www.tiktok.com\/@aztexeesti","https:\/\/www.trustpilot.com\/review\/aztex.ee","https:\/\/www.linkedin.com\/company\/aztex-ee\/","https:\/\/www.wikidata.org\/wiki\/Q137560182"]}]}},"_links":{"self":[{"href":"https:\/\/aztex.ee\/sv\/wp-json\/wp\/v2\/product\/95344","targetHints":{"allow":["GET"]}}],"collection":[{"href":"https:\/\/aztex.ee\/sv\/wp-json\/wp\/v2\/product"}],"about":[{"href":"https:\/\/aztex.ee\/sv\/wp-json\/wp\/v2\/types\/product"}],"replies":[{"embeddable":true,"href":"https:\/\/aztex.ee\/sv\/wp-json\/wp\/v2\/comments?post=95344"}],"version-history":[{"count":3,"href":"https:\/\/aztex.ee\/sv\/wp-json\/wp\/v2\/product\/95344\/revisions"}],"predecessor-version":[{"id":95465,"href":"https:\/\/aztex.ee\/sv\/wp-json\/wp\/v2\/product\/95344\/revisions\/95465"}],"wp:featuredmedia":[{"embeddable":true,"href":"https:\/\/aztex.ee\/sv\/wp-json\/wp\/v2\/media\/95366"}],"wp:attachment":[{"href":"https:\/\/aztex.ee\/sv\/wp-json\/wp\/v2\/media?parent=95344"}],"wp:term":[{"taxonomy":"product_brand","embeddable":true,"href":"https:\/\/aztex.ee\/sv\/wp-json\/wp\/v2\/product_brand?post=95344"},{"taxonomy":"product_cat","embeddable":true,"href":"https:\/\/aztex.ee\/sv\/wp-json\/wp\/v2\/product_cat?post=95344"},{"taxonomy":"product_tag","embeddable":true,"href":"https:\/\/aztex.ee\/sv\/wp-json\/wp\/v2\/product_tag?post=95344"}],"curies":[{"name":"wp","href":"https:\/\/api.w.org\/{rel}","templated":true}]}}