{"id":94498,"date":"2025-09-15T09:06:50","date_gmt":"2025-09-15T09:06:50","guid":{"rendered":"https:\/\/aztex.ee\/?post_type=product&#038;p=94498"},"modified":"2026-04-08T10:43:53","modified_gmt":"2026-04-08T10:43:53","slug":"andfjaderkudde","status":"publish","type":"product","link":"https:\/\/aztex.ee\/sv\/pood\/kuddar\/andfjaderkudde\/","title":{"rendered":"Andfj\u00e4derkudde"},"content":{"rendered":"<p><strong>Mjuk och lyxig k\u00e4nsla<\/strong><\/p>\n<p>Andfj\u00e4derkudde \u00e4r exceptionellt mjuk och mild och st\u00f6djer naturligt huvud och nacke. Fyllningen beh\u00e5ller sin form och elasticitet, vilket s\u00e4kerst\u00e4ller komfort och stabilitet hela tiden. Tack vare de h\u00f6gkvalitativa materialen \u00e4r denna andfj\u00e4derkudde l\u00e4mplig f\u00f6r alla sovrum och ger en p\u00e5litlig och bekv\u00e4m l\u00f6sning f\u00f6r vardagsbruk.<\/p>\n<p><strong>Andningsbar och bekv\u00e4m<\/strong><\/p>\n<p>Den ekologiska andfj\u00e4derkudde l\u00e5ter luften cirkulera fritt, vilket h\u00e5ller kudden fr\u00e4sch och torr. Tack vare sin andningsf\u00f6rm\u00e5ga \u00f6verhettas den inte eller samlar fukt, vilket bibeh\u00e5ller komforten b\u00e5de p\u00e5 natten och under dagen. Denna egenskap g\u00f6r kudden l\u00e4mplig f\u00f6r dem som v\u00e4rdes\u00e4tter god luftcirkulation och behagligt st\u00f6d.<\/p>\n<p><strong>Slitstark och formbevarande<\/strong><\/p>\n<p>De h\u00f6gkvalitativa naturmaterialen s\u00e4kerst\u00e4ller att denna andfj\u00e4derkudde beh\u00e5ller sin form och elasticitet \u00e4ven efter \u00e5ratal. \u00c4ven vid frekvent anv\u00e4ndning kollapsar inte kudden eller f\u00f6rlorar den sin komfort, vilket ger ett stabilt och p\u00e5litligt st\u00f6d p\u00e5 l\u00e5ng sikt. Detta g\u00f6r kudden till en l\u00e5ngsiktig och praktisk investering, l\u00e4mplig f\u00f6r vardagsbruk.<\/p>\n<p><strong>Ekologisk och n\u00e4ra naturen<\/strong><\/p>\n<p>Kudden \u00e4r tillverkad av ekologiskt framst\u00e4llda ankfj\u00e4drar, som \u00e4r naturliga och milj\u00f6v\u00e4nliga. Det \u00e4r ett h\u00e4lsosamt och h\u00e5llbart val som \u00e4r skonsamt mot b\u00e5de m\u00e4nniskor och milj\u00f6. Den ekologiska kudden garanterar kvalitet och komfort och uppr\u00e4tth\u00e5ller en balans mellan praktiskhet och milj\u00f6v\u00e4nlighet.<\/p>\n<p><strong>Prisv\u00e4rt och h\u00f6gkvalitativt val<\/strong><\/p>\n<p>Denna prisv\u00e4rda kudd kombinerar ett \u00f6verkomligt pris och h\u00f6g kvalitet. Den prisv\u00e4rda kudden av ankfj\u00e4der garanterar komfort, h\u00e5llbarhet och ekologiska egenskaper utan kompromisser. Det \u00e4r ett praktiskt och rimligt val f\u00f6r varje hem och erbjuder en balans mellan pris och kvalitet som g\u00f6r k\u00f6pet tillfredsst\u00e4llande och f\u00f6rdelaktigt i l\u00e4ngden.<\/p>\n","protected":false},"excerpt":{"rendered":"<p>Denna kudde tillverkad av naturliga ankfj\u00e4drar, som \u00e4r b\u00e5de mjuk, andningsbar och slitstark, garanterar maximal komfort.<\/p>\n<ul>\n<li>Fyllning: 90% ankfj\u00e4der \/ 10% ankdun<\/li>\n<li>T\u00e4cktyg: 100% Egyptisk bomull<\/li>\n<li>Maskintv\u00e4ttbar: Ja<\/li>\n<li>Kuddh\u00f6jd: Medium<\/li>\n<\/ul>\n<p><img loading=\"lazy\" decoding=\"async\" class=\"alignnone wp-image-94116\" src=\"https:\/\/aztex.ee\/wp-content\/uploads\/2025\/09\/globalrecyled-400x201.png\" alt=\"\" width=\"111\" height=\"56\" srcset=\"https:\/\/aztex.ee\/wp-content\/uploads\/2025\/09\/globalrecyled-400x201.png 400w, https:\/\/aztex.ee\/wp-content\/uploads\/2025\/09\/globalrecyled-430x216.png 430w, https:\/\/aztex.ee\/wp-content\/uploads\/2025\/09\/globalrecyled-150x75.png 150w, https:\/\/aztex.ee\/wp-content\/uploads\/2025\/09\/globalrecyled.png 600w\" sizes=\"auto, (max-width: 111px) 100vw, 111px\" \/><img loading=\"lazy\" decoding=\"async\" class=\"alignnone wp-image-94119\" src=\"https:\/\/aztex.ee\/wp-content\/uploads\/2025\/09\/oeko100ser.png\" alt=\"\" width=\"53\" height=\"50\" srcset=\"https:\/\/aztex.ee\/wp-content\/uploads\/2025\/09\/oeko100ser.png 200w, https:\/\/aztex.ee\/wp-content\/uploads\/2025\/09\/oeko100ser-150x142.png 150w\" sizes=\"auto, (max-width: 53px) 100vw, 53px\" \/><img loading=\"lazy\" decoding=\"async\" class=\"alignnone wp-image-94114\" src=\"https:\/\/aztex.ee\/wp-content\/uploads\/2025\/09\/RDS.png\" alt=\"\" width=\"55\" height=\"55\" srcset=\"https:\/\/aztex.ee\/wp-content\/uploads\/2025\/09\/RDS.png 200w, https:\/\/aztex.ee\/wp-content\/uploads\/2025\/09\/RDS-150x150.png 150w\" sizes=\"auto, (max-width: 55px) 100vw, 55px\" \/><img loading=\"lazy\" decoding=\"async\" class=\"alignnone wp-image-94115\" src=\"https:\/\/aztex.ee\/wp-content\/uploads\/2025\/09\/BSCI.png\" alt=\"\" width=\"55\" height=\"55\" srcset=\"https:\/\/aztex.ee\/wp-content\/uploads\/2025\/09\/BSCI.png 200w, https:\/\/aztex.ee\/wp-content\/uploads\/2025\/09\/BSCI-150x150.png 150w\" sizes=\"auto, (max-width: 55px) 100vw, 55px\" \/><img loading=\"lazy\" decoding=\"async\" class=\"alignnone wp-image-94112\" src=\"https:\/\/aztex.ee\/wp-content\/uploads\/2025\/09\/logo_downpass_en.png\" alt=\"\" width=\"49\" height=\"53\" srcset=\"https:\/\/aztex.ee\/wp-content\/uploads\/2025\/09\/logo_downpass_en.png 240w, https:\/\/aztex.ee\/wp-content\/uploads\/2025\/09\/logo_downpass_en-150x163.png 150w\" sizes=\"auto, (max-width: 49px) 100vw, 49px\" \/><\/p>\n","protected":false},"featured_media":94571,"comment_status":"open","ping_status":"closed","template":"","meta":[],"product_brand":[],"product_cat":[6158,6111],"product_tag":[],"class_list":{"0":"post-94498","1":"product","2":"type-product","3":"status-publish","4":"has-post-thumbnail","6":"product_cat-dunkuddar-fjaderkuddar","7":"product_cat-kuddar","9":"first","10":"instock","11":"shipping-taxable","12":"purchasable","13":"product-type-variable"},"yoast_head":"<!-- This site is optimized with the Yoast SEO plugin v27.3 - https:\/\/yoast.com\/product\/yoast-seo-wordpress\/ -->\n<title>Andfj\u00e4derkudde | AZTEX<\/title>\n<meta name=\"description\" content=\"Mjuk, andningsbar och slitstark, andfj\u00e4derkudde garanterar en fridfull och bekv\u00e4m s\u00f6mn varje natt. Det ekologiska och naturliga materialet \u00e4r mjukt, beh\u00e5ller sin form och \u00e4r slitstarkt.\" \/>\n<meta name=\"robots\" content=\"index, follow, max-snippet:-1, max-image-preview:large, max-video-preview:-1\" \/>\n<link rel=\"canonical\" href=\"https:\/\/aztex.ee\/sv\/pood\/kuddar\/andfjaderkudde\/\" \/>\n<meta property=\"og:locale\" content=\"sv_SE\" \/>\n<meta property=\"og:type\" content=\"article\" \/>\n<meta property=\"og:title\" content=\"Andfj\u00e4derkudde | AZTEX\" \/>\n<meta property=\"og:description\" content=\"Mjuk, andningsbar och slitstark, andfj\u00e4derkudde garanterar en fridfull och bekv\u00e4m s\u00f6mn varje natt. Det ekologiska och naturliga materialet \u00e4r mjukt, beh\u00e5ller sin form och \u00e4r slitstarkt.\" \/>\n<meta property=\"og:url\" content=\"https:\/\/aztex.ee\/sv\/pood\/kuddar\/andfjaderkudde\/\" \/>\n<meta property=\"og:site_name\" content=\"AZTEX\" \/>\n<meta property=\"article:publisher\" content=\"https:\/\/www.facebook.com\/AztexEE\" \/>\n<meta property=\"article:modified_time\" content=\"2026-04-08T10:43:53+00:00\" \/>\n<meta property=\"og:image\" content=\"https:\/\/aztex.ee\/wp-content\/uploads\/2025\/09\/Pardisulgedest-padi.jpg\" \/>\n\t<meta property=\"og:image:width\" content=\"800\" \/>\n\t<meta property=\"og:image:height\" content=\"800\" \/>\n\t<meta property=\"og:image:type\" content=\"image\/jpeg\" \/>\n<meta name=\"twitter:card\" content=\"summary_large_image\" \/>\n<meta name=\"twitter:label1\" content=\"Ber\u00e4knad l\u00e4stid\" \/>\n\t<meta name=\"twitter:data1\" content=\"2 minuter\" \/>\n<script type=\"application\/ld+json\" class=\"yoast-schema-graph\">{\"@context\":\"https:\\\/\\\/schema.org\",\"@graph\":[{\"@type\":[\"WebPage\",\"ItemPage\"],\"@id\":\"https:\\\/\\\/aztex.ee\\\/sv\\\/pood\\\/kuddar\\\/andfjaderkudde\\\/\",\"url\":\"https:\\\/\\\/aztex.ee\\\/sv\\\/pood\\\/kuddar\\\/andfjaderkudde\\\/\",\"name\":\"Andfj\u00e4derkudde | AZTEX\",\"isPartOf\":{\"@id\":\"https:\\\/\\\/aztex.ee\\\/sv\\\/#website\"},\"primaryImageOfPage\":{\"@id\":\"https:\\\/\\\/aztex.ee\\\/sv\\\/pood\\\/kuddar\\\/andfjaderkudde\\\/#primaryimage\"},\"image\":{\"@id\":\"https:\\\/\\\/aztex.ee\\\/sv\\\/pood\\\/kuddar\\\/andfjaderkudde\\\/#primaryimage\"},\"thumbnailUrl\":\"https:\\\/\\\/aztex.ee\\\/wp-content\\\/uploads\\\/2025\\\/09\\\/Pardisulgedest-padi.jpg\",\"datePublished\":\"2025-09-15T09:06:50+00:00\",\"dateModified\":\"2026-04-08T10:43:53+00:00\",\"description\":\"Mjuk, andningsbar och slitstark, andfj\u00e4derkudde garanterar en fridfull och bekv\u00e4m s\u00f6mn varje natt. Det ekologiska och naturliga materialet \u00e4r mjukt, beh\u00e5ller sin form och \u00e4r slitstarkt.\",\"breadcrumb\":{\"@id\":\"https:\\\/\\\/aztex.ee\\\/sv\\\/pood\\\/kuddar\\\/andfjaderkudde\\\/#breadcrumb\"},\"inLanguage\":\"sv-SE\",\"potentialAction\":[{\"@type\":\"ReadAction\",\"target\":[\"https:\\\/\\\/aztex.ee\\\/sv\\\/pood\\\/kuddar\\\/andfjaderkudde\\\/\"]}]},{\"@type\":\"ImageObject\",\"inLanguage\":\"sv-SE\",\"@id\":\"https:\\\/\\\/aztex.ee\\\/sv\\\/pood\\\/kuddar\\\/andfjaderkudde\\\/#primaryimage\",\"url\":\"https:\\\/\\\/aztex.ee\\\/wp-content\\\/uploads\\\/2025\\\/09\\\/Pardisulgedest-padi.jpg\",\"contentUrl\":\"https:\\\/\\\/aztex.ee\\\/wp-content\\\/uploads\\\/2025\\\/09\\\/Pardisulgedest-padi.jpg\",\"width\":800,\"height\":800,\"caption\":\"Pardisulgedest padi\"},{\"@type\":\"BreadcrumbList\",\"@id\":\"https:\\\/\\\/aztex.ee\\\/sv\\\/pood\\\/kuddar\\\/andfjaderkudde\\\/#breadcrumb\",\"itemListElement\":[{\"@type\":\"ListItem\",\"position\":1,\"name\":\"Hem\",\"item\":\"https:\\\/\\\/aztex.ee\\\/sv\\\/\"},{\"@type\":\"ListItem\",\"position\":2,\"name\":\"Butik\",\"item\":\"https:\\\/\\\/aztex.ee\\\/sv\\\/butik\\\/\"},{\"@type\":\"ListItem\",\"position\":3,\"name\":\"Andfj\u00e4derkudde\"}]},{\"@type\":\"WebSite\",\"@id\":\"https:\\\/\\\/aztex.ee\\\/sv\\\/#website\",\"url\":\"https:\\\/\\\/aztex.ee\\\/sv\\\/\",\"name\":\"AZTEX\",\"description\":\"\",\"publisher\":{\"@id\":\"https:\\\/\\\/aztex.ee\\\/sv\\\/#organization\"},\"potentialAction\":[{\"@type\":\"SearchAction\",\"target\":{\"@type\":\"EntryPoint\",\"urlTemplate\":\"https:\\\/\\\/aztex.ee\\\/sv\\\/?s={search_term_string}\"},\"query-input\":{\"@type\":\"PropertyValueSpecification\",\"valueRequired\":true,\"valueName\":\"search_term_string\"}}],\"inLanguage\":\"sv-SE\"},{\"@type\":\"Organization\",\"@id\":\"https:\\\/\\\/aztex.ee\\\/sv\\\/#organization\",\"name\":\"AZTEX\",\"url\":\"https:\\\/\\\/aztex.ee\\\/sv\\\/\",\"logo\":{\"@type\":\"ImageObject\",\"inLanguage\":\"sv-SE\",\"@id\":\"https:\\\/\\\/aztex.ee\\\/sv\\\/#\\\/schema\\\/logo\\\/image\\\/\",\"url\":\"https:\\\/\\\/aztex.ee\\\/wp-content\\\/uploads\\\/2026\\\/01\\\/AZTEX.png\",\"contentUrl\":\"https:\\\/\\\/aztex.ee\\\/wp-content\\\/uploads\\\/2026\\\/01\\\/AZTEX.png\",\"width\":500,\"height\":500,\"caption\":\"AZTEX\"},\"image\":{\"@id\":\"https:\\\/\\\/aztex.ee\\\/sv\\\/#\\\/schema\\\/logo\\\/image\\\/\"},\"sameAs\":[\"https:\\\/\\\/www.facebook.com\\\/AztexEE\",\"https:\\\/\\\/www.instagram.com\\\/aztexeesti\\\/\",\"https:\\\/\\\/www.youtube.com\\\/@AZTEXEE\",\"https:\\\/\\\/www.pinterest.com\\\/aztex_eesti\\\/\",\"https:\\\/\\\/www.tiktok.com\\\/@aztexeesti\",\"https:\\\/\\\/www.trustpilot.com\\\/review\\\/aztex.ee\",\"https:\\\/\\\/www.linkedin.com\\\/company\\\/aztex-ee\\\/\",\"https:\\\/\\\/www.wikidata.org\\\/wiki\\\/Q137560182\"]}]}<\/script>\n<!-- \/ Yoast SEO plugin. -->","yoast_head_json":{"title":"Andfj\u00e4derkudde | AZTEX","description":"Mjuk, andningsbar och slitstark, andfj\u00e4derkudde garanterar en fridfull och bekv\u00e4m s\u00f6mn varje natt. Det ekologiska och naturliga materialet \u00e4r mjukt, beh\u00e5ller sin form och \u00e4r slitstarkt.","robots":{"index":"index","follow":"follow","max-snippet":"max-snippet:-1","max-image-preview":"max-image-preview:large","max-video-preview":"max-video-preview:-1"},"canonical":"https:\/\/aztex.ee\/sv\/pood\/kuddar\/andfjaderkudde\/","og_locale":"sv_SE","og_type":"article","og_title":"Andfj\u00e4derkudde | AZTEX","og_description":"Mjuk, andningsbar och slitstark, andfj\u00e4derkudde garanterar en fridfull och bekv\u00e4m s\u00f6mn varje natt. Det ekologiska och naturliga materialet \u00e4r mjukt, beh\u00e5ller sin form och \u00e4r slitstarkt.","og_url":"https:\/\/aztex.ee\/sv\/pood\/kuddar\/andfjaderkudde\/","og_site_name":"AZTEX","article_publisher":"https:\/\/www.facebook.com\/AztexEE","article_modified_time":"2026-04-08T10:43:53+00:00","og_image":[{"width":800,"height":800,"url":"https:\/\/aztex.ee\/wp-content\/uploads\/2025\/09\/Pardisulgedest-padi.jpg","type":"image\/jpeg"}],"twitter_card":"summary_large_image","twitter_misc":{"Ber\u00e4knad l\u00e4stid":"2 minuter"},"schema":{"@context":"https:\/\/schema.org","@graph":[{"@type":["WebPage","ItemPage"],"@id":"https:\/\/aztex.ee\/sv\/pood\/kuddar\/andfjaderkudde\/","url":"https:\/\/aztex.ee\/sv\/pood\/kuddar\/andfjaderkudde\/","name":"Andfj\u00e4derkudde | AZTEX","isPartOf":{"@id":"https:\/\/aztex.ee\/sv\/#website"},"primaryImageOfPage":{"@id":"https:\/\/aztex.ee\/sv\/pood\/kuddar\/andfjaderkudde\/#primaryimage"},"image":{"@id":"https:\/\/aztex.ee\/sv\/pood\/kuddar\/andfjaderkudde\/#primaryimage"},"thumbnailUrl":"https:\/\/aztex.ee\/wp-content\/uploads\/2025\/09\/Pardisulgedest-padi.jpg","datePublished":"2025-09-15T09:06:50+00:00","dateModified":"2026-04-08T10:43:53+00:00","description":"Mjuk, andningsbar och slitstark, andfj\u00e4derkudde garanterar en fridfull och bekv\u00e4m s\u00f6mn varje natt. Det ekologiska och naturliga materialet \u00e4r mjukt, beh\u00e5ller sin form och \u00e4r slitstarkt.","breadcrumb":{"@id":"https:\/\/aztex.ee\/sv\/pood\/kuddar\/andfjaderkudde\/#breadcrumb"},"inLanguage":"sv-SE","potentialAction":[{"@type":"ReadAction","target":["https:\/\/aztex.ee\/sv\/pood\/kuddar\/andfjaderkudde\/"]}]},{"@type":"ImageObject","inLanguage":"sv-SE","@id":"https:\/\/aztex.ee\/sv\/pood\/kuddar\/andfjaderkudde\/#primaryimage","url":"https:\/\/aztex.ee\/wp-content\/uploads\/2025\/09\/Pardisulgedest-padi.jpg","contentUrl":"https:\/\/aztex.ee\/wp-content\/uploads\/2025\/09\/Pardisulgedest-padi.jpg","width":800,"height":800,"caption":"Pardisulgedest padi"},{"@type":"BreadcrumbList","@id":"https:\/\/aztex.ee\/sv\/pood\/kuddar\/andfjaderkudde\/#breadcrumb","itemListElement":[{"@type":"ListItem","position":1,"name":"Hem","item":"https:\/\/aztex.ee\/sv\/"},{"@type":"ListItem","position":2,"name":"Butik","item":"https:\/\/aztex.ee\/sv\/butik\/"},{"@type":"ListItem","position":3,"name":"Andfj\u00e4derkudde"}]},{"@type":"WebSite","@id":"https:\/\/aztex.ee\/sv\/#website","url":"https:\/\/aztex.ee\/sv\/","name":"AZTEX","description":"","publisher":{"@id":"https:\/\/aztex.ee\/sv\/#organization"},"potentialAction":[{"@type":"SearchAction","target":{"@type":"EntryPoint","urlTemplate":"https:\/\/aztex.ee\/sv\/?s={search_term_string}"},"query-input":{"@type":"PropertyValueSpecification","valueRequired":true,"valueName":"search_term_string"}}],"inLanguage":"sv-SE"},{"@type":"Organization","@id":"https:\/\/aztex.ee\/sv\/#organization","name":"AZTEX","url":"https:\/\/aztex.ee\/sv\/","logo":{"@type":"ImageObject","inLanguage":"sv-SE","@id":"https:\/\/aztex.ee\/sv\/#\/schema\/logo\/image\/","url":"https:\/\/aztex.ee\/wp-content\/uploads\/2026\/01\/AZTEX.png","contentUrl":"https:\/\/aztex.ee\/wp-content\/uploads\/2026\/01\/AZTEX.png","width":500,"height":500,"caption":"AZTEX"},"image":{"@id":"https:\/\/aztex.ee\/sv\/#\/schema\/logo\/image\/"},"sameAs":["https:\/\/www.facebook.com\/AztexEE","https:\/\/www.instagram.com\/aztexeesti\/","https:\/\/www.youtube.com\/@AZTEXEE","https:\/\/www.pinterest.com\/aztex_eesti\/","https:\/\/www.tiktok.com\/@aztexeesti","https:\/\/www.trustpilot.com\/review\/aztex.ee","https:\/\/www.linkedin.com\/company\/aztex-ee\/","https:\/\/www.wikidata.org\/wiki\/Q137560182"]}]}},"_links":{"self":[{"href":"https:\/\/aztex.ee\/sv\/wp-json\/wp\/v2\/product\/94498","targetHints":{"allow":["GET"]}}],"collection":[{"href":"https:\/\/aztex.ee\/sv\/wp-json\/wp\/v2\/product"}],"about":[{"href":"https:\/\/aztex.ee\/sv\/wp-json\/wp\/v2\/types\/product"}],"replies":[{"embeddable":true,"href":"https:\/\/aztex.ee\/sv\/wp-json\/wp\/v2\/comments?post=94498"}],"version-history":[{"count":0,"href":"https:\/\/aztex.ee\/sv\/wp-json\/wp\/v2\/product\/94498\/revisions"}],"wp:featuredmedia":[{"embeddable":true,"href":"https:\/\/aztex.ee\/sv\/wp-json\/wp\/v2\/media\/94571"}],"wp:attachment":[{"href":"https:\/\/aztex.ee\/sv\/wp-json\/wp\/v2\/media?parent=94498"}],"wp:term":[{"taxonomy":"product_brand","embeddable":true,"href":"https:\/\/aztex.ee\/sv\/wp-json\/wp\/v2\/product_brand?post=94498"},{"taxonomy":"product_cat","embeddable":true,"href":"https:\/\/aztex.ee\/sv\/wp-json\/wp\/v2\/product_cat?post=94498"},{"taxonomy":"product_tag","embeddable":true,"href":"https:\/\/aztex.ee\/sv\/wp-json\/wp\/v2\/product_tag?post=94498"}],"curies":[{"name":"wp","href":"https:\/\/api.w.org\/{rel}","templated":true}]}}