{"id":91656,"date":"2025-08-16T16:03:53","date_gmt":"2025-08-16T16:03:53","guid":{"rendered":"https:\/\/aztex.ee\/?post_type=product&#038;p=91656"},"modified":"2025-08-16T17:26:19","modified_gmt":"2025-08-16T17:26:19","slug":"lakan-i-hampa-gra","status":"publish","type":"product","link":"https:\/\/aztex.ee\/sv\/pood\/hampa-lakan\/lakan-i-hampa-gra\/","title":{"rendered":"Lakan i hampa | Gr\u00e5"},"content":{"rendered":"<p>Hampalakan \u00e4r det perfekta valet som kombinerar funktionalitet, h\u00e5llbarhet och stil i alla sovrum. Hampatygets naturliga struktur och neutrala f\u00e4rg skapar en elegant och rustik atmosf\u00e4r som kompletterar olika inredningsstilar. F\u00f6rutom komfort \u00e4r hampalakanet ocks\u00e5 allergifritt och antibakteriellt, vilket ger en andningsbar och h\u00e4lsosam s\u00f6mn hela natten.<\/p>\n<p>Hampa \u00e4r l\u00e4ttsk\u00f6tt &#8211; det g\u00e5r att tv\u00e4tta i maskin och beh\u00e5ller sin kvalitet \u00e4ven efter m\u00e5nga tv\u00e4ttar. Hampafibrer torkar snabbt, vilket \u00e4r en idealisk egenskap f\u00f6r dem som v\u00e4rdes\u00e4tter praktiska egenskaper och komfort. Dessutom \u00e4r hampa ett milj\u00f6v\u00e4nligt material eftersom dess odling \u00e4r milj\u00f6v\u00e4nlig och h\u00e5llbar, vilket g\u00f6r hampa s\u00e4nglinne till ett milj\u00f6- och naturv\u00e4nligt val.<\/p>\n","protected":false},"excerpt":{"rendered":"<p>Det 100% hampalakan \u00e4r allergiv\u00e4nligt och antibakteriellt.<\/p>\n<ul>\n<li>F\u00e4rg: Gr\u00e5<\/li>\n<li>Material: 100% hampa, 180 g\/m2<\/li>\n<li>Storlek: 220\u00d7240 cm<\/li>\n<\/ul>\n<p><img loading=\"lazy\" decoding=\"async\" class=\"alignnone size-full wp-image-20226\" src=\"https:\/\/aztex.ee\/wp-content\/uploads\/2024\/09\/oekotex100.png\" alt=\"\" width=\"204\" height=\"72\" srcset=\"https:\/\/aztex.ee\/wp-content\/uploads\/2024\/09\/oekotex100.png 204w, https:\/\/aztex.ee\/wp-content\/uploads\/2024\/09\/oekotex100-150x53.png 150w\" sizes=\"auto, (max-width: 204px) 100vw, 204px\" \/><img loading=\"lazy\" decoding=\"async\" class=\"alignnone wp-image-20896\" src=\"https:\/\/aztex.ee\/wp-content\/uploads\/2024\/09\/NATURALHEMP.png\" alt=\"\" width=\"79\" height=\"79\" srcset=\"https:\/\/aztex.ee\/wp-content\/uploads\/2024\/09\/NATURALHEMP.png 300w, https:\/\/aztex.ee\/wp-content\/uploads\/2024\/09\/NATURALHEMP-150x150.png 150w\" sizes=\"auto, (max-width: 79px) 100vw, 79px\" \/><\/p>\n","protected":false},"featured_media":91678,"comment_status":"open","ping_status":"closed","template":"","meta":[],"product_brand":[],"product_cat":[451,1809],"product_tag":[],"class_list":{"0":"post-91656","1":"product","2":"type-product","3":"status-publish","4":"has-post-thumbnail","6":"product_cat-hampa-lakan","7":"product_cat-lakan-dra-pa-lakan","9":"first","10":"instock","11":"shipping-taxable","12":"purchasable","13":"product-type-simple"},"yoast_head":"<!-- This site is optimized with the Yoast SEO plugin v27.3 - https:\/\/yoast.com\/product\/yoast-seo-wordpress\/ -->\n<title>Ekologisk hampa lakan - Gr\u00e5 | AZTEX<\/title>\n<meta name=\"description\" content=\"Hamp lakan \u00e4r naturliga, andningsbara, antibakteriella och slitstarka. Milj\u00f6v\u00e4nliga och h\u00f6gkvalitativa s\u00e4ngkl\u00e4der garanterar komfort, fr\u00e4sch\u00f6r, fridfull s\u00f6mn och en h\u00e4lsosam s\u00f6mnupplevelse varje natt.\" \/>\n<meta name=\"robots\" content=\"index, follow, max-snippet:-1, max-image-preview:large, max-video-preview:-1\" \/>\n<link rel=\"canonical\" href=\"https:\/\/aztex.ee\/sv\/pood\/hampa-lakan\/lakan-i-hampa-gra\/\" \/>\n<meta property=\"og:locale\" content=\"sv_SE\" \/>\n<meta property=\"og:type\" content=\"article\" \/>\n<meta property=\"og:title\" content=\"Ekologisk hampa lakan - Gr\u00e5 | AZTEX\" \/>\n<meta property=\"og:description\" content=\"Hamp lakan \u00e4r naturliga, andningsbara, antibakteriella och slitstarka. Milj\u00f6v\u00e4nliga och h\u00f6gkvalitativa s\u00e4ngkl\u00e4der garanterar komfort, fr\u00e4sch\u00f6r, fridfull s\u00f6mn och en h\u00e4lsosam s\u00f6mnupplevelse varje natt.\" \/>\n<meta property=\"og:url\" content=\"https:\/\/aztex.ee\/sv\/pood\/hampa-lakan\/lakan-i-hampa-gra\/\" \/>\n<meta property=\"og:site_name\" content=\"AZTEX\" \/>\n<meta property=\"article:publisher\" content=\"https:\/\/www.facebook.com\/AztexEE\" \/>\n<meta property=\"article:modified_time\" content=\"2025-08-16T17:26:19+00:00\" \/>\n<meta property=\"og:image\" content=\"https:\/\/aztex.ee\/wp-content\/uploads\/2025\/08\/Kanepist-voodilina-Hall.jpg\" \/>\n\t<meta property=\"og:image:width\" content=\"800\" \/>\n\t<meta property=\"og:image:height\" content=\"800\" \/>\n\t<meta property=\"og:image:type\" content=\"image\/jpeg\" \/>\n<meta name=\"twitter:card\" content=\"summary_large_image\" \/>\n<meta name=\"twitter:label1\" content=\"Ber\u00e4knad l\u00e4stid\" \/>\n\t<meta name=\"twitter:data1\" content=\"1 minut\" \/>\n<script type=\"application\/ld+json\" class=\"yoast-schema-graph\">{\"@context\":\"https:\\\/\\\/schema.org\",\"@graph\":[{\"@type\":[\"WebPage\",\"ItemPage\"],\"@id\":\"https:\\\/\\\/aztex.ee\\\/sv\\\/pood\\\/hampa-lakan\\\/lakan-i-hampa-gra\\\/\",\"url\":\"https:\\\/\\\/aztex.ee\\\/sv\\\/pood\\\/hampa-lakan\\\/lakan-i-hampa-gra\\\/\",\"name\":\"Ekologisk hampa lakan - Gr\u00e5 | AZTEX\",\"isPartOf\":{\"@id\":\"https:\\\/\\\/aztex.ee\\\/sv\\\/#website\"},\"primaryImageOfPage\":{\"@id\":\"https:\\\/\\\/aztex.ee\\\/sv\\\/pood\\\/hampa-lakan\\\/lakan-i-hampa-gra\\\/#primaryimage\"},\"image\":{\"@id\":\"https:\\\/\\\/aztex.ee\\\/sv\\\/pood\\\/hampa-lakan\\\/lakan-i-hampa-gra\\\/#primaryimage\"},\"thumbnailUrl\":\"https:\\\/\\\/aztex.ee\\\/wp-content\\\/uploads\\\/2025\\\/08\\\/Kanepist-voodilina-Hall.jpg\",\"datePublished\":\"2025-08-16T16:03:53+00:00\",\"dateModified\":\"2025-08-16T17:26:19+00:00\",\"description\":\"Hamp lakan \u00e4r naturliga, andningsbara, antibakteriella och slitstarka. Milj\u00f6v\u00e4nliga och h\u00f6gkvalitativa s\u00e4ngkl\u00e4der garanterar komfort, fr\u00e4sch\u00f6r, fridfull s\u00f6mn och en h\u00e4lsosam s\u00f6mnupplevelse varje natt.\",\"breadcrumb\":{\"@id\":\"https:\\\/\\\/aztex.ee\\\/sv\\\/pood\\\/hampa-lakan\\\/lakan-i-hampa-gra\\\/#breadcrumb\"},\"inLanguage\":\"sv-SE\",\"potentialAction\":[{\"@type\":\"ReadAction\",\"target\":[\"https:\\\/\\\/aztex.ee\\\/sv\\\/pood\\\/hampa-lakan\\\/lakan-i-hampa-gra\\\/\"]}]},{\"@type\":\"ImageObject\",\"inLanguage\":\"sv-SE\",\"@id\":\"https:\\\/\\\/aztex.ee\\\/sv\\\/pood\\\/hampa-lakan\\\/lakan-i-hampa-gra\\\/#primaryimage\",\"url\":\"https:\\\/\\\/aztex.ee\\\/wp-content\\\/uploads\\\/2025\\\/08\\\/Kanepist-voodilina-Hall.jpg\",\"contentUrl\":\"https:\\\/\\\/aztex.ee\\\/wp-content\\\/uploads\\\/2025\\\/08\\\/Kanepist-voodilina-Hall.jpg\",\"width\":800,\"height\":800,\"caption\":\"Kanepist voodilina Hall\"},{\"@type\":\"BreadcrumbList\",\"@id\":\"https:\\\/\\\/aztex.ee\\\/sv\\\/pood\\\/hampa-lakan\\\/lakan-i-hampa-gra\\\/#breadcrumb\",\"itemListElement\":[{\"@type\":\"ListItem\",\"position\":1,\"name\":\"Hem\",\"item\":\"https:\\\/\\\/aztex.ee\\\/sv\\\/\"},{\"@type\":\"ListItem\",\"position\":2,\"name\":\"Butik\",\"item\":\"https:\\\/\\\/aztex.ee\\\/sv\\\/butik\\\/\"},{\"@type\":\"ListItem\",\"position\":3,\"name\":\"Lakan i hampa | Gr\u00e5\"}]},{\"@type\":\"WebSite\",\"@id\":\"https:\\\/\\\/aztex.ee\\\/sv\\\/#website\",\"url\":\"https:\\\/\\\/aztex.ee\\\/sv\\\/\",\"name\":\"AZTEX\",\"description\":\"\",\"publisher\":{\"@id\":\"https:\\\/\\\/aztex.ee\\\/sv\\\/#organization\"},\"potentialAction\":[{\"@type\":\"SearchAction\",\"target\":{\"@type\":\"EntryPoint\",\"urlTemplate\":\"https:\\\/\\\/aztex.ee\\\/sv\\\/?s={search_term_string}\"},\"query-input\":{\"@type\":\"PropertyValueSpecification\",\"valueRequired\":true,\"valueName\":\"search_term_string\"}}],\"inLanguage\":\"sv-SE\"},{\"@type\":\"Organization\",\"@id\":\"https:\\\/\\\/aztex.ee\\\/sv\\\/#organization\",\"name\":\"AZTEX\",\"url\":\"https:\\\/\\\/aztex.ee\\\/sv\\\/\",\"logo\":{\"@type\":\"ImageObject\",\"inLanguage\":\"sv-SE\",\"@id\":\"https:\\\/\\\/aztex.ee\\\/sv\\\/#\\\/schema\\\/logo\\\/image\\\/\",\"url\":\"https:\\\/\\\/aztex.ee\\\/wp-content\\\/uploads\\\/2026\\\/01\\\/AZTEX.png\",\"contentUrl\":\"https:\\\/\\\/aztex.ee\\\/wp-content\\\/uploads\\\/2026\\\/01\\\/AZTEX.png\",\"width\":500,\"height\":500,\"caption\":\"AZTEX\"},\"image\":{\"@id\":\"https:\\\/\\\/aztex.ee\\\/sv\\\/#\\\/schema\\\/logo\\\/image\\\/\"},\"sameAs\":[\"https:\\\/\\\/www.facebook.com\\\/AztexEE\",\"https:\\\/\\\/www.instagram.com\\\/aztexeesti\\\/\",\"https:\\\/\\\/www.youtube.com\\\/@AZTEXEE\",\"https:\\\/\\\/www.pinterest.com\\\/aztex_eesti\\\/\",\"https:\\\/\\\/www.tiktok.com\\\/@aztexeesti\",\"https:\\\/\\\/www.trustpilot.com\\\/review\\\/aztex.ee\",\"https:\\\/\\\/www.linkedin.com\\\/company\\\/aztex-ee\\\/\",\"https:\\\/\\\/www.wikidata.org\\\/wiki\\\/Q137560182\"]}]}<\/script>\n<!-- \/ Yoast SEO plugin. -->","yoast_head_json":{"title":"Ekologisk hampa lakan - Gr\u00e5 | AZTEX","description":"Hamp lakan \u00e4r naturliga, andningsbara, antibakteriella och slitstarka. Milj\u00f6v\u00e4nliga och h\u00f6gkvalitativa s\u00e4ngkl\u00e4der garanterar komfort, fr\u00e4sch\u00f6r, fridfull s\u00f6mn och en h\u00e4lsosam s\u00f6mnupplevelse varje natt.","robots":{"index":"index","follow":"follow","max-snippet":"max-snippet:-1","max-image-preview":"max-image-preview:large","max-video-preview":"max-video-preview:-1"},"canonical":"https:\/\/aztex.ee\/sv\/pood\/hampa-lakan\/lakan-i-hampa-gra\/","og_locale":"sv_SE","og_type":"article","og_title":"Ekologisk hampa lakan - Gr\u00e5 | AZTEX","og_description":"Hamp lakan \u00e4r naturliga, andningsbara, antibakteriella och slitstarka. Milj\u00f6v\u00e4nliga och h\u00f6gkvalitativa s\u00e4ngkl\u00e4der garanterar komfort, fr\u00e4sch\u00f6r, fridfull s\u00f6mn och en h\u00e4lsosam s\u00f6mnupplevelse varje natt.","og_url":"https:\/\/aztex.ee\/sv\/pood\/hampa-lakan\/lakan-i-hampa-gra\/","og_site_name":"AZTEX","article_publisher":"https:\/\/www.facebook.com\/AztexEE","article_modified_time":"2025-08-16T17:26:19+00:00","og_image":[{"width":800,"height":800,"url":"https:\/\/aztex.ee\/wp-content\/uploads\/2025\/08\/Kanepist-voodilina-Hall.jpg","type":"image\/jpeg"}],"twitter_card":"summary_large_image","twitter_misc":{"Ber\u00e4knad l\u00e4stid":"1 minut"},"schema":{"@context":"https:\/\/schema.org","@graph":[{"@type":["WebPage","ItemPage"],"@id":"https:\/\/aztex.ee\/sv\/pood\/hampa-lakan\/lakan-i-hampa-gra\/","url":"https:\/\/aztex.ee\/sv\/pood\/hampa-lakan\/lakan-i-hampa-gra\/","name":"Ekologisk hampa lakan - Gr\u00e5 | AZTEX","isPartOf":{"@id":"https:\/\/aztex.ee\/sv\/#website"},"primaryImageOfPage":{"@id":"https:\/\/aztex.ee\/sv\/pood\/hampa-lakan\/lakan-i-hampa-gra\/#primaryimage"},"image":{"@id":"https:\/\/aztex.ee\/sv\/pood\/hampa-lakan\/lakan-i-hampa-gra\/#primaryimage"},"thumbnailUrl":"https:\/\/aztex.ee\/wp-content\/uploads\/2025\/08\/Kanepist-voodilina-Hall.jpg","datePublished":"2025-08-16T16:03:53+00:00","dateModified":"2025-08-16T17:26:19+00:00","description":"Hamp lakan \u00e4r naturliga, andningsbara, antibakteriella och slitstarka. Milj\u00f6v\u00e4nliga och h\u00f6gkvalitativa s\u00e4ngkl\u00e4der garanterar komfort, fr\u00e4sch\u00f6r, fridfull s\u00f6mn och en h\u00e4lsosam s\u00f6mnupplevelse varje natt.","breadcrumb":{"@id":"https:\/\/aztex.ee\/sv\/pood\/hampa-lakan\/lakan-i-hampa-gra\/#breadcrumb"},"inLanguage":"sv-SE","potentialAction":[{"@type":"ReadAction","target":["https:\/\/aztex.ee\/sv\/pood\/hampa-lakan\/lakan-i-hampa-gra\/"]}]},{"@type":"ImageObject","inLanguage":"sv-SE","@id":"https:\/\/aztex.ee\/sv\/pood\/hampa-lakan\/lakan-i-hampa-gra\/#primaryimage","url":"https:\/\/aztex.ee\/wp-content\/uploads\/2025\/08\/Kanepist-voodilina-Hall.jpg","contentUrl":"https:\/\/aztex.ee\/wp-content\/uploads\/2025\/08\/Kanepist-voodilina-Hall.jpg","width":800,"height":800,"caption":"Kanepist voodilina Hall"},{"@type":"BreadcrumbList","@id":"https:\/\/aztex.ee\/sv\/pood\/hampa-lakan\/lakan-i-hampa-gra\/#breadcrumb","itemListElement":[{"@type":"ListItem","position":1,"name":"Hem","item":"https:\/\/aztex.ee\/sv\/"},{"@type":"ListItem","position":2,"name":"Butik","item":"https:\/\/aztex.ee\/sv\/butik\/"},{"@type":"ListItem","position":3,"name":"Lakan i hampa | Gr\u00e5"}]},{"@type":"WebSite","@id":"https:\/\/aztex.ee\/sv\/#website","url":"https:\/\/aztex.ee\/sv\/","name":"AZTEX","description":"","publisher":{"@id":"https:\/\/aztex.ee\/sv\/#organization"},"potentialAction":[{"@type":"SearchAction","target":{"@type":"EntryPoint","urlTemplate":"https:\/\/aztex.ee\/sv\/?s={search_term_string}"},"query-input":{"@type":"PropertyValueSpecification","valueRequired":true,"valueName":"search_term_string"}}],"inLanguage":"sv-SE"},{"@type":"Organization","@id":"https:\/\/aztex.ee\/sv\/#organization","name":"AZTEX","url":"https:\/\/aztex.ee\/sv\/","logo":{"@type":"ImageObject","inLanguage":"sv-SE","@id":"https:\/\/aztex.ee\/sv\/#\/schema\/logo\/image\/","url":"https:\/\/aztex.ee\/wp-content\/uploads\/2026\/01\/AZTEX.png","contentUrl":"https:\/\/aztex.ee\/wp-content\/uploads\/2026\/01\/AZTEX.png","width":500,"height":500,"caption":"AZTEX"},"image":{"@id":"https:\/\/aztex.ee\/sv\/#\/schema\/logo\/image\/"},"sameAs":["https:\/\/www.facebook.com\/AztexEE","https:\/\/www.instagram.com\/aztexeesti\/","https:\/\/www.youtube.com\/@AZTEXEE","https:\/\/www.pinterest.com\/aztex_eesti\/","https:\/\/www.tiktok.com\/@aztexeesti","https:\/\/www.trustpilot.com\/review\/aztex.ee","https:\/\/www.linkedin.com\/company\/aztex-ee\/","https:\/\/www.wikidata.org\/wiki\/Q137560182"]}]}},"_links":{"self":[{"href":"https:\/\/aztex.ee\/sv\/wp-json\/wp\/v2\/product\/91656","targetHints":{"allow":["GET"]}}],"collection":[{"href":"https:\/\/aztex.ee\/sv\/wp-json\/wp\/v2\/product"}],"about":[{"href":"https:\/\/aztex.ee\/sv\/wp-json\/wp\/v2\/types\/product"}],"replies":[{"embeddable":true,"href":"https:\/\/aztex.ee\/sv\/wp-json\/wp\/v2\/comments?post=91656"}],"version-history":[{"count":0,"href":"https:\/\/aztex.ee\/sv\/wp-json\/wp\/v2\/product\/91656\/revisions"}],"wp:featuredmedia":[{"embeddable":true,"href":"https:\/\/aztex.ee\/sv\/wp-json\/wp\/v2\/media\/91678"}],"wp:attachment":[{"href":"https:\/\/aztex.ee\/sv\/wp-json\/wp\/v2\/media?parent=91656"}],"wp:term":[{"taxonomy":"product_brand","embeddable":true,"href":"https:\/\/aztex.ee\/sv\/wp-json\/wp\/v2\/product_brand?post=91656"},{"taxonomy":"product_cat","embeddable":true,"href":"https:\/\/aztex.ee\/sv\/wp-json\/wp\/v2\/product_cat?post=91656"},{"taxonomy":"product_tag","embeddable":true,"href":"https:\/\/aztex.ee\/sv\/wp-json\/wp\/v2\/product_tag?post=91656"}],"curies":[{"name":"wp","href":"https:\/\/api.w.org\/{rel}","templated":true}]}}