{"id":87187,"date":"2025-05-17T20:18:23","date_gmt":"2025-05-17T20:18:23","guid":{"rendered":"https:\/\/aztex.ee\/?post_type=product&#038;p=87187"},"modified":"2025-10-20T11:06:20","modified_gmt":"2025-10-20T11:06:20","slug":"premium-paslakanset-bambu-koboltblatt","status":"publish","type":"product","link":"https:\/\/aztex.ee\/sv\/pood\/sangklader\/premium-paslakanset-bambu-koboltblatt\/","title":{"rendered":"Premium p\u00e5slakanset 100% bambu | Koboltbl\u00e5tt"},"content":{"rendered":"<p>Bambu p\u00e5slakanset \u00e4r h\u00f6gkvalitativa, mjuka och andningsbara textilprodukter gjorda av naturliga bambufiber. Dessa set \u00e4r speciellt designade f\u00f6r att s\u00e4kerst\u00e4lla en bekv\u00e4m s\u00f6mn. Bambufiber andas naturligt och har f\u00f6rm\u00e5gan att transportera bort fukt, vilket f\u00f6rhindrar svettning och h\u00e5ller dig ren och fr\u00e4sch l\u00e4ngre.<\/p>\n<p>Bambu p\u00e5slakanset anv\u00e4nder vanligtvis milj\u00f6v\u00e4nliga och h\u00e5llbara material. Bambuv\u00e4xten \u00e4r k\u00e4nd f\u00f6r sin snabba tillv\u00e4xt och l\u00e5ga vattenf\u00f6rbrukning, vilket minskar milj\u00f6p\u00e5verkan fr\u00e5n produktionsprocessen. Dessutom skapar bambufiber en lyxig k\u00e4nsla med sin mjuka konsistens och \u00e4r skonsam mot huden utan att skada den.<\/p>\n<p>S\u00e4ngkl\u00e4der i bambu har naturliga antibakteriella och antiallergiska egenskaper som uppr\u00e4tth\u00e5ller hygienen och ger komfort under s\u00f6mnen. De \u00e4r k\u00e4nda f\u00f6r sin uppfriskande och kylande effekt i varmt v\u00e4der.<\/p>\n<p>Som ett resultat \u00e4r s\u00e4ngkl\u00e4der i bambu milj\u00f6v\u00e4nliga och bekv\u00e4ma produkter som erbjuder kvalitetss\u00f6mn till sina anv\u00e4ndare.<\/p>\n","protected":false},"excerpt":{"rendered":"<p>P\u00e5slakanset tillverkat av 100% h\u00e5llbart odlad bambu \u00e4r allergiv\u00e4nligt och antibakteriellt.<\/p>\n<ul>\n<li>F\u00e4rg: Koboltbl\u00e5tt<\/li>\n<li>Material: 100% bambu<\/li>\n<li>Tr\u00e5dantal: 300 TC<\/li>\n<li>P\u00e5slakan: 200\u00d7220 cm<\/li>\n<li>\u00d6rngott: 50\u00d770 cm (2 st)<\/li>\n<li>Lakan: 220\u00d7240 cm<\/li>\n<\/ul>\n<p><img loading=\"lazy\" decoding=\"async\" class=\"alignnone wp-image-20226\" src=\"https:\/\/aztex.ee\/wp-content\/uploads\/2024\/09\/oekotex100.png\" alt=\"\" width=\"196\" height=\"69\" srcset=\"https:\/\/aztex.ee\/wp-content\/uploads\/2024\/09\/oekotex100.png 204w, https:\/\/aztex.ee\/wp-content\/uploads\/2024\/09\/oekotex100-150x53.png 150w\" sizes=\"auto, (max-width: 196px) 100vw, 196px\" \/><img loading=\"lazy\" decoding=\"async\" class=\"alignnone wp-image-20260\" src=\"https:\/\/aztex.ee\/wp-content\/uploads\/2024\/09\/bambuuss.png\" alt=\"\" width=\"75\" height=\"75\" srcset=\"https:\/\/aztex.ee\/wp-content\/uploads\/2024\/09\/bambuuss.png 204w, https:\/\/aztex.ee\/wp-content\/uploads\/2024\/09\/bambuuss-150x150.png 150w\" sizes=\"auto, (max-width: 75px) 100vw, 75px\" \/><\/p>\n<p>Hypoallergen och fukttransporterande.<br \/>\nEtt idealiskt val f\u00f6r k\u00e4nslig hud eller eksem, s\u00e4rskilt f\u00f6r personer som tenderar att svettas p\u00e5 natten. Bambub\u00e4ddset \u00e4r f\u00f6rpackat i en p\u00e5se av samma tyg.<\/p>\n","protected":false},"featured_media":87189,"comment_status":"open","ping_status":"closed","template":"","meta":[],"product_brand":[],"product_cat":[147,411,113,507],"product_tag":[],"class_list":{"0":"post-87187","1":"product","2":"type-product","3":"status-publish","4":"has-post-thumbnail","6":"product_cat-bambu-sangklader","7":"product_cat-bambu-sangklader-set","8":"product_cat-sangklader","9":"product_cat-sangklader-set","11":"first","12":"instock","13":"sale","14":"shipping-taxable","15":"purchasable","16":"product-type-simple"},"yoast_head":"<!-- This site is optimized with the Yoast SEO plugin v27.3 - https:\/\/yoast.com\/product\/yoast-seo-wordpress\/ -->\n<title>B\u00e4ddset i bambu - Koboltbl\u00e5tt | AZTEX<\/title>\n<meta name=\"description\" content=\"Antibakteriellt och slitstarkt, detta bambu s\u00e4ngkl\u00e4der \u00e4r ett utm\u00e4rkt val f\u00f6r dig som v\u00e4rdes\u00e4tter kvalitet, l\u00e5ng livsl\u00e4ngd och en mjuk k\u00e4nsla.\" \/>\n<meta name=\"robots\" content=\"index, follow, max-snippet:-1, max-image-preview:large, max-video-preview:-1\" \/>\n<link rel=\"canonical\" href=\"https:\/\/aztex.ee\/sv\/pood\/sangklader\/premium-paslakanset-bambu-koboltblatt\/\" \/>\n<meta property=\"og:locale\" content=\"sv_SE\" \/>\n<meta property=\"og:type\" content=\"article\" \/>\n<meta property=\"og:title\" content=\"B\u00e4ddset i bambu - Koboltbl\u00e5tt | AZTEX\" \/>\n<meta property=\"og:description\" content=\"Antibakteriellt och slitstarkt, detta bambu s\u00e4ngkl\u00e4der \u00e4r ett utm\u00e4rkt val f\u00f6r dig som v\u00e4rdes\u00e4tter kvalitet, l\u00e5ng livsl\u00e4ngd och en mjuk k\u00e4nsla.\" \/>\n<meta property=\"og:url\" content=\"https:\/\/aztex.ee\/sv\/pood\/sangklader\/premium-paslakanset-bambu-koboltblatt\/\" \/>\n<meta property=\"og:site_name\" content=\"AZTEX\" \/>\n<meta property=\"article:publisher\" content=\"https:\/\/www.facebook.com\/AztexEE\" \/>\n<meta property=\"article:modified_time\" content=\"2025-10-20T11:06:20+00:00\" \/>\n<meta property=\"og:image\" content=\"https:\/\/aztex.ee\/wp-content\/uploads\/2025\/05\/Voodipesukomplekt-bambus-Koobaltsinine.jpg\" \/>\n\t<meta property=\"og:image:width\" content=\"800\" \/>\n\t<meta property=\"og:image:height\" content=\"800\" \/>\n\t<meta property=\"og:image:type\" content=\"image\/jpeg\" \/>\n<meta name=\"twitter:card\" content=\"summary_large_image\" \/>\n<meta name=\"twitter:label1\" content=\"Ber\u00e4knad l\u00e4stid\" \/>\n\t<meta name=\"twitter:data1\" content=\"1 minut\" \/>\n<script type=\"application\/ld+json\" class=\"yoast-schema-graph\">{\"@context\":\"https:\\\/\\\/schema.org\",\"@graph\":[{\"@type\":[\"WebPage\",\"ItemPage\"],\"@id\":\"https:\\\/\\\/aztex.ee\\\/sv\\\/pood\\\/sangklader\\\/premium-paslakanset-bambu-koboltblatt\\\/\",\"url\":\"https:\\\/\\\/aztex.ee\\\/sv\\\/pood\\\/sangklader\\\/premium-paslakanset-bambu-koboltblatt\\\/\",\"name\":\"B\u00e4ddset i bambu - Koboltbl\u00e5tt | AZTEX\",\"isPartOf\":{\"@id\":\"https:\\\/\\\/aztex.ee\\\/sv\\\/#website\"},\"primaryImageOfPage\":{\"@id\":\"https:\\\/\\\/aztex.ee\\\/sv\\\/pood\\\/sangklader\\\/premium-paslakanset-bambu-koboltblatt\\\/#primaryimage\"},\"image\":{\"@id\":\"https:\\\/\\\/aztex.ee\\\/sv\\\/pood\\\/sangklader\\\/premium-paslakanset-bambu-koboltblatt\\\/#primaryimage\"},\"thumbnailUrl\":\"https:\\\/\\\/aztex.ee\\\/wp-content\\\/uploads\\\/2025\\\/05\\\/Voodipesukomplekt-bambus-Koobaltsinine.jpg\",\"datePublished\":\"2025-05-17T20:18:23+00:00\",\"dateModified\":\"2025-10-20T11:06:20+00:00\",\"description\":\"Antibakteriellt och slitstarkt, detta bambu s\u00e4ngkl\u00e4der \u00e4r ett utm\u00e4rkt val f\u00f6r dig som v\u00e4rdes\u00e4tter kvalitet, l\u00e5ng livsl\u00e4ngd och en mjuk k\u00e4nsla.\",\"breadcrumb\":{\"@id\":\"https:\\\/\\\/aztex.ee\\\/sv\\\/pood\\\/sangklader\\\/premium-paslakanset-bambu-koboltblatt\\\/#breadcrumb\"},\"inLanguage\":\"sv-SE\",\"potentialAction\":[{\"@type\":\"ReadAction\",\"target\":[\"https:\\\/\\\/aztex.ee\\\/sv\\\/pood\\\/sangklader\\\/premium-paslakanset-bambu-koboltblatt\\\/\"]}]},{\"@type\":\"ImageObject\",\"inLanguage\":\"sv-SE\",\"@id\":\"https:\\\/\\\/aztex.ee\\\/sv\\\/pood\\\/sangklader\\\/premium-paslakanset-bambu-koboltblatt\\\/#primaryimage\",\"url\":\"https:\\\/\\\/aztex.ee\\\/wp-content\\\/uploads\\\/2025\\\/05\\\/Voodipesukomplekt-bambus-Koobaltsinine.jpg\",\"contentUrl\":\"https:\\\/\\\/aztex.ee\\\/wp-content\\\/uploads\\\/2025\\\/05\\\/Voodipesukomplekt-bambus-Koobaltsinine.jpg\",\"width\":800,\"height\":800,\"caption\":\"Voodipesukomplekt bambus Koobaltsinine\"},{\"@type\":\"BreadcrumbList\",\"@id\":\"https:\\\/\\\/aztex.ee\\\/sv\\\/pood\\\/sangklader\\\/premium-paslakanset-bambu-koboltblatt\\\/#breadcrumb\",\"itemListElement\":[{\"@type\":\"ListItem\",\"position\":1,\"name\":\"Hem\",\"item\":\"https:\\\/\\\/aztex.ee\\\/sv\\\/\"},{\"@type\":\"ListItem\",\"position\":2,\"name\":\"Butik\",\"item\":\"https:\\\/\\\/aztex.ee\\\/sv\\\/butik\\\/\"},{\"@type\":\"ListItem\",\"position\":3,\"name\":\"Premium p\u00e5slakanset 100% bambu | Koboltbl\u00e5tt\"}]},{\"@type\":\"WebSite\",\"@id\":\"https:\\\/\\\/aztex.ee\\\/sv\\\/#website\",\"url\":\"https:\\\/\\\/aztex.ee\\\/sv\\\/\",\"name\":\"AZTEX\",\"description\":\"\",\"publisher\":{\"@id\":\"https:\\\/\\\/aztex.ee\\\/sv\\\/#organization\"},\"potentialAction\":[{\"@type\":\"SearchAction\",\"target\":{\"@type\":\"EntryPoint\",\"urlTemplate\":\"https:\\\/\\\/aztex.ee\\\/sv\\\/?s={search_term_string}\"},\"query-input\":{\"@type\":\"PropertyValueSpecification\",\"valueRequired\":true,\"valueName\":\"search_term_string\"}}],\"inLanguage\":\"sv-SE\"},{\"@type\":\"Organization\",\"@id\":\"https:\\\/\\\/aztex.ee\\\/sv\\\/#organization\",\"name\":\"AZTEX\",\"url\":\"https:\\\/\\\/aztex.ee\\\/sv\\\/\",\"logo\":{\"@type\":\"ImageObject\",\"inLanguage\":\"sv-SE\",\"@id\":\"https:\\\/\\\/aztex.ee\\\/sv\\\/#\\\/schema\\\/logo\\\/image\\\/\",\"url\":\"https:\\\/\\\/aztex.ee\\\/wp-content\\\/uploads\\\/2026\\\/01\\\/AZTEX.png\",\"contentUrl\":\"https:\\\/\\\/aztex.ee\\\/wp-content\\\/uploads\\\/2026\\\/01\\\/AZTEX.png\",\"width\":500,\"height\":500,\"caption\":\"AZTEX\"},\"image\":{\"@id\":\"https:\\\/\\\/aztex.ee\\\/sv\\\/#\\\/schema\\\/logo\\\/image\\\/\"},\"sameAs\":[\"https:\\\/\\\/www.facebook.com\\\/AztexEE\",\"https:\\\/\\\/www.instagram.com\\\/aztexeesti\\\/\",\"https:\\\/\\\/www.youtube.com\\\/@AZTEXEE\",\"https:\\\/\\\/www.pinterest.com\\\/aztex_eesti\\\/\",\"https:\\\/\\\/www.tiktok.com\\\/@aztexeesti\",\"https:\\\/\\\/www.trustpilot.com\\\/review\\\/aztex.ee\",\"https:\\\/\\\/www.linkedin.com\\\/company\\\/aztex-ee\\\/\",\"https:\\\/\\\/www.wikidata.org\\\/wiki\\\/Q137560182\"]}]}<\/script>\n<!-- \/ Yoast SEO plugin. -->","yoast_head_json":{"title":"B\u00e4ddset i bambu - Koboltbl\u00e5tt | AZTEX","description":"Antibakteriellt och slitstarkt, detta bambu s\u00e4ngkl\u00e4der \u00e4r ett utm\u00e4rkt val f\u00f6r dig som v\u00e4rdes\u00e4tter kvalitet, l\u00e5ng livsl\u00e4ngd och en mjuk k\u00e4nsla.","robots":{"index":"index","follow":"follow","max-snippet":"max-snippet:-1","max-image-preview":"max-image-preview:large","max-video-preview":"max-video-preview:-1"},"canonical":"https:\/\/aztex.ee\/sv\/pood\/sangklader\/premium-paslakanset-bambu-koboltblatt\/","og_locale":"sv_SE","og_type":"article","og_title":"B\u00e4ddset i bambu - Koboltbl\u00e5tt | AZTEX","og_description":"Antibakteriellt och slitstarkt, detta bambu s\u00e4ngkl\u00e4der \u00e4r ett utm\u00e4rkt val f\u00f6r dig som v\u00e4rdes\u00e4tter kvalitet, l\u00e5ng livsl\u00e4ngd och en mjuk k\u00e4nsla.","og_url":"https:\/\/aztex.ee\/sv\/pood\/sangklader\/premium-paslakanset-bambu-koboltblatt\/","og_site_name":"AZTEX","article_publisher":"https:\/\/www.facebook.com\/AztexEE","article_modified_time":"2025-10-20T11:06:20+00:00","og_image":[{"width":800,"height":800,"url":"https:\/\/aztex.ee\/wp-content\/uploads\/2025\/05\/Voodipesukomplekt-bambus-Koobaltsinine.jpg","type":"image\/jpeg"}],"twitter_card":"summary_large_image","twitter_misc":{"Ber\u00e4knad l\u00e4stid":"1 minut"},"schema":{"@context":"https:\/\/schema.org","@graph":[{"@type":["WebPage","ItemPage"],"@id":"https:\/\/aztex.ee\/sv\/pood\/sangklader\/premium-paslakanset-bambu-koboltblatt\/","url":"https:\/\/aztex.ee\/sv\/pood\/sangklader\/premium-paslakanset-bambu-koboltblatt\/","name":"B\u00e4ddset i bambu - Koboltbl\u00e5tt | AZTEX","isPartOf":{"@id":"https:\/\/aztex.ee\/sv\/#website"},"primaryImageOfPage":{"@id":"https:\/\/aztex.ee\/sv\/pood\/sangklader\/premium-paslakanset-bambu-koboltblatt\/#primaryimage"},"image":{"@id":"https:\/\/aztex.ee\/sv\/pood\/sangklader\/premium-paslakanset-bambu-koboltblatt\/#primaryimage"},"thumbnailUrl":"https:\/\/aztex.ee\/wp-content\/uploads\/2025\/05\/Voodipesukomplekt-bambus-Koobaltsinine.jpg","datePublished":"2025-05-17T20:18:23+00:00","dateModified":"2025-10-20T11:06:20+00:00","description":"Antibakteriellt och slitstarkt, detta bambu s\u00e4ngkl\u00e4der \u00e4r ett utm\u00e4rkt val f\u00f6r dig som v\u00e4rdes\u00e4tter kvalitet, l\u00e5ng livsl\u00e4ngd och en mjuk k\u00e4nsla.","breadcrumb":{"@id":"https:\/\/aztex.ee\/sv\/pood\/sangklader\/premium-paslakanset-bambu-koboltblatt\/#breadcrumb"},"inLanguage":"sv-SE","potentialAction":[{"@type":"ReadAction","target":["https:\/\/aztex.ee\/sv\/pood\/sangklader\/premium-paslakanset-bambu-koboltblatt\/"]}]},{"@type":"ImageObject","inLanguage":"sv-SE","@id":"https:\/\/aztex.ee\/sv\/pood\/sangklader\/premium-paslakanset-bambu-koboltblatt\/#primaryimage","url":"https:\/\/aztex.ee\/wp-content\/uploads\/2025\/05\/Voodipesukomplekt-bambus-Koobaltsinine.jpg","contentUrl":"https:\/\/aztex.ee\/wp-content\/uploads\/2025\/05\/Voodipesukomplekt-bambus-Koobaltsinine.jpg","width":800,"height":800,"caption":"Voodipesukomplekt bambus Koobaltsinine"},{"@type":"BreadcrumbList","@id":"https:\/\/aztex.ee\/sv\/pood\/sangklader\/premium-paslakanset-bambu-koboltblatt\/#breadcrumb","itemListElement":[{"@type":"ListItem","position":1,"name":"Hem","item":"https:\/\/aztex.ee\/sv\/"},{"@type":"ListItem","position":2,"name":"Butik","item":"https:\/\/aztex.ee\/sv\/butik\/"},{"@type":"ListItem","position":3,"name":"Premium p\u00e5slakanset 100% bambu | Koboltbl\u00e5tt"}]},{"@type":"WebSite","@id":"https:\/\/aztex.ee\/sv\/#website","url":"https:\/\/aztex.ee\/sv\/","name":"AZTEX","description":"","publisher":{"@id":"https:\/\/aztex.ee\/sv\/#organization"},"potentialAction":[{"@type":"SearchAction","target":{"@type":"EntryPoint","urlTemplate":"https:\/\/aztex.ee\/sv\/?s={search_term_string}"},"query-input":{"@type":"PropertyValueSpecification","valueRequired":true,"valueName":"search_term_string"}}],"inLanguage":"sv-SE"},{"@type":"Organization","@id":"https:\/\/aztex.ee\/sv\/#organization","name":"AZTEX","url":"https:\/\/aztex.ee\/sv\/","logo":{"@type":"ImageObject","inLanguage":"sv-SE","@id":"https:\/\/aztex.ee\/sv\/#\/schema\/logo\/image\/","url":"https:\/\/aztex.ee\/wp-content\/uploads\/2026\/01\/AZTEX.png","contentUrl":"https:\/\/aztex.ee\/wp-content\/uploads\/2026\/01\/AZTEX.png","width":500,"height":500,"caption":"AZTEX"},"image":{"@id":"https:\/\/aztex.ee\/sv\/#\/schema\/logo\/image\/"},"sameAs":["https:\/\/www.facebook.com\/AztexEE","https:\/\/www.instagram.com\/aztexeesti\/","https:\/\/www.youtube.com\/@AZTEXEE","https:\/\/www.pinterest.com\/aztex_eesti\/","https:\/\/www.tiktok.com\/@aztexeesti","https:\/\/www.trustpilot.com\/review\/aztex.ee","https:\/\/www.linkedin.com\/company\/aztex-ee\/","https:\/\/www.wikidata.org\/wiki\/Q137560182"]}]}},"_links":{"self":[{"href":"https:\/\/aztex.ee\/sv\/wp-json\/wp\/v2\/product\/87187","targetHints":{"allow":["GET"]}}],"collection":[{"href":"https:\/\/aztex.ee\/sv\/wp-json\/wp\/v2\/product"}],"about":[{"href":"https:\/\/aztex.ee\/sv\/wp-json\/wp\/v2\/types\/product"}],"replies":[{"embeddable":true,"href":"https:\/\/aztex.ee\/sv\/wp-json\/wp\/v2\/comments?post=87187"}],"version-history":[{"count":0,"href":"https:\/\/aztex.ee\/sv\/wp-json\/wp\/v2\/product\/87187\/revisions"}],"wp:featuredmedia":[{"embeddable":true,"href":"https:\/\/aztex.ee\/sv\/wp-json\/wp\/v2\/media\/87189"}],"wp:attachment":[{"href":"https:\/\/aztex.ee\/sv\/wp-json\/wp\/v2\/media?parent=87187"}],"wp:term":[{"taxonomy":"product_brand","embeddable":true,"href":"https:\/\/aztex.ee\/sv\/wp-json\/wp\/v2\/product_brand?post=87187"},{"taxonomy":"product_cat","embeddable":true,"href":"https:\/\/aztex.ee\/sv\/wp-json\/wp\/v2\/product_cat?post=87187"},{"taxonomy":"product_tag","embeddable":true,"href":"https:\/\/aztex.ee\/sv\/wp-json\/wp\/v2\/product_tag?post=87187"}],"curies":[{"name":"wp","href":"https:\/\/api.w.org\/{rel}","templated":true}]}}