{"id":81359,"date":"2025-04-25T11:48:50","date_gmt":"2025-04-25T11:48:50","guid":{"rendered":"https:\/\/aztex.ee\/?post_type=product&#038;p=81359"},"modified":"2025-04-25T15:23:23","modified_gmt":"2025-04-25T15:23:23","slug":"tencel-orngott-antracitgra","status":"publish","type":"product","link":"https:\/\/aztex.ee\/sv\/pood\/orngott\/tencel-orngott-antracitgra\/","title":{"rendered":"Tencel \u00f6rngott \u2013 Antracitgr\u00e5"},"content":{"rendered":"<p><strong>Naturligt mjuk<\/strong><\/p>\n<p>Tencel-tyget \u00e4r tillverkat av eukalyptuscellulosa, som bearbetas med den milj\u00f6v\u00e4nliga Lyocell-processen. Cellulosan l\u00f6ses i ett giftfritt l\u00f6sningsmedel, pressas sedan till fibrer och bearbetas till garn, vilket g\u00f6r tyget mjukt, andningsbart, starkt och ett ekologiskt h\u00e5llbart val.<\/p>\n<p><strong>Hudv\u00e4nlig<\/strong><\/p>\n<p>Tencel \u00e4r ett idealiskt val f\u00f6r k\u00e4nslig hud eftersom det \u00e4r allergiv\u00e4nligt. Dess sl\u00e4ta yta minskar irritation orsakad av friktion och hj\u00e4lper till att uppr\u00e4tth\u00e5lla hudens naturliga fuktbalans. Ett Tencel \u00f6rngott s\u00e4kerst\u00e4ller kvalitetss\u00f6mn samtidigt som det v\u00e5rdar huden.<\/p>\n<p><strong>Elegant utseende<\/strong><\/p>\n<p>Ett Tencel \u00f6rngott g\u00e5r bra med alla s\u00e4ngkl\u00e4der, vilket ger sovrummet ett enkelt och elegant utseende som kompletterar all inredning. Dess klassiska och stilrena utseende passar alla typer av interi\u00f6rer &#8211; fr\u00e5n moderna till traditionella sovrum. Ett Tencel \u00f6rngott har ett lyxigt och elegant utseende som g\u00f6r varje s\u00f6mn\u00f6gonblick roligare.<\/p>\n<p><strong>V\u00e5rd<\/strong><\/p>\n<p>L\u00e4ttsk\u00f6tt &#8211; maskintv\u00e4tt p\u00e5 l\u00e5g temperatur f\u00f6r att bibeh\u00e5lla tygets egenskaper. Vi rekommenderar lufttorkning f\u00f6r att s\u00e4kerst\u00e4lla l\u00e5ngvarig h\u00e5llbarhet och mjukhet.<\/p>\n","protected":false},"excerpt":{"rendered":"<p>Tencel \u00f6rngott \u00e4r gjorda av eukalyptusfibrer.<\/p>\n<ul>\n<li>F\u00e4rg: Antracitgr\u00e5<\/li>\n<li>Material: 100% Tencel<\/li>\n<li>Tr\u00e5dantal: 60S \/ 300TC<\/li>\n<\/ul>\n<p><img loading=\"lazy\" decoding=\"async\" class=\"alignnone wp-image-63145\" src=\"https:\/\/aztex.ee\/wp-content\/uploads\/2025\/03\/tencel-certified-400x129.png\" alt=\"\" width=\"131\" height=\"42\" srcset=\"https:\/\/aztex.ee\/wp-content\/uploads\/2025\/03\/tencel-certified-400x129.png 400w, https:\/\/aztex.ee\/wp-content\/uploads\/2025\/03\/tencel-certified-430x139.png 430w, https:\/\/aztex.ee\/wp-content\/uploads\/2025\/03\/tencel-certified-150x49.png 150w, https:\/\/aztex.ee\/wp-content\/uploads\/2025\/03\/tencel-certified.png 516w\" sizes=\"auto, (max-width: 131px) 100vw, 131px\" \/><img loading=\"lazy\" decoding=\"async\" class=\"alignnone wp-image-63168\" src=\"https:\/\/aztex.ee\/wp-content\/uploads\/2025\/03\/oeko-tex-standard-100.png\" alt=\"\" width=\"130\" height=\"43\" srcset=\"https:\/\/aztex.ee\/wp-content\/uploads\/2025\/03\/oeko-tex-standard-100.png 200w, https:\/\/aztex.ee\/wp-content\/uploads\/2025\/03\/oeko-tex-standard-100-150x50.png 150w\" sizes=\"auto, (max-width: 130px) 100vw, 130px\" \/><\/p>\n","protected":false},"featured_media":81429,"comment_status":"open","ping_status":"closed","template":"","meta":[],"product_brand":[],"product_cat":[1788,6042],"product_tag":[],"class_list":{"0":"post-81359","1":"product","2":"type-product","3":"status-publish","4":"has-post-thumbnail","6":"product_cat-orngott","7":"product_cat-tencel-orngott","9":"first","10":"instock","11":"shipping-taxable","12":"purchasable","13":"product-type-variable"},"yoast_head":"<!-- This site is optimized with the Yoast SEO plugin v27.6 - https:\/\/yoast.com\/product\/yoast-seo-wordpress\/ -->\n<title>Tencel \u00f6rngott - Antracitgr\u00e5 | AZTEX<\/title>\n<meta name=\"description\" content=\"Antracitgr\u00e5 Tencel \u00f6rngott \u00e4r ett hudv\u00e4nligt och h\u00e5llbart val som ger en behaglig k\u00e4nsla av svalka n\u00e4r du sover och ger sovrummet en elegant look.\" \/>\n<meta name=\"robots\" content=\"index, follow, max-snippet:-1, max-image-preview:large, max-video-preview:-1\" \/>\n<link rel=\"canonical\" href=\"https:\/\/aztex.ee\/sv\/pood\/orngott\/tencel-orngott-antracitgra\/\" \/>\n<meta property=\"og:locale\" content=\"sv_SE\" \/>\n<meta property=\"og:type\" content=\"article\" \/>\n<meta property=\"og:title\" content=\"Tencel \u00f6rngott - Antracitgr\u00e5 | AZTEX\" \/>\n<meta property=\"og:description\" content=\"Antracitgr\u00e5 Tencel \u00f6rngott \u00e4r ett hudv\u00e4nligt och h\u00e5llbart val som ger en behaglig k\u00e4nsla av svalka n\u00e4r du sover och ger sovrummet en elegant look.\" \/>\n<meta property=\"og:url\" content=\"https:\/\/aztex.ee\/sv\/pood\/orngott\/tencel-orngott-antracitgra\/\" \/>\n<meta property=\"og:site_name\" content=\"AZTEX\" \/>\n<meta property=\"article:publisher\" content=\"https:\/\/www.facebook.com\/AztexEE\" \/>\n<meta property=\"article:modified_time\" content=\"2025-04-25T15:23:23+00:00\" \/>\n<meta property=\"og:image\" content=\"https:\/\/aztex.ee\/wp-content\/uploads\/2025\/04\/Tencel-padjapuur-Antratsiithall.jpg\" \/>\n\t<meta property=\"og:image:width\" content=\"800\" \/>\n\t<meta property=\"og:image:height\" content=\"800\" \/>\n\t<meta property=\"og:image:type\" content=\"image\/jpeg\" \/>\n<meta name=\"twitter:card\" content=\"summary_large_image\" \/>\n<meta name=\"twitter:label1\" content=\"Ber\u00e4knad l\u00e4stid\" \/>\n\t<meta name=\"twitter:data1\" content=\"2 minuter\" \/>\n<script type=\"application\/ld+json\" class=\"yoast-schema-graph\">{\"@context\":\"https:\\\/\\\/schema.org\",\"@graph\":[{\"@type\":[\"WebPage\",\"ItemPage\"],\"@id\":\"https:\\\/\\\/aztex.ee\\\/sv\\\/pood\\\/orngott\\\/tencel-orngott-antracitgra\\\/\",\"url\":\"https:\\\/\\\/aztex.ee\\\/sv\\\/pood\\\/orngott\\\/tencel-orngott-antracitgra\\\/\",\"name\":\"Tencel \u00f6rngott - Antracitgr\u00e5 | AZTEX\",\"isPartOf\":{\"@id\":\"https:\\\/\\\/aztex.ee\\\/sv\\\/#website\"},\"primaryImageOfPage\":{\"@id\":\"https:\\\/\\\/aztex.ee\\\/sv\\\/pood\\\/orngott\\\/tencel-orngott-antracitgra\\\/#primaryimage\"},\"image\":{\"@id\":\"https:\\\/\\\/aztex.ee\\\/sv\\\/pood\\\/orngott\\\/tencel-orngott-antracitgra\\\/#primaryimage\"},\"thumbnailUrl\":\"https:\\\/\\\/aztex.ee\\\/wp-content\\\/uploads\\\/2025\\\/04\\\/Tencel-padjapuur-Antratsiithall.jpg\",\"datePublished\":\"2025-04-25T11:48:50+00:00\",\"dateModified\":\"2025-04-25T15:23:23+00:00\",\"description\":\"Antracitgr\u00e5 Tencel \u00f6rngott \u00e4r ett hudv\u00e4nligt och h\u00e5llbart val som ger en behaglig k\u00e4nsla av svalka n\u00e4r du sover och ger sovrummet en elegant look.\",\"breadcrumb\":{\"@id\":\"https:\\\/\\\/aztex.ee\\\/sv\\\/pood\\\/orngott\\\/tencel-orngott-antracitgra\\\/#breadcrumb\"},\"inLanguage\":\"sv-SE\",\"potentialAction\":[{\"@type\":\"ReadAction\",\"target\":[\"https:\\\/\\\/aztex.ee\\\/sv\\\/pood\\\/orngott\\\/tencel-orngott-antracitgra\\\/\"]}]},{\"@type\":\"ImageObject\",\"inLanguage\":\"sv-SE\",\"@id\":\"https:\\\/\\\/aztex.ee\\\/sv\\\/pood\\\/orngott\\\/tencel-orngott-antracitgra\\\/#primaryimage\",\"url\":\"https:\\\/\\\/aztex.ee\\\/wp-content\\\/uploads\\\/2025\\\/04\\\/Tencel-padjapuur-Antratsiithall.jpg\",\"contentUrl\":\"https:\\\/\\\/aztex.ee\\\/wp-content\\\/uploads\\\/2025\\\/04\\\/Tencel-padjapuur-Antratsiithall.jpg\",\"width\":800,\"height\":800,\"caption\":\"Tencel padjap\u00fc\u00fcr Antratsiithall\"},{\"@type\":\"BreadcrumbList\",\"@id\":\"https:\\\/\\\/aztex.ee\\\/sv\\\/pood\\\/orngott\\\/tencel-orngott-antracitgra\\\/#breadcrumb\",\"itemListElement\":[{\"@type\":\"ListItem\",\"position\":1,\"name\":\"Hem\",\"item\":\"https:\\\/\\\/aztex.ee\\\/sv\\\/\"},{\"@type\":\"ListItem\",\"position\":2,\"name\":\"Butik\",\"item\":\"https:\\\/\\\/aztex.ee\\\/sv\\\/butik\\\/\"},{\"@type\":\"ListItem\",\"position\":3,\"name\":\"Tencel \u00f6rngott \u2013 Antracitgr\u00e5\"}]},{\"@type\":\"WebSite\",\"@id\":\"https:\\\/\\\/aztex.ee\\\/sv\\\/#website\",\"url\":\"https:\\\/\\\/aztex.ee\\\/sv\\\/\",\"name\":\"AZTEX\",\"description\":\"\",\"publisher\":{\"@id\":\"https:\\\/\\\/aztex.ee\\\/sv\\\/#organization\"},\"potentialAction\":[{\"@type\":\"SearchAction\",\"target\":{\"@type\":\"EntryPoint\",\"urlTemplate\":\"https:\\\/\\\/aztex.ee\\\/sv\\\/?s={search_term_string}\"},\"query-input\":{\"@type\":\"PropertyValueSpecification\",\"valueRequired\":true,\"valueName\":\"search_term_string\"}}],\"inLanguage\":\"sv-SE\"},{\"@type\":\"Organization\",\"@id\":\"https:\\\/\\\/aztex.ee\\\/sv\\\/#organization\",\"name\":\"AZTEX\",\"url\":\"https:\\\/\\\/aztex.ee\\\/sv\\\/\",\"logo\":{\"@type\":\"ImageObject\",\"inLanguage\":\"sv-SE\",\"@id\":\"https:\\\/\\\/aztex.ee\\\/sv\\\/#\\\/schema\\\/logo\\\/image\\\/\",\"url\":\"https:\\\/\\\/aztex.ee\\\/wp-content\\\/uploads\\\/2026\\\/01\\\/AZTEX.png\",\"contentUrl\":\"https:\\\/\\\/aztex.ee\\\/wp-content\\\/uploads\\\/2026\\\/01\\\/AZTEX.png\",\"width\":500,\"height\":500,\"caption\":\"AZTEX\"},\"image\":{\"@id\":\"https:\\\/\\\/aztex.ee\\\/sv\\\/#\\\/schema\\\/logo\\\/image\\\/\"},\"sameAs\":[\"https:\\\/\\\/www.facebook.com\\\/AztexEE\",\"https:\\\/\\\/www.instagram.com\\\/aztexeesti\\\/\",\"https:\\\/\\\/www.youtube.com\\\/@AZTEXEE\",\"https:\\\/\\\/www.pinterest.com\\\/aztex_eesti\\\/\",\"https:\\\/\\\/www.tiktok.com\\\/@aztexeesti\",\"https:\\\/\\\/www.trustpilot.com\\\/review\\\/aztex.ee\",\"https:\\\/\\\/www.linkedin.com\\\/company\\\/aztex-ee\\\/\",\"https:\\\/\\\/www.wikidata.org\\\/wiki\\\/Q137560182\"]}]}<\/script>\n<!-- \/ Yoast SEO plugin. -->","yoast_head_json":{"title":"Tencel \u00f6rngott - Antracitgr\u00e5 | AZTEX","description":"Antracitgr\u00e5 Tencel \u00f6rngott \u00e4r ett hudv\u00e4nligt och h\u00e5llbart val som ger en behaglig k\u00e4nsla av svalka n\u00e4r du sover och ger sovrummet en elegant look.","robots":{"index":"index","follow":"follow","max-snippet":"max-snippet:-1","max-image-preview":"max-image-preview:large","max-video-preview":"max-video-preview:-1"},"canonical":"https:\/\/aztex.ee\/sv\/pood\/orngott\/tencel-orngott-antracitgra\/","og_locale":"sv_SE","og_type":"article","og_title":"Tencel \u00f6rngott - Antracitgr\u00e5 | AZTEX","og_description":"Antracitgr\u00e5 Tencel \u00f6rngott \u00e4r ett hudv\u00e4nligt och h\u00e5llbart val som ger en behaglig k\u00e4nsla av svalka n\u00e4r du sover och ger sovrummet en elegant look.","og_url":"https:\/\/aztex.ee\/sv\/pood\/orngott\/tencel-orngott-antracitgra\/","og_site_name":"AZTEX","article_publisher":"https:\/\/www.facebook.com\/AztexEE","article_modified_time":"2025-04-25T15:23:23+00:00","og_image":[{"width":800,"height":800,"url":"https:\/\/aztex.ee\/wp-content\/uploads\/2025\/04\/Tencel-padjapuur-Antratsiithall.jpg","type":"image\/jpeg"}],"twitter_card":"summary_large_image","twitter_misc":{"Ber\u00e4knad l\u00e4stid":"2 minuter"},"schema":{"@context":"https:\/\/schema.org","@graph":[{"@type":["WebPage","ItemPage"],"@id":"https:\/\/aztex.ee\/sv\/pood\/orngott\/tencel-orngott-antracitgra\/","url":"https:\/\/aztex.ee\/sv\/pood\/orngott\/tencel-orngott-antracitgra\/","name":"Tencel \u00f6rngott - Antracitgr\u00e5 | AZTEX","isPartOf":{"@id":"https:\/\/aztex.ee\/sv\/#website"},"primaryImageOfPage":{"@id":"https:\/\/aztex.ee\/sv\/pood\/orngott\/tencel-orngott-antracitgra\/#primaryimage"},"image":{"@id":"https:\/\/aztex.ee\/sv\/pood\/orngott\/tencel-orngott-antracitgra\/#primaryimage"},"thumbnailUrl":"https:\/\/aztex.ee\/wp-content\/uploads\/2025\/04\/Tencel-padjapuur-Antratsiithall.jpg","datePublished":"2025-04-25T11:48:50+00:00","dateModified":"2025-04-25T15:23:23+00:00","description":"Antracitgr\u00e5 Tencel \u00f6rngott \u00e4r ett hudv\u00e4nligt och h\u00e5llbart val som ger en behaglig k\u00e4nsla av svalka n\u00e4r du sover och ger sovrummet en elegant look.","breadcrumb":{"@id":"https:\/\/aztex.ee\/sv\/pood\/orngott\/tencel-orngott-antracitgra\/#breadcrumb"},"inLanguage":"sv-SE","potentialAction":[{"@type":"ReadAction","target":["https:\/\/aztex.ee\/sv\/pood\/orngott\/tencel-orngott-antracitgra\/"]}]},{"@type":"ImageObject","inLanguage":"sv-SE","@id":"https:\/\/aztex.ee\/sv\/pood\/orngott\/tencel-orngott-antracitgra\/#primaryimage","url":"https:\/\/aztex.ee\/wp-content\/uploads\/2025\/04\/Tencel-padjapuur-Antratsiithall.jpg","contentUrl":"https:\/\/aztex.ee\/wp-content\/uploads\/2025\/04\/Tencel-padjapuur-Antratsiithall.jpg","width":800,"height":800,"caption":"Tencel padjap\u00fc\u00fcr Antratsiithall"},{"@type":"BreadcrumbList","@id":"https:\/\/aztex.ee\/sv\/pood\/orngott\/tencel-orngott-antracitgra\/#breadcrumb","itemListElement":[{"@type":"ListItem","position":1,"name":"Hem","item":"https:\/\/aztex.ee\/sv\/"},{"@type":"ListItem","position":2,"name":"Butik","item":"https:\/\/aztex.ee\/sv\/butik\/"},{"@type":"ListItem","position":3,"name":"Tencel \u00f6rngott \u2013 Antracitgr\u00e5"}]},{"@type":"WebSite","@id":"https:\/\/aztex.ee\/sv\/#website","url":"https:\/\/aztex.ee\/sv\/","name":"AZTEX","description":"","publisher":{"@id":"https:\/\/aztex.ee\/sv\/#organization"},"potentialAction":[{"@type":"SearchAction","target":{"@type":"EntryPoint","urlTemplate":"https:\/\/aztex.ee\/sv\/?s={search_term_string}"},"query-input":{"@type":"PropertyValueSpecification","valueRequired":true,"valueName":"search_term_string"}}],"inLanguage":"sv-SE"},{"@type":"Organization","@id":"https:\/\/aztex.ee\/sv\/#organization","name":"AZTEX","url":"https:\/\/aztex.ee\/sv\/","logo":{"@type":"ImageObject","inLanguage":"sv-SE","@id":"https:\/\/aztex.ee\/sv\/#\/schema\/logo\/image\/","url":"https:\/\/aztex.ee\/wp-content\/uploads\/2026\/01\/AZTEX.png","contentUrl":"https:\/\/aztex.ee\/wp-content\/uploads\/2026\/01\/AZTEX.png","width":500,"height":500,"caption":"AZTEX"},"image":{"@id":"https:\/\/aztex.ee\/sv\/#\/schema\/logo\/image\/"},"sameAs":["https:\/\/www.facebook.com\/AztexEE","https:\/\/www.instagram.com\/aztexeesti\/","https:\/\/www.youtube.com\/@AZTEXEE","https:\/\/www.pinterest.com\/aztex_eesti\/","https:\/\/www.tiktok.com\/@aztexeesti","https:\/\/www.trustpilot.com\/review\/aztex.ee","https:\/\/www.linkedin.com\/company\/aztex-ee\/","https:\/\/www.wikidata.org\/wiki\/Q137560182"]}]}},"_links":{"self":[{"href":"https:\/\/aztex.ee\/sv\/wp-json\/wp\/v2\/product\/81359","targetHints":{"allow":["GET"]}}],"collection":[{"href":"https:\/\/aztex.ee\/sv\/wp-json\/wp\/v2\/product"}],"about":[{"href":"https:\/\/aztex.ee\/sv\/wp-json\/wp\/v2\/types\/product"}],"replies":[{"embeddable":true,"href":"https:\/\/aztex.ee\/sv\/wp-json\/wp\/v2\/comments?post=81359"}],"version-history":[{"count":0,"href":"https:\/\/aztex.ee\/sv\/wp-json\/wp\/v2\/product\/81359\/revisions"}],"wp:featuredmedia":[{"embeddable":true,"href":"https:\/\/aztex.ee\/sv\/wp-json\/wp\/v2\/media\/81429"}],"wp:attachment":[{"href":"https:\/\/aztex.ee\/sv\/wp-json\/wp\/v2\/media?parent=81359"}],"wp:term":[{"taxonomy":"product_brand","embeddable":true,"href":"https:\/\/aztex.ee\/sv\/wp-json\/wp\/v2\/product_brand?post=81359"},{"taxonomy":"product_cat","embeddable":true,"href":"https:\/\/aztex.ee\/sv\/wp-json\/wp\/v2\/product_cat?post=81359"},{"taxonomy":"product_tag","embeddable":true,"href":"https:\/\/aztex.ee\/sv\/wp-json\/wp\/v2\/product_tag?post=81359"}],"curies":[{"name":"wp","href":"https:\/\/api.w.org\/{rel}","templated":true}]}}