{"id":73245,"date":"2025-03-26T23:20:05","date_gmt":"2025-03-26T23:20:05","guid":{"rendered":"https:\/\/aztex.ee\/?post_type=product&#038;p=73245"},"modified":"2026-04-08T10:48:39","modified_gmt":"2026-04-08T10:48:39","slug":"handduk-35x75-cm","status":"publish","type":"product","link":"https:\/\/aztex.ee\/sv\/pood\/handdukar-och-badlakan\/handduk-35x75-cm\/","title":{"rendered":"Handduk 35&#215;75 cm"},"content":{"rendered":"<p><strong>Bomullshandduk \u2013 mjukhet och l\u00e5ngvarig kvalitet<\/strong><\/p>\n<p>Bomull \u00e4r ett av de mest popul\u00e4ra materialen f\u00f6r att tillverka handdukar, eftersom det \u00e4r naturligt mjukt, andas och hudv\u00e4nligt. Denna handduk \u00e4r gjord av h\u00f6gkvalitativ bomull, som k\u00e4nns behagligt skonsam mot huden och passar \u00e4ven f\u00f6r k\u00e4nslig hud. Den naturliga fibern till\u00e5ter luft att passera igenom, hj\u00e4lper handduken att torka snabbt och ger maximal komfort i dagligt bruk.<\/p>\n<p><strong>Utm\u00e4rkt sugf\u00f6rm\u00e5ga och snabbtorkande<\/strong><\/p>\n<p>En bomullshandduk absorberar fukt snabbt och effektivt, vilket g\u00f6r torkning s\u00e4rskilt bekv\u00e4m och behaglig. Tack vare detta \u00e4r den perfekt f\u00f6r badrummet, bastun och stranden. Dessutom torkar en bomullshandduk snabbt, vilket hj\u00e4lper till att f\u00f6rhindra obehagliga lukter och h\u00e5ller den fr\u00e4sch under l\u00e5ng tid.<\/p>\n<p><strong>H\u00e5llbar och h\u00f6g kvalitet<\/strong><\/p>\n<p>Noggrant utvalt material och starka s\u00f6mmar s\u00e4kerst\u00e4ller att handduken t\u00e5l frekvent tv\u00e4ttning och bibeh\u00e5ller sin mjukhet och goda uppsugningsf\u00f6rm\u00e5ga under l\u00e5ng tid. Tack vare den h\u00f6gkvalitativa v\u00e4vtekniken blir handduken inte snabbt kvav eller tappar sin ursprungliga form. Detta inneb\u00e4r att den alltid kommer att f\u00f6rbli mjuk och en p\u00e5litlig f\u00f6ljeslagare i flera \u00e5r.<\/p>\n<p><strong>Snygg och m\u00e5ngsidig<\/strong><\/p>\n<p>Bomullshandduken finns i flera vackra f\u00e4rger f\u00f6r att komplettera alla badrum. Den klassiska och tidl\u00f6sa designen g\u00f6r den l\u00e4tt att kombinera med andra badrumstextilier.<\/p>\n<p><strong>L\u00e4ttsk\u00f6tt och l\u00e5ngvarig fr\u00e4sch\u00f6r<\/strong><\/p>\n<p>Bomullshandduken \u00e4r l\u00e4ttsk\u00f6tt, maskintv\u00e4ttbar och beh\u00e5ller sin f\u00e4rg och mjukhet \u00e4ven efter flera tv\u00e4ttar. F\u00f6r b\u00e4sta resultat rekommenderas att tv\u00e4tta handduken vid l\u00e4gre temperatur och undvika \u00f6verdriven anv\u00e4ndning av sk\u00f6ljmedel, vilket kan p\u00e5verka uppsugningsf\u00f6rm\u00e5gan. Med r\u00e4tt sk\u00f6tsel f\u00f6rblir handduken mjuk, absorberande och behagligt fr\u00e4sch under l\u00e5ng tid.<\/p>\n<p>Bomullshandduken erbjuder naturlig mjukhet, utm\u00e4rkt absorptionsf\u00f6rm\u00e5ga och h\u00e5llbarhet, vilket g\u00f6r den till ett p\u00e5litligt och l\u00e5ngvarigt val f\u00f6r dagligt bruk.<\/p>\n","protected":false},"excerpt":{"rendered":"<ul>\n<li>Material: 100% bomull<\/li>\n<li>Storlek: 35\u00d775 cm \u00b13<\/li>\n<li>Vikt: 450g\/m2<\/li>\n<\/ul>\n","protected":false},"featured_media":73279,"comment_status":"open","ping_status":"closed","template":"","meta":[],"product_brand":[],"product_cat":[1742,490,786],"product_tag":[],"class_list":{"0":"post-73245","1":"product","2":"type-product","3":"status-publish","4":"has-post-thumbnail","6":"product_cat-handdukar","7":"product_cat-handdukar-och-badlakan","8":"product_cat-handdukar-35x75-cm","10":"first","11":"instock","12":"shipping-taxable","13":"purchasable","14":"product-type-variable"},"yoast_head":"<!-- This site is optimized with the Yoast SEO plugin v27.3 - https:\/\/yoast.com\/product\/yoast-seo-wordpress\/ -->\n<title>Handduk 35x75 cm - 100% bomull | AZTEX<\/title>\n<meta name=\"description\" content=\"Den mjuka och mycket absorberande bomull handduk \u00e4r det perfekta valet f\u00f6r dagligt bruk, och erbjuder exceptionell kvalitet, l\u00e5ngvarig komfort och ...\" \/>\n<meta name=\"robots\" content=\"index, follow, max-snippet:-1, max-image-preview:large, max-video-preview:-1\" \/>\n<link rel=\"canonical\" href=\"https:\/\/aztex.ee\/sv\/pood\/handdukar-och-badlakan\/handduk-35x75-cm\/\" \/>\n<meta property=\"og:locale\" content=\"sv_SE\" \/>\n<meta property=\"og:type\" content=\"article\" \/>\n<meta property=\"og:title\" content=\"Handduk 35x75 cm - 100% bomull | AZTEX\" \/>\n<meta property=\"og:description\" content=\"Den mjuka och mycket absorberande bomull handduk \u00e4r det perfekta valet f\u00f6r dagligt bruk, och erbjuder exceptionell kvalitet, l\u00e5ngvarig komfort och ...\" \/>\n<meta property=\"og:url\" content=\"https:\/\/aztex.ee\/sv\/pood\/handdukar-och-badlakan\/handduk-35x75-cm\/\" \/>\n<meta property=\"og:site_name\" content=\"AZTEX\" \/>\n<meta property=\"article:publisher\" content=\"https:\/\/www.facebook.com\/AztexEE\" \/>\n<meta property=\"article:modified_time\" content=\"2026-04-08T10:48:39+00:00\" \/>\n<meta property=\"og:image\" content=\"https:\/\/aztex.ee\/wp-content\/uploads\/2025\/03\/Puuvillane-ratik-35x75-cm.jpg\" \/>\n\t<meta property=\"og:image:width\" content=\"800\" \/>\n\t<meta property=\"og:image:height\" content=\"800\" \/>\n\t<meta property=\"og:image:type\" content=\"image\/jpeg\" \/>\n<meta name=\"twitter:card\" content=\"summary_large_image\" \/>\n<meta name=\"twitter:label1\" content=\"Ber\u00e4knad l\u00e4stid\" \/>\n\t<meta name=\"twitter:data1\" content=\"2 minuter\" \/>\n<script type=\"application\/ld+json\" class=\"yoast-schema-graph\">{\"@context\":\"https:\\\/\\\/schema.org\",\"@graph\":[{\"@type\":[\"WebPage\",\"ItemPage\"],\"@id\":\"https:\\\/\\\/aztex.ee\\\/sv\\\/pood\\\/handdukar-och-badlakan\\\/handduk-35x75-cm\\\/\",\"url\":\"https:\\\/\\\/aztex.ee\\\/sv\\\/pood\\\/handdukar-och-badlakan\\\/handduk-35x75-cm\\\/\",\"name\":\"Handduk 35x75 cm - 100% bomull | AZTEX\",\"isPartOf\":{\"@id\":\"https:\\\/\\\/aztex.ee\\\/sv\\\/#website\"},\"primaryImageOfPage\":{\"@id\":\"https:\\\/\\\/aztex.ee\\\/sv\\\/pood\\\/handdukar-och-badlakan\\\/handduk-35x75-cm\\\/#primaryimage\"},\"image\":{\"@id\":\"https:\\\/\\\/aztex.ee\\\/sv\\\/pood\\\/handdukar-och-badlakan\\\/handduk-35x75-cm\\\/#primaryimage\"},\"thumbnailUrl\":\"https:\\\/\\\/aztex.ee\\\/wp-content\\\/uploads\\\/2025\\\/03\\\/Puuvillane-ratik-35x75-cm.jpg\",\"datePublished\":\"2025-03-26T23:20:05+00:00\",\"dateModified\":\"2026-04-08T10:48:39+00:00\",\"description\":\"Den mjuka och mycket absorberande bomull handduk \u00e4r det perfekta valet f\u00f6r dagligt bruk, och erbjuder exceptionell kvalitet, l\u00e5ngvarig komfort och ...\",\"breadcrumb\":{\"@id\":\"https:\\\/\\\/aztex.ee\\\/sv\\\/pood\\\/handdukar-och-badlakan\\\/handduk-35x75-cm\\\/#breadcrumb\"},\"inLanguage\":\"sv-SE\",\"potentialAction\":[{\"@type\":\"ReadAction\",\"target\":[\"https:\\\/\\\/aztex.ee\\\/sv\\\/pood\\\/handdukar-och-badlakan\\\/handduk-35x75-cm\\\/\"]}]},{\"@type\":\"ImageObject\",\"inLanguage\":\"sv-SE\",\"@id\":\"https:\\\/\\\/aztex.ee\\\/sv\\\/pood\\\/handdukar-och-badlakan\\\/handduk-35x75-cm\\\/#primaryimage\",\"url\":\"https:\\\/\\\/aztex.ee\\\/wp-content\\\/uploads\\\/2025\\\/03\\\/Puuvillane-ratik-35x75-cm.jpg\",\"contentUrl\":\"https:\\\/\\\/aztex.ee\\\/wp-content\\\/uploads\\\/2025\\\/03\\\/Puuvillane-ratik-35x75-cm.jpg\",\"width\":800,\"height\":800,\"caption\":\"Puuvillane r\u00e4tik 35x75 cm\"},{\"@type\":\"BreadcrumbList\",\"@id\":\"https:\\\/\\\/aztex.ee\\\/sv\\\/pood\\\/handdukar-och-badlakan\\\/handduk-35x75-cm\\\/#breadcrumb\",\"itemListElement\":[{\"@type\":\"ListItem\",\"position\":1,\"name\":\"Hem\",\"item\":\"https:\\\/\\\/aztex.ee\\\/sv\\\/\"},{\"@type\":\"ListItem\",\"position\":2,\"name\":\"Butik\",\"item\":\"https:\\\/\\\/aztex.ee\\\/sv\\\/butik\\\/\"},{\"@type\":\"ListItem\",\"position\":3,\"name\":\"Handduk 35&#215;75 cm\"}]},{\"@type\":\"WebSite\",\"@id\":\"https:\\\/\\\/aztex.ee\\\/sv\\\/#website\",\"url\":\"https:\\\/\\\/aztex.ee\\\/sv\\\/\",\"name\":\"AZTEX\",\"description\":\"\",\"publisher\":{\"@id\":\"https:\\\/\\\/aztex.ee\\\/sv\\\/#organization\"},\"potentialAction\":[{\"@type\":\"SearchAction\",\"target\":{\"@type\":\"EntryPoint\",\"urlTemplate\":\"https:\\\/\\\/aztex.ee\\\/sv\\\/?s={search_term_string}\"},\"query-input\":{\"@type\":\"PropertyValueSpecification\",\"valueRequired\":true,\"valueName\":\"search_term_string\"}}],\"inLanguage\":\"sv-SE\"},{\"@type\":\"Organization\",\"@id\":\"https:\\\/\\\/aztex.ee\\\/sv\\\/#organization\",\"name\":\"AZTEX\",\"url\":\"https:\\\/\\\/aztex.ee\\\/sv\\\/\",\"logo\":{\"@type\":\"ImageObject\",\"inLanguage\":\"sv-SE\",\"@id\":\"https:\\\/\\\/aztex.ee\\\/sv\\\/#\\\/schema\\\/logo\\\/image\\\/\",\"url\":\"https:\\\/\\\/aztex.ee\\\/wp-content\\\/uploads\\\/2026\\\/01\\\/AZTEX.png\",\"contentUrl\":\"https:\\\/\\\/aztex.ee\\\/wp-content\\\/uploads\\\/2026\\\/01\\\/AZTEX.png\",\"width\":500,\"height\":500,\"caption\":\"AZTEX\"},\"image\":{\"@id\":\"https:\\\/\\\/aztex.ee\\\/sv\\\/#\\\/schema\\\/logo\\\/image\\\/\"},\"sameAs\":[\"https:\\\/\\\/www.facebook.com\\\/AztexEE\",\"https:\\\/\\\/www.instagram.com\\\/aztexeesti\\\/\",\"https:\\\/\\\/www.youtube.com\\\/@AZTEXEE\",\"https:\\\/\\\/www.pinterest.com\\\/aztex_eesti\\\/\",\"https:\\\/\\\/www.tiktok.com\\\/@aztexeesti\",\"https:\\\/\\\/www.trustpilot.com\\\/review\\\/aztex.ee\",\"https:\\\/\\\/www.linkedin.com\\\/company\\\/aztex-ee\\\/\",\"https:\\\/\\\/www.wikidata.org\\\/wiki\\\/Q137560182\"]}]}<\/script>\n<!-- \/ Yoast SEO plugin. -->","yoast_head_json":{"title":"Handduk 35x75 cm - 100% bomull | AZTEX","description":"Den mjuka och mycket absorberande bomull handduk \u00e4r det perfekta valet f\u00f6r dagligt bruk, och erbjuder exceptionell kvalitet, l\u00e5ngvarig komfort och ...","robots":{"index":"index","follow":"follow","max-snippet":"max-snippet:-1","max-image-preview":"max-image-preview:large","max-video-preview":"max-video-preview:-1"},"canonical":"https:\/\/aztex.ee\/sv\/pood\/handdukar-och-badlakan\/handduk-35x75-cm\/","og_locale":"sv_SE","og_type":"article","og_title":"Handduk 35x75 cm - 100% bomull | AZTEX","og_description":"Den mjuka och mycket absorberande bomull handduk \u00e4r det perfekta valet f\u00f6r dagligt bruk, och erbjuder exceptionell kvalitet, l\u00e5ngvarig komfort och ...","og_url":"https:\/\/aztex.ee\/sv\/pood\/handdukar-och-badlakan\/handduk-35x75-cm\/","og_site_name":"AZTEX","article_publisher":"https:\/\/www.facebook.com\/AztexEE","article_modified_time":"2026-04-08T10:48:39+00:00","og_image":[{"width":800,"height":800,"url":"https:\/\/aztex.ee\/wp-content\/uploads\/2025\/03\/Puuvillane-ratik-35x75-cm.jpg","type":"image\/jpeg"}],"twitter_card":"summary_large_image","twitter_misc":{"Ber\u00e4knad l\u00e4stid":"2 minuter"},"schema":{"@context":"https:\/\/schema.org","@graph":[{"@type":["WebPage","ItemPage"],"@id":"https:\/\/aztex.ee\/sv\/pood\/handdukar-och-badlakan\/handduk-35x75-cm\/","url":"https:\/\/aztex.ee\/sv\/pood\/handdukar-och-badlakan\/handduk-35x75-cm\/","name":"Handduk 35x75 cm - 100% bomull | AZTEX","isPartOf":{"@id":"https:\/\/aztex.ee\/sv\/#website"},"primaryImageOfPage":{"@id":"https:\/\/aztex.ee\/sv\/pood\/handdukar-och-badlakan\/handduk-35x75-cm\/#primaryimage"},"image":{"@id":"https:\/\/aztex.ee\/sv\/pood\/handdukar-och-badlakan\/handduk-35x75-cm\/#primaryimage"},"thumbnailUrl":"https:\/\/aztex.ee\/wp-content\/uploads\/2025\/03\/Puuvillane-ratik-35x75-cm.jpg","datePublished":"2025-03-26T23:20:05+00:00","dateModified":"2026-04-08T10:48:39+00:00","description":"Den mjuka och mycket absorberande bomull handduk \u00e4r det perfekta valet f\u00f6r dagligt bruk, och erbjuder exceptionell kvalitet, l\u00e5ngvarig komfort och ...","breadcrumb":{"@id":"https:\/\/aztex.ee\/sv\/pood\/handdukar-och-badlakan\/handduk-35x75-cm\/#breadcrumb"},"inLanguage":"sv-SE","potentialAction":[{"@type":"ReadAction","target":["https:\/\/aztex.ee\/sv\/pood\/handdukar-och-badlakan\/handduk-35x75-cm\/"]}]},{"@type":"ImageObject","inLanguage":"sv-SE","@id":"https:\/\/aztex.ee\/sv\/pood\/handdukar-och-badlakan\/handduk-35x75-cm\/#primaryimage","url":"https:\/\/aztex.ee\/wp-content\/uploads\/2025\/03\/Puuvillane-ratik-35x75-cm.jpg","contentUrl":"https:\/\/aztex.ee\/wp-content\/uploads\/2025\/03\/Puuvillane-ratik-35x75-cm.jpg","width":800,"height":800,"caption":"Puuvillane r\u00e4tik 35x75 cm"},{"@type":"BreadcrumbList","@id":"https:\/\/aztex.ee\/sv\/pood\/handdukar-och-badlakan\/handduk-35x75-cm\/#breadcrumb","itemListElement":[{"@type":"ListItem","position":1,"name":"Hem","item":"https:\/\/aztex.ee\/sv\/"},{"@type":"ListItem","position":2,"name":"Butik","item":"https:\/\/aztex.ee\/sv\/butik\/"},{"@type":"ListItem","position":3,"name":"Handduk 35&#215;75 cm"}]},{"@type":"WebSite","@id":"https:\/\/aztex.ee\/sv\/#website","url":"https:\/\/aztex.ee\/sv\/","name":"AZTEX","description":"","publisher":{"@id":"https:\/\/aztex.ee\/sv\/#organization"},"potentialAction":[{"@type":"SearchAction","target":{"@type":"EntryPoint","urlTemplate":"https:\/\/aztex.ee\/sv\/?s={search_term_string}"},"query-input":{"@type":"PropertyValueSpecification","valueRequired":true,"valueName":"search_term_string"}}],"inLanguage":"sv-SE"},{"@type":"Organization","@id":"https:\/\/aztex.ee\/sv\/#organization","name":"AZTEX","url":"https:\/\/aztex.ee\/sv\/","logo":{"@type":"ImageObject","inLanguage":"sv-SE","@id":"https:\/\/aztex.ee\/sv\/#\/schema\/logo\/image\/","url":"https:\/\/aztex.ee\/wp-content\/uploads\/2026\/01\/AZTEX.png","contentUrl":"https:\/\/aztex.ee\/wp-content\/uploads\/2026\/01\/AZTEX.png","width":500,"height":500,"caption":"AZTEX"},"image":{"@id":"https:\/\/aztex.ee\/sv\/#\/schema\/logo\/image\/"},"sameAs":["https:\/\/www.facebook.com\/AztexEE","https:\/\/www.instagram.com\/aztexeesti\/","https:\/\/www.youtube.com\/@AZTEXEE","https:\/\/www.pinterest.com\/aztex_eesti\/","https:\/\/www.tiktok.com\/@aztexeesti","https:\/\/www.trustpilot.com\/review\/aztex.ee","https:\/\/www.linkedin.com\/company\/aztex-ee\/","https:\/\/www.wikidata.org\/wiki\/Q137560182"]}]}},"_links":{"self":[{"href":"https:\/\/aztex.ee\/sv\/wp-json\/wp\/v2\/product\/73245","targetHints":{"allow":["GET"]}}],"collection":[{"href":"https:\/\/aztex.ee\/sv\/wp-json\/wp\/v2\/product"}],"about":[{"href":"https:\/\/aztex.ee\/sv\/wp-json\/wp\/v2\/types\/product"}],"replies":[{"embeddable":true,"href":"https:\/\/aztex.ee\/sv\/wp-json\/wp\/v2\/comments?post=73245"}],"version-history":[{"count":0,"href":"https:\/\/aztex.ee\/sv\/wp-json\/wp\/v2\/product\/73245\/revisions"}],"wp:featuredmedia":[{"embeddable":true,"href":"https:\/\/aztex.ee\/sv\/wp-json\/wp\/v2\/media\/73279"}],"wp:attachment":[{"href":"https:\/\/aztex.ee\/sv\/wp-json\/wp\/v2\/media?parent=73245"}],"wp:term":[{"taxonomy":"product_brand","embeddable":true,"href":"https:\/\/aztex.ee\/sv\/wp-json\/wp\/v2\/product_brand?post=73245"},{"taxonomy":"product_cat","embeddable":true,"href":"https:\/\/aztex.ee\/sv\/wp-json\/wp\/v2\/product_cat?post=73245"},{"taxonomy":"product_tag","embeddable":true,"href":"https:\/\/aztex.ee\/sv\/wp-json\/wp\/v2\/product_tag?post=73245"}],"curies":[{"name":"wp","href":"https:\/\/api.w.org\/{rel}","templated":true}]}}