{"id":69279,"date":"2025-03-20T07:14:30","date_gmt":"2025-03-20T07:14:30","guid":{"rendered":"https:\/\/aztex.ee\/?post_type=product&#038;p=69279"},"modified":"2026-03-27T14:59:32","modified_gmt":"2026-03-27T14:59:32","slug":"kudd-filt-2-i-1","status":"publish","type":"product","link":"https:\/\/aztex.ee\/sv\/pood\/barnens-varld\/kudd-filt-2-i-1\/","title":{"rendered":"Kudd filt 2 i 1"},"content":{"rendered":"<p><strong>Barnkudde och filt 2 i 1 &#8211; perfekt komfort och praktiskt i alla situationer<\/strong><\/p>\n<p><strong>En kompakt och platsbesparande l\u00f6sning f\u00f6r alla milj\u00f6er<\/strong><\/p>\n<p>Barnkudden och filten 2 i 1 \u00e4r den idealiska l\u00f6sningen f\u00f6r barn som beh\u00f6ver komfort och v\u00e4rme i alla situationer. Den kompakta och l\u00e4tta att b\u00e4ra designen g\u00f6r den till ett utm\u00e4rkt val f\u00f6r hemmet, resor eller barnens sovrum. Den exceptionella utrymmesbesparande designen s\u00e4kerst\u00e4ller att produkten ocks\u00e5 passar perfekt i bilen, vilket ger barn v\u00e4rme och komfort n\u00e4r som helst n\u00e4r de beh\u00f6ver det som mest. Det spelar ingen roll om du \u00e4r hemma eller p\u00e5 resande fot &#8211; denna 2 i 1-l\u00f6sning garanterar en bekv\u00e4m semester var som helst.<\/p>\n<p><strong>M\u00e5ngsidig och praktisk i alla situationer<\/strong><\/p>\n<p>Denna m\u00e5ngsidiga produkt \u00e4r l\u00e4mplig f\u00f6r alla tillf\u00e4llen, inklusive barns vardag. Oavsett om det \u00e4r att koppla av hemma efter skolan eller n\u00e4r du reser &#8211; den h\u00e4r produkten erbjuder precis vad ditt barn beh\u00f6ver n\u00e4r som helst. Kompakt och l\u00e4tt att anv\u00e4nda, den \u00e4r ocks\u00e5 perfekt f\u00f6r camping, semester och \u00e4ven bilresor. Denna produkt ger v\u00e4rme och komfort f\u00f6r barn var de \u00e4n beh\u00f6ver det.<\/p>\n<p><strong>L\u00e4tt att anv\u00e4nda och underh\u00e5lla<\/strong><\/p>\n<p>2 i 1 barnkudden och filten \u00e4r gjorda av de b\u00e4sta materialen f\u00f6r att s\u00e4kerst\u00e4lla l\u00e5ngvarig h\u00e5llbarhet. Den \u00e4r designad f\u00f6r att vara enkel att inte bara anv\u00e4nda utan ocks\u00e5 att underh\u00e5lla. F\u00f6r barnfamiljer, d\u00e4r snabbhet och enkelhet \u00e4r viktigt, erbjuder denna produkt stor komfort och funktionalitet. Tack vare den enkla sk\u00f6tseln kan den enkelt tv\u00e4ttas f\u00f6r att s\u00e4kerst\u00e4lla hygien och fr\u00e4sch\u00f6r vid daglig anv\u00e4ndning.<\/p>\n<p><strong>Det perfekta reses\u00e4llskapet och hemtill\u00e4gget f\u00f6r barn<\/strong><\/p>\n<p>Denna 2 i 1 kudde och filt \u00e4r den perfekta reses\u00e4llskapen, eftersom den \u00e4r l\u00e4tt, kompakt och praktisk. Ta den med dig hela tiden f\u00f6r att s\u00e4kerst\u00e4lla avkoppling och v\u00e4rme f\u00f6r barn n\u00e4r som helst. Hemma kommer det att perfekt komplettera barnrummet och ge perfekt komfort f\u00f6r varje anv\u00e4ndare. Oavsett om du reser eller kopplar av hemma &#8211; 2 i 1 kudden och filten kommer att g\u00f6ra varje \u00f6gonblick roligare, och vara den perfekta f\u00f6ljeslagaren f\u00f6r varje litet \u00e4ventyr.<\/p>\n","protected":false},"excerpt":{"rendered":"<ul>\n<li>Material: Korallfleece<\/li>\n<li>Storlek: 40&#215;40 cm \u2013 \u00f6ppnad 105&#215;155 cm<\/li>\n<li>Vikt: 1,1 kg<\/li>\n<\/ul>\n","protected":false},"featured_media":69317,"comment_status":"open","ping_status":"closed","template":"","meta":[],"product_brand":[],"product_cat":[2225,2247],"product_tag":[],"class_list":{"0":"post-69279","1":"product","2":"type-product","3":"status-publish","4":"has-post-thumbnail","6":"product_cat-barnens-varld","7":"product_cat-barnfiltar","9":"first","10":"instock","11":"shipping-taxable","12":"purchasable","13":"product-type-variable"},"yoast_head":"<!-- This site is optimized with the Yoast SEO plugin v27.3 - https:\/\/yoast.com\/product\/yoast-seo-wordpress\/ -->\n<title>Kudd filt 2 i 1 | AZTEX<\/title>\n<meta name=\"description\" content=\"2 i 1 barnkudden och filten \u00e4r en kompakt, h\u00f6gkvalitativ och platsbesparande l\u00f6sning som \u00e4r idealisk f\u00f6r att koppla av hemma eller p\u00e5 resa.\" \/>\n<meta name=\"robots\" content=\"index, follow, max-snippet:-1, max-image-preview:large, max-video-preview:-1\" \/>\n<link rel=\"canonical\" href=\"https:\/\/aztex.ee\/sv\/pood\/barnens-varld\/kudd-filt-2-i-1\/\" \/>\n<meta property=\"og:locale\" content=\"sv_SE\" \/>\n<meta property=\"og:type\" content=\"article\" \/>\n<meta property=\"og:title\" content=\"Kudd filt 2 i 1 | AZTEX\" \/>\n<meta property=\"og:description\" content=\"2 i 1 barnkudden och filten \u00e4r en kompakt, h\u00f6gkvalitativ och platsbesparande l\u00f6sning som \u00e4r idealisk f\u00f6r att koppla av hemma eller p\u00e5 resa.\" \/>\n<meta property=\"og:url\" content=\"https:\/\/aztex.ee\/sv\/pood\/barnens-varld\/kudd-filt-2-i-1\/\" \/>\n<meta property=\"og:site_name\" content=\"AZTEX\" \/>\n<meta property=\"article:publisher\" content=\"https:\/\/www.facebook.com\/AztexEE\" \/>\n<meta property=\"article:modified_time\" content=\"2026-03-27T14:59:32+00:00\" \/>\n<meta property=\"og:image\" content=\"https:\/\/aztex.ee\/wp-content\/uploads\/2025\/03\/Padi-ja-tekk-2-in-1.jpg\" \/>\n\t<meta property=\"og:image:width\" content=\"800\" \/>\n\t<meta property=\"og:image:height\" content=\"800\" \/>\n\t<meta property=\"og:image:type\" content=\"image\/jpeg\" \/>\n<meta name=\"twitter:card\" content=\"summary_large_image\" \/>\n<meta name=\"twitter:label1\" content=\"Ber\u00e4knad l\u00e4stid\" \/>\n\t<meta name=\"twitter:data1\" content=\"3 minuter\" \/>\n<script type=\"application\/ld+json\" class=\"yoast-schema-graph\">{\"@context\":\"https:\\\/\\\/schema.org\",\"@graph\":[{\"@type\":[\"WebPage\",\"ItemPage\"],\"@id\":\"https:\\\/\\\/aztex.ee\\\/sv\\\/pood\\\/barnens-varld\\\/kudd-filt-2-i-1\\\/\",\"url\":\"https:\\\/\\\/aztex.ee\\\/sv\\\/pood\\\/barnens-varld\\\/kudd-filt-2-i-1\\\/\",\"name\":\"Kudd filt 2 i 1 | AZTEX\",\"isPartOf\":{\"@id\":\"https:\\\/\\\/aztex.ee\\\/sv\\\/#website\"},\"primaryImageOfPage\":{\"@id\":\"https:\\\/\\\/aztex.ee\\\/sv\\\/pood\\\/barnens-varld\\\/kudd-filt-2-i-1\\\/#primaryimage\"},\"image\":{\"@id\":\"https:\\\/\\\/aztex.ee\\\/sv\\\/pood\\\/barnens-varld\\\/kudd-filt-2-i-1\\\/#primaryimage\"},\"thumbnailUrl\":\"https:\\\/\\\/aztex.ee\\\/wp-content\\\/uploads\\\/2025\\\/03\\\/Padi-ja-tekk-2-in-1.jpg\",\"datePublished\":\"2025-03-20T07:14:30+00:00\",\"dateModified\":\"2026-03-27T14:59:32+00:00\",\"description\":\"2 i 1 barnkudden och filten \u00e4r en kompakt, h\u00f6gkvalitativ och platsbesparande l\u00f6sning som \u00e4r idealisk f\u00f6r att koppla av hemma eller p\u00e5 resa.\",\"breadcrumb\":{\"@id\":\"https:\\\/\\\/aztex.ee\\\/sv\\\/pood\\\/barnens-varld\\\/kudd-filt-2-i-1\\\/#breadcrumb\"},\"inLanguage\":\"sv-SE\",\"potentialAction\":[{\"@type\":\"ReadAction\",\"target\":[\"https:\\\/\\\/aztex.ee\\\/sv\\\/pood\\\/barnens-varld\\\/kudd-filt-2-i-1\\\/\"]}]},{\"@type\":\"ImageObject\",\"inLanguage\":\"sv-SE\",\"@id\":\"https:\\\/\\\/aztex.ee\\\/sv\\\/pood\\\/barnens-varld\\\/kudd-filt-2-i-1\\\/#primaryimage\",\"url\":\"https:\\\/\\\/aztex.ee\\\/wp-content\\\/uploads\\\/2025\\\/03\\\/Padi-ja-tekk-2-in-1.jpg\",\"contentUrl\":\"https:\\\/\\\/aztex.ee\\\/wp-content\\\/uploads\\\/2025\\\/03\\\/Padi-ja-tekk-2-in-1.jpg\",\"width\":800,\"height\":800,\"caption\":\"Padi ja tekk 2 in 1\"},{\"@type\":\"BreadcrumbList\",\"@id\":\"https:\\\/\\\/aztex.ee\\\/sv\\\/pood\\\/barnens-varld\\\/kudd-filt-2-i-1\\\/#breadcrumb\",\"itemListElement\":[{\"@type\":\"ListItem\",\"position\":1,\"name\":\"Hem\",\"item\":\"https:\\\/\\\/aztex.ee\\\/sv\\\/\"},{\"@type\":\"ListItem\",\"position\":2,\"name\":\"Butik\",\"item\":\"https:\\\/\\\/aztex.ee\\\/sv\\\/butik\\\/\"},{\"@type\":\"ListItem\",\"position\":3,\"name\":\"Kudd filt 2 i 1\"}]},{\"@type\":\"WebSite\",\"@id\":\"https:\\\/\\\/aztex.ee\\\/sv\\\/#website\",\"url\":\"https:\\\/\\\/aztex.ee\\\/sv\\\/\",\"name\":\"AZTEX\",\"description\":\"\",\"publisher\":{\"@id\":\"https:\\\/\\\/aztex.ee\\\/sv\\\/#organization\"},\"potentialAction\":[{\"@type\":\"SearchAction\",\"target\":{\"@type\":\"EntryPoint\",\"urlTemplate\":\"https:\\\/\\\/aztex.ee\\\/sv\\\/?s={search_term_string}\"},\"query-input\":{\"@type\":\"PropertyValueSpecification\",\"valueRequired\":true,\"valueName\":\"search_term_string\"}}],\"inLanguage\":\"sv-SE\"},{\"@type\":\"Organization\",\"@id\":\"https:\\\/\\\/aztex.ee\\\/sv\\\/#organization\",\"name\":\"AZTEX\",\"url\":\"https:\\\/\\\/aztex.ee\\\/sv\\\/\",\"logo\":{\"@type\":\"ImageObject\",\"inLanguage\":\"sv-SE\",\"@id\":\"https:\\\/\\\/aztex.ee\\\/sv\\\/#\\\/schema\\\/logo\\\/image\\\/\",\"url\":\"https:\\\/\\\/aztex.ee\\\/wp-content\\\/uploads\\\/2026\\\/01\\\/AZTEX.png\",\"contentUrl\":\"https:\\\/\\\/aztex.ee\\\/wp-content\\\/uploads\\\/2026\\\/01\\\/AZTEX.png\",\"width\":500,\"height\":500,\"caption\":\"AZTEX\"},\"image\":{\"@id\":\"https:\\\/\\\/aztex.ee\\\/sv\\\/#\\\/schema\\\/logo\\\/image\\\/\"},\"sameAs\":[\"https:\\\/\\\/www.facebook.com\\\/AztexEE\",\"https:\\\/\\\/www.instagram.com\\\/aztexeesti\\\/\",\"https:\\\/\\\/www.youtube.com\\\/@AZTEXEE\",\"https:\\\/\\\/www.pinterest.com\\\/aztex_eesti\\\/\",\"https:\\\/\\\/www.tiktok.com\\\/@aztexeesti\",\"https:\\\/\\\/www.trustpilot.com\\\/review\\\/aztex.ee\",\"https:\\\/\\\/www.linkedin.com\\\/company\\\/aztex-ee\\\/\",\"https:\\\/\\\/www.wikidata.org\\\/wiki\\\/Q137560182\"]}]}<\/script>\n<!-- \/ Yoast SEO plugin. -->","yoast_head_json":{"title":"Kudd filt 2 i 1 | AZTEX","description":"2 i 1 barnkudden och filten \u00e4r en kompakt, h\u00f6gkvalitativ och platsbesparande l\u00f6sning som \u00e4r idealisk f\u00f6r att koppla av hemma eller p\u00e5 resa.","robots":{"index":"index","follow":"follow","max-snippet":"max-snippet:-1","max-image-preview":"max-image-preview:large","max-video-preview":"max-video-preview:-1"},"canonical":"https:\/\/aztex.ee\/sv\/pood\/barnens-varld\/kudd-filt-2-i-1\/","og_locale":"sv_SE","og_type":"article","og_title":"Kudd filt 2 i 1 | AZTEX","og_description":"2 i 1 barnkudden och filten \u00e4r en kompakt, h\u00f6gkvalitativ och platsbesparande l\u00f6sning som \u00e4r idealisk f\u00f6r att koppla av hemma eller p\u00e5 resa.","og_url":"https:\/\/aztex.ee\/sv\/pood\/barnens-varld\/kudd-filt-2-i-1\/","og_site_name":"AZTEX","article_publisher":"https:\/\/www.facebook.com\/AztexEE","article_modified_time":"2026-03-27T14:59:32+00:00","og_image":[{"width":800,"height":800,"url":"https:\/\/aztex.ee\/wp-content\/uploads\/2025\/03\/Padi-ja-tekk-2-in-1.jpg","type":"image\/jpeg"}],"twitter_card":"summary_large_image","twitter_misc":{"Ber\u00e4knad l\u00e4stid":"3 minuter"},"schema":{"@context":"https:\/\/schema.org","@graph":[{"@type":["WebPage","ItemPage"],"@id":"https:\/\/aztex.ee\/sv\/pood\/barnens-varld\/kudd-filt-2-i-1\/","url":"https:\/\/aztex.ee\/sv\/pood\/barnens-varld\/kudd-filt-2-i-1\/","name":"Kudd filt 2 i 1 | AZTEX","isPartOf":{"@id":"https:\/\/aztex.ee\/sv\/#website"},"primaryImageOfPage":{"@id":"https:\/\/aztex.ee\/sv\/pood\/barnens-varld\/kudd-filt-2-i-1\/#primaryimage"},"image":{"@id":"https:\/\/aztex.ee\/sv\/pood\/barnens-varld\/kudd-filt-2-i-1\/#primaryimage"},"thumbnailUrl":"https:\/\/aztex.ee\/wp-content\/uploads\/2025\/03\/Padi-ja-tekk-2-in-1.jpg","datePublished":"2025-03-20T07:14:30+00:00","dateModified":"2026-03-27T14:59:32+00:00","description":"2 i 1 barnkudden och filten \u00e4r en kompakt, h\u00f6gkvalitativ och platsbesparande l\u00f6sning som \u00e4r idealisk f\u00f6r att koppla av hemma eller p\u00e5 resa.","breadcrumb":{"@id":"https:\/\/aztex.ee\/sv\/pood\/barnens-varld\/kudd-filt-2-i-1\/#breadcrumb"},"inLanguage":"sv-SE","potentialAction":[{"@type":"ReadAction","target":["https:\/\/aztex.ee\/sv\/pood\/barnens-varld\/kudd-filt-2-i-1\/"]}]},{"@type":"ImageObject","inLanguage":"sv-SE","@id":"https:\/\/aztex.ee\/sv\/pood\/barnens-varld\/kudd-filt-2-i-1\/#primaryimage","url":"https:\/\/aztex.ee\/wp-content\/uploads\/2025\/03\/Padi-ja-tekk-2-in-1.jpg","contentUrl":"https:\/\/aztex.ee\/wp-content\/uploads\/2025\/03\/Padi-ja-tekk-2-in-1.jpg","width":800,"height":800,"caption":"Padi ja tekk 2 in 1"},{"@type":"BreadcrumbList","@id":"https:\/\/aztex.ee\/sv\/pood\/barnens-varld\/kudd-filt-2-i-1\/#breadcrumb","itemListElement":[{"@type":"ListItem","position":1,"name":"Hem","item":"https:\/\/aztex.ee\/sv\/"},{"@type":"ListItem","position":2,"name":"Butik","item":"https:\/\/aztex.ee\/sv\/butik\/"},{"@type":"ListItem","position":3,"name":"Kudd filt 2 i 1"}]},{"@type":"WebSite","@id":"https:\/\/aztex.ee\/sv\/#website","url":"https:\/\/aztex.ee\/sv\/","name":"AZTEX","description":"","publisher":{"@id":"https:\/\/aztex.ee\/sv\/#organization"},"potentialAction":[{"@type":"SearchAction","target":{"@type":"EntryPoint","urlTemplate":"https:\/\/aztex.ee\/sv\/?s={search_term_string}"},"query-input":{"@type":"PropertyValueSpecification","valueRequired":true,"valueName":"search_term_string"}}],"inLanguage":"sv-SE"},{"@type":"Organization","@id":"https:\/\/aztex.ee\/sv\/#organization","name":"AZTEX","url":"https:\/\/aztex.ee\/sv\/","logo":{"@type":"ImageObject","inLanguage":"sv-SE","@id":"https:\/\/aztex.ee\/sv\/#\/schema\/logo\/image\/","url":"https:\/\/aztex.ee\/wp-content\/uploads\/2026\/01\/AZTEX.png","contentUrl":"https:\/\/aztex.ee\/wp-content\/uploads\/2026\/01\/AZTEX.png","width":500,"height":500,"caption":"AZTEX"},"image":{"@id":"https:\/\/aztex.ee\/sv\/#\/schema\/logo\/image\/"},"sameAs":["https:\/\/www.facebook.com\/AztexEE","https:\/\/www.instagram.com\/aztexeesti\/","https:\/\/www.youtube.com\/@AZTEXEE","https:\/\/www.pinterest.com\/aztex_eesti\/","https:\/\/www.tiktok.com\/@aztexeesti","https:\/\/www.trustpilot.com\/review\/aztex.ee","https:\/\/www.linkedin.com\/company\/aztex-ee\/","https:\/\/www.wikidata.org\/wiki\/Q137560182"]}]}},"_links":{"self":[{"href":"https:\/\/aztex.ee\/sv\/wp-json\/wp\/v2\/product\/69279","targetHints":{"allow":["GET"]}}],"collection":[{"href":"https:\/\/aztex.ee\/sv\/wp-json\/wp\/v2\/product"}],"about":[{"href":"https:\/\/aztex.ee\/sv\/wp-json\/wp\/v2\/types\/product"}],"replies":[{"embeddable":true,"href":"https:\/\/aztex.ee\/sv\/wp-json\/wp\/v2\/comments?post=69279"}],"version-history":[{"count":0,"href":"https:\/\/aztex.ee\/sv\/wp-json\/wp\/v2\/product\/69279\/revisions"}],"wp:featuredmedia":[{"embeddable":true,"href":"https:\/\/aztex.ee\/sv\/wp-json\/wp\/v2\/media\/69317"}],"wp:attachment":[{"href":"https:\/\/aztex.ee\/sv\/wp-json\/wp\/v2\/media?parent=69279"}],"wp:term":[{"taxonomy":"product_brand","embeddable":true,"href":"https:\/\/aztex.ee\/sv\/wp-json\/wp\/v2\/product_brand?post=69279"},{"taxonomy":"product_cat","embeddable":true,"href":"https:\/\/aztex.ee\/sv\/wp-json\/wp\/v2\/product_cat?post=69279"},{"taxonomy":"product_tag","embeddable":true,"href":"https:\/\/aztex.ee\/sv\/wp-json\/wp\/v2\/product_tag?post=69279"}],"curies":[{"name":"wp","href":"https:\/\/api.w.org\/{rel}","templated":true}]}}