{"id":63419,"date":"2025-03-08T21:56:28","date_gmt":"2025-03-08T21:56:28","guid":{"rendered":"https:\/\/aztex.ee\/?post_type=product&#038;p=63419"},"modified":"2026-02-27T20:28:59","modified_gmt":"2026-02-27T20:28:59","slug":"tencel-paslakanset-mangul","status":"publish","type":"product","link":"https:\/\/aztex.ee\/sv\/pood\/sangklader\/tencel-paslakanset-mangul\/","title":{"rendered":"Tencel p\u00e5slakanset | M\u00e5ngul"},"content":{"rendered":"<p><strong>Lyxigt Eucalyptus Tencel s\u00e4ngkl\u00e4der set \u2013 silkesmjukt, andningsbart och exceptionellt bekv\u00e4mt<\/strong><\/p>\n<p><strong>Extraordin\u00e4r komfort och kvalitet<\/strong><br \/>\nS\u00e4ngkl\u00e4der set Tencel \u00e4r designat f\u00f6r att s\u00e4kerst\u00e4lla den mest vilsamma och \u00e5terst\u00e4llande s\u00f6mnen, och erbjuder exceptionell komfort och kvalitet. Den \u00e4r tillverkad av Tencel tyg, som kommer fr\u00e5n eukalyptustr\u00e4det, som \u00e4r k\u00e4nt f\u00f6r sin silkeslena mjukhet, andningsf\u00f6rm\u00e5ga och fukttransporterande egenskaper. Tencels s\u00e4ngkl\u00e4der h\u00e5ller dig sval p\u00e5 sommaren och varm p\u00e5 vintern, s\u00e5 att din s\u00f6mn \u00e4r uppfriskande och \u00e5terst\u00e4llande hela tiden.<\/p>\n<p><strong>Lyxig textur och elegant utseende<\/strong><br \/>\nTyget \u00e4r sl\u00e4tt, delikat och behagligt mot huden, vilket ger en verkligt lyxig upplevelse under s\u00f6mnen. Tencel s\u00e4ngkl\u00e4der drapererar vackert, ger s\u00e4ngen en elegant och inbjudande look, vilket g\u00f6r sovrummet till en stilfull plats. Luftigheten och l\u00e4ttheten hj\u00e4lper till att s\u00e4kerst\u00e4lla konstant luftr\u00f6relse f\u00f6r att f\u00f6rhindra nattsvett och h\u00e5lla s\u00e4ngkl\u00e4derna alltid fr\u00e4scha.<\/p>\n<p><strong>H\u00e5llbarhet och h\u00e5llbarhet<\/strong><br \/>\nTencels s\u00e4ngkl\u00e4der \u00e4r slitstarka och l\u00e5ngvariga \u2013 \u00e4ven efter flera tv\u00e4ttar beh\u00e5ller de sin mjukhet, vackra drapering och kvalitet. Att g\u00e5 och l\u00e4gga sig varje kv\u00e4ll blir ett sant n\u00f6je, eftersom s\u00e4ngkl\u00e4derna f\u00f6rblir fr\u00e4scha och behagliga, vilket ger den b\u00e4sta sovupplevelsen.<\/p>\n<p><strong>Det perfekta valet f\u00f6r \u00e4lskare av natur och komfort<\/strong><br \/>\nTencel s\u00e4ngkl\u00e4der set \u00e4r det perfekta valet f\u00f6r dig som uppskattar naturmaterial och vill njuta av h\u00f6gre kvalitet, lyxig komfort och perfekt s\u00f6mn.<\/p>\n","protected":false},"excerpt":{"rendered":"<p>100% ekologisk eukalyptus Tencel s\u00e4ngkl\u00e4der set \u00e4r exceptionellt mjukt, andas och lyxigt.<\/p>\n<ul>\n<li>Material: 100% Tencel<\/li>\n<li>Tr\u00e5dantal: 60S \/ 300TC<\/li>\n<li>P\u00e5slakan: 200\u00d7220 cm<\/li>\n<li>\u00d6rngott: 50\u00d770 cm (2 st)<\/li>\n<li>Lakan: 220\u00d7240 cm<\/li>\n<\/ul>\n<p><img loading=\"lazy\" decoding=\"async\" class=\"alignnone wp-image-63145\" src=\"https:\/\/aztex.ee\/wp-content\/uploads\/2025\/03\/tencel-certified-400x129.png\" alt=\"\" width=\"131\" height=\"42\" srcset=\"https:\/\/aztex.ee\/wp-content\/uploads\/2025\/03\/tencel-certified-400x129.png 400w, https:\/\/aztex.ee\/wp-content\/uploads\/2025\/03\/tencel-certified-430x139.png 430w, https:\/\/aztex.ee\/wp-content\/uploads\/2025\/03\/tencel-certified-150x49.png 150w, https:\/\/aztex.ee\/wp-content\/uploads\/2025\/03\/tencel-certified.png 516w\" sizes=\"auto, (max-width: 131px) 100vw, 131px\" \/><img loading=\"lazy\" decoding=\"async\" class=\"alignnone wp-image-63168\" src=\"https:\/\/aztex.ee\/wp-content\/uploads\/2025\/03\/oeko-tex-standard-100.png\" alt=\"\" width=\"130\" height=\"43\" srcset=\"https:\/\/aztex.ee\/wp-content\/uploads\/2025\/03\/oeko-tex-standard-100.png 200w, https:\/\/aztex.ee\/wp-content\/uploads\/2025\/03\/oeko-tex-standard-100-150x50.png 150w\" sizes=\"auto, (max-width: 130px) 100vw, 130px\" \/><\/p>\n<p>Tencel s\u00e4ngkl\u00e4der set \u00e4r f\u00f6rpackat i en p\u00e5se gjord av samma Tencel-tyg, vilket tillf\u00f6r extra elegans till produkten och g\u00f6r den \u00e4nnu mer speciell.<\/p>\n","protected":false},"featured_media":63447,"comment_status":"open","ping_status":"closed","template":"","meta":[],"product_brand":[],"product_cat":[113,507,187,4569],"product_tag":[],"class_list":{"0":"post-63419","1":"product","2":"type-product","3":"status-publish","4":"has-post-thumbnail","6":"product_cat-sangklader","7":"product_cat-sangklader-set","8":"product_cat-tencel-sangklader","9":"product_cat-tencel-sangklader-set","11":"first","12":"instock","13":"shipping-taxable","14":"purchasable","15":"product-type-simple"},"yoast_head":"<!-- This site is optimized with the Yoast SEO plugin v27.4 - https:\/\/yoast.com\/product\/yoast-seo-wordpress\/ -->\n<title>Tencel p\u00e5slakanset - M\u00e5ngul | AZTEX<\/title>\n<meta name=\"description\" content=\"Lyxigt Tencel s\u00e4ngkl\u00e4der set \u00e4r silkeslen, andas och skonsamt mot huden. Dess l\u00e4tta och smidiga konsistens s\u00e4kerst\u00e4ller en fr\u00e4sch och bekv\u00e4m\" \/>\n<meta name=\"robots\" content=\"index, follow, max-snippet:-1, max-image-preview:large, max-video-preview:-1\" \/>\n<link rel=\"canonical\" href=\"https:\/\/aztex.ee\/sv\/pood\/sangklader\/tencel-paslakanset-mangul\/\" \/>\n<meta property=\"og:locale\" content=\"sv_SE\" \/>\n<meta property=\"og:type\" content=\"article\" \/>\n<meta property=\"og:title\" content=\"Tencel p\u00e5slakanset - M\u00e5ngul | AZTEX\" \/>\n<meta property=\"og:description\" content=\"Lyxigt Tencel s\u00e4ngkl\u00e4der set \u00e4r silkeslen, andas och skonsamt mot huden. Dess l\u00e4tta och smidiga konsistens s\u00e4kerst\u00e4ller en fr\u00e4sch och bekv\u00e4m\" \/>\n<meta property=\"og:url\" content=\"https:\/\/aztex.ee\/sv\/pood\/sangklader\/tencel-paslakanset-mangul\/\" \/>\n<meta property=\"og:site_name\" content=\"AZTEX\" \/>\n<meta property=\"article:publisher\" content=\"https:\/\/www.facebook.com\/AztexEE\" \/>\n<meta property=\"article:modified_time\" content=\"2026-02-27T20:28:59+00:00\" \/>\n<meta property=\"og:image\" content=\"https:\/\/aztex.ee\/wp-content\/uploads\/2025\/03\/Tencel-voodipesukomplekt-Kuukollane.jpg\" \/>\n\t<meta property=\"og:image:width\" content=\"800\" \/>\n\t<meta property=\"og:image:height\" content=\"800\" \/>\n\t<meta property=\"og:image:type\" content=\"image\/jpeg\" \/>\n<meta name=\"twitter:card\" content=\"summary_large_image\" \/>\n<meta name=\"twitter:label1\" content=\"Ber\u00e4knad l\u00e4stid\" \/>\n\t<meta name=\"twitter:data1\" content=\"2 minuter\" \/>\n<script type=\"application\/ld+json\" class=\"yoast-schema-graph\">{\"@context\":\"https:\\\/\\\/schema.org\",\"@graph\":[{\"@type\":[\"WebPage\",\"ItemPage\"],\"@id\":\"https:\\\/\\\/aztex.ee\\\/sv\\\/pood\\\/sangklader\\\/tencel-paslakanset-mangul\\\/\",\"url\":\"https:\\\/\\\/aztex.ee\\\/sv\\\/pood\\\/sangklader\\\/tencel-paslakanset-mangul\\\/\",\"name\":\"Tencel p\u00e5slakanset - M\u00e5ngul | AZTEX\",\"isPartOf\":{\"@id\":\"https:\\\/\\\/aztex.ee\\\/sv\\\/#website\"},\"primaryImageOfPage\":{\"@id\":\"https:\\\/\\\/aztex.ee\\\/sv\\\/pood\\\/sangklader\\\/tencel-paslakanset-mangul\\\/#primaryimage\"},\"image\":{\"@id\":\"https:\\\/\\\/aztex.ee\\\/sv\\\/pood\\\/sangklader\\\/tencel-paslakanset-mangul\\\/#primaryimage\"},\"thumbnailUrl\":\"https:\\\/\\\/aztex.ee\\\/wp-content\\\/uploads\\\/2025\\\/03\\\/Tencel-voodipesukomplekt-Kuukollane.jpg\",\"datePublished\":\"2025-03-08T21:56:28+00:00\",\"dateModified\":\"2026-02-27T20:28:59+00:00\",\"description\":\"Lyxigt Tencel s\u00e4ngkl\u00e4der set \u00e4r silkeslen, andas och skonsamt mot huden. Dess l\u00e4tta och smidiga konsistens s\u00e4kerst\u00e4ller en fr\u00e4sch och bekv\u00e4m\",\"breadcrumb\":{\"@id\":\"https:\\\/\\\/aztex.ee\\\/sv\\\/pood\\\/sangklader\\\/tencel-paslakanset-mangul\\\/#breadcrumb\"},\"inLanguage\":\"sv-SE\",\"potentialAction\":[{\"@type\":\"ReadAction\",\"target\":[\"https:\\\/\\\/aztex.ee\\\/sv\\\/pood\\\/sangklader\\\/tencel-paslakanset-mangul\\\/\"]}]},{\"@type\":\"ImageObject\",\"inLanguage\":\"sv-SE\",\"@id\":\"https:\\\/\\\/aztex.ee\\\/sv\\\/pood\\\/sangklader\\\/tencel-paslakanset-mangul\\\/#primaryimage\",\"url\":\"https:\\\/\\\/aztex.ee\\\/wp-content\\\/uploads\\\/2025\\\/03\\\/Tencel-voodipesukomplekt-Kuukollane.jpg\",\"contentUrl\":\"https:\\\/\\\/aztex.ee\\\/wp-content\\\/uploads\\\/2025\\\/03\\\/Tencel-voodipesukomplekt-Kuukollane.jpg\",\"width\":800,\"height\":800,\"caption\":\"Tencel voodipesukomplekt Kuukollane\"},{\"@type\":\"BreadcrumbList\",\"@id\":\"https:\\\/\\\/aztex.ee\\\/sv\\\/pood\\\/sangklader\\\/tencel-paslakanset-mangul\\\/#breadcrumb\",\"itemListElement\":[{\"@type\":\"ListItem\",\"position\":1,\"name\":\"Hem\",\"item\":\"https:\\\/\\\/aztex.ee\\\/sv\\\/\"},{\"@type\":\"ListItem\",\"position\":2,\"name\":\"Butik\",\"item\":\"https:\\\/\\\/aztex.ee\\\/sv\\\/butik\\\/\"},{\"@type\":\"ListItem\",\"position\":3,\"name\":\"Tencel p\u00e5slakanset | M\u00e5ngul\"}]},{\"@type\":\"WebSite\",\"@id\":\"https:\\\/\\\/aztex.ee\\\/sv\\\/#website\",\"url\":\"https:\\\/\\\/aztex.ee\\\/sv\\\/\",\"name\":\"AZTEX\",\"description\":\"\",\"publisher\":{\"@id\":\"https:\\\/\\\/aztex.ee\\\/sv\\\/#organization\"},\"potentialAction\":[{\"@type\":\"SearchAction\",\"target\":{\"@type\":\"EntryPoint\",\"urlTemplate\":\"https:\\\/\\\/aztex.ee\\\/sv\\\/?s={search_term_string}\"},\"query-input\":{\"@type\":\"PropertyValueSpecification\",\"valueRequired\":true,\"valueName\":\"search_term_string\"}}],\"inLanguage\":\"sv-SE\"},{\"@type\":\"Organization\",\"@id\":\"https:\\\/\\\/aztex.ee\\\/sv\\\/#organization\",\"name\":\"AZTEX\",\"url\":\"https:\\\/\\\/aztex.ee\\\/sv\\\/\",\"logo\":{\"@type\":\"ImageObject\",\"inLanguage\":\"sv-SE\",\"@id\":\"https:\\\/\\\/aztex.ee\\\/sv\\\/#\\\/schema\\\/logo\\\/image\\\/\",\"url\":\"https:\\\/\\\/aztex.ee\\\/wp-content\\\/uploads\\\/2026\\\/01\\\/AZTEX.png\",\"contentUrl\":\"https:\\\/\\\/aztex.ee\\\/wp-content\\\/uploads\\\/2026\\\/01\\\/AZTEX.png\",\"width\":500,\"height\":500,\"caption\":\"AZTEX\"},\"image\":{\"@id\":\"https:\\\/\\\/aztex.ee\\\/sv\\\/#\\\/schema\\\/logo\\\/image\\\/\"},\"sameAs\":[\"https:\\\/\\\/www.facebook.com\\\/AztexEE\",\"https:\\\/\\\/www.instagram.com\\\/aztexeesti\\\/\",\"https:\\\/\\\/www.youtube.com\\\/@AZTEXEE\",\"https:\\\/\\\/www.pinterest.com\\\/aztex_eesti\\\/\",\"https:\\\/\\\/www.tiktok.com\\\/@aztexeesti\",\"https:\\\/\\\/www.trustpilot.com\\\/review\\\/aztex.ee\",\"https:\\\/\\\/www.linkedin.com\\\/company\\\/aztex-ee\\\/\",\"https:\\\/\\\/www.wikidata.org\\\/wiki\\\/Q137560182\"]}]}<\/script>\n<!-- \/ Yoast SEO plugin. -->","yoast_head_json":{"title":"Tencel p\u00e5slakanset - M\u00e5ngul | AZTEX","description":"Lyxigt Tencel s\u00e4ngkl\u00e4der set \u00e4r silkeslen, andas och skonsamt mot huden. Dess l\u00e4tta och smidiga konsistens s\u00e4kerst\u00e4ller en fr\u00e4sch och bekv\u00e4m","robots":{"index":"index","follow":"follow","max-snippet":"max-snippet:-1","max-image-preview":"max-image-preview:large","max-video-preview":"max-video-preview:-1"},"canonical":"https:\/\/aztex.ee\/sv\/pood\/sangklader\/tencel-paslakanset-mangul\/","og_locale":"sv_SE","og_type":"article","og_title":"Tencel p\u00e5slakanset - M\u00e5ngul | AZTEX","og_description":"Lyxigt Tencel s\u00e4ngkl\u00e4der set \u00e4r silkeslen, andas och skonsamt mot huden. Dess l\u00e4tta och smidiga konsistens s\u00e4kerst\u00e4ller en fr\u00e4sch och bekv\u00e4m","og_url":"https:\/\/aztex.ee\/sv\/pood\/sangklader\/tencel-paslakanset-mangul\/","og_site_name":"AZTEX","article_publisher":"https:\/\/www.facebook.com\/AztexEE","article_modified_time":"2026-02-27T20:28:59+00:00","og_image":[{"width":800,"height":800,"url":"https:\/\/aztex.ee\/wp-content\/uploads\/2025\/03\/Tencel-voodipesukomplekt-Kuukollane.jpg","type":"image\/jpeg"}],"twitter_card":"summary_large_image","twitter_misc":{"Ber\u00e4knad l\u00e4stid":"2 minuter"},"schema":{"@context":"https:\/\/schema.org","@graph":[{"@type":["WebPage","ItemPage"],"@id":"https:\/\/aztex.ee\/sv\/pood\/sangklader\/tencel-paslakanset-mangul\/","url":"https:\/\/aztex.ee\/sv\/pood\/sangklader\/tencel-paslakanset-mangul\/","name":"Tencel p\u00e5slakanset - M\u00e5ngul | AZTEX","isPartOf":{"@id":"https:\/\/aztex.ee\/sv\/#website"},"primaryImageOfPage":{"@id":"https:\/\/aztex.ee\/sv\/pood\/sangklader\/tencel-paslakanset-mangul\/#primaryimage"},"image":{"@id":"https:\/\/aztex.ee\/sv\/pood\/sangklader\/tencel-paslakanset-mangul\/#primaryimage"},"thumbnailUrl":"https:\/\/aztex.ee\/wp-content\/uploads\/2025\/03\/Tencel-voodipesukomplekt-Kuukollane.jpg","datePublished":"2025-03-08T21:56:28+00:00","dateModified":"2026-02-27T20:28:59+00:00","description":"Lyxigt Tencel s\u00e4ngkl\u00e4der set \u00e4r silkeslen, andas och skonsamt mot huden. Dess l\u00e4tta och smidiga konsistens s\u00e4kerst\u00e4ller en fr\u00e4sch och bekv\u00e4m","breadcrumb":{"@id":"https:\/\/aztex.ee\/sv\/pood\/sangklader\/tencel-paslakanset-mangul\/#breadcrumb"},"inLanguage":"sv-SE","potentialAction":[{"@type":"ReadAction","target":["https:\/\/aztex.ee\/sv\/pood\/sangklader\/tencel-paslakanset-mangul\/"]}]},{"@type":"ImageObject","inLanguage":"sv-SE","@id":"https:\/\/aztex.ee\/sv\/pood\/sangklader\/tencel-paslakanset-mangul\/#primaryimage","url":"https:\/\/aztex.ee\/wp-content\/uploads\/2025\/03\/Tencel-voodipesukomplekt-Kuukollane.jpg","contentUrl":"https:\/\/aztex.ee\/wp-content\/uploads\/2025\/03\/Tencel-voodipesukomplekt-Kuukollane.jpg","width":800,"height":800,"caption":"Tencel voodipesukomplekt Kuukollane"},{"@type":"BreadcrumbList","@id":"https:\/\/aztex.ee\/sv\/pood\/sangklader\/tencel-paslakanset-mangul\/#breadcrumb","itemListElement":[{"@type":"ListItem","position":1,"name":"Hem","item":"https:\/\/aztex.ee\/sv\/"},{"@type":"ListItem","position":2,"name":"Butik","item":"https:\/\/aztex.ee\/sv\/butik\/"},{"@type":"ListItem","position":3,"name":"Tencel p\u00e5slakanset | M\u00e5ngul"}]},{"@type":"WebSite","@id":"https:\/\/aztex.ee\/sv\/#website","url":"https:\/\/aztex.ee\/sv\/","name":"AZTEX","description":"","publisher":{"@id":"https:\/\/aztex.ee\/sv\/#organization"},"potentialAction":[{"@type":"SearchAction","target":{"@type":"EntryPoint","urlTemplate":"https:\/\/aztex.ee\/sv\/?s={search_term_string}"},"query-input":{"@type":"PropertyValueSpecification","valueRequired":true,"valueName":"search_term_string"}}],"inLanguage":"sv-SE"},{"@type":"Organization","@id":"https:\/\/aztex.ee\/sv\/#organization","name":"AZTEX","url":"https:\/\/aztex.ee\/sv\/","logo":{"@type":"ImageObject","inLanguage":"sv-SE","@id":"https:\/\/aztex.ee\/sv\/#\/schema\/logo\/image\/","url":"https:\/\/aztex.ee\/wp-content\/uploads\/2026\/01\/AZTEX.png","contentUrl":"https:\/\/aztex.ee\/wp-content\/uploads\/2026\/01\/AZTEX.png","width":500,"height":500,"caption":"AZTEX"},"image":{"@id":"https:\/\/aztex.ee\/sv\/#\/schema\/logo\/image\/"},"sameAs":["https:\/\/www.facebook.com\/AztexEE","https:\/\/www.instagram.com\/aztexeesti\/","https:\/\/www.youtube.com\/@AZTEXEE","https:\/\/www.pinterest.com\/aztex_eesti\/","https:\/\/www.tiktok.com\/@aztexeesti","https:\/\/www.trustpilot.com\/review\/aztex.ee","https:\/\/www.linkedin.com\/company\/aztex-ee\/","https:\/\/www.wikidata.org\/wiki\/Q137560182"]}]}},"_links":{"self":[{"href":"https:\/\/aztex.ee\/sv\/wp-json\/wp\/v2\/product\/63419","targetHints":{"allow":["GET"]}}],"collection":[{"href":"https:\/\/aztex.ee\/sv\/wp-json\/wp\/v2\/product"}],"about":[{"href":"https:\/\/aztex.ee\/sv\/wp-json\/wp\/v2\/types\/product"}],"replies":[{"embeddable":true,"href":"https:\/\/aztex.ee\/sv\/wp-json\/wp\/v2\/comments?post=63419"}],"version-history":[{"count":0,"href":"https:\/\/aztex.ee\/sv\/wp-json\/wp\/v2\/product\/63419\/revisions"}],"wp:featuredmedia":[{"embeddable":true,"href":"https:\/\/aztex.ee\/sv\/wp-json\/wp\/v2\/media\/63447"}],"wp:attachment":[{"href":"https:\/\/aztex.ee\/sv\/wp-json\/wp\/v2\/media?parent=63419"}],"wp:term":[{"taxonomy":"product_brand","embeddable":true,"href":"https:\/\/aztex.ee\/sv\/wp-json\/wp\/v2\/product_brand?post=63419"},{"taxonomy":"product_cat","embeddable":true,"href":"https:\/\/aztex.ee\/sv\/wp-json\/wp\/v2\/product_cat?post=63419"},{"taxonomy":"product_tag","embeddable":true,"href":"https:\/\/aztex.ee\/sv\/wp-json\/wp\/v2\/product_tag?post=63419"}],"curies":[{"name":"wp","href":"https:\/\/api.w.org\/{rel}","templated":true}]}}