{"id":61951,"date":"2025-02-26T12:36:52","date_gmt":"2025-02-26T12:36:52","guid":{"rendered":"https:\/\/aztex.ee\/?post_type=product&#038;p=61951"},"modified":"2026-02-28T22:12:56","modified_gmt":"2026-02-28T22:12:56","slug":"sherpa-filt-200x230-cm","status":"publish","type":"product","link":"https:\/\/aztex.ee\/sv\/pood\/pladar-filtar\/sherpa-filt-200x230-cm\/","title":{"rendered":"Sherpa filt 200&#215;230 cm"},"content":{"rendered":"<p><strong>Sherpa fleecefilt 200\u00d7230 cm \u2013 lyxig mjukhet f\u00f6r varje dag<\/strong><\/p>\n<p>Sherpa fleecefilt \u00e4r exceptionellt mjuk och varm och ger verklig komfort under alla \u00e5rstider. Dess fluffiga konsistens och lyxigt mjuka yta skapar en perfekt k\u00e4nsla av avkoppling, oavsett om det \u00e4r i soffan en sval kv\u00e4ll eller vaknar i s\u00e4ngen p\u00e5 morgonen.<\/p>\n<p><strong>H\u00f6gkvalitativt och h\u00e5llbart material<\/strong><br \/>\nTillverkad av noggrant utvalda material som s\u00e4kerst\u00e4ller l\u00e5ngvarig mjukhet och kvalitet. Sherpa fleecefilt h\u00e5ller dig varm samtidigt som den ger en behaglig touch till huden.<\/p>\n<p><strong>L\u00e4ttsk\u00f6tt \u2013 f\u00f6rblir mjuk och vacker<\/strong><br \/>\nSherpa fleecefilt \u00e4r designad f\u00f6r att h\u00e5lla \u2013 den beh\u00e5ller sin ursprungliga mjukhet och vackra utseende \u00e4ven efter flera tv\u00e4ttar. Det l\u00e4ttsk\u00f6tta materialet g\u00f6r den till ett praktiskt val f\u00f6r dagligt bruk.<\/p>\n<p><strong>Stilrent och mysigt inredningselement<\/strong><br \/>\nF\u00f6rutom v\u00e4rme \u00e4r denna fleecefilt \u00e4ven en vacker inredningsdetalj. Oavsett om ditt hem \u00e4r modernt, klassiskt eller skandinaviskt minimalistiskt, kommer denna filt att tillf\u00f6ra mysighet och stil till varje interi\u00f6r.<\/p>\n<p><strong>Den perfekta presenten f\u00f6r alla tillf\u00e4llen<\/strong><br \/>\nOm du letar efter en present som erbjuder b\u00e5de praktisk och sentimentalt v\u00e4rde, \u00e4r en Sherpa-fleecefilt ett utm\u00e4rkt val. Dess lyxiga touch och v\u00e4rme kommer att gl\u00e4dja alla.<\/p>\n","protected":false},"excerpt":{"rendered":"<ul>\n<li>Material: Korallfleece<\/li>\n<li>Storlek: 200&#215;230 cm \u00b13<\/li>\n<li>Vikt: 1,8 kg<\/li>\n<\/ul>\n","protected":false},"featured_media":61998,"comment_status":"open","ping_status":"closed","template":"","meta":[],"product_brand":[],"product_cat":[1879,4480,4532],"product_tag":[],"class_list":{"0":"post-61951","1":"product","2":"type-product","3":"status-publish","4":"has-post-thumbnail","6":"product_cat-pladar-filtar","7":"product_cat-sherpa-fleece-filtar","8":"product_cat-sherpa-fleece-filtar-200x230-cm","10":"first","11":"instock","12":"shipping-taxable","13":"purchasable","14":"product-type-variable"},"yoast_head":"<!-- This site is optimized with the Yoast SEO plugin v27.4 - https:\/\/yoast.com\/product\/yoast-seo-wordpress\/ -->\n<title>Sherpa filt 200x230 cm | AZTEX<\/title>\n<meta name=\"description\" content=\"Sherpa fleecefilt 200x230 cm \u00e4r en stor och behagligt mjuk filt som erbjuder maximal komfort. Perfekt f\u00f6r en s\u00e4ng eller soffa ...\" \/>\n<meta name=\"robots\" content=\"index, follow, max-snippet:-1, max-image-preview:large, max-video-preview:-1\" \/>\n<link rel=\"canonical\" href=\"https:\/\/aztex.ee\/sv\/pood\/pladar-filtar\/sherpa-filt-200x230-cm\/\" \/>\n<meta property=\"og:locale\" content=\"sv_SE\" \/>\n<meta property=\"og:type\" content=\"article\" \/>\n<meta property=\"og:title\" content=\"Sherpa filt 200x230 cm | AZTEX\" \/>\n<meta property=\"og:description\" content=\"Sherpa fleecefilt 200x230 cm \u00e4r en stor och behagligt mjuk filt som erbjuder maximal komfort. Perfekt f\u00f6r en s\u00e4ng eller soffa ...\" \/>\n<meta property=\"og:url\" content=\"https:\/\/aztex.ee\/sv\/pood\/pladar-filtar\/sherpa-filt-200x230-cm\/\" \/>\n<meta property=\"og:site_name\" content=\"AZTEX\" \/>\n<meta property=\"article:publisher\" content=\"https:\/\/www.facebook.com\/AztexEE\" \/>\n<meta property=\"article:modified_time\" content=\"2026-02-28T22:12:56+00:00\" \/>\n<meta property=\"og:image\" content=\"https:\/\/aztex.ee\/wp-content\/uploads\/2025\/02\/Sherpa-fliis-tekk-200x230-cm.jpg\" \/>\n\t<meta property=\"og:image:width\" content=\"800\" \/>\n\t<meta property=\"og:image:height\" content=\"800\" \/>\n\t<meta property=\"og:image:type\" content=\"image\/jpeg\" \/>\n<meta name=\"twitter:card\" content=\"summary_large_image\" \/>\n<meta name=\"twitter:label1\" content=\"Ber\u00e4knad l\u00e4stid\" \/>\n\t<meta name=\"twitter:data1\" content=\"2 minuter\" \/>\n<script type=\"application\/ld+json\" class=\"yoast-schema-graph\">{\"@context\":\"https:\\\/\\\/schema.org\",\"@graph\":[{\"@type\":[\"WebPage\",\"ItemPage\"],\"@id\":\"https:\\\/\\\/aztex.ee\\\/sv\\\/pood\\\/pladar-filtar\\\/sherpa-filt-200x230-cm\\\/\",\"url\":\"https:\\\/\\\/aztex.ee\\\/sv\\\/pood\\\/pladar-filtar\\\/sherpa-filt-200x230-cm\\\/\",\"name\":\"Sherpa filt 200x230 cm | AZTEX\",\"isPartOf\":{\"@id\":\"https:\\\/\\\/aztex.ee\\\/sv\\\/#website\"},\"primaryImageOfPage\":{\"@id\":\"https:\\\/\\\/aztex.ee\\\/sv\\\/pood\\\/pladar-filtar\\\/sherpa-filt-200x230-cm\\\/#primaryimage\"},\"image\":{\"@id\":\"https:\\\/\\\/aztex.ee\\\/sv\\\/pood\\\/pladar-filtar\\\/sherpa-filt-200x230-cm\\\/#primaryimage\"},\"thumbnailUrl\":\"https:\\\/\\\/aztex.ee\\\/wp-content\\\/uploads\\\/2025\\\/02\\\/Sherpa-fliis-tekk-200x230-cm.jpg\",\"datePublished\":\"2025-02-26T12:36:52+00:00\",\"dateModified\":\"2026-02-28T22:12:56+00:00\",\"description\":\"Sherpa fleecefilt 200x230 cm \u00e4r en stor och behagligt mjuk filt som erbjuder maximal komfort. Perfekt f\u00f6r en s\u00e4ng eller soffa ...\",\"breadcrumb\":{\"@id\":\"https:\\\/\\\/aztex.ee\\\/sv\\\/pood\\\/pladar-filtar\\\/sherpa-filt-200x230-cm\\\/#breadcrumb\"},\"inLanguage\":\"sv-SE\",\"potentialAction\":[{\"@type\":\"ReadAction\",\"target\":[\"https:\\\/\\\/aztex.ee\\\/sv\\\/pood\\\/pladar-filtar\\\/sherpa-filt-200x230-cm\\\/\"]}]},{\"@type\":\"ImageObject\",\"inLanguage\":\"sv-SE\",\"@id\":\"https:\\\/\\\/aztex.ee\\\/sv\\\/pood\\\/pladar-filtar\\\/sherpa-filt-200x230-cm\\\/#primaryimage\",\"url\":\"https:\\\/\\\/aztex.ee\\\/wp-content\\\/uploads\\\/2025\\\/02\\\/Sherpa-fliis-tekk-200x230-cm.jpg\",\"contentUrl\":\"https:\\\/\\\/aztex.ee\\\/wp-content\\\/uploads\\\/2025\\\/02\\\/Sherpa-fliis-tekk-200x230-cm.jpg\",\"width\":800,\"height\":800,\"caption\":\"Sherpa fliis tekk 200x230 cm\"},{\"@type\":\"BreadcrumbList\",\"@id\":\"https:\\\/\\\/aztex.ee\\\/sv\\\/pood\\\/pladar-filtar\\\/sherpa-filt-200x230-cm\\\/#breadcrumb\",\"itemListElement\":[{\"@type\":\"ListItem\",\"position\":1,\"name\":\"Hem\",\"item\":\"https:\\\/\\\/aztex.ee\\\/sv\\\/\"},{\"@type\":\"ListItem\",\"position\":2,\"name\":\"Butik\",\"item\":\"https:\\\/\\\/aztex.ee\\\/sv\\\/butik\\\/\"},{\"@type\":\"ListItem\",\"position\":3,\"name\":\"Sherpa filt 200&#215;230 cm\"}]},{\"@type\":\"WebSite\",\"@id\":\"https:\\\/\\\/aztex.ee\\\/sv\\\/#website\",\"url\":\"https:\\\/\\\/aztex.ee\\\/sv\\\/\",\"name\":\"AZTEX\",\"description\":\"\",\"publisher\":{\"@id\":\"https:\\\/\\\/aztex.ee\\\/sv\\\/#organization\"},\"potentialAction\":[{\"@type\":\"SearchAction\",\"target\":{\"@type\":\"EntryPoint\",\"urlTemplate\":\"https:\\\/\\\/aztex.ee\\\/sv\\\/?s={search_term_string}\"},\"query-input\":{\"@type\":\"PropertyValueSpecification\",\"valueRequired\":true,\"valueName\":\"search_term_string\"}}],\"inLanguage\":\"sv-SE\"},{\"@type\":\"Organization\",\"@id\":\"https:\\\/\\\/aztex.ee\\\/sv\\\/#organization\",\"name\":\"AZTEX\",\"url\":\"https:\\\/\\\/aztex.ee\\\/sv\\\/\",\"logo\":{\"@type\":\"ImageObject\",\"inLanguage\":\"sv-SE\",\"@id\":\"https:\\\/\\\/aztex.ee\\\/sv\\\/#\\\/schema\\\/logo\\\/image\\\/\",\"url\":\"https:\\\/\\\/aztex.ee\\\/wp-content\\\/uploads\\\/2026\\\/01\\\/AZTEX.png\",\"contentUrl\":\"https:\\\/\\\/aztex.ee\\\/wp-content\\\/uploads\\\/2026\\\/01\\\/AZTEX.png\",\"width\":500,\"height\":500,\"caption\":\"AZTEX\"},\"image\":{\"@id\":\"https:\\\/\\\/aztex.ee\\\/sv\\\/#\\\/schema\\\/logo\\\/image\\\/\"},\"sameAs\":[\"https:\\\/\\\/www.facebook.com\\\/AztexEE\",\"https:\\\/\\\/www.instagram.com\\\/aztexeesti\\\/\",\"https:\\\/\\\/www.youtube.com\\\/@AZTEXEE\",\"https:\\\/\\\/www.pinterest.com\\\/aztex_eesti\\\/\",\"https:\\\/\\\/www.tiktok.com\\\/@aztexeesti\",\"https:\\\/\\\/www.trustpilot.com\\\/review\\\/aztex.ee\",\"https:\\\/\\\/www.linkedin.com\\\/company\\\/aztex-ee\\\/\",\"https:\\\/\\\/www.wikidata.org\\\/wiki\\\/Q137560182\"]}]}<\/script>\n<!-- \/ Yoast SEO plugin. -->","yoast_head_json":{"title":"Sherpa filt 200x230 cm | AZTEX","description":"Sherpa fleecefilt 200x230 cm \u00e4r en stor och behagligt mjuk filt som erbjuder maximal komfort. Perfekt f\u00f6r en s\u00e4ng eller soffa ...","robots":{"index":"index","follow":"follow","max-snippet":"max-snippet:-1","max-image-preview":"max-image-preview:large","max-video-preview":"max-video-preview:-1"},"canonical":"https:\/\/aztex.ee\/sv\/pood\/pladar-filtar\/sherpa-filt-200x230-cm\/","og_locale":"sv_SE","og_type":"article","og_title":"Sherpa filt 200x230 cm | AZTEX","og_description":"Sherpa fleecefilt 200x230 cm \u00e4r en stor och behagligt mjuk filt som erbjuder maximal komfort. Perfekt f\u00f6r en s\u00e4ng eller soffa ...","og_url":"https:\/\/aztex.ee\/sv\/pood\/pladar-filtar\/sherpa-filt-200x230-cm\/","og_site_name":"AZTEX","article_publisher":"https:\/\/www.facebook.com\/AztexEE","article_modified_time":"2026-02-28T22:12:56+00:00","og_image":[{"width":800,"height":800,"url":"https:\/\/aztex.ee\/wp-content\/uploads\/2025\/02\/Sherpa-fliis-tekk-200x230-cm.jpg","type":"image\/jpeg"}],"twitter_card":"summary_large_image","twitter_misc":{"Ber\u00e4knad l\u00e4stid":"2 minuter"},"schema":{"@context":"https:\/\/schema.org","@graph":[{"@type":["WebPage","ItemPage"],"@id":"https:\/\/aztex.ee\/sv\/pood\/pladar-filtar\/sherpa-filt-200x230-cm\/","url":"https:\/\/aztex.ee\/sv\/pood\/pladar-filtar\/sherpa-filt-200x230-cm\/","name":"Sherpa filt 200x230 cm | AZTEX","isPartOf":{"@id":"https:\/\/aztex.ee\/sv\/#website"},"primaryImageOfPage":{"@id":"https:\/\/aztex.ee\/sv\/pood\/pladar-filtar\/sherpa-filt-200x230-cm\/#primaryimage"},"image":{"@id":"https:\/\/aztex.ee\/sv\/pood\/pladar-filtar\/sherpa-filt-200x230-cm\/#primaryimage"},"thumbnailUrl":"https:\/\/aztex.ee\/wp-content\/uploads\/2025\/02\/Sherpa-fliis-tekk-200x230-cm.jpg","datePublished":"2025-02-26T12:36:52+00:00","dateModified":"2026-02-28T22:12:56+00:00","description":"Sherpa fleecefilt 200x230 cm \u00e4r en stor och behagligt mjuk filt som erbjuder maximal komfort. Perfekt f\u00f6r en s\u00e4ng eller soffa ...","breadcrumb":{"@id":"https:\/\/aztex.ee\/sv\/pood\/pladar-filtar\/sherpa-filt-200x230-cm\/#breadcrumb"},"inLanguage":"sv-SE","potentialAction":[{"@type":"ReadAction","target":["https:\/\/aztex.ee\/sv\/pood\/pladar-filtar\/sherpa-filt-200x230-cm\/"]}]},{"@type":"ImageObject","inLanguage":"sv-SE","@id":"https:\/\/aztex.ee\/sv\/pood\/pladar-filtar\/sherpa-filt-200x230-cm\/#primaryimage","url":"https:\/\/aztex.ee\/wp-content\/uploads\/2025\/02\/Sherpa-fliis-tekk-200x230-cm.jpg","contentUrl":"https:\/\/aztex.ee\/wp-content\/uploads\/2025\/02\/Sherpa-fliis-tekk-200x230-cm.jpg","width":800,"height":800,"caption":"Sherpa fliis tekk 200x230 cm"},{"@type":"BreadcrumbList","@id":"https:\/\/aztex.ee\/sv\/pood\/pladar-filtar\/sherpa-filt-200x230-cm\/#breadcrumb","itemListElement":[{"@type":"ListItem","position":1,"name":"Hem","item":"https:\/\/aztex.ee\/sv\/"},{"@type":"ListItem","position":2,"name":"Butik","item":"https:\/\/aztex.ee\/sv\/butik\/"},{"@type":"ListItem","position":3,"name":"Sherpa filt 200&#215;230 cm"}]},{"@type":"WebSite","@id":"https:\/\/aztex.ee\/sv\/#website","url":"https:\/\/aztex.ee\/sv\/","name":"AZTEX","description":"","publisher":{"@id":"https:\/\/aztex.ee\/sv\/#organization"},"potentialAction":[{"@type":"SearchAction","target":{"@type":"EntryPoint","urlTemplate":"https:\/\/aztex.ee\/sv\/?s={search_term_string}"},"query-input":{"@type":"PropertyValueSpecification","valueRequired":true,"valueName":"search_term_string"}}],"inLanguage":"sv-SE"},{"@type":"Organization","@id":"https:\/\/aztex.ee\/sv\/#organization","name":"AZTEX","url":"https:\/\/aztex.ee\/sv\/","logo":{"@type":"ImageObject","inLanguage":"sv-SE","@id":"https:\/\/aztex.ee\/sv\/#\/schema\/logo\/image\/","url":"https:\/\/aztex.ee\/wp-content\/uploads\/2026\/01\/AZTEX.png","contentUrl":"https:\/\/aztex.ee\/wp-content\/uploads\/2026\/01\/AZTEX.png","width":500,"height":500,"caption":"AZTEX"},"image":{"@id":"https:\/\/aztex.ee\/sv\/#\/schema\/logo\/image\/"},"sameAs":["https:\/\/www.facebook.com\/AztexEE","https:\/\/www.instagram.com\/aztexeesti\/","https:\/\/www.youtube.com\/@AZTEXEE","https:\/\/www.pinterest.com\/aztex_eesti\/","https:\/\/www.tiktok.com\/@aztexeesti","https:\/\/www.trustpilot.com\/review\/aztex.ee","https:\/\/www.linkedin.com\/company\/aztex-ee\/","https:\/\/www.wikidata.org\/wiki\/Q137560182"]}]}},"_links":{"self":[{"href":"https:\/\/aztex.ee\/sv\/wp-json\/wp\/v2\/product\/61951","targetHints":{"allow":["GET"]}}],"collection":[{"href":"https:\/\/aztex.ee\/sv\/wp-json\/wp\/v2\/product"}],"about":[{"href":"https:\/\/aztex.ee\/sv\/wp-json\/wp\/v2\/types\/product"}],"replies":[{"embeddable":true,"href":"https:\/\/aztex.ee\/sv\/wp-json\/wp\/v2\/comments?post=61951"}],"version-history":[{"count":0,"href":"https:\/\/aztex.ee\/sv\/wp-json\/wp\/v2\/product\/61951\/revisions"}],"wp:featuredmedia":[{"embeddable":true,"href":"https:\/\/aztex.ee\/sv\/wp-json\/wp\/v2\/media\/61998"}],"wp:attachment":[{"href":"https:\/\/aztex.ee\/sv\/wp-json\/wp\/v2\/media?parent=61951"}],"wp:term":[{"taxonomy":"product_brand","embeddable":true,"href":"https:\/\/aztex.ee\/sv\/wp-json\/wp\/v2\/product_brand?post=61951"},{"taxonomy":"product_cat","embeddable":true,"href":"https:\/\/aztex.ee\/sv\/wp-json\/wp\/v2\/product_cat?post=61951"},{"taxonomy":"product_tag","embeddable":true,"href":"https:\/\/aztex.ee\/sv\/wp-json\/wp\/v2\/product_tag?post=61951"}],"curies":[{"name":"wp","href":"https:\/\/api.w.org\/{rel}","templated":true}]}}