{"id":61054,"date":"2025-02-26T10:54:14","date_gmt":"2025-02-26T10:54:14","guid":{"rendered":"https:\/\/aztex.ee\/?post_type=product&#038;p=61054"},"modified":"2026-01-18T12:38:30","modified_gmt":"2026-01-18T12:38:30","slug":"sherpa-filt","status":"publish","type":"product","link":"https:\/\/aztex.ee\/sv\/pood\/pladar-filtar\/sherpa-filt\/","title":{"rendered":"Sherpa filt 180&#215;200 cm"},"content":{"rendered":"<p><strong>Sherpa fleecefilt 180\u00d7200 cm \u2013 Mjukhet och komfort f\u00f6r varje \u00f6gonblick<\/strong><\/p>\n<p>Sherpa Fleecefilten 180\u00d7200 cm erbjuder exceptionell mjukhet och v\u00e4rme, vilket g\u00f6r vardagen mycket bekv\u00e4mare. Dess fluffiga konsistens och mjuka material skapar den perfekta mysigheten f\u00f6r att njuta av avkopplande stunder. Filten \u00e4r perfekt f\u00f6r b\u00e5de sovrummet och vardagsrummet och ger en varm och behaglig upplevelse under alla f\u00f6rh\u00e5llanden.<\/p>\n<p><strong>Stil och funktionalitet<\/strong><br \/>\nSherpa Fleecefilten kan anv\u00e4ndas som ett elegant tillskott till interi\u00f6ren eller som en praktisk filt, som erbjuder den perfekta balansen mellan stil och komfort. Filten har en klassisk och stilren look som passar in i vilken inredning som helst.<\/p>\n<p><strong>M\u00e5ngsidig och praktisk<\/strong><br \/>\nSherpa Fleecefilten \u00e4r ett utm\u00e4rkt val f\u00f6r dagligt bruk, eftersom det \u00e4r tillr\u00e4ckligt stort f\u00f6r att t\u00e4cka s\u00e4ngen eller anv\u00e4nda den i soffan. Sherpa fleecefiltar \u00e4r l\u00e4tta att sk\u00f6ta och beh\u00e5ller sin mjukhet \u00e4ven efter flera tv\u00e4ttar, vilket g\u00f6r dem till ett praktiskt val f\u00f6r dagligt bruk.<\/p>\n<p><strong>Perfekt presentval<\/strong><br \/>\nOm du letar efter den perfekta presenten till dina n\u00e4ra och k\u00e4ra \u00e4r en Sherpa fleecefilt ett utm\u00e4rkt val. Dess lyxiga mjukhet och funktionalitet g\u00f6r den till den perfekta presenten f\u00f6r alla tillf\u00e4llen \u2013 oavsett om det \u00e4r en f\u00f6delsedag eller bara en h\u00e4rlig \u00f6verraskning.<\/p>\n","protected":false},"excerpt":{"rendered":"<ul>\n<li>Material: Korallfleece<\/li>\n<li>Storlek: 180&#215;200 cm \u00b13<\/li>\n<li>Vikt: 1,4 kg<\/li>\n<\/ul>\n","protected":false},"featured_media":61101,"comment_status":"open","ping_status":"closed","template":"","meta":[],"product_brand":[],"product_cat":[1879,4480,4506],"product_tag":[],"class_list":{"0":"post-61054","1":"product","2":"type-product","3":"status-publish","4":"has-post-thumbnail","6":"product_cat-pladar-filtar","7":"product_cat-sherpa-fleece-filtar","8":"product_cat-sherpa-fleece-filtar-180x200-cm","10":"first","11":"instock","12":"shipping-taxable","13":"purchasable","14":"product-type-variable"},"yoast_head":"<!-- This site is optimized with the Yoast SEO plugin v27.4 - https:\/\/yoast.com\/product\/yoast-seo-wordpress\/ -->\n<title>Sherpa filt 180x200 cm | AZTEX<\/title>\n<meta name=\"description\" content=\"Sherpa fleecefilt 180x200 cm \u00e4r exceptionellt mjuk, behagligt varm och fluffig. Ett stilrent och praktiskt inredningselement som ger v\u00e4rme till rummet, ...\" \/>\n<meta name=\"robots\" content=\"index, follow, max-snippet:-1, max-image-preview:large, max-video-preview:-1\" \/>\n<link rel=\"canonical\" href=\"https:\/\/aztex.ee\/sv\/pood\/pladar-filtar\/sherpa-filt\/\" \/>\n<meta property=\"og:locale\" content=\"sv_SE\" \/>\n<meta property=\"og:type\" content=\"article\" \/>\n<meta property=\"og:title\" content=\"Sherpa filt 180x200 cm | AZTEX\" \/>\n<meta property=\"og:description\" content=\"Sherpa fleecefilt 180x200 cm \u00e4r exceptionellt mjuk, behagligt varm och fluffig. Ett stilrent och praktiskt inredningselement som ger v\u00e4rme till rummet, ...\" \/>\n<meta property=\"og:url\" content=\"https:\/\/aztex.ee\/sv\/pood\/pladar-filtar\/sherpa-filt\/\" \/>\n<meta property=\"og:site_name\" content=\"AZTEX\" \/>\n<meta property=\"article:publisher\" content=\"https:\/\/www.facebook.com\/AztexEE\" \/>\n<meta property=\"article:modified_time\" content=\"2026-01-18T12:38:30+00:00\" \/>\n<meta property=\"og:image\" content=\"https:\/\/aztex.ee\/wp-content\/uploads\/2025\/02\/Sherpa-fliis-tekk-180x200-1.jpg\" \/>\n\t<meta property=\"og:image:width\" content=\"800\" \/>\n\t<meta property=\"og:image:height\" content=\"800\" \/>\n\t<meta property=\"og:image:type\" content=\"image\/jpeg\" \/>\n<meta name=\"twitter:card\" content=\"summary_large_image\" \/>\n<meta name=\"twitter:label1\" content=\"Ber\u00e4knad l\u00e4stid\" \/>\n\t<meta name=\"twitter:data1\" content=\"2 minuter\" \/>\n<script type=\"application\/ld+json\" class=\"yoast-schema-graph\">{\"@context\":\"https:\\\/\\\/schema.org\",\"@graph\":[{\"@type\":[\"WebPage\",\"ItemPage\"],\"@id\":\"https:\\\/\\\/aztex.ee\\\/sv\\\/pood\\\/pladar-filtar\\\/sherpa-filt\\\/\",\"url\":\"https:\\\/\\\/aztex.ee\\\/sv\\\/pood\\\/pladar-filtar\\\/sherpa-filt\\\/\",\"name\":\"Sherpa filt 180x200 cm | AZTEX\",\"isPartOf\":{\"@id\":\"https:\\\/\\\/aztex.ee\\\/sv\\\/#website\"},\"primaryImageOfPage\":{\"@id\":\"https:\\\/\\\/aztex.ee\\\/sv\\\/pood\\\/pladar-filtar\\\/sherpa-filt\\\/#primaryimage\"},\"image\":{\"@id\":\"https:\\\/\\\/aztex.ee\\\/sv\\\/pood\\\/pladar-filtar\\\/sherpa-filt\\\/#primaryimage\"},\"thumbnailUrl\":\"https:\\\/\\\/aztex.ee\\\/wp-content\\\/uploads\\\/2025\\\/02\\\/Sherpa-fliis-tekk-180x200-1.jpg\",\"datePublished\":\"2025-02-26T10:54:14+00:00\",\"dateModified\":\"2026-01-18T12:38:30+00:00\",\"description\":\"Sherpa fleecefilt 180x200 cm \u00e4r exceptionellt mjuk, behagligt varm och fluffig. Ett stilrent och praktiskt inredningselement som ger v\u00e4rme till rummet, ...\",\"breadcrumb\":{\"@id\":\"https:\\\/\\\/aztex.ee\\\/sv\\\/pood\\\/pladar-filtar\\\/sherpa-filt\\\/#breadcrumb\"},\"inLanguage\":\"sv-SE\",\"potentialAction\":[{\"@type\":\"ReadAction\",\"target\":[\"https:\\\/\\\/aztex.ee\\\/sv\\\/pood\\\/pladar-filtar\\\/sherpa-filt\\\/\"]}]},{\"@type\":\"ImageObject\",\"inLanguage\":\"sv-SE\",\"@id\":\"https:\\\/\\\/aztex.ee\\\/sv\\\/pood\\\/pladar-filtar\\\/sherpa-filt\\\/#primaryimage\",\"url\":\"https:\\\/\\\/aztex.ee\\\/wp-content\\\/uploads\\\/2025\\\/02\\\/Sherpa-fliis-tekk-180x200-1.jpg\",\"contentUrl\":\"https:\\\/\\\/aztex.ee\\\/wp-content\\\/uploads\\\/2025\\\/02\\\/Sherpa-fliis-tekk-180x200-1.jpg\",\"width\":800,\"height\":800,\"caption\":\"Sherpa fliis tekk 180x200\"},{\"@type\":\"BreadcrumbList\",\"@id\":\"https:\\\/\\\/aztex.ee\\\/sv\\\/pood\\\/pladar-filtar\\\/sherpa-filt\\\/#breadcrumb\",\"itemListElement\":[{\"@type\":\"ListItem\",\"position\":1,\"name\":\"Hem\",\"item\":\"https:\\\/\\\/aztex.ee\\\/sv\\\/\"},{\"@type\":\"ListItem\",\"position\":2,\"name\":\"Butik\",\"item\":\"https:\\\/\\\/aztex.ee\\\/sv\\\/butik\\\/\"},{\"@type\":\"ListItem\",\"position\":3,\"name\":\"Sherpa filt 180&#215;200 cm\"}]},{\"@type\":\"WebSite\",\"@id\":\"https:\\\/\\\/aztex.ee\\\/sv\\\/#website\",\"url\":\"https:\\\/\\\/aztex.ee\\\/sv\\\/\",\"name\":\"AZTEX\",\"description\":\"\",\"publisher\":{\"@id\":\"https:\\\/\\\/aztex.ee\\\/sv\\\/#organization\"},\"potentialAction\":[{\"@type\":\"SearchAction\",\"target\":{\"@type\":\"EntryPoint\",\"urlTemplate\":\"https:\\\/\\\/aztex.ee\\\/sv\\\/?s={search_term_string}\"},\"query-input\":{\"@type\":\"PropertyValueSpecification\",\"valueRequired\":true,\"valueName\":\"search_term_string\"}}],\"inLanguage\":\"sv-SE\"},{\"@type\":\"Organization\",\"@id\":\"https:\\\/\\\/aztex.ee\\\/sv\\\/#organization\",\"name\":\"AZTEX\",\"url\":\"https:\\\/\\\/aztex.ee\\\/sv\\\/\",\"logo\":{\"@type\":\"ImageObject\",\"inLanguage\":\"sv-SE\",\"@id\":\"https:\\\/\\\/aztex.ee\\\/sv\\\/#\\\/schema\\\/logo\\\/image\\\/\",\"url\":\"https:\\\/\\\/aztex.ee\\\/wp-content\\\/uploads\\\/2026\\\/01\\\/AZTEX.png\",\"contentUrl\":\"https:\\\/\\\/aztex.ee\\\/wp-content\\\/uploads\\\/2026\\\/01\\\/AZTEX.png\",\"width\":500,\"height\":500,\"caption\":\"AZTEX\"},\"image\":{\"@id\":\"https:\\\/\\\/aztex.ee\\\/sv\\\/#\\\/schema\\\/logo\\\/image\\\/\"},\"sameAs\":[\"https:\\\/\\\/www.facebook.com\\\/AztexEE\",\"https:\\\/\\\/www.instagram.com\\\/aztexeesti\\\/\",\"https:\\\/\\\/www.youtube.com\\\/@AZTEXEE\",\"https:\\\/\\\/www.pinterest.com\\\/aztex_eesti\\\/\",\"https:\\\/\\\/www.tiktok.com\\\/@aztexeesti\",\"https:\\\/\\\/www.trustpilot.com\\\/review\\\/aztex.ee\",\"https:\\\/\\\/www.linkedin.com\\\/company\\\/aztex-ee\\\/\",\"https:\\\/\\\/www.wikidata.org\\\/wiki\\\/Q137560182\"]}]}<\/script>\n<!-- \/ Yoast SEO plugin. -->","yoast_head_json":{"title":"Sherpa filt 180x200 cm | AZTEX","description":"Sherpa fleecefilt 180x200 cm \u00e4r exceptionellt mjuk, behagligt varm och fluffig. Ett stilrent och praktiskt inredningselement som ger v\u00e4rme till rummet, ...","robots":{"index":"index","follow":"follow","max-snippet":"max-snippet:-1","max-image-preview":"max-image-preview:large","max-video-preview":"max-video-preview:-1"},"canonical":"https:\/\/aztex.ee\/sv\/pood\/pladar-filtar\/sherpa-filt\/","og_locale":"sv_SE","og_type":"article","og_title":"Sherpa filt 180x200 cm | AZTEX","og_description":"Sherpa fleecefilt 180x200 cm \u00e4r exceptionellt mjuk, behagligt varm och fluffig. Ett stilrent och praktiskt inredningselement som ger v\u00e4rme till rummet, ...","og_url":"https:\/\/aztex.ee\/sv\/pood\/pladar-filtar\/sherpa-filt\/","og_site_name":"AZTEX","article_publisher":"https:\/\/www.facebook.com\/AztexEE","article_modified_time":"2026-01-18T12:38:30+00:00","og_image":[{"width":800,"height":800,"url":"https:\/\/aztex.ee\/wp-content\/uploads\/2025\/02\/Sherpa-fliis-tekk-180x200-1.jpg","type":"image\/jpeg"}],"twitter_card":"summary_large_image","twitter_misc":{"Ber\u00e4knad l\u00e4stid":"2 minuter"},"schema":{"@context":"https:\/\/schema.org","@graph":[{"@type":["WebPage","ItemPage"],"@id":"https:\/\/aztex.ee\/sv\/pood\/pladar-filtar\/sherpa-filt\/","url":"https:\/\/aztex.ee\/sv\/pood\/pladar-filtar\/sherpa-filt\/","name":"Sherpa filt 180x200 cm | AZTEX","isPartOf":{"@id":"https:\/\/aztex.ee\/sv\/#website"},"primaryImageOfPage":{"@id":"https:\/\/aztex.ee\/sv\/pood\/pladar-filtar\/sherpa-filt\/#primaryimage"},"image":{"@id":"https:\/\/aztex.ee\/sv\/pood\/pladar-filtar\/sherpa-filt\/#primaryimage"},"thumbnailUrl":"https:\/\/aztex.ee\/wp-content\/uploads\/2025\/02\/Sherpa-fliis-tekk-180x200-1.jpg","datePublished":"2025-02-26T10:54:14+00:00","dateModified":"2026-01-18T12:38:30+00:00","description":"Sherpa fleecefilt 180x200 cm \u00e4r exceptionellt mjuk, behagligt varm och fluffig. Ett stilrent och praktiskt inredningselement som ger v\u00e4rme till rummet, ...","breadcrumb":{"@id":"https:\/\/aztex.ee\/sv\/pood\/pladar-filtar\/sherpa-filt\/#breadcrumb"},"inLanguage":"sv-SE","potentialAction":[{"@type":"ReadAction","target":["https:\/\/aztex.ee\/sv\/pood\/pladar-filtar\/sherpa-filt\/"]}]},{"@type":"ImageObject","inLanguage":"sv-SE","@id":"https:\/\/aztex.ee\/sv\/pood\/pladar-filtar\/sherpa-filt\/#primaryimage","url":"https:\/\/aztex.ee\/wp-content\/uploads\/2025\/02\/Sherpa-fliis-tekk-180x200-1.jpg","contentUrl":"https:\/\/aztex.ee\/wp-content\/uploads\/2025\/02\/Sherpa-fliis-tekk-180x200-1.jpg","width":800,"height":800,"caption":"Sherpa fliis tekk 180x200"},{"@type":"BreadcrumbList","@id":"https:\/\/aztex.ee\/sv\/pood\/pladar-filtar\/sherpa-filt\/#breadcrumb","itemListElement":[{"@type":"ListItem","position":1,"name":"Hem","item":"https:\/\/aztex.ee\/sv\/"},{"@type":"ListItem","position":2,"name":"Butik","item":"https:\/\/aztex.ee\/sv\/butik\/"},{"@type":"ListItem","position":3,"name":"Sherpa filt 180&#215;200 cm"}]},{"@type":"WebSite","@id":"https:\/\/aztex.ee\/sv\/#website","url":"https:\/\/aztex.ee\/sv\/","name":"AZTEX","description":"","publisher":{"@id":"https:\/\/aztex.ee\/sv\/#organization"},"potentialAction":[{"@type":"SearchAction","target":{"@type":"EntryPoint","urlTemplate":"https:\/\/aztex.ee\/sv\/?s={search_term_string}"},"query-input":{"@type":"PropertyValueSpecification","valueRequired":true,"valueName":"search_term_string"}}],"inLanguage":"sv-SE"},{"@type":"Organization","@id":"https:\/\/aztex.ee\/sv\/#organization","name":"AZTEX","url":"https:\/\/aztex.ee\/sv\/","logo":{"@type":"ImageObject","inLanguage":"sv-SE","@id":"https:\/\/aztex.ee\/sv\/#\/schema\/logo\/image\/","url":"https:\/\/aztex.ee\/wp-content\/uploads\/2026\/01\/AZTEX.png","contentUrl":"https:\/\/aztex.ee\/wp-content\/uploads\/2026\/01\/AZTEX.png","width":500,"height":500,"caption":"AZTEX"},"image":{"@id":"https:\/\/aztex.ee\/sv\/#\/schema\/logo\/image\/"},"sameAs":["https:\/\/www.facebook.com\/AztexEE","https:\/\/www.instagram.com\/aztexeesti\/","https:\/\/www.youtube.com\/@AZTEXEE","https:\/\/www.pinterest.com\/aztex_eesti\/","https:\/\/www.tiktok.com\/@aztexeesti","https:\/\/www.trustpilot.com\/review\/aztex.ee","https:\/\/www.linkedin.com\/company\/aztex-ee\/","https:\/\/www.wikidata.org\/wiki\/Q137560182"]}]}},"_links":{"self":[{"href":"https:\/\/aztex.ee\/sv\/wp-json\/wp\/v2\/product\/61054","targetHints":{"allow":["GET"]}}],"collection":[{"href":"https:\/\/aztex.ee\/sv\/wp-json\/wp\/v2\/product"}],"about":[{"href":"https:\/\/aztex.ee\/sv\/wp-json\/wp\/v2\/types\/product"}],"replies":[{"embeddable":true,"href":"https:\/\/aztex.ee\/sv\/wp-json\/wp\/v2\/comments?post=61054"}],"version-history":[{"count":0,"href":"https:\/\/aztex.ee\/sv\/wp-json\/wp\/v2\/product\/61054\/revisions"}],"wp:featuredmedia":[{"embeddable":true,"href":"https:\/\/aztex.ee\/sv\/wp-json\/wp\/v2\/media\/61101"}],"wp:attachment":[{"href":"https:\/\/aztex.ee\/sv\/wp-json\/wp\/v2\/media?parent=61054"}],"wp:term":[{"taxonomy":"product_brand","embeddable":true,"href":"https:\/\/aztex.ee\/sv\/wp-json\/wp\/v2\/product_brand?post=61054"},{"taxonomy":"product_cat","embeddable":true,"href":"https:\/\/aztex.ee\/sv\/wp-json\/wp\/v2\/product_cat?post=61054"},{"taxonomy":"product_tag","embeddable":true,"href":"https:\/\/aztex.ee\/sv\/wp-json\/wp\/v2\/product_tag?post=61054"}],"curies":[{"name":"wp","href":"https:\/\/api.w.org\/{rel}","templated":true}]}}