{"id":59925,"date":"2025-02-26T09:58:55","date_gmt":"2025-02-26T09:58:55","guid":{"rendered":"https:\/\/aztex.ee\/?post_type=product&#038;p=59925"},"modified":"2026-02-01T16:43:46","modified_gmt":"2026-02-01T16:43:46","slug":"sherpa-filt-150x200-cm","status":"publish","type":"product","link":"https:\/\/aztex.ee\/sv\/pood\/pladar-filtar\/sherpa-filt-150x200-cm\/","title":{"rendered":"Sherpa filt 150&#215;200 cm"},"content":{"rendered":"<p><strong>Sherpa Fleecefilt 150\u00d7200 cm \u2013 Mjuk och varm<\/strong><\/p>\n<p>K\u00e4nn dig alltid bekv\u00e4m och varm hemma med denna h\u00f6gkvalitativa Sherpa fleecefilt. Denna filt \u00e4r designad f\u00f6r att ge den b\u00e4sta v\u00e4rmen och mysigheten f\u00f6r att g\u00f6ra vardagliga stunder \u00e4nnu roligare.<\/p>\n<p><strong>Komfort i alla situationer<\/strong><br \/>\nM\u00e5tten p\u00e5 Sherpa fleecefilten 150\u00d7200 cm g\u00f6r den perfekt f\u00f6r alla situationer. Oavsett om det \u00e4r att koppla av i soffan, ge extra v\u00e4rme i s\u00e4ngen eller sova &#8211; Sherpa fleecefilten erbjuder perfekt l\u00e4tthet och v\u00e4rme vid varje anv\u00e4ndning. Storleken passar \u00e4ven bra f\u00f6r g\u00e4ster eller som en extra filt p\u00e5 s\u00e4ngen f\u00f6r att g\u00f6ra varje dag full av v\u00e4rme.<\/p>\n<p><strong>L\u00e4ttsk\u00f6tt och h\u00e5llbar<\/strong><br \/>\nSk\u00f6tseln av Sherpa fleecefilten \u00e4r enkel och bekv\u00e4m, eftersom den kan tv\u00e4ttas i maskin. Efter tv\u00e4tt f\u00f6rblir den mjuk och ger varaktig v\u00e4rme och kvalitet. Vi rekommenderar att tv\u00e4tta vid l\u00e5ga temperaturer f\u00f6r att beh\u00e5lla produktens sk\u00f6nhet och h\u00e5llbarhet. Fleecefilten torkar snabbt och kr\u00e4ver ingen separat torkning, vilket g\u00f6r den \u00e4nnu mer praktisk i vardagen.<\/p>\n<p><strong>Mys och v\u00e4rme i varje \u00f6gonblick<\/strong><br \/>\nEn Sherpa fleecefilt \u00e4r inte bara varm \u2013 den erbjuder ocks\u00e5 perfekt vardagsavkoppling. Oavsett om det \u00e4r en mysig kv\u00e4ll hemma, l\u00e4sa en bok eller g\u00f6ra hush\u00e5llssysslor \u2013 en Sherpa-fleecefilt g\u00f6r varje \u00f6gonblick speciellt.<\/p>\n","protected":false},"excerpt":{"rendered":"<ul>\n<li>Material: Korallfleece<\/li>\n<li>Storlek: 150&#215;200 cm \u00b13<\/li>\n<li>Vikt: 1,1 kg<\/li>\n<\/ul>\n","protected":false},"featured_media":59972,"comment_status":"open","ping_status":"closed","template":"","meta":[],"product_brand":[],"product_cat":[1879,4480,4498],"product_tag":[],"class_list":{"0":"post-59925","1":"product","2":"type-product","3":"status-publish","4":"has-post-thumbnail","6":"product_cat-pladar-filtar","7":"product_cat-sherpa-fleece-filtar","8":"product_cat-sherpa-fleece-filtar-150x200-cm","10":"first","11":"instock","12":"shipping-taxable","13":"purchasable","14":"product-type-variable"},"yoast_head":"<!-- This site is optimized with the Yoast SEO plugin v27.4 - https:\/\/yoast.com\/product\/yoast-seo-wordpress\/ -->\n<title>Sherpa filt 150x200 cm | AZTEX<\/title>\n<meta name=\"description\" content=\"En ultramjuk och varm 150x200 cm Sherpa fleecefilt som erbjuder maximal komfort. Den perfekta f\u00f6ljeslagaren f\u00f6r kallare kv\u00e4llar och avkoppling.\" \/>\n<meta name=\"robots\" content=\"index, follow, max-snippet:-1, max-image-preview:large, max-video-preview:-1\" \/>\n<link rel=\"canonical\" href=\"https:\/\/aztex.ee\/sv\/pood\/pladar-filtar\/sherpa-filt-150x200-cm\/\" \/>\n<meta property=\"og:locale\" content=\"sv_SE\" \/>\n<meta property=\"og:type\" content=\"article\" \/>\n<meta property=\"og:title\" content=\"Sherpa filt 150x200 cm | AZTEX\" \/>\n<meta property=\"og:description\" content=\"En ultramjuk och varm 150x200 cm Sherpa fleecefilt som erbjuder maximal komfort. Den perfekta f\u00f6ljeslagaren f\u00f6r kallare kv\u00e4llar och avkoppling.\" \/>\n<meta property=\"og:url\" content=\"https:\/\/aztex.ee\/sv\/pood\/pladar-filtar\/sherpa-filt-150x200-cm\/\" \/>\n<meta property=\"og:site_name\" content=\"AZTEX\" \/>\n<meta property=\"article:publisher\" content=\"https:\/\/www.facebook.com\/AztexEE\" \/>\n<meta property=\"article:modified_time\" content=\"2026-02-01T16:43:46+00:00\" \/>\n<meta property=\"og:image\" content=\"https:\/\/aztex.ee\/wp-content\/uploads\/2025\/02\/Sherpa-fliis-tekk-150x200-cm.jpg\" \/>\n\t<meta property=\"og:image:width\" content=\"800\" \/>\n\t<meta property=\"og:image:height\" content=\"800\" \/>\n\t<meta property=\"og:image:type\" content=\"image\/jpeg\" \/>\n<meta name=\"twitter:card\" content=\"summary_large_image\" \/>\n<meta name=\"twitter:label1\" content=\"Ber\u00e4knad l\u00e4stid\" \/>\n\t<meta name=\"twitter:data1\" content=\"2 minuter\" \/>\n<script type=\"application\/ld+json\" class=\"yoast-schema-graph\">{\"@context\":\"https:\\\/\\\/schema.org\",\"@graph\":[{\"@type\":[\"WebPage\",\"ItemPage\"],\"@id\":\"https:\\\/\\\/aztex.ee\\\/sv\\\/pood\\\/pladar-filtar\\\/sherpa-filt-150x200-cm\\\/\",\"url\":\"https:\\\/\\\/aztex.ee\\\/sv\\\/pood\\\/pladar-filtar\\\/sherpa-filt-150x200-cm\\\/\",\"name\":\"Sherpa filt 150x200 cm | AZTEX\",\"isPartOf\":{\"@id\":\"https:\\\/\\\/aztex.ee\\\/sv\\\/#website\"},\"primaryImageOfPage\":{\"@id\":\"https:\\\/\\\/aztex.ee\\\/sv\\\/pood\\\/pladar-filtar\\\/sherpa-filt-150x200-cm\\\/#primaryimage\"},\"image\":{\"@id\":\"https:\\\/\\\/aztex.ee\\\/sv\\\/pood\\\/pladar-filtar\\\/sherpa-filt-150x200-cm\\\/#primaryimage\"},\"thumbnailUrl\":\"https:\\\/\\\/aztex.ee\\\/wp-content\\\/uploads\\\/2025\\\/02\\\/Sherpa-fliis-tekk-150x200-cm.jpg\",\"datePublished\":\"2025-02-26T09:58:55+00:00\",\"dateModified\":\"2026-02-01T16:43:46+00:00\",\"description\":\"En ultramjuk och varm 150x200 cm Sherpa fleecefilt som erbjuder maximal komfort. Den perfekta f\u00f6ljeslagaren f\u00f6r kallare kv\u00e4llar och avkoppling.\",\"breadcrumb\":{\"@id\":\"https:\\\/\\\/aztex.ee\\\/sv\\\/pood\\\/pladar-filtar\\\/sherpa-filt-150x200-cm\\\/#breadcrumb\"},\"inLanguage\":\"sv-SE\",\"potentialAction\":[{\"@type\":\"ReadAction\",\"target\":[\"https:\\\/\\\/aztex.ee\\\/sv\\\/pood\\\/pladar-filtar\\\/sherpa-filt-150x200-cm\\\/\"]}]},{\"@type\":\"ImageObject\",\"inLanguage\":\"sv-SE\",\"@id\":\"https:\\\/\\\/aztex.ee\\\/sv\\\/pood\\\/pladar-filtar\\\/sherpa-filt-150x200-cm\\\/#primaryimage\",\"url\":\"https:\\\/\\\/aztex.ee\\\/wp-content\\\/uploads\\\/2025\\\/02\\\/Sherpa-fliis-tekk-150x200-cm.jpg\",\"contentUrl\":\"https:\\\/\\\/aztex.ee\\\/wp-content\\\/uploads\\\/2025\\\/02\\\/Sherpa-fliis-tekk-150x200-cm.jpg\",\"width\":800,\"height\":800,\"caption\":\"Sherpa fliis tekk 150x200 cm\"},{\"@type\":\"BreadcrumbList\",\"@id\":\"https:\\\/\\\/aztex.ee\\\/sv\\\/pood\\\/pladar-filtar\\\/sherpa-filt-150x200-cm\\\/#breadcrumb\",\"itemListElement\":[{\"@type\":\"ListItem\",\"position\":1,\"name\":\"Hem\",\"item\":\"https:\\\/\\\/aztex.ee\\\/sv\\\/\"},{\"@type\":\"ListItem\",\"position\":2,\"name\":\"Butik\",\"item\":\"https:\\\/\\\/aztex.ee\\\/sv\\\/butik\\\/\"},{\"@type\":\"ListItem\",\"position\":3,\"name\":\"Sherpa filt 150&#215;200 cm\"}]},{\"@type\":\"WebSite\",\"@id\":\"https:\\\/\\\/aztex.ee\\\/sv\\\/#website\",\"url\":\"https:\\\/\\\/aztex.ee\\\/sv\\\/\",\"name\":\"AZTEX\",\"description\":\"\",\"publisher\":{\"@id\":\"https:\\\/\\\/aztex.ee\\\/sv\\\/#organization\"},\"potentialAction\":[{\"@type\":\"SearchAction\",\"target\":{\"@type\":\"EntryPoint\",\"urlTemplate\":\"https:\\\/\\\/aztex.ee\\\/sv\\\/?s={search_term_string}\"},\"query-input\":{\"@type\":\"PropertyValueSpecification\",\"valueRequired\":true,\"valueName\":\"search_term_string\"}}],\"inLanguage\":\"sv-SE\"},{\"@type\":\"Organization\",\"@id\":\"https:\\\/\\\/aztex.ee\\\/sv\\\/#organization\",\"name\":\"AZTEX\",\"url\":\"https:\\\/\\\/aztex.ee\\\/sv\\\/\",\"logo\":{\"@type\":\"ImageObject\",\"inLanguage\":\"sv-SE\",\"@id\":\"https:\\\/\\\/aztex.ee\\\/sv\\\/#\\\/schema\\\/logo\\\/image\\\/\",\"url\":\"https:\\\/\\\/aztex.ee\\\/wp-content\\\/uploads\\\/2026\\\/01\\\/AZTEX.png\",\"contentUrl\":\"https:\\\/\\\/aztex.ee\\\/wp-content\\\/uploads\\\/2026\\\/01\\\/AZTEX.png\",\"width\":500,\"height\":500,\"caption\":\"AZTEX\"},\"image\":{\"@id\":\"https:\\\/\\\/aztex.ee\\\/sv\\\/#\\\/schema\\\/logo\\\/image\\\/\"},\"sameAs\":[\"https:\\\/\\\/www.facebook.com\\\/AztexEE\",\"https:\\\/\\\/www.instagram.com\\\/aztexeesti\\\/\",\"https:\\\/\\\/www.youtube.com\\\/@AZTEXEE\",\"https:\\\/\\\/www.pinterest.com\\\/aztex_eesti\\\/\",\"https:\\\/\\\/www.tiktok.com\\\/@aztexeesti\",\"https:\\\/\\\/www.trustpilot.com\\\/review\\\/aztex.ee\",\"https:\\\/\\\/www.linkedin.com\\\/company\\\/aztex-ee\\\/\",\"https:\\\/\\\/www.wikidata.org\\\/wiki\\\/Q137560182\"]}]}<\/script>\n<!-- \/ Yoast SEO plugin. -->","yoast_head_json":{"title":"Sherpa filt 150x200 cm | AZTEX","description":"En ultramjuk och varm 150x200 cm Sherpa fleecefilt som erbjuder maximal komfort. Den perfekta f\u00f6ljeslagaren f\u00f6r kallare kv\u00e4llar och avkoppling.","robots":{"index":"index","follow":"follow","max-snippet":"max-snippet:-1","max-image-preview":"max-image-preview:large","max-video-preview":"max-video-preview:-1"},"canonical":"https:\/\/aztex.ee\/sv\/pood\/pladar-filtar\/sherpa-filt-150x200-cm\/","og_locale":"sv_SE","og_type":"article","og_title":"Sherpa filt 150x200 cm | AZTEX","og_description":"En ultramjuk och varm 150x200 cm Sherpa fleecefilt som erbjuder maximal komfort. Den perfekta f\u00f6ljeslagaren f\u00f6r kallare kv\u00e4llar och avkoppling.","og_url":"https:\/\/aztex.ee\/sv\/pood\/pladar-filtar\/sherpa-filt-150x200-cm\/","og_site_name":"AZTEX","article_publisher":"https:\/\/www.facebook.com\/AztexEE","article_modified_time":"2026-02-01T16:43:46+00:00","og_image":[{"width":800,"height":800,"url":"https:\/\/aztex.ee\/wp-content\/uploads\/2025\/02\/Sherpa-fliis-tekk-150x200-cm.jpg","type":"image\/jpeg"}],"twitter_card":"summary_large_image","twitter_misc":{"Ber\u00e4knad l\u00e4stid":"2 minuter"},"schema":{"@context":"https:\/\/schema.org","@graph":[{"@type":["WebPage","ItemPage"],"@id":"https:\/\/aztex.ee\/sv\/pood\/pladar-filtar\/sherpa-filt-150x200-cm\/","url":"https:\/\/aztex.ee\/sv\/pood\/pladar-filtar\/sherpa-filt-150x200-cm\/","name":"Sherpa filt 150x200 cm | AZTEX","isPartOf":{"@id":"https:\/\/aztex.ee\/sv\/#website"},"primaryImageOfPage":{"@id":"https:\/\/aztex.ee\/sv\/pood\/pladar-filtar\/sherpa-filt-150x200-cm\/#primaryimage"},"image":{"@id":"https:\/\/aztex.ee\/sv\/pood\/pladar-filtar\/sherpa-filt-150x200-cm\/#primaryimage"},"thumbnailUrl":"https:\/\/aztex.ee\/wp-content\/uploads\/2025\/02\/Sherpa-fliis-tekk-150x200-cm.jpg","datePublished":"2025-02-26T09:58:55+00:00","dateModified":"2026-02-01T16:43:46+00:00","description":"En ultramjuk och varm 150x200 cm Sherpa fleecefilt som erbjuder maximal komfort. Den perfekta f\u00f6ljeslagaren f\u00f6r kallare kv\u00e4llar och avkoppling.","breadcrumb":{"@id":"https:\/\/aztex.ee\/sv\/pood\/pladar-filtar\/sherpa-filt-150x200-cm\/#breadcrumb"},"inLanguage":"sv-SE","potentialAction":[{"@type":"ReadAction","target":["https:\/\/aztex.ee\/sv\/pood\/pladar-filtar\/sherpa-filt-150x200-cm\/"]}]},{"@type":"ImageObject","inLanguage":"sv-SE","@id":"https:\/\/aztex.ee\/sv\/pood\/pladar-filtar\/sherpa-filt-150x200-cm\/#primaryimage","url":"https:\/\/aztex.ee\/wp-content\/uploads\/2025\/02\/Sherpa-fliis-tekk-150x200-cm.jpg","contentUrl":"https:\/\/aztex.ee\/wp-content\/uploads\/2025\/02\/Sherpa-fliis-tekk-150x200-cm.jpg","width":800,"height":800,"caption":"Sherpa fliis tekk 150x200 cm"},{"@type":"BreadcrumbList","@id":"https:\/\/aztex.ee\/sv\/pood\/pladar-filtar\/sherpa-filt-150x200-cm\/#breadcrumb","itemListElement":[{"@type":"ListItem","position":1,"name":"Hem","item":"https:\/\/aztex.ee\/sv\/"},{"@type":"ListItem","position":2,"name":"Butik","item":"https:\/\/aztex.ee\/sv\/butik\/"},{"@type":"ListItem","position":3,"name":"Sherpa filt 150&#215;200 cm"}]},{"@type":"WebSite","@id":"https:\/\/aztex.ee\/sv\/#website","url":"https:\/\/aztex.ee\/sv\/","name":"AZTEX","description":"","publisher":{"@id":"https:\/\/aztex.ee\/sv\/#organization"},"potentialAction":[{"@type":"SearchAction","target":{"@type":"EntryPoint","urlTemplate":"https:\/\/aztex.ee\/sv\/?s={search_term_string}"},"query-input":{"@type":"PropertyValueSpecification","valueRequired":true,"valueName":"search_term_string"}}],"inLanguage":"sv-SE"},{"@type":"Organization","@id":"https:\/\/aztex.ee\/sv\/#organization","name":"AZTEX","url":"https:\/\/aztex.ee\/sv\/","logo":{"@type":"ImageObject","inLanguage":"sv-SE","@id":"https:\/\/aztex.ee\/sv\/#\/schema\/logo\/image\/","url":"https:\/\/aztex.ee\/wp-content\/uploads\/2026\/01\/AZTEX.png","contentUrl":"https:\/\/aztex.ee\/wp-content\/uploads\/2026\/01\/AZTEX.png","width":500,"height":500,"caption":"AZTEX"},"image":{"@id":"https:\/\/aztex.ee\/sv\/#\/schema\/logo\/image\/"},"sameAs":["https:\/\/www.facebook.com\/AztexEE","https:\/\/www.instagram.com\/aztexeesti\/","https:\/\/www.youtube.com\/@AZTEXEE","https:\/\/www.pinterest.com\/aztex_eesti\/","https:\/\/www.tiktok.com\/@aztexeesti","https:\/\/www.trustpilot.com\/review\/aztex.ee","https:\/\/www.linkedin.com\/company\/aztex-ee\/","https:\/\/www.wikidata.org\/wiki\/Q137560182"]}]}},"_links":{"self":[{"href":"https:\/\/aztex.ee\/sv\/wp-json\/wp\/v2\/product\/59925","targetHints":{"allow":["GET"]}}],"collection":[{"href":"https:\/\/aztex.ee\/sv\/wp-json\/wp\/v2\/product"}],"about":[{"href":"https:\/\/aztex.ee\/sv\/wp-json\/wp\/v2\/types\/product"}],"replies":[{"embeddable":true,"href":"https:\/\/aztex.ee\/sv\/wp-json\/wp\/v2\/comments?post=59925"}],"version-history":[{"count":0,"href":"https:\/\/aztex.ee\/sv\/wp-json\/wp\/v2\/product\/59925\/revisions"}],"wp:featuredmedia":[{"embeddable":true,"href":"https:\/\/aztex.ee\/sv\/wp-json\/wp\/v2\/media\/59972"}],"wp:attachment":[{"href":"https:\/\/aztex.ee\/sv\/wp-json\/wp\/v2\/media?parent=59925"}],"wp:term":[{"taxonomy":"product_brand","embeddable":true,"href":"https:\/\/aztex.ee\/sv\/wp-json\/wp\/v2\/product_brand?post=59925"},{"taxonomy":"product_cat","embeddable":true,"href":"https:\/\/aztex.ee\/sv\/wp-json\/wp\/v2\/product_cat?post=59925"},{"taxonomy":"product_tag","embeddable":true,"href":"https:\/\/aztex.ee\/sv\/wp-json\/wp\/v2\/product_tag?post=59925"}],"curies":[{"name":"wp","href":"https:\/\/api.w.org\/{rel}","templated":true}]}}