{"id":54750,"date":"2025-02-12T16:11:34","date_gmt":"2025-02-12T16:11:34","guid":{"rendered":"https:\/\/aztex.ee\/?post_type=product&#038;p=54750"},"modified":"2026-03-14T16:21:43","modified_gmt":"2026-03-14T16:21:43","slug":"mjuk-fleecefilt-200x230-cm","status":"publish","type":"product","link":"https:\/\/aztex.ee\/sv\/pood\/pladar-filtar\/mjuk-fleecefilt-200x230-cm\/","title":{"rendered":"Mjuk fleecefilt 200&#215;230 cm"},"content":{"rendered":"<p><strong>Mjuk sammets fleecefilt &#8211; v\u00e4rme och komfort f\u00f6r varje \u00f6gonblick!<\/strong><\/p>\n<p>Sammets fleecefilten ger v\u00e4rme, mjukhet och lyxig komfort till ditt hem, vilket g\u00f6r det till det perfekta valet f\u00f6r alla \u00e5rstider. Dess sammetsmjuka textur och eleganta utseende \u00e4r ett bra komplement till alla interi\u00f6rer och ger mysighet och v\u00e4rme \u00e4ven under kallare dagar.<\/p>\n<p><strong>Mjuk konsistens<\/strong><br \/>\nSammets fleecefilten har en sammetsmjuk yta som ger lyxig komfort, vilket g\u00f6r varje \u00f6gonblick \u00e4nnu roligare. Det mjuka materialet \u00e4r behagligt och ger en k\u00e4nsla av v\u00e4rme som varar.<\/p>\n<p><strong>L\u00e4tt och varm<\/strong><br \/>\nPerfekt f\u00f6r alla \u00e5rstider, ger v\u00e4rme och komfort n\u00e4r som helst. Filten \u00e4r l\u00e4tt, men tillr\u00e4ckligt varm f\u00f6r att h\u00e5lla dig bekv\u00e4m varm \u00e4ven kallare n\u00e4tter eller kyliga kv\u00e4llar.<\/p>\n<p><strong>L\u00e4tt att sk\u00f6ta<\/strong><br \/>\nSammets fleecefilten kan l\u00e4tt tv\u00e4ttas i maskin, vilket g\u00f6r den praktisk och l\u00e4mplig f\u00f6r vardagsbruk.<\/p>\n<p><strong>Ett tidl\u00f6st val<\/strong><br \/>\nEn sammets fleecefilt \u00e4r slitstark och ger mysighet och v\u00e4rme som h\u00e5ller i \u00e5ratal, \u00e4r en praktisk produkt som \u00e4r l\u00e4tt att underh\u00e5lla och passar in i alla interi\u00f6rer.<\/p>\n<p>En fleecefilt i sammet \u00e4r ett bra komplement till vardagsbruk, och ger v\u00e4rme, mjukhet och komfort som kan avnjutas varje dag. Oavsett om det \u00e4r ett sovrum, vardagsrum eller till och med en mysig soffh\u00f6rna &#8211; denna filt kommer att g\u00f6ra ditt utrymme mysigare, vilket g\u00f6r det ocks\u00e5 till en idealisk present till dina n\u00e4ra och k\u00e4ra.<\/p>\n","protected":false},"excerpt":{"rendered":"<ul>\n<li>Material: Korallfleece<\/li>\n<li>Storlek: 200&#215;230 cm \u00b13<\/li>\n<li>Vikt: 1,4 kg<\/li>\n<\/ul>\n","protected":false},"featured_media":54820,"comment_status":"open","ping_status":"closed","template":"","meta":[],"product_brand":[],"product_cat":[3144,3460,1879],"product_tag":[],"class_list":{"0":"post-54750","1":"product","2":"type-product","3":"status-publish","4":"has-post-thumbnail","6":"product_cat-fleecefiltar","7":"product_cat-fleecefiltar-200x230-cm","8":"product_cat-pladar-filtar","10":"first","11":"instock","12":"shipping-taxable","13":"purchasable","14":"product-type-variable"},"yoast_head":"<!-- This site is optimized with the Yoast SEO plugin v27.4 - https:\/\/yoast.com\/product\/yoast-seo-wordpress\/ -->\n<title>Mjuk fleecefilt 200x230 cm | AZTEX<\/title>\n<meta name=\"description\" content=\"Sammets Fleecefilt har en mjuk textur som ger v\u00e4rme och komfort. L\u00e4tt, maskintv\u00e4ttbar och l\u00e4ttsk\u00f6tt - perfekt f\u00f6r dagligt bruk.\" \/>\n<meta name=\"robots\" content=\"index, follow, max-snippet:-1, max-image-preview:large, max-video-preview:-1\" \/>\n<link rel=\"canonical\" href=\"https:\/\/aztex.ee\/sv\/pood\/pladar-filtar\/mjuk-fleecefilt-200x230-cm\/\" \/>\n<meta property=\"og:locale\" content=\"sv_SE\" \/>\n<meta property=\"og:type\" content=\"article\" \/>\n<meta property=\"og:title\" content=\"Mjuk fleecefilt 200x230 cm | AZTEX\" \/>\n<meta property=\"og:description\" content=\"Sammets Fleecefilt har en mjuk textur som ger v\u00e4rme och komfort. L\u00e4tt, maskintv\u00e4ttbar och l\u00e4ttsk\u00f6tt - perfekt f\u00f6r dagligt bruk.\" \/>\n<meta property=\"og:url\" content=\"https:\/\/aztex.ee\/sv\/pood\/pladar-filtar\/mjuk-fleecefilt-200x230-cm\/\" \/>\n<meta property=\"og:site_name\" content=\"AZTEX\" \/>\n<meta property=\"article:publisher\" content=\"https:\/\/www.facebook.com\/AztexEE\" \/>\n<meta property=\"article:modified_time\" content=\"2026-03-14T16:21:43+00:00\" \/>\n<meta property=\"og:image\" content=\"https:\/\/aztex.ee\/wp-content\/uploads\/2025\/02\/Pehme-velvet-fliistekk-200\u00d7230-cm.jpg\" \/>\n\t<meta property=\"og:image:width\" content=\"800\" \/>\n\t<meta property=\"og:image:height\" content=\"800\" \/>\n\t<meta property=\"og:image:type\" content=\"image\/jpeg\" \/>\n<meta name=\"twitter:card\" content=\"summary_large_image\" \/>\n<meta name=\"twitter:label1\" content=\"Ber\u00e4knad l\u00e4stid\" \/>\n\t<meta name=\"twitter:data1\" content=\"2 minuter\" \/>\n<script type=\"application\/ld+json\" class=\"yoast-schema-graph\">{\"@context\":\"https:\\\/\\\/schema.org\",\"@graph\":[{\"@type\":[\"WebPage\",\"ItemPage\"],\"@id\":\"https:\\\/\\\/aztex.ee\\\/sv\\\/pood\\\/pladar-filtar\\\/mjuk-fleecefilt-200x230-cm\\\/\",\"url\":\"https:\\\/\\\/aztex.ee\\\/sv\\\/pood\\\/pladar-filtar\\\/mjuk-fleecefilt-200x230-cm\\\/\",\"name\":\"Mjuk fleecefilt 200x230 cm | AZTEX\",\"isPartOf\":{\"@id\":\"https:\\\/\\\/aztex.ee\\\/sv\\\/#website\"},\"primaryImageOfPage\":{\"@id\":\"https:\\\/\\\/aztex.ee\\\/sv\\\/pood\\\/pladar-filtar\\\/mjuk-fleecefilt-200x230-cm\\\/#primaryimage\"},\"image\":{\"@id\":\"https:\\\/\\\/aztex.ee\\\/sv\\\/pood\\\/pladar-filtar\\\/mjuk-fleecefilt-200x230-cm\\\/#primaryimage\"},\"thumbnailUrl\":\"https:\\\/\\\/aztex.ee\\\/wp-content\\\/uploads\\\/2025\\\/02\\\/Pehme-velvet-fliistekk-200\u00d7230-cm.jpg\",\"datePublished\":\"2025-02-12T16:11:34+00:00\",\"dateModified\":\"2026-03-14T16:21:43+00:00\",\"description\":\"Sammets Fleecefilt har en mjuk textur som ger v\u00e4rme och komfort. L\u00e4tt, maskintv\u00e4ttbar och l\u00e4ttsk\u00f6tt - perfekt f\u00f6r dagligt bruk.\",\"breadcrumb\":{\"@id\":\"https:\\\/\\\/aztex.ee\\\/sv\\\/pood\\\/pladar-filtar\\\/mjuk-fleecefilt-200x230-cm\\\/#breadcrumb\"},\"inLanguage\":\"sv-SE\",\"potentialAction\":[{\"@type\":\"ReadAction\",\"target\":[\"https:\\\/\\\/aztex.ee\\\/sv\\\/pood\\\/pladar-filtar\\\/mjuk-fleecefilt-200x230-cm\\\/\"]}]},{\"@type\":\"ImageObject\",\"inLanguage\":\"sv-SE\",\"@id\":\"https:\\\/\\\/aztex.ee\\\/sv\\\/pood\\\/pladar-filtar\\\/mjuk-fleecefilt-200x230-cm\\\/#primaryimage\",\"url\":\"https:\\\/\\\/aztex.ee\\\/wp-content\\\/uploads\\\/2025\\\/02\\\/Pehme-velvet-fliistekk-200\u00d7230-cm.jpg\",\"contentUrl\":\"https:\\\/\\\/aztex.ee\\\/wp-content\\\/uploads\\\/2025\\\/02\\\/Pehme-velvet-fliistekk-200\u00d7230-cm.jpg\",\"width\":800,\"height\":800,\"caption\":\"Pehme velvet fliistekk 200\u00d7230 cm\"},{\"@type\":\"BreadcrumbList\",\"@id\":\"https:\\\/\\\/aztex.ee\\\/sv\\\/pood\\\/pladar-filtar\\\/mjuk-fleecefilt-200x230-cm\\\/#breadcrumb\",\"itemListElement\":[{\"@type\":\"ListItem\",\"position\":1,\"name\":\"Hem\",\"item\":\"https:\\\/\\\/aztex.ee\\\/sv\\\/\"},{\"@type\":\"ListItem\",\"position\":2,\"name\":\"Butik\",\"item\":\"https:\\\/\\\/aztex.ee\\\/sv\\\/butik\\\/\"},{\"@type\":\"ListItem\",\"position\":3,\"name\":\"Mjuk fleecefilt 200&#215;230 cm\"}]},{\"@type\":\"WebSite\",\"@id\":\"https:\\\/\\\/aztex.ee\\\/sv\\\/#website\",\"url\":\"https:\\\/\\\/aztex.ee\\\/sv\\\/\",\"name\":\"AZTEX\",\"description\":\"\",\"publisher\":{\"@id\":\"https:\\\/\\\/aztex.ee\\\/sv\\\/#organization\"},\"potentialAction\":[{\"@type\":\"SearchAction\",\"target\":{\"@type\":\"EntryPoint\",\"urlTemplate\":\"https:\\\/\\\/aztex.ee\\\/sv\\\/?s={search_term_string}\"},\"query-input\":{\"@type\":\"PropertyValueSpecification\",\"valueRequired\":true,\"valueName\":\"search_term_string\"}}],\"inLanguage\":\"sv-SE\"},{\"@type\":\"Organization\",\"@id\":\"https:\\\/\\\/aztex.ee\\\/sv\\\/#organization\",\"name\":\"AZTEX\",\"url\":\"https:\\\/\\\/aztex.ee\\\/sv\\\/\",\"logo\":{\"@type\":\"ImageObject\",\"inLanguage\":\"sv-SE\",\"@id\":\"https:\\\/\\\/aztex.ee\\\/sv\\\/#\\\/schema\\\/logo\\\/image\\\/\",\"url\":\"https:\\\/\\\/aztex.ee\\\/wp-content\\\/uploads\\\/2026\\\/01\\\/AZTEX.png\",\"contentUrl\":\"https:\\\/\\\/aztex.ee\\\/wp-content\\\/uploads\\\/2026\\\/01\\\/AZTEX.png\",\"width\":500,\"height\":500,\"caption\":\"AZTEX\"},\"image\":{\"@id\":\"https:\\\/\\\/aztex.ee\\\/sv\\\/#\\\/schema\\\/logo\\\/image\\\/\"},\"sameAs\":[\"https:\\\/\\\/www.facebook.com\\\/AztexEE\",\"https:\\\/\\\/www.instagram.com\\\/aztexeesti\\\/\",\"https:\\\/\\\/www.youtube.com\\\/@AZTEXEE\",\"https:\\\/\\\/www.pinterest.com\\\/aztex_eesti\\\/\",\"https:\\\/\\\/www.tiktok.com\\\/@aztexeesti\",\"https:\\\/\\\/www.trustpilot.com\\\/review\\\/aztex.ee\",\"https:\\\/\\\/www.linkedin.com\\\/company\\\/aztex-ee\\\/\",\"https:\\\/\\\/www.wikidata.org\\\/wiki\\\/Q137560182\"]}]}<\/script>\n<!-- \/ Yoast SEO plugin. -->","yoast_head_json":{"title":"Mjuk fleecefilt 200x230 cm | AZTEX","description":"Sammets Fleecefilt har en mjuk textur som ger v\u00e4rme och komfort. L\u00e4tt, maskintv\u00e4ttbar och l\u00e4ttsk\u00f6tt - perfekt f\u00f6r dagligt bruk.","robots":{"index":"index","follow":"follow","max-snippet":"max-snippet:-1","max-image-preview":"max-image-preview:large","max-video-preview":"max-video-preview:-1"},"canonical":"https:\/\/aztex.ee\/sv\/pood\/pladar-filtar\/mjuk-fleecefilt-200x230-cm\/","og_locale":"sv_SE","og_type":"article","og_title":"Mjuk fleecefilt 200x230 cm | AZTEX","og_description":"Sammets Fleecefilt har en mjuk textur som ger v\u00e4rme och komfort. L\u00e4tt, maskintv\u00e4ttbar och l\u00e4ttsk\u00f6tt - perfekt f\u00f6r dagligt bruk.","og_url":"https:\/\/aztex.ee\/sv\/pood\/pladar-filtar\/mjuk-fleecefilt-200x230-cm\/","og_site_name":"AZTEX","article_publisher":"https:\/\/www.facebook.com\/AztexEE","article_modified_time":"2026-03-14T16:21:43+00:00","og_image":[{"width":800,"height":800,"url":"https:\/\/aztex.ee\/wp-content\/uploads\/2025\/02\/Pehme-velvet-fliistekk-200\u00d7230-cm.jpg","type":"image\/jpeg"}],"twitter_card":"summary_large_image","twitter_misc":{"Ber\u00e4knad l\u00e4stid":"2 minuter"},"schema":{"@context":"https:\/\/schema.org","@graph":[{"@type":["WebPage","ItemPage"],"@id":"https:\/\/aztex.ee\/sv\/pood\/pladar-filtar\/mjuk-fleecefilt-200x230-cm\/","url":"https:\/\/aztex.ee\/sv\/pood\/pladar-filtar\/mjuk-fleecefilt-200x230-cm\/","name":"Mjuk fleecefilt 200x230 cm | AZTEX","isPartOf":{"@id":"https:\/\/aztex.ee\/sv\/#website"},"primaryImageOfPage":{"@id":"https:\/\/aztex.ee\/sv\/pood\/pladar-filtar\/mjuk-fleecefilt-200x230-cm\/#primaryimage"},"image":{"@id":"https:\/\/aztex.ee\/sv\/pood\/pladar-filtar\/mjuk-fleecefilt-200x230-cm\/#primaryimage"},"thumbnailUrl":"https:\/\/aztex.ee\/wp-content\/uploads\/2025\/02\/Pehme-velvet-fliistekk-200\u00d7230-cm.jpg","datePublished":"2025-02-12T16:11:34+00:00","dateModified":"2026-03-14T16:21:43+00:00","description":"Sammets Fleecefilt har en mjuk textur som ger v\u00e4rme och komfort. L\u00e4tt, maskintv\u00e4ttbar och l\u00e4ttsk\u00f6tt - perfekt f\u00f6r dagligt bruk.","breadcrumb":{"@id":"https:\/\/aztex.ee\/sv\/pood\/pladar-filtar\/mjuk-fleecefilt-200x230-cm\/#breadcrumb"},"inLanguage":"sv-SE","potentialAction":[{"@type":"ReadAction","target":["https:\/\/aztex.ee\/sv\/pood\/pladar-filtar\/mjuk-fleecefilt-200x230-cm\/"]}]},{"@type":"ImageObject","inLanguage":"sv-SE","@id":"https:\/\/aztex.ee\/sv\/pood\/pladar-filtar\/mjuk-fleecefilt-200x230-cm\/#primaryimage","url":"https:\/\/aztex.ee\/wp-content\/uploads\/2025\/02\/Pehme-velvet-fliistekk-200\u00d7230-cm.jpg","contentUrl":"https:\/\/aztex.ee\/wp-content\/uploads\/2025\/02\/Pehme-velvet-fliistekk-200\u00d7230-cm.jpg","width":800,"height":800,"caption":"Pehme velvet fliistekk 200\u00d7230 cm"},{"@type":"BreadcrumbList","@id":"https:\/\/aztex.ee\/sv\/pood\/pladar-filtar\/mjuk-fleecefilt-200x230-cm\/#breadcrumb","itemListElement":[{"@type":"ListItem","position":1,"name":"Hem","item":"https:\/\/aztex.ee\/sv\/"},{"@type":"ListItem","position":2,"name":"Butik","item":"https:\/\/aztex.ee\/sv\/butik\/"},{"@type":"ListItem","position":3,"name":"Mjuk fleecefilt 200&#215;230 cm"}]},{"@type":"WebSite","@id":"https:\/\/aztex.ee\/sv\/#website","url":"https:\/\/aztex.ee\/sv\/","name":"AZTEX","description":"","publisher":{"@id":"https:\/\/aztex.ee\/sv\/#organization"},"potentialAction":[{"@type":"SearchAction","target":{"@type":"EntryPoint","urlTemplate":"https:\/\/aztex.ee\/sv\/?s={search_term_string}"},"query-input":{"@type":"PropertyValueSpecification","valueRequired":true,"valueName":"search_term_string"}}],"inLanguage":"sv-SE"},{"@type":"Organization","@id":"https:\/\/aztex.ee\/sv\/#organization","name":"AZTEX","url":"https:\/\/aztex.ee\/sv\/","logo":{"@type":"ImageObject","inLanguage":"sv-SE","@id":"https:\/\/aztex.ee\/sv\/#\/schema\/logo\/image\/","url":"https:\/\/aztex.ee\/wp-content\/uploads\/2026\/01\/AZTEX.png","contentUrl":"https:\/\/aztex.ee\/wp-content\/uploads\/2026\/01\/AZTEX.png","width":500,"height":500,"caption":"AZTEX"},"image":{"@id":"https:\/\/aztex.ee\/sv\/#\/schema\/logo\/image\/"},"sameAs":["https:\/\/www.facebook.com\/AztexEE","https:\/\/www.instagram.com\/aztexeesti\/","https:\/\/www.youtube.com\/@AZTEXEE","https:\/\/www.pinterest.com\/aztex_eesti\/","https:\/\/www.tiktok.com\/@aztexeesti","https:\/\/www.trustpilot.com\/review\/aztex.ee","https:\/\/www.linkedin.com\/company\/aztex-ee\/","https:\/\/www.wikidata.org\/wiki\/Q137560182"]}]}},"_links":{"self":[{"href":"https:\/\/aztex.ee\/sv\/wp-json\/wp\/v2\/product\/54750","targetHints":{"allow":["GET"]}}],"collection":[{"href":"https:\/\/aztex.ee\/sv\/wp-json\/wp\/v2\/product"}],"about":[{"href":"https:\/\/aztex.ee\/sv\/wp-json\/wp\/v2\/types\/product"}],"replies":[{"embeddable":true,"href":"https:\/\/aztex.ee\/sv\/wp-json\/wp\/v2\/comments?post=54750"}],"version-history":[{"count":0,"href":"https:\/\/aztex.ee\/sv\/wp-json\/wp\/v2\/product\/54750\/revisions"}],"wp:featuredmedia":[{"embeddable":true,"href":"https:\/\/aztex.ee\/sv\/wp-json\/wp\/v2\/media\/54820"}],"wp:attachment":[{"href":"https:\/\/aztex.ee\/sv\/wp-json\/wp\/v2\/media?parent=54750"}],"wp:term":[{"taxonomy":"product_brand","embeddable":true,"href":"https:\/\/aztex.ee\/sv\/wp-json\/wp\/v2\/product_brand?post=54750"},{"taxonomy":"product_cat","embeddable":true,"href":"https:\/\/aztex.ee\/sv\/wp-json\/wp\/v2\/product_cat?post=54750"},{"taxonomy":"product_tag","embeddable":true,"href":"https:\/\/aztex.ee\/sv\/wp-json\/wp\/v2\/product_tag?post=54750"}],"curies":[{"name":"wp","href":"https:\/\/api.w.org\/{rel}","templated":true}]}}