{"id":50215,"date":"2025-02-05T22:02:46","date_gmt":"2025-02-05T22:02:46","guid":{"rendered":"https:\/\/aztex.ee\/?post_type=product&#038;p=50215"},"modified":"2026-04-09T15:49:47","modified_gmt":"2026-04-09T15:49:47","slug":"raschel-filt-200x230-cm","status":"publish","type":"product","link":"https:\/\/aztex.ee\/sv\/pood\/pladar-filtar\/raschel-filt-200x230-cm\/","title":{"rendered":"Raschel filt 200&#215;230 cm | 3,5 kg"},"content":{"rendered":"<p><strong>Raschel filt \u2013 lyxig mjukhet och stil<\/strong><\/p>\n<p>En Raschel filt kombinerar v\u00e4rme, komfort och stil i en produkt. Lyxig mjukhet g\u00f6r vardagen mysig och njutbar. Texturen p\u00e5 filten ger en behaglig upplevelse, \u00e4r mjuk och samtidigt tillr\u00e4ckligt h\u00e5llbar f\u00f6r att s\u00e4kerst\u00e4lla l\u00e5ngvarig anv\u00e4ndning. Olika f\u00e4rgtoner och vackra m\u00f6nster passar in i alla inredningsdesigner, vilket ger rummen v\u00e4rme, elegans och stil.<\/p>\n<p>En Raschel-filt \u00e4r designad f\u00f6r att anv\u00e4ndas inte bara i s\u00e4ngen, utan ocks\u00e5 i soffan eller i andra rum d\u00e4r det finns en \u00f6nskan att l\u00e4gga till v\u00e4rme och en lyxig atmosf\u00e4r. Tjockleken p\u00e5 Raschel-filten s\u00e4kerst\u00e4ller en v\u00e4rmebevarande effekt, medan den mjuka texturen g\u00f6r varje anv\u00e4ndning speciell och bekv\u00e4m.<\/p>\n<p><strong>V\u00e4rme och komfort<\/strong><\/p>\n<p>En Raschel-filt erbjuder exceptionell v\u00e4rme och komfort och \u00e4r det perfekta valet f\u00f6r kallare dagar. Dess v\u00e4rmebevarande egenskaper s\u00e4kerst\u00e4ller en behaglig och mysig milj\u00f6, vilket ger extra komfort n\u00e4r varma och mysiga omgivningar beh\u00f6vs. Designen p\u00e5 filten \u00e4r designad f\u00f6r att ge en extra k\u00e4nsla av v\u00e4rme, utan att vara f\u00f6r tung eller obekv\u00e4m.<\/p>\n<p><strong>Elegans och stil i varje rum<\/strong><\/p>\n<p>Designen p\u00e5 filten \u00e4r enkel och elegant och passar in i alla interi\u00f6rer. M\u00e5ngfalden av f\u00e4rger, fr\u00e5n klassiska neutrala till dj\u00e4rvare toner, g\u00f6r att Raschel-filten passar alla rum, oavsett om det \u00e4r klassiskt, modernt eller minimalistiskt. Filten ger v\u00e4rme och stil till alla rum och \u00e4r det perfekta komplementet till alla inredningsdesigner. Utformningen av filten kompletterar alla rum och tillf\u00f6r v\u00e4rme och en lyxig st\u00e4mning. Raschel-filten \u00e4r den idealiska produkten som kombinerar v\u00e4rme, komfort och stil i en lyxig upplevelse.<\/p>\n","protected":false},"excerpt":{"rendered":"<ul>\n<li>Material: Polyester<\/li>\n<li>Storlek: 200&#215;230 cm \u00b13<\/li>\n<li>Vikt: 3,5 kg<\/li>\n<\/ul>\n","protected":false},"featured_media":50256,"comment_status":"open","ping_status":"closed","template":"","meta":[],"product_brand":[],"product_cat":[1879,3054,3097],"product_tag":[],"class_list":{"0":"post-50215","1":"product","2":"type-product","3":"status-publish","4":"has-post-thumbnail","6":"product_cat-pladar-filtar","7":"product_cat-raschel-filtar","8":"product_cat-raschel-filtar-200x230-cm","10":"first","11":"instock","12":"shipping-taxable","13":"purchasable","14":"product-type-variable"},"yoast_head":"<!-- This site is optimized with the Yoast SEO plugin v27.4 - https:\/\/yoast.com\/product\/yoast-seo-wordpress\/ -->\n<title>Dubbellagers mjuk filt 200x230 cm | AZTEX<\/title>\n<meta name=\"description\" content=\"Raschel filt kombinerar mjukhet och elegans och passar in i alla interi\u00f6rer. Den erbjuder v\u00e4rme och lyxig komfort och \u00e4r det perfekta valet f\u00f6r stilfulla\" \/>\n<meta name=\"robots\" content=\"index, follow, max-snippet:-1, max-image-preview:large, max-video-preview:-1\" \/>\n<link rel=\"canonical\" href=\"https:\/\/aztex.ee\/sv\/pood\/pladar-filtar\/raschel-filt-200x230-cm\/\" \/>\n<meta property=\"og:locale\" content=\"sv_SE\" \/>\n<meta property=\"og:type\" content=\"article\" \/>\n<meta property=\"og:title\" content=\"Dubbellagers mjuk filt 200x230 cm | AZTEX\" \/>\n<meta property=\"og:description\" content=\"Raschel filt kombinerar mjukhet och elegans och passar in i alla interi\u00f6rer. Den erbjuder v\u00e4rme och lyxig komfort och \u00e4r det perfekta valet f\u00f6r stilfulla\" \/>\n<meta property=\"og:url\" content=\"https:\/\/aztex.ee\/sv\/pood\/pladar-filtar\/raschel-filt-200x230-cm\/\" \/>\n<meta property=\"og:site_name\" content=\"AZTEX\" \/>\n<meta property=\"article:publisher\" content=\"https:\/\/www.facebook.com\/AztexEE\" \/>\n<meta property=\"article:modified_time\" content=\"2026-04-09T15:49:47+00:00\" \/>\n<meta property=\"og:image\" content=\"https:\/\/aztex.ee\/wp-content\/uploads\/2025\/02\/Raschel-tekk.jpg\" \/>\n\t<meta property=\"og:image:width\" content=\"800\" \/>\n\t<meta property=\"og:image:height\" content=\"800\" \/>\n\t<meta property=\"og:image:type\" content=\"image\/jpeg\" \/>\n<meta name=\"twitter:card\" content=\"summary_large_image\" \/>\n<meta name=\"twitter:label1\" content=\"Ber\u00e4knad l\u00e4stid\" \/>\n\t<meta name=\"twitter:data1\" content=\"2 minuter\" \/>\n<script type=\"application\/ld+json\" class=\"yoast-schema-graph\">{\"@context\":\"https:\\\/\\\/schema.org\",\"@graph\":[{\"@type\":[\"WebPage\",\"ItemPage\"],\"@id\":\"https:\\\/\\\/aztex.ee\\\/sv\\\/pood\\\/pladar-filtar\\\/raschel-filt-200x230-cm\\\/\",\"url\":\"https:\\\/\\\/aztex.ee\\\/sv\\\/pood\\\/pladar-filtar\\\/raschel-filt-200x230-cm\\\/\",\"name\":\"Dubbellagers mjuk filt 200x230 cm | AZTEX\",\"isPartOf\":{\"@id\":\"https:\\\/\\\/aztex.ee\\\/sv\\\/#website\"},\"primaryImageOfPage\":{\"@id\":\"https:\\\/\\\/aztex.ee\\\/sv\\\/pood\\\/pladar-filtar\\\/raschel-filt-200x230-cm\\\/#primaryimage\"},\"image\":{\"@id\":\"https:\\\/\\\/aztex.ee\\\/sv\\\/pood\\\/pladar-filtar\\\/raschel-filt-200x230-cm\\\/#primaryimage\"},\"thumbnailUrl\":\"https:\\\/\\\/aztex.ee\\\/wp-content\\\/uploads\\\/2025\\\/02\\\/Raschel-tekk.jpg\",\"datePublished\":\"2025-02-05T22:02:46+00:00\",\"dateModified\":\"2026-04-09T15:49:47+00:00\",\"description\":\"Raschel filt kombinerar mjukhet och elegans och passar in i alla interi\u00f6rer. Den erbjuder v\u00e4rme och lyxig komfort och \u00e4r det perfekta valet f\u00f6r stilfulla\",\"breadcrumb\":{\"@id\":\"https:\\\/\\\/aztex.ee\\\/sv\\\/pood\\\/pladar-filtar\\\/raschel-filt-200x230-cm\\\/#breadcrumb\"},\"inLanguage\":\"sv-SE\",\"potentialAction\":[{\"@type\":\"ReadAction\",\"target\":[\"https:\\\/\\\/aztex.ee\\\/sv\\\/pood\\\/pladar-filtar\\\/raschel-filt-200x230-cm\\\/\"]}]},{\"@type\":\"ImageObject\",\"inLanguage\":\"sv-SE\",\"@id\":\"https:\\\/\\\/aztex.ee\\\/sv\\\/pood\\\/pladar-filtar\\\/raschel-filt-200x230-cm\\\/#primaryimage\",\"url\":\"https:\\\/\\\/aztex.ee\\\/wp-content\\\/uploads\\\/2025\\\/02\\\/Raschel-tekk.jpg\",\"contentUrl\":\"https:\\\/\\\/aztex.ee\\\/wp-content\\\/uploads\\\/2025\\\/02\\\/Raschel-tekk.jpg\",\"width\":800,\"height\":800,\"caption\":\"Raschel tekk\"},{\"@type\":\"BreadcrumbList\",\"@id\":\"https:\\\/\\\/aztex.ee\\\/sv\\\/pood\\\/pladar-filtar\\\/raschel-filt-200x230-cm\\\/#breadcrumb\",\"itemListElement\":[{\"@type\":\"ListItem\",\"position\":1,\"name\":\"Hem\",\"item\":\"https:\\\/\\\/aztex.ee\\\/sv\\\/\"},{\"@type\":\"ListItem\",\"position\":2,\"name\":\"Butik\",\"item\":\"https:\\\/\\\/aztex.ee\\\/sv\\\/butik\\\/\"},{\"@type\":\"ListItem\",\"position\":3,\"name\":\"Raschel filt 200&#215;230 cm | 3,5 kg\"}]},{\"@type\":\"WebSite\",\"@id\":\"https:\\\/\\\/aztex.ee\\\/sv\\\/#website\",\"url\":\"https:\\\/\\\/aztex.ee\\\/sv\\\/\",\"name\":\"AZTEX\",\"description\":\"\",\"publisher\":{\"@id\":\"https:\\\/\\\/aztex.ee\\\/sv\\\/#organization\"},\"potentialAction\":[{\"@type\":\"SearchAction\",\"target\":{\"@type\":\"EntryPoint\",\"urlTemplate\":\"https:\\\/\\\/aztex.ee\\\/sv\\\/?s={search_term_string}\"},\"query-input\":{\"@type\":\"PropertyValueSpecification\",\"valueRequired\":true,\"valueName\":\"search_term_string\"}}],\"inLanguage\":\"sv-SE\"},{\"@type\":\"Organization\",\"@id\":\"https:\\\/\\\/aztex.ee\\\/sv\\\/#organization\",\"name\":\"AZTEX\",\"url\":\"https:\\\/\\\/aztex.ee\\\/sv\\\/\",\"logo\":{\"@type\":\"ImageObject\",\"inLanguage\":\"sv-SE\",\"@id\":\"https:\\\/\\\/aztex.ee\\\/sv\\\/#\\\/schema\\\/logo\\\/image\\\/\",\"url\":\"https:\\\/\\\/aztex.ee\\\/wp-content\\\/uploads\\\/2026\\\/01\\\/AZTEX.png\",\"contentUrl\":\"https:\\\/\\\/aztex.ee\\\/wp-content\\\/uploads\\\/2026\\\/01\\\/AZTEX.png\",\"width\":500,\"height\":500,\"caption\":\"AZTEX\"},\"image\":{\"@id\":\"https:\\\/\\\/aztex.ee\\\/sv\\\/#\\\/schema\\\/logo\\\/image\\\/\"},\"sameAs\":[\"https:\\\/\\\/www.facebook.com\\\/AztexEE\",\"https:\\\/\\\/www.instagram.com\\\/aztexeesti\\\/\",\"https:\\\/\\\/www.youtube.com\\\/@AZTEXEE\",\"https:\\\/\\\/www.pinterest.com\\\/aztex_eesti\\\/\",\"https:\\\/\\\/www.tiktok.com\\\/@aztexeesti\",\"https:\\\/\\\/www.trustpilot.com\\\/review\\\/aztex.ee\",\"https:\\\/\\\/www.linkedin.com\\\/company\\\/aztex-ee\\\/\",\"https:\\\/\\\/www.wikidata.org\\\/wiki\\\/Q137560182\"]}]}<\/script>\n<!-- \/ Yoast SEO plugin. -->","yoast_head_json":{"title":"Dubbellagers mjuk filt 200x230 cm | AZTEX","description":"Raschel filt kombinerar mjukhet och elegans och passar in i alla interi\u00f6rer. Den erbjuder v\u00e4rme och lyxig komfort och \u00e4r det perfekta valet f\u00f6r stilfulla","robots":{"index":"index","follow":"follow","max-snippet":"max-snippet:-1","max-image-preview":"max-image-preview:large","max-video-preview":"max-video-preview:-1"},"canonical":"https:\/\/aztex.ee\/sv\/pood\/pladar-filtar\/raschel-filt-200x230-cm\/","og_locale":"sv_SE","og_type":"article","og_title":"Dubbellagers mjuk filt 200x230 cm | AZTEX","og_description":"Raschel filt kombinerar mjukhet och elegans och passar in i alla interi\u00f6rer. Den erbjuder v\u00e4rme och lyxig komfort och \u00e4r det perfekta valet f\u00f6r stilfulla","og_url":"https:\/\/aztex.ee\/sv\/pood\/pladar-filtar\/raschel-filt-200x230-cm\/","og_site_name":"AZTEX","article_publisher":"https:\/\/www.facebook.com\/AztexEE","article_modified_time":"2026-04-09T15:49:47+00:00","og_image":[{"width":800,"height":800,"url":"https:\/\/aztex.ee\/wp-content\/uploads\/2025\/02\/Raschel-tekk.jpg","type":"image\/jpeg"}],"twitter_card":"summary_large_image","twitter_misc":{"Ber\u00e4knad l\u00e4stid":"2 minuter"},"schema":{"@context":"https:\/\/schema.org","@graph":[{"@type":["WebPage","ItemPage"],"@id":"https:\/\/aztex.ee\/sv\/pood\/pladar-filtar\/raschel-filt-200x230-cm\/","url":"https:\/\/aztex.ee\/sv\/pood\/pladar-filtar\/raschel-filt-200x230-cm\/","name":"Dubbellagers mjuk filt 200x230 cm | AZTEX","isPartOf":{"@id":"https:\/\/aztex.ee\/sv\/#website"},"primaryImageOfPage":{"@id":"https:\/\/aztex.ee\/sv\/pood\/pladar-filtar\/raschel-filt-200x230-cm\/#primaryimage"},"image":{"@id":"https:\/\/aztex.ee\/sv\/pood\/pladar-filtar\/raschel-filt-200x230-cm\/#primaryimage"},"thumbnailUrl":"https:\/\/aztex.ee\/wp-content\/uploads\/2025\/02\/Raschel-tekk.jpg","datePublished":"2025-02-05T22:02:46+00:00","dateModified":"2026-04-09T15:49:47+00:00","description":"Raschel filt kombinerar mjukhet och elegans och passar in i alla interi\u00f6rer. Den erbjuder v\u00e4rme och lyxig komfort och \u00e4r det perfekta valet f\u00f6r stilfulla","breadcrumb":{"@id":"https:\/\/aztex.ee\/sv\/pood\/pladar-filtar\/raschel-filt-200x230-cm\/#breadcrumb"},"inLanguage":"sv-SE","potentialAction":[{"@type":"ReadAction","target":["https:\/\/aztex.ee\/sv\/pood\/pladar-filtar\/raschel-filt-200x230-cm\/"]}]},{"@type":"ImageObject","inLanguage":"sv-SE","@id":"https:\/\/aztex.ee\/sv\/pood\/pladar-filtar\/raschel-filt-200x230-cm\/#primaryimage","url":"https:\/\/aztex.ee\/wp-content\/uploads\/2025\/02\/Raschel-tekk.jpg","contentUrl":"https:\/\/aztex.ee\/wp-content\/uploads\/2025\/02\/Raschel-tekk.jpg","width":800,"height":800,"caption":"Raschel tekk"},{"@type":"BreadcrumbList","@id":"https:\/\/aztex.ee\/sv\/pood\/pladar-filtar\/raschel-filt-200x230-cm\/#breadcrumb","itemListElement":[{"@type":"ListItem","position":1,"name":"Hem","item":"https:\/\/aztex.ee\/sv\/"},{"@type":"ListItem","position":2,"name":"Butik","item":"https:\/\/aztex.ee\/sv\/butik\/"},{"@type":"ListItem","position":3,"name":"Raschel filt 200&#215;230 cm | 3,5 kg"}]},{"@type":"WebSite","@id":"https:\/\/aztex.ee\/sv\/#website","url":"https:\/\/aztex.ee\/sv\/","name":"AZTEX","description":"","publisher":{"@id":"https:\/\/aztex.ee\/sv\/#organization"},"potentialAction":[{"@type":"SearchAction","target":{"@type":"EntryPoint","urlTemplate":"https:\/\/aztex.ee\/sv\/?s={search_term_string}"},"query-input":{"@type":"PropertyValueSpecification","valueRequired":true,"valueName":"search_term_string"}}],"inLanguage":"sv-SE"},{"@type":"Organization","@id":"https:\/\/aztex.ee\/sv\/#organization","name":"AZTEX","url":"https:\/\/aztex.ee\/sv\/","logo":{"@type":"ImageObject","inLanguage":"sv-SE","@id":"https:\/\/aztex.ee\/sv\/#\/schema\/logo\/image\/","url":"https:\/\/aztex.ee\/wp-content\/uploads\/2026\/01\/AZTEX.png","contentUrl":"https:\/\/aztex.ee\/wp-content\/uploads\/2026\/01\/AZTEX.png","width":500,"height":500,"caption":"AZTEX"},"image":{"@id":"https:\/\/aztex.ee\/sv\/#\/schema\/logo\/image\/"},"sameAs":["https:\/\/www.facebook.com\/AztexEE","https:\/\/www.instagram.com\/aztexeesti\/","https:\/\/www.youtube.com\/@AZTEXEE","https:\/\/www.pinterest.com\/aztex_eesti\/","https:\/\/www.tiktok.com\/@aztexeesti","https:\/\/www.trustpilot.com\/review\/aztex.ee","https:\/\/www.linkedin.com\/company\/aztex-ee\/","https:\/\/www.wikidata.org\/wiki\/Q137560182"]}]}},"_links":{"self":[{"href":"https:\/\/aztex.ee\/sv\/wp-json\/wp\/v2\/product\/50215","targetHints":{"allow":["GET"]}}],"collection":[{"href":"https:\/\/aztex.ee\/sv\/wp-json\/wp\/v2\/product"}],"about":[{"href":"https:\/\/aztex.ee\/sv\/wp-json\/wp\/v2\/types\/product"}],"replies":[{"embeddable":true,"href":"https:\/\/aztex.ee\/sv\/wp-json\/wp\/v2\/comments?post=50215"}],"version-history":[{"count":0,"href":"https:\/\/aztex.ee\/sv\/wp-json\/wp\/v2\/product\/50215\/revisions"}],"wp:featuredmedia":[{"embeddable":true,"href":"https:\/\/aztex.ee\/sv\/wp-json\/wp\/v2\/media\/50256"}],"wp:attachment":[{"href":"https:\/\/aztex.ee\/sv\/wp-json\/wp\/v2\/media?parent=50215"}],"wp:term":[{"taxonomy":"product_brand","embeddable":true,"href":"https:\/\/aztex.ee\/sv\/wp-json\/wp\/v2\/product_brand?post=50215"},{"taxonomy":"product_cat","embeddable":true,"href":"https:\/\/aztex.ee\/sv\/wp-json\/wp\/v2\/product_cat?post=50215"},{"taxonomy":"product_tag","embeddable":true,"href":"https:\/\/aztex.ee\/sv\/wp-json\/wp\/v2\/product_tag?post=50215"}],"curies":[{"name":"wp","href":"https:\/\/api.w.org\/{rel}","templated":true}]}}