{"id":47658,"date":"2025-01-28T08:48:05","date_gmt":"2025-01-28T08:48:05","guid":{"rendered":"https:\/\/aztex.ee\/?post_type=product&#038;p=47658"},"modified":"2026-04-22T12:42:06","modified_gmt":"2026-04-22T12:42:06","slug":"bomullshandduk","status":"publish","type":"product","link":"https:\/\/aztex.ee\/sv\/pood\/handdukar-och-badlakan\/bomullshandduk\/","title":{"rendered":"Bomullshandduk"},"content":{"rendered":"<p><strong>Bomullshandduk \u2013 ett praktiskt och stilrent val f\u00f6r dagligt bruk<\/strong><\/p>\n<p>En bomullshandduk av h\u00f6g kvalitet kombinerar komfort, h\u00e5llbarhet och estetiskt utseende. Den \u00e4r gjord av 100 % naturlig bomull, s\u00e5 handduken \u00e4r mjuk och absorberande, perfekt f\u00f6r dagligt bruk. Den m\u00e5ngsidiga designen kompletterar interi\u00f6ren i ditt hem och \u00e4r ett praktiskt val f\u00f6r alla tillf\u00e4llen.<\/p>\n<p><strong>Huvudfunktioner:<\/strong><\/p>\n<p><strong>Material<\/strong><br \/>\nHandduken \u00e4r gjord av 100% ren bomull, vilket s\u00e4kerst\u00e4ller dess speciella mjukhet och andningsf\u00f6rm\u00e5ga. Tack vare det naturliga materialet k\u00e4nns det behagligt p\u00e5 huden och passar \u00e4ven personer med k\u00e4nslig hud.<\/p>\n<p><strong>Absorptionsf\u00f6rm\u00e5ga<\/strong><br \/>\nBomullstyg absorberar effektivt fukt, vilket ger snabb och bekv\u00e4m torkning. Detta g\u00f6r handduken l\u00e4mplig f\u00f6r vardagsbruk.<\/p>\n<p><strong>Varaktighet<\/strong><br \/>\nEn bomullshandduk \u00e4r slitstark och beh\u00e5ller sina egenskaper \u00e4ven efter upprepad tv\u00e4tt. Dess starka fibrer f\u00f6rhindrar slitage och s\u00e4kerst\u00e4ller en l\u00e5ng livsl\u00e4ngd.<\/p>\n<p><strong>Design<\/strong><br \/>\nHandduken finns i olika f\u00e4rger som matchar olika stilar och interi\u00f6rer. Oavsett om det \u00e4r en minimalistisk eller klassisk stil, kommer denna handduk att framh\u00e4va alla rum.<\/p>\n<p><strong>V\u00e5rd<\/strong><br \/>\nHandduken \u00e4r l\u00e4ttsk\u00f6tt &#8211; den g\u00e5r att tv\u00e4tta i maskin och torkar snabbt. Materialet beh\u00e5ller sin mjukhet och f\u00e4rgglans \u00e4ven efter frekvent tv\u00e4tt, vilket alltid ger en trevlig upplevelse.<\/p>\n<p>Bomullshandduken \u00e4r idealisk f\u00f6r b\u00e5de vardagsbruk och som en praktisk present. Dess h\u00f6gkvalitativa material och eleganta design s\u00e4kerst\u00e4ller utm\u00e4rkt komfort vid anv\u00e4ndning.<\/p>\n","protected":false},"excerpt":{"rendered":"<ul>\n<li>Material: 100% bomull<\/li>\n<li>Storlek: 35\u00d775 cm \u00b13<\/li>\n<li>Vikt: 450g\/m2<\/li>\n<\/ul>\n","protected":false},"featured_media":47985,"comment_status":"open","ping_status":"closed","template":"","meta":[],"product_brand":[],"product_cat":[1742,490,786],"product_tag":[],"class_list":{"0":"post-47658","1":"product","2":"type-product","3":"status-publish","4":"has-post-thumbnail","6":"product_cat-handdukar","7":"product_cat-handdukar-och-badlakan","8":"product_cat-handdukar-35x75-cm","10":"first","11":"instock","12":"sale","13":"shipping-taxable","14":"purchasable","15":"product-type-variable"},"yoast_head":"<!-- This site is optimized with the Yoast SEO plugin v27.4 - https:\/\/yoast.com\/product\/yoast-seo-wordpress\/ -->\n<title>Bomullshandduk | Naturligt och Mjukt - AZTEX<\/title>\n<meta name=\"description\" content=\"Slitstark, snygg och l\u00e4ttsk\u00f6tt, mjuk och h\u00f6gkvalitativ bomullshandduk. Bomullshanddukar \u00e4r gjord av 100% bomull, mjuk och absorberande.\" \/>\n<meta name=\"robots\" content=\"index, follow, max-snippet:-1, max-image-preview:large, max-video-preview:-1\" \/>\n<link rel=\"canonical\" href=\"https:\/\/aztex.ee\/sv\/pood\/handdukar-och-badlakan\/bomullshandduk\/\" \/>\n<meta property=\"og:locale\" content=\"sv_SE\" \/>\n<meta property=\"og:type\" content=\"article\" \/>\n<meta property=\"og:title\" content=\"Bomullshandduk | Naturligt och Mjukt - AZTEX\" \/>\n<meta property=\"og:description\" content=\"Slitstark, snygg och l\u00e4ttsk\u00f6tt, mjuk och h\u00f6gkvalitativ bomullshandduk. Bomullshanddukar \u00e4r gjord av 100% bomull, mjuk och absorberande.\" \/>\n<meta property=\"og:url\" content=\"https:\/\/aztex.ee\/sv\/pood\/handdukar-och-badlakan\/bomullshandduk\/\" \/>\n<meta property=\"og:site_name\" content=\"AZTEX\" \/>\n<meta property=\"article:publisher\" content=\"https:\/\/www.facebook.com\/AztexEE\" \/>\n<meta property=\"article:modified_time\" content=\"2026-04-22T12:42:06+00:00\" \/>\n<meta property=\"og:image\" content=\"https:\/\/aztex.ee\/wp-content\/uploads\/2025\/01\/Puuvillane-ratik.jpg\" \/>\n\t<meta property=\"og:image:width\" content=\"800\" \/>\n\t<meta property=\"og:image:height\" content=\"800\" \/>\n\t<meta property=\"og:image:type\" content=\"image\/jpeg\" \/>\n<meta name=\"twitter:card\" content=\"summary_large_image\" \/>\n<meta name=\"twitter:label1\" content=\"Ber\u00e4knad l\u00e4stid\" \/>\n\t<meta name=\"twitter:data1\" content=\"2 minuter\" \/>\n<script type=\"application\/ld+json\" class=\"yoast-schema-graph\">{\"@context\":\"https:\\\/\\\/schema.org\",\"@graph\":[{\"@type\":[\"WebPage\",\"ItemPage\"],\"@id\":\"https:\\\/\\\/aztex.ee\\\/sv\\\/pood\\\/handdukar-och-badlakan\\\/bomullshandduk\\\/\",\"url\":\"https:\\\/\\\/aztex.ee\\\/sv\\\/pood\\\/handdukar-och-badlakan\\\/bomullshandduk\\\/\",\"name\":\"Bomullshandduk | Naturligt och Mjukt - AZTEX\",\"isPartOf\":{\"@id\":\"https:\\\/\\\/aztex.ee\\\/sv\\\/#website\"},\"primaryImageOfPage\":{\"@id\":\"https:\\\/\\\/aztex.ee\\\/sv\\\/pood\\\/handdukar-och-badlakan\\\/bomullshandduk\\\/#primaryimage\"},\"image\":{\"@id\":\"https:\\\/\\\/aztex.ee\\\/sv\\\/pood\\\/handdukar-och-badlakan\\\/bomullshandduk\\\/#primaryimage\"},\"thumbnailUrl\":\"https:\\\/\\\/aztex.ee\\\/wp-content\\\/uploads\\\/2025\\\/01\\\/Puuvillane-ratik.jpg\",\"datePublished\":\"2025-01-28T08:48:05+00:00\",\"dateModified\":\"2026-04-22T12:42:06+00:00\",\"description\":\"Slitstark, snygg och l\u00e4ttsk\u00f6tt, mjuk och h\u00f6gkvalitativ bomullshandduk. Bomullshanddukar \u00e4r gjord av 100% bomull, mjuk och absorberande.\",\"breadcrumb\":{\"@id\":\"https:\\\/\\\/aztex.ee\\\/sv\\\/pood\\\/handdukar-och-badlakan\\\/bomullshandduk\\\/#breadcrumb\"},\"inLanguage\":\"sv-SE\",\"potentialAction\":[{\"@type\":\"ReadAction\",\"target\":[\"https:\\\/\\\/aztex.ee\\\/sv\\\/pood\\\/handdukar-och-badlakan\\\/bomullshandduk\\\/\"]}]},{\"@type\":\"ImageObject\",\"inLanguage\":\"sv-SE\",\"@id\":\"https:\\\/\\\/aztex.ee\\\/sv\\\/pood\\\/handdukar-och-badlakan\\\/bomullshandduk\\\/#primaryimage\",\"url\":\"https:\\\/\\\/aztex.ee\\\/wp-content\\\/uploads\\\/2025\\\/01\\\/Puuvillane-ratik.jpg\",\"contentUrl\":\"https:\\\/\\\/aztex.ee\\\/wp-content\\\/uploads\\\/2025\\\/01\\\/Puuvillane-ratik.jpg\",\"width\":800,\"height\":800,\"caption\":\"Puuvillane r\u00e4tik\"},{\"@type\":\"BreadcrumbList\",\"@id\":\"https:\\\/\\\/aztex.ee\\\/sv\\\/pood\\\/handdukar-och-badlakan\\\/bomullshandduk\\\/#breadcrumb\",\"itemListElement\":[{\"@type\":\"ListItem\",\"position\":1,\"name\":\"Hem\",\"item\":\"https:\\\/\\\/aztex.ee\\\/sv\\\/\"},{\"@type\":\"ListItem\",\"position\":2,\"name\":\"Butik\",\"item\":\"https:\\\/\\\/aztex.ee\\\/sv\\\/butik\\\/\"},{\"@type\":\"ListItem\",\"position\":3,\"name\":\"Bomullshandduk\"}]},{\"@type\":\"WebSite\",\"@id\":\"https:\\\/\\\/aztex.ee\\\/sv\\\/#website\",\"url\":\"https:\\\/\\\/aztex.ee\\\/sv\\\/\",\"name\":\"AZTEX\",\"description\":\"\",\"publisher\":{\"@id\":\"https:\\\/\\\/aztex.ee\\\/sv\\\/#organization\"},\"potentialAction\":[{\"@type\":\"SearchAction\",\"target\":{\"@type\":\"EntryPoint\",\"urlTemplate\":\"https:\\\/\\\/aztex.ee\\\/sv\\\/?s={search_term_string}\"},\"query-input\":{\"@type\":\"PropertyValueSpecification\",\"valueRequired\":true,\"valueName\":\"search_term_string\"}}],\"inLanguage\":\"sv-SE\"},{\"@type\":\"Organization\",\"@id\":\"https:\\\/\\\/aztex.ee\\\/sv\\\/#organization\",\"name\":\"AZTEX\",\"url\":\"https:\\\/\\\/aztex.ee\\\/sv\\\/\",\"logo\":{\"@type\":\"ImageObject\",\"inLanguage\":\"sv-SE\",\"@id\":\"https:\\\/\\\/aztex.ee\\\/sv\\\/#\\\/schema\\\/logo\\\/image\\\/\",\"url\":\"https:\\\/\\\/aztex.ee\\\/wp-content\\\/uploads\\\/2026\\\/01\\\/AZTEX.png\",\"contentUrl\":\"https:\\\/\\\/aztex.ee\\\/wp-content\\\/uploads\\\/2026\\\/01\\\/AZTEX.png\",\"width\":500,\"height\":500,\"caption\":\"AZTEX\"},\"image\":{\"@id\":\"https:\\\/\\\/aztex.ee\\\/sv\\\/#\\\/schema\\\/logo\\\/image\\\/\"},\"sameAs\":[\"https:\\\/\\\/www.facebook.com\\\/AztexEE\",\"https:\\\/\\\/www.instagram.com\\\/aztexeesti\\\/\",\"https:\\\/\\\/www.youtube.com\\\/@AZTEXEE\",\"https:\\\/\\\/www.pinterest.com\\\/aztex_eesti\\\/\",\"https:\\\/\\\/www.tiktok.com\\\/@aztexeesti\",\"https:\\\/\\\/www.trustpilot.com\\\/review\\\/aztex.ee\",\"https:\\\/\\\/www.linkedin.com\\\/company\\\/aztex-ee\\\/\",\"https:\\\/\\\/www.wikidata.org\\\/wiki\\\/Q137560182\"]}]}<\/script>\n<!-- \/ Yoast SEO plugin. -->","yoast_head_json":{"title":"Bomullshandduk | Naturligt och Mjukt - AZTEX","description":"Slitstark, snygg och l\u00e4ttsk\u00f6tt, mjuk och h\u00f6gkvalitativ bomullshandduk. Bomullshanddukar \u00e4r gjord av 100% bomull, mjuk och absorberande.","robots":{"index":"index","follow":"follow","max-snippet":"max-snippet:-1","max-image-preview":"max-image-preview:large","max-video-preview":"max-video-preview:-1"},"canonical":"https:\/\/aztex.ee\/sv\/pood\/handdukar-och-badlakan\/bomullshandduk\/","og_locale":"sv_SE","og_type":"article","og_title":"Bomullshandduk | Naturligt och Mjukt - AZTEX","og_description":"Slitstark, snygg och l\u00e4ttsk\u00f6tt, mjuk och h\u00f6gkvalitativ bomullshandduk. Bomullshanddukar \u00e4r gjord av 100% bomull, mjuk och absorberande.","og_url":"https:\/\/aztex.ee\/sv\/pood\/handdukar-och-badlakan\/bomullshandduk\/","og_site_name":"AZTEX","article_publisher":"https:\/\/www.facebook.com\/AztexEE","article_modified_time":"2026-04-22T12:42:06+00:00","og_image":[{"width":800,"height":800,"url":"https:\/\/aztex.ee\/wp-content\/uploads\/2025\/01\/Puuvillane-ratik.jpg","type":"image\/jpeg"}],"twitter_card":"summary_large_image","twitter_misc":{"Ber\u00e4knad l\u00e4stid":"2 minuter"},"schema":{"@context":"https:\/\/schema.org","@graph":[{"@type":["WebPage","ItemPage"],"@id":"https:\/\/aztex.ee\/sv\/pood\/handdukar-och-badlakan\/bomullshandduk\/","url":"https:\/\/aztex.ee\/sv\/pood\/handdukar-och-badlakan\/bomullshandduk\/","name":"Bomullshandduk | Naturligt och Mjukt - AZTEX","isPartOf":{"@id":"https:\/\/aztex.ee\/sv\/#website"},"primaryImageOfPage":{"@id":"https:\/\/aztex.ee\/sv\/pood\/handdukar-och-badlakan\/bomullshandduk\/#primaryimage"},"image":{"@id":"https:\/\/aztex.ee\/sv\/pood\/handdukar-och-badlakan\/bomullshandduk\/#primaryimage"},"thumbnailUrl":"https:\/\/aztex.ee\/wp-content\/uploads\/2025\/01\/Puuvillane-ratik.jpg","datePublished":"2025-01-28T08:48:05+00:00","dateModified":"2026-04-22T12:42:06+00:00","description":"Slitstark, snygg och l\u00e4ttsk\u00f6tt, mjuk och h\u00f6gkvalitativ bomullshandduk. Bomullshanddukar \u00e4r gjord av 100% bomull, mjuk och absorberande.","breadcrumb":{"@id":"https:\/\/aztex.ee\/sv\/pood\/handdukar-och-badlakan\/bomullshandduk\/#breadcrumb"},"inLanguage":"sv-SE","potentialAction":[{"@type":"ReadAction","target":["https:\/\/aztex.ee\/sv\/pood\/handdukar-och-badlakan\/bomullshandduk\/"]}]},{"@type":"ImageObject","inLanguage":"sv-SE","@id":"https:\/\/aztex.ee\/sv\/pood\/handdukar-och-badlakan\/bomullshandduk\/#primaryimage","url":"https:\/\/aztex.ee\/wp-content\/uploads\/2025\/01\/Puuvillane-ratik.jpg","contentUrl":"https:\/\/aztex.ee\/wp-content\/uploads\/2025\/01\/Puuvillane-ratik.jpg","width":800,"height":800,"caption":"Puuvillane r\u00e4tik"},{"@type":"BreadcrumbList","@id":"https:\/\/aztex.ee\/sv\/pood\/handdukar-och-badlakan\/bomullshandduk\/#breadcrumb","itemListElement":[{"@type":"ListItem","position":1,"name":"Hem","item":"https:\/\/aztex.ee\/sv\/"},{"@type":"ListItem","position":2,"name":"Butik","item":"https:\/\/aztex.ee\/sv\/butik\/"},{"@type":"ListItem","position":3,"name":"Bomullshandduk"}]},{"@type":"WebSite","@id":"https:\/\/aztex.ee\/sv\/#website","url":"https:\/\/aztex.ee\/sv\/","name":"AZTEX","description":"","publisher":{"@id":"https:\/\/aztex.ee\/sv\/#organization"},"potentialAction":[{"@type":"SearchAction","target":{"@type":"EntryPoint","urlTemplate":"https:\/\/aztex.ee\/sv\/?s={search_term_string}"},"query-input":{"@type":"PropertyValueSpecification","valueRequired":true,"valueName":"search_term_string"}}],"inLanguage":"sv-SE"},{"@type":"Organization","@id":"https:\/\/aztex.ee\/sv\/#organization","name":"AZTEX","url":"https:\/\/aztex.ee\/sv\/","logo":{"@type":"ImageObject","inLanguage":"sv-SE","@id":"https:\/\/aztex.ee\/sv\/#\/schema\/logo\/image\/","url":"https:\/\/aztex.ee\/wp-content\/uploads\/2026\/01\/AZTEX.png","contentUrl":"https:\/\/aztex.ee\/wp-content\/uploads\/2026\/01\/AZTEX.png","width":500,"height":500,"caption":"AZTEX"},"image":{"@id":"https:\/\/aztex.ee\/sv\/#\/schema\/logo\/image\/"},"sameAs":["https:\/\/www.facebook.com\/AztexEE","https:\/\/www.instagram.com\/aztexeesti\/","https:\/\/www.youtube.com\/@AZTEXEE","https:\/\/www.pinterest.com\/aztex_eesti\/","https:\/\/www.tiktok.com\/@aztexeesti","https:\/\/www.trustpilot.com\/review\/aztex.ee","https:\/\/www.linkedin.com\/company\/aztex-ee\/","https:\/\/www.wikidata.org\/wiki\/Q137560182"]}]}},"_links":{"self":[{"href":"https:\/\/aztex.ee\/sv\/wp-json\/wp\/v2\/product\/47658","targetHints":{"allow":["GET"]}}],"collection":[{"href":"https:\/\/aztex.ee\/sv\/wp-json\/wp\/v2\/product"}],"about":[{"href":"https:\/\/aztex.ee\/sv\/wp-json\/wp\/v2\/types\/product"}],"replies":[{"embeddable":true,"href":"https:\/\/aztex.ee\/sv\/wp-json\/wp\/v2\/comments?post=47658"}],"version-history":[{"count":0,"href":"https:\/\/aztex.ee\/sv\/wp-json\/wp\/v2\/product\/47658\/revisions"}],"wp:featuredmedia":[{"embeddable":true,"href":"https:\/\/aztex.ee\/sv\/wp-json\/wp\/v2\/media\/47985"}],"wp:attachment":[{"href":"https:\/\/aztex.ee\/sv\/wp-json\/wp\/v2\/media?parent=47658"}],"wp:term":[{"taxonomy":"product_brand","embeddable":true,"href":"https:\/\/aztex.ee\/sv\/wp-json\/wp\/v2\/product_brand?post=47658"},{"taxonomy":"product_cat","embeddable":true,"href":"https:\/\/aztex.ee\/sv\/wp-json\/wp\/v2\/product_cat?post=47658"},{"taxonomy":"product_tag","embeddable":true,"href":"https:\/\/aztex.ee\/sv\/wp-json\/wp\/v2\/product_tag?post=47658"}],"curies":[{"name":"wp","href":"https:\/\/api.w.org\/{rel}","templated":true}]}}