{"id":46078,"date":"2025-01-25T10:24:23","date_gmt":"2025-01-25T10:24:23","guid":{"rendered":"https:\/\/aztex.ee\/?post_type=product&#038;p=46078"},"modified":"2026-04-11T12:19:51","modified_gmt":"2026-04-11T12:19:51","slug":"bambu-badhandduk-70x140-cm","status":"publish","type":"product","link":"https:\/\/aztex.ee\/sv\/pood\/handdukar-och-badlakan\/bambu-badhandduk-70x140-cm\/","title":{"rendered":"Bambu badhandduk 70&#215;140 cm"},"content":{"rendered":"<p><strong>Badhandduk i bambu \u2013 lyx och praktisk i din vardag<\/strong><\/p>\n<p>En badhandduk i bambu \u00e4r den perfekta kombinationen av praktisk och lyx, och erbjuder mer \u00e4n bara mjukhet. Storleken p\u00e5 70&#215;140 cm g\u00f6r denna badhandduk till ett idealiskt val f\u00f6r dagligt bruk, ger behaglig komfort, samtidigt som den \u00e4r ett elegant och funktionellt tillskott till ditt badrum.<\/p>\n<p><strong>Varf\u00f6r v\u00e4lja en bambuhandduk?<\/strong><\/p>\n<p><strong>Superabsorberande och snabbtorkande:<\/strong><br \/>\nBambufibrer \u00e4r k\u00e4nda f\u00f6r sin exceptionella absorptionsf\u00f6rm\u00e5ga. Handduken absorberar omedelbart fukt och l\u00e4mnar huden torr och fr\u00e4sch, medan handduken i sig torkar snabbare \u00e4n vanliga bomullshanddukar. Denna funktion g\u00f6r den ocks\u00e5 till ett utm\u00e4rkt val f\u00f6r aktiv livsstil och frekvent anv\u00e4ndning.<\/p>\n<p><strong>Naturligt antibakteriell:<\/strong><br \/>\nDe naturliga antibakteriella egenskaperna hos bambufibrer h\u00e5ller handduken fr\u00e4schare l\u00e4ngre, f\u00f6rhindrar bildandet av obehagliga lukter och s\u00e4kerst\u00e4ller hygien \u00e4ven efter l\u00e5ngvarig anv\u00e4ndning. En badhandduk i bambu \u00e4r ocks\u00e5 ett utm\u00e4rkt val f\u00f6r personer med k\u00e4nslig hud.<\/p>\n<p><strong>Mjukhet och komfort:<\/strong><br \/>\nDen silkeslena konsistensen av bambufibrer sk\u00e4mmer bort huden med varje ber\u00f6ring. Badhandduken \u00e4r idealisk f\u00f6r dig som uppskattar en lyxig k\u00e4nsla varje dag och bryr sig om sin huds v\u00e4lm\u00e5ende.<\/p>\n<p><strong>Tidl\u00f6s och stilren design:<\/strong><br \/>\nDet naturliga utseendet och den minimalistiska designen g\u00f6r att denna badhandduk passar alla badrum \u2013 vare sig det \u00e4r modernt, klassiskt eller naturinspirerat.<\/p>\n<p><strong>H\u00e5llbarhet och h\u00e5llbarhet:<\/strong><br \/>\nEn badhandduk i bambu \u00e4r inte bara vacker och praktisk, utan ocks\u00e5 ett milj\u00f6v\u00e4nligt val. Bambu \u00e4r en snabbt f\u00f6rnybar resurs som anv\u00e4nder mindre vatten och kemikalier f\u00f6r att odla j\u00e4mf\u00f6rt med traditionella fibrer. S\u00e5 du kan njuta av lyxen av en handduk, i vetskap om att du g\u00f6r n\u00e5got bra f\u00f6r naturen.<\/p>\n<p>Den h\u00e4r handduken \u00e4r inte bara en konsumentvara \u2013 den \u00e4r ett vardagsn\u00f6je som kombinerar komfort, kvalitet och omsorg om naturen. N\u00e4r du v\u00e4l provat det kommer du aldrig att vilja g\u00e5 tillbaka till vanliga handdukar. Best\u00e4ll idag och l\u00e4gg till mjukhet i ditt badrum som h\u00e5ller i flera \u00e5r!<\/p>\n","protected":false},"excerpt":{"rendered":"<ul>\n<li>Material: 100% bambu<\/li>\n<li>Storlek: 70\u00d7140 cm \u00b13<\/li>\n<li>Vikt: 520g\/m2<\/li>\n<\/ul>\n","protected":false},"featured_media":46122,"comment_status":"open","ping_status":"closed","template":"","meta":[],"product_brand":[],"product_cat":[1603,1720,1654,490,997],"product_tag":[],"class_list":{"0":"post-46078","1":"product","2":"type-product","3":"status-publish","4":"has-post-thumbnail","6":"product_cat-badhanddukar","7":"product_cat-badhanddukar-70x140-cm","8":"product_cat-badlakan-i-bambu","9":"product_cat-handdukar-och-badlakan","10":"product_cat-handdukar-i-bambu","12":"first","13":"instock","14":"shipping-taxable","15":"purchasable","16":"product-type-variable"},"yoast_head":"<!-- This site is optimized with the Yoast SEO plugin v27.4 - https:\/\/yoast.com\/product\/yoast-seo-wordpress\/ -->\n<title>Bambu badhandduk 70x140 cm | 100% bambu - AZTEX<\/title>\n<meta name=\"description\" content=\"Lyxig och mjuk badhandduk i bambu i storlek 70x140 cm ger maximal komfort, utm\u00e4rkt uppsugningsf\u00f6rm\u00e5ga och \u00e4r skonsam mot huden.\" \/>\n<meta name=\"robots\" content=\"index, follow, max-snippet:-1, max-image-preview:large, max-video-preview:-1\" \/>\n<link rel=\"canonical\" href=\"https:\/\/aztex.ee\/sv\/pood\/handdukar-och-badlakan\/bambu-badhandduk-70x140-cm\/\" \/>\n<meta property=\"og:locale\" content=\"sv_SE\" \/>\n<meta property=\"og:type\" content=\"article\" \/>\n<meta property=\"og:title\" content=\"Bambu badhandduk 70x140 cm | 100% bambu - AZTEX\" \/>\n<meta property=\"og:description\" content=\"Lyxig och mjuk badhandduk i bambu i storlek 70x140 cm ger maximal komfort, utm\u00e4rkt uppsugningsf\u00f6rm\u00e5ga och \u00e4r skonsam mot huden.\" \/>\n<meta property=\"og:url\" content=\"https:\/\/aztex.ee\/sv\/pood\/handdukar-och-badlakan\/bambu-badhandduk-70x140-cm\/\" \/>\n<meta property=\"og:site_name\" content=\"AZTEX\" \/>\n<meta property=\"article:publisher\" content=\"https:\/\/www.facebook.com\/AztexEE\" \/>\n<meta property=\"article:modified_time\" content=\"2026-04-11T12:19:51+00:00\" \/>\n<meta property=\"og:image\" content=\"https:\/\/aztex.ee\/wp-content\/uploads\/2025\/01\/Bambusest-vanniratikud.jpg\" \/>\n\t<meta property=\"og:image:width\" content=\"800\" \/>\n\t<meta property=\"og:image:height\" content=\"800\" \/>\n\t<meta property=\"og:image:type\" content=\"image\/jpeg\" \/>\n<meta name=\"twitter:card\" content=\"summary_large_image\" \/>\n<meta name=\"twitter:label1\" content=\"Ber\u00e4knad l\u00e4stid\" \/>\n\t<meta name=\"twitter:data1\" content=\"2 minuter\" \/>\n<script type=\"application\/ld+json\" class=\"yoast-schema-graph\">{\"@context\":\"https:\\\/\\\/schema.org\",\"@graph\":[{\"@type\":[\"WebPage\",\"ItemPage\"],\"@id\":\"https:\\\/\\\/aztex.ee\\\/sv\\\/pood\\\/handdukar-och-badlakan\\\/bambu-badhandduk-70x140-cm\\\/\",\"url\":\"https:\\\/\\\/aztex.ee\\\/sv\\\/pood\\\/handdukar-och-badlakan\\\/bambu-badhandduk-70x140-cm\\\/\",\"name\":\"Bambu badhandduk 70x140 cm | 100% bambu - AZTEX\",\"isPartOf\":{\"@id\":\"https:\\\/\\\/aztex.ee\\\/sv\\\/#website\"},\"primaryImageOfPage\":{\"@id\":\"https:\\\/\\\/aztex.ee\\\/sv\\\/pood\\\/handdukar-och-badlakan\\\/bambu-badhandduk-70x140-cm\\\/#primaryimage\"},\"image\":{\"@id\":\"https:\\\/\\\/aztex.ee\\\/sv\\\/pood\\\/handdukar-och-badlakan\\\/bambu-badhandduk-70x140-cm\\\/#primaryimage\"},\"thumbnailUrl\":\"https:\\\/\\\/aztex.ee\\\/wp-content\\\/uploads\\\/2025\\\/01\\\/Bambusest-vanniratikud.jpg\",\"datePublished\":\"2025-01-25T10:24:23+00:00\",\"dateModified\":\"2026-04-11T12:19:51+00:00\",\"description\":\"Lyxig och mjuk badhandduk i bambu i storlek 70x140 cm ger maximal komfort, utm\u00e4rkt uppsugningsf\u00f6rm\u00e5ga och \u00e4r skonsam mot huden.\",\"breadcrumb\":{\"@id\":\"https:\\\/\\\/aztex.ee\\\/sv\\\/pood\\\/handdukar-och-badlakan\\\/bambu-badhandduk-70x140-cm\\\/#breadcrumb\"},\"inLanguage\":\"sv-SE\",\"potentialAction\":[{\"@type\":\"ReadAction\",\"target\":[\"https:\\\/\\\/aztex.ee\\\/sv\\\/pood\\\/handdukar-och-badlakan\\\/bambu-badhandduk-70x140-cm\\\/\"]}]},{\"@type\":\"ImageObject\",\"inLanguage\":\"sv-SE\",\"@id\":\"https:\\\/\\\/aztex.ee\\\/sv\\\/pood\\\/handdukar-och-badlakan\\\/bambu-badhandduk-70x140-cm\\\/#primaryimage\",\"url\":\"https:\\\/\\\/aztex.ee\\\/wp-content\\\/uploads\\\/2025\\\/01\\\/Bambusest-vanniratikud.jpg\",\"contentUrl\":\"https:\\\/\\\/aztex.ee\\\/wp-content\\\/uploads\\\/2025\\\/01\\\/Bambusest-vanniratikud.jpg\",\"width\":800,\"height\":800,\"caption\":\"Bambusest vannir\u00e4tikud\"},{\"@type\":\"BreadcrumbList\",\"@id\":\"https:\\\/\\\/aztex.ee\\\/sv\\\/pood\\\/handdukar-och-badlakan\\\/bambu-badhandduk-70x140-cm\\\/#breadcrumb\",\"itemListElement\":[{\"@type\":\"ListItem\",\"position\":1,\"name\":\"Hem\",\"item\":\"https:\\\/\\\/aztex.ee\\\/sv\\\/\"},{\"@type\":\"ListItem\",\"position\":2,\"name\":\"Butik\",\"item\":\"https:\\\/\\\/aztex.ee\\\/sv\\\/butik\\\/\"},{\"@type\":\"ListItem\",\"position\":3,\"name\":\"Bambu badhandduk 70&#215;140 cm\"}]},{\"@type\":\"WebSite\",\"@id\":\"https:\\\/\\\/aztex.ee\\\/sv\\\/#website\",\"url\":\"https:\\\/\\\/aztex.ee\\\/sv\\\/\",\"name\":\"AZTEX\",\"description\":\"\",\"publisher\":{\"@id\":\"https:\\\/\\\/aztex.ee\\\/sv\\\/#organization\"},\"potentialAction\":[{\"@type\":\"SearchAction\",\"target\":{\"@type\":\"EntryPoint\",\"urlTemplate\":\"https:\\\/\\\/aztex.ee\\\/sv\\\/?s={search_term_string}\"},\"query-input\":{\"@type\":\"PropertyValueSpecification\",\"valueRequired\":true,\"valueName\":\"search_term_string\"}}],\"inLanguage\":\"sv-SE\"},{\"@type\":\"Organization\",\"@id\":\"https:\\\/\\\/aztex.ee\\\/sv\\\/#organization\",\"name\":\"AZTEX\",\"url\":\"https:\\\/\\\/aztex.ee\\\/sv\\\/\",\"logo\":{\"@type\":\"ImageObject\",\"inLanguage\":\"sv-SE\",\"@id\":\"https:\\\/\\\/aztex.ee\\\/sv\\\/#\\\/schema\\\/logo\\\/image\\\/\",\"url\":\"https:\\\/\\\/aztex.ee\\\/wp-content\\\/uploads\\\/2026\\\/01\\\/AZTEX.png\",\"contentUrl\":\"https:\\\/\\\/aztex.ee\\\/wp-content\\\/uploads\\\/2026\\\/01\\\/AZTEX.png\",\"width\":500,\"height\":500,\"caption\":\"AZTEX\"},\"image\":{\"@id\":\"https:\\\/\\\/aztex.ee\\\/sv\\\/#\\\/schema\\\/logo\\\/image\\\/\"},\"sameAs\":[\"https:\\\/\\\/www.facebook.com\\\/AztexEE\",\"https:\\\/\\\/www.instagram.com\\\/aztexeesti\\\/\",\"https:\\\/\\\/www.youtube.com\\\/@AZTEXEE\",\"https:\\\/\\\/www.pinterest.com\\\/aztex_eesti\\\/\",\"https:\\\/\\\/www.tiktok.com\\\/@aztexeesti\",\"https:\\\/\\\/www.trustpilot.com\\\/review\\\/aztex.ee\",\"https:\\\/\\\/www.linkedin.com\\\/company\\\/aztex-ee\\\/\",\"https:\\\/\\\/www.wikidata.org\\\/wiki\\\/Q137560182\"]}]}<\/script>\n<!-- \/ Yoast SEO plugin. -->","yoast_head_json":{"title":"Bambu badhandduk 70x140 cm | 100% bambu - AZTEX","description":"Lyxig och mjuk badhandduk i bambu i storlek 70x140 cm ger maximal komfort, utm\u00e4rkt uppsugningsf\u00f6rm\u00e5ga och \u00e4r skonsam mot huden.","robots":{"index":"index","follow":"follow","max-snippet":"max-snippet:-1","max-image-preview":"max-image-preview:large","max-video-preview":"max-video-preview:-1"},"canonical":"https:\/\/aztex.ee\/sv\/pood\/handdukar-och-badlakan\/bambu-badhandduk-70x140-cm\/","og_locale":"sv_SE","og_type":"article","og_title":"Bambu badhandduk 70x140 cm | 100% bambu - AZTEX","og_description":"Lyxig och mjuk badhandduk i bambu i storlek 70x140 cm ger maximal komfort, utm\u00e4rkt uppsugningsf\u00f6rm\u00e5ga och \u00e4r skonsam mot huden.","og_url":"https:\/\/aztex.ee\/sv\/pood\/handdukar-och-badlakan\/bambu-badhandduk-70x140-cm\/","og_site_name":"AZTEX","article_publisher":"https:\/\/www.facebook.com\/AztexEE","article_modified_time":"2026-04-11T12:19:51+00:00","og_image":[{"width":800,"height":800,"url":"https:\/\/aztex.ee\/wp-content\/uploads\/2025\/01\/Bambusest-vanniratikud.jpg","type":"image\/jpeg"}],"twitter_card":"summary_large_image","twitter_misc":{"Ber\u00e4knad l\u00e4stid":"2 minuter"},"schema":{"@context":"https:\/\/schema.org","@graph":[{"@type":["WebPage","ItemPage"],"@id":"https:\/\/aztex.ee\/sv\/pood\/handdukar-och-badlakan\/bambu-badhandduk-70x140-cm\/","url":"https:\/\/aztex.ee\/sv\/pood\/handdukar-och-badlakan\/bambu-badhandduk-70x140-cm\/","name":"Bambu badhandduk 70x140 cm | 100% bambu - AZTEX","isPartOf":{"@id":"https:\/\/aztex.ee\/sv\/#website"},"primaryImageOfPage":{"@id":"https:\/\/aztex.ee\/sv\/pood\/handdukar-och-badlakan\/bambu-badhandduk-70x140-cm\/#primaryimage"},"image":{"@id":"https:\/\/aztex.ee\/sv\/pood\/handdukar-och-badlakan\/bambu-badhandduk-70x140-cm\/#primaryimage"},"thumbnailUrl":"https:\/\/aztex.ee\/wp-content\/uploads\/2025\/01\/Bambusest-vanniratikud.jpg","datePublished":"2025-01-25T10:24:23+00:00","dateModified":"2026-04-11T12:19:51+00:00","description":"Lyxig och mjuk badhandduk i bambu i storlek 70x140 cm ger maximal komfort, utm\u00e4rkt uppsugningsf\u00f6rm\u00e5ga och \u00e4r skonsam mot huden.","breadcrumb":{"@id":"https:\/\/aztex.ee\/sv\/pood\/handdukar-och-badlakan\/bambu-badhandduk-70x140-cm\/#breadcrumb"},"inLanguage":"sv-SE","potentialAction":[{"@type":"ReadAction","target":["https:\/\/aztex.ee\/sv\/pood\/handdukar-och-badlakan\/bambu-badhandduk-70x140-cm\/"]}]},{"@type":"ImageObject","inLanguage":"sv-SE","@id":"https:\/\/aztex.ee\/sv\/pood\/handdukar-och-badlakan\/bambu-badhandduk-70x140-cm\/#primaryimage","url":"https:\/\/aztex.ee\/wp-content\/uploads\/2025\/01\/Bambusest-vanniratikud.jpg","contentUrl":"https:\/\/aztex.ee\/wp-content\/uploads\/2025\/01\/Bambusest-vanniratikud.jpg","width":800,"height":800,"caption":"Bambusest vannir\u00e4tikud"},{"@type":"BreadcrumbList","@id":"https:\/\/aztex.ee\/sv\/pood\/handdukar-och-badlakan\/bambu-badhandduk-70x140-cm\/#breadcrumb","itemListElement":[{"@type":"ListItem","position":1,"name":"Hem","item":"https:\/\/aztex.ee\/sv\/"},{"@type":"ListItem","position":2,"name":"Butik","item":"https:\/\/aztex.ee\/sv\/butik\/"},{"@type":"ListItem","position":3,"name":"Bambu badhandduk 70&#215;140 cm"}]},{"@type":"WebSite","@id":"https:\/\/aztex.ee\/sv\/#website","url":"https:\/\/aztex.ee\/sv\/","name":"AZTEX","description":"","publisher":{"@id":"https:\/\/aztex.ee\/sv\/#organization"},"potentialAction":[{"@type":"SearchAction","target":{"@type":"EntryPoint","urlTemplate":"https:\/\/aztex.ee\/sv\/?s={search_term_string}"},"query-input":{"@type":"PropertyValueSpecification","valueRequired":true,"valueName":"search_term_string"}}],"inLanguage":"sv-SE"},{"@type":"Organization","@id":"https:\/\/aztex.ee\/sv\/#organization","name":"AZTEX","url":"https:\/\/aztex.ee\/sv\/","logo":{"@type":"ImageObject","inLanguage":"sv-SE","@id":"https:\/\/aztex.ee\/sv\/#\/schema\/logo\/image\/","url":"https:\/\/aztex.ee\/wp-content\/uploads\/2026\/01\/AZTEX.png","contentUrl":"https:\/\/aztex.ee\/wp-content\/uploads\/2026\/01\/AZTEX.png","width":500,"height":500,"caption":"AZTEX"},"image":{"@id":"https:\/\/aztex.ee\/sv\/#\/schema\/logo\/image\/"},"sameAs":["https:\/\/www.facebook.com\/AztexEE","https:\/\/www.instagram.com\/aztexeesti\/","https:\/\/www.youtube.com\/@AZTEXEE","https:\/\/www.pinterest.com\/aztex_eesti\/","https:\/\/www.tiktok.com\/@aztexeesti","https:\/\/www.trustpilot.com\/review\/aztex.ee","https:\/\/www.linkedin.com\/company\/aztex-ee\/","https:\/\/www.wikidata.org\/wiki\/Q137560182"]}]}},"_links":{"self":[{"href":"https:\/\/aztex.ee\/sv\/wp-json\/wp\/v2\/product\/46078","targetHints":{"allow":["GET"]}}],"collection":[{"href":"https:\/\/aztex.ee\/sv\/wp-json\/wp\/v2\/product"}],"about":[{"href":"https:\/\/aztex.ee\/sv\/wp-json\/wp\/v2\/types\/product"}],"replies":[{"embeddable":true,"href":"https:\/\/aztex.ee\/sv\/wp-json\/wp\/v2\/comments?post=46078"}],"version-history":[{"count":0,"href":"https:\/\/aztex.ee\/sv\/wp-json\/wp\/v2\/product\/46078\/revisions"}],"wp:featuredmedia":[{"embeddable":true,"href":"https:\/\/aztex.ee\/sv\/wp-json\/wp\/v2\/media\/46122"}],"wp:attachment":[{"href":"https:\/\/aztex.ee\/sv\/wp-json\/wp\/v2\/media?parent=46078"}],"wp:term":[{"taxonomy":"product_brand","embeddable":true,"href":"https:\/\/aztex.ee\/sv\/wp-json\/wp\/v2\/product_brand?post=46078"},{"taxonomy":"product_cat","embeddable":true,"href":"https:\/\/aztex.ee\/sv\/wp-json\/wp\/v2\/product_cat?post=46078"},{"taxonomy":"product_tag","embeddable":true,"href":"https:\/\/aztex.ee\/sv\/wp-json\/wp\/v2\/product_tag?post=46078"}],"curies":[{"name":"wp","href":"https:\/\/api.w.org\/{rel}","templated":true}]}}