{"id":43459,"date":"2025-01-19T09:18:27","date_gmt":"2025-01-19T09:18:27","guid":{"rendered":"https:\/\/aztex.ee\/?post_type=product&#038;p=43459"},"modified":"2026-03-04T13:38:46","modified_gmt":"2026-03-04T13:38:46","slug":"bambu-handduksset","status":"publish","type":"product","link":"https:\/\/aztex.ee\/sv\/pood\/handdukar-och-badlakan\/bambu-handduksset\/","title":{"rendered":"Bambu handduksset"},"content":{"rendered":"<p>Bambu handdukssetet, som inneh\u00e5ller 3 handdukar, \u00e4r det perfekta valet f\u00f6r dig som v\u00e4rdes\u00e4tter mjukhet och funktionalitet.<\/p>\n<p>Setet inneh\u00e5ller:<br \/>\n1 stor badlakan (70\u00d7140 cm), som ger utm\u00e4rkt t\u00e4ckning och komfort.<br \/>\n2 mindre handdukar (35\u00d775 cm), idealiska f\u00f6r att torka ansiktet eller h\u00e4nderna.<\/p>\n<p>Handdukar gjorda av bambufiber \u00e4r exceptionellt mjuka och hudv\u00e4nliga, vilket ger en lyxig upplevelse. Den naturliga strukturen hos bambu s\u00e4kerst\u00e4ller utm\u00e4rkt absorptionsf\u00f6rm\u00e5ga och snabbtorkande.<\/p>\n<p>Dessutom \u00e4r bambuhanddukar antibakteriella och h\u00e5llbara och beh\u00e5ller sin kvalitet \u00e4ven efter upprepad tv\u00e4tt. Den klassiska och tidl\u00f6sa designen passar in i alla badrum och tillf\u00f6r elegans till det.<\/p>\n<p>Detta bambuset \u00e4r perfekt f\u00f6r b\u00e5de dagligt bruk och som present.<\/p>\n","protected":false},"excerpt":{"rendered":"<ul>\n<li>Material: 100% bambu<\/li>\n<li>Storlek: (70\u00d7140 cm 1 st) + (35\u00d775 cm 2 st)<\/li>\n<li>Vikt: 420g\/m2<\/li>\n<li>Setet inneh\u00e5ller: 3 st<\/li>\n<\/ul>\n","protected":false},"featured_media":43512,"comment_status":"open","ping_status":"closed","template":"","meta":[],"product_brand":[],"product_cat":[1676,490,997,1580],"product_tag":[],"class_list":{"0":"post-43459","1":"product","2":"type-product","3":"status-publish","4":"has-post-thumbnail","6":"product_cat-bambu-handduks-set","7":"product_cat-handdukar-och-badlakan","8":"product_cat-handdukar-i-bambu","9":"product_cat-handduksset","11":"first","12":"instock","13":"shipping-taxable","14":"purchasable","15":"product-type-variable"},"yoast_head":"<!-- This site is optimized with the Yoast SEO plugin v27.4 - https:\/\/yoast.com\/product\/yoast-seo-wordpress\/ -->\n<title>Bambu handduksset | AZTEX<\/title>\n<meta name=\"description\" content=\"3-delat bambu handduksset - mjuka, mycket absorberande och antibakteriella handdukar. Det perfekta valet f\u00f6r komfort och kvalitet ....\" \/>\n<meta name=\"robots\" content=\"index, follow, max-snippet:-1, max-image-preview:large, max-video-preview:-1\" \/>\n<link rel=\"canonical\" href=\"https:\/\/aztex.ee\/sv\/pood\/handdukar-och-badlakan\/bambu-handduksset\/\" \/>\n<meta property=\"og:locale\" content=\"sv_SE\" \/>\n<meta property=\"og:type\" content=\"article\" \/>\n<meta property=\"og:title\" content=\"Bambu handduksset | AZTEX\" \/>\n<meta property=\"og:description\" content=\"3-delat bambu handduksset - mjuka, mycket absorberande och antibakteriella handdukar. Det perfekta valet f\u00f6r komfort och kvalitet ....\" \/>\n<meta property=\"og:url\" content=\"https:\/\/aztex.ee\/sv\/pood\/handdukar-och-badlakan\/bambu-handduksset\/\" \/>\n<meta property=\"og:site_name\" content=\"AZTEX\" \/>\n<meta property=\"article:publisher\" content=\"https:\/\/www.facebook.com\/AztexEE\" \/>\n<meta property=\"article:modified_time\" content=\"2026-03-04T13:38:46+00:00\" \/>\n<meta property=\"og:image\" content=\"https:\/\/aztex.ee\/wp-content\/uploads\/2025\/01\/Bambusest-ratikute-komplekt-3-tk.jpg\" \/>\n\t<meta property=\"og:image:width\" content=\"800\" \/>\n\t<meta property=\"og:image:height\" content=\"800\" \/>\n\t<meta property=\"og:image:type\" content=\"image\/jpeg\" \/>\n<meta name=\"twitter:card\" content=\"summary_large_image\" \/>\n<meta name=\"twitter:label1\" content=\"Ber\u00e4knad l\u00e4stid\" \/>\n\t<meta name=\"twitter:data1\" content=\"1 minut\" \/>\n<script type=\"application\/ld+json\" class=\"yoast-schema-graph\">{\"@context\":\"https:\\\/\\\/schema.org\",\"@graph\":[{\"@type\":[\"WebPage\",\"ItemPage\"],\"@id\":\"https:\\\/\\\/aztex.ee\\\/sv\\\/pood\\\/handdukar-och-badlakan\\\/bambu-handduksset\\\/\",\"url\":\"https:\\\/\\\/aztex.ee\\\/sv\\\/pood\\\/handdukar-och-badlakan\\\/bambu-handduksset\\\/\",\"name\":\"Bambu handduksset | AZTEX\",\"isPartOf\":{\"@id\":\"https:\\\/\\\/aztex.ee\\\/sv\\\/#website\"},\"primaryImageOfPage\":{\"@id\":\"https:\\\/\\\/aztex.ee\\\/sv\\\/pood\\\/handdukar-och-badlakan\\\/bambu-handduksset\\\/#primaryimage\"},\"image\":{\"@id\":\"https:\\\/\\\/aztex.ee\\\/sv\\\/pood\\\/handdukar-och-badlakan\\\/bambu-handduksset\\\/#primaryimage\"},\"thumbnailUrl\":\"https:\\\/\\\/aztex.ee\\\/wp-content\\\/uploads\\\/2025\\\/01\\\/Bambusest-ratikute-komplekt-3-tk.jpg\",\"datePublished\":\"2025-01-19T09:18:27+00:00\",\"dateModified\":\"2026-03-04T13:38:46+00:00\",\"description\":\"3-delat bambu handduksset - mjuka, mycket absorberande och antibakteriella handdukar. Det perfekta valet f\u00f6r komfort och kvalitet ....\",\"breadcrumb\":{\"@id\":\"https:\\\/\\\/aztex.ee\\\/sv\\\/pood\\\/handdukar-och-badlakan\\\/bambu-handduksset\\\/#breadcrumb\"},\"inLanguage\":\"sv-SE\",\"potentialAction\":[{\"@type\":\"ReadAction\",\"target\":[\"https:\\\/\\\/aztex.ee\\\/sv\\\/pood\\\/handdukar-och-badlakan\\\/bambu-handduksset\\\/\"]}]},{\"@type\":\"ImageObject\",\"inLanguage\":\"sv-SE\",\"@id\":\"https:\\\/\\\/aztex.ee\\\/sv\\\/pood\\\/handdukar-och-badlakan\\\/bambu-handduksset\\\/#primaryimage\",\"url\":\"https:\\\/\\\/aztex.ee\\\/wp-content\\\/uploads\\\/2025\\\/01\\\/Bambusest-ratikute-komplekt-3-tk.jpg\",\"contentUrl\":\"https:\\\/\\\/aztex.ee\\\/wp-content\\\/uploads\\\/2025\\\/01\\\/Bambusest-ratikute-komplekt-3-tk.jpg\",\"width\":800,\"height\":800,\"caption\":\"Bambusest r\u00e4tikute komplekt 3 tk\"},{\"@type\":\"BreadcrumbList\",\"@id\":\"https:\\\/\\\/aztex.ee\\\/sv\\\/pood\\\/handdukar-och-badlakan\\\/bambu-handduksset\\\/#breadcrumb\",\"itemListElement\":[{\"@type\":\"ListItem\",\"position\":1,\"name\":\"Hem\",\"item\":\"https:\\\/\\\/aztex.ee\\\/sv\\\/\"},{\"@type\":\"ListItem\",\"position\":2,\"name\":\"Butik\",\"item\":\"https:\\\/\\\/aztex.ee\\\/sv\\\/butik\\\/\"},{\"@type\":\"ListItem\",\"position\":3,\"name\":\"Bambu handduksset\"}]},{\"@type\":\"WebSite\",\"@id\":\"https:\\\/\\\/aztex.ee\\\/sv\\\/#website\",\"url\":\"https:\\\/\\\/aztex.ee\\\/sv\\\/\",\"name\":\"AZTEX\",\"description\":\"\",\"publisher\":{\"@id\":\"https:\\\/\\\/aztex.ee\\\/sv\\\/#organization\"},\"potentialAction\":[{\"@type\":\"SearchAction\",\"target\":{\"@type\":\"EntryPoint\",\"urlTemplate\":\"https:\\\/\\\/aztex.ee\\\/sv\\\/?s={search_term_string}\"},\"query-input\":{\"@type\":\"PropertyValueSpecification\",\"valueRequired\":true,\"valueName\":\"search_term_string\"}}],\"inLanguage\":\"sv-SE\"},{\"@type\":\"Organization\",\"@id\":\"https:\\\/\\\/aztex.ee\\\/sv\\\/#organization\",\"name\":\"AZTEX\",\"url\":\"https:\\\/\\\/aztex.ee\\\/sv\\\/\",\"logo\":{\"@type\":\"ImageObject\",\"inLanguage\":\"sv-SE\",\"@id\":\"https:\\\/\\\/aztex.ee\\\/sv\\\/#\\\/schema\\\/logo\\\/image\\\/\",\"url\":\"https:\\\/\\\/aztex.ee\\\/wp-content\\\/uploads\\\/2026\\\/01\\\/AZTEX.png\",\"contentUrl\":\"https:\\\/\\\/aztex.ee\\\/wp-content\\\/uploads\\\/2026\\\/01\\\/AZTEX.png\",\"width\":500,\"height\":500,\"caption\":\"AZTEX\"},\"image\":{\"@id\":\"https:\\\/\\\/aztex.ee\\\/sv\\\/#\\\/schema\\\/logo\\\/image\\\/\"},\"sameAs\":[\"https:\\\/\\\/www.facebook.com\\\/AztexEE\",\"https:\\\/\\\/www.instagram.com\\\/aztexeesti\\\/\",\"https:\\\/\\\/www.youtube.com\\\/@AZTEXEE\",\"https:\\\/\\\/www.pinterest.com\\\/aztex_eesti\\\/\",\"https:\\\/\\\/www.tiktok.com\\\/@aztexeesti\",\"https:\\\/\\\/www.trustpilot.com\\\/review\\\/aztex.ee\",\"https:\\\/\\\/www.linkedin.com\\\/company\\\/aztex-ee\\\/\",\"https:\\\/\\\/www.wikidata.org\\\/wiki\\\/Q137560182\"]}]}<\/script>\n<!-- \/ Yoast SEO plugin. -->","yoast_head_json":{"title":"Bambu handduksset | AZTEX","description":"3-delat bambu handduksset - mjuka, mycket absorberande och antibakteriella handdukar. Det perfekta valet f\u00f6r komfort och kvalitet ....","robots":{"index":"index","follow":"follow","max-snippet":"max-snippet:-1","max-image-preview":"max-image-preview:large","max-video-preview":"max-video-preview:-1"},"canonical":"https:\/\/aztex.ee\/sv\/pood\/handdukar-och-badlakan\/bambu-handduksset\/","og_locale":"sv_SE","og_type":"article","og_title":"Bambu handduksset | AZTEX","og_description":"3-delat bambu handduksset - mjuka, mycket absorberande och antibakteriella handdukar. Det perfekta valet f\u00f6r komfort och kvalitet ....","og_url":"https:\/\/aztex.ee\/sv\/pood\/handdukar-och-badlakan\/bambu-handduksset\/","og_site_name":"AZTEX","article_publisher":"https:\/\/www.facebook.com\/AztexEE","article_modified_time":"2026-03-04T13:38:46+00:00","og_image":[{"width":800,"height":800,"url":"https:\/\/aztex.ee\/wp-content\/uploads\/2025\/01\/Bambusest-ratikute-komplekt-3-tk.jpg","type":"image\/jpeg"}],"twitter_card":"summary_large_image","twitter_misc":{"Ber\u00e4knad l\u00e4stid":"1 minut"},"schema":{"@context":"https:\/\/schema.org","@graph":[{"@type":["WebPage","ItemPage"],"@id":"https:\/\/aztex.ee\/sv\/pood\/handdukar-och-badlakan\/bambu-handduksset\/","url":"https:\/\/aztex.ee\/sv\/pood\/handdukar-och-badlakan\/bambu-handduksset\/","name":"Bambu handduksset | AZTEX","isPartOf":{"@id":"https:\/\/aztex.ee\/sv\/#website"},"primaryImageOfPage":{"@id":"https:\/\/aztex.ee\/sv\/pood\/handdukar-och-badlakan\/bambu-handduksset\/#primaryimage"},"image":{"@id":"https:\/\/aztex.ee\/sv\/pood\/handdukar-och-badlakan\/bambu-handduksset\/#primaryimage"},"thumbnailUrl":"https:\/\/aztex.ee\/wp-content\/uploads\/2025\/01\/Bambusest-ratikute-komplekt-3-tk.jpg","datePublished":"2025-01-19T09:18:27+00:00","dateModified":"2026-03-04T13:38:46+00:00","description":"3-delat bambu handduksset - mjuka, mycket absorberande och antibakteriella handdukar. Det perfekta valet f\u00f6r komfort och kvalitet ....","breadcrumb":{"@id":"https:\/\/aztex.ee\/sv\/pood\/handdukar-och-badlakan\/bambu-handduksset\/#breadcrumb"},"inLanguage":"sv-SE","potentialAction":[{"@type":"ReadAction","target":["https:\/\/aztex.ee\/sv\/pood\/handdukar-och-badlakan\/bambu-handduksset\/"]}]},{"@type":"ImageObject","inLanguage":"sv-SE","@id":"https:\/\/aztex.ee\/sv\/pood\/handdukar-och-badlakan\/bambu-handduksset\/#primaryimage","url":"https:\/\/aztex.ee\/wp-content\/uploads\/2025\/01\/Bambusest-ratikute-komplekt-3-tk.jpg","contentUrl":"https:\/\/aztex.ee\/wp-content\/uploads\/2025\/01\/Bambusest-ratikute-komplekt-3-tk.jpg","width":800,"height":800,"caption":"Bambusest r\u00e4tikute komplekt 3 tk"},{"@type":"BreadcrumbList","@id":"https:\/\/aztex.ee\/sv\/pood\/handdukar-och-badlakan\/bambu-handduksset\/#breadcrumb","itemListElement":[{"@type":"ListItem","position":1,"name":"Hem","item":"https:\/\/aztex.ee\/sv\/"},{"@type":"ListItem","position":2,"name":"Butik","item":"https:\/\/aztex.ee\/sv\/butik\/"},{"@type":"ListItem","position":3,"name":"Bambu handduksset"}]},{"@type":"WebSite","@id":"https:\/\/aztex.ee\/sv\/#website","url":"https:\/\/aztex.ee\/sv\/","name":"AZTEX","description":"","publisher":{"@id":"https:\/\/aztex.ee\/sv\/#organization"},"potentialAction":[{"@type":"SearchAction","target":{"@type":"EntryPoint","urlTemplate":"https:\/\/aztex.ee\/sv\/?s={search_term_string}"},"query-input":{"@type":"PropertyValueSpecification","valueRequired":true,"valueName":"search_term_string"}}],"inLanguage":"sv-SE"},{"@type":"Organization","@id":"https:\/\/aztex.ee\/sv\/#organization","name":"AZTEX","url":"https:\/\/aztex.ee\/sv\/","logo":{"@type":"ImageObject","inLanguage":"sv-SE","@id":"https:\/\/aztex.ee\/sv\/#\/schema\/logo\/image\/","url":"https:\/\/aztex.ee\/wp-content\/uploads\/2026\/01\/AZTEX.png","contentUrl":"https:\/\/aztex.ee\/wp-content\/uploads\/2026\/01\/AZTEX.png","width":500,"height":500,"caption":"AZTEX"},"image":{"@id":"https:\/\/aztex.ee\/sv\/#\/schema\/logo\/image\/"},"sameAs":["https:\/\/www.facebook.com\/AztexEE","https:\/\/www.instagram.com\/aztexeesti\/","https:\/\/www.youtube.com\/@AZTEXEE","https:\/\/www.pinterest.com\/aztex_eesti\/","https:\/\/www.tiktok.com\/@aztexeesti","https:\/\/www.trustpilot.com\/review\/aztex.ee","https:\/\/www.linkedin.com\/company\/aztex-ee\/","https:\/\/www.wikidata.org\/wiki\/Q137560182"]}]}},"_links":{"self":[{"href":"https:\/\/aztex.ee\/sv\/wp-json\/wp\/v2\/product\/43459","targetHints":{"allow":["GET"]}}],"collection":[{"href":"https:\/\/aztex.ee\/sv\/wp-json\/wp\/v2\/product"}],"about":[{"href":"https:\/\/aztex.ee\/sv\/wp-json\/wp\/v2\/types\/product"}],"replies":[{"embeddable":true,"href":"https:\/\/aztex.ee\/sv\/wp-json\/wp\/v2\/comments?post=43459"}],"version-history":[{"count":0,"href":"https:\/\/aztex.ee\/sv\/wp-json\/wp\/v2\/product\/43459\/revisions"}],"wp:featuredmedia":[{"embeddable":true,"href":"https:\/\/aztex.ee\/sv\/wp-json\/wp\/v2\/media\/43512"}],"wp:attachment":[{"href":"https:\/\/aztex.ee\/sv\/wp-json\/wp\/v2\/media?parent=43459"}],"wp:term":[{"taxonomy":"product_brand","embeddable":true,"href":"https:\/\/aztex.ee\/sv\/wp-json\/wp\/v2\/product_brand?post=43459"},{"taxonomy":"product_cat","embeddable":true,"href":"https:\/\/aztex.ee\/sv\/wp-json\/wp\/v2\/product_cat?post=43459"},{"taxonomy":"product_tag","embeddable":true,"href":"https:\/\/aztex.ee\/sv\/wp-json\/wp\/v2\/product_tag?post=43459"}],"curies":[{"name":"wp","href":"https:\/\/api.w.org\/{rel}","templated":true}]}}