{"id":42797,"date":"2025-01-13T10:15:39","date_gmt":"2025-01-13T10:15:39","guid":{"rendered":"https:\/\/aztex.ee\/?post_type=product&#038;p=42797"},"modified":"2026-03-22T17:46:22","modified_gmt":"2026-03-22T17:46:22","slug":"bambu-handduk-set-6-st","status":"publish","type":"product","link":"https:\/\/aztex.ee\/sv\/pood\/handdukar-och-badlakan\/bambu-handduk-set-6-st\/","title":{"rendered":"Bambu handduk set 6 st"},"content":{"rendered":"<p>Bambu handduksset, som inneh\u00e5ller 6 handdukar som m\u00e4ter 35\u00d775 cm, \u00e4r ett utm\u00e4rkt val f\u00f6r vardagsbruk eller som present. Dessa handdukar \u00e4r gjorda av bambufiber, som \u00e4r k\u00e4nt f\u00f6r sin exceptionella mjukhet och hudv\u00e4nlighet. Tack vare dess naturliga hypoallergena och antibakteriella egenskaper \u00e4r de l\u00e4mpliga f\u00f6r \u00e4ven den mest k\u00e4nsliga huden, inklusive sp\u00e4dbarn och sm\u00e5barn, vilket ger skonsam v\u00e5rd och komfort.<\/p>\n<p>Bambu handdukarnas fuktupptagningsf\u00f6rm\u00e5ga \u00e4r imponerande &#8211; de kan absorbera flera g\u00e5nger mer vatten \u00e4n traditionella bomullshanddukar. Dessutom torkar de snabbare, vilket hj\u00e4lper till att h\u00e5lla dem fr\u00e4scha och behagliga \u00e4ven vid daglig anv\u00e4ndning. Handdukarnas l\u00e4tthet och effektivitet g\u00f6r dem till ett utm\u00e4rkt val b\u00e5de hemma och p\u00e5 resa.<\/p>\n<p>L\u00e4ttsk\u00f6tta &#8211; de kan tv\u00e4ttas i tv\u00e4ttmaskinen vid l\u00e5ga temperaturer, och handdukarna beh\u00e5ller sin mjukhet och behagliga utseende \u00e4ven efter upprepad tv\u00e4tt. Deras m\u00e5ngsidiga design passar en m\u00e4ngd olika badrumsstilar, oavsett om det \u00e4r en klassisk monokromatisk l\u00f6sning eller moderna f\u00e4rgscheman som l\u00e4gger till personlighet och visuellt tilltalande.<\/p>\n<p>Detta set erbjuder den perfekta kombinationen av kvalitet och anv\u00e4ndarv\u00e4nlighet, samtidigt som den \u00e4r h\u00e5llbar och estetisk. Bambu handdukar \u00e4r inte bara praktiska, utan ocks\u00e5 trevliga att anv\u00e4nda, vilket g\u00f6r de dagliga rutinerna roligare. De \u00e4r designade f\u00f6r personer som v\u00e4rdes\u00e4tter b\u00e5de funktionalitet och stil.<\/p>\n","protected":false},"excerpt":{"rendered":"<ul>\n<li>Material: 100% bambu<\/li>\n<li>Storlek: 35\u00d775 cm \u00b13<\/li>\n<li>Vikt: 420g\/m2<\/li>\n<li>Setet inneh\u00e5ller: 6 st<\/li>\n<\/ul>\n","protected":false},"featured_media":42844,"comment_status":"open","ping_status":"closed","template":"","meta":[],"product_brand":[],"product_cat":[1632,1676,1742,490,786,997,1580],"product_tag":[],"class_list":{"0":"post-42797","1":"product","2":"type-product","3":"status-publish","4":"has-post-thumbnail","6":"product_cat-bambu-handdukar","7":"product_cat-bambu-handduks-set","8":"product_cat-handdukar","9":"product_cat-handdukar-och-badlakan","10":"product_cat-handdukar-35x75-cm","11":"product_cat-handdukar-i-bambu","12":"product_cat-handduksset","14":"first","15":"instock","16":"shipping-taxable","17":"purchasable","18":"product-type-variable"},"yoast_head":"<!-- This site is optimized with the Yoast SEO plugin v27.4 - https:\/\/yoast.com\/product\/yoast-seo-wordpress\/ -->\n<title>Bambu handduk set 6 st | AZTEX<\/title>\n<meta name=\"description\" content=\"6-delat bambu handduksset \u00e4r mjukt, h\u00e5llbart, praktiskt och snyggt och \u00e4r idealiskt f\u00f6r daglig torkning av h\u00e4nder, ansikte och kropp.\" \/>\n<meta name=\"robots\" content=\"index, follow, max-snippet:-1, max-image-preview:large, max-video-preview:-1\" \/>\n<link rel=\"canonical\" href=\"https:\/\/aztex.ee\/sv\/pood\/handdukar-och-badlakan\/bambu-handduk-set-6-st\/\" \/>\n<meta property=\"og:locale\" content=\"sv_SE\" \/>\n<meta property=\"og:type\" content=\"article\" \/>\n<meta property=\"og:title\" content=\"Bambu handduk set 6 st | AZTEX\" \/>\n<meta property=\"og:description\" content=\"6-delat bambu handduksset \u00e4r mjukt, h\u00e5llbart, praktiskt och snyggt och \u00e4r idealiskt f\u00f6r daglig torkning av h\u00e4nder, ansikte och kropp.\" \/>\n<meta property=\"og:url\" content=\"https:\/\/aztex.ee\/sv\/pood\/handdukar-och-badlakan\/bambu-handduk-set-6-st\/\" \/>\n<meta property=\"og:site_name\" content=\"AZTEX\" \/>\n<meta property=\"article:publisher\" content=\"https:\/\/www.facebook.com\/AztexEE\" \/>\n<meta property=\"article:modified_time\" content=\"2026-03-22T17:46:22+00:00\" \/>\n<meta property=\"og:image\" content=\"https:\/\/aztex.ee\/wp-content\/uploads\/2025\/01\/Bambusest-kateratikute-komplekt.jpg\" \/>\n\t<meta property=\"og:image:width\" content=\"800\" \/>\n\t<meta property=\"og:image:height\" content=\"800\" \/>\n\t<meta property=\"og:image:type\" content=\"image\/jpeg\" \/>\n<meta name=\"twitter:card\" content=\"summary_large_image\" \/>\n<meta name=\"twitter:label1\" content=\"Ber\u00e4knad l\u00e4stid\" \/>\n\t<meta name=\"twitter:data1\" content=\"2 minuter\" \/>\n<script type=\"application\/ld+json\" class=\"yoast-schema-graph\">{\"@context\":\"https:\\\/\\\/schema.org\",\"@graph\":[{\"@type\":[\"WebPage\",\"ItemPage\"],\"@id\":\"https:\\\/\\\/aztex.ee\\\/sv\\\/pood\\\/handdukar-och-badlakan\\\/bambu-handduk-set-6-st\\\/\",\"url\":\"https:\\\/\\\/aztex.ee\\\/sv\\\/pood\\\/handdukar-och-badlakan\\\/bambu-handduk-set-6-st\\\/\",\"name\":\"Bambu handduk set 6 st | AZTEX\",\"isPartOf\":{\"@id\":\"https:\\\/\\\/aztex.ee\\\/sv\\\/#website\"},\"primaryImageOfPage\":{\"@id\":\"https:\\\/\\\/aztex.ee\\\/sv\\\/pood\\\/handdukar-och-badlakan\\\/bambu-handduk-set-6-st\\\/#primaryimage\"},\"image\":{\"@id\":\"https:\\\/\\\/aztex.ee\\\/sv\\\/pood\\\/handdukar-och-badlakan\\\/bambu-handduk-set-6-st\\\/#primaryimage\"},\"thumbnailUrl\":\"https:\\\/\\\/aztex.ee\\\/wp-content\\\/uploads\\\/2025\\\/01\\\/Bambusest-kateratikute-komplekt.jpg\",\"datePublished\":\"2025-01-13T10:15:39+00:00\",\"dateModified\":\"2026-03-22T17:46:22+00:00\",\"description\":\"6-delat bambu handduksset \u00e4r mjukt, h\u00e5llbart, praktiskt och snyggt och \u00e4r idealiskt f\u00f6r daglig torkning av h\u00e4nder, ansikte och kropp.\",\"breadcrumb\":{\"@id\":\"https:\\\/\\\/aztex.ee\\\/sv\\\/pood\\\/handdukar-och-badlakan\\\/bambu-handduk-set-6-st\\\/#breadcrumb\"},\"inLanguage\":\"sv-SE\",\"potentialAction\":[{\"@type\":\"ReadAction\",\"target\":[\"https:\\\/\\\/aztex.ee\\\/sv\\\/pood\\\/handdukar-och-badlakan\\\/bambu-handduk-set-6-st\\\/\"]}]},{\"@type\":\"ImageObject\",\"inLanguage\":\"sv-SE\",\"@id\":\"https:\\\/\\\/aztex.ee\\\/sv\\\/pood\\\/handdukar-och-badlakan\\\/bambu-handduk-set-6-st\\\/#primaryimage\",\"url\":\"https:\\\/\\\/aztex.ee\\\/wp-content\\\/uploads\\\/2025\\\/01\\\/Bambusest-kateratikute-komplekt.jpg\",\"contentUrl\":\"https:\\\/\\\/aztex.ee\\\/wp-content\\\/uploads\\\/2025\\\/01\\\/Bambusest-kateratikute-komplekt.jpg\",\"width\":800,\"height\":800,\"caption\":\"Bambusest k\u00e4ter\u00e4tikute komplekt 6 tk\"},{\"@type\":\"BreadcrumbList\",\"@id\":\"https:\\\/\\\/aztex.ee\\\/sv\\\/pood\\\/handdukar-och-badlakan\\\/bambu-handduk-set-6-st\\\/#breadcrumb\",\"itemListElement\":[{\"@type\":\"ListItem\",\"position\":1,\"name\":\"Hem\",\"item\":\"https:\\\/\\\/aztex.ee\\\/sv\\\/\"},{\"@type\":\"ListItem\",\"position\":2,\"name\":\"Butik\",\"item\":\"https:\\\/\\\/aztex.ee\\\/sv\\\/butik\\\/\"},{\"@type\":\"ListItem\",\"position\":3,\"name\":\"Bambu handduk set 6 st\"}]},{\"@type\":\"WebSite\",\"@id\":\"https:\\\/\\\/aztex.ee\\\/sv\\\/#website\",\"url\":\"https:\\\/\\\/aztex.ee\\\/sv\\\/\",\"name\":\"AZTEX\",\"description\":\"\",\"publisher\":{\"@id\":\"https:\\\/\\\/aztex.ee\\\/sv\\\/#organization\"},\"potentialAction\":[{\"@type\":\"SearchAction\",\"target\":{\"@type\":\"EntryPoint\",\"urlTemplate\":\"https:\\\/\\\/aztex.ee\\\/sv\\\/?s={search_term_string}\"},\"query-input\":{\"@type\":\"PropertyValueSpecification\",\"valueRequired\":true,\"valueName\":\"search_term_string\"}}],\"inLanguage\":\"sv-SE\"},{\"@type\":\"Organization\",\"@id\":\"https:\\\/\\\/aztex.ee\\\/sv\\\/#organization\",\"name\":\"AZTEX\",\"url\":\"https:\\\/\\\/aztex.ee\\\/sv\\\/\",\"logo\":{\"@type\":\"ImageObject\",\"inLanguage\":\"sv-SE\",\"@id\":\"https:\\\/\\\/aztex.ee\\\/sv\\\/#\\\/schema\\\/logo\\\/image\\\/\",\"url\":\"https:\\\/\\\/aztex.ee\\\/wp-content\\\/uploads\\\/2026\\\/01\\\/AZTEX.png\",\"contentUrl\":\"https:\\\/\\\/aztex.ee\\\/wp-content\\\/uploads\\\/2026\\\/01\\\/AZTEX.png\",\"width\":500,\"height\":500,\"caption\":\"AZTEX\"},\"image\":{\"@id\":\"https:\\\/\\\/aztex.ee\\\/sv\\\/#\\\/schema\\\/logo\\\/image\\\/\"},\"sameAs\":[\"https:\\\/\\\/www.facebook.com\\\/AztexEE\",\"https:\\\/\\\/www.instagram.com\\\/aztexeesti\\\/\",\"https:\\\/\\\/www.youtube.com\\\/@AZTEXEE\",\"https:\\\/\\\/www.pinterest.com\\\/aztex_eesti\\\/\",\"https:\\\/\\\/www.tiktok.com\\\/@aztexeesti\",\"https:\\\/\\\/www.trustpilot.com\\\/review\\\/aztex.ee\",\"https:\\\/\\\/www.linkedin.com\\\/company\\\/aztex-ee\\\/\",\"https:\\\/\\\/www.wikidata.org\\\/wiki\\\/Q137560182\"]}]}<\/script>\n<!-- \/ Yoast SEO plugin. -->","yoast_head_json":{"title":"Bambu handduk set 6 st | AZTEX","description":"6-delat bambu handduksset \u00e4r mjukt, h\u00e5llbart, praktiskt och snyggt och \u00e4r idealiskt f\u00f6r daglig torkning av h\u00e4nder, ansikte och kropp.","robots":{"index":"index","follow":"follow","max-snippet":"max-snippet:-1","max-image-preview":"max-image-preview:large","max-video-preview":"max-video-preview:-1"},"canonical":"https:\/\/aztex.ee\/sv\/pood\/handdukar-och-badlakan\/bambu-handduk-set-6-st\/","og_locale":"sv_SE","og_type":"article","og_title":"Bambu handduk set 6 st | AZTEX","og_description":"6-delat bambu handduksset \u00e4r mjukt, h\u00e5llbart, praktiskt och snyggt och \u00e4r idealiskt f\u00f6r daglig torkning av h\u00e4nder, ansikte och kropp.","og_url":"https:\/\/aztex.ee\/sv\/pood\/handdukar-och-badlakan\/bambu-handduk-set-6-st\/","og_site_name":"AZTEX","article_publisher":"https:\/\/www.facebook.com\/AztexEE","article_modified_time":"2026-03-22T17:46:22+00:00","og_image":[{"width":800,"height":800,"url":"https:\/\/aztex.ee\/wp-content\/uploads\/2025\/01\/Bambusest-kateratikute-komplekt.jpg","type":"image\/jpeg"}],"twitter_card":"summary_large_image","twitter_misc":{"Ber\u00e4knad l\u00e4stid":"2 minuter"},"schema":{"@context":"https:\/\/schema.org","@graph":[{"@type":["WebPage","ItemPage"],"@id":"https:\/\/aztex.ee\/sv\/pood\/handdukar-och-badlakan\/bambu-handduk-set-6-st\/","url":"https:\/\/aztex.ee\/sv\/pood\/handdukar-och-badlakan\/bambu-handduk-set-6-st\/","name":"Bambu handduk set 6 st | AZTEX","isPartOf":{"@id":"https:\/\/aztex.ee\/sv\/#website"},"primaryImageOfPage":{"@id":"https:\/\/aztex.ee\/sv\/pood\/handdukar-och-badlakan\/bambu-handduk-set-6-st\/#primaryimage"},"image":{"@id":"https:\/\/aztex.ee\/sv\/pood\/handdukar-och-badlakan\/bambu-handduk-set-6-st\/#primaryimage"},"thumbnailUrl":"https:\/\/aztex.ee\/wp-content\/uploads\/2025\/01\/Bambusest-kateratikute-komplekt.jpg","datePublished":"2025-01-13T10:15:39+00:00","dateModified":"2026-03-22T17:46:22+00:00","description":"6-delat bambu handduksset \u00e4r mjukt, h\u00e5llbart, praktiskt och snyggt och \u00e4r idealiskt f\u00f6r daglig torkning av h\u00e4nder, ansikte och kropp.","breadcrumb":{"@id":"https:\/\/aztex.ee\/sv\/pood\/handdukar-och-badlakan\/bambu-handduk-set-6-st\/#breadcrumb"},"inLanguage":"sv-SE","potentialAction":[{"@type":"ReadAction","target":["https:\/\/aztex.ee\/sv\/pood\/handdukar-och-badlakan\/bambu-handduk-set-6-st\/"]}]},{"@type":"ImageObject","inLanguage":"sv-SE","@id":"https:\/\/aztex.ee\/sv\/pood\/handdukar-och-badlakan\/bambu-handduk-set-6-st\/#primaryimage","url":"https:\/\/aztex.ee\/wp-content\/uploads\/2025\/01\/Bambusest-kateratikute-komplekt.jpg","contentUrl":"https:\/\/aztex.ee\/wp-content\/uploads\/2025\/01\/Bambusest-kateratikute-komplekt.jpg","width":800,"height":800,"caption":"Bambusest k\u00e4ter\u00e4tikute komplekt 6 tk"},{"@type":"BreadcrumbList","@id":"https:\/\/aztex.ee\/sv\/pood\/handdukar-och-badlakan\/bambu-handduk-set-6-st\/#breadcrumb","itemListElement":[{"@type":"ListItem","position":1,"name":"Hem","item":"https:\/\/aztex.ee\/sv\/"},{"@type":"ListItem","position":2,"name":"Butik","item":"https:\/\/aztex.ee\/sv\/butik\/"},{"@type":"ListItem","position":3,"name":"Bambu handduk set 6 st"}]},{"@type":"WebSite","@id":"https:\/\/aztex.ee\/sv\/#website","url":"https:\/\/aztex.ee\/sv\/","name":"AZTEX","description":"","publisher":{"@id":"https:\/\/aztex.ee\/sv\/#organization"},"potentialAction":[{"@type":"SearchAction","target":{"@type":"EntryPoint","urlTemplate":"https:\/\/aztex.ee\/sv\/?s={search_term_string}"},"query-input":{"@type":"PropertyValueSpecification","valueRequired":true,"valueName":"search_term_string"}}],"inLanguage":"sv-SE"},{"@type":"Organization","@id":"https:\/\/aztex.ee\/sv\/#organization","name":"AZTEX","url":"https:\/\/aztex.ee\/sv\/","logo":{"@type":"ImageObject","inLanguage":"sv-SE","@id":"https:\/\/aztex.ee\/sv\/#\/schema\/logo\/image\/","url":"https:\/\/aztex.ee\/wp-content\/uploads\/2026\/01\/AZTEX.png","contentUrl":"https:\/\/aztex.ee\/wp-content\/uploads\/2026\/01\/AZTEX.png","width":500,"height":500,"caption":"AZTEX"},"image":{"@id":"https:\/\/aztex.ee\/sv\/#\/schema\/logo\/image\/"},"sameAs":["https:\/\/www.facebook.com\/AztexEE","https:\/\/www.instagram.com\/aztexeesti\/","https:\/\/www.youtube.com\/@AZTEXEE","https:\/\/www.pinterest.com\/aztex_eesti\/","https:\/\/www.tiktok.com\/@aztexeesti","https:\/\/www.trustpilot.com\/review\/aztex.ee","https:\/\/www.linkedin.com\/company\/aztex-ee\/","https:\/\/www.wikidata.org\/wiki\/Q137560182"]}]}},"_links":{"self":[{"href":"https:\/\/aztex.ee\/sv\/wp-json\/wp\/v2\/product\/42797","targetHints":{"allow":["GET"]}}],"collection":[{"href":"https:\/\/aztex.ee\/sv\/wp-json\/wp\/v2\/product"}],"about":[{"href":"https:\/\/aztex.ee\/sv\/wp-json\/wp\/v2\/types\/product"}],"replies":[{"embeddable":true,"href":"https:\/\/aztex.ee\/sv\/wp-json\/wp\/v2\/comments?post=42797"}],"version-history":[{"count":0,"href":"https:\/\/aztex.ee\/sv\/wp-json\/wp\/v2\/product\/42797\/revisions"}],"wp:featuredmedia":[{"embeddable":true,"href":"https:\/\/aztex.ee\/sv\/wp-json\/wp\/v2\/media\/42844"}],"wp:attachment":[{"href":"https:\/\/aztex.ee\/sv\/wp-json\/wp\/v2\/media?parent=42797"}],"wp:term":[{"taxonomy":"product_brand","embeddable":true,"href":"https:\/\/aztex.ee\/sv\/wp-json\/wp\/v2\/product_brand?post=42797"},{"taxonomy":"product_cat","embeddable":true,"href":"https:\/\/aztex.ee\/sv\/wp-json\/wp\/v2\/product_cat?post=42797"},{"taxonomy":"product_tag","embeddable":true,"href":"https:\/\/aztex.ee\/sv\/wp-json\/wp\/v2\/product_tag?post=42797"}],"curies":[{"name":"wp","href":"https:\/\/api.w.org\/{rel}","templated":true}]}}