{"id":40872,"date":"2024-12-29T01:34:10","date_gmt":"2024-12-29T01:34:10","guid":{"rendered":"https:\/\/aztex.ee\/?post_type=product&#038;p=40872"},"modified":"2026-03-28T22:10:23","modified_gmt":"2026-03-28T22:10:23","slug":"naturlig-bambu-handduk","status":"publish","type":"product","link":"https:\/\/aztex.ee\/sv\/pood\/handdukar-och-badlakan\/naturlig-bambu-handduk\/","title":{"rendered":"Bambu handduk"},"content":{"rendered":"<p>Bambu handduk \u00e4r det b\u00e4sta valet, som kombinerar naturlig sk\u00f6nhet och funktionalitet, och erbjuder dig lyxig mjukhet och tidl\u00f6s elegans. Tillverkad av 100% bambufiber, \u00e4r denna handduk designad f\u00f6r att ge en exceptionell anv\u00e4ndarupplevelse, \u00e4r b\u00e5de h\u00e5llbar och extremt skonsam mot huden. Bambufibrernas unika egenskaper, som utm\u00e4rkt uppsugningsf\u00f6rm\u00e5ga och snabbtorkande, g\u00f6r den till den perfekta f\u00f6ljeslagaren f\u00f6r b\u00e5de vardagsbruk och speciella stunder n\u00e4r du beh\u00f6ver n\u00e5got mer \u00e4n bara en handduk.<\/p>\n<p>De naturliga antibakteriella och hypoallergena egenskaperna hos bambu g\u00f6r det till ett utm\u00e4rkt val f\u00f6r personer med k\u00e4nslig hud. Denna handduk \u00e4r inte bara praktisk, utan ocks\u00e5 en h\u00e4lsov\u00e4nlig l\u00f6sning som hj\u00e4lper till att h\u00e5lla din hud ren och fr\u00e4sch. Oavsett om du har torr eller k\u00e4nslig hud ger en bambuhandduk den v\u00e5rd du beh\u00f6ver, samtidigt som den ger mjukhet och komfort.<\/p>\n<p>F\u00f6rutom att den \u00e4r l\u00e4tt att anv\u00e4nda, utm\u00e4rker sig en bambuhandduk \u00e4ven f\u00f6r sin h\u00e5llbarhet och enkla sk\u00f6tsel. Bambufibrer \u00e4r k\u00e4nda f\u00f6r sin h\u00e5llbarhet vilket g\u00f6r att handduken h\u00e5ller sig i bra form under l\u00e5ng tid, \u00e4ven vid frekvent tv\u00e4tt. Milj\u00f6v\u00e4nligheten \u00e4r ocks\u00e5 betydande \u2013 bambu \u00e4r ett h\u00e5llbart material som odlas utan anv\u00e4ndning av skadliga kemikalier.<\/p>\n<p>En bambu handduk \u00e4r inte bara ett praktiskt f\u00f6rem\u00e5l, utan ocks\u00e5 ett snyggt tillskott till ditt hems inredning. Dess minimalistiska och eleganta design kommer att komplettera ditt badrum och f\u00f6ra en mysig och lyxig atmosf\u00e4r till rummet. Den mjuka strukturen och naturliga f\u00e4rgerna skapar harmoni och komfort som kommer att g\u00f6ra varje dag speciell.<\/p>\n<p>Om du letar efter en handduk som kombinerar mjukhet, h\u00e5llbarhet och milj\u00f6v\u00e4nlighet, d\u00e5 \u00e4r en bambuhandduk det perfekta valet. Ta hand om din hud, ditt hem och din natur och tillf\u00f6r v\u00e4rde och omsorg till din vardag.<\/p>\n","protected":false},"excerpt":{"rendered":"<ul>\n<li>Material: 100% bambu<\/li>\n<li>Storlek: 35\u00d775 cm \u00b13<\/li>\n<li>Vikt: 420g\/m2<\/li>\n<\/ul>\n","protected":false},"featured_media":40910,"comment_status":"open","ping_status":"closed","template":"","meta":[],"product_brand":[],"product_cat":[1632,1742,490,786,997],"product_tag":[],"class_list":{"0":"post-40872","1":"product","2":"type-product","3":"status-publish","4":"has-post-thumbnail","6":"product_cat-bambu-handdukar","7":"product_cat-handdukar","8":"product_cat-handdukar-och-badlakan","9":"product_cat-handdukar-35x75-cm","10":"product_cat-handdukar-i-bambu","12":"first","13":"instock","14":"shipping-taxable","15":"purchasable","16":"product-type-variable"},"yoast_head":"<!-- This site is optimized with the Yoast SEO plugin v27.4 - https:\/\/yoast.com\/product\/yoast-seo-wordpress\/ -->\n<title>Bambu handduk | AZTEX<\/title>\n<meta name=\"description\" content=\"Bambu handdukar \u00e4r mjuka och idealiska f\u00f6r dagligt bruk. Deras snabbtorkande egenskaper g\u00f6r dem till ett praktiskt val. | AZTEX hemtextil\" \/>\n<meta name=\"robots\" content=\"index, follow, max-snippet:-1, max-image-preview:large, max-video-preview:-1\" \/>\n<link rel=\"canonical\" href=\"https:\/\/aztex.ee\/sv\/pood\/handdukar-och-badlakan\/naturlig-bambu-handduk\/\" \/>\n<meta property=\"og:locale\" content=\"sv_SE\" \/>\n<meta property=\"og:type\" content=\"article\" \/>\n<meta property=\"og:title\" content=\"Bambu handduk | AZTEX\" \/>\n<meta property=\"og:description\" content=\"Bambu handdukar \u00e4r mjuka och idealiska f\u00f6r dagligt bruk. Deras snabbtorkande egenskaper g\u00f6r dem till ett praktiskt val. | AZTEX hemtextil\" \/>\n<meta property=\"og:url\" content=\"https:\/\/aztex.ee\/sv\/pood\/handdukar-och-badlakan\/naturlig-bambu-handduk\/\" \/>\n<meta property=\"og:site_name\" content=\"AZTEX\" \/>\n<meta property=\"article:publisher\" content=\"https:\/\/www.facebook.com\/AztexEE\" \/>\n<meta property=\"article:modified_time\" content=\"2026-03-28T22:10:23+00:00\" \/>\n<meta property=\"og:image\" content=\"https:\/\/aztex.ee\/wp-content\/uploads\/2024\/12\/Bambusest-ratik.jpg\" \/>\n\t<meta property=\"og:image:width\" content=\"800\" \/>\n\t<meta property=\"og:image:height\" content=\"800\" \/>\n\t<meta property=\"og:image:type\" content=\"image\/jpeg\" \/>\n<meta name=\"twitter:card\" content=\"summary_large_image\" \/>\n<meta name=\"twitter:label1\" content=\"Ber\u00e4knad l\u00e4stid\" \/>\n\t<meta name=\"twitter:data1\" content=\"2 minuter\" \/>\n<script type=\"application\/ld+json\" class=\"yoast-schema-graph\">{\"@context\":\"https:\\\/\\\/schema.org\",\"@graph\":[{\"@type\":[\"WebPage\",\"ItemPage\"],\"@id\":\"https:\\\/\\\/aztex.ee\\\/sv\\\/pood\\\/handdukar-och-badlakan\\\/naturlig-bambu-handduk\\\/\",\"url\":\"https:\\\/\\\/aztex.ee\\\/sv\\\/pood\\\/handdukar-och-badlakan\\\/naturlig-bambu-handduk\\\/\",\"name\":\"Bambu handduk | AZTEX\",\"isPartOf\":{\"@id\":\"https:\\\/\\\/aztex.ee\\\/sv\\\/#website\"},\"primaryImageOfPage\":{\"@id\":\"https:\\\/\\\/aztex.ee\\\/sv\\\/pood\\\/handdukar-och-badlakan\\\/naturlig-bambu-handduk\\\/#primaryimage\"},\"image\":{\"@id\":\"https:\\\/\\\/aztex.ee\\\/sv\\\/pood\\\/handdukar-och-badlakan\\\/naturlig-bambu-handduk\\\/#primaryimage\"},\"thumbnailUrl\":\"https:\\\/\\\/aztex.ee\\\/wp-content\\\/uploads\\\/2024\\\/12\\\/Bambusest-ratik.jpg\",\"datePublished\":\"2024-12-29T01:34:10+00:00\",\"dateModified\":\"2026-03-28T22:10:23+00:00\",\"description\":\"Bambu handdukar \u00e4r mjuka och idealiska f\u00f6r dagligt bruk. Deras snabbtorkande egenskaper g\u00f6r dem till ett praktiskt val. | AZTEX hemtextil\",\"breadcrumb\":{\"@id\":\"https:\\\/\\\/aztex.ee\\\/sv\\\/pood\\\/handdukar-och-badlakan\\\/naturlig-bambu-handduk\\\/#breadcrumb\"},\"inLanguage\":\"sv-SE\",\"potentialAction\":[{\"@type\":\"ReadAction\",\"target\":[\"https:\\\/\\\/aztex.ee\\\/sv\\\/pood\\\/handdukar-och-badlakan\\\/naturlig-bambu-handduk\\\/\"]}]},{\"@type\":\"ImageObject\",\"inLanguage\":\"sv-SE\",\"@id\":\"https:\\\/\\\/aztex.ee\\\/sv\\\/pood\\\/handdukar-och-badlakan\\\/naturlig-bambu-handduk\\\/#primaryimage\",\"url\":\"https:\\\/\\\/aztex.ee\\\/wp-content\\\/uploads\\\/2024\\\/12\\\/Bambusest-ratik.jpg\",\"contentUrl\":\"https:\\\/\\\/aztex.ee\\\/wp-content\\\/uploads\\\/2024\\\/12\\\/Bambusest-ratik.jpg\",\"width\":800,\"height\":800,\"caption\":\"Bambusest r\u00e4tik\"},{\"@type\":\"BreadcrumbList\",\"@id\":\"https:\\\/\\\/aztex.ee\\\/sv\\\/pood\\\/handdukar-och-badlakan\\\/naturlig-bambu-handduk\\\/#breadcrumb\",\"itemListElement\":[{\"@type\":\"ListItem\",\"position\":1,\"name\":\"Hem\",\"item\":\"https:\\\/\\\/aztex.ee\\\/sv\\\/\"},{\"@type\":\"ListItem\",\"position\":2,\"name\":\"Butik\",\"item\":\"https:\\\/\\\/aztex.ee\\\/sv\\\/butik\\\/\"},{\"@type\":\"ListItem\",\"position\":3,\"name\":\"Bambu handduk\"}]},{\"@type\":\"WebSite\",\"@id\":\"https:\\\/\\\/aztex.ee\\\/sv\\\/#website\",\"url\":\"https:\\\/\\\/aztex.ee\\\/sv\\\/\",\"name\":\"AZTEX\",\"description\":\"\",\"publisher\":{\"@id\":\"https:\\\/\\\/aztex.ee\\\/sv\\\/#organization\"},\"potentialAction\":[{\"@type\":\"SearchAction\",\"target\":{\"@type\":\"EntryPoint\",\"urlTemplate\":\"https:\\\/\\\/aztex.ee\\\/sv\\\/?s={search_term_string}\"},\"query-input\":{\"@type\":\"PropertyValueSpecification\",\"valueRequired\":true,\"valueName\":\"search_term_string\"}}],\"inLanguage\":\"sv-SE\"},{\"@type\":\"Organization\",\"@id\":\"https:\\\/\\\/aztex.ee\\\/sv\\\/#organization\",\"name\":\"AZTEX\",\"url\":\"https:\\\/\\\/aztex.ee\\\/sv\\\/\",\"logo\":{\"@type\":\"ImageObject\",\"inLanguage\":\"sv-SE\",\"@id\":\"https:\\\/\\\/aztex.ee\\\/sv\\\/#\\\/schema\\\/logo\\\/image\\\/\",\"url\":\"https:\\\/\\\/aztex.ee\\\/wp-content\\\/uploads\\\/2026\\\/01\\\/AZTEX.png\",\"contentUrl\":\"https:\\\/\\\/aztex.ee\\\/wp-content\\\/uploads\\\/2026\\\/01\\\/AZTEX.png\",\"width\":500,\"height\":500,\"caption\":\"AZTEX\"},\"image\":{\"@id\":\"https:\\\/\\\/aztex.ee\\\/sv\\\/#\\\/schema\\\/logo\\\/image\\\/\"},\"sameAs\":[\"https:\\\/\\\/www.facebook.com\\\/AztexEE\",\"https:\\\/\\\/www.instagram.com\\\/aztexeesti\\\/\",\"https:\\\/\\\/www.youtube.com\\\/@AZTEXEE\",\"https:\\\/\\\/www.pinterest.com\\\/aztex_eesti\\\/\",\"https:\\\/\\\/www.tiktok.com\\\/@aztexeesti\",\"https:\\\/\\\/www.trustpilot.com\\\/review\\\/aztex.ee\",\"https:\\\/\\\/www.linkedin.com\\\/company\\\/aztex-ee\\\/\",\"https:\\\/\\\/www.wikidata.org\\\/wiki\\\/Q137560182\"]}]}<\/script>\n<!-- \/ Yoast SEO plugin. -->","yoast_head_json":{"title":"Bambu handduk | AZTEX","description":"Bambu handdukar \u00e4r mjuka och idealiska f\u00f6r dagligt bruk. Deras snabbtorkande egenskaper g\u00f6r dem till ett praktiskt val. | AZTEX hemtextil","robots":{"index":"index","follow":"follow","max-snippet":"max-snippet:-1","max-image-preview":"max-image-preview:large","max-video-preview":"max-video-preview:-1"},"canonical":"https:\/\/aztex.ee\/sv\/pood\/handdukar-och-badlakan\/naturlig-bambu-handduk\/","og_locale":"sv_SE","og_type":"article","og_title":"Bambu handduk | AZTEX","og_description":"Bambu handdukar \u00e4r mjuka och idealiska f\u00f6r dagligt bruk. Deras snabbtorkande egenskaper g\u00f6r dem till ett praktiskt val. | AZTEX hemtextil","og_url":"https:\/\/aztex.ee\/sv\/pood\/handdukar-och-badlakan\/naturlig-bambu-handduk\/","og_site_name":"AZTEX","article_publisher":"https:\/\/www.facebook.com\/AztexEE","article_modified_time":"2026-03-28T22:10:23+00:00","og_image":[{"width":800,"height":800,"url":"https:\/\/aztex.ee\/wp-content\/uploads\/2024\/12\/Bambusest-ratik.jpg","type":"image\/jpeg"}],"twitter_card":"summary_large_image","twitter_misc":{"Ber\u00e4knad l\u00e4stid":"2 minuter"},"schema":{"@context":"https:\/\/schema.org","@graph":[{"@type":["WebPage","ItemPage"],"@id":"https:\/\/aztex.ee\/sv\/pood\/handdukar-och-badlakan\/naturlig-bambu-handduk\/","url":"https:\/\/aztex.ee\/sv\/pood\/handdukar-och-badlakan\/naturlig-bambu-handduk\/","name":"Bambu handduk | AZTEX","isPartOf":{"@id":"https:\/\/aztex.ee\/sv\/#website"},"primaryImageOfPage":{"@id":"https:\/\/aztex.ee\/sv\/pood\/handdukar-och-badlakan\/naturlig-bambu-handduk\/#primaryimage"},"image":{"@id":"https:\/\/aztex.ee\/sv\/pood\/handdukar-och-badlakan\/naturlig-bambu-handduk\/#primaryimage"},"thumbnailUrl":"https:\/\/aztex.ee\/wp-content\/uploads\/2024\/12\/Bambusest-ratik.jpg","datePublished":"2024-12-29T01:34:10+00:00","dateModified":"2026-03-28T22:10:23+00:00","description":"Bambu handdukar \u00e4r mjuka och idealiska f\u00f6r dagligt bruk. Deras snabbtorkande egenskaper g\u00f6r dem till ett praktiskt val. | AZTEX hemtextil","breadcrumb":{"@id":"https:\/\/aztex.ee\/sv\/pood\/handdukar-och-badlakan\/naturlig-bambu-handduk\/#breadcrumb"},"inLanguage":"sv-SE","potentialAction":[{"@type":"ReadAction","target":["https:\/\/aztex.ee\/sv\/pood\/handdukar-och-badlakan\/naturlig-bambu-handduk\/"]}]},{"@type":"ImageObject","inLanguage":"sv-SE","@id":"https:\/\/aztex.ee\/sv\/pood\/handdukar-och-badlakan\/naturlig-bambu-handduk\/#primaryimage","url":"https:\/\/aztex.ee\/wp-content\/uploads\/2024\/12\/Bambusest-ratik.jpg","contentUrl":"https:\/\/aztex.ee\/wp-content\/uploads\/2024\/12\/Bambusest-ratik.jpg","width":800,"height":800,"caption":"Bambusest r\u00e4tik"},{"@type":"BreadcrumbList","@id":"https:\/\/aztex.ee\/sv\/pood\/handdukar-och-badlakan\/naturlig-bambu-handduk\/#breadcrumb","itemListElement":[{"@type":"ListItem","position":1,"name":"Hem","item":"https:\/\/aztex.ee\/sv\/"},{"@type":"ListItem","position":2,"name":"Butik","item":"https:\/\/aztex.ee\/sv\/butik\/"},{"@type":"ListItem","position":3,"name":"Bambu handduk"}]},{"@type":"WebSite","@id":"https:\/\/aztex.ee\/sv\/#website","url":"https:\/\/aztex.ee\/sv\/","name":"AZTEX","description":"","publisher":{"@id":"https:\/\/aztex.ee\/sv\/#organization"},"potentialAction":[{"@type":"SearchAction","target":{"@type":"EntryPoint","urlTemplate":"https:\/\/aztex.ee\/sv\/?s={search_term_string}"},"query-input":{"@type":"PropertyValueSpecification","valueRequired":true,"valueName":"search_term_string"}}],"inLanguage":"sv-SE"},{"@type":"Organization","@id":"https:\/\/aztex.ee\/sv\/#organization","name":"AZTEX","url":"https:\/\/aztex.ee\/sv\/","logo":{"@type":"ImageObject","inLanguage":"sv-SE","@id":"https:\/\/aztex.ee\/sv\/#\/schema\/logo\/image\/","url":"https:\/\/aztex.ee\/wp-content\/uploads\/2026\/01\/AZTEX.png","contentUrl":"https:\/\/aztex.ee\/wp-content\/uploads\/2026\/01\/AZTEX.png","width":500,"height":500,"caption":"AZTEX"},"image":{"@id":"https:\/\/aztex.ee\/sv\/#\/schema\/logo\/image\/"},"sameAs":["https:\/\/www.facebook.com\/AztexEE","https:\/\/www.instagram.com\/aztexeesti\/","https:\/\/www.youtube.com\/@AZTEXEE","https:\/\/www.pinterest.com\/aztex_eesti\/","https:\/\/www.tiktok.com\/@aztexeesti","https:\/\/www.trustpilot.com\/review\/aztex.ee","https:\/\/www.linkedin.com\/company\/aztex-ee\/","https:\/\/www.wikidata.org\/wiki\/Q137560182"]}]}},"_links":{"self":[{"href":"https:\/\/aztex.ee\/sv\/wp-json\/wp\/v2\/product\/40872","targetHints":{"allow":["GET"]}}],"collection":[{"href":"https:\/\/aztex.ee\/sv\/wp-json\/wp\/v2\/product"}],"about":[{"href":"https:\/\/aztex.ee\/sv\/wp-json\/wp\/v2\/types\/product"}],"replies":[{"embeddable":true,"href":"https:\/\/aztex.ee\/sv\/wp-json\/wp\/v2\/comments?post=40872"}],"version-history":[{"count":0,"href":"https:\/\/aztex.ee\/sv\/wp-json\/wp\/v2\/product\/40872\/revisions"}],"wp:featuredmedia":[{"embeddable":true,"href":"https:\/\/aztex.ee\/sv\/wp-json\/wp\/v2\/media\/40910"}],"wp:attachment":[{"href":"https:\/\/aztex.ee\/sv\/wp-json\/wp\/v2\/media?parent=40872"}],"wp:term":[{"taxonomy":"product_brand","embeddable":true,"href":"https:\/\/aztex.ee\/sv\/wp-json\/wp\/v2\/product_brand?post=40872"},{"taxonomy":"product_cat","embeddable":true,"href":"https:\/\/aztex.ee\/sv\/wp-json\/wp\/v2\/product_cat?post=40872"},{"taxonomy":"product_tag","embeddable":true,"href":"https:\/\/aztex.ee\/sv\/wp-json\/wp\/v2\/product_tag?post=40872"}],"curies":[{"name":"wp","href":"https:\/\/api.w.org\/{rel}","templated":true}]}}