{"id":37906,"date":"2024-12-18T20:16:28","date_gmt":"2024-12-18T20:16:28","guid":{"rendered":"https:\/\/aztex.ee\/?post_type=product&#038;p=37906"},"modified":"2026-04-09T15:42:41","modified_gmt":"2026-04-09T15:42:41","slug":"paslakanset-fargglad-fjaril","status":"publish","type":"product","link":"https:\/\/aztex.ee\/sv\/pood\/sangklader\/paslakanset-fargglad-fjaril\/","title":{"rendered":"P\u00e5slakanset | F\u00e4rgglad fj\u00e4ril"},"content":{"rendered":"<p>S\u00e4ngkl\u00e4der i 100% bomull ger naturlig mjukhet och komfort till ditt sovrum, vilket du verkligen kommer att njuta av. Dessa s\u00e4ngkl\u00e4der \u00e4r gjorda av andningsbar, \u00e4kta bomull, som hj\u00e4lper kroppen att h\u00e5lla den idealiska temperaturen under natten, vilket ger svalka p\u00e5 varma n\u00e4tter och v\u00e4rme p\u00e5 kallare. Det \u00e4r ett utm\u00e4rkt val f\u00f6r dem som letar efter ett naturligt material som \u00e4r skonsamt \u00e4ven p\u00e5 k\u00e4nslig hud.<\/p>\n<p>S\u00e4ngkl\u00e4dernas tidl\u00f6sa och eleganta design kommer att framh\u00e4va alla sovrum och ge rummet mjukhet och lugn. Den h\u00f6gkvalitativa bomullen f\u00f6rblir h\u00e5llbar och blir \u00e4nnu mjukare f\u00f6r varje tv\u00e4tt, vilket ger en lyxig k\u00e4nsla som varar. Njut av en riktigt mysig och naturn\u00e4ra semester varje kv\u00e4ll med s\u00e4ngkl\u00e4der i 100% bomull.<\/p>\n","protected":false},"excerpt":{"rendered":"<p>Naturligt mjukt och andningsbart 100% bomulls p\u00e5slakanset som s\u00e4kerst\u00e4ller en bekv\u00e4m och vilsam s\u00f6mn.<\/p>\n<ul>\n<li>Material: 100% bomull<\/li>\n<li>Tyg: Satin<\/li>\n<li>Tr\u00e5dt\u00e4thet: 255 TC<\/li>\n<li>P\u00e5slakan: 200\u00d7230 cm<\/li>\n<li>\u00d6rngott: 50\u00d775 cm (2 st)<\/li>\n<li>Lakan: Ing\u00e5r ej<\/li>\n<li>Komfort: Andas och mjuk konsistens<\/li>\n<\/ul>\n<p><img loading=\"lazy\" decoding=\"async\" class=\"alignnone size-full wp-image-30421\" src=\"https:\/\/aztex.ee\/wp-content\/uploads\/2024\/11\/100puuvilll.png\" alt=\"\" width=\"275\" height=\"76\" srcset=\"https:\/\/aztex.ee\/wp-content\/uploads\/2024\/11\/100puuvilll.png 275w, https:\/\/aztex.ee\/wp-content\/uploads\/2024\/11\/100puuvilll-150x41.png 150w\" sizes=\"auto, (max-width: 275px) 100vw, 275px\" \/><\/p>\n","protected":false},"featured_media":37934,"comment_status":"open","ping_status":"closed","template":"","meta":[],"product_brand":[],"product_cat":[113,173,309,507,608,391],"product_tag":[],"class_list":{"0":"post-37906","1":"product","2":"type-product","3":"status-publish","4":"has-post-thumbnail","6":"product_cat-sangklader","7":"product_cat-sangklader-i-bomull","8":"product_cat-sangklader-i-bomull-200-230","9":"product_cat-sangklader-set","10":"product_cat-satin-paslakanset","11":"product_cat-satin-sangklader","13":"first","14":"instock","15":"shipping-taxable","16":"purchasable","17":"product-type-simple"},"yoast_head":"<!-- This site is optimized with the Yoast SEO plugin v27.4 - https:\/\/yoast.com\/product\/yoast-seo-wordpress\/ -->\n<title>P\u00e5slakanset | F\u00e4rgglad fj\u00e4ril | AZTEX<\/title>\n<meta name=\"description\" content=\"Lyxiga p\u00e5slakanset i 100% bomull - kolla in v\u00e5ra kollektioner som erbjuder utm\u00e4rkt komfort och stil i ditt sovrum. V\u00e4lj den perfekta s\u00e4ngen f\u00f6r din s\u00e4ng.\" \/>\n<meta name=\"robots\" content=\"index, follow, max-snippet:-1, max-image-preview:large, max-video-preview:-1\" \/>\n<link rel=\"canonical\" href=\"https:\/\/aztex.ee\/sv\/pood\/sangklader\/paslakanset-fargglad-fjaril\/\" \/>\n<meta property=\"og:locale\" content=\"sv_SE\" \/>\n<meta property=\"og:type\" content=\"article\" \/>\n<meta property=\"og:title\" content=\"P\u00e5slakanset | F\u00e4rgglad fj\u00e4ril | AZTEX\" \/>\n<meta property=\"og:description\" content=\"Lyxiga p\u00e5slakanset i 100% bomull - kolla in v\u00e5ra kollektioner som erbjuder utm\u00e4rkt komfort och stil i ditt sovrum. V\u00e4lj den perfekta s\u00e4ngen f\u00f6r din s\u00e4ng.\" \/>\n<meta property=\"og:url\" content=\"https:\/\/aztex.ee\/sv\/pood\/sangklader\/paslakanset-fargglad-fjaril\/\" \/>\n<meta property=\"og:site_name\" content=\"AZTEX\" \/>\n<meta property=\"article:publisher\" content=\"https:\/\/www.facebook.com\/AztexEE\" \/>\n<meta property=\"article:modified_time\" content=\"2026-04-09T15:42:41+00:00\" \/>\n<meta property=\"og:image\" content=\"https:\/\/aztex.ee\/wp-content\/uploads\/2024\/12\/Voodipesukomplekt-3.jpg\" \/>\n\t<meta property=\"og:image:width\" content=\"800\" \/>\n\t<meta property=\"og:image:height\" content=\"800\" \/>\n\t<meta property=\"og:image:type\" content=\"image\/jpeg\" \/>\n<meta name=\"twitter:card\" content=\"summary_large_image\" \/>\n<meta name=\"twitter:label1\" content=\"Ber\u00e4knad l\u00e4stid\" \/>\n\t<meta name=\"twitter:data1\" content=\"1 minut\" \/>\n<script type=\"application\/ld+json\" class=\"yoast-schema-graph\">{\"@context\":\"https:\\\/\\\/schema.org\",\"@graph\":[{\"@type\":[\"WebPage\",\"ItemPage\"],\"@id\":\"https:\\\/\\\/aztex.ee\\\/sv\\\/pood\\\/sangklader\\\/paslakanset-fargglad-fjaril\\\/\",\"url\":\"https:\\\/\\\/aztex.ee\\\/sv\\\/pood\\\/sangklader\\\/paslakanset-fargglad-fjaril\\\/\",\"name\":\"P\u00e5slakanset | F\u00e4rgglad fj\u00e4ril | AZTEX\",\"isPartOf\":{\"@id\":\"https:\\\/\\\/aztex.ee\\\/sv\\\/#website\"},\"primaryImageOfPage\":{\"@id\":\"https:\\\/\\\/aztex.ee\\\/sv\\\/pood\\\/sangklader\\\/paslakanset-fargglad-fjaril\\\/#primaryimage\"},\"image\":{\"@id\":\"https:\\\/\\\/aztex.ee\\\/sv\\\/pood\\\/sangklader\\\/paslakanset-fargglad-fjaril\\\/#primaryimage\"},\"thumbnailUrl\":\"https:\\\/\\\/aztex.ee\\\/wp-content\\\/uploads\\\/2024\\\/12\\\/Voodipesukomplekt-3.jpg\",\"datePublished\":\"2024-12-18T20:16:28+00:00\",\"dateModified\":\"2026-04-09T15:42:41+00:00\",\"description\":\"Lyxiga p\u00e5slakanset i 100% bomull - kolla in v\u00e5ra kollektioner som erbjuder utm\u00e4rkt komfort och stil i ditt sovrum. V\u00e4lj den perfekta s\u00e4ngen f\u00f6r din s\u00e4ng.\",\"breadcrumb\":{\"@id\":\"https:\\\/\\\/aztex.ee\\\/sv\\\/pood\\\/sangklader\\\/paslakanset-fargglad-fjaril\\\/#breadcrumb\"},\"inLanguage\":\"sv-SE\",\"potentialAction\":[{\"@type\":\"ReadAction\",\"target\":[\"https:\\\/\\\/aztex.ee\\\/sv\\\/pood\\\/sangklader\\\/paslakanset-fargglad-fjaril\\\/\"]}]},{\"@type\":\"ImageObject\",\"inLanguage\":\"sv-SE\",\"@id\":\"https:\\\/\\\/aztex.ee\\\/sv\\\/pood\\\/sangklader\\\/paslakanset-fargglad-fjaril\\\/#primaryimage\",\"url\":\"https:\\\/\\\/aztex.ee\\\/wp-content\\\/uploads\\\/2024\\\/12\\\/Voodipesukomplekt-3.jpg\",\"contentUrl\":\"https:\\\/\\\/aztex.ee\\\/wp-content\\\/uploads\\\/2024\\\/12\\\/Voodipesukomplekt-3.jpg\",\"width\":800,\"height\":800,\"caption\":\"Voodipesukomplekt | Colorful butterfly\"},{\"@type\":\"BreadcrumbList\",\"@id\":\"https:\\\/\\\/aztex.ee\\\/sv\\\/pood\\\/sangklader\\\/paslakanset-fargglad-fjaril\\\/#breadcrumb\",\"itemListElement\":[{\"@type\":\"ListItem\",\"position\":1,\"name\":\"Hem\",\"item\":\"https:\\\/\\\/aztex.ee\\\/sv\\\/\"},{\"@type\":\"ListItem\",\"position\":2,\"name\":\"Butik\",\"item\":\"https:\\\/\\\/aztex.ee\\\/sv\\\/butik\\\/\"},{\"@type\":\"ListItem\",\"position\":3,\"name\":\"P\u00e5slakanset | F\u00e4rgglad fj\u00e4ril\"}]},{\"@type\":\"WebSite\",\"@id\":\"https:\\\/\\\/aztex.ee\\\/sv\\\/#website\",\"url\":\"https:\\\/\\\/aztex.ee\\\/sv\\\/\",\"name\":\"AZTEX\",\"description\":\"\",\"publisher\":{\"@id\":\"https:\\\/\\\/aztex.ee\\\/sv\\\/#organization\"},\"potentialAction\":[{\"@type\":\"SearchAction\",\"target\":{\"@type\":\"EntryPoint\",\"urlTemplate\":\"https:\\\/\\\/aztex.ee\\\/sv\\\/?s={search_term_string}\"},\"query-input\":{\"@type\":\"PropertyValueSpecification\",\"valueRequired\":true,\"valueName\":\"search_term_string\"}}],\"inLanguage\":\"sv-SE\"},{\"@type\":\"Organization\",\"@id\":\"https:\\\/\\\/aztex.ee\\\/sv\\\/#organization\",\"name\":\"AZTEX\",\"url\":\"https:\\\/\\\/aztex.ee\\\/sv\\\/\",\"logo\":{\"@type\":\"ImageObject\",\"inLanguage\":\"sv-SE\",\"@id\":\"https:\\\/\\\/aztex.ee\\\/sv\\\/#\\\/schema\\\/logo\\\/image\\\/\",\"url\":\"https:\\\/\\\/aztex.ee\\\/wp-content\\\/uploads\\\/2026\\\/01\\\/AZTEX.png\",\"contentUrl\":\"https:\\\/\\\/aztex.ee\\\/wp-content\\\/uploads\\\/2026\\\/01\\\/AZTEX.png\",\"width\":500,\"height\":500,\"caption\":\"AZTEX\"},\"image\":{\"@id\":\"https:\\\/\\\/aztex.ee\\\/sv\\\/#\\\/schema\\\/logo\\\/image\\\/\"},\"sameAs\":[\"https:\\\/\\\/www.facebook.com\\\/AztexEE\",\"https:\\\/\\\/www.instagram.com\\\/aztexeesti\\\/\",\"https:\\\/\\\/www.youtube.com\\\/@AZTEXEE\",\"https:\\\/\\\/www.pinterest.com\\\/aztex_eesti\\\/\",\"https:\\\/\\\/www.tiktok.com\\\/@aztexeesti\",\"https:\\\/\\\/www.trustpilot.com\\\/review\\\/aztex.ee\",\"https:\\\/\\\/www.linkedin.com\\\/company\\\/aztex-ee\\\/\",\"https:\\\/\\\/www.wikidata.org\\\/wiki\\\/Q137560182\"]}]}<\/script>\n<!-- \/ Yoast SEO plugin. -->","yoast_head_json":{"title":"P\u00e5slakanset | F\u00e4rgglad fj\u00e4ril | AZTEX","description":"Lyxiga p\u00e5slakanset i 100% bomull - kolla in v\u00e5ra kollektioner som erbjuder utm\u00e4rkt komfort och stil i ditt sovrum. V\u00e4lj den perfekta s\u00e4ngen f\u00f6r din s\u00e4ng.","robots":{"index":"index","follow":"follow","max-snippet":"max-snippet:-1","max-image-preview":"max-image-preview:large","max-video-preview":"max-video-preview:-1"},"canonical":"https:\/\/aztex.ee\/sv\/pood\/sangklader\/paslakanset-fargglad-fjaril\/","og_locale":"sv_SE","og_type":"article","og_title":"P\u00e5slakanset | F\u00e4rgglad fj\u00e4ril | AZTEX","og_description":"Lyxiga p\u00e5slakanset i 100% bomull - kolla in v\u00e5ra kollektioner som erbjuder utm\u00e4rkt komfort och stil i ditt sovrum. V\u00e4lj den perfekta s\u00e4ngen f\u00f6r din s\u00e4ng.","og_url":"https:\/\/aztex.ee\/sv\/pood\/sangklader\/paslakanset-fargglad-fjaril\/","og_site_name":"AZTEX","article_publisher":"https:\/\/www.facebook.com\/AztexEE","article_modified_time":"2026-04-09T15:42:41+00:00","og_image":[{"width":800,"height":800,"url":"https:\/\/aztex.ee\/wp-content\/uploads\/2024\/12\/Voodipesukomplekt-3.jpg","type":"image\/jpeg"}],"twitter_card":"summary_large_image","twitter_misc":{"Ber\u00e4knad l\u00e4stid":"1 minut"},"schema":{"@context":"https:\/\/schema.org","@graph":[{"@type":["WebPage","ItemPage"],"@id":"https:\/\/aztex.ee\/sv\/pood\/sangklader\/paslakanset-fargglad-fjaril\/","url":"https:\/\/aztex.ee\/sv\/pood\/sangklader\/paslakanset-fargglad-fjaril\/","name":"P\u00e5slakanset | F\u00e4rgglad fj\u00e4ril | AZTEX","isPartOf":{"@id":"https:\/\/aztex.ee\/sv\/#website"},"primaryImageOfPage":{"@id":"https:\/\/aztex.ee\/sv\/pood\/sangklader\/paslakanset-fargglad-fjaril\/#primaryimage"},"image":{"@id":"https:\/\/aztex.ee\/sv\/pood\/sangklader\/paslakanset-fargglad-fjaril\/#primaryimage"},"thumbnailUrl":"https:\/\/aztex.ee\/wp-content\/uploads\/2024\/12\/Voodipesukomplekt-3.jpg","datePublished":"2024-12-18T20:16:28+00:00","dateModified":"2026-04-09T15:42:41+00:00","description":"Lyxiga p\u00e5slakanset i 100% bomull - kolla in v\u00e5ra kollektioner som erbjuder utm\u00e4rkt komfort och stil i ditt sovrum. V\u00e4lj den perfekta s\u00e4ngen f\u00f6r din s\u00e4ng.","breadcrumb":{"@id":"https:\/\/aztex.ee\/sv\/pood\/sangklader\/paslakanset-fargglad-fjaril\/#breadcrumb"},"inLanguage":"sv-SE","potentialAction":[{"@type":"ReadAction","target":["https:\/\/aztex.ee\/sv\/pood\/sangklader\/paslakanset-fargglad-fjaril\/"]}]},{"@type":"ImageObject","inLanguage":"sv-SE","@id":"https:\/\/aztex.ee\/sv\/pood\/sangklader\/paslakanset-fargglad-fjaril\/#primaryimage","url":"https:\/\/aztex.ee\/wp-content\/uploads\/2024\/12\/Voodipesukomplekt-3.jpg","contentUrl":"https:\/\/aztex.ee\/wp-content\/uploads\/2024\/12\/Voodipesukomplekt-3.jpg","width":800,"height":800,"caption":"Voodipesukomplekt | Colorful butterfly"},{"@type":"BreadcrumbList","@id":"https:\/\/aztex.ee\/sv\/pood\/sangklader\/paslakanset-fargglad-fjaril\/#breadcrumb","itemListElement":[{"@type":"ListItem","position":1,"name":"Hem","item":"https:\/\/aztex.ee\/sv\/"},{"@type":"ListItem","position":2,"name":"Butik","item":"https:\/\/aztex.ee\/sv\/butik\/"},{"@type":"ListItem","position":3,"name":"P\u00e5slakanset | F\u00e4rgglad fj\u00e4ril"}]},{"@type":"WebSite","@id":"https:\/\/aztex.ee\/sv\/#website","url":"https:\/\/aztex.ee\/sv\/","name":"AZTEX","description":"","publisher":{"@id":"https:\/\/aztex.ee\/sv\/#organization"},"potentialAction":[{"@type":"SearchAction","target":{"@type":"EntryPoint","urlTemplate":"https:\/\/aztex.ee\/sv\/?s={search_term_string}"},"query-input":{"@type":"PropertyValueSpecification","valueRequired":true,"valueName":"search_term_string"}}],"inLanguage":"sv-SE"},{"@type":"Organization","@id":"https:\/\/aztex.ee\/sv\/#organization","name":"AZTEX","url":"https:\/\/aztex.ee\/sv\/","logo":{"@type":"ImageObject","inLanguage":"sv-SE","@id":"https:\/\/aztex.ee\/sv\/#\/schema\/logo\/image\/","url":"https:\/\/aztex.ee\/wp-content\/uploads\/2026\/01\/AZTEX.png","contentUrl":"https:\/\/aztex.ee\/wp-content\/uploads\/2026\/01\/AZTEX.png","width":500,"height":500,"caption":"AZTEX"},"image":{"@id":"https:\/\/aztex.ee\/sv\/#\/schema\/logo\/image\/"},"sameAs":["https:\/\/www.facebook.com\/AztexEE","https:\/\/www.instagram.com\/aztexeesti\/","https:\/\/www.youtube.com\/@AZTEXEE","https:\/\/www.pinterest.com\/aztex_eesti\/","https:\/\/www.tiktok.com\/@aztexeesti","https:\/\/www.trustpilot.com\/review\/aztex.ee","https:\/\/www.linkedin.com\/company\/aztex-ee\/","https:\/\/www.wikidata.org\/wiki\/Q137560182"]}]}},"_links":{"self":[{"href":"https:\/\/aztex.ee\/sv\/wp-json\/wp\/v2\/product\/37906","targetHints":{"allow":["GET"]}}],"collection":[{"href":"https:\/\/aztex.ee\/sv\/wp-json\/wp\/v2\/product"}],"about":[{"href":"https:\/\/aztex.ee\/sv\/wp-json\/wp\/v2\/types\/product"}],"replies":[{"embeddable":true,"href":"https:\/\/aztex.ee\/sv\/wp-json\/wp\/v2\/comments?post=37906"}],"version-history":[{"count":0,"href":"https:\/\/aztex.ee\/sv\/wp-json\/wp\/v2\/product\/37906\/revisions"}],"wp:featuredmedia":[{"embeddable":true,"href":"https:\/\/aztex.ee\/sv\/wp-json\/wp\/v2\/media\/37934"}],"wp:attachment":[{"href":"https:\/\/aztex.ee\/sv\/wp-json\/wp\/v2\/media?parent=37906"}],"wp:term":[{"taxonomy":"product_brand","embeddable":true,"href":"https:\/\/aztex.ee\/sv\/wp-json\/wp\/v2\/product_brand?post=37906"},{"taxonomy":"product_cat","embeddable":true,"href":"https:\/\/aztex.ee\/sv\/wp-json\/wp\/v2\/product_cat?post=37906"},{"taxonomy":"product_tag","embeddable":true,"href":"https:\/\/aztex.ee\/sv\/wp-json\/wp\/v2\/product_tag?post=37906"}],"curies":[{"name":"wp","href":"https:\/\/api.w.org\/{rel}","templated":true}]}}