{"id":31334,"date":"2024-11-10T18:09:26","date_gmt":"2024-11-10T18:09:26","guid":{"rendered":"https:\/\/aztex.ee\/?post_type=product&#038;p=31334"},"modified":"2026-03-24T17:36:22","modified_gmt":"2026-03-24T17:36:22","slug":"paslakanset-mixed-sea-roses","status":"publish","type":"product","link":"https:\/\/aztex.ee\/sv\/pood\/sangklader\/paslakanset-mixed-sea-roses\/","title":{"rendered":"P\u00e5slakanset | Mixed sea roses"},"content":{"rendered":"<p>S\u00e4ngkl\u00e4der i 100 % bomull ger naturlig mjukhet och komfort till ditt sovrum, vilket du verkligen kommer att njuta av. Dessa s\u00e4ngkl\u00e4der \u00e4r gjorda av andningsbar, \u00e4kta bomull, som hj\u00e4lper kroppen att h\u00e5lla den idealiska temperaturen under natten, vilket ger svalka p\u00e5 varma n\u00e4tter och v\u00e4rme p\u00e5 kallare. Det \u00e4r ett utm\u00e4rkt val f\u00f6r dem som letar efter ett naturligt material som \u00e4r skonsamt \u00e4ven p\u00e5 k\u00e4nslig hud.<\/p>\n<p>S\u00e4ngkl\u00e4dernas tidl\u00f6sa och eleganta design kommer att framh\u00e4va alla sovrum och ge rummet mjukhet och lugn. Den h\u00f6gkvalitativa bomullen f\u00f6rblir h\u00e5llbar och blir \u00e4nnu mjukare f\u00f6r varje tv\u00e4tt, vilket ger en lyxig k\u00e4nsla som varar. Njut av en riktigt mysig och naturn\u00e4ra semester varje kv\u00e4ll med s\u00e4ngkl\u00e4der i 100 % bomull.<\/p>\n","protected":false},"excerpt":{"rendered":"<p>Naturligt mjukt och andningsbart 100% bomulls p\u00e5slakanset som s\u00e4kerst\u00e4ller en bekv\u00e4m och vilsam s\u00f6mn.<\/p>\n<ul>\n<li>Material: 100% bomull<\/li>\n<li>Tyg: Satin<\/li>\n<li>Tr\u00e5dt\u00e4thet: 255 TC<\/li>\n<li>P\u00e5slakan: 200\u00d7230 cm<\/li>\n<li>\u00d6rngott: 50\u00d775 cm (2 st)<\/li>\n<li>Lakan: Ing\u00e5r ej<\/li>\n<li>Komfort: Andas och mjuk konsistens<\/li>\n<\/ul>\n<p><img loading=\"lazy\" decoding=\"async\" class=\"alignnone size-full wp-image-30421\" src=\"https:\/\/aztex.ee\/wp-content\/uploads\/2024\/11\/100puuvilll.png\" alt=\"\" width=\"275\" height=\"76\" srcset=\"https:\/\/aztex.ee\/wp-content\/uploads\/2024\/11\/100puuvilll.png 275w, https:\/\/aztex.ee\/wp-content\/uploads\/2024\/11\/100puuvilll-150x41.png 150w\" sizes=\"auto, (max-width: 275px) 100vw, 275px\" \/><\/p>\n","protected":false},"featured_media":31356,"comment_status":"open","ping_status":"closed","template":"","meta":[],"product_brand":[],"product_cat":[113,173,309,507,608,391],"product_tag":[],"class_list":{"0":"post-31334","1":"product","2":"type-product","3":"status-publish","4":"has-post-thumbnail","6":"product_cat-sangklader","7":"product_cat-sangklader-i-bomull","8":"product_cat-sangklader-i-bomull-200-230","9":"product_cat-sangklader-set","10":"product_cat-satin-paslakanset","11":"product_cat-satin-sangklader","13":"first","14":"instock","15":"shipping-taxable","16":"purchasable","17":"product-type-simple"},"yoast_head":"<!-- This site is optimized with the Yoast SEO plugin v27.4 - https:\/\/yoast.com\/product\/yoast-seo-wordpress\/ -->\n<title>P\u00e5slakanset | Mixed sea roses | AZTEX<\/title>\n<meta name=\"description\" content=\"Det h\u00f6gkvalitativa s\u00e4ngsetet i 100 % bomull passar perfekt i sin storlek p\u00e5 200x230 cm. Den erbjuder en bekv\u00e4m sovupplevelse med sin mjuka textur och ...\" \/>\n<meta name=\"robots\" content=\"index, follow, max-snippet:-1, max-image-preview:large, max-video-preview:-1\" \/>\n<link rel=\"canonical\" href=\"https:\/\/aztex.ee\/sv\/pood\/sangklader\/paslakanset-mixed-sea-roses\/\" \/>\n<meta property=\"og:locale\" content=\"sv_SE\" \/>\n<meta property=\"og:type\" content=\"article\" \/>\n<meta property=\"og:title\" content=\"P\u00e5slakanset | Mixed sea roses | AZTEX\" \/>\n<meta property=\"og:description\" content=\"Det h\u00f6gkvalitativa s\u00e4ngsetet i 100 % bomull passar perfekt i sin storlek p\u00e5 200x230 cm. Den erbjuder en bekv\u00e4m sovupplevelse med sin mjuka textur och ...\" \/>\n<meta property=\"og:url\" content=\"https:\/\/aztex.ee\/sv\/pood\/sangklader\/paslakanset-mixed-sea-roses\/\" \/>\n<meta property=\"og:site_name\" content=\"AZTEX\" \/>\n<meta property=\"article:publisher\" content=\"https:\/\/www.facebook.com\/AztexEE\" \/>\n<meta property=\"article:modified_time\" content=\"2026-03-24T17:36:22+00:00\" \/>\n<meta property=\"og:image\" content=\"https:\/\/aztex.ee\/wp-content\/uploads\/2024\/11\/Voodipesukomplekt-3.jpeg\" \/>\n\t<meta property=\"og:image:width\" content=\"800\" \/>\n\t<meta property=\"og:image:height\" content=\"800\" \/>\n\t<meta property=\"og:image:type\" content=\"image\/jpeg\" \/>\n<meta name=\"twitter:card\" content=\"summary_large_image\" \/>\n<meta name=\"twitter:label1\" content=\"Ber\u00e4knad l\u00e4stid\" \/>\n\t<meta name=\"twitter:data1\" content=\"1 minut\" \/>\n<script type=\"application\/ld+json\" class=\"yoast-schema-graph\">{\"@context\":\"https:\\\/\\\/schema.org\",\"@graph\":[{\"@type\":[\"WebPage\",\"ItemPage\"],\"@id\":\"https:\\\/\\\/aztex.ee\\\/sv\\\/pood\\\/sangklader\\\/paslakanset-mixed-sea-roses\\\/\",\"url\":\"https:\\\/\\\/aztex.ee\\\/sv\\\/pood\\\/sangklader\\\/paslakanset-mixed-sea-roses\\\/\",\"name\":\"P\u00e5slakanset | Mixed sea roses | AZTEX\",\"isPartOf\":{\"@id\":\"https:\\\/\\\/aztex.ee\\\/sv\\\/#website\"},\"primaryImageOfPage\":{\"@id\":\"https:\\\/\\\/aztex.ee\\\/sv\\\/pood\\\/sangklader\\\/paslakanset-mixed-sea-roses\\\/#primaryimage\"},\"image\":{\"@id\":\"https:\\\/\\\/aztex.ee\\\/sv\\\/pood\\\/sangklader\\\/paslakanset-mixed-sea-roses\\\/#primaryimage\"},\"thumbnailUrl\":\"https:\\\/\\\/aztex.ee\\\/wp-content\\\/uploads\\\/2024\\\/11\\\/Voodipesukomplekt-3.jpeg\",\"datePublished\":\"2024-11-10T18:09:26+00:00\",\"dateModified\":\"2026-03-24T17:36:22+00:00\",\"description\":\"Det h\u00f6gkvalitativa s\u00e4ngsetet i 100 % bomull passar perfekt i sin storlek p\u00e5 200x230 cm. Den erbjuder en bekv\u00e4m sovupplevelse med sin mjuka textur och ...\",\"breadcrumb\":{\"@id\":\"https:\\\/\\\/aztex.ee\\\/sv\\\/pood\\\/sangklader\\\/paslakanset-mixed-sea-roses\\\/#breadcrumb\"},\"inLanguage\":\"sv-SE\",\"potentialAction\":[{\"@type\":\"ReadAction\",\"target\":[\"https:\\\/\\\/aztex.ee\\\/sv\\\/pood\\\/sangklader\\\/paslakanset-mixed-sea-roses\\\/\"]}]},{\"@type\":\"ImageObject\",\"inLanguage\":\"sv-SE\",\"@id\":\"https:\\\/\\\/aztex.ee\\\/sv\\\/pood\\\/sangklader\\\/paslakanset-mixed-sea-roses\\\/#primaryimage\",\"url\":\"https:\\\/\\\/aztex.ee\\\/wp-content\\\/uploads\\\/2024\\\/11\\\/Voodipesukomplekt-3.jpeg\",\"contentUrl\":\"https:\\\/\\\/aztex.ee\\\/wp-content\\\/uploads\\\/2024\\\/11\\\/Voodipesukomplekt-3.jpeg\",\"width\":800,\"height\":800,\"caption\":\"Voodipesukomplekt\"},{\"@type\":\"BreadcrumbList\",\"@id\":\"https:\\\/\\\/aztex.ee\\\/sv\\\/pood\\\/sangklader\\\/paslakanset-mixed-sea-roses\\\/#breadcrumb\",\"itemListElement\":[{\"@type\":\"ListItem\",\"position\":1,\"name\":\"Hem\",\"item\":\"https:\\\/\\\/aztex.ee\\\/sv\\\/\"},{\"@type\":\"ListItem\",\"position\":2,\"name\":\"Butik\",\"item\":\"https:\\\/\\\/aztex.ee\\\/sv\\\/butik\\\/\"},{\"@type\":\"ListItem\",\"position\":3,\"name\":\"P\u00e5slakanset | Mixed sea roses\"}]},{\"@type\":\"WebSite\",\"@id\":\"https:\\\/\\\/aztex.ee\\\/sv\\\/#website\",\"url\":\"https:\\\/\\\/aztex.ee\\\/sv\\\/\",\"name\":\"AZTEX\",\"description\":\"\",\"publisher\":{\"@id\":\"https:\\\/\\\/aztex.ee\\\/sv\\\/#organization\"},\"potentialAction\":[{\"@type\":\"SearchAction\",\"target\":{\"@type\":\"EntryPoint\",\"urlTemplate\":\"https:\\\/\\\/aztex.ee\\\/sv\\\/?s={search_term_string}\"},\"query-input\":{\"@type\":\"PropertyValueSpecification\",\"valueRequired\":true,\"valueName\":\"search_term_string\"}}],\"inLanguage\":\"sv-SE\"},{\"@type\":\"Organization\",\"@id\":\"https:\\\/\\\/aztex.ee\\\/sv\\\/#organization\",\"name\":\"AZTEX\",\"url\":\"https:\\\/\\\/aztex.ee\\\/sv\\\/\",\"logo\":{\"@type\":\"ImageObject\",\"inLanguage\":\"sv-SE\",\"@id\":\"https:\\\/\\\/aztex.ee\\\/sv\\\/#\\\/schema\\\/logo\\\/image\\\/\",\"url\":\"https:\\\/\\\/aztex.ee\\\/wp-content\\\/uploads\\\/2026\\\/01\\\/AZTEX.png\",\"contentUrl\":\"https:\\\/\\\/aztex.ee\\\/wp-content\\\/uploads\\\/2026\\\/01\\\/AZTEX.png\",\"width\":500,\"height\":500,\"caption\":\"AZTEX\"},\"image\":{\"@id\":\"https:\\\/\\\/aztex.ee\\\/sv\\\/#\\\/schema\\\/logo\\\/image\\\/\"},\"sameAs\":[\"https:\\\/\\\/www.facebook.com\\\/AztexEE\",\"https:\\\/\\\/www.instagram.com\\\/aztexeesti\\\/\",\"https:\\\/\\\/www.youtube.com\\\/@AZTEXEE\",\"https:\\\/\\\/www.pinterest.com\\\/aztex_eesti\\\/\",\"https:\\\/\\\/www.tiktok.com\\\/@aztexeesti\",\"https:\\\/\\\/www.trustpilot.com\\\/review\\\/aztex.ee\",\"https:\\\/\\\/www.linkedin.com\\\/company\\\/aztex-ee\\\/\",\"https:\\\/\\\/www.wikidata.org\\\/wiki\\\/Q137560182\"]}]}<\/script>\n<!-- \/ Yoast SEO plugin. -->","yoast_head_json":{"title":"P\u00e5slakanset | Mixed sea roses | AZTEX","description":"Det h\u00f6gkvalitativa s\u00e4ngsetet i 100 % bomull passar perfekt i sin storlek p\u00e5 200x230 cm. Den erbjuder en bekv\u00e4m sovupplevelse med sin mjuka textur och ...","robots":{"index":"index","follow":"follow","max-snippet":"max-snippet:-1","max-image-preview":"max-image-preview:large","max-video-preview":"max-video-preview:-1"},"canonical":"https:\/\/aztex.ee\/sv\/pood\/sangklader\/paslakanset-mixed-sea-roses\/","og_locale":"sv_SE","og_type":"article","og_title":"P\u00e5slakanset | Mixed sea roses | AZTEX","og_description":"Det h\u00f6gkvalitativa s\u00e4ngsetet i 100 % bomull passar perfekt i sin storlek p\u00e5 200x230 cm. Den erbjuder en bekv\u00e4m sovupplevelse med sin mjuka textur och ...","og_url":"https:\/\/aztex.ee\/sv\/pood\/sangklader\/paslakanset-mixed-sea-roses\/","og_site_name":"AZTEX","article_publisher":"https:\/\/www.facebook.com\/AztexEE","article_modified_time":"2026-03-24T17:36:22+00:00","og_image":[{"width":800,"height":800,"url":"https:\/\/aztex.ee\/wp-content\/uploads\/2024\/11\/Voodipesukomplekt-3.jpeg","type":"image\/jpeg"}],"twitter_card":"summary_large_image","twitter_misc":{"Ber\u00e4knad l\u00e4stid":"1 minut"},"schema":{"@context":"https:\/\/schema.org","@graph":[{"@type":["WebPage","ItemPage"],"@id":"https:\/\/aztex.ee\/sv\/pood\/sangklader\/paslakanset-mixed-sea-roses\/","url":"https:\/\/aztex.ee\/sv\/pood\/sangklader\/paslakanset-mixed-sea-roses\/","name":"P\u00e5slakanset | Mixed sea roses | AZTEX","isPartOf":{"@id":"https:\/\/aztex.ee\/sv\/#website"},"primaryImageOfPage":{"@id":"https:\/\/aztex.ee\/sv\/pood\/sangklader\/paslakanset-mixed-sea-roses\/#primaryimage"},"image":{"@id":"https:\/\/aztex.ee\/sv\/pood\/sangklader\/paslakanset-mixed-sea-roses\/#primaryimage"},"thumbnailUrl":"https:\/\/aztex.ee\/wp-content\/uploads\/2024\/11\/Voodipesukomplekt-3.jpeg","datePublished":"2024-11-10T18:09:26+00:00","dateModified":"2026-03-24T17:36:22+00:00","description":"Det h\u00f6gkvalitativa s\u00e4ngsetet i 100 % bomull passar perfekt i sin storlek p\u00e5 200x230 cm. Den erbjuder en bekv\u00e4m sovupplevelse med sin mjuka textur och ...","breadcrumb":{"@id":"https:\/\/aztex.ee\/sv\/pood\/sangklader\/paslakanset-mixed-sea-roses\/#breadcrumb"},"inLanguage":"sv-SE","potentialAction":[{"@type":"ReadAction","target":["https:\/\/aztex.ee\/sv\/pood\/sangklader\/paslakanset-mixed-sea-roses\/"]}]},{"@type":"ImageObject","inLanguage":"sv-SE","@id":"https:\/\/aztex.ee\/sv\/pood\/sangklader\/paslakanset-mixed-sea-roses\/#primaryimage","url":"https:\/\/aztex.ee\/wp-content\/uploads\/2024\/11\/Voodipesukomplekt-3.jpeg","contentUrl":"https:\/\/aztex.ee\/wp-content\/uploads\/2024\/11\/Voodipesukomplekt-3.jpeg","width":800,"height":800,"caption":"Voodipesukomplekt"},{"@type":"BreadcrumbList","@id":"https:\/\/aztex.ee\/sv\/pood\/sangklader\/paslakanset-mixed-sea-roses\/#breadcrumb","itemListElement":[{"@type":"ListItem","position":1,"name":"Hem","item":"https:\/\/aztex.ee\/sv\/"},{"@type":"ListItem","position":2,"name":"Butik","item":"https:\/\/aztex.ee\/sv\/butik\/"},{"@type":"ListItem","position":3,"name":"P\u00e5slakanset | Mixed sea roses"}]},{"@type":"WebSite","@id":"https:\/\/aztex.ee\/sv\/#website","url":"https:\/\/aztex.ee\/sv\/","name":"AZTEX","description":"","publisher":{"@id":"https:\/\/aztex.ee\/sv\/#organization"},"potentialAction":[{"@type":"SearchAction","target":{"@type":"EntryPoint","urlTemplate":"https:\/\/aztex.ee\/sv\/?s={search_term_string}"},"query-input":{"@type":"PropertyValueSpecification","valueRequired":true,"valueName":"search_term_string"}}],"inLanguage":"sv-SE"},{"@type":"Organization","@id":"https:\/\/aztex.ee\/sv\/#organization","name":"AZTEX","url":"https:\/\/aztex.ee\/sv\/","logo":{"@type":"ImageObject","inLanguage":"sv-SE","@id":"https:\/\/aztex.ee\/sv\/#\/schema\/logo\/image\/","url":"https:\/\/aztex.ee\/wp-content\/uploads\/2026\/01\/AZTEX.png","contentUrl":"https:\/\/aztex.ee\/wp-content\/uploads\/2026\/01\/AZTEX.png","width":500,"height":500,"caption":"AZTEX"},"image":{"@id":"https:\/\/aztex.ee\/sv\/#\/schema\/logo\/image\/"},"sameAs":["https:\/\/www.facebook.com\/AztexEE","https:\/\/www.instagram.com\/aztexeesti\/","https:\/\/www.youtube.com\/@AZTEXEE","https:\/\/www.pinterest.com\/aztex_eesti\/","https:\/\/www.tiktok.com\/@aztexeesti","https:\/\/www.trustpilot.com\/review\/aztex.ee","https:\/\/www.linkedin.com\/company\/aztex-ee\/","https:\/\/www.wikidata.org\/wiki\/Q137560182"]}]}},"_links":{"self":[{"href":"https:\/\/aztex.ee\/sv\/wp-json\/wp\/v2\/product\/31334","targetHints":{"allow":["GET"]}}],"collection":[{"href":"https:\/\/aztex.ee\/sv\/wp-json\/wp\/v2\/product"}],"about":[{"href":"https:\/\/aztex.ee\/sv\/wp-json\/wp\/v2\/types\/product"}],"replies":[{"embeddable":true,"href":"https:\/\/aztex.ee\/sv\/wp-json\/wp\/v2\/comments?post=31334"}],"version-history":[{"count":0,"href":"https:\/\/aztex.ee\/sv\/wp-json\/wp\/v2\/product\/31334\/revisions"}],"wp:featuredmedia":[{"embeddable":true,"href":"https:\/\/aztex.ee\/sv\/wp-json\/wp\/v2\/media\/31356"}],"wp:attachment":[{"href":"https:\/\/aztex.ee\/sv\/wp-json\/wp\/v2\/media?parent=31334"}],"wp:term":[{"taxonomy":"product_brand","embeddable":true,"href":"https:\/\/aztex.ee\/sv\/wp-json\/wp\/v2\/product_brand?post=31334"},{"taxonomy":"product_cat","embeddable":true,"href":"https:\/\/aztex.ee\/sv\/wp-json\/wp\/v2\/product_cat?post=31334"},{"taxonomy":"product_tag","embeddable":true,"href":"https:\/\/aztex.ee\/sv\/wp-json\/wp\/v2\/product_tag?post=31334"}],"curies":[{"name":"wp","href":"https:\/\/api.w.org\/{rel}","templated":true}]}}