{"id":29597,"date":"2024-10-31T12:58:36","date_gmt":"2024-10-31T12:58:36","guid":{"rendered":"https:\/\/aztex.ee\/?post_type=product&#038;p=29597"},"modified":"2025-01-13T08:41:11","modified_gmt":"2025-01-13T08:41:11","slug":"orngott-av-hampa-morkgron","status":"publish","type":"product","link":"https:\/\/aztex.ee\/sv\/pood\/orngott-av-hampa\/orngott-av-hampa-morkgron\/","title":{"rendered":"\u00d6rngott av hampa | M\u00f6rkgr\u00f6n"},"content":{"rendered":"<p>Ett \u00f6rngott av hampa ger ett lyxigt och modernt utseende till alla sovrum tack vare hampans naturlighet. Detta material ger h\u00e5llbarhet och livsl\u00e4ngd f\u00f6r \u00f6rngott, vilket g\u00f6r det till ett utm\u00e4rkt val f\u00f6r dem som f\u00f6redrar en milj\u00f6v\u00e4nlig livsstil.<\/p>\n<p>Att anv\u00e4nda ett \u00f6rngott av hampa fr\u00e4mjar god s\u00f6mn och f\u00f6rb\u00e4ttrar det allm\u00e4nna v\u00e4lbefinnandet. Hampans antibakteriella och allergifria egenskaper g\u00f6r den till ett idealiskt val f\u00f6r allergiker och astmatiker, eftersom hampa st\u00f6ter bort bakterier och h\u00e5ller \u00f6rngott renare l\u00e4ngre.<\/p>\n","protected":false},"excerpt":{"rendered":"<p>Hampa \u00f6rngott \u00e4r ett h\u00e5llbart, andningsbart och hudv\u00e4nligt val f\u00f6r en bekv\u00e4m s\u00f6mn.<\/p>\n<ul>\n<li>F\u00e4rg: M\u00f6rkgr\u00f6n<\/li>\n<li>Material: 100% hampa, 180 g\/m2<\/li>\n<\/ul>\n<p><img loading=\"lazy\" decoding=\"async\" class=\"alignnone size-full wp-image-20226\" src=\"https:\/\/aztex.ee\/wp-content\/uploads\/2024\/09\/oekotex100.png\" alt=\"\" width=\"204\" height=\"72\" srcset=\"https:\/\/aztex.ee\/wp-content\/uploads\/2024\/09\/oekotex100.png 204w, https:\/\/aztex.ee\/wp-content\/uploads\/2024\/09\/oekotex100-150x53.png 150w\" sizes=\"auto, (max-width: 204px) 100vw, 204px\" \/><img loading=\"lazy\" decoding=\"async\" class=\"alignnone wp-image-20896\" src=\"https:\/\/aztex.ee\/wp-content\/uploads\/2024\/09\/NATURALHEMP.png\" alt=\"\" width=\"79\" height=\"79\" srcset=\"https:\/\/aztex.ee\/wp-content\/uploads\/2024\/09\/NATURALHEMP.png 300w, https:\/\/aztex.ee\/wp-content\/uploads\/2024\/09\/NATURALHEMP-150x150.png 150w\" sizes=\"auto, (max-width: 79px) 100vw, 79px\" \/><\/p>\n","protected":false},"featured_media":29629,"comment_status":"open","ping_status":"closed","template":"","meta":[],"product_brand":[],"product_cat":[1788,470],"product_tag":[],"class_list":{"0":"post-29597","1":"product","2":"type-product","3":"status-publish","4":"has-post-thumbnail","6":"product_cat-orngott","7":"product_cat-orngott-av-hampa","9":"first","10":"instock","11":"shipping-taxable","12":"purchasable","13":"product-type-variable"},"yoast_head":"<!-- This site is optimized with the Yoast SEO plugin v27.6 - https:\/\/yoast.com\/product\/yoast-seo-wordpress\/ -->\n<title>\u00d6rngott av hampa - M\u00f6rkgr\u00f6n | AZTEX<\/title>\n<meta name=\"description\" content=\"M\u00f6rkgr\u00f6n \u00f6rngott av hampa ger ett lyxigt och modernt utseende till alla sovrum tack vare hampans naturlighet. Detta material ger h\u00e5llbarhet och livsl\u00e4ngd..\" \/>\n<meta name=\"robots\" content=\"index, follow, max-snippet:-1, max-image-preview:large, max-video-preview:-1\" \/>\n<link rel=\"canonical\" href=\"https:\/\/aztex.ee\/sv\/pood\/orngott-av-hampa\/orngott-av-hampa-morkgron\/\" \/>\n<meta property=\"og:locale\" content=\"sv_SE\" \/>\n<meta property=\"og:type\" content=\"article\" \/>\n<meta property=\"og:title\" content=\"\u00d6rngott av hampa - M\u00f6rkgr\u00f6n | AZTEX\" \/>\n<meta property=\"og:description\" content=\"M\u00f6rkgr\u00f6n \u00f6rngott av hampa ger ett lyxigt och modernt utseende till alla sovrum tack vare hampans naturlighet. Detta material ger h\u00e5llbarhet och livsl\u00e4ngd..\" \/>\n<meta property=\"og:url\" content=\"https:\/\/aztex.ee\/sv\/pood\/orngott-av-hampa\/orngott-av-hampa-morkgron\/\" \/>\n<meta property=\"og:site_name\" content=\"AZTEX\" \/>\n<meta property=\"article:publisher\" content=\"https:\/\/www.facebook.com\/AztexEE\" \/>\n<meta property=\"article:modified_time\" content=\"2025-01-13T08:41:11+00:00\" \/>\n<meta property=\"og:image\" content=\"https:\/\/aztex.ee\/wp-content\/uploads\/2024\/10\/Kanepist-padjapuurid-2.png\" \/>\n\t<meta property=\"og:image:width\" content=\"1000\" \/>\n\t<meta property=\"og:image:height\" content=\"1000\" \/>\n\t<meta property=\"og:image:type\" content=\"image\/png\" \/>\n<meta name=\"twitter:card\" content=\"summary_large_image\" \/>\n<meta name=\"twitter:label1\" content=\"Ber\u00e4knad l\u00e4stid\" \/>\n\t<meta name=\"twitter:data1\" content=\"1 minut\" \/>\n<script type=\"application\/ld+json\" class=\"yoast-schema-graph\">{\"@context\":\"https:\\\/\\\/schema.org\",\"@graph\":[{\"@type\":[\"WebPage\",\"ItemPage\"],\"@id\":\"https:\\\/\\\/aztex.ee\\\/sv\\\/pood\\\/orngott-av-hampa\\\/orngott-av-hampa-morkgron\\\/\",\"url\":\"https:\\\/\\\/aztex.ee\\\/sv\\\/pood\\\/orngott-av-hampa\\\/orngott-av-hampa-morkgron\\\/\",\"name\":\"\u00d6rngott av hampa - M\u00f6rkgr\u00f6n | AZTEX\",\"isPartOf\":{\"@id\":\"https:\\\/\\\/aztex.ee\\\/sv\\\/#website\"},\"primaryImageOfPage\":{\"@id\":\"https:\\\/\\\/aztex.ee\\\/sv\\\/pood\\\/orngott-av-hampa\\\/orngott-av-hampa-morkgron\\\/#primaryimage\"},\"image\":{\"@id\":\"https:\\\/\\\/aztex.ee\\\/sv\\\/pood\\\/orngott-av-hampa\\\/orngott-av-hampa-morkgron\\\/#primaryimage\"},\"thumbnailUrl\":\"https:\\\/\\\/aztex.ee\\\/wp-content\\\/uploads\\\/2024\\\/10\\\/Kanepist-padjapuurid-2.png\",\"datePublished\":\"2024-10-31T12:58:36+00:00\",\"dateModified\":\"2025-01-13T08:41:11+00:00\",\"description\":\"M\u00f6rkgr\u00f6n \u00f6rngott av hampa ger ett lyxigt och modernt utseende till alla sovrum tack vare hampans naturlighet. Detta material ger h\u00e5llbarhet och livsl\u00e4ngd..\",\"breadcrumb\":{\"@id\":\"https:\\\/\\\/aztex.ee\\\/sv\\\/pood\\\/orngott-av-hampa\\\/orngott-av-hampa-morkgron\\\/#breadcrumb\"},\"inLanguage\":\"sv-SE\",\"potentialAction\":[{\"@type\":\"ReadAction\",\"target\":[\"https:\\\/\\\/aztex.ee\\\/sv\\\/pood\\\/orngott-av-hampa\\\/orngott-av-hampa-morkgron\\\/\"]}]},{\"@type\":\"ImageObject\",\"inLanguage\":\"sv-SE\",\"@id\":\"https:\\\/\\\/aztex.ee\\\/sv\\\/pood\\\/orngott-av-hampa\\\/orngott-av-hampa-morkgron\\\/#primaryimage\",\"url\":\"https:\\\/\\\/aztex.ee\\\/wp-content\\\/uploads\\\/2024\\\/10\\\/Kanepist-padjapuurid-2.png\",\"contentUrl\":\"https:\\\/\\\/aztex.ee\\\/wp-content\\\/uploads\\\/2024\\\/10\\\/Kanepist-padjapuurid-2.png\",\"width\":1000,\"height\":1000,\"caption\":\"Kanepist padjap\u00fc\u00fcr\"},{\"@type\":\"BreadcrumbList\",\"@id\":\"https:\\\/\\\/aztex.ee\\\/sv\\\/pood\\\/orngott-av-hampa\\\/orngott-av-hampa-morkgron\\\/#breadcrumb\",\"itemListElement\":[{\"@type\":\"ListItem\",\"position\":1,\"name\":\"Hem\",\"item\":\"https:\\\/\\\/aztex.ee\\\/sv\\\/\"},{\"@type\":\"ListItem\",\"position\":2,\"name\":\"Butik\",\"item\":\"https:\\\/\\\/aztex.ee\\\/sv\\\/butik\\\/\"},{\"@type\":\"ListItem\",\"position\":3,\"name\":\"\u00d6rngott av hampa | M\u00f6rkgr\u00f6n\"}]},{\"@type\":\"WebSite\",\"@id\":\"https:\\\/\\\/aztex.ee\\\/sv\\\/#website\",\"url\":\"https:\\\/\\\/aztex.ee\\\/sv\\\/\",\"name\":\"AZTEX\",\"description\":\"\",\"publisher\":{\"@id\":\"https:\\\/\\\/aztex.ee\\\/sv\\\/#organization\"},\"potentialAction\":[{\"@type\":\"SearchAction\",\"target\":{\"@type\":\"EntryPoint\",\"urlTemplate\":\"https:\\\/\\\/aztex.ee\\\/sv\\\/?s={search_term_string}\"},\"query-input\":{\"@type\":\"PropertyValueSpecification\",\"valueRequired\":true,\"valueName\":\"search_term_string\"}}],\"inLanguage\":\"sv-SE\"},{\"@type\":\"Organization\",\"@id\":\"https:\\\/\\\/aztex.ee\\\/sv\\\/#organization\",\"name\":\"AZTEX\",\"url\":\"https:\\\/\\\/aztex.ee\\\/sv\\\/\",\"logo\":{\"@type\":\"ImageObject\",\"inLanguage\":\"sv-SE\",\"@id\":\"https:\\\/\\\/aztex.ee\\\/sv\\\/#\\\/schema\\\/logo\\\/image\\\/\",\"url\":\"https:\\\/\\\/aztex.ee\\\/wp-content\\\/uploads\\\/2026\\\/01\\\/AZTEX.png\",\"contentUrl\":\"https:\\\/\\\/aztex.ee\\\/wp-content\\\/uploads\\\/2026\\\/01\\\/AZTEX.png\",\"width\":500,\"height\":500,\"caption\":\"AZTEX\"},\"image\":{\"@id\":\"https:\\\/\\\/aztex.ee\\\/sv\\\/#\\\/schema\\\/logo\\\/image\\\/\"},\"sameAs\":[\"https:\\\/\\\/www.facebook.com\\\/AztexEE\",\"https:\\\/\\\/www.instagram.com\\\/aztexeesti\\\/\",\"https:\\\/\\\/www.youtube.com\\\/@AZTEXEE\",\"https:\\\/\\\/www.pinterest.com\\\/aztex_eesti\\\/\",\"https:\\\/\\\/www.tiktok.com\\\/@aztexeesti\",\"https:\\\/\\\/www.trustpilot.com\\\/review\\\/aztex.ee\",\"https:\\\/\\\/www.linkedin.com\\\/company\\\/aztex-ee\\\/\",\"https:\\\/\\\/www.wikidata.org\\\/wiki\\\/Q137560182\"]}]}<\/script>\n<!-- \/ Yoast SEO plugin. -->","yoast_head_json":{"title":"\u00d6rngott av hampa - M\u00f6rkgr\u00f6n | AZTEX","description":"M\u00f6rkgr\u00f6n \u00f6rngott av hampa ger ett lyxigt och modernt utseende till alla sovrum tack vare hampans naturlighet. Detta material ger h\u00e5llbarhet och livsl\u00e4ngd..","robots":{"index":"index","follow":"follow","max-snippet":"max-snippet:-1","max-image-preview":"max-image-preview:large","max-video-preview":"max-video-preview:-1"},"canonical":"https:\/\/aztex.ee\/sv\/pood\/orngott-av-hampa\/orngott-av-hampa-morkgron\/","og_locale":"sv_SE","og_type":"article","og_title":"\u00d6rngott av hampa - M\u00f6rkgr\u00f6n | AZTEX","og_description":"M\u00f6rkgr\u00f6n \u00f6rngott av hampa ger ett lyxigt och modernt utseende till alla sovrum tack vare hampans naturlighet. Detta material ger h\u00e5llbarhet och livsl\u00e4ngd..","og_url":"https:\/\/aztex.ee\/sv\/pood\/orngott-av-hampa\/orngott-av-hampa-morkgron\/","og_site_name":"AZTEX","article_publisher":"https:\/\/www.facebook.com\/AztexEE","article_modified_time":"2025-01-13T08:41:11+00:00","og_image":[{"width":1000,"height":1000,"url":"https:\/\/aztex.ee\/wp-content\/uploads\/2024\/10\/Kanepist-padjapuurid-2.png","type":"image\/png"}],"twitter_card":"summary_large_image","twitter_misc":{"Ber\u00e4knad l\u00e4stid":"1 minut"},"schema":{"@context":"https:\/\/schema.org","@graph":[{"@type":["WebPage","ItemPage"],"@id":"https:\/\/aztex.ee\/sv\/pood\/orngott-av-hampa\/orngott-av-hampa-morkgron\/","url":"https:\/\/aztex.ee\/sv\/pood\/orngott-av-hampa\/orngott-av-hampa-morkgron\/","name":"\u00d6rngott av hampa - M\u00f6rkgr\u00f6n | AZTEX","isPartOf":{"@id":"https:\/\/aztex.ee\/sv\/#website"},"primaryImageOfPage":{"@id":"https:\/\/aztex.ee\/sv\/pood\/orngott-av-hampa\/orngott-av-hampa-morkgron\/#primaryimage"},"image":{"@id":"https:\/\/aztex.ee\/sv\/pood\/orngott-av-hampa\/orngott-av-hampa-morkgron\/#primaryimage"},"thumbnailUrl":"https:\/\/aztex.ee\/wp-content\/uploads\/2024\/10\/Kanepist-padjapuurid-2.png","datePublished":"2024-10-31T12:58:36+00:00","dateModified":"2025-01-13T08:41:11+00:00","description":"M\u00f6rkgr\u00f6n \u00f6rngott av hampa ger ett lyxigt och modernt utseende till alla sovrum tack vare hampans naturlighet. Detta material ger h\u00e5llbarhet och livsl\u00e4ngd..","breadcrumb":{"@id":"https:\/\/aztex.ee\/sv\/pood\/orngott-av-hampa\/orngott-av-hampa-morkgron\/#breadcrumb"},"inLanguage":"sv-SE","potentialAction":[{"@type":"ReadAction","target":["https:\/\/aztex.ee\/sv\/pood\/orngott-av-hampa\/orngott-av-hampa-morkgron\/"]}]},{"@type":"ImageObject","inLanguage":"sv-SE","@id":"https:\/\/aztex.ee\/sv\/pood\/orngott-av-hampa\/orngott-av-hampa-morkgron\/#primaryimage","url":"https:\/\/aztex.ee\/wp-content\/uploads\/2024\/10\/Kanepist-padjapuurid-2.png","contentUrl":"https:\/\/aztex.ee\/wp-content\/uploads\/2024\/10\/Kanepist-padjapuurid-2.png","width":1000,"height":1000,"caption":"Kanepist padjap\u00fc\u00fcr"},{"@type":"BreadcrumbList","@id":"https:\/\/aztex.ee\/sv\/pood\/orngott-av-hampa\/orngott-av-hampa-morkgron\/#breadcrumb","itemListElement":[{"@type":"ListItem","position":1,"name":"Hem","item":"https:\/\/aztex.ee\/sv\/"},{"@type":"ListItem","position":2,"name":"Butik","item":"https:\/\/aztex.ee\/sv\/butik\/"},{"@type":"ListItem","position":3,"name":"\u00d6rngott av hampa | M\u00f6rkgr\u00f6n"}]},{"@type":"WebSite","@id":"https:\/\/aztex.ee\/sv\/#website","url":"https:\/\/aztex.ee\/sv\/","name":"AZTEX","description":"","publisher":{"@id":"https:\/\/aztex.ee\/sv\/#organization"},"potentialAction":[{"@type":"SearchAction","target":{"@type":"EntryPoint","urlTemplate":"https:\/\/aztex.ee\/sv\/?s={search_term_string}"},"query-input":{"@type":"PropertyValueSpecification","valueRequired":true,"valueName":"search_term_string"}}],"inLanguage":"sv-SE"},{"@type":"Organization","@id":"https:\/\/aztex.ee\/sv\/#organization","name":"AZTEX","url":"https:\/\/aztex.ee\/sv\/","logo":{"@type":"ImageObject","inLanguage":"sv-SE","@id":"https:\/\/aztex.ee\/sv\/#\/schema\/logo\/image\/","url":"https:\/\/aztex.ee\/wp-content\/uploads\/2026\/01\/AZTEX.png","contentUrl":"https:\/\/aztex.ee\/wp-content\/uploads\/2026\/01\/AZTEX.png","width":500,"height":500,"caption":"AZTEX"},"image":{"@id":"https:\/\/aztex.ee\/sv\/#\/schema\/logo\/image\/"},"sameAs":["https:\/\/www.facebook.com\/AztexEE","https:\/\/www.instagram.com\/aztexeesti\/","https:\/\/www.youtube.com\/@AZTEXEE","https:\/\/www.pinterest.com\/aztex_eesti\/","https:\/\/www.tiktok.com\/@aztexeesti","https:\/\/www.trustpilot.com\/review\/aztex.ee","https:\/\/www.linkedin.com\/company\/aztex-ee\/","https:\/\/www.wikidata.org\/wiki\/Q137560182"]}]}},"_links":{"self":[{"href":"https:\/\/aztex.ee\/sv\/wp-json\/wp\/v2\/product\/29597","targetHints":{"allow":["GET"]}}],"collection":[{"href":"https:\/\/aztex.ee\/sv\/wp-json\/wp\/v2\/product"}],"about":[{"href":"https:\/\/aztex.ee\/sv\/wp-json\/wp\/v2\/types\/product"}],"replies":[{"embeddable":true,"href":"https:\/\/aztex.ee\/sv\/wp-json\/wp\/v2\/comments?post=29597"}],"version-history":[{"count":0,"href":"https:\/\/aztex.ee\/sv\/wp-json\/wp\/v2\/product\/29597\/revisions"}],"wp:featuredmedia":[{"embeddable":true,"href":"https:\/\/aztex.ee\/sv\/wp-json\/wp\/v2\/media\/29629"}],"wp:attachment":[{"href":"https:\/\/aztex.ee\/sv\/wp-json\/wp\/v2\/media?parent=29597"}],"wp:term":[{"taxonomy":"product_brand","embeddable":true,"href":"https:\/\/aztex.ee\/sv\/wp-json\/wp\/v2\/product_brand?post=29597"},{"taxonomy":"product_cat","embeddable":true,"href":"https:\/\/aztex.ee\/sv\/wp-json\/wp\/v2\/product_cat?post=29597"},{"taxonomy":"product_tag","embeddable":true,"href":"https:\/\/aztex.ee\/sv\/wp-json\/wp\/v2\/product_tag?post=29597"}],"curies":[{"name":"wp","href":"https:\/\/api.w.org\/{rel}","templated":true}]}}