{"id":25234,"date":"2024-09-29T10:05:11","date_gmt":"2024-09-29T10:05:11","guid":{"rendered":"https:\/\/aztex.ee\/?post_type=product&#038;p=25234"},"modified":"2025-09-23T15:02:12","modified_gmt":"2025-09-23T15:02:12","slug":"satin-baddset-set-little-roses","status":"publish","type":"product","link":"https:\/\/aztex.ee\/sv\/pood\/sangklader\/satin-baddset-set-little-roses\/","title":{"rendered":"Satin b\u00e4ddset set | Little roses"},"content":{"rendered":"<p>Satinb\u00e4ddset \u00e4r det perfekta valet om du letar efter mjukhet och elegans i ditt sovrum. Tillverkad av h\u00f6gkvalitativ bomull som smeker huden och skapar en lyxig sovupplevelse. Det andningsbara materialet reglerar kroppstemperaturen, vilket s\u00e4kerst\u00e4ller att du sover bekv\u00e4mt oavsett \u00e5rstid &#8211; oavsett om det \u00e4r svalare p\u00e5 sommaren eller varmare p\u00e5 vintern. Dessutom \u00e4r s\u00e4ngkl\u00e4derna l\u00e4ttsk\u00f6tta och maskintv\u00e4ttbara, vilket g\u00f6r dem perfekta f\u00f6r dagligt bruk. Uppdatera ditt sovrum med v\u00e5rt vackra satinb\u00e4ddset och njut av den lyxiga komforten du alltid har velat ha!<\/p>\n","protected":false},"excerpt":{"rendered":"<p>Satin-b\u00e4ddset \u00e4r skonsamt mot huden och andas, vilket s\u00e4kerst\u00e4ller en idealisk sovmilj\u00f6.<\/p>\n<ul>\n<li>Material: 100% bomull<\/li>\n<li>Tyg: Satin<\/li>\n<li>Tr\u00e5dt\u00e4thet: 300 TC<\/li>\n<li>P\u00e5slakan: 200\u00d7220 cm<\/li>\n<li>\u00d6rngott: 50\u00d775 cm (2 st)<\/li>\n<li>Lakan: Ing\u00e5r ej<\/li>\n<li>Komfort: Andas och mjuk konsistens<\/li>\n<\/ul>\n<p><img loading=\"lazy\" decoding=\"async\" class=\"alignnone size-full wp-image-24741\" src=\"https:\/\/aztex.ee\/wp-content\/uploads\/2024\/09\/cottonlogo33.png\" alt=\"\" width=\"165\" height=\"73\" srcset=\"https:\/\/aztex.ee\/wp-content\/uploads\/2024\/09\/cottonlogo33.png 165w, https:\/\/aztex.ee\/wp-content\/uploads\/2024\/09\/cottonlogo33-150x66.png 150w\" sizes=\"auto, (max-width: 165px) 100vw, 165px\" \/><\/p>\n","protected":false},"featured_media":25256,"comment_status":"open","ping_status":"closed","template":"","meta":[],"product_brand":[],"product_cat":[113,173,308,507,608,391],"product_tag":[],"class_list":{"0":"post-25234","1":"product","2":"type-product","3":"status-publish","4":"has-post-thumbnail","6":"product_cat-sangklader","7":"product_cat-sangklader-i-bomull","8":"product_cat-sangklader-i-bomull-200-220","9":"product_cat-sangklader-set","10":"product_cat-satin-paslakanset","11":"product_cat-satin-sangklader","13":"first","14":"outofstock","15":"shipping-taxable","16":"purchasable","17":"product-type-simple"},"yoast_head":"<!-- This site is optimized with the Yoast SEO plugin v27.4 - https:\/\/yoast.com\/product\/yoast-seo-wordpress\/ -->\n<title>Satin b\u00e4ddset set | Little roses | AZTEX<\/title>\n<meta name=\"description\" content=\"P\u00e5slakan S\u00e4ngkl\u00e4der i Satin bomullssat\u00e4ng med eleganta Little roses ger en naturinspirerad elegans till ditt sovrum. Den ger .....\" \/>\n<meta name=\"robots\" content=\"index, follow, max-snippet:-1, max-image-preview:large, max-video-preview:-1\" \/>\n<link rel=\"canonical\" href=\"https:\/\/aztex.ee\/sv\/pood\/sangklader\/satin-baddset-set-little-roses\/\" \/>\n<meta property=\"og:locale\" content=\"sv_SE\" \/>\n<meta property=\"og:type\" content=\"article\" \/>\n<meta property=\"og:title\" content=\"Satin b\u00e4ddset set | Little roses | AZTEX\" \/>\n<meta property=\"og:description\" content=\"P\u00e5slakan S\u00e4ngkl\u00e4der i Satin bomullssat\u00e4ng med eleganta Little roses ger en naturinspirerad elegans till ditt sovrum. Den ger .....\" \/>\n<meta property=\"og:url\" content=\"https:\/\/aztex.ee\/sv\/pood\/sangklader\/satin-baddset-set-little-roses\/\" \/>\n<meta property=\"og:site_name\" content=\"AZTEX\" \/>\n<meta property=\"article:publisher\" content=\"https:\/\/www.facebook.com\/AztexEE\" \/>\n<meta property=\"article:modified_time\" content=\"2025-09-23T15:02:12+00:00\" \/>\n<meta property=\"og:image\" content=\"https:\/\/aztex.ee\/wp-content\/uploads\/2024\/09\/Satiinist-voodipesukomplekt-1-3.jpg\" \/>\n\t<meta property=\"og:image:width\" content=\"800\" \/>\n\t<meta property=\"og:image:height\" content=\"800\" \/>\n\t<meta property=\"og:image:type\" content=\"image\/jpeg\" \/>\n<meta name=\"twitter:card\" content=\"summary_large_image\" \/>\n<meta name=\"twitter:label1\" content=\"Ber\u00e4knad l\u00e4stid\" \/>\n\t<meta name=\"twitter:data1\" content=\"1 minut\" \/>\n<script type=\"application\/ld+json\" class=\"yoast-schema-graph\">{\"@context\":\"https:\\\/\\\/schema.org\",\"@graph\":[{\"@type\":[\"WebPage\",\"ItemPage\"],\"@id\":\"https:\\\/\\\/aztex.ee\\\/sv\\\/pood\\\/sangklader\\\/satin-baddset-set-little-roses\\\/\",\"url\":\"https:\\\/\\\/aztex.ee\\\/sv\\\/pood\\\/sangklader\\\/satin-baddset-set-little-roses\\\/\",\"name\":\"Satin b\u00e4ddset set | Little roses | AZTEX\",\"isPartOf\":{\"@id\":\"https:\\\/\\\/aztex.ee\\\/sv\\\/#website\"},\"primaryImageOfPage\":{\"@id\":\"https:\\\/\\\/aztex.ee\\\/sv\\\/pood\\\/sangklader\\\/satin-baddset-set-little-roses\\\/#primaryimage\"},\"image\":{\"@id\":\"https:\\\/\\\/aztex.ee\\\/sv\\\/pood\\\/sangklader\\\/satin-baddset-set-little-roses\\\/#primaryimage\"},\"thumbnailUrl\":\"https:\\\/\\\/aztex.ee\\\/wp-content\\\/uploads\\\/2024\\\/09\\\/Satiinist-voodipesukomplekt-1-3.jpg\",\"datePublished\":\"2024-09-29T10:05:11+00:00\",\"dateModified\":\"2025-09-23T15:02:12+00:00\",\"description\":\"P\u00e5slakan S\u00e4ngkl\u00e4der i Satin bomullssat\u00e4ng med eleganta Little roses ger en naturinspirerad elegans till ditt sovrum. Den ger .....\",\"breadcrumb\":{\"@id\":\"https:\\\/\\\/aztex.ee\\\/sv\\\/pood\\\/sangklader\\\/satin-baddset-set-little-roses\\\/#breadcrumb\"},\"inLanguage\":\"sv-SE\",\"potentialAction\":[{\"@type\":\"ReadAction\",\"target\":[\"https:\\\/\\\/aztex.ee\\\/sv\\\/pood\\\/sangklader\\\/satin-baddset-set-little-roses\\\/\"]}]},{\"@type\":\"ImageObject\",\"inLanguage\":\"sv-SE\",\"@id\":\"https:\\\/\\\/aztex.ee\\\/sv\\\/pood\\\/sangklader\\\/satin-baddset-set-little-roses\\\/#primaryimage\",\"url\":\"https:\\\/\\\/aztex.ee\\\/wp-content\\\/uploads\\\/2024\\\/09\\\/Satiinist-voodipesukomplekt-1-3.jpg\",\"contentUrl\":\"https:\\\/\\\/aztex.ee\\\/wp-content\\\/uploads\\\/2024\\\/09\\\/Satiinist-voodipesukomplekt-1-3.jpg\",\"width\":800,\"height\":800},{\"@type\":\"BreadcrumbList\",\"@id\":\"https:\\\/\\\/aztex.ee\\\/sv\\\/pood\\\/sangklader\\\/satin-baddset-set-little-roses\\\/#breadcrumb\",\"itemListElement\":[{\"@type\":\"ListItem\",\"position\":1,\"name\":\"Hem\",\"item\":\"https:\\\/\\\/aztex.ee\\\/sv\\\/\"},{\"@type\":\"ListItem\",\"position\":2,\"name\":\"Butik\",\"item\":\"https:\\\/\\\/aztex.ee\\\/sv\\\/butik\\\/\"},{\"@type\":\"ListItem\",\"position\":3,\"name\":\"Satin b\u00e4ddset set | Little roses\"}]},{\"@type\":\"WebSite\",\"@id\":\"https:\\\/\\\/aztex.ee\\\/sv\\\/#website\",\"url\":\"https:\\\/\\\/aztex.ee\\\/sv\\\/\",\"name\":\"AZTEX\",\"description\":\"\",\"publisher\":{\"@id\":\"https:\\\/\\\/aztex.ee\\\/sv\\\/#organization\"},\"potentialAction\":[{\"@type\":\"SearchAction\",\"target\":{\"@type\":\"EntryPoint\",\"urlTemplate\":\"https:\\\/\\\/aztex.ee\\\/sv\\\/?s={search_term_string}\"},\"query-input\":{\"@type\":\"PropertyValueSpecification\",\"valueRequired\":true,\"valueName\":\"search_term_string\"}}],\"inLanguage\":\"sv-SE\"},{\"@type\":\"Organization\",\"@id\":\"https:\\\/\\\/aztex.ee\\\/sv\\\/#organization\",\"name\":\"AZTEX\",\"url\":\"https:\\\/\\\/aztex.ee\\\/sv\\\/\",\"logo\":{\"@type\":\"ImageObject\",\"inLanguage\":\"sv-SE\",\"@id\":\"https:\\\/\\\/aztex.ee\\\/sv\\\/#\\\/schema\\\/logo\\\/image\\\/\",\"url\":\"https:\\\/\\\/aztex.ee\\\/wp-content\\\/uploads\\\/2026\\\/01\\\/AZTEX.png\",\"contentUrl\":\"https:\\\/\\\/aztex.ee\\\/wp-content\\\/uploads\\\/2026\\\/01\\\/AZTEX.png\",\"width\":500,\"height\":500,\"caption\":\"AZTEX\"},\"image\":{\"@id\":\"https:\\\/\\\/aztex.ee\\\/sv\\\/#\\\/schema\\\/logo\\\/image\\\/\"},\"sameAs\":[\"https:\\\/\\\/www.facebook.com\\\/AztexEE\",\"https:\\\/\\\/www.instagram.com\\\/aztexeesti\\\/\",\"https:\\\/\\\/www.youtube.com\\\/@AZTEXEE\",\"https:\\\/\\\/www.pinterest.com\\\/aztex_eesti\\\/\",\"https:\\\/\\\/www.tiktok.com\\\/@aztexeesti\",\"https:\\\/\\\/www.trustpilot.com\\\/review\\\/aztex.ee\",\"https:\\\/\\\/www.linkedin.com\\\/company\\\/aztex-ee\\\/\",\"https:\\\/\\\/www.wikidata.org\\\/wiki\\\/Q137560182\"]}]}<\/script>\n<!-- \/ Yoast SEO plugin. -->","yoast_head_json":{"title":"Satin b\u00e4ddset set | Little roses | AZTEX","description":"P\u00e5slakan S\u00e4ngkl\u00e4der i Satin bomullssat\u00e4ng med eleganta Little roses ger en naturinspirerad elegans till ditt sovrum. Den ger .....","robots":{"index":"index","follow":"follow","max-snippet":"max-snippet:-1","max-image-preview":"max-image-preview:large","max-video-preview":"max-video-preview:-1"},"canonical":"https:\/\/aztex.ee\/sv\/pood\/sangklader\/satin-baddset-set-little-roses\/","og_locale":"sv_SE","og_type":"article","og_title":"Satin b\u00e4ddset set | Little roses | AZTEX","og_description":"P\u00e5slakan S\u00e4ngkl\u00e4der i Satin bomullssat\u00e4ng med eleganta Little roses ger en naturinspirerad elegans till ditt sovrum. Den ger .....","og_url":"https:\/\/aztex.ee\/sv\/pood\/sangklader\/satin-baddset-set-little-roses\/","og_site_name":"AZTEX","article_publisher":"https:\/\/www.facebook.com\/AztexEE","article_modified_time":"2025-09-23T15:02:12+00:00","og_image":[{"width":800,"height":800,"url":"https:\/\/aztex.ee\/wp-content\/uploads\/2024\/09\/Satiinist-voodipesukomplekt-1-3.jpg","type":"image\/jpeg"}],"twitter_card":"summary_large_image","twitter_misc":{"Ber\u00e4knad l\u00e4stid":"1 minut"},"schema":{"@context":"https:\/\/schema.org","@graph":[{"@type":["WebPage","ItemPage"],"@id":"https:\/\/aztex.ee\/sv\/pood\/sangklader\/satin-baddset-set-little-roses\/","url":"https:\/\/aztex.ee\/sv\/pood\/sangklader\/satin-baddset-set-little-roses\/","name":"Satin b\u00e4ddset set | Little roses | AZTEX","isPartOf":{"@id":"https:\/\/aztex.ee\/sv\/#website"},"primaryImageOfPage":{"@id":"https:\/\/aztex.ee\/sv\/pood\/sangklader\/satin-baddset-set-little-roses\/#primaryimage"},"image":{"@id":"https:\/\/aztex.ee\/sv\/pood\/sangklader\/satin-baddset-set-little-roses\/#primaryimage"},"thumbnailUrl":"https:\/\/aztex.ee\/wp-content\/uploads\/2024\/09\/Satiinist-voodipesukomplekt-1-3.jpg","datePublished":"2024-09-29T10:05:11+00:00","dateModified":"2025-09-23T15:02:12+00:00","description":"P\u00e5slakan S\u00e4ngkl\u00e4der i Satin bomullssat\u00e4ng med eleganta Little roses ger en naturinspirerad elegans till ditt sovrum. Den ger .....","breadcrumb":{"@id":"https:\/\/aztex.ee\/sv\/pood\/sangklader\/satin-baddset-set-little-roses\/#breadcrumb"},"inLanguage":"sv-SE","potentialAction":[{"@type":"ReadAction","target":["https:\/\/aztex.ee\/sv\/pood\/sangklader\/satin-baddset-set-little-roses\/"]}]},{"@type":"ImageObject","inLanguage":"sv-SE","@id":"https:\/\/aztex.ee\/sv\/pood\/sangklader\/satin-baddset-set-little-roses\/#primaryimage","url":"https:\/\/aztex.ee\/wp-content\/uploads\/2024\/09\/Satiinist-voodipesukomplekt-1-3.jpg","contentUrl":"https:\/\/aztex.ee\/wp-content\/uploads\/2024\/09\/Satiinist-voodipesukomplekt-1-3.jpg","width":800,"height":800},{"@type":"BreadcrumbList","@id":"https:\/\/aztex.ee\/sv\/pood\/sangklader\/satin-baddset-set-little-roses\/#breadcrumb","itemListElement":[{"@type":"ListItem","position":1,"name":"Hem","item":"https:\/\/aztex.ee\/sv\/"},{"@type":"ListItem","position":2,"name":"Butik","item":"https:\/\/aztex.ee\/sv\/butik\/"},{"@type":"ListItem","position":3,"name":"Satin b\u00e4ddset set | Little roses"}]},{"@type":"WebSite","@id":"https:\/\/aztex.ee\/sv\/#website","url":"https:\/\/aztex.ee\/sv\/","name":"AZTEX","description":"","publisher":{"@id":"https:\/\/aztex.ee\/sv\/#organization"},"potentialAction":[{"@type":"SearchAction","target":{"@type":"EntryPoint","urlTemplate":"https:\/\/aztex.ee\/sv\/?s={search_term_string}"},"query-input":{"@type":"PropertyValueSpecification","valueRequired":true,"valueName":"search_term_string"}}],"inLanguage":"sv-SE"},{"@type":"Organization","@id":"https:\/\/aztex.ee\/sv\/#organization","name":"AZTEX","url":"https:\/\/aztex.ee\/sv\/","logo":{"@type":"ImageObject","inLanguage":"sv-SE","@id":"https:\/\/aztex.ee\/sv\/#\/schema\/logo\/image\/","url":"https:\/\/aztex.ee\/wp-content\/uploads\/2026\/01\/AZTEX.png","contentUrl":"https:\/\/aztex.ee\/wp-content\/uploads\/2026\/01\/AZTEX.png","width":500,"height":500,"caption":"AZTEX"},"image":{"@id":"https:\/\/aztex.ee\/sv\/#\/schema\/logo\/image\/"},"sameAs":["https:\/\/www.facebook.com\/AztexEE","https:\/\/www.instagram.com\/aztexeesti\/","https:\/\/www.youtube.com\/@AZTEXEE","https:\/\/www.pinterest.com\/aztex_eesti\/","https:\/\/www.tiktok.com\/@aztexeesti","https:\/\/www.trustpilot.com\/review\/aztex.ee","https:\/\/www.linkedin.com\/company\/aztex-ee\/","https:\/\/www.wikidata.org\/wiki\/Q137560182"]}]}},"_links":{"self":[{"href":"https:\/\/aztex.ee\/sv\/wp-json\/wp\/v2\/product\/25234","targetHints":{"allow":["GET"]}}],"collection":[{"href":"https:\/\/aztex.ee\/sv\/wp-json\/wp\/v2\/product"}],"about":[{"href":"https:\/\/aztex.ee\/sv\/wp-json\/wp\/v2\/types\/product"}],"replies":[{"embeddable":true,"href":"https:\/\/aztex.ee\/sv\/wp-json\/wp\/v2\/comments?post=25234"}],"version-history":[{"count":0,"href":"https:\/\/aztex.ee\/sv\/wp-json\/wp\/v2\/product\/25234\/revisions"}],"wp:featuredmedia":[{"embeddable":true,"href":"https:\/\/aztex.ee\/sv\/wp-json\/wp\/v2\/media\/25256"}],"wp:attachment":[{"href":"https:\/\/aztex.ee\/sv\/wp-json\/wp\/v2\/media?parent=25234"}],"wp:term":[{"taxonomy":"product_brand","embeddable":true,"href":"https:\/\/aztex.ee\/sv\/wp-json\/wp\/v2\/product_brand?post=25234"},{"taxonomy":"product_cat","embeddable":true,"href":"https:\/\/aztex.ee\/sv\/wp-json\/wp\/v2\/product_cat?post=25234"},{"taxonomy":"product_tag","embeddable":true,"href":"https:\/\/aztex.ee\/sv\/wp-json\/wp\/v2\/product_tag?post=25234"}],"curies":[{"name":"wp","href":"https:\/\/api.w.org\/{rel}","templated":true}]}}