{"id":22178,"date":"2024-09-18T08:41:31","date_gmt":"2024-09-18T08:41:31","guid":{"rendered":"https:\/\/aztex.ee\/?post_type=product&#038;p=22178"},"modified":"2026-03-26T16:48:49","modified_gmt":"2026-03-26T16:48:49","slug":"sangklader-set-eastern","status":"publish","type":"product","link":"https:\/\/aztex.ee\/sv\/pood\/sangklader\/sangklader-set-eastern\/","title":{"rendered":"S\u00e4ngkl\u00e4der Set | Eastern"},"content":{"rendered":"<p>B\u00e4ddset i egyptisk bomull ger lyx och komfort till ditt sovrum. Tillverkad av 100% egyptisk bomull, k\u00e4nd f\u00f6r sin exceptionella kvalitet och h\u00e5llbarhet, kommer detta set att s\u00e4kerst\u00e4lla att du f\u00e5r den b\u00e4sta sovupplevelsen.<br \/>\nS\u00e4ngsetet i egyptisk bomull erbjuder det ultimata inom lyx och komfort, vilket g\u00f6r varje kv\u00e4ll speciell. Dess mjuka och andningsbara tyg s\u00e4kerst\u00e4ller en vilsam s\u00f6mn, och dess eleganta utseende ger stil till ditt sovrum. V\u00e4lj egyptisk bomull och njut av kvalitet som h\u00e5ller i flera \u00e5r.<\/p>\n","protected":false},"excerpt":{"rendered":"<p>Detta s\u00e4ngset kommer att berika ditt sovrum med b\u00e5de elegans och komfort.<\/p>\n<ul>\n<li>Material: 100% Egyptisk bomull<\/li>\n<li>Tyg: Mako satin<\/li>\n<li>Tr\u00e5dt\u00e4thet: 300 TC<\/li>\n<li>P\u00e5slakan: 200\u00d7220 cm<\/li>\n<li>\u00d6rngott: 50\u00d775 cm (2 st)<\/li>\n<li>Lakan: Ing\u00e5r ej<\/li>\n<li>Komfort: Andas och mjuk konsistens<\/li>\n<\/ul>\n<p><img loading=\"lazy\" decoding=\"async\" class=\"alignnone wp-image-21477\" src=\"https:\/\/aztex.ee\/wp-content\/uploads\/2024\/09\/cotton-sertifika.png\" alt=\"\" width=\"196\" height=\"67\" srcset=\"https:\/\/aztex.ee\/wp-content\/uploads\/2024\/09\/cotton-sertifika.png 250w, https:\/\/aztex.ee\/wp-content\/uploads\/2024\/09\/cotton-sertifika-150x51.png 150w\" sizes=\"auto, (max-width: 196px) 100vw, 196px\" \/><\/p>\n","protected":false},"featured_media":21957,"comment_status":"open","ping_status":"closed","template":"","meta":[],"product_brand":[],"product_cat":[326,113,173,308,507,608,391],"product_tag":[],"class_list":{"0":"post-22178","1":"product","2":"type-product","3":"status-publish","4":"has-post-thumbnail","6":"product_cat-mako-satin-sangklader","7":"product_cat-sangklader","8":"product_cat-sangklader-i-bomull","9":"product_cat-sangklader-i-bomull-200-220","10":"product_cat-sangklader-set","11":"product_cat-satin-paslakanset","12":"product_cat-satin-sangklader","14":"first","15":"instock","16":"shipping-taxable","17":"purchasable","18":"product-type-simple"},"yoast_head":"<!-- This site is optimized with the Yoast SEO plugin v27.4 - https:\/\/yoast.com\/product\/yoast-seo-wordpress\/ -->\n<title>S\u00e4ngkl\u00e4der Set | Eastern | AZTEX<\/title>\n<meta name=\"description\" content=\"S\u00e4ngkl\u00e4der set i egyptisk bomull ger lyx och komfort till ditt sovrum. Tillverkad av 100% egyptisk bomull, k\u00e4nd f\u00f6r sin exceptionella...\" \/>\n<meta name=\"robots\" content=\"index, follow, max-snippet:-1, max-image-preview:large, max-video-preview:-1\" \/>\n<link rel=\"canonical\" href=\"https:\/\/aztex.ee\/sv\/pood\/sangklader\/sangklader-set-eastern\/\" \/>\n<meta property=\"og:locale\" content=\"sv_SE\" \/>\n<meta property=\"og:type\" content=\"article\" \/>\n<meta property=\"og:title\" content=\"S\u00e4ngkl\u00e4der Set | Eastern | AZTEX\" \/>\n<meta property=\"og:description\" content=\"S\u00e4ngkl\u00e4der set i egyptisk bomull ger lyx och komfort till ditt sovrum. Tillverkad av 100% egyptisk bomull, k\u00e4nd f\u00f6r sin exceptionella...\" \/>\n<meta property=\"og:url\" content=\"https:\/\/aztex.ee\/sv\/pood\/sangklader\/sangklader-set-eastern\/\" \/>\n<meta property=\"og:site_name\" content=\"AZTEX\" \/>\n<meta property=\"article:publisher\" content=\"https:\/\/www.facebook.com\/AztexEE\" \/>\n<meta property=\"article:modified_time\" content=\"2026-03-26T16:48:49+00:00\" \/>\n<meta property=\"og:image\" content=\"https:\/\/aztex.ee\/wp-content\/uploads\/2024\/09\/Voodipesukomplekt-200X220-3.jpg\" \/>\n\t<meta property=\"og:image:width\" content=\"800\" \/>\n\t<meta property=\"og:image:height\" content=\"800\" \/>\n\t<meta property=\"og:image:type\" content=\"image\/jpeg\" \/>\n<meta name=\"twitter:card\" content=\"summary_large_image\" \/>\n<meta name=\"twitter:label1\" content=\"Ber\u00e4knad l\u00e4stid\" \/>\n\t<meta name=\"twitter:data1\" content=\"1 minut\" \/>\n<script type=\"application\/ld+json\" class=\"yoast-schema-graph\">{\"@context\":\"https:\\\/\\\/schema.org\",\"@graph\":[{\"@type\":[\"WebPage\",\"ItemPage\"],\"@id\":\"https:\\\/\\\/aztex.ee\\\/sv\\\/pood\\\/sangklader\\\/sangklader-set-eastern\\\/\",\"url\":\"https:\\\/\\\/aztex.ee\\\/sv\\\/pood\\\/sangklader\\\/sangklader-set-eastern\\\/\",\"name\":\"S\u00e4ngkl\u00e4der Set | Eastern | AZTEX\",\"isPartOf\":{\"@id\":\"https:\\\/\\\/aztex.ee\\\/sv\\\/#website\"},\"primaryImageOfPage\":{\"@id\":\"https:\\\/\\\/aztex.ee\\\/sv\\\/pood\\\/sangklader\\\/sangklader-set-eastern\\\/#primaryimage\"},\"image\":{\"@id\":\"https:\\\/\\\/aztex.ee\\\/sv\\\/pood\\\/sangklader\\\/sangklader-set-eastern\\\/#primaryimage\"},\"thumbnailUrl\":\"https:\\\/\\\/aztex.ee\\\/wp-content\\\/uploads\\\/2024\\\/09\\\/Voodipesukomplekt-200X220-3.jpg\",\"datePublished\":\"2024-09-18T08:41:31+00:00\",\"dateModified\":\"2026-03-26T16:48:49+00:00\",\"description\":\"S\u00e4ngkl\u00e4der set i egyptisk bomull ger lyx och komfort till ditt sovrum. Tillverkad av 100% egyptisk bomull, k\u00e4nd f\u00f6r sin exceptionella...\",\"breadcrumb\":{\"@id\":\"https:\\\/\\\/aztex.ee\\\/sv\\\/pood\\\/sangklader\\\/sangklader-set-eastern\\\/#breadcrumb\"},\"inLanguage\":\"sv-SE\",\"potentialAction\":[{\"@type\":\"ReadAction\",\"target\":[\"https:\\\/\\\/aztex.ee\\\/sv\\\/pood\\\/sangklader\\\/sangklader-set-eastern\\\/\"]}]},{\"@type\":\"ImageObject\",\"inLanguage\":\"sv-SE\",\"@id\":\"https:\\\/\\\/aztex.ee\\\/sv\\\/pood\\\/sangklader\\\/sangklader-set-eastern\\\/#primaryimage\",\"url\":\"https:\\\/\\\/aztex.ee\\\/wp-content\\\/uploads\\\/2024\\\/09\\\/Voodipesukomplekt-200X220-3.jpg\",\"contentUrl\":\"https:\\\/\\\/aztex.ee\\\/wp-content\\\/uploads\\\/2024\\\/09\\\/Voodipesukomplekt-200X220-3.jpg\",\"width\":800,\"height\":800},{\"@type\":\"BreadcrumbList\",\"@id\":\"https:\\\/\\\/aztex.ee\\\/sv\\\/pood\\\/sangklader\\\/sangklader-set-eastern\\\/#breadcrumb\",\"itemListElement\":[{\"@type\":\"ListItem\",\"position\":1,\"name\":\"Hem\",\"item\":\"https:\\\/\\\/aztex.ee\\\/sv\\\/\"},{\"@type\":\"ListItem\",\"position\":2,\"name\":\"Butik\",\"item\":\"https:\\\/\\\/aztex.ee\\\/sv\\\/butik\\\/\"},{\"@type\":\"ListItem\",\"position\":3,\"name\":\"S\u00e4ngkl\u00e4der Set | Eastern\"}]},{\"@type\":\"WebSite\",\"@id\":\"https:\\\/\\\/aztex.ee\\\/sv\\\/#website\",\"url\":\"https:\\\/\\\/aztex.ee\\\/sv\\\/\",\"name\":\"AZTEX\",\"description\":\"\",\"publisher\":{\"@id\":\"https:\\\/\\\/aztex.ee\\\/sv\\\/#organization\"},\"potentialAction\":[{\"@type\":\"SearchAction\",\"target\":{\"@type\":\"EntryPoint\",\"urlTemplate\":\"https:\\\/\\\/aztex.ee\\\/sv\\\/?s={search_term_string}\"},\"query-input\":{\"@type\":\"PropertyValueSpecification\",\"valueRequired\":true,\"valueName\":\"search_term_string\"}}],\"inLanguage\":\"sv-SE\"},{\"@type\":\"Organization\",\"@id\":\"https:\\\/\\\/aztex.ee\\\/sv\\\/#organization\",\"name\":\"AZTEX\",\"url\":\"https:\\\/\\\/aztex.ee\\\/sv\\\/\",\"logo\":{\"@type\":\"ImageObject\",\"inLanguage\":\"sv-SE\",\"@id\":\"https:\\\/\\\/aztex.ee\\\/sv\\\/#\\\/schema\\\/logo\\\/image\\\/\",\"url\":\"https:\\\/\\\/aztex.ee\\\/wp-content\\\/uploads\\\/2026\\\/01\\\/AZTEX.png\",\"contentUrl\":\"https:\\\/\\\/aztex.ee\\\/wp-content\\\/uploads\\\/2026\\\/01\\\/AZTEX.png\",\"width\":500,\"height\":500,\"caption\":\"AZTEX\"},\"image\":{\"@id\":\"https:\\\/\\\/aztex.ee\\\/sv\\\/#\\\/schema\\\/logo\\\/image\\\/\"},\"sameAs\":[\"https:\\\/\\\/www.facebook.com\\\/AztexEE\",\"https:\\\/\\\/www.instagram.com\\\/aztexeesti\\\/\",\"https:\\\/\\\/www.youtube.com\\\/@AZTEXEE\",\"https:\\\/\\\/www.pinterest.com\\\/aztex_eesti\\\/\",\"https:\\\/\\\/www.tiktok.com\\\/@aztexeesti\",\"https:\\\/\\\/www.trustpilot.com\\\/review\\\/aztex.ee\",\"https:\\\/\\\/www.linkedin.com\\\/company\\\/aztex-ee\\\/\",\"https:\\\/\\\/www.wikidata.org\\\/wiki\\\/Q137560182\"]}]}<\/script>\n<!-- \/ Yoast SEO plugin. -->","yoast_head_json":{"title":"S\u00e4ngkl\u00e4der Set | Eastern | AZTEX","description":"S\u00e4ngkl\u00e4der set i egyptisk bomull ger lyx och komfort till ditt sovrum. Tillverkad av 100% egyptisk bomull, k\u00e4nd f\u00f6r sin exceptionella...","robots":{"index":"index","follow":"follow","max-snippet":"max-snippet:-1","max-image-preview":"max-image-preview:large","max-video-preview":"max-video-preview:-1"},"canonical":"https:\/\/aztex.ee\/sv\/pood\/sangklader\/sangklader-set-eastern\/","og_locale":"sv_SE","og_type":"article","og_title":"S\u00e4ngkl\u00e4der Set | Eastern | AZTEX","og_description":"S\u00e4ngkl\u00e4der set i egyptisk bomull ger lyx och komfort till ditt sovrum. Tillverkad av 100% egyptisk bomull, k\u00e4nd f\u00f6r sin exceptionella...","og_url":"https:\/\/aztex.ee\/sv\/pood\/sangklader\/sangklader-set-eastern\/","og_site_name":"AZTEX","article_publisher":"https:\/\/www.facebook.com\/AztexEE","article_modified_time":"2026-03-26T16:48:49+00:00","og_image":[{"width":800,"height":800,"url":"https:\/\/aztex.ee\/wp-content\/uploads\/2024\/09\/Voodipesukomplekt-200X220-3.jpg","type":"image\/jpeg"}],"twitter_card":"summary_large_image","twitter_misc":{"Ber\u00e4knad l\u00e4stid":"1 minut"},"schema":{"@context":"https:\/\/schema.org","@graph":[{"@type":["WebPage","ItemPage"],"@id":"https:\/\/aztex.ee\/sv\/pood\/sangklader\/sangklader-set-eastern\/","url":"https:\/\/aztex.ee\/sv\/pood\/sangklader\/sangklader-set-eastern\/","name":"S\u00e4ngkl\u00e4der Set | Eastern | AZTEX","isPartOf":{"@id":"https:\/\/aztex.ee\/sv\/#website"},"primaryImageOfPage":{"@id":"https:\/\/aztex.ee\/sv\/pood\/sangklader\/sangklader-set-eastern\/#primaryimage"},"image":{"@id":"https:\/\/aztex.ee\/sv\/pood\/sangklader\/sangklader-set-eastern\/#primaryimage"},"thumbnailUrl":"https:\/\/aztex.ee\/wp-content\/uploads\/2024\/09\/Voodipesukomplekt-200X220-3.jpg","datePublished":"2024-09-18T08:41:31+00:00","dateModified":"2026-03-26T16:48:49+00:00","description":"S\u00e4ngkl\u00e4der set i egyptisk bomull ger lyx och komfort till ditt sovrum. Tillverkad av 100% egyptisk bomull, k\u00e4nd f\u00f6r sin exceptionella...","breadcrumb":{"@id":"https:\/\/aztex.ee\/sv\/pood\/sangklader\/sangklader-set-eastern\/#breadcrumb"},"inLanguage":"sv-SE","potentialAction":[{"@type":"ReadAction","target":["https:\/\/aztex.ee\/sv\/pood\/sangklader\/sangklader-set-eastern\/"]}]},{"@type":"ImageObject","inLanguage":"sv-SE","@id":"https:\/\/aztex.ee\/sv\/pood\/sangklader\/sangklader-set-eastern\/#primaryimage","url":"https:\/\/aztex.ee\/wp-content\/uploads\/2024\/09\/Voodipesukomplekt-200X220-3.jpg","contentUrl":"https:\/\/aztex.ee\/wp-content\/uploads\/2024\/09\/Voodipesukomplekt-200X220-3.jpg","width":800,"height":800},{"@type":"BreadcrumbList","@id":"https:\/\/aztex.ee\/sv\/pood\/sangklader\/sangklader-set-eastern\/#breadcrumb","itemListElement":[{"@type":"ListItem","position":1,"name":"Hem","item":"https:\/\/aztex.ee\/sv\/"},{"@type":"ListItem","position":2,"name":"Butik","item":"https:\/\/aztex.ee\/sv\/butik\/"},{"@type":"ListItem","position":3,"name":"S\u00e4ngkl\u00e4der Set | Eastern"}]},{"@type":"WebSite","@id":"https:\/\/aztex.ee\/sv\/#website","url":"https:\/\/aztex.ee\/sv\/","name":"AZTEX","description":"","publisher":{"@id":"https:\/\/aztex.ee\/sv\/#organization"},"potentialAction":[{"@type":"SearchAction","target":{"@type":"EntryPoint","urlTemplate":"https:\/\/aztex.ee\/sv\/?s={search_term_string}"},"query-input":{"@type":"PropertyValueSpecification","valueRequired":true,"valueName":"search_term_string"}}],"inLanguage":"sv-SE"},{"@type":"Organization","@id":"https:\/\/aztex.ee\/sv\/#organization","name":"AZTEX","url":"https:\/\/aztex.ee\/sv\/","logo":{"@type":"ImageObject","inLanguage":"sv-SE","@id":"https:\/\/aztex.ee\/sv\/#\/schema\/logo\/image\/","url":"https:\/\/aztex.ee\/wp-content\/uploads\/2026\/01\/AZTEX.png","contentUrl":"https:\/\/aztex.ee\/wp-content\/uploads\/2026\/01\/AZTEX.png","width":500,"height":500,"caption":"AZTEX"},"image":{"@id":"https:\/\/aztex.ee\/sv\/#\/schema\/logo\/image\/"},"sameAs":["https:\/\/www.facebook.com\/AztexEE","https:\/\/www.instagram.com\/aztexeesti\/","https:\/\/www.youtube.com\/@AZTEXEE","https:\/\/www.pinterest.com\/aztex_eesti\/","https:\/\/www.tiktok.com\/@aztexeesti","https:\/\/www.trustpilot.com\/review\/aztex.ee","https:\/\/www.linkedin.com\/company\/aztex-ee\/","https:\/\/www.wikidata.org\/wiki\/Q137560182"]}]}},"_links":{"self":[{"href":"https:\/\/aztex.ee\/sv\/wp-json\/wp\/v2\/product\/22178","targetHints":{"allow":["GET"]}}],"collection":[{"href":"https:\/\/aztex.ee\/sv\/wp-json\/wp\/v2\/product"}],"about":[{"href":"https:\/\/aztex.ee\/sv\/wp-json\/wp\/v2\/types\/product"}],"replies":[{"embeddable":true,"href":"https:\/\/aztex.ee\/sv\/wp-json\/wp\/v2\/comments?post=22178"}],"version-history":[{"count":0,"href":"https:\/\/aztex.ee\/sv\/wp-json\/wp\/v2\/product\/22178\/revisions"}],"wp:featuredmedia":[{"embeddable":true,"href":"https:\/\/aztex.ee\/sv\/wp-json\/wp\/v2\/media\/21957"}],"wp:attachment":[{"href":"https:\/\/aztex.ee\/sv\/wp-json\/wp\/v2\/media?parent=22178"}],"wp:term":[{"taxonomy":"product_brand","embeddable":true,"href":"https:\/\/aztex.ee\/sv\/wp-json\/wp\/v2\/product_brand?post=22178"},{"taxonomy":"product_cat","embeddable":true,"href":"https:\/\/aztex.ee\/sv\/wp-json\/wp\/v2\/product_cat?post=22178"},{"taxonomy":"product_tag","embeddable":true,"href":"https:\/\/aztex.ee\/sv\/wp-json\/wp\/v2\/product_tag?post=22178"}],"curies":[{"name":"wp","href":"https:\/\/api.w.org\/{rel}","templated":true}]}}