{"id":21117,"date":"2024-09-15T08:56:58","date_gmt":"2024-09-15T08:56:58","guid":{"rendered":"https:\/\/aztex.ee\/?post_type=product&#038;p=21117"},"modified":"2024-09-15T11:20:55","modified_gmt":"2024-09-15T11:20:55","slug":"hampa-sangklader-set-morkgron","status":"publish","type":"product","link":"https:\/\/aztex.ee\/sv\/pood\/sangklader\/hampa-sangklader-set-morkgron\/","title":{"rendered":"Hampa s\u00e4ngkl\u00e4der set | M\u00f6rkgr\u00f6n"},"content":{"rendered":"<p>Hampa s\u00e4ngkl\u00e4der \u00e4r ett milj\u00f6v\u00e4nligt och h\u00e5llbart val. Den \u00e4r gjord av hampav\u00e4xtens naturliga fibrer, som har olika f\u00f6rdelar. Hampafibrer \u00e4r mycket starka och h\u00e5llbara, s\u00e5 hampap\u00e5slakanen h\u00e5ller l\u00e4ngre \u00e4n de flesta andra tyger och blir mjukare och bekv\u00e4mare f\u00f6r varje tv\u00e4tt.<\/p>\n<p>Hampa har naturliga antibakteriella egenskaper som g\u00f6r s\u00e4ngkl\u00e4der hygieniska och hj\u00e4lper till att minska m\u00e4ngden bakterier och allergener i dina s\u00e4ngkl\u00e4der. Detta s\u00e4ngkl\u00e4der \u00e4r perfekt f\u00f6r allergier eller hudsjukdomar och s\u00e4kerst\u00e4ller en mer hygienisk s\u00f6mn. Eftersom hampa anses vara ett hypoallergent material, orsakar hampa s\u00e4ngkl\u00e4der i allm\u00e4nhet inte allergiska reaktioner.<\/p>\n<p>-Hampb\u00e4ddset \u00e4r l\u00e4ttsk\u00f6tt, hampa t\u00e5l maskintv\u00e4tt och torkar snabbt.<br \/>\n-Det \u00e4r b\u00e4st att tv\u00e4tta hamps\u00e4ngkl\u00e4der i varmt vatten s\u00e5 att s\u00e4ngkl\u00e4derna h\u00e5ller sig fr\u00e4scha och vackra l\u00e4ngre. Vattentemperaturen b\u00f6r vara 30-40 \u2103 grader.<br \/>\n-Torkning i l\u00e5g hastighet rekommenderas f\u00f6r att f\u00f6rhindra att tyget g\u00e5r s\u00f6nder.<br \/>\n-Hampans naturliga utseende \u00e4r n\u00e5got skrynkligt. Men vill du att lakanen ska vara sl\u00e4ta kan du stryka dem p\u00e5 l\u00e5g v\u00e4rme.<\/p>\n<p>Hampa s\u00e4ngkl\u00e4der \u00e4r f\u00f6rpackade i en p\u00e5se gjord av samma tyg.<\/p>\n","protected":false},"excerpt":{"rendered":"<p>S\u00e4ngkl\u00e4der i 100 % hampa \u00e4r allergiv\u00e4nliga och antibakteriella.<\/p>\n<p>F\u00e4rg: M\u00f6rkgr\u00f6n<br \/>\nMaterial: 100% hampa, 180 g\/m2<br \/>\nP\u00e5slakan: 200\u00d7220 cm<br \/>\n\u00d6rngott: 50\u00d770 cm (2 st)<\/p>\n<p><img loading=\"lazy\" decoding=\"async\" class=\"alignnone size-full wp-image-20226\" src=\"https:\/\/aztex.ee\/wp-content\/uploads\/2024\/09\/oekotex100.png\" alt=\"\" width=\"204\" height=\"72\" srcset=\"https:\/\/aztex.ee\/wp-content\/uploads\/2024\/09\/oekotex100.png 204w, https:\/\/aztex.ee\/wp-content\/uploads\/2024\/09\/oekotex100-150x53.png 150w\" sizes=\"auto, (max-width: 204px) 100vw, 204px\" \/><img loading=\"lazy\" decoding=\"async\" class=\"alignnone wp-image-20896\" src=\"https:\/\/aztex.ee\/wp-content\/uploads\/2024\/09\/NATURALHEMP.png\" alt=\"\" width=\"79\" height=\"79\" srcset=\"https:\/\/aztex.ee\/wp-content\/uploads\/2024\/09\/NATURALHEMP.png 300w, https:\/\/aztex.ee\/wp-content\/uploads\/2024\/09\/NATURALHEMP-150x150.png 150w\" sizes=\"auto, (max-width: 79px) 100vw, 79px\" \/><\/p>\n","protected":false},"featured_media":21134,"comment_status":"open","ping_status":"closed","template":"","meta":[],"product_brand":[],"product_cat":[160,433,113,507],"product_tag":[],"class_list":{"0":"post-21117","1":"product","2":"type-product","3":"status-publish","4":"has-post-thumbnail","6":"product_cat-hampa-sangklader","7":"product_cat-hampa-sangklader-set","8":"product_cat-sangklader","9":"product_cat-sangklader-set","11":"first","12":"outofstock","13":"sale","14":"shipping-taxable","15":"purchasable","16":"product-type-simple"},"yoast_head":"<!-- This site is optimized with the Yoast SEO plugin v27.3 - https:\/\/yoast.com\/product\/yoast-seo-wordpress\/ -->\n<title>Hampa s\u00e4ngkl\u00e4der set | M\u00f6rkgr\u00f6n | AZTEX<\/title>\n<meta name=\"description\" content=\"Hampa s\u00e4ngkl\u00e4der \u00e4r ett milj\u00f6v\u00e4nligt och h\u00e5llbart val. Den \u00e4r gjord av hampav\u00e4xtens naturliga fibrer, som har olika f\u00f6rdelar. Hampafibrer \u00e4r mycket....\" \/>\n<meta name=\"robots\" content=\"index, follow, max-snippet:-1, max-image-preview:large, max-video-preview:-1\" \/>\n<link rel=\"canonical\" href=\"https:\/\/aztex.ee\/sv\/pood\/sangklader\/hampa-sangklader-set-morkgron\/\" \/>\n<meta property=\"og:locale\" content=\"sv_SE\" \/>\n<meta property=\"og:type\" content=\"article\" \/>\n<meta property=\"og:title\" content=\"Hampa s\u00e4ngkl\u00e4der set | M\u00f6rkgr\u00f6n | AZTEX\" \/>\n<meta property=\"og:description\" content=\"Hampa s\u00e4ngkl\u00e4der \u00e4r ett milj\u00f6v\u00e4nligt och h\u00e5llbart val. Den \u00e4r gjord av hampav\u00e4xtens naturliga fibrer, som har olika f\u00f6rdelar. Hampafibrer \u00e4r mycket....\" \/>\n<meta property=\"og:url\" content=\"https:\/\/aztex.ee\/sv\/pood\/sangklader\/hampa-sangklader-set-morkgron\/\" \/>\n<meta property=\"og:site_name\" content=\"AZTEX\" \/>\n<meta property=\"article:publisher\" content=\"https:\/\/www.facebook.com\/AztexEE\" \/>\n<meta property=\"article:modified_time\" content=\"2024-09-15T11:20:55+00:00\" \/>\n<meta property=\"og:image\" content=\"https:\/\/aztex.ee\/wp-content\/uploads\/2024\/09\/91UmdQKJXJL._AC_SL1500_.jpg\" \/>\n\t<meta property=\"og:image:width\" content=\"800\" \/>\n\t<meta property=\"og:image:height\" content=\"800\" \/>\n\t<meta property=\"og:image:type\" content=\"image\/jpeg\" \/>\n<meta name=\"twitter:card\" content=\"summary_large_image\" \/>\n<meta name=\"twitter:label1\" content=\"Ber\u00e4knad l\u00e4stid\" \/>\n\t<meta name=\"twitter:data1\" content=\"2 minuter\" \/>\n<script type=\"application\/ld+json\" class=\"yoast-schema-graph\">{\"@context\":\"https:\\\/\\\/schema.org\",\"@graph\":[{\"@type\":[\"WebPage\",\"ItemPage\"],\"@id\":\"https:\\\/\\\/aztex.ee\\\/sv\\\/pood\\\/sangklader\\\/hampa-sangklader-set-morkgron\\\/\",\"url\":\"https:\\\/\\\/aztex.ee\\\/sv\\\/pood\\\/sangklader\\\/hampa-sangklader-set-morkgron\\\/\",\"name\":\"Hampa s\u00e4ngkl\u00e4der set | M\u00f6rkgr\u00f6n | AZTEX\",\"isPartOf\":{\"@id\":\"https:\\\/\\\/aztex.ee\\\/sv\\\/#website\"},\"primaryImageOfPage\":{\"@id\":\"https:\\\/\\\/aztex.ee\\\/sv\\\/pood\\\/sangklader\\\/hampa-sangklader-set-morkgron\\\/#primaryimage\"},\"image\":{\"@id\":\"https:\\\/\\\/aztex.ee\\\/sv\\\/pood\\\/sangklader\\\/hampa-sangklader-set-morkgron\\\/#primaryimage\"},\"thumbnailUrl\":\"https:\\\/\\\/aztex.ee\\\/wp-content\\\/uploads\\\/2024\\\/09\\\/91UmdQKJXJL._AC_SL1500_.jpg\",\"datePublished\":\"2024-09-15T08:56:58+00:00\",\"dateModified\":\"2024-09-15T11:20:55+00:00\",\"description\":\"Hampa s\u00e4ngkl\u00e4der \u00e4r ett milj\u00f6v\u00e4nligt och h\u00e5llbart val. Den \u00e4r gjord av hampav\u00e4xtens naturliga fibrer, som har olika f\u00f6rdelar. Hampafibrer \u00e4r mycket....\",\"breadcrumb\":{\"@id\":\"https:\\\/\\\/aztex.ee\\\/sv\\\/pood\\\/sangklader\\\/hampa-sangklader-set-morkgron\\\/#breadcrumb\"},\"inLanguage\":\"sv-SE\",\"potentialAction\":[{\"@type\":\"ReadAction\",\"target\":[\"https:\\\/\\\/aztex.ee\\\/sv\\\/pood\\\/sangklader\\\/hampa-sangklader-set-morkgron\\\/\"]}]},{\"@type\":\"ImageObject\",\"inLanguage\":\"sv-SE\",\"@id\":\"https:\\\/\\\/aztex.ee\\\/sv\\\/pood\\\/sangklader\\\/hampa-sangklader-set-morkgron\\\/#primaryimage\",\"url\":\"https:\\\/\\\/aztex.ee\\\/wp-content\\\/uploads\\\/2024\\\/09\\\/91UmdQKJXJL._AC_SL1500_.jpg\",\"contentUrl\":\"https:\\\/\\\/aztex.ee\\\/wp-content\\\/uploads\\\/2024\\\/09\\\/91UmdQKJXJL._AC_SL1500_.jpg\",\"width\":800,\"height\":800,\"caption\":\"Kanepist voodilina\"},{\"@type\":\"BreadcrumbList\",\"@id\":\"https:\\\/\\\/aztex.ee\\\/sv\\\/pood\\\/sangklader\\\/hampa-sangklader-set-morkgron\\\/#breadcrumb\",\"itemListElement\":[{\"@type\":\"ListItem\",\"position\":1,\"name\":\"Hem\",\"item\":\"https:\\\/\\\/aztex.ee\\\/sv\\\/\"},{\"@type\":\"ListItem\",\"position\":2,\"name\":\"Butik\",\"item\":\"https:\\\/\\\/aztex.ee\\\/sv\\\/butik\\\/\"},{\"@type\":\"ListItem\",\"position\":3,\"name\":\"Hampa s\u00e4ngkl\u00e4der set | M\u00f6rkgr\u00f6n\"}]},{\"@type\":\"WebSite\",\"@id\":\"https:\\\/\\\/aztex.ee\\\/sv\\\/#website\",\"url\":\"https:\\\/\\\/aztex.ee\\\/sv\\\/\",\"name\":\"AZTEX\",\"description\":\"\",\"publisher\":{\"@id\":\"https:\\\/\\\/aztex.ee\\\/sv\\\/#organization\"},\"potentialAction\":[{\"@type\":\"SearchAction\",\"target\":{\"@type\":\"EntryPoint\",\"urlTemplate\":\"https:\\\/\\\/aztex.ee\\\/sv\\\/?s={search_term_string}\"},\"query-input\":{\"@type\":\"PropertyValueSpecification\",\"valueRequired\":true,\"valueName\":\"search_term_string\"}}],\"inLanguage\":\"sv-SE\"},{\"@type\":\"Organization\",\"@id\":\"https:\\\/\\\/aztex.ee\\\/sv\\\/#organization\",\"name\":\"AZTEX\",\"url\":\"https:\\\/\\\/aztex.ee\\\/sv\\\/\",\"logo\":{\"@type\":\"ImageObject\",\"inLanguage\":\"sv-SE\",\"@id\":\"https:\\\/\\\/aztex.ee\\\/sv\\\/#\\\/schema\\\/logo\\\/image\\\/\",\"url\":\"https:\\\/\\\/aztex.ee\\\/wp-content\\\/uploads\\\/2026\\\/01\\\/AZTEX.png\",\"contentUrl\":\"https:\\\/\\\/aztex.ee\\\/wp-content\\\/uploads\\\/2026\\\/01\\\/AZTEX.png\",\"width\":500,\"height\":500,\"caption\":\"AZTEX\"},\"image\":{\"@id\":\"https:\\\/\\\/aztex.ee\\\/sv\\\/#\\\/schema\\\/logo\\\/image\\\/\"},\"sameAs\":[\"https:\\\/\\\/www.facebook.com\\\/AztexEE\",\"https:\\\/\\\/www.instagram.com\\\/aztexeesti\\\/\",\"https:\\\/\\\/www.youtube.com\\\/@AZTEXEE\",\"https:\\\/\\\/www.pinterest.com\\\/aztex_eesti\\\/\",\"https:\\\/\\\/www.tiktok.com\\\/@aztexeesti\",\"https:\\\/\\\/www.trustpilot.com\\\/review\\\/aztex.ee\",\"https:\\\/\\\/www.linkedin.com\\\/company\\\/aztex-ee\\\/\",\"https:\\\/\\\/www.wikidata.org\\\/wiki\\\/Q137560182\"]}]}<\/script>\n<!-- \/ Yoast SEO plugin. -->","yoast_head_json":{"title":"Hampa s\u00e4ngkl\u00e4der set | M\u00f6rkgr\u00f6n | AZTEX","description":"Hampa s\u00e4ngkl\u00e4der \u00e4r ett milj\u00f6v\u00e4nligt och h\u00e5llbart val. Den \u00e4r gjord av hampav\u00e4xtens naturliga fibrer, som har olika f\u00f6rdelar. Hampafibrer \u00e4r mycket....","robots":{"index":"index","follow":"follow","max-snippet":"max-snippet:-1","max-image-preview":"max-image-preview:large","max-video-preview":"max-video-preview:-1"},"canonical":"https:\/\/aztex.ee\/sv\/pood\/sangklader\/hampa-sangklader-set-morkgron\/","og_locale":"sv_SE","og_type":"article","og_title":"Hampa s\u00e4ngkl\u00e4der set | M\u00f6rkgr\u00f6n | AZTEX","og_description":"Hampa s\u00e4ngkl\u00e4der \u00e4r ett milj\u00f6v\u00e4nligt och h\u00e5llbart val. Den \u00e4r gjord av hampav\u00e4xtens naturliga fibrer, som har olika f\u00f6rdelar. Hampafibrer \u00e4r mycket....","og_url":"https:\/\/aztex.ee\/sv\/pood\/sangklader\/hampa-sangklader-set-morkgron\/","og_site_name":"AZTEX","article_publisher":"https:\/\/www.facebook.com\/AztexEE","article_modified_time":"2024-09-15T11:20:55+00:00","og_image":[{"width":800,"height":800,"url":"https:\/\/aztex.ee\/wp-content\/uploads\/2024\/09\/91UmdQKJXJL._AC_SL1500_.jpg","type":"image\/jpeg"}],"twitter_card":"summary_large_image","twitter_misc":{"Ber\u00e4knad l\u00e4stid":"2 minuter"},"schema":{"@context":"https:\/\/schema.org","@graph":[{"@type":["WebPage","ItemPage"],"@id":"https:\/\/aztex.ee\/sv\/pood\/sangklader\/hampa-sangklader-set-morkgron\/","url":"https:\/\/aztex.ee\/sv\/pood\/sangklader\/hampa-sangklader-set-morkgron\/","name":"Hampa s\u00e4ngkl\u00e4der set | M\u00f6rkgr\u00f6n | AZTEX","isPartOf":{"@id":"https:\/\/aztex.ee\/sv\/#website"},"primaryImageOfPage":{"@id":"https:\/\/aztex.ee\/sv\/pood\/sangklader\/hampa-sangklader-set-morkgron\/#primaryimage"},"image":{"@id":"https:\/\/aztex.ee\/sv\/pood\/sangklader\/hampa-sangklader-set-morkgron\/#primaryimage"},"thumbnailUrl":"https:\/\/aztex.ee\/wp-content\/uploads\/2024\/09\/91UmdQKJXJL._AC_SL1500_.jpg","datePublished":"2024-09-15T08:56:58+00:00","dateModified":"2024-09-15T11:20:55+00:00","description":"Hampa s\u00e4ngkl\u00e4der \u00e4r ett milj\u00f6v\u00e4nligt och h\u00e5llbart val. Den \u00e4r gjord av hampav\u00e4xtens naturliga fibrer, som har olika f\u00f6rdelar. Hampafibrer \u00e4r mycket....","breadcrumb":{"@id":"https:\/\/aztex.ee\/sv\/pood\/sangklader\/hampa-sangklader-set-morkgron\/#breadcrumb"},"inLanguage":"sv-SE","potentialAction":[{"@type":"ReadAction","target":["https:\/\/aztex.ee\/sv\/pood\/sangklader\/hampa-sangklader-set-morkgron\/"]}]},{"@type":"ImageObject","inLanguage":"sv-SE","@id":"https:\/\/aztex.ee\/sv\/pood\/sangklader\/hampa-sangklader-set-morkgron\/#primaryimage","url":"https:\/\/aztex.ee\/wp-content\/uploads\/2024\/09\/91UmdQKJXJL._AC_SL1500_.jpg","contentUrl":"https:\/\/aztex.ee\/wp-content\/uploads\/2024\/09\/91UmdQKJXJL._AC_SL1500_.jpg","width":800,"height":800,"caption":"Kanepist voodilina"},{"@type":"BreadcrumbList","@id":"https:\/\/aztex.ee\/sv\/pood\/sangklader\/hampa-sangklader-set-morkgron\/#breadcrumb","itemListElement":[{"@type":"ListItem","position":1,"name":"Hem","item":"https:\/\/aztex.ee\/sv\/"},{"@type":"ListItem","position":2,"name":"Butik","item":"https:\/\/aztex.ee\/sv\/butik\/"},{"@type":"ListItem","position":3,"name":"Hampa s\u00e4ngkl\u00e4der set | M\u00f6rkgr\u00f6n"}]},{"@type":"WebSite","@id":"https:\/\/aztex.ee\/sv\/#website","url":"https:\/\/aztex.ee\/sv\/","name":"AZTEX","description":"","publisher":{"@id":"https:\/\/aztex.ee\/sv\/#organization"},"potentialAction":[{"@type":"SearchAction","target":{"@type":"EntryPoint","urlTemplate":"https:\/\/aztex.ee\/sv\/?s={search_term_string}"},"query-input":{"@type":"PropertyValueSpecification","valueRequired":true,"valueName":"search_term_string"}}],"inLanguage":"sv-SE"},{"@type":"Organization","@id":"https:\/\/aztex.ee\/sv\/#organization","name":"AZTEX","url":"https:\/\/aztex.ee\/sv\/","logo":{"@type":"ImageObject","inLanguage":"sv-SE","@id":"https:\/\/aztex.ee\/sv\/#\/schema\/logo\/image\/","url":"https:\/\/aztex.ee\/wp-content\/uploads\/2026\/01\/AZTEX.png","contentUrl":"https:\/\/aztex.ee\/wp-content\/uploads\/2026\/01\/AZTEX.png","width":500,"height":500,"caption":"AZTEX"},"image":{"@id":"https:\/\/aztex.ee\/sv\/#\/schema\/logo\/image\/"},"sameAs":["https:\/\/www.facebook.com\/AztexEE","https:\/\/www.instagram.com\/aztexeesti\/","https:\/\/www.youtube.com\/@AZTEXEE","https:\/\/www.pinterest.com\/aztex_eesti\/","https:\/\/www.tiktok.com\/@aztexeesti","https:\/\/www.trustpilot.com\/review\/aztex.ee","https:\/\/www.linkedin.com\/company\/aztex-ee\/","https:\/\/www.wikidata.org\/wiki\/Q137560182"]}]}},"_links":{"self":[{"href":"https:\/\/aztex.ee\/sv\/wp-json\/wp\/v2\/product\/21117","targetHints":{"allow":["GET"]}}],"collection":[{"href":"https:\/\/aztex.ee\/sv\/wp-json\/wp\/v2\/product"}],"about":[{"href":"https:\/\/aztex.ee\/sv\/wp-json\/wp\/v2\/types\/product"}],"replies":[{"embeddable":true,"href":"https:\/\/aztex.ee\/sv\/wp-json\/wp\/v2\/comments?post=21117"}],"version-history":[{"count":0,"href":"https:\/\/aztex.ee\/sv\/wp-json\/wp\/v2\/product\/21117\/revisions"}],"wp:featuredmedia":[{"embeddable":true,"href":"https:\/\/aztex.ee\/sv\/wp-json\/wp\/v2\/media\/21134"}],"wp:attachment":[{"href":"https:\/\/aztex.ee\/sv\/wp-json\/wp\/v2\/media?parent=21117"}],"wp:term":[{"taxonomy":"product_brand","embeddable":true,"href":"https:\/\/aztex.ee\/sv\/wp-json\/wp\/v2\/product_brand?post=21117"},{"taxonomy":"product_cat","embeddable":true,"href":"https:\/\/aztex.ee\/sv\/wp-json\/wp\/v2\/product_cat?post=21117"},{"taxonomy":"product_tag","embeddable":true,"href":"https:\/\/aztex.ee\/sv\/wp-json\/wp\/v2\/product_tag?post=21117"}],"curies":[{"name":"wp","href":"https:\/\/api.w.org\/{rel}","templated":true}]}}