{"id":107739,"date":"2026-03-20T15:00:51","date_gmt":"2026-03-20T15:00:51","guid":{"rendered":"https:\/\/aztex.ee\/?post_type=product&#038;p=107739"},"modified":"2026-03-20T16:08:31","modified_gmt":"2026-03-20T16:08:31","slug":"bambu-lakan-bourgogne","status":"publish","type":"product","link":"https:\/\/aztex.ee\/sv\/pood\/bambu-lakan\/bambu-lakan-bourgogne\/","title":{"rendered":"Bambu lakan \u2013 Bourgogne"},"content":{"rendered":"<p>Bambu \u00e4r naturligt mjukt, andningsbart och h\u00e5llbart, vilket g\u00f6r det till ett idealiskt val f\u00f6r hemtextilier. Bambufibrer \u00e4r silkeslena och ligger skonsamt p\u00e5 huden, vilket ger lyxig komfort i vardagen. Dessutom har detta material utm\u00e4rkt fuktabsorption, vilket hj\u00e4lper till att h\u00e5lla huden torr och s\u00e4kerst\u00e4ller en fr\u00e4sch k\u00e4nsla hela natten.<\/p>\n<p>En av de speciella egenskaperna hos bambu \u00e4r dess naturliga antibakteriella och hypoallergena egenskaper. Detta hj\u00e4lper till att minska spridningen av obehagliga lukter och bakterier, vilket g\u00f6r produkter gjorda av bambu s\u00e4rskilt l\u00e4mpliga f\u00f6r personer med k\u00e4nslig hud. Dessutom kan bambufibrer reglera temperaturen, vilket ger svalka p\u00e5 sommaren och v\u00e4rme p\u00e5 vintern.<\/p>\n<p>Bambu \u00e4r ocks\u00e5 ett h\u00e5llbart material som v\u00e4xer snabbt och kr\u00e4ver betydligt mindre vatten f\u00f6r att v\u00e4xa \u00e4n m\u00e5nga andra fibrer. Detta g\u00f6r bambutextilier till ett milj\u00f6v\u00e4nligt val som kombinerar en livsstil n\u00e4ra naturen med f\u00f6rstklassig komfort.<\/p>\n","protected":false},"excerpt":{"rendered":"<p>Bambu lakan s\u00e4kerst\u00e4ller en frisk s\u00f6mn, \u00e4r antibakteriella och silkeslena.<\/p>\n<ul>\n<li>F\u00e4rg: Bourgogne<\/li>\n<li>Material: 100% bambu<\/li>\n<li>Tr\u00e5dantal: 300 TC<\/li>\n<li>Storlek: 220&#215;240 cm \u00b13<\/li>\n<\/ul>\n<p><img loading=\"lazy\" decoding=\"async\" class=\"alignnone wp-image-20226\" src=\"https:\/\/aztex.ee\/wp-content\/uploads\/2024\/09\/oekotex100.png\" alt=\"\" width=\"196\" height=\"69\" srcset=\"https:\/\/aztex.ee\/wp-content\/uploads\/2024\/09\/oekotex100.png 204w, https:\/\/aztex.ee\/wp-content\/uploads\/2024\/09\/oekotex100-150x53.png 150w\" sizes=\"auto, (max-width: 196px) 100vw, 196px\" \/><img loading=\"lazy\" decoding=\"async\" class=\"alignnone wp-image-20260\" src=\"https:\/\/aztex.ee\/wp-content\/uploads\/2024\/09\/bambuuss.png\" alt=\"\" width=\"75\" height=\"75\" srcset=\"https:\/\/aztex.ee\/wp-content\/uploads\/2024\/09\/bambuuss.png 204w, https:\/\/aztex.ee\/wp-content\/uploads\/2024\/09\/bambuuss-150x150.png 150w\" sizes=\"auto, (max-width: 75px) 100vw, 75px\" \/><\/p>\n","protected":false},"featured_media":107760,"comment_status":"open","ping_status":"closed","template":"","meta":[],"product_brand":[],"product_cat":[547,1809],"product_tag":[],"class_list":{"0":"post-107739","1":"product","2":"type-product","3":"status-publish","4":"has-post-thumbnail","6":"product_cat-bambu-lakan","7":"product_cat-lakan-dra-pa-lakan","9":"first","10":"instock","11":"shipping-taxable","12":"purchasable","13":"product-type-simple"},"yoast_head":"<!-- This site is optimized with the Yoast SEO plugin v27.6 - https:\/\/yoast.com\/product\/yoast-seo-wordpress\/ -->\n<title>Lyxigt bambu lakan \u2013 Bourgogne | AZTEX<\/title>\n<meta name=\"description\" content=\"Lyxigt bambu lakan \u00e4r silkesmjukt och andas. Det hj\u00e4lper till att reglera kroppstemperaturen, transportera bort fukt och ger en fr\u00e4sch och bekv\u00e4m s\u00f6mn.\" \/>\n<meta name=\"robots\" content=\"index, follow, max-snippet:-1, max-image-preview:large, max-video-preview:-1\" \/>\n<link rel=\"canonical\" href=\"https:\/\/aztex.ee\/sv\/pood\/bambu-lakan\/bambu-lakan-bourgogne\/\" \/>\n<meta property=\"og:locale\" content=\"sv_SE\" \/>\n<meta property=\"og:type\" content=\"article\" \/>\n<meta property=\"og:title\" content=\"Lyxigt bambu lakan \u2013 Bourgogne | AZTEX\" \/>\n<meta property=\"og:description\" content=\"Lyxigt bambu lakan \u00e4r silkesmjukt och andas. Det hj\u00e4lper till att reglera kroppstemperaturen, transportera bort fukt och ger en fr\u00e4sch och bekv\u00e4m s\u00f6mn.\" \/>\n<meta property=\"og:url\" content=\"https:\/\/aztex.ee\/sv\/pood\/bambu-lakan\/bambu-lakan-bourgogne\/\" \/>\n<meta property=\"og:site_name\" content=\"AZTEX\" \/>\n<meta property=\"article:publisher\" content=\"https:\/\/www.facebook.com\/AztexEE\" \/>\n<meta property=\"article:modified_time\" content=\"2026-03-20T16:08:31+00:00\" \/>\n<meta property=\"og:image\" content=\"https:\/\/aztex.ee\/wp-content\/uploads\/2026\/03\/Bambusest-voodilina-Burgundia.jpg\" \/>\n\t<meta property=\"og:image:width\" content=\"800\" \/>\n\t<meta property=\"og:image:height\" content=\"800\" \/>\n\t<meta property=\"og:image:type\" content=\"image\/jpeg\" \/>\n<meta name=\"twitter:card\" content=\"summary_large_image\" \/>\n<meta name=\"twitter:label1\" content=\"Ber\u00e4knad l\u00e4stid\" \/>\n\t<meta name=\"twitter:data1\" content=\"1 minut\" \/>\n<script type=\"application\/ld+json\" class=\"yoast-schema-graph\">{\"@context\":\"https:\\\/\\\/schema.org\",\"@graph\":[{\"@type\":[\"WebPage\",\"ItemPage\"],\"@id\":\"https:\\\/\\\/aztex.ee\\\/sv\\\/pood\\\/bambu-lakan\\\/bambu-lakan-bourgogne\\\/\",\"url\":\"https:\\\/\\\/aztex.ee\\\/sv\\\/pood\\\/bambu-lakan\\\/bambu-lakan-bourgogne\\\/\",\"name\":\"Lyxigt bambu lakan \u2013 Bourgogne | AZTEX\",\"isPartOf\":{\"@id\":\"https:\\\/\\\/aztex.ee\\\/sv\\\/#website\"},\"primaryImageOfPage\":{\"@id\":\"https:\\\/\\\/aztex.ee\\\/sv\\\/pood\\\/bambu-lakan\\\/bambu-lakan-bourgogne\\\/#primaryimage\"},\"image\":{\"@id\":\"https:\\\/\\\/aztex.ee\\\/sv\\\/pood\\\/bambu-lakan\\\/bambu-lakan-bourgogne\\\/#primaryimage\"},\"thumbnailUrl\":\"https:\\\/\\\/aztex.ee\\\/wp-content\\\/uploads\\\/2026\\\/03\\\/Bambusest-voodilina-Burgundia.jpg\",\"datePublished\":\"2026-03-20T15:00:51+00:00\",\"dateModified\":\"2026-03-20T16:08:31+00:00\",\"description\":\"Lyxigt bambu lakan \u00e4r silkesmjukt och andas. Det hj\u00e4lper till att reglera kroppstemperaturen, transportera bort fukt och ger en fr\u00e4sch och bekv\u00e4m s\u00f6mn.\",\"breadcrumb\":{\"@id\":\"https:\\\/\\\/aztex.ee\\\/sv\\\/pood\\\/bambu-lakan\\\/bambu-lakan-bourgogne\\\/#breadcrumb\"},\"inLanguage\":\"sv-SE\",\"potentialAction\":[{\"@type\":\"ReadAction\",\"target\":[\"https:\\\/\\\/aztex.ee\\\/sv\\\/pood\\\/bambu-lakan\\\/bambu-lakan-bourgogne\\\/\"]}]},{\"@type\":\"ImageObject\",\"inLanguage\":\"sv-SE\",\"@id\":\"https:\\\/\\\/aztex.ee\\\/sv\\\/pood\\\/bambu-lakan\\\/bambu-lakan-bourgogne\\\/#primaryimage\",\"url\":\"https:\\\/\\\/aztex.ee\\\/wp-content\\\/uploads\\\/2026\\\/03\\\/Bambusest-voodilina-Burgundia.jpg\",\"contentUrl\":\"https:\\\/\\\/aztex.ee\\\/wp-content\\\/uploads\\\/2026\\\/03\\\/Bambusest-voodilina-Burgundia.jpg\",\"width\":800,\"height\":800,\"caption\":\"Bambusest voodilina\"},{\"@type\":\"BreadcrumbList\",\"@id\":\"https:\\\/\\\/aztex.ee\\\/sv\\\/pood\\\/bambu-lakan\\\/bambu-lakan-bourgogne\\\/#breadcrumb\",\"itemListElement\":[{\"@type\":\"ListItem\",\"position\":1,\"name\":\"Hem\",\"item\":\"https:\\\/\\\/aztex.ee\\\/sv\\\/\"},{\"@type\":\"ListItem\",\"position\":2,\"name\":\"Butik\",\"item\":\"https:\\\/\\\/aztex.ee\\\/sv\\\/butik\\\/\"},{\"@type\":\"ListItem\",\"position\":3,\"name\":\"Bambu lakan \u2013 Bourgogne\"}]},{\"@type\":\"WebSite\",\"@id\":\"https:\\\/\\\/aztex.ee\\\/sv\\\/#website\",\"url\":\"https:\\\/\\\/aztex.ee\\\/sv\\\/\",\"name\":\"AZTEX\",\"description\":\"\",\"publisher\":{\"@id\":\"https:\\\/\\\/aztex.ee\\\/sv\\\/#organization\"},\"potentialAction\":[{\"@type\":\"SearchAction\",\"target\":{\"@type\":\"EntryPoint\",\"urlTemplate\":\"https:\\\/\\\/aztex.ee\\\/sv\\\/?s={search_term_string}\"},\"query-input\":{\"@type\":\"PropertyValueSpecification\",\"valueRequired\":true,\"valueName\":\"search_term_string\"}}],\"inLanguage\":\"sv-SE\"},{\"@type\":\"Organization\",\"@id\":\"https:\\\/\\\/aztex.ee\\\/sv\\\/#organization\",\"name\":\"AZTEX\",\"url\":\"https:\\\/\\\/aztex.ee\\\/sv\\\/\",\"logo\":{\"@type\":\"ImageObject\",\"inLanguage\":\"sv-SE\",\"@id\":\"https:\\\/\\\/aztex.ee\\\/sv\\\/#\\\/schema\\\/logo\\\/image\\\/\",\"url\":\"https:\\\/\\\/aztex.ee\\\/wp-content\\\/uploads\\\/2026\\\/01\\\/AZTEX.png\",\"contentUrl\":\"https:\\\/\\\/aztex.ee\\\/wp-content\\\/uploads\\\/2026\\\/01\\\/AZTEX.png\",\"width\":500,\"height\":500,\"caption\":\"AZTEX\"},\"image\":{\"@id\":\"https:\\\/\\\/aztex.ee\\\/sv\\\/#\\\/schema\\\/logo\\\/image\\\/\"},\"sameAs\":[\"https:\\\/\\\/www.facebook.com\\\/AztexEE\",\"https:\\\/\\\/www.instagram.com\\\/aztexeesti\\\/\",\"https:\\\/\\\/www.youtube.com\\\/@AZTEXEE\",\"https:\\\/\\\/www.pinterest.com\\\/aztex_eesti\\\/\",\"https:\\\/\\\/www.tiktok.com\\\/@aztexeesti\",\"https:\\\/\\\/www.trustpilot.com\\\/review\\\/aztex.ee\",\"https:\\\/\\\/www.linkedin.com\\\/company\\\/aztex-ee\\\/\",\"https:\\\/\\\/www.wikidata.org\\\/wiki\\\/Q137560182\"]}]}<\/script>\n<!-- \/ Yoast SEO plugin. -->","yoast_head_json":{"title":"Lyxigt bambu lakan \u2013 Bourgogne | AZTEX","description":"Lyxigt bambu lakan \u00e4r silkesmjukt och andas. Det hj\u00e4lper till att reglera kroppstemperaturen, transportera bort fukt och ger en fr\u00e4sch och bekv\u00e4m s\u00f6mn.","robots":{"index":"index","follow":"follow","max-snippet":"max-snippet:-1","max-image-preview":"max-image-preview:large","max-video-preview":"max-video-preview:-1"},"canonical":"https:\/\/aztex.ee\/sv\/pood\/bambu-lakan\/bambu-lakan-bourgogne\/","og_locale":"sv_SE","og_type":"article","og_title":"Lyxigt bambu lakan \u2013 Bourgogne | AZTEX","og_description":"Lyxigt bambu lakan \u00e4r silkesmjukt och andas. Det hj\u00e4lper till att reglera kroppstemperaturen, transportera bort fukt och ger en fr\u00e4sch och bekv\u00e4m s\u00f6mn.","og_url":"https:\/\/aztex.ee\/sv\/pood\/bambu-lakan\/bambu-lakan-bourgogne\/","og_site_name":"AZTEX","article_publisher":"https:\/\/www.facebook.com\/AztexEE","article_modified_time":"2026-03-20T16:08:31+00:00","og_image":[{"width":800,"height":800,"url":"https:\/\/aztex.ee\/wp-content\/uploads\/2026\/03\/Bambusest-voodilina-Burgundia.jpg","type":"image\/jpeg"}],"twitter_card":"summary_large_image","twitter_misc":{"Ber\u00e4knad l\u00e4stid":"1 minut"},"schema":{"@context":"https:\/\/schema.org","@graph":[{"@type":["WebPage","ItemPage"],"@id":"https:\/\/aztex.ee\/sv\/pood\/bambu-lakan\/bambu-lakan-bourgogne\/","url":"https:\/\/aztex.ee\/sv\/pood\/bambu-lakan\/bambu-lakan-bourgogne\/","name":"Lyxigt bambu lakan \u2013 Bourgogne | AZTEX","isPartOf":{"@id":"https:\/\/aztex.ee\/sv\/#website"},"primaryImageOfPage":{"@id":"https:\/\/aztex.ee\/sv\/pood\/bambu-lakan\/bambu-lakan-bourgogne\/#primaryimage"},"image":{"@id":"https:\/\/aztex.ee\/sv\/pood\/bambu-lakan\/bambu-lakan-bourgogne\/#primaryimage"},"thumbnailUrl":"https:\/\/aztex.ee\/wp-content\/uploads\/2026\/03\/Bambusest-voodilina-Burgundia.jpg","datePublished":"2026-03-20T15:00:51+00:00","dateModified":"2026-03-20T16:08:31+00:00","description":"Lyxigt bambu lakan \u00e4r silkesmjukt och andas. Det hj\u00e4lper till att reglera kroppstemperaturen, transportera bort fukt och ger en fr\u00e4sch och bekv\u00e4m s\u00f6mn.","breadcrumb":{"@id":"https:\/\/aztex.ee\/sv\/pood\/bambu-lakan\/bambu-lakan-bourgogne\/#breadcrumb"},"inLanguage":"sv-SE","potentialAction":[{"@type":"ReadAction","target":["https:\/\/aztex.ee\/sv\/pood\/bambu-lakan\/bambu-lakan-bourgogne\/"]}]},{"@type":"ImageObject","inLanguage":"sv-SE","@id":"https:\/\/aztex.ee\/sv\/pood\/bambu-lakan\/bambu-lakan-bourgogne\/#primaryimage","url":"https:\/\/aztex.ee\/wp-content\/uploads\/2026\/03\/Bambusest-voodilina-Burgundia.jpg","contentUrl":"https:\/\/aztex.ee\/wp-content\/uploads\/2026\/03\/Bambusest-voodilina-Burgundia.jpg","width":800,"height":800,"caption":"Bambusest voodilina"},{"@type":"BreadcrumbList","@id":"https:\/\/aztex.ee\/sv\/pood\/bambu-lakan\/bambu-lakan-bourgogne\/#breadcrumb","itemListElement":[{"@type":"ListItem","position":1,"name":"Hem","item":"https:\/\/aztex.ee\/sv\/"},{"@type":"ListItem","position":2,"name":"Butik","item":"https:\/\/aztex.ee\/sv\/butik\/"},{"@type":"ListItem","position":3,"name":"Bambu lakan \u2013 Bourgogne"}]},{"@type":"WebSite","@id":"https:\/\/aztex.ee\/sv\/#website","url":"https:\/\/aztex.ee\/sv\/","name":"AZTEX","description":"","publisher":{"@id":"https:\/\/aztex.ee\/sv\/#organization"},"potentialAction":[{"@type":"SearchAction","target":{"@type":"EntryPoint","urlTemplate":"https:\/\/aztex.ee\/sv\/?s={search_term_string}"},"query-input":{"@type":"PropertyValueSpecification","valueRequired":true,"valueName":"search_term_string"}}],"inLanguage":"sv-SE"},{"@type":"Organization","@id":"https:\/\/aztex.ee\/sv\/#organization","name":"AZTEX","url":"https:\/\/aztex.ee\/sv\/","logo":{"@type":"ImageObject","inLanguage":"sv-SE","@id":"https:\/\/aztex.ee\/sv\/#\/schema\/logo\/image\/","url":"https:\/\/aztex.ee\/wp-content\/uploads\/2026\/01\/AZTEX.png","contentUrl":"https:\/\/aztex.ee\/wp-content\/uploads\/2026\/01\/AZTEX.png","width":500,"height":500,"caption":"AZTEX"},"image":{"@id":"https:\/\/aztex.ee\/sv\/#\/schema\/logo\/image\/"},"sameAs":["https:\/\/www.facebook.com\/AztexEE","https:\/\/www.instagram.com\/aztexeesti\/","https:\/\/www.youtube.com\/@AZTEXEE","https:\/\/www.pinterest.com\/aztex_eesti\/","https:\/\/www.tiktok.com\/@aztexeesti","https:\/\/www.trustpilot.com\/review\/aztex.ee","https:\/\/www.linkedin.com\/company\/aztex-ee\/","https:\/\/www.wikidata.org\/wiki\/Q137560182"]}]}},"_links":{"self":[{"href":"https:\/\/aztex.ee\/sv\/wp-json\/wp\/v2\/product\/107739","targetHints":{"allow":["GET"]}}],"collection":[{"href":"https:\/\/aztex.ee\/sv\/wp-json\/wp\/v2\/product"}],"about":[{"href":"https:\/\/aztex.ee\/sv\/wp-json\/wp\/v2\/types\/product"}],"replies":[{"embeddable":true,"href":"https:\/\/aztex.ee\/sv\/wp-json\/wp\/v2\/comments?post=107739"}],"version-history":[{"count":2,"href":"https:\/\/aztex.ee\/sv\/wp-json\/wp\/v2\/product\/107739\/revisions"}],"predecessor-version":[{"id":107836,"href":"https:\/\/aztex.ee\/sv\/wp-json\/wp\/v2\/product\/107739\/revisions\/107836"}],"wp:featuredmedia":[{"embeddable":true,"href":"https:\/\/aztex.ee\/sv\/wp-json\/wp\/v2\/media\/107760"}],"wp:attachment":[{"href":"https:\/\/aztex.ee\/sv\/wp-json\/wp\/v2\/media?parent=107739"}],"wp:term":[{"taxonomy":"product_brand","embeddable":true,"href":"https:\/\/aztex.ee\/sv\/wp-json\/wp\/v2\/product_brand?post=107739"},{"taxonomy":"product_cat","embeddable":true,"href":"https:\/\/aztex.ee\/sv\/wp-json\/wp\/v2\/product_cat?post=107739"},{"taxonomy":"product_tag","embeddable":true,"href":"https:\/\/aztex.ee\/sv\/wp-json\/wp\/v2\/product_tag?post=107739"}],"curies":[{"name":"wp","href":"https:\/\/api.w.org\/{rel}","templated":true}]}}