{"id":18941,"date":"2024-08-15T14:36:01","date_gmt":"2024-08-15T14:36:01","guid":{"rendered":"https:\/\/aztex.ee\/muugitingimused\/"},"modified":"2024-10-01T20:33:19","modified_gmt":"2024-10-01T20:33:19","slug":"forsaljningsvillkor","status":"publish","type":"page","link":"https:\/\/aztex.ee\/sv\/forsaljningsvillkor\/","title":{"rendered":"F\u00f6rs\u00e4ljningsvillkor"},"content":{"rendered":"\n<p>\u00c4garen till n\u00e4tbutiken <strong>aztex.ee<\/strong> (nedan kallad n\u00e4tbutiken) \u00e4r <strong>Minu Baltic O\u00dc<\/strong> (registreringskod <strong>16809904<\/strong>), bel\u00e4gen i Ida-Viru l\u00e4n, L\u00fcganuse stad, Papli 4-6, postnummer 43301<\/p>\n\n\n\n<ol class=\"wp-block-list\">\n<li>Giltighet av f\u00f6rs\u00e4ljningskontrakt, produkt och prisinformation<\/li>\n<\/ol>\n\n\n\n<p>F\u00f6rs\u00e4ljningsvillkoren g\u00e4ller f\u00f6r k\u00f6p av varor fr\u00e5n Minu Baltic O\u00dcs onlinebutik. Priserna p\u00e5 produkterna som s\u00e4ljs i webbutiken anges bredvid produkterna. I priset ing\u00e5r en avgift f\u00f6r leverans av varan, om inte annat anges. Priserna p\u00e5 produkterna som s\u00e4ljs i n\u00e4tbutiken \u00e4r i euro, och betalning sker \u00e4ven i euro. Information om produkten finns i webbutiken direkt bredvid produkten.<\/p>\n\n\n\n<ol start=\"2\" class=\"wp-block-list\">\n<li>Forma best\u00e4llning \/ betalningsalternativ<\/li>\n<\/ol>\n\n\n\n<p>F\u00f6r att best\u00e4lla varorna m\u00e5ste du l\u00e4gga \u00f6nskade produkter i varukorgen. F\u00f6r att slutf\u00f6ra best\u00e4llningen m\u00e5ste du fylla i de obligatoriska dataf\u00e4lten och v\u00e4lja l\u00e4mplig metod f\u00f6r produktleverans. Avgiftsbeloppet visas sedan p\u00e5 sk\u00e4rmen, som kan betalas s\u00e4kert genom f\u00f6ljande betalningsmetoder:<\/p>\n\n\n\n<p>\u2013 Bank\u00f6verf\u00f6ring;<\/p>\n\n\n\n<p>\u2013 Estniska, lettiska, litauiska och finska bankf\u00f6rbindelser;<\/p>\n\n\n\n<p>\u2013 Kreditkortsbetalning.<\/p>\n\n\n\n<p>F\u00f6r att betala med en bankl\u00e4nk klickar du p\u00e5 din hembanks logotyp s\u00e5 kommer du till internetbankens sida, d\u00e4r en f\u00f6rutfylld betalningsorder v\u00e4ntar p\u00e5 dig. Se till att beloppet \u00e4r korrekt och bekr\u00e4fta transaktionen. Gl\u00f6m sedan inte att klicka p\u00e5 knappen &#8221;Tillbaka till handlaren&#8221; &#8211; detta \u00e4r det enda s\u00e4ttet att omedelbart f\u00e5 ett meddelande fr\u00e5n v\u00e5rt system om att du har gjort betalningen.<\/p>\n\n\n\n<p>Du anger dina bankuppgifter direkt i Bank Card Center-systemet. Information relaterad till ditt bankkonto och betalning sparas inte, en s\u00e4ker SSL-anslutning anv\u00e4nds f\u00f6r data\u00f6verf\u00f6ring.<\/p>\n\n\n\n<p>Minu Baltic O\u00dc \u00e4r personuppgiftsansvarig, Minu Baltic O\u00dc \u00f6verf\u00f6r de personuppgifter som kr\u00e4vs f\u00f6r att g\u00f6ra betalningar till den auktoriserade processorn <strong>Maksekeskus AS<\/strong>.<\/p>\n\n\n\n<p>Kontraktet tr\u00e4der i kraft fr\u00e5n mottagandet av det belopp som ska betalas till onlinebutikens l\u00f6pande konto.<\/p>\n\n\n\n<ol start=\"3\" class=\"wp-block-list\">\n<li>Leverans<\/li>\n<\/ol>\n\n\n\n<p>Varorna skickas till f\u00f6ljande l\u00e4nder: Estland och andra europeiska l\u00e4nder enligt priset som visas i kundvagnen och transports\u00e4tt. Frakt till andra l\u00e4nder och regioner enligt separat \u00f6verenskommelse.<\/p>\n\n\n\n<p>K\u00f6pta produkter \u00e4r f\u00f6rem\u00e5l f\u00f6r porto (om inget annat anges), som betalas av k\u00f6paren. Vi levererar best\u00e4llningarna enligt det transports\u00e4tt du valt. Vi skickar din best\u00e4llning inom 1-3 arbetsdagar, efter att beloppet du betalar f\u00f6r best\u00e4llningen har mottagits p\u00e5 Minu Baltic O\u00dcs l\u00f6pande konto. I undantagsfall kan leveranstiden bli l\u00e4ngre, i s\u00e5 fall meddelar vi dig separat.<\/p>\n\n\n\n<p>Om de best\u00e4llda varorna inte kan levereras p\u00e5 grund av varans slut eller av n\u00e5gon annan anledning kommer k\u00f6paren att informeras om detta s\u00e5 snart som m\u00f6jligt och de inbetalda pengarna (inklusive kostnaderna f\u00f6r leverans av varorna) kommer att returneras utan dr\u00f6jsm\u00e5l, dock senast inom 14 dagar efter det att meddelandet skickats.<\/p>\n\n\n\n<ol start=\"4\" class=\"wp-block-list\">\n<li>Produkter och produkttillg\u00e4nglighet<\/li>\n<\/ol>\n\n\n\n<p>Vi uppdaterar st\u00e4ndigt sortimentet. Det kan dock h\u00e4nda att produkttillg\u00e4ngligheten upph\u00f6r innan produktkatalogen uppdateras. I detta fall kommer vi att kontakta dig och, efter \u00f6verenskommelse, byta ut produkten eller annullera best\u00e4llningen. Om best\u00e4llningen avbryts p\u00e5 grund av sluts\u00e5ld, kommer vi att utf\u00e4rda en \u00e5terbetalning inom 7 arbetsdagar.<\/p>\n\n\n\n<ol start=\"5\" class=\"wp-block-list\">\n<li>\u00d6vriga villkor<\/li>\n<\/ol>\n\n\n\n<p>Vi f\u00f6rbeh\u00e5ller oss r\u00e4tten att \u00e4ndra och komplettera priserna p\u00e5 de erbjudna produkterna. \u00c4ndringar i detta avseende tr\u00e4der i kraft fr\u00e5n det \u00f6gonblick de visas i v\u00e5r webbutik.<\/p>\n\n\n\n<p>S\u00e4ljaren ansvarar inte f\u00f6r fel i varan som har uppkommit p\u00e5 grund av k\u00f6parens fel eller om felet har uppkommit till f\u00f6ljd av felaktig anv\u00e4ndning av produkten.<\/p>\n\n\n\n<p>S\u00e4ljaren har r\u00e4tt att fr\u00e5ntr\u00e4da best\u00e4llningen om lagret av best\u00e4llda varor \u00e4r utt\u00f6mt.<\/p>\n\n\n\n<p>Om priset p\u00e5 produkten som erbjuds i e-butiken p\u00e5 grund av ett tekniskt fel har \u00e4ndrats\/gjorts osk\u00e4ligt billigt j\u00e4mf\u00f6rt med varans normala marknadspris, har s\u00e4ljaren r\u00e4tt att fr\u00e5ntr\u00e4da f\u00f6rs\u00e4ljningstransaktionen av produkten med ett felaktigt pris p\u00e5 grund av det tekniska felet, f\u00f6rutsatt att s\u00e4ljaren \u00e4nnu inte skickat varan till k\u00f6paren.<\/p>\n\n\n\n<ol start=\"6\" class=\"wp-block-list\">\n<li>Inl\u00e4mnande av reklamationer och retur av varor<\/li>\n<\/ol>\n\n\n\n<p>Alla produkter \u00e4r f\u00f6rem\u00e5l f\u00f6r reklamationsperioden enligt \u00a7 218 i civillagen. K\u00f6pfakturan g\u00e4ller som returbevis. N\u00e4r det g\u00e4ller produkter, f\u00f6lj instruktionerna f\u00f6r anv\u00e4ndning och sk\u00f6tsel som medf\u00f6ljer produkten och motsvarande instruktioner. R\u00e4tten att framf\u00f6ra reklamation g\u00e4ller inte om bristen p\u00e5 varor beror p\u00e5 felaktig anv\u00e4ndning av produkten eller skada p\u00e5 produkten. F\u00f6r att l\u00e4mna in en reklamation, v\u00e4nligen skicka en korrekt beskrivning av defekten, namnet p\u00e5 den person som skickade best\u00e4llningen, kontakttelefonnummer och ordernummer till info@aztex.ee<\/p>\n\n\n\n<p>R\u00e4tten att returnera varor \u00e4r 14 dagar. Varorna ska vara i originalf\u00f6rpackning med originalfaktura och alla m\u00e4rkningar. Varorna f\u00e5r inte anv\u00e4ndas. Efter mottagandet av \u00e5ngermeddelandet ska f\u00f6retagaren utan dr\u00f6jsm\u00e5l, men senast 14 dagar, \u00e5terl\u00e4mna alla avgifter som konsumenten erh\u00e5llit fr\u00e5n konsumenten p\u00e5 grundval av avtalet, inklusive kostnaderna f\u00f6r att leverera konsumentens \u00e4rende. Om konsumenten uttryckligen har valt ett annat leveranss\u00e4tt \u00e4n det billigaste vanliga leveranss\u00e4ttet som f\u00f6retagaren erbjuder, beh\u00f6ver f\u00f6retagaren inte \u00e5terbetala kostnaden till konsumenten som \u00f6verstiger kostnaden f\u00f6rknippad med det vanliga leveranss\u00e4ttet (V\u00d5S 492 \u00a7 ). Om den returpliktiga produkten har \u00f6ppnats eller skadats p\u00e5 annat s\u00e4tt \u00e4r produkten inte f\u00f6rem\u00e5l f\u00f6r retur och anses vara anv\u00e4nd. Returadress och leveranss\u00e4tt avtalas i varje enskilt fall.<\/p>\n\n\n\n<p>F\u00f6r att returnera varan m\u00e5ste du l\u00e4mna in en ans\u00f6kan om \u00e5ngerr\u00e4tt fr\u00e5n k\u00f6pet av varan, vars blankett finns h\u00e4r: ans\u00f6kan om \u00e5nger och skicka den till e-postadressen info@aztex.ee<br>senast inom 14 dagar efter mottagandet av varan.<\/p>\n\n\n\n<p>Kostnaden f\u00f6r att returnera varan st\u00e5r k\u00f6paren f\u00f6r, s\u00e5vida inte anledningen till returen ligger i att varan som ska returneras inte \u00f6verensst\u00e4mmer med den best\u00e4llda (t.ex. en felaktig eller defekt produkt).<\/p>\n\n\n\n<p>Om Kunden inte h\u00e4mtar best\u00e4llningen p\u00e5 posten\/paketautomaten inom lagringstiden kommer best\u00e4llningen att returneras till Minu Baltic O\u00dc. F\u00f6r att ta emot best\u00e4llningen m\u00e5ste kunden betala Minu Baltic O\u00dc kostnaden f\u00f6r att returnera och \u00e5terutg\u00e5 paketet enligt g\u00e4llande Omniva\/Itella Smartpost\/DPD prislista. Den initiala transportkostnaden \u00e5terbetalas inte under n\u00e4mnda punkt.<\/p>\n\n\n\n<p>Tj\u00e4nsteleverant\u00f6ren ansvarar f\u00f6r avvikelser eller defekter hos den s\u00e5lda varan mot avtalsvillkoren som framkommer inom tv\u00e5 \u00e5r efter att varan har \u00f6verl\u00e4mnats till konsumenten. Inom de f\u00f6rsta sex m\u00e5naderna fr\u00e5n leveransen av varan till k\u00f6paren antas det att defekten fanns redan vid leveranstillf\u00e4llet av varan.<\/p>\n\n\n\n<p>Vid fel i varan ska konsumenten informera s\u00e4ljaren om det senast inom tv\u00e5 m\u00e5nader, alternativt g\u00f6ra reklamation (V\u00d5S 220 \u00a7 1 mom.).<\/p>\n\n\n\n<p>Om ett fel uppt\u00e4cks ska anv\u00e4ndningen av produkten omedelbart avbrytas.<\/p>\n\n\n\n<p>Anspr\u00e5ket ska l\u00e4mnas i en form som till\u00e5ter skriftlig \u00e5tergivning och ska inneh\u00e5lla:<\/p>\n\n\n\n<p>\u2013 Konsumentens namn och kontaktuppgifter.<\/p>\n\n\n\n<p>\u2013 Datum f\u00f6r ingivande av klagom\u00e5let.<\/p>\n\n\n\n<p>\u2013 Brist p\u00e5 varor eller tj\u00e4nster;<\/p>\n\n\n\n<p>\u2013 anspr\u00e5k p\u00e5 f\u00f6retagaren;<\/p>\n\n\n\n<p>\u2013 ett dokument som intygar utf\u00f6randet av transaktionen eller en garanti ska h\u00e4nvisas till eller en kopia av den ska bifogas klagom\u00e5let.<\/p>\n\n\n\n<ol start=\"7\" class=\"wp-block-list\">\n<li>Oenighet<\/li>\n<\/ol>\n\n\n\n<p>Alla meningsskiljaktigheter kommer att l\u00f6sas genom rimliga \u00f6msesidiga f\u00f6rhandlingar. Om parterna inte n\u00e5r en \u00f6verenskommelse kommer meningsskiljaktigheterna att l\u00f6sas i enlighet med lagstiftningen i Republiken Estland.<\/p>\n","protected":false},"excerpt":{"rendered":"<p>\u00c4garen till n\u00e4tbutiken aztex.ee (nedan kallad n\u00e4tbutiken) \u00e4r Minu Baltic O\u00dc (registreringskod 16809904), bel\u00e4gen i Ida-Viru l\u00e4n, L\u00fcganuse stad, Papli<\/p>\n","protected":false},"author":1,"featured_media":0,"parent":0,"menu_order":0,"comment_status":"closed","ping_status":"closed","template":"","meta":{"footnotes":""},"class_list":["post-18941","page","type-page","status-publish","hentry"],"yoast_head":"<!-- This site is optimized with the Yoast SEO plugin v27.3 - https:\/\/yoast.com\/product\/yoast-seo-wordpress\/ -->\n<title>F\u00f6rs\u00e4ljningsvillkor | AZTEX<\/title>\n<meta name=\"description\" content=\"\u00c4garen till n\u00e4tbutiken aztex.ee (nedan kallad n\u00e4tbutiken) \u00e4r Minu Baltic O\u00dc (registreringskod 16809904), bel\u00e4gen i Ida-Viru l\u00e4n...\" \/>\n<meta name=\"robots\" content=\"index, follow, max-snippet:-1, max-image-preview:large, max-video-preview:-1\" \/>\n<link rel=\"canonical\" href=\"https:\/\/aztex.ee\/sv\/forsaljningsvillkor\/\" \/>\n<meta property=\"og:locale\" content=\"sv_SE\" \/>\n<meta property=\"og:type\" content=\"article\" \/>\n<meta property=\"og:title\" content=\"F\u00f6rs\u00e4ljningsvillkor | AZTEX\" \/>\n<meta property=\"og:description\" content=\"\u00c4garen till n\u00e4tbutiken aztex.ee (nedan kallad n\u00e4tbutiken) \u00e4r Minu Baltic O\u00dc (registreringskod 16809904), bel\u00e4gen i Ida-Viru l\u00e4n...\" \/>\n<meta property=\"og:url\" content=\"https:\/\/aztex.ee\/sv\/forsaljningsvillkor\/\" \/>\n<meta property=\"og:site_name\" content=\"AZTEX\" \/>\n<meta property=\"article:publisher\" content=\"https:\/\/www.facebook.com\/AztexEE\" \/>\n<meta property=\"article:modified_time\" content=\"2024-10-01T20:33:19+00:00\" \/>\n<meta name=\"twitter:card\" content=\"summary_large_image\" \/>\n<meta name=\"twitter:label1\" content=\"Ber\u00e4knad l\u00e4stid\" \/>\n\t<meta name=\"twitter:data1\" content=\"6 minuter\" \/>\n<script type=\"application\/ld+json\" class=\"yoast-schema-graph\">{\"@context\":\"https:\\\/\\\/schema.org\",\"@graph\":[{\"@type\":\"WebPage\",\"@id\":\"https:\\\/\\\/aztex.ee\\\/sv\\\/forsaljningsvillkor\\\/\",\"url\":\"https:\\\/\\\/aztex.ee\\\/sv\\\/forsaljningsvillkor\\\/\",\"name\":\"F\u00f6rs\u00e4ljningsvillkor | AZTEX\",\"isPartOf\":{\"@id\":\"https:\\\/\\\/aztex.ee\\\/sv\\\/#website\"},\"datePublished\":\"2024-08-15T14:36:01+00:00\",\"dateModified\":\"2024-10-01T20:33:19+00:00\",\"description\":\"\u00c4garen till n\u00e4tbutiken aztex.ee (nedan kallad n\u00e4tbutiken) \u00e4r Minu Baltic O\u00dc (registreringskod 16809904), bel\u00e4gen i Ida-Viru l\u00e4n...\",\"breadcrumb\":{\"@id\":\"https:\\\/\\\/aztex.ee\\\/sv\\\/forsaljningsvillkor\\\/#breadcrumb\"},\"inLanguage\":\"sv-SE\",\"potentialAction\":[{\"@type\":\"ReadAction\",\"target\":[\"https:\\\/\\\/aztex.ee\\\/sv\\\/forsaljningsvillkor\\\/\"]}]},{\"@type\":\"BreadcrumbList\",\"@id\":\"https:\\\/\\\/aztex.ee\\\/sv\\\/forsaljningsvillkor\\\/#breadcrumb\",\"itemListElement\":[{\"@type\":\"ListItem\",\"position\":1,\"name\":\"Hem\",\"item\":\"https:\\\/\\\/aztex.ee\\\/sv\\\/\"},{\"@type\":\"ListItem\",\"position\":2,\"name\":\"F\u00f6rs\u00e4ljningsvillkor\"}]},{\"@type\":\"WebSite\",\"@id\":\"https:\\\/\\\/aztex.ee\\\/sv\\\/#website\",\"url\":\"https:\\\/\\\/aztex.ee\\\/sv\\\/\",\"name\":\"AZTEX\",\"description\":\"\",\"publisher\":{\"@id\":\"https:\\\/\\\/aztex.ee\\\/sv\\\/#organization\"},\"potentialAction\":[{\"@type\":\"SearchAction\",\"target\":{\"@type\":\"EntryPoint\",\"urlTemplate\":\"https:\\\/\\\/aztex.ee\\\/sv\\\/?s={search_term_string}\"},\"query-input\":{\"@type\":\"PropertyValueSpecification\",\"valueRequired\":true,\"valueName\":\"search_term_string\"}}],\"inLanguage\":\"sv-SE\"},{\"@type\":\"Organization\",\"@id\":\"https:\\\/\\\/aztex.ee\\\/sv\\\/#organization\",\"name\":\"AZTEX\",\"url\":\"https:\\\/\\\/aztex.ee\\\/sv\\\/\",\"logo\":{\"@type\":\"ImageObject\",\"inLanguage\":\"sv-SE\",\"@id\":\"https:\\\/\\\/aztex.ee\\\/sv\\\/#\\\/schema\\\/logo\\\/image\\\/\",\"url\":\"https:\\\/\\\/aztex.ee\\\/wp-content\\\/uploads\\\/2026\\\/01\\\/AZTEX.png\",\"contentUrl\":\"https:\\\/\\\/aztex.ee\\\/wp-content\\\/uploads\\\/2026\\\/01\\\/AZTEX.png\",\"width\":500,\"height\":500,\"caption\":\"AZTEX\"},\"image\":{\"@id\":\"https:\\\/\\\/aztex.ee\\\/sv\\\/#\\\/schema\\\/logo\\\/image\\\/\"},\"sameAs\":[\"https:\\\/\\\/www.facebook.com\\\/AztexEE\",\"https:\\\/\\\/www.instagram.com\\\/aztexeesti\\\/\",\"https:\\\/\\\/www.youtube.com\\\/@AZTEXEE\",\"https:\\\/\\\/www.pinterest.com\\\/aztex_eesti\\\/\",\"https:\\\/\\\/www.tiktok.com\\\/@aztexeesti\",\"https:\\\/\\\/www.trustpilot.com\\\/review\\\/aztex.ee\",\"https:\\\/\\\/www.linkedin.com\\\/company\\\/aztex-ee\\\/\",\"https:\\\/\\\/www.wikidata.org\\\/wiki\\\/Q137560182\"]}]}<\/script>\n<!-- \/ Yoast SEO plugin. -->","yoast_head_json":{"title":"F\u00f6rs\u00e4ljningsvillkor | AZTEX","description":"\u00c4garen till n\u00e4tbutiken aztex.ee (nedan kallad n\u00e4tbutiken) \u00e4r Minu Baltic O\u00dc (registreringskod 16809904), bel\u00e4gen i Ida-Viru l\u00e4n...","robots":{"index":"index","follow":"follow","max-snippet":"max-snippet:-1","max-image-preview":"max-image-preview:large","max-video-preview":"max-video-preview:-1"},"canonical":"https:\/\/aztex.ee\/sv\/forsaljningsvillkor\/","og_locale":"sv_SE","og_type":"article","og_title":"F\u00f6rs\u00e4ljningsvillkor | AZTEX","og_description":"\u00c4garen till n\u00e4tbutiken aztex.ee (nedan kallad n\u00e4tbutiken) \u00e4r Minu Baltic O\u00dc (registreringskod 16809904), bel\u00e4gen i Ida-Viru l\u00e4n...","og_url":"https:\/\/aztex.ee\/sv\/forsaljningsvillkor\/","og_site_name":"AZTEX","article_publisher":"https:\/\/www.facebook.com\/AztexEE","article_modified_time":"2024-10-01T20:33:19+00:00","twitter_card":"summary_large_image","twitter_misc":{"Ber\u00e4knad l\u00e4stid":"6 minuter"},"schema":{"@context":"https:\/\/schema.org","@graph":[{"@type":"WebPage","@id":"https:\/\/aztex.ee\/sv\/forsaljningsvillkor\/","url":"https:\/\/aztex.ee\/sv\/forsaljningsvillkor\/","name":"F\u00f6rs\u00e4ljningsvillkor | AZTEX","isPartOf":{"@id":"https:\/\/aztex.ee\/sv\/#website"},"datePublished":"2024-08-15T14:36:01+00:00","dateModified":"2024-10-01T20:33:19+00:00","description":"\u00c4garen till n\u00e4tbutiken aztex.ee (nedan kallad n\u00e4tbutiken) \u00e4r Minu Baltic O\u00dc (registreringskod 16809904), bel\u00e4gen i Ida-Viru l\u00e4n...","breadcrumb":{"@id":"https:\/\/aztex.ee\/sv\/forsaljningsvillkor\/#breadcrumb"},"inLanguage":"sv-SE","potentialAction":[{"@type":"ReadAction","target":["https:\/\/aztex.ee\/sv\/forsaljningsvillkor\/"]}]},{"@type":"BreadcrumbList","@id":"https:\/\/aztex.ee\/sv\/forsaljningsvillkor\/#breadcrumb","itemListElement":[{"@type":"ListItem","position":1,"name":"Hem","item":"https:\/\/aztex.ee\/sv\/"},{"@type":"ListItem","position":2,"name":"F\u00f6rs\u00e4ljningsvillkor"}]},{"@type":"WebSite","@id":"https:\/\/aztex.ee\/sv\/#website","url":"https:\/\/aztex.ee\/sv\/","name":"AZTEX","description":"","publisher":{"@id":"https:\/\/aztex.ee\/sv\/#organization"},"potentialAction":[{"@type":"SearchAction","target":{"@type":"EntryPoint","urlTemplate":"https:\/\/aztex.ee\/sv\/?s={search_term_string}"},"query-input":{"@type":"PropertyValueSpecification","valueRequired":true,"valueName":"search_term_string"}}],"inLanguage":"sv-SE"},{"@type":"Organization","@id":"https:\/\/aztex.ee\/sv\/#organization","name":"AZTEX","url":"https:\/\/aztex.ee\/sv\/","logo":{"@type":"ImageObject","inLanguage":"sv-SE","@id":"https:\/\/aztex.ee\/sv\/#\/schema\/logo\/image\/","url":"https:\/\/aztex.ee\/wp-content\/uploads\/2026\/01\/AZTEX.png","contentUrl":"https:\/\/aztex.ee\/wp-content\/uploads\/2026\/01\/AZTEX.png","width":500,"height":500,"caption":"AZTEX"},"image":{"@id":"https:\/\/aztex.ee\/sv\/#\/schema\/logo\/image\/"},"sameAs":["https:\/\/www.facebook.com\/AztexEE","https:\/\/www.instagram.com\/aztexeesti\/","https:\/\/www.youtube.com\/@AZTEXEE","https:\/\/www.pinterest.com\/aztex_eesti\/","https:\/\/www.tiktok.com\/@aztexeesti","https:\/\/www.trustpilot.com\/review\/aztex.ee","https:\/\/www.linkedin.com\/company\/aztex-ee\/","https:\/\/www.wikidata.org\/wiki\/Q137560182"]}]}},"_links":{"self":[{"href":"https:\/\/aztex.ee\/sv\/wp-json\/wp\/v2\/pages\/18941","targetHints":{"allow":["GET"]}}],"collection":[{"href":"https:\/\/aztex.ee\/sv\/wp-json\/wp\/v2\/pages"}],"about":[{"href":"https:\/\/aztex.ee\/sv\/wp-json\/wp\/v2\/types\/page"}],"author":[{"embeddable":true,"href":"https:\/\/aztex.ee\/sv\/wp-json\/wp\/v2\/users\/1"}],"replies":[{"embeddable":true,"href":"https:\/\/aztex.ee\/sv\/wp-json\/wp\/v2\/comments?post=18941"}],"version-history":[{"count":0,"href":"https:\/\/aztex.ee\/sv\/wp-json\/wp\/v2\/pages\/18941\/revisions"}],"wp:attachment":[{"href":"https:\/\/aztex.ee\/sv\/wp-json\/wp\/v2\/media?parent=18941"}],"curies":[{"name":"wp","href":"https:\/\/api.w.org\/{rel}","templated":true}]}}