{"id":107182,"date":"2026-03-16T07:17:40","date_gmt":"2026-03-16T07:17:40","guid":{"rendered":"https:\/\/aztex.ee\/meist\/"},"modified":"2026-03-16T11:44:56","modified_gmt":"2026-03-16T11:44:56","slug":"om-aztex","status":"publish","type":"page","link":"https:\/\/aztex.ee\/sv\/om-aztex\/","title":{"rendered":"Om AZTEX"},"content":{"rendered":"\n<p class=\"wp-block-wd-paragraph wd-2f12fa74\"><strong>AZTEX<\/strong> \u00e4r ett internationellt <strong>varum\u00e4rke inom hemtextil<\/strong> som erbjuder s\u00e4ngkl\u00e4der och textilprodukter av h\u00f6g kvalitet till kunder \u00f6ver hela v\u00e4rlden. Varum\u00e4rket drivs under <strong>AZTEX Eesti O\u00dc<\/strong>, som \u00e4r ett dotterbolag till <strong>Minu Baltic O\u00dc<\/strong>. AZTEX grundades av entrepren\u00f6ren <strong>Farid Ismayilov<\/strong>.<\/p>\n\n\n\n<p class=\"wp-block-wd-paragraph wd-abaee59f\">V\u00e5rt m\u00e5l \u00e4r att leverera p\u00e5litliga hemtextilier av h\u00f6g kvalitet som hj\u00e4lper till att skapa en <strong>bekv\u00e4m och h\u00e4lsosam hemmilj\u00f6<\/strong>. Vi tror att en god natts s\u00f6mn och ett hemtrevligt hus b\u00f6rjar med f\u00f6rstklassiga material och omsorgsfullt utvalda produkter.<\/p>\n\n\n\n<p class=\"wp-block-wd-paragraph wd-a1aefc4b\">Idag s\u00e4ljer AZTEX sina produkter i <strong>mer \u00e4n 35 l\u00e4nder<\/strong> v\u00e4rlden \u00f6ver, inklusive: <strong>Sverige, Estland, Danmark, Norge, Finland, Polen, Tjeckien, Ungern, Nederl\u00e4nderna, Slovakien, Tyskland, \u00d6sterrike, Schweiz, Island, F\u00e4r\u00f6arna, Lettland, Litauen, Kosovo, Bulgarien, Rum\u00e4nien, Frankrike, Storbritannien, Slovenien, Nordmakedonien, Kroatien, Italien, Spanien, Bosnien och Hercegovina, Serbien, Montenegro, Grekland, Albanien, Malta, Portugal, Irland, USA, Kanada och Mexiko.<\/strong><\/p>\n\n\n\n<p class=\"wp-block-wd-paragraph wd-056fbd65\">AZTEX fokuserar p\u00e5 kvalitet, komfort och naturmaterial. V\u00e5rt sortiment inneh\u00e5ller noggrant utvalda textilier som <strong>bomull, linne, bambu, Tencel (Lyocell), hampa och silke.<\/strong> Dessa material \u00e4r ventilerande, hudv\u00e4nliga och slitstarka, vilket s\u00e4kerst\u00e4ller en bekv\u00e4m s\u00f6mnupplevelse av h\u00f6gsta kvalitet.<\/p>\n\n\n\n<p class=\"wp-block-wd-paragraph wd-12743c38\">F\u00f6r oss \u00e4r det avg\u00f6rande att hemtextilier inte bara \u00e4r praktiska, utan \u00e4ven estetiska och l\u00e5nglivade. D\u00e4rf\u00f6r l\u00e4gger vi stor vikt vid b\u00e5de materialens kvalitet och produkternas design.<\/p>\n\n\n\n<h3 class=\"wp-block-wd-title title wd-f9db0ce3\"><strong>Varf\u00f6r litar kunderna p\u00e5 oss?<\/strong><\/h3>\n\n\n\n<p class=\"wp-block-wd-paragraph wd-8893345a\"><strong>Material av h\u00f6g kvalitet<\/strong> Vi v\u00e4ljer ut v\u00e5ra produkter med stor omsorg f\u00f6r att garantera deras h\u00e5llbarhet och komfort.<\/p>\n\n\n\n<p class=\"wp-block-wd-paragraph wd-f1a6d3bb\"><strong>Internationell erfarenhet<\/strong> Vi servar kunder \u00f6ver hela v\u00e4rlden och erbjuder kundtj\u00e4nst p\u00e5 <strong>19 olika spr\u00e5k<\/strong>.<\/p>\n\n\n\n<p class=\"wp-block-wd-paragraph wd-0fe5d596\"><strong>Kundn\u00f6jdhet<\/strong> V\u00e5rt betyg p\u00e5 <strong><a href=\"https:\/\/www.trustpilot.com\/review\/aztex.ee\" type=\"link\" id=\"https:\/\/www.trustpilot.com\/review\/aztex.ee\" target=\"_blank\" rel=\"noreferrer noopener\">4.8 \/ 5 p\u00e5 Trustpilot<\/a><\/strong> visar att v\u00e5ra kunder uppskattar kvaliteten p\u00e5 v\u00e5ra produkter och v\u00e5r service.<\/p>\n\n\n\n<p class=\"wp-block-wd-paragraph wd-92a84ac7\">Tack f\u00f6r att du v\u00e4ljer <strong>AZTEX<\/strong> till ditt hem. V\u00e5r mission \u00e4r att erbjuda ett p\u00e5litligt och kvalitativt val i v\u00e4rlden av hemtextilier.<\/p>\n","protected":false},"excerpt":{"rendered":"","protected":false},"author":1,"featured_media":0,"parent":0,"menu_order":0,"comment_status":"closed","ping_status":"closed","template":"","meta":{"footnotes":""},"class_list":["post-107182","page","type-page","status-publish","hentry"],"yoast_head":"<!-- This site is optimized with the Yoast SEO plugin v27.6 - https:\/\/yoast.com\/product\/yoast-seo-wordpress\/ -->\n<title>Om AZTEX | Kvalitativa hemtextilier och s\u00e4ngkl\u00e4der<\/title>\n<meta name=\"description\" content=\"AZTEX \u00e4r ett internationellt varum\u00e4rke inom hemtextil som erbjuder s\u00e4ngkl\u00e4der och textilprodukter av h\u00f6g kvalitet till kunder \u00f6ver hela v\u00e4rlden. Varum\u00e4rket drivs under AZTEX Eesti O\u00dc, som \u00e4r ett dotterbolag till Minu Baltic O\u00dc. AZTEX grundades av entrepren\u00f6ren Farid Ismayilov.\" \/>\n<meta name=\"robots\" content=\"index, follow, max-snippet:-1, max-image-preview:large, max-video-preview:-1\" \/>\n<link rel=\"canonical\" href=\"https:\/\/aztex.ee\/sv\/om-aztex\/\" \/>\n<meta property=\"og:locale\" content=\"sv_SE\" \/>\n<meta property=\"og:type\" content=\"article\" \/>\n<meta property=\"og:title\" content=\"Om AZTEX | Kvalitativa hemtextilier och s\u00e4ngkl\u00e4der\" \/>\n<meta property=\"og:description\" content=\"AZTEX \u00e4r ett internationellt varum\u00e4rke inom hemtextil som erbjuder s\u00e4ngkl\u00e4der och textilprodukter av h\u00f6g kvalitet till kunder \u00f6ver hela v\u00e4rlden. Varum\u00e4rket drivs under AZTEX Eesti O\u00dc, som \u00e4r ett dotterbolag till Minu Baltic O\u00dc. AZTEX grundades av entrepren\u00f6ren Farid Ismayilov.\" \/>\n<meta property=\"og:url\" content=\"https:\/\/aztex.ee\/sv\/om-aztex\/\" \/>\n<meta property=\"og:site_name\" content=\"AZTEX\" \/>\n<meta property=\"article:publisher\" content=\"https:\/\/www.facebook.com\/AztexEE\" \/>\n<meta property=\"article:modified_time\" content=\"2026-03-16T11:44:56+00:00\" \/>\n<meta name=\"twitter:card\" content=\"summary_large_image\" \/>\n<meta name=\"twitter:label1\" content=\"Ber\u00e4knad l\u00e4stid\" \/>\n\t<meta name=\"twitter:data1\" content=\"2 minuter\" \/>\n<script type=\"application\/ld+json\" class=\"yoast-schema-graph\">{\"@context\":\"https:\\\/\\\/schema.org\",\"@graph\":[{\"@type\":\"WebPage\",\"@id\":\"https:\\\/\\\/aztex.ee\\\/sv\\\/om-aztex\\\/\",\"url\":\"https:\\\/\\\/aztex.ee\\\/sv\\\/om-aztex\\\/\",\"name\":\"Om AZTEX | Kvalitativa hemtextilier och s\u00e4ngkl\u00e4der\",\"isPartOf\":{\"@id\":\"https:\\\/\\\/aztex.ee\\\/sv\\\/#website\"},\"datePublished\":\"2026-03-16T07:17:40+00:00\",\"dateModified\":\"2026-03-16T11:44:56+00:00\",\"description\":\"AZTEX \u00e4r ett internationellt varum\u00e4rke inom hemtextil som erbjuder s\u00e4ngkl\u00e4der och textilprodukter av h\u00f6g kvalitet till kunder \u00f6ver hela v\u00e4rlden. Varum\u00e4rket drivs under AZTEX Eesti O\u00dc, som \u00e4r ett dotterbolag till Minu Baltic O\u00dc. AZTEX grundades av entrepren\u00f6ren Farid Ismayilov.\",\"breadcrumb\":{\"@id\":\"https:\\\/\\\/aztex.ee\\\/sv\\\/om-aztex\\\/#breadcrumb\"},\"inLanguage\":\"sv-SE\",\"potentialAction\":[{\"@type\":\"ReadAction\",\"target\":[\"https:\\\/\\\/aztex.ee\\\/sv\\\/om-aztex\\\/\"]}]},{\"@type\":\"BreadcrumbList\",\"@id\":\"https:\\\/\\\/aztex.ee\\\/sv\\\/om-aztex\\\/#breadcrumb\",\"itemListElement\":[{\"@type\":\"ListItem\",\"position\":1,\"name\":\"Hem\",\"item\":\"https:\\\/\\\/aztex.ee\\\/sv\\\/\"},{\"@type\":\"ListItem\",\"position\":2,\"name\":\"Om AZTEX\"}]},{\"@type\":\"WebSite\",\"@id\":\"https:\\\/\\\/aztex.ee\\\/sv\\\/#website\",\"url\":\"https:\\\/\\\/aztex.ee\\\/sv\\\/\",\"name\":\"AZTEX\",\"description\":\"\",\"publisher\":{\"@id\":\"https:\\\/\\\/aztex.ee\\\/sv\\\/#organization\"},\"potentialAction\":[{\"@type\":\"SearchAction\",\"target\":{\"@type\":\"EntryPoint\",\"urlTemplate\":\"https:\\\/\\\/aztex.ee\\\/sv\\\/?s={search_term_string}\"},\"query-input\":{\"@type\":\"PropertyValueSpecification\",\"valueRequired\":true,\"valueName\":\"search_term_string\"}}],\"inLanguage\":\"sv-SE\"},{\"@type\":\"Organization\",\"@id\":\"https:\\\/\\\/aztex.ee\\\/sv\\\/#organization\",\"name\":\"AZTEX\",\"url\":\"https:\\\/\\\/aztex.ee\\\/sv\\\/\",\"logo\":{\"@type\":\"ImageObject\",\"inLanguage\":\"sv-SE\",\"@id\":\"https:\\\/\\\/aztex.ee\\\/sv\\\/#\\\/schema\\\/logo\\\/image\\\/\",\"url\":\"https:\\\/\\\/aztex.ee\\\/wp-content\\\/uploads\\\/2026\\\/01\\\/AZTEX.png\",\"contentUrl\":\"https:\\\/\\\/aztex.ee\\\/wp-content\\\/uploads\\\/2026\\\/01\\\/AZTEX.png\",\"width\":500,\"height\":500,\"caption\":\"AZTEX\"},\"image\":{\"@id\":\"https:\\\/\\\/aztex.ee\\\/sv\\\/#\\\/schema\\\/logo\\\/image\\\/\"},\"sameAs\":[\"https:\\\/\\\/www.facebook.com\\\/AztexEE\",\"https:\\\/\\\/www.instagram.com\\\/aztexeesti\\\/\",\"https:\\\/\\\/www.youtube.com\\\/@AZTEXEE\",\"https:\\\/\\\/www.pinterest.com\\\/aztex_eesti\\\/\",\"https:\\\/\\\/www.tiktok.com\\\/@aztexeesti\",\"https:\\\/\\\/www.trustpilot.com\\\/review\\\/aztex.ee\",\"https:\\\/\\\/www.linkedin.com\\\/company\\\/aztex-ee\\\/\",\"https:\\\/\\\/www.wikidata.org\\\/wiki\\\/Q137560182\"]}]}<\/script>\n<!-- \/ Yoast SEO plugin. -->","yoast_head_json":{"title":"Om AZTEX | Kvalitativa hemtextilier och s\u00e4ngkl\u00e4der","description":"AZTEX \u00e4r ett internationellt varum\u00e4rke inom hemtextil som erbjuder s\u00e4ngkl\u00e4der och textilprodukter av h\u00f6g kvalitet till kunder \u00f6ver hela v\u00e4rlden. Varum\u00e4rket drivs under AZTEX Eesti O\u00dc, som \u00e4r ett dotterbolag till Minu Baltic O\u00dc. AZTEX grundades av entrepren\u00f6ren Farid Ismayilov.","robots":{"index":"index","follow":"follow","max-snippet":"max-snippet:-1","max-image-preview":"max-image-preview:large","max-video-preview":"max-video-preview:-1"},"canonical":"https:\/\/aztex.ee\/sv\/om-aztex\/","og_locale":"sv_SE","og_type":"article","og_title":"Om AZTEX | Kvalitativa hemtextilier och s\u00e4ngkl\u00e4der","og_description":"AZTEX \u00e4r ett internationellt varum\u00e4rke inom hemtextil som erbjuder s\u00e4ngkl\u00e4der och textilprodukter av h\u00f6g kvalitet till kunder \u00f6ver hela v\u00e4rlden. Varum\u00e4rket drivs under AZTEX Eesti O\u00dc, som \u00e4r ett dotterbolag till Minu Baltic O\u00dc. AZTEX grundades av entrepren\u00f6ren Farid Ismayilov.","og_url":"https:\/\/aztex.ee\/sv\/om-aztex\/","og_site_name":"AZTEX","article_publisher":"https:\/\/www.facebook.com\/AztexEE","article_modified_time":"2026-03-16T11:44:56+00:00","twitter_card":"summary_large_image","twitter_misc":{"Ber\u00e4knad l\u00e4stid":"2 minuter"},"schema":{"@context":"https:\/\/schema.org","@graph":[{"@type":"WebPage","@id":"https:\/\/aztex.ee\/sv\/om-aztex\/","url":"https:\/\/aztex.ee\/sv\/om-aztex\/","name":"Om AZTEX | Kvalitativa hemtextilier och s\u00e4ngkl\u00e4der","isPartOf":{"@id":"https:\/\/aztex.ee\/sv\/#website"},"datePublished":"2026-03-16T07:17:40+00:00","dateModified":"2026-03-16T11:44:56+00:00","description":"AZTEX \u00e4r ett internationellt varum\u00e4rke inom hemtextil som erbjuder s\u00e4ngkl\u00e4der och textilprodukter av h\u00f6g kvalitet till kunder \u00f6ver hela v\u00e4rlden. Varum\u00e4rket drivs under AZTEX Eesti O\u00dc, som \u00e4r ett dotterbolag till Minu Baltic O\u00dc. AZTEX grundades av entrepren\u00f6ren Farid Ismayilov.","breadcrumb":{"@id":"https:\/\/aztex.ee\/sv\/om-aztex\/#breadcrumb"},"inLanguage":"sv-SE","potentialAction":[{"@type":"ReadAction","target":["https:\/\/aztex.ee\/sv\/om-aztex\/"]}]},{"@type":"BreadcrumbList","@id":"https:\/\/aztex.ee\/sv\/om-aztex\/#breadcrumb","itemListElement":[{"@type":"ListItem","position":1,"name":"Hem","item":"https:\/\/aztex.ee\/sv\/"},{"@type":"ListItem","position":2,"name":"Om AZTEX"}]},{"@type":"WebSite","@id":"https:\/\/aztex.ee\/sv\/#website","url":"https:\/\/aztex.ee\/sv\/","name":"AZTEX","description":"","publisher":{"@id":"https:\/\/aztex.ee\/sv\/#organization"},"potentialAction":[{"@type":"SearchAction","target":{"@type":"EntryPoint","urlTemplate":"https:\/\/aztex.ee\/sv\/?s={search_term_string}"},"query-input":{"@type":"PropertyValueSpecification","valueRequired":true,"valueName":"search_term_string"}}],"inLanguage":"sv-SE"},{"@type":"Organization","@id":"https:\/\/aztex.ee\/sv\/#organization","name":"AZTEX","url":"https:\/\/aztex.ee\/sv\/","logo":{"@type":"ImageObject","inLanguage":"sv-SE","@id":"https:\/\/aztex.ee\/sv\/#\/schema\/logo\/image\/","url":"https:\/\/aztex.ee\/wp-content\/uploads\/2026\/01\/AZTEX.png","contentUrl":"https:\/\/aztex.ee\/wp-content\/uploads\/2026\/01\/AZTEX.png","width":500,"height":500,"caption":"AZTEX"},"image":{"@id":"https:\/\/aztex.ee\/sv\/#\/schema\/logo\/image\/"},"sameAs":["https:\/\/www.facebook.com\/AztexEE","https:\/\/www.instagram.com\/aztexeesti\/","https:\/\/www.youtube.com\/@AZTEXEE","https:\/\/www.pinterest.com\/aztex_eesti\/","https:\/\/www.tiktok.com\/@aztexeesti","https:\/\/www.trustpilot.com\/review\/aztex.ee","https:\/\/www.linkedin.com\/company\/aztex-ee\/","https:\/\/www.wikidata.org\/wiki\/Q137560182"]}]}},"_links":{"self":[{"href":"https:\/\/aztex.ee\/sv\/wp-json\/wp\/v2\/pages\/107182","targetHints":{"allow":["GET"]}}],"collection":[{"href":"https:\/\/aztex.ee\/sv\/wp-json\/wp\/v2\/pages"}],"about":[{"href":"https:\/\/aztex.ee\/sv\/wp-json\/wp\/v2\/types\/page"}],"author":[{"embeddable":true,"href":"https:\/\/aztex.ee\/sv\/wp-json\/wp\/v2\/users\/1"}],"replies":[{"embeddable":true,"href":"https:\/\/aztex.ee\/sv\/wp-json\/wp\/v2\/comments?post=107182"}],"version-history":[{"count":4,"href":"https:\/\/aztex.ee\/sv\/wp-json\/wp\/v2\/pages\/107182\/revisions"}],"predecessor-version":[{"id":107239,"href":"https:\/\/aztex.ee\/sv\/wp-json\/wp\/v2\/pages\/107182\/revisions\/107239"}],"wp:attachment":[{"href":"https:\/\/aztex.ee\/sv\/wp-json\/wp\/v2\/media?parent=107182"}],"curies":[{"name":"wp","href":"https:\/\/api.w.org\/{rel}","templated":true}]}}