{"id":98888,"date":"2026-01-13T10:11:26","date_gmt":"2026-01-13T10:11:26","guid":{"rendered":"https:\/\/aztex.ee\/?post_type=product&#038;p=98888"},"modified":"2026-01-13T11:17:12","modified_gmt":"2026-01-13T11:17:12","slug":"konopna-postelna-plachta-biela","status":"publish","type":"product","link":"https:\/\/aztex.ee\/sk\/pood\/konopne-prestieradla\/konopna-postelna-plachta-biela\/","title":{"rendered":"Konopn\u00e1 poste\u013en\u00e1 plachta | Biela"},"content":{"rendered":"<p>Konopn\u00e1 poste\u013en\u00e1 plachta je perfektnou vo\u013ebou, ktor\u00e1 sp\u00e1ja praktickos\u0165, odolnos\u0165 a \u0161t\u00fdl v ka\u017edej sp\u00e1lni. Prirodzen\u00e1 text\u00fara a neutr\u00e1lna farba konopnej l\u00e1tky vytv\u00e1raj\u00fa elegantn\u00fa a rustik\u00e1lnu atmosf\u00e9ru, ktor\u00e1 dop\u013a\u0148a r\u00f4zne \u0161t\u00fdly interi\u00e9ru. Konopn\u00e1 poste\u013en\u00e1 plachta je okrem pohodlia aj antialergick\u00e1 a antibakteri\u00e1lna a pon\u00faka priedu\u0161n\u00fd a zdrav\u00fd sp\u00e1nok po cel\u00fa noc.<\/p>\n<p>Konopn\u00e1 poste\u013en\u00e1 bielize\u0148 je nen\u00e1ro\u010dn\u00e1 na \u00fadr\u017ebu \u2013 mo\u017eno ju pra\u0165 v pr\u00e1\u010dke a zachov\u00e1va si svoju kvalitu aj po mnoh\u00fdch praniach. Konopn\u00e9 vl\u00e1kna r\u00fdchlo schn\u00fa, \u010do je ide\u00e1lna vlastnos\u0165 pre t\u00fdch, ktor\u00ed oce\u0148uj\u00fa praktickos\u0165 a pohodlie. Okrem toho je konope materi\u00e1l \u0161etrn\u00fd k \u017eivotn\u00e9mu prostrediu, preto\u017ee jeho pestovanie je \u0161etrn\u00e9 k \u017eivotn\u00e9mu prostrediu a trvalo udr\u017eate\u013en\u00e9, v\u010faka \u010domu je konopn\u00e1 poste\u013en\u00e1 bielize\u0148 vo\u013ebou \u0161etrnou k \u017eivotn\u00e9mu prostrediu a pr\u00edrode.<\/p>\n","protected":false},"excerpt":{"rendered":"<p>Konopn\u00e1 poste\u013en\u00e1 plachta zo 100% konope je hypoalerg\u00e9nna a antibakteri\u00e1lna.<\/p>\n<ul>\n<li>Farba: Biela<\/li>\n<li>Materi\u00e1l: 100% Konop\u00ed, 180 g\/m2<\/li>\n<li>Ve\u013ekos\u0165: 220\u00d7240 cm<\/li>\n<\/ul>\n<p><img loading=\"lazy\" decoding=\"async\" class=\"alignnone size-full wp-image-20226\" src=\"https:\/\/aztex.ee\/wp-content\/uploads\/2024\/09\/oekotex100.png\" alt=\"\" width=\"204\" height=\"72\" srcset=\"https:\/\/aztex.ee\/wp-content\/uploads\/2024\/09\/oekotex100.png 204w, https:\/\/aztex.ee\/wp-content\/uploads\/2024\/09\/oekotex100-150x53.png 150w\" sizes=\"auto, (max-width: 204px) 100vw, 204px\" \/><img loading=\"lazy\" decoding=\"async\" class=\"alignnone wp-image-20896\" src=\"https:\/\/aztex.ee\/wp-content\/uploads\/2024\/09\/NATURALHEMP.png\" alt=\"\" width=\"79\" height=\"79\" srcset=\"https:\/\/aztex.ee\/wp-content\/uploads\/2024\/09\/NATURALHEMP.png 300w, https:\/\/aztex.ee\/wp-content\/uploads\/2024\/09\/NATURALHEMP-150x150.png 150w\" sizes=\"auto, (max-width: 79px) 100vw, 79px\" \/><\/p>\n","protected":false},"featured_media":98909,"comment_status":"open","ping_status":"closed","template":"","meta":[],"product_brand":[],"product_cat":[645,1807],"product_tag":[],"class_list":{"0":"post-98888","1":"product","2":"type-product","3":"status-publish","4":"has-post-thumbnail","6":"product_cat-konopne-prestieradla","7":"product_cat-plachty-na-postel","9":"first","10":"instock","11":"shipping-taxable","12":"purchasable","13":"product-type-simple"},"yoast_head":"<!-- This site is optimized with the Yoast SEO plugin v27.4 - https:\/\/yoast.com\/product\/yoast-seo-wordpress\/ -->\n<title>Pr\u00edrodn\u00e1 konopn\u00e1 plachta - Biela | AZTEX<\/title>\n<meta name=\"description\" content=\"Pr\u00e9miov\u00e1 biela konopn\u00e1 poste\u013en\u00e1 plachta vyroben\u00e1 zo 100% pr\u00edrodnej konopnej tkaniny. V\u00fdnimo\u010dne priedu\u0161n\u00e1, antibakteri\u00e1lna a dlhotrvaj\u00faca, poskytuje chladn\u00fd, svie\u017ei a luxusn\u00fd sp\u00e1nok.\" \/>\n<meta name=\"robots\" content=\"index, follow, max-snippet:-1, max-image-preview:large, max-video-preview:-1\" \/>\n<link rel=\"canonical\" href=\"https:\/\/aztex.ee\/sk\/pood\/konopne-prestieradla\/konopna-postelna-plachta-biela\/\" \/>\n<meta property=\"og:locale\" content=\"sk_SK\" \/>\n<meta property=\"og:type\" content=\"article\" \/>\n<meta property=\"og:title\" content=\"Pr\u00edrodn\u00e1 konopn\u00e1 plachta - Biela | AZTEX\" \/>\n<meta property=\"og:description\" content=\"Pr\u00e9miov\u00e1 biela konopn\u00e1 poste\u013en\u00e1 plachta vyroben\u00e1 zo 100% pr\u00edrodnej konopnej tkaniny. V\u00fdnimo\u010dne priedu\u0161n\u00e1, antibakteri\u00e1lna a dlhotrvaj\u00faca, poskytuje chladn\u00fd, svie\u017ei a luxusn\u00fd sp\u00e1nok.\" \/>\n<meta property=\"og:url\" content=\"https:\/\/aztex.ee\/sk\/pood\/konopne-prestieradla\/konopna-postelna-plachta-biela\/\" \/>\n<meta property=\"og:site_name\" content=\"AZTEX\" \/>\n<meta property=\"article:publisher\" content=\"https:\/\/www.facebook.com\/AztexEE\" \/>\n<meta property=\"article:modified_time\" content=\"2026-01-13T11:17:12+00:00\" \/>\n<meta property=\"og:image\" content=\"https:\/\/aztex.ee\/wp-content\/uploads\/2026\/01\/Kanepist-voodilina-Valge.jpg\" \/>\n\t<meta property=\"og:image:width\" content=\"800\" \/>\n\t<meta property=\"og:image:height\" content=\"800\" \/>\n\t<meta property=\"og:image:type\" content=\"image\/jpeg\" \/>\n<meta name=\"twitter:card\" content=\"summary_large_image\" \/>\n<meta name=\"twitter:label1\" content=\"Predpokladan\u00fd \u010das \u010d\u00edtania\" \/>\n\t<meta name=\"twitter:data1\" content=\"1 min\u00fata\" \/>\n<script type=\"application\/ld+json\" class=\"yoast-schema-graph\">{\"@context\":\"https:\\\/\\\/schema.org\",\"@graph\":[{\"@type\":[\"WebPage\",\"ItemPage\"],\"@id\":\"https:\\\/\\\/aztex.ee\\\/sk\\\/pood\\\/konopne-prestieradla\\\/konopna-postelna-plachta-biela\\\/\",\"url\":\"https:\\\/\\\/aztex.ee\\\/sk\\\/pood\\\/konopne-prestieradla\\\/konopna-postelna-plachta-biela\\\/\",\"name\":\"Pr\u00edrodn\u00e1 konopn\u00e1 plachta - Biela | AZTEX\",\"isPartOf\":{\"@id\":\"https:\\\/\\\/aztex.ee\\\/sk\\\/#website\"},\"primaryImageOfPage\":{\"@id\":\"https:\\\/\\\/aztex.ee\\\/sk\\\/pood\\\/konopne-prestieradla\\\/konopna-postelna-plachta-biela\\\/#primaryimage\"},\"image\":{\"@id\":\"https:\\\/\\\/aztex.ee\\\/sk\\\/pood\\\/konopne-prestieradla\\\/konopna-postelna-plachta-biela\\\/#primaryimage\"},\"thumbnailUrl\":\"https:\\\/\\\/aztex.ee\\\/wp-content\\\/uploads\\\/2026\\\/01\\\/Kanepist-voodilina-Valge.jpg\",\"datePublished\":\"2026-01-13T10:11:26+00:00\",\"dateModified\":\"2026-01-13T11:17:12+00:00\",\"description\":\"Pr\u00e9miov\u00e1 biela konopn\u00e1 poste\u013en\u00e1 plachta vyroben\u00e1 zo 100% pr\u00edrodnej konopnej tkaniny. V\u00fdnimo\u010dne priedu\u0161n\u00e1, antibakteri\u00e1lna a dlhotrvaj\u00faca, poskytuje chladn\u00fd, svie\u017ei a luxusn\u00fd sp\u00e1nok.\",\"breadcrumb\":{\"@id\":\"https:\\\/\\\/aztex.ee\\\/sk\\\/pood\\\/konopne-prestieradla\\\/konopna-postelna-plachta-biela\\\/#breadcrumb\"},\"inLanguage\":\"sk-SK\",\"potentialAction\":[{\"@type\":\"ReadAction\",\"target\":[\"https:\\\/\\\/aztex.ee\\\/sk\\\/pood\\\/konopne-prestieradla\\\/konopna-postelna-plachta-biela\\\/\"]}]},{\"@type\":\"ImageObject\",\"inLanguage\":\"sk-SK\",\"@id\":\"https:\\\/\\\/aztex.ee\\\/sk\\\/pood\\\/konopne-prestieradla\\\/konopna-postelna-plachta-biela\\\/#primaryimage\",\"url\":\"https:\\\/\\\/aztex.ee\\\/wp-content\\\/uploads\\\/2026\\\/01\\\/Kanepist-voodilina-Valge.jpg\",\"contentUrl\":\"https:\\\/\\\/aztex.ee\\\/wp-content\\\/uploads\\\/2026\\\/01\\\/Kanepist-voodilina-Valge.jpg\",\"width\":800,\"height\":800,\"caption\":\"Kanepist voodilina Valge\"},{\"@type\":\"BreadcrumbList\",\"@id\":\"https:\\\/\\\/aztex.ee\\\/sk\\\/pood\\\/konopne-prestieradla\\\/konopna-postelna-plachta-biela\\\/#breadcrumb\",\"itemListElement\":[{\"@type\":\"ListItem\",\"position\":1,\"name\":\"Domov\",\"item\":\"https:\\\/\\\/aztex.ee\\\/sk\\\/\"},{\"@type\":\"ListItem\",\"position\":2,\"name\":\"Obchod\",\"item\":\"https:\\\/\\\/aztex.ee\\\/sk\\\/obchod\\\/\"},{\"@type\":\"ListItem\",\"position\":3,\"name\":\"Konopn\u00e1 poste\u013en\u00e1 plachta | Biela\"}]},{\"@type\":\"WebSite\",\"@id\":\"https:\\\/\\\/aztex.ee\\\/sk\\\/#website\",\"url\":\"https:\\\/\\\/aztex.ee\\\/sk\\\/\",\"name\":\"AZTEX\",\"description\":\"\",\"publisher\":{\"@id\":\"https:\\\/\\\/aztex.ee\\\/sk\\\/#organization\"},\"potentialAction\":[{\"@type\":\"SearchAction\",\"target\":{\"@type\":\"EntryPoint\",\"urlTemplate\":\"https:\\\/\\\/aztex.ee\\\/sk\\\/?s={search_term_string}\"},\"query-input\":{\"@type\":\"PropertyValueSpecification\",\"valueRequired\":true,\"valueName\":\"search_term_string\"}}],\"inLanguage\":\"sk-SK\"},{\"@type\":\"Organization\",\"@id\":\"https:\\\/\\\/aztex.ee\\\/sk\\\/#organization\",\"name\":\"AZTEX\",\"url\":\"https:\\\/\\\/aztex.ee\\\/sk\\\/\",\"logo\":{\"@type\":\"ImageObject\",\"inLanguage\":\"sk-SK\",\"@id\":\"https:\\\/\\\/aztex.ee\\\/sk\\\/#\\\/schema\\\/logo\\\/image\\\/\",\"url\":\"https:\\\/\\\/aztex.ee\\\/wp-content\\\/uploads\\\/2026\\\/01\\\/AZTEX.png\",\"contentUrl\":\"https:\\\/\\\/aztex.ee\\\/wp-content\\\/uploads\\\/2026\\\/01\\\/AZTEX.png\",\"width\":500,\"height\":500,\"caption\":\"AZTEX\"},\"image\":{\"@id\":\"https:\\\/\\\/aztex.ee\\\/sk\\\/#\\\/schema\\\/logo\\\/image\\\/\"},\"sameAs\":[\"https:\\\/\\\/www.facebook.com\\\/AztexEE\",\"https:\\\/\\\/www.instagram.com\\\/aztexeesti\\\/\",\"https:\\\/\\\/www.youtube.com\\\/@AZTEXEE\",\"https:\\\/\\\/www.pinterest.com\\\/aztex_eesti\\\/\",\"https:\\\/\\\/www.tiktok.com\\\/@aztexeesti\",\"https:\\\/\\\/www.trustpilot.com\\\/review\\\/aztex.ee\",\"https:\\\/\\\/www.linkedin.com\\\/company\\\/aztex-ee\\\/\",\"https:\\\/\\\/www.wikidata.org\\\/wiki\\\/Q137560182\"]}]}<\/script>\n<!-- \/ Yoast SEO plugin. -->","yoast_head_json":{"title":"Pr\u00edrodn\u00e1 konopn\u00e1 plachta - Biela | AZTEX","description":"Pr\u00e9miov\u00e1 biela konopn\u00e1 poste\u013en\u00e1 plachta vyroben\u00e1 zo 100% pr\u00edrodnej konopnej tkaniny. V\u00fdnimo\u010dne priedu\u0161n\u00e1, antibakteri\u00e1lna a dlhotrvaj\u00faca, poskytuje chladn\u00fd, svie\u017ei a luxusn\u00fd sp\u00e1nok.","robots":{"index":"index","follow":"follow","max-snippet":"max-snippet:-1","max-image-preview":"max-image-preview:large","max-video-preview":"max-video-preview:-1"},"canonical":"https:\/\/aztex.ee\/sk\/pood\/konopne-prestieradla\/konopna-postelna-plachta-biela\/","og_locale":"sk_SK","og_type":"article","og_title":"Pr\u00edrodn\u00e1 konopn\u00e1 plachta - Biela | AZTEX","og_description":"Pr\u00e9miov\u00e1 biela konopn\u00e1 poste\u013en\u00e1 plachta vyroben\u00e1 zo 100% pr\u00edrodnej konopnej tkaniny. V\u00fdnimo\u010dne priedu\u0161n\u00e1, antibakteri\u00e1lna a dlhotrvaj\u00faca, poskytuje chladn\u00fd, svie\u017ei a luxusn\u00fd sp\u00e1nok.","og_url":"https:\/\/aztex.ee\/sk\/pood\/konopne-prestieradla\/konopna-postelna-plachta-biela\/","og_site_name":"AZTEX","article_publisher":"https:\/\/www.facebook.com\/AztexEE","article_modified_time":"2026-01-13T11:17:12+00:00","og_image":[{"width":800,"height":800,"url":"https:\/\/aztex.ee\/wp-content\/uploads\/2026\/01\/Kanepist-voodilina-Valge.jpg","type":"image\/jpeg"}],"twitter_card":"summary_large_image","twitter_misc":{"Predpokladan\u00fd \u010das \u010d\u00edtania":"1 min\u00fata"},"schema":{"@context":"https:\/\/schema.org","@graph":[{"@type":["WebPage","ItemPage"],"@id":"https:\/\/aztex.ee\/sk\/pood\/konopne-prestieradla\/konopna-postelna-plachta-biela\/","url":"https:\/\/aztex.ee\/sk\/pood\/konopne-prestieradla\/konopna-postelna-plachta-biela\/","name":"Pr\u00edrodn\u00e1 konopn\u00e1 plachta - Biela | AZTEX","isPartOf":{"@id":"https:\/\/aztex.ee\/sk\/#website"},"primaryImageOfPage":{"@id":"https:\/\/aztex.ee\/sk\/pood\/konopne-prestieradla\/konopna-postelna-plachta-biela\/#primaryimage"},"image":{"@id":"https:\/\/aztex.ee\/sk\/pood\/konopne-prestieradla\/konopna-postelna-plachta-biela\/#primaryimage"},"thumbnailUrl":"https:\/\/aztex.ee\/wp-content\/uploads\/2026\/01\/Kanepist-voodilina-Valge.jpg","datePublished":"2026-01-13T10:11:26+00:00","dateModified":"2026-01-13T11:17:12+00:00","description":"Pr\u00e9miov\u00e1 biela konopn\u00e1 poste\u013en\u00e1 plachta vyroben\u00e1 zo 100% pr\u00edrodnej konopnej tkaniny. V\u00fdnimo\u010dne priedu\u0161n\u00e1, antibakteri\u00e1lna a dlhotrvaj\u00faca, poskytuje chladn\u00fd, svie\u017ei a luxusn\u00fd sp\u00e1nok.","breadcrumb":{"@id":"https:\/\/aztex.ee\/sk\/pood\/konopne-prestieradla\/konopna-postelna-plachta-biela\/#breadcrumb"},"inLanguage":"sk-SK","potentialAction":[{"@type":"ReadAction","target":["https:\/\/aztex.ee\/sk\/pood\/konopne-prestieradla\/konopna-postelna-plachta-biela\/"]}]},{"@type":"ImageObject","inLanguage":"sk-SK","@id":"https:\/\/aztex.ee\/sk\/pood\/konopne-prestieradla\/konopna-postelna-plachta-biela\/#primaryimage","url":"https:\/\/aztex.ee\/wp-content\/uploads\/2026\/01\/Kanepist-voodilina-Valge.jpg","contentUrl":"https:\/\/aztex.ee\/wp-content\/uploads\/2026\/01\/Kanepist-voodilina-Valge.jpg","width":800,"height":800,"caption":"Kanepist voodilina Valge"},{"@type":"BreadcrumbList","@id":"https:\/\/aztex.ee\/sk\/pood\/konopne-prestieradla\/konopna-postelna-plachta-biela\/#breadcrumb","itemListElement":[{"@type":"ListItem","position":1,"name":"Domov","item":"https:\/\/aztex.ee\/sk\/"},{"@type":"ListItem","position":2,"name":"Obchod","item":"https:\/\/aztex.ee\/sk\/obchod\/"},{"@type":"ListItem","position":3,"name":"Konopn\u00e1 poste\u013en\u00e1 plachta | Biela"}]},{"@type":"WebSite","@id":"https:\/\/aztex.ee\/sk\/#website","url":"https:\/\/aztex.ee\/sk\/","name":"AZTEX","description":"","publisher":{"@id":"https:\/\/aztex.ee\/sk\/#organization"},"potentialAction":[{"@type":"SearchAction","target":{"@type":"EntryPoint","urlTemplate":"https:\/\/aztex.ee\/sk\/?s={search_term_string}"},"query-input":{"@type":"PropertyValueSpecification","valueRequired":true,"valueName":"search_term_string"}}],"inLanguage":"sk-SK"},{"@type":"Organization","@id":"https:\/\/aztex.ee\/sk\/#organization","name":"AZTEX","url":"https:\/\/aztex.ee\/sk\/","logo":{"@type":"ImageObject","inLanguage":"sk-SK","@id":"https:\/\/aztex.ee\/sk\/#\/schema\/logo\/image\/","url":"https:\/\/aztex.ee\/wp-content\/uploads\/2026\/01\/AZTEX.png","contentUrl":"https:\/\/aztex.ee\/wp-content\/uploads\/2026\/01\/AZTEX.png","width":500,"height":500,"caption":"AZTEX"},"image":{"@id":"https:\/\/aztex.ee\/sk\/#\/schema\/logo\/image\/"},"sameAs":["https:\/\/www.facebook.com\/AztexEE","https:\/\/www.instagram.com\/aztexeesti\/","https:\/\/www.youtube.com\/@AZTEXEE","https:\/\/www.pinterest.com\/aztex_eesti\/","https:\/\/www.tiktok.com\/@aztexeesti","https:\/\/www.trustpilot.com\/review\/aztex.ee","https:\/\/www.linkedin.com\/company\/aztex-ee\/","https:\/\/www.wikidata.org\/wiki\/Q137560182"]}]}},"_links":{"self":[{"href":"https:\/\/aztex.ee\/sk\/wp-json\/wp\/v2\/product\/98888","targetHints":{"allow":["GET"]}}],"collection":[{"href":"https:\/\/aztex.ee\/sk\/wp-json\/wp\/v2\/product"}],"about":[{"href":"https:\/\/aztex.ee\/sk\/wp-json\/wp\/v2\/types\/product"}],"replies":[{"embeddable":true,"href":"https:\/\/aztex.ee\/sk\/wp-json\/wp\/v2\/comments?post=98888"}],"version-history":[{"count":2,"href":"https:\/\/aztex.ee\/sk\/wp-json\/wp\/v2\/product\/98888\/revisions"}],"predecessor-version":[{"id":98982,"href":"https:\/\/aztex.ee\/sk\/wp-json\/wp\/v2\/product\/98888\/revisions\/98982"}],"wp:featuredmedia":[{"embeddable":true,"href":"https:\/\/aztex.ee\/sk\/wp-json\/wp\/v2\/media\/98909"}],"wp:attachment":[{"href":"https:\/\/aztex.ee\/sk\/wp-json\/wp\/v2\/media?parent=98888"}],"wp:term":[{"taxonomy":"product_brand","embeddable":true,"href":"https:\/\/aztex.ee\/sk\/wp-json\/wp\/v2\/product_brand?post=98888"},{"taxonomy":"product_cat","embeddable":true,"href":"https:\/\/aztex.ee\/sk\/wp-json\/wp\/v2\/product_cat?post=98888"},{"taxonomy":"product_tag","embeddable":true,"href":"https:\/\/aztex.ee\/sk\/wp-json\/wp\/v2\/product_tag?post=98888"}],"curies":[{"name":"wp","href":"https:\/\/api.w.org\/{rel}","templated":true}]}}