{"id":97263,"date":"2025-11-29T19:00:55","date_gmt":"2025-11-29T19:00:55","guid":{"rendered":"https:\/\/aztex.ee\/?post_type=product&#038;p=97263"},"modified":"2026-04-07T12:51:22","modified_gmt":"2026-04-07T12:51:22","slug":"sada-bavlnenych-uterakov-6-ks","status":"publish","type":"product","link":"https:\/\/aztex.ee\/sk\/pood\/uteraky-a-osusky\/sada-bavlnenych-uterakov-6-ks\/","title":{"rendered":"Sada bavlnen\u00fdch uter\u00e1kov 6 ks"},"content":{"rendered":"<p><strong>6-dielna sada bavlnen\u00fdch uter\u00e1kov<\/strong><\/p>\n<p><strong>Materi\u00e1l a ve\u013ekosti<\/strong><br \/>\n6-dielna sada bavlnen\u00fdch uter\u00e1kov je vyroben\u00e1 zo 100% pr\u00edrodnej bavlny. V\u0161etk\u00fdch \u0161es\u0165 uter\u00e1kov m\u00e1 rozmer 35&#215;75 cm. M\u00e4kk\u00fd a priedu\u0161n\u00fd materi\u00e1l zais\u0165uje vynikaj\u00facu savos\u0165 a pohodlie v ka\u017edej situ\u00e1cii. Vysok\u00e1 kvalita znamen\u00e1, \u017ee uter\u00e1ky si zachov\u00e1vaj\u00fa svoj tvar a m\u00e4kkos\u0165 aj po opakovanom pran\u00ed, \u010do im poskytuje dlh\u00fa \u017eivotnos\u0165.<\/p>\n<p><strong>Dizajn a \u0161t\u00fdl<\/strong><br \/>\nBavlnen\u00e9 uter\u00e1ky s jednoduch\u00fdm dizajnom s\u00fa vhodn\u00e9 do ka\u017edej k\u00fape\u013ene a kuchyne. V neutr\u00e1lnych t\u00f3noch a s minimalistick\u00fdm povrchom dod\u00e1vaj\u00fa uter\u00e1ky \u0161t\u00fdl a eleganciu miestnosti a z\u00e1rove\u0148 s\u00fa praktick\u00e9 a \u013eahko sa kombinuj\u00fa s \u010fal\u0161\u00edmi k\u00fape\u013e\u0148ov\u00fdmi doplnkami. Vhodn\u00e9 do klasick\u00e9ho aj modern\u00e9ho interi\u00e9ru.<\/p>\n<p><strong>Odolnos\u0165 a starostlivos\u0165<\/strong><br \/>\nUter\u00e1ky s\u00fa pevn\u00e9 a odoln\u00e9, \u010do zaru\u010duje dlhodob\u00e9 pou\u017e\u00edvanie. V\u010faka kvalitn\u00e9mu \u0161itiu a hustej tkanej l\u00e1tke si zachov\u00e1vaj\u00fa svoj tvar a m\u00e4kkos\u0165 aj po opakovanom pran\u00ed. Pranie v pr\u00e1\u010dke pri be\u017en\u00fdch teplot\u00e1ch u\u013eah\u010duje a u\u013eah\u010duje starostlivos\u0165 a uter\u00e1ky dlhodobo vyzeraj\u00fa kr\u00e1sne.<\/p>\n<p><strong>Savos\u0165 a pohodlie<\/strong><br \/>\nUter\u00e1ky, ktor\u00e9 s\u00fa s\u00fa\u010das\u0165ou sady, s\u00fa vysoko sav\u00e9, \u010do zais\u0165uje r\u00fdchle a efekt\u00edvne schnutie. V\u010faka m\u00e4kkej text\u00fare s\u00fa uter\u00e1ky pr\u00edjemn\u00e9 na pou\u017e\u00edvanie a dod\u00e1vaj\u00fa luxusn\u00fd pocit ka\u017edodenn\u00e9mu z\u00e1\u017eitku z k\u00fape\u013ene. Uter\u00e1ky s\u00fa tie\u017e vhodn\u00e9 na k\u00fapele alebo dovolenku, kde s\u00fa pohodlie a kvalita prvorad\u00e9.<\/p>\n<p><strong>Pou\u017eitie a praktickos\u0165<\/strong><br \/>\nSada je ide\u00e1lna na ka\u017edodenn\u00e9 pou\u017eitie doma, v k\u00fape\u013eoch alebo na dovolenke. V\u0161etk\u00fdch \u0161es\u0165 uter\u00e1kov m\u00e1 rozmer 35&#215;75 cm, v\u010faka \u010domu je sada \u013eahko pou\u017eite\u013en\u00fdm a praktick\u00fdm rie\u0161en\u00edm pre ka\u017ed\u00fa k\u00fape\u013e\u0148u alebo kuchy\u0148u. Sada je tie\u017e ide\u00e1lnym dar\u010dekom, ktor\u00fd dod\u00e1 pohodlie a \u0161t\u00fdl ka\u017edej miestnosti.<\/p>\n","protected":false},"excerpt":{"rendered":"<ul>\n<li>Materi\u00e1l: 100% bavlna<\/li>\n<li>Ve\u013ekos\u0165: 35\u00d775 cm \u00b13<\/li>\n<li>Gram\u00e1\u017e: 420g\/m2<\/li>\n<li>Sada obsahuje: 6 ks<\/li>\n<\/ul>\n","protected":false},"featured_media":97753,"comment_status":"open","ping_status":"closed","template":"","meta":[],"product_brand":[],"product_cat":[1578,1740,784,673],"product_tag":[],"class_list":{"0":"post-97263","1":"product","2":"type-product","3":"status-publish","4":"has-post-thumbnail","6":"product_cat-supravy-uterakov","7":"product_cat-uteraky","8":"product_cat-uteraky-35x75-cm","9":"product_cat-uteraky-a-osusky","11":"first","12":"instock","13":"shipping-taxable","14":"purchasable","15":"product-type-variable"},"yoast_head":"<!-- This site is optimized with the Yoast SEO plugin v27.4 - https:\/\/yoast.com\/product\/yoast-seo-wordpress\/ -->\n<title>Sada bavlnen\u00fdch uter\u00e1kov 6 ks | AZTEX<\/title>\n<meta name=\"description\" content=\"K\u00fapte si 6-dielnu sadu bavlnen\u00fdch uter\u00e1kov za n\u00edzku cenu. M\u00e4kk\u00e1, sav\u00e1 bavlna zaru\u010duje pr\u00edjemn\u00fd z\u00e1\u017eitok a vysoko kvalitn\u00e9 spracovanie zais\u0165uje dlhotrvaj\u00face pohodlie v ka\u017edej dom\u00e1cnosti.\" \/>\n<meta name=\"robots\" content=\"index, follow, max-snippet:-1, max-image-preview:large, max-video-preview:-1\" \/>\n<link rel=\"canonical\" href=\"https:\/\/aztex.ee\/sk\/pood\/uteraky-a-osusky\/sada-bavlnenych-uterakov-6-ks\/\" \/>\n<meta property=\"og:locale\" content=\"sk_SK\" \/>\n<meta property=\"og:type\" content=\"article\" \/>\n<meta property=\"og:title\" content=\"Sada bavlnen\u00fdch uter\u00e1kov 6 ks | AZTEX\" \/>\n<meta property=\"og:description\" content=\"K\u00fapte si 6-dielnu sadu bavlnen\u00fdch uter\u00e1kov za n\u00edzku cenu. M\u00e4kk\u00e1, sav\u00e1 bavlna zaru\u010duje pr\u00edjemn\u00fd z\u00e1\u017eitok a vysoko kvalitn\u00e9 spracovanie zais\u0165uje dlhotrvaj\u00face pohodlie v ka\u017edej dom\u00e1cnosti.\" \/>\n<meta property=\"og:url\" content=\"https:\/\/aztex.ee\/sk\/pood\/uteraky-a-osusky\/sada-bavlnenych-uterakov-6-ks\/\" \/>\n<meta property=\"og:site_name\" content=\"AZTEX\" \/>\n<meta property=\"article:publisher\" content=\"https:\/\/www.facebook.com\/AztexEE\" \/>\n<meta property=\"article:modified_time\" content=\"2026-04-07T12:51:22+00:00\" \/>\n<meta property=\"og:image\" content=\"https:\/\/aztex.ee\/wp-content\/uploads\/2025\/11\/Puuvillaste-ratikute-komplekt-6-tk-Seguvarvid-2.jpg\" \/>\n\t<meta property=\"og:image:width\" content=\"800\" \/>\n\t<meta property=\"og:image:height\" content=\"800\" \/>\n\t<meta property=\"og:image:type\" content=\"image\/jpeg\" \/>\n<meta name=\"twitter:card\" content=\"summary_large_image\" \/>\n<meta name=\"twitter:label1\" content=\"Predpokladan\u00fd \u010das \u010d\u00edtania\" \/>\n\t<meta name=\"twitter:data1\" content=\"2 min\u00faty\" \/>\n<script type=\"application\/ld+json\" class=\"yoast-schema-graph\">{\"@context\":\"https:\\\/\\\/schema.org\",\"@graph\":[{\"@type\":[\"WebPage\",\"ItemPage\"],\"@id\":\"https:\\\/\\\/aztex.ee\\\/sk\\\/pood\\\/uteraky-a-osusky\\\/sada-bavlnenych-uterakov-6-ks\\\/\",\"url\":\"https:\\\/\\\/aztex.ee\\\/sk\\\/pood\\\/uteraky-a-osusky\\\/sada-bavlnenych-uterakov-6-ks\\\/\",\"name\":\"Sada bavlnen\u00fdch uter\u00e1kov 6 ks | AZTEX\",\"isPartOf\":{\"@id\":\"https:\\\/\\\/aztex.ee\\\/sk\\\/#website\"},\"primaryImageOfPage\":{\"@id\":\"https:\\\/\\\/aztex.ee\\\/sk\\\/pood\\\/uteraky-a-osusky\\\/sada-bavlnenych-uterakov-6-ks\\\/#primaryimage\"},\"image\":{\"@id\":\"https:\\\/\\\/aztex.ee\\\/sk\\\/pood\\\/uteraky-a-osusky\\\/sada-bavlnenych-uterakov-6-ks\\\/#primaryimage\"},\"thumbnailUrl\":\"https:\\\/\\\/aztex.ee\\\/wp-content\\\/uploads\\\/2025\\\/11\\\/Puuvillaste-ratikute-komplekt-6-tk-Seguvarvid-2.jpg\",\"datePublished\":\"2025-11-29T19:00:55+00:00\",\"dateModified\":\"2026-04-07T12:51:22+00:00\",\"description\":\"K\u00fapte si 6-dielnu sadu bavlnen\u00fdch uter\u00e1kov za n\u00edzku cenu. M\u00e4kk\u00e1, sav\u00e1 bavlna zaru\u010duje pr\u00edjemn\u00fd z\u00e1\u017eitok a vysoko kvalitn\u00e9 spracovanie zais\u0165uje dlhotrvaj\u00face pohodlie v ka\u017edej dom\u00e1cnosti.\",\"breadcrumb\":{\"@id\":\"https:\\\/\\\/aztex.ee\\\/sk\\\/pood\\\/uteraky-a-osusky\\\/sada-bavlnenych-uterakov-6-ks\\\/#breadcrumb\"},\"inLanguage\":\"sk-SK\",\"potentialAction\":[{\"@type\":\"ReadAction\",\"target\":[\"https:\\\/\\\/aztex.ee\\\/sk\\\/pood\\\/uteraky-a-osusky\\\/sada-bavlnenych-uterakov-6-ks\\\/\"]}]},{\"@type\":\"ImageObject\",\"inLanguage\":\"sk-SK\",\"@id\":\"https:\\\/\\\/aztex.ee\\\/sk\\\/pood\\\/uteraky-a-osusky\\\/sada-bavlnenych-uterakov-6-ks\\\/#primaryimage\",\"url\":\"https:\\\/\\\/aztex.ee\\\/wp-content\\\/uploads\\\/2025\\\/11\\\/Puuvillaste-ratikute-komplekt-6-tk-Seguvarvid-2.jpg\",\"contentUrl\":\"https:\\\/\\\/aztex.ee\\\/wp-content\\\/uploads\\\/2025\\\/11\\\/Puuvillaste-ratikute-komplekt-6-tk-Seguvarvid-2.jpg\",\"width\":800,\"height\":800,\"caption\":\"Puuvillaste r\u00e4tikute komplekt 6 tk Seguv\u00e4rvid 2\"},{\"@type\":\"BreadcrumbList\",\"@id\":\"https:\\\/\\\/aztex.ee\\\/sk\\\/pood\\\/uteraky-a-osusky\\\/sada-bavlnenych-uterakov-6-ks\\\/#breadcrumb\",\"itemListElement\":[{\"@type\":\"ListItem\",\"position\":1,\"name\":\"Domov\",\"item\":\"https:\\\/\\\/aztex.ee\\\/sk\\\/\"},{\"@type\":\"ListItem\",\"position\":2,\"name\":\"Obchod\",\"item\":\"https:\\\/\\\/aztex.ee\\\/sk\\\/obchod\\\/\"},{\"@type\":\"ListItem\",\"position\":3,\"name\":\"Sada bavlnen\u00fdch uter\u00e1kov 6 ks\"}]},{\"@type\":\"WebSite\",\"@id\":\"https:\\\/\\\/aztex.ee\\\/sk\\\/#website\",\"url\":\"https:\\\/\\\/aztex.ee\\\/sk\\\/\",\"name\":\"AZTEX\",\"description\":\"\",\"publisher\":{\"@id\":\"https:\\\/\\\/aztex.ee\\\/sk\\\/#organization\"},\"potentialAction\":[{\"@type\":\"SearchAction\",\"target\":{\"@type\":\"EntryPoint\",\"urlTemplate\":\"https:\\\/\\\/aztex.ee\\\/sk\\\/?s={search_term_string}\"},\"query-input\":{\"@type\":\"PropertyValueSpecification\",\"valueRequired\":true,\"valueName\":\"search_term_string\"}}],\"inLanguage\":\"sk-SK\"},{\"@type\":\"Organization\",\"@id\":\"https:\\\/\\\/aztex.ee\\\/sk\\\/#organization\",\"name\":\"AZTEX\",\"url\":\"https:\\\/\\\/aztex.ee\\\/sk\\\/\",\"logo\":{\"@type\":\"ImageObject\",\"inLanguage\":\"sk-SK\",\"@id\":\"https:\\\/\\\/aztex.ee\\\/sk\\\/#\\\/schema\\\/logo\\\/image\\\/\",\"url\":\"https:\\\/\\\/aztex.ee\\\/wp-content\\\/uploads\\\/2026\\\/01\\\/AZTEX.png\",\"contentUrl\":\"https:\\\/\\\/aztex.ee\\\/wp-content\\\/uploads\\\/2026\\\/01\\\/AZTEX.png\",\"width\":500,\"height\":500,\"caption\":\"AZTEX\"},\"image\":{\"@id\":\"https:\\\/\\\/aztex.ee\\\/sk\\\/#\\\/schema\\\/logo\\\/image\\\/\"},\"sameAs\":[\"https:\\\/\\\/www.facebook.com\\\/AztexEE\",\"https:\\\/\\\/www.instagram.com\\\/aztexeesti\\\/\",\"https:\\\/\\\/www.youtube.com\\\/@AZTEXEE\",\"https:\\\/\\\/www.pinterest.com\\\/aztex_eesti\\\/\",\"https:\\\/\\\/www.tiktok.com\\\/@aztexeesti\",\"https:\\\/\\\/www.trustpilot.com\\\/review\\\/aztex.ee\",\"https:\\\/\\\/www.linkedin.com\\\/company\\\/aztex-ee\\\/\",\"https:\\\/\\\/www.wikidata.org\\\/wiki\\\/Q137560182\"]}]}<\/script>\n<!-- \/ Yoast SEO plugin. -->","yoast_head_json":{"title":"Sada bavlnen\u00fdch uter\u00e1kov 6 ks | AZTEX","description":"K\u00fapte si 6-dielnu sadu bavlnen\u00fdch uter\u00e1kov za n\u00edzku cenu. M\u00e4kk\u00e1, sav\u00e1 bavlna zaru\u010duje pr\u00edjemn\u00fd z\u00e1\u017eitok a vysoko kvalitn\u00e9 spracovanie zais\u0165uje dlhotrvaj\u00face pohodlie v ka\u017edej dom\u00e1cnosti.","robots":{"index":"index","follow":"follow","max-snippet":"max-snippet:-1","max-image-preview":"max-image-preview:large","max-video-preview":"max-video-preview:-1"},"canonical":"https:\/\/aztex.ee\/sk\/pood\/uteraky-a-osusky\/sada-bavlnenych-uterakov-6-ks\/","og_locale":"sk_SK","og_type":"article","og_title":"Sada bavlnen\u00fdch uter\u00e1kov 6 ks | AZTEX","og_description":"K\u00fapte si 6-dielnu sadu bavlnen\u00fdch uter\u00e1kov za n\u00edzku cenu. M\u00e4kk\u00e1, sav\u00e1 bavlna zaru\u010duje pr\u00edjemn\u00fd z\u00e1\u017eitok a vysoko kvalitn\u00e9 spracovanie zais\u0165uje dlhotrvaj\u00face pohodlie v ka\u017edej dom\u00e1cnosti.","og_url":"https:\/\/aztex.ee\/sk\/pood\/uteraky-a-osusky\/sada-bavlnenych-uterakov-6-ks\/","og_site_name":"AZTEX","article_publisher":"https:\/\/www.facebook.com\/AztexEE","article_modified_time":"2026-04-07T12:51:22+00:00","og_image":[{"width":800,"height":800,"url":"https:\/\/aztex.ee\/wp-content\/uploads\/2025\/11\/Puuvillaste-ratikute-komplekt-6-tk-Seguvarvid-2.jpg","type":"image\/jpeg"}],"twitter_card":"summary_large_image","twitter_misc":{"Predpokladan\u00fd \u010das \u010d\u00edtania":"2 min\u00faty"},"schema":{"@context":"https:\/\/schema.org","@graph":[{"@type":["WebPage","ItemPage"],"@id":"https:\/\/aztex.ee\/sk\/pood\/uteraky-a-osusky\/sada-bavlnenych-uterakov-6-ks\/","url":"https:\/\/aztex.ee\/sk\/pood\/uteraky-a-osusky\/sada-bavlnenych-uterakov-6-ks\/","name":"Sada bavlnen\u00fdch uter\u00e1kov 6 ks | AZTEX","isPartOf":{"@id":"https:\/\/aztex.ee\/sk\/#website"},"primaryImageOfPage":{"@id":"https:\/\/aztex.ee\/sk\/pood\/uteraky-a-osusky\/sada-bavlnenych-uterakov-6-ks\/#primaryimage"},"image":{"@id":"https:\/\/aztex.ee\/sk\/pood\/uteraky-a-osusky\/sada-bavlnenych-uterakov-6-ks\/#primaryimage"},"thumbnailUrl":"https:\/\/aztex.ee\/wp-content\/uploads\/2025\/11\/Puuvillaste-ratikute-komplekt-6-tk-Seguvarvid-2.jpg","datePublished":"2025-11-29T19:00:55+00:00","dateModified":"2026-04-07T12:51:22+00:00","description":"K\u00fapte si 6-dielnu sadu bavlnen\u00fdch uter\u00e1kov za n\u00edzku cenu. M\u00e4kk\u00e1, sav\u00e1 bavlna zaru\u010duje pr\u00edjemn\u00fd z\u00e1\u017eitok a vysoko kvalitn\u00e9 spracovanie zais\u0165uje dlhotrvaj\u00face pohodlie v ka\u017edej dom\u00e1cnosti.","breadcrumb":{"@id":"https:\/\/aztex.ee\/sk\/pood\/uteraky-a-osusky\/sada-bavlnenych-uterakov-6-ks\/#breadcrumb"},"inLanguage":"sk-SK","potentialAction":[{"@type":"ReadAction","target":["https:\/\/aztex.ee\/sk\/pood\/uteraky-a-osusky\/sada-bavlnenych-uterakov-6-ks\/"]}]},{"@type":"ImageObject","inLanguage":"sk-SK","@id":"https:\/\/aztex.ee\/sk\/pood\/uteraky-a-osusky\/sada-bavlnenych-uterakov-6-ks\/#primaryimage","url":"https:\/\/aztex.ee\/wp-content\/uploads\/2025\/11\/Puuvillaste-ratikute-komplekt-6-tk-Seguvarvid-2.jpg","contentUrl":"https:\/\/aztex.ee\/wp-content\/uploads\/2025\/11\/Puuvillaste-ratikute-komplekt-6-tk-Seguvarvid-2.jpg","width":800,"height":800,"caption":"Puuvillaste r\u00e4tikute komplekt 6 tk Seguv\u00e4rvid 2"},{"@type":"BreadcrumbList","@id":"https:\/\/aztex.ee\/sk\/pood\/uteraky-a-osusky\/sada-bavlnenych-uterakov-6-ks\/#breadcrumb","itemListElement":[{"@type":"ListItem","position":1,"name":"Domov","item":"https:\/\/aztex.ee\/sk\/"},{"@type":"ListItem","position":2,"name":"Obchod","item":"https:\/\/aztex.ee\/sk\/obchod\/"},{"@type":"ListItem","position":3,"name":"Sada bavlnen\u00fdch uter\u00e1kov 6 ks"}]},{"@type":"WebSite","@id":"https:\/\/aztex.ee\/sk\/#website","url":"https:\/\/aztex.ee\/sk\/","name":"AZTEX","description":"","publisher":{"@id":"https:\/\/aztex.ee\/sk\/#organization"},"potentialAction":[{"@type":"SearchAction","target":{"@type":"EntryPoint","urlTemplate":"https:\/\/aztex.ee\/sk\/?s={search_term_string}"},"query-input":{"@type":"PropertyValueSpecification","valueRequired":true,"valueName":"search_term_string"}}],"inLanguage":"sk-SK"},{"@type":"Organization","@id":"https:\/\/aztex.ee\/sk\/#organization","name":"AZTEX","url":"https:\/\/aztex.ee\/sk\/","logo":{"@type":"ImageObject","inLanguage":"sk-SK","@id":"https:\/\/aztex.ee\/sk\/#\/schema\/logo\/image\/","url":"https:\/\/aztex.ee\/wp-content\/uploads\/2026\/01\/AZTEX.png","contentUrl":"https:\/\/aztex.ee\/wp-content\/uploads\/2026\/01\/AZTEX.png","width":500,"height":500,"caption":"AZTEX"},"image":{"@id":"https:\/\/aztex.ee\/sk\/#\/schema\/logo\/image\/"},"sameAs":["https:\/\/www.facebook.com\/AztexEE","https:\/\/www.instagram.com\/aztexeesti\/","https:\/\/www.youtube.com\/@AZTEXEE","https:\/\/www.pinterest.com\/aztex_eesti\/","https:\/\/www.tiktok.com\/@aztexeesti","https:\/\/www.trustpilot.com\/review\/aztex.ee","https:\/\/www.linkedin.com\/company\/aztex-ee\/","https:\/\/www.wikidata.org\/wiki\/Q137560182"]}]}},"_links":{"self":[{"href":"https:\/\/aztex.ee\/sk\/wp-json\/wp\/v2\/product\/97263","targetHints":{"allow":["GET"]}}],"collection":[{"href":"https:\/\/aztex.ee\/sk\/wp-json\/wp\/v2\/product"}],"about":[{"href":"https:\/\/aztex.ee\/sk\/wp-json\/wp\/v2\/types\/product"}],"replies":[{"embeddable":true,"href":"https:\/\/aztex.ee\/sk\/wp-json\/wp\/v2\/comments?post=97263"}],"version-history":[{"count":3,"href":"https:\/\/aztex.ee\/sk\/wp-json\/wp\/v2\/product\/97263\/revisions"}],"predecessor-version":[{"id":97987,"href":"https:\/\/aztex.ee\/sk\/wp-json\/wp\/v2\/product\/97263\/revisions\/97987"}],"wp:featuredmedia":[{"embeddable":true,"href":"https:\/\/aztex.ee\/sk\/wp-json\/wp\/v2\/media\/97753"}],"wp:attachment":[{"href":"https:\/\/aztex.ee\/sk\/wp-json\/wp\/v2\/media?parent=97263"}],"wp:term":[{"taxonomy":"product_brand","embeddable":true,"href":"https:\/\/aztex.ee\/sk\/wp-json\/wp\/v2\/product_brand?post=97263"},{"taxonomy":"product_cat","embeddable":true,"href":"https:\/\/aztex.ee\/sk\/wp-json\/wp\/v2\/product_cat?post=97263"},{"taxonomy":"product_tag","embeddable":true,"href":"https:\/\/aztex.ee\/sk\/wp-json\/wp\/v2\/product_tag?post=97263"}],"curies":[{"name":"wp","href":"https:\/\/api.w.org\/{rel}","templated":true}]}}