{"id":95343,"date":"2025-10-07T06:07:07","date_gmt":"2025-10-07T06:07:07","guid":{"rendered":"https:\/\/aztex.ee\/?post_type=product&#038;p=95343"},"modified":"2026-04-12T12:51:09","modified_gmt":"2026-04-12T12:51:09","slug":"obliecky-bavlneny-saten-perlova-zahrada","status":"publish","type":"product","link":"https:\/\/aztex.ee\/sk\/pood\/bavlnena-postelna-bielizen\/obliecky-bavlneny-saten-perlova-zahrada\/","title":{"rendered":"Oblie\u010dky bavlnen\u00fd sat\u00e9n | Perlov\u00e1 z\u00e1hrada"},"content":{"rendered":"<p>Poste\u013en\u00e1 s\u00faprava z bavlnen\u00e9ho sat\u00e9nu prin\u00e1\u0161a do va\u0161ej sp\u00e1lne jemnos\u0165 a pohodlie. Sp\u00e1ja prirodzenos\u0165 bavlny s hladkos\u0165ou sat\u00e9nu a pon\u00faka priedu\u0161n\u00fd a k poko\u017eke pr\u00edjemn\u00fd materi\u00e1l, ktor\u00fd je ide\u00e1lny na ka\u017edodenn\u00e9 pou\u017eitie. L\u00e1tka je odoln\u00e1 a nen\u00e1ro\u010dn\u00e1 na \u00fadr\u017ebu, pri\u010dom si zachov\u00e1va m\u00e4kkos\u0165 aj po nieko\u013ek\u00fdch praniach. Oblie\u010dky z bavlnen\u00e9ho sat\u00e9nu s\u00fa skvelou vo\u013ebou, ak si cen\u00edte kvalitn\u00fd sp\u00e1nok a pr\u00edjemn\u00fd no\u010dn\u00fd dotyk.<\/p>\n","protected":false},"excerpt":{"rendered":"<p>Poste\u013en\u00e1 s\u00faprava z bavlnen\u00e9ho sat\u00e9nu zais\u0165uje pohodlie a kvalitn\u00fd sp\u00e1nok.<\/p>\n<ul>\n<li>Materi\u00e1l: 100% bavlna<\/li>\n<li>L\u00e1tka: Sat\u00e9n<\/li>\n<li>Po\u010det vl\u00e1kien: 300 TC<\/li>\n<li>Oblie\u010dka na prikr\u00fdvku: 200\u00d7220 cm<\/li>\n<li>Oblie\u010dka na vank\u00fa\u0161: 50\u00d775 cm (2kus)<\/li>\n<li>Poste\u013en\u00e1 plachta: Nie je s\u00fa\u010das\u0165ou<\/li>\n<li>Pohodlie: Priedu\u0161n\u00e1 a m\u00e4kk\u00e1 text\u00fara<\/li>\n<\/ul>\n<p><img loading=\"lazy\" decoding=\"async\" class=\"alignnone size-full wp-image-25948\" src=\"https:\/\/aztex.ee\/wp-content\/uploads\/2024\/09\/cotton87.png\" alt=\"\" width=\"188\" height=\"71\" srcset=\"https:\/\/aztex.ee\/wp-content\/uploads\/2024\/09\/cotton87.png 188w, https:\/\/aztex.ee\/wp-content\/uploads\/2024\/09\/cotton87-150x57.png 150w\" sizes=\"auto, (max-width: 188px) 100vw, 188px\" \/><\/p>\n","protected":false},"featured_media":95365,"comment_status":"open","ping_status":"closed","template":"","meta":[],"product_brand":[],"product_cat":[658,670,682,687,678,681],"product_tag":[],"class_list":{"0":"post-95343","1":"product","2":"type-product","3":"status-publish","4":"has-post-thumbnail","6":"product_cat-bavlnena-postelna-bielizen","7":"product_cat-bavlnene-postelne-supravy-200x220","8":"product_cat-postelne-obliecky","9":"product_cat-postelne-supravy","10":"product_cat-satenove-obliecky","11":"product_cat-satenove-postelne-obliecky","13":"first","14":"instock","15":"shipping-taxable","16":"purchasable","17":"product-type-simple"},"yoast_head":"<!-- This site is optimized with the Yoast SEO plugin v27.3 - https:\/\/yoast.com\/product\/yoast-seo-wordpress\/ -->\n<title>Oblie\u010dky na perinu 200x220, bavlnen\u00fd sat\u00e9n | Perlov\u00e1 z\u00e1hrada<\/title>\n<meta name=\"description\" content=\"S\u00faprava oblie\u010dok na papl\u00f3n 200x220 - luxusn\u00e1 poste\u013en\u00e1 bielize\u0148 z bavlnen\u00e9ho sat\u00e9nu. Vyroben\u00e1 zo 100% kvalitn\u00e9ho bavlnen\u00e9ho sat\u00e9nu pre pohodln\u00fd sp\u00e1nok a elegantn\u00fa sp\u00e1l\u0148u.\" \/>\n<meta name=\"robots\" content=\"index, follow, max-snippet:-1, max-image-preview:large, max-video-preview:-1\" \/>\n<link rel=\"canonical\" href=\"https:\/\/aztex.ee\/sk\/pood\/bavlnena-postelna-bielizen\/obliecky-bavlneny-saten-perlova-zahrada\/\" \/>\n<meta property=\"og:locale\" content=\"sk_SK\" \/>\n<meta property=\"og:type\" content=\"article\" \/>\n<meta property=\"og:title\" content=\"Oblie\u010dky na perinu 200x220, bavlnen\u00fd sat\u00e9n | Perlov\u00e1 z\u00e1hrada\" \/>\n<meta property=\"og:description\" content=\"S\u00faprava oblie\u010dok na papl\u00f3n 200x220 - luxusn\u00e1 poste\u013en\u00e1 bielize\u0148 z bavlnen\u00e9ho sat\u00e9nu. Vyroben\u00e1 zo 100% kvalitn\u00e9ho bavlnen\u00e9ho sat\u00e9nu pre pohodln\u00fd sp\u00e1nok a elegantn\u00fa sp\u00e1l\u0148u.\" \/>\n<meta property=\"og:url\" content=\"https:\/\/aztex.ee\/sk\/pood\/bavlnena-postelna-bielizen\/obliecky-bavlneny-saten-perlova-zahrada\/\" \/>\n<meta property=\"og:site_name\" content=\"AZTEX\" \/>\n<meta property=\"article:publisher\" content=\"https:\/\/www.facebook.com\/AztexEE\" \/>\n<meta property=\"article:modified_time\" content=\"2026-04-12T12:51:09+00:00\" \/>\n<meta property=\"og:image\" content=\"https:\/\/aztex.ee\/wp-content\/uploads\/2025\/10\/Voodipesukomplekt-200x220-Parliaed.jpg\" \/>\n\t<meta property=\"og:image:width\" content=\"800\" \/>\n\t<meta property=\"og:image:height\" content=\"800\" \/>\n\t<meta property=\"og:image:type\" content=\"image\/jpeg\" \/>\n<meta name=\"twitter:card\" content=\"summary_large_image\" \/>\n<meta name=\"twitter:label1\" content=\"Predpokladan\u00fd \u010das \u010d\u00edtania\" \/>\n\t<meta name=\"twitter:data1\" content=\"1 min\u00fata\" \/>\n<script type=\"application\/ld+json\" class=\"yoast-schema-graph\">{\"@context\":\"https:\\\/\\\/schema.org\",\"@graph\":[{\"@type\":[\"WebPage\",\"ItemPage\"],\"@id\":\"https:\\\/\\\/aztex.ee\\\/sk\\\/pood\\\/bavlnena-postelna-bielizen\\\/obliecky-bavlneny-saten-perlova-zahrada\\\/\",\"url\":\"https:\\\/\\\/aztex.ee\\\/sk\\\/pood\\\/bavlnena-postelna-bielizen\\\/obliecky-bavlneny-saten-perlova-zahrada\\\/\",\"name\":\"Oblie\u010dky na perinu 200x220, bavlnen\u00fd sat\u00e9n | Perlov\u00e1 z\u00e1hrada\",\"isPartOf\":{\"@id\":\"https:\\\/\\\/aztex.ee\\\/sk\\\/#website\"},\"primaryImageOfPage\":{\"@id\":\"https:\\\/\\\/aztex.ee\\\/sk\\\/pood\\\/bavlnena-postelna-bielizen\\\/obliecky-bavlneny-saten-perlova-zahrada\\\/#primaryimage\"},\"image\":{\"@id\":\"https:\\\/\\\/aztex.ee\\\/sk\\\/pood\\\/bavlnena-postelna-bielizen\\\/obliecky-bavlneny-saten-perlova-zahrada\\\/#primaryimage\"},\"thumbnailUrl\":\"https:\\\/\\\/aztex.ee\\\/wp-content\\\/uploads\\\/2025\\\/10\\\/Voodipesukomplekt-200x220-Parliaed.jpg\",\"datePublished\":\"2025-10-07T06:07:07+00:00\",\"dateModified\":\"2026-04-12T12:51:09+00:00\",\"description\":\"S\u00faprava oblie\u010dok na papl\u00f3n 200x220 - luxusn\u00e1 poste\u013en\u00e1 bielize\u0148 z bavlnen\u00e9ho sat\u00e9nu. Vyroben\u00e1 zo 100% kvalitn\u00e9ho bavlnen\u00e9ho sat\u00e9nu pre pohodln\u00fd sp\u00e1nok a elegantn\u00fa sp\u00e1l\u0148u.\",\"breadcrumb\":{\"@id\":\"https:\\\/\\\/aztex.ee\\\/sk\\\/pood\\\/bavlnena-postelna-bielizen\\\/obliecky-bavlneny-saten-perlova-zahrada\\\/#breadcrumb\"},\"inLanguage\":\"sk-SK\",\"potentialAction\":[{\"@type\":\"ReadAction\",\"target\":[\"https:\\\/\\\/aztex.ee\\\/sk\\\/pood\\\/bavlnena-postelna-bielizen\\\/obliecky-bavlneny-saten-perlova-zahrada\\\/\"]}]},{\"@type\":\"ImageObject\",\"inLanguage\":\"sk-SK\",\"@id\":\"https:\\\/\\\/aztex.ee\\\/sk\\\/pood\\\/bavlnena-postelna-bielizen\\\/obliecky-bavlneny-saten-perlova-zahrada\\\/#primaryimage\",\"url\":\"https:\\\/\\\/aztex.ee\\\/wp-content\\\/uploads\\\/2025\\\/10\\\/Voodipesukomplekt-200x220-Parliaed.jpg\",\"contentUrl\":\"https:\\\/\\\/aztex.ee\\\/wp-content\\\/uploads\\\/2025\\\/10\\\/Voodipesukomplekt-200x220-Parliaed.jpg\",\"width\":800,\"height\":800,\"caption\":\"Voodipesukomplekt 200x220 P\u00e4rliaed\"},{\"@type\":\"BreadcrumbList\",\"@id\":\"https:\\\/\\\/aztex.ee\\\/sk\\\/pood\\\/bavlnena-postelna-bielizen\\\/obliecky-bavlneny-saten-perlova-zahrada\\\/#breadcrumb\",\"itemListElement\":[{\"@type\":\"ListItem\",\"position\":1,\"name\":\"Domov\",\"item\":\"https:\\\/\\\/aztex.ee\\\/sk\\\/\"},{\"@type\":\"ListItem\",\"position\":2,\"name\":\"Obchod\",\"item\":\"https:\\\/\\\/aztex.ee\\\/sk\\\/obchod\\\/\"},{\"@type\":\"ListItem\",\"position\":3,\"name\":\"Oblie\u010dky bavlnen\u00fd sat\u00e9n | Perlov\u00e1 z\u00e1hrada\"}]},{\"@type\":\"WebSite\",\"@id\":\"https:\\\/\\\/aztex.ee\\\/sk\\\/#website\",\"url\":\"https:\\\/\\\/aztex.ee\\\/sk\\\/\",\"name\":\"AZTEX\",\"description\":\"\",\"publisher\":{\"@id\":\"https:\\\/\\\/aztex.ee\\\/sk\\\/#organization\"},\"potentialAction\":[{\"@type\":\"SearchAction\",\"target\":{\"@type\":\"EntryPoint\",\"urlTemplate\":\"https:\\\/\\\/aztex.ee\\\/sk\\\/?s={search_term_string}\"},\"query-input\":{\"@type\":\"PropertyValueSpecification\",\"valueRequired\":true,\"valueName\":\"search_term_string\"}}],\"inLanguage\":\"sk-SK\"},{\"@type\":\"Organization\",\"@id\":\"https:\\\/\\\/aztex.ee\\\/sk\\\/#organization\",\"name\":\"AZTEX\",\"url\":\"https:\\\/\\\/aztex.ee\\\/sk\\\/\",\"logo\":{\"@type\":\"ImageObject\",\"inLanguage\":\"sk-SK\",\"@id\":\"https:\\\/\\\/aztex.ee\\\/sk\\\/#\\\/schema\\\/logo\\\/image\\\/\",\"url\":\"https:\\\/\\\/aztex.ee\\\/wp-content\\\/uploads\\\/2026\\\/01\\\/AZTEX.png\",\"contentUrl\":\"https:\\\/\\\/aztex.ee\\\/wp-content\\\/uploads\\\/2026\\\/01\\\/AZTEX.png\",\"width\":500,\"height\":500,\"caption\":\"AZTEX\"},\"image\":{\"@id\":\"https:\\\/\\\/aztex.ee\\\/sk\\\/#\\\/schema\\\/logo\\\/image\\\/\"},\"sameAs\":[\"https:\\\/\\\/www.facebook.com\\\/AztexEE\",\"https:\\\/\\\/www.instagram.com\\\/aztexeesti\\\/\",\"https:\\\/\\\/www.youtube.com\\\/@AZTEXEE\",\"https:\\\/\\\/www.pinterest.com\\\/aztex_eesti\\\/\",\"https:\\\/\\\/www.tiktok.com\\\/@aztexeesti\",\"https:\\\/\\\/www.trustpilot.com\\\/review\\\/aztex.ee\",\"https:\\\/\\\/www.linkedin.com\\\/company\\\/aztex-ee\\\/\",\"https:\\\/\\\/www.wikidata.org\\\/wiki\\\/Q137560182\"]}]}<\/script>\n<!-- \/ Yoast SEO plugin. -->","yoast_head_json":{"title":"Oblie\u010dky na perinu 200x220, bavlnen\u00fd sat\u00e9n | Perlov\u00e1 z\u00e1hrada","description":"S\u00faprava oblie\u010dok na papl\u00f3n 200x220 - luxusn\u00e1 poste\u013en\u00e1 bielize\u0148 z bavlnen\u00e9ho sat\u00e9nu. Vyroben\u00e1 zo 100% kvalitn\u00e9ho bavlnen\u00e9ho sat\u00e9nu pre pohodln\u00fd sp\u00e1nok a elegantn\u00fa sp\u00e1l\u0148u.","robots":{"index":"index","follow":"follow","max-snippet":"max-snippet:-1","max-image-preview":"max-image-preview:large","max-video-preview":"max-video-preview:-1"},"canonical":"https:\/\/aztex.ee\/sk\/pood\/bavlnena-postelna-bielizen\/obliecky-bavlneny-saten-perlova-zahrada\/","og_locale":"sk_SK","og_type":"article","og_title":"Oblie\u010dky na perinu 200x220, bavlnen\u00fd sat\u00e9n | Perlov\u00e1 z\u00e1hrada","og_description":"S\u00faprava oblie\u010dok na papl\u00f3n 200x220 - luxusn\u00e1 poste\u013en\u00e1 bielize\u0148 z bavlnen\u00e9ho sat\u00e9nu. Vyroben\u00e1 zo 100% kvalitn\u00e9ho bavlnen\u00e9ho sat\u00e9nu pre pohodln\u00fd sp\u00e1nok a elegantn\u00fa sp\u00e1l\u0148u.","og_url":"https:\/\/aztex.ee\/sk\/pood\/bavlnena-postelna-bielizen\/obliecky-bavlneny-saten-perlova-zahrada\/","og_site_name":"AZTEX","article_publisher":"https:\/\/www.facebook.com\/AztexEE","article_modified_time":"2026-04-12T12:51:09+00:00","og_image":[{"width":800,"height":800,"url":"https:\/\/aztex.ee\/wp-content\/uploads\/2025\/10\/Voodipesukomplekt-200x220-Parliaed.jpg","type":"image\/jpeg"}],"twitter_card":"summary_large_image","twitter_misc":{"Predpokladan\u00fd \u010das \u010d\u00edtania":"1 min\u00fata"},"schema":{"@context":"https:\/\/schema.org","@graph":[{"@type":["WebPage","ItemPage"],"@id":"https:\/\/aztex.ee\/sk\/pood\/bavlnena-postelna-bielizen\/obliecky-bavlneny-saten-perlova-zahrada\/","url":"https:\/\/aztex.ee\/sk\/pood\/bavlnena-postelna-bielizen\/obliecky-bavlneny-saten-perlova-zahrada\/","name":"Oblie\u010dky na perinu 200x220, bavlnen\u00fd sat\u00e9n | Perlov\u00e1 z\u00e1hrada","isPartOf":{"@id":"https:\/\/aztex.ee\/sk\/#website"},"primaryImageOfPage":{"@id":"https:\/\/aztex.ee\/sk\/pood\/bavlnena-postelna-bielizen\/obliecky-bavlneny-saten-perlova-zahrada\/#primaryimage"},"image":{"@id":"https:\/\/aztex.ee\/sk\/pood\/bavlnena-postelna-bielizen\/obliecky-bavlneny-saten-perlova-zahrada\/#primaryimage"},"thumbnailUrl":"https:\/\/aztex.ee\/wp-content\/uploads\/2025\/10\/Voodipesukomplekt-200x220-Parliaed.jpg","datePublished":"2025-10-07T06:07:07+00:00","dateModified":"2026-04-12T12:51:09+00:00","description":"S\u00faprava oblie\u010dok na papl\u00f3n 200x220 - luxusn\u00e1 poste\u013en\u00e1 bielize\u0148 z bavlnen\u00e9ho sat\u00e9nu. Vyroben\u00e1 zo 100% kvalitn\u00e9ho bavlnen\u00e9ho sat\u00e9nu pre pohodln\u00fd sp\u00e1nok a elegantn\u00fa sp\u00e1l\u0148u.","breadcrumb":{"@id":"https:\/\/aztex.ee\/sk\/pood\/bavlnena-postelna-bielizen\/obliecky-bavlneny-saten-perlova-zahrada\/#breadcrumb"},"inLanguage":"sk-SK","potentialAction":[{"@type":"ReadAction","target":["https:\/\/aztex.ee\/sk\/pood\/bavlnena-postelna-bielizen\/obliecky-bavlneny-saten-perlova-zahrada\/"]}]},{"@type":"ImageObject","inLanguage":"sk-SK","@id":"https:\/\/aztex.ee\/sk\/pood\/bavlnena-postelna-bielizen\/obliecky-bavlneny-saten-perlova-zahrada\/#primaryimage","url":"https:\/\/aztex.ee\/wp-content\/uploads\/2025\/10\/Voodipesukomplekt-200x220-Parliaed.jpg","contentUrl":"https:\/\/aztex.ee\/wp-content\/uploads\/2025\/10\/Voodipesukomplekt-200x220-Parliaed.jpg","width":800,"height":800,"caption":"Voodipesukomplekt 200x220 P\u00e4rliaed"},{"@type":"BreadcrumbList","@id":"https:\/\/aztex.ee\/sk\/pood\/bavlnena-postelna-bielizen\/obliecky-bavlneny-saten-perlova-zahrada\/#breadcrumb","itemListElement":[{"@type":"ListItem","position":1,"name":"Domov","item":"https:\/\/aztex.ee\/sk\/"},{"@type":"ListItem","position":2,"name":"Obchod","item":"https:\/\/aztex.ee\/sk\/obchod\/"},{"@type":"ListItem","position":3,"name":"Oblie\u010dky bavlnen\u00fd sat\u00e9n | Perlov\u00e1 z\u00e1hrada"}]},{"@type":"WebSite","@id":"https:\/\/aztex.ee\/sk\/#website","url":"https:\/\/aztex.ee\/sk\/","name":"AZTEX","description":"","publisher":{"@id":"https:\/\/aztex.ee\/sk\/#organization"},"potentialAction":[{"@type":"SearchAction","target":{"@type":"EntryPoint","urlTemplate":"https:\/\/aztex.ee\/sk\/?s={search_term_string}"},"query-input":{"@type":"PropertyValueSpecification","valueRequired":true,"valueName":"search_term_string"}}],"inLanguage":"sk-SK"},{"@type":"Organization","@id":"https:\/\/aztex.ee\/sk\/#organization","name":"AZTEX","url":"https:\/\/aztex.ee\/sk\/","logo":{"@type":"ImageObject","inLanguage":"sk-SK","@id":"https:\/\/aztex.ee\/sk\/#\/schema\/logo\/image\/","url":"https:\/\/aztex.ee\/wp-content\/uploads\/2026\/01\/AZTEX.png","contentUrl":"https:\/\/aztex.ee\/wp-content\/uploads\/2026\/01\/AZTEX.png","width":500,"height":500,"caption":"AZTEX"},"image":{"@id":"https:\/\/aztex.ee\/sk\/#\/schema\/logo\/image\/"},"sameAs":["https:\/\/www.facebook.com\/AztexEE","https:\/\/www.instagram.com\/aztexeesti\/","https:\/\/www.youtube.com\/@AZTEXEE","https:\/\/www.pinterest.com\/aztex_eesti\/","https:\/\/www.tiktok.com\/@aztexeesti","https:\/\/www.trustpilot.com\/review\/aztex.ee","https:\/\/www.linkedin.com\/company\/aztex-ee\/","https:\/\/www.wikidata.org\/wiki\/Q137560182"]}]}},"_links":{"self":[{"href":"https:\/\/aztex.ee\/sk\/wp-json\/wp\/v2\/product\/95343","targetHints":{"allow":["GET"]}}],"collection":[{"href":"https:\/\/aztex.ee\/sk\/wp-json\/wp\/v2\/product"}],"about":[{"href":"https:\/\/aztex.ee\/sk\/wp-json\/wp\/v2\/types\/product"}],"replies":[{"embeddable":true,"href":"https:\/\/aztex.ee\/sk\/wp-json\/wp\/v2\/comments?post=95343"}],"version-history":[{"count":2,"href":"https:\/\/aztex.ee\/sk\/wp-json\/wp\/v2\/product\/95343\/revisions"}],"predecessor-version":[{"id":95462,"href":"https:\/\/aztex.ee\/sk\/wp-json\/wp\/v2\/product\/95343\/revisions\/95462"}],"wp:featuredmedia":[{"embeddable":true,"href":"https:\/\/aztex.ee\/sk\/wp-json\/wp\/v2\/media\/95365"}],"wp:attachment":[{"href":"https:\/\/aztex.ee\/sk\/wp-json\/wp\/v2\/media?parent=95343"}],"wp:term":[{"taxonomy":"product_brand","embeddable":true,"href":"https:\/\/aztex.ee\/sk\/wp-json\/wp\/v2\/product_brand?post=95343"},{"taxonomy":"product_cat","embeddable":true,"href":"https:\/\/aztex.ee\/sk\/wp-json\/wp\/v2\/product_cat?post=95343"},{"taxonomy":"product_tag","embeddable":true,"href":"https:\/\/aztex.ee\/sk\/wp-json\/wp\/v2\/product_tag?post=95343"}],"curies":[{"name":"wp","href":"https:\/\/api.w.org\/{rel}","templated":true}]}}