{"id":93046,"date":"2025-08-24T05:52:39","date_gmt":"2025-08-24T05:52:39","guid":{"rendered":"https:\/\/aztex.ee\/?post_type=product&#038;p=93046"},"modified":"2026-03-17T19:30:53","modified_gmt":"2026-03-17T19:30:53","slug":"obliecka-na-paplon-z-bavlneneho-satenu-200x200-strieborna-zahrada","status":"publish","type":"product","link":"https:\/\/aztex.ee\/sk\/pood\/bavlnena-postelna-bielizen\/obliecka-na-paplon-z-bavlneneho-satenu-200x200-strieborna-zahrada\/","title":{"rendered":"Bavlnen\u00e9 oblie\u010dky 200&#215;200 | Strieborn\u00e1 z\u00e1hrada"},"content":{"rendered":"<p><strong>100% bavlnen\u00e1 oblie\u010dka na perinu \u2013 prirodzen\u00e1 m\u00e4kkos\u0165 a vysoko kvalitn\u00fd materi\u00e1l zabezpe\u010duj\u00fa dobr\u00fd no\u010dn\u00fd sp\u00e1nok<\/strong><\/p>\n<p>Bavlna je pr\u00edrodn\u00e9 vl\u00e1kno, ktor\u00e9 je u\u017e st\u00e1ro\u010dia cenen\u00e9 pre svoju v\u00fdnimo\u010dn\u00fa m\u00e4kkos\u0165 a priepustnos\u0165 vzduchu. 100% bavlnen\u00e1 oblie\u010dka na perinu umo\u017e\u0148uje telu d\u00fdcha\u0165 a pom\u00e1ha regulova\u0165 telesn\u00fa teplotu po\u010das celej noci, \u010d\u00edm zabezpe\u010duje hlbok\u00fd a osvie\u017euj\u00faci sp\u00e1nok. V\u010faka svojej jemnej text\u00fare je obzvl\u00e1\u0161\u0165 vhodn\u00e1 pre citliv\u00fa poko\u017eku a alergikov, zni\u017euje podr\u00e1\u017edenie poko\u017eky a poskytuje maxim\u00e1lne pohodlie.<\/p>\n<p><strong>Odolnos\u0165 a jednoduch\u00e1 \u00fadr\u017eba<\/strong><\/p>\n<p>Bavlnen\u00e1 poste\u013en\u00e1 bielize\u0148 si zachov\u00e1va svoju kvalitu, m\u00e4kkos\u0165 a farbu aj po opakovanom pran\u00ed. S\u00faprava sa d\u00e1 pra\u0165 v pr\u00e1\u010dke a odol\u00e1va pravideln\u00e9mu pou\u017e\u00edvaniu, pri\u010dom si zachov\u00e1va svoj tvar a text\u00faru. Okrem toho je materi\u00e1l priedu\u0161n\u00fd a absorbuje vlhkos\u0165, \u010do pom\u00e1ha udr\u017eiava\u0165 poste\u013en\u00fa bielize\u0148 svie\u017eu a zni\u017euje mo\u017enos\u0165 vzniku bakt\u00e9ri\u00ed. Proti pokr\u010deniu a \u013eahk\u00e9 \u017eehlenie z neho robia praktick\u00fa vo\u013ebu, kde pohodlie a estetika id\u00fa ruka v ruke.<\/p>\n<p><strong>Dokonal\u00e1 s\u00faprava pre r\u00f4zne potreby<\/strong><\/p>\n<p>S\u00faprava obsahuje oblie\u010dku na perinu a dve oblie\u010dky na vank\u00fa\u0161e, ktor\u00e9 s\u00fa vhodn\u00e9 pre postele r\u00f4znych ve\u013ekost\u00ed a sp\u013a\u0148aj\u00fa modern\u00e9 \u0161tandardy. Ob\u013e\u00faben\u00fd rozmer 200&#215;200 cm je ide\u00e1lny pre man\u017eelsk\u00fa poste\u013e a poskytuje dostatok priestoru a pohodlia. Univerz\u00e1lny dizajn a praktickos\u0165 s\u00fapravy sa hodia do dom\u00e1cnosti aj do hos\u0165ovsk\u00fdch izieb.<\/p>\n<p><strong>Nad\u010dasov\u00fd dizajn a rozmanit\u00fd v\u00fdber farieb<\/strong><\/p>\n<p>Dizajn je jednoduch\u00fd a elegantn\u00fd, \u010do umo\u017e\u0148uje kombinova\u0165 s\u00fapravu oblie\u010dok na perinu s r\u00f4znymi \u0161t\u00fdlmi interi\u00e9rov\u00e9ho dizajnu. \u010ci u\u017e ide o klasick\u00fd, modern\u00fd alebo \u0161kandin\u00e1vsky \u0161t\u00fdl, dod\u00e1 sp\u00e1lni \u00fatulnos\u0165 a svie\u017eos\u0165. \u0160irok\u00fd v\u00fdber farieb a rozmanit\u00e9 vzory v\u00e1m d\u00e1vaj\u00fa mo\u017enos\u0165 vybra\u0165 si t\u00f3n a \u0161t\u00fdl, ktor\u00fd najlep\u0161ie vyhovuje celkovej atmosf\u00e9re miestnosti a vytv\u00e1ra upokojuj\u00face a pr\u00edjemn\u00e9 prostredie.<\/p>\n<p><strong>Ekologick\u00fd v\u00fdber a pohodlie v ka\u017edom detaile<\/strong><\/p>\n<p>S\u00faprava oblie\u010dok na perinu zo 100 % bavlny je navrhnut\u00e1 pre pohodu pou\u017e\u00edvate\u013ea aj pre ochranu pr\u00edrody. Bavlna je biologicky odb\u00farate\u013en\u00e1 a vyr\u00e1ba sa pod\u013ea princ\u00edpov udr\u017eate\u013en\u00e9ho po\u013enohospod\u00e1rstva s pou\u017eit\u00edm minim\u00e1lneho mno\u017estva chemik\u00e1li\u00ed. M\u00e4kk\u00fd a k poko\u017eke \u0161etrn\u00fd materi\u00e1l podporuje zdrav\u00fd sp\u00e1nok a pom\u00e1ha zni\u017eova\u0165 riziko alergi\u00ed a podr\u00e1\u017eden\u00ed. Praktick\u00fd dizajn a jednoduch\u00e1 \u00fadr\u017eba ju robia vhodnou na ka\u017edodenn\u00e9 pou\u017e\u00edvanie, v\u010faka \u010domu bude sp\u00e1l\u0148a v\u017edy \u017eiari\u0165 \u010distotou a svie\u017eos\u0165ou.<\/p>\n","protected":false},"excerpt":{"rendered":"<p>Prirodzene m\u00e4kk\u00e1 a priedu\u0161n\u00e1 bavlnen\u00e1 oblie\u010dka na papl\u00f3n zais\u0165uje dobr\u00fd sp\u00e1nok a pohodlie.<\/p>\n<ul>\n<li>Materi\u00e1l: 100% bavlna<\/li>\n<li>L\u00e1tka: Sat\u00e9n<\/li>\n<li>Po\u010det vl\u00e1kien: 255 TC<\/li>\n<li>Oblie\u010dka na prikr\u00fdvku: 200\u00d7200 cm<\/li>\n<li>Oblie\u010dka na vank\u00fa\u0161: 50\u00d775 cm (2kus)<\/li>\n<li>Poste\u013en\u00e1 plachta: Nie je s\u00fa\u010das\u0165ou<\/li>\n<li>Pohodlie: Priedu\u0161n\u00e1 a m\u00e4kk\u00e1 text\u00fara<\/li>\n<\/ul>\n<p><img loading=\"lazy\" decoding=\"async\" class=\"alignnone wp-image-21477\" src=\"https:\/\/aztex.ee\/wp-content\/uploads\/2024\/09\/cotton-sertifika.png\" alt=\"\" width=\"185\" height=\"63\" srcset=\"https:\/\/aztex.ee\/wp-content\/uploads\/2024\/09\/cotton-sertifika.png 250w, https:\/\/aztex.ee\/wp-content\/uploads\/2024\/09\/cotton-sertifika-150x51.png 150w\" sizes=\"auto, (max-width: 185px) 100vw, 185px\" \/><\/p>\n","protected":false},"featured_media":93067,"comment_status":"open","ping_status":"closed","template":"","meta":[],"product_brand":[],"product_cat":[658,6062,682,687,678,681],"product_tag":[],"class_list":{"0":"post-93046","1":"product","2":"type-product","3":"status-publish","4":"has-post-thumbnail","6":"product_cat-bavlnena-postelna-bielizen","7":"product_cat-bavlnene-postelne-supravy-200x200","8":"product_cat-postelne-obliecky","9":"product_cat-postelne-supravy","10":"product_cat-satenove-obliecky","11":"product_cat-satenove-postelne-obliecky","13":"first","14":"instock","15":"shipping-taxable","16":"purchasable","17":"product-type-simple"},"yoast_head":"<!-- This site is optimized with the Yoast SEO plugin v27.3 - https:\/\/yoast.com\/product\/yoast-seo-wordpress\/ -->\n<title>Oblie\u010dka na papl\u00f3n z bavlnen\u00e9ho sat\u00e9nu 200x200 - Strieborn\u00e1 z\u00e1hrada<\/title>\n<meta name=\"description\" content=\"Oblie\u010dky 200x200 s\u00fa ide\u00e1lne pre t\u00fdch, ktor\u00ed si cenia m\u00e4kkos\u0165 a odolnos\u0165. Vysokokvalitn\u00e1 l\u00e1tka zais\u0165uje pokojn\u00fd sp\u00e1nok a zost\u00e1va kr\u00e1sna aj po \u010dastom pran\u00ed.\" \/>\n<meta name=\"robots\" content=\"index, follow, max-snippet:-1, max-image-preview:large, max-video-preview:-1\" \/>\n<link rel=\"canonical\" href=\"https:\/\/aztex.ee\/sk\/pood\/bavlnena-postelna-bielizen\/obliecka-na-paplon-z-bavlneneho-satenu-200x200-strieborna-zahrada\/\" \/>\n<meta property=\"og:locale\" content=\"sk_SK\" \/>\n<meta property=\"og:type\" content=\"article\" \/>\n<meta property=\"og:title\" content=\"Oblie\u010dka na papl\u00f3n z bavlnen\u00e9ho sat\u00e9nu 200x200 - Strieborn\u00e1 z\u00e1hrada\" \/>\n<meta property=\"og:description\" content=\"Oblie\u010dky 200x200 s\u00fa ide\u00e1lne pre t\u00fdch, ktor\u00ed si cenia m\u00e4kkos\u0165 a odolnos\u0165. Vysokokvalitn\u00e1 l\u00e1tka zais\u0165uje pokojn\u00fd sp\u00e1nok a zost\u00e1va kr\u00e1sna aj po \u010dastom pran\u00ed.\" \/>\n<meta property=\"og:url\" content=\"https:\/\/aztex.ee\/sk\/pood\/bavlnena-postelna-bielizen\/obliecka-na-paplon-z-bavlneneho-satenu-200x200-strieborna-zahrada\/\" \/>\n<meta property=\"og:site_name\" content=\"AZTEX\" \/>\n<meta property=\"article:publisher\" content=\"https:\/\/www.facebook.com\/AztexEE\" \/>\n<meta property=\"article:modified_time\" content=\"2026-03-17T19:30:53+00:00\" \/>\n<meta property=\"og:image\" content=\"https:\/\/aztex.ee\/wp-content\/uploads\/2025\/08\/Voodipesukomplekt-200x200-cm-Hobedane-aed.jpg\" \/>\n\t<meta property=\"og:image:width\" content=\"800\" \/>\n\t<meta property=\"og:image:height\" content=\"800\" \/>\n\t<meta property=\"og:image:type\" content=\"image\/jpeg\" \/>\n<meta name=\"twitter:card\" content=\"summary_large_image\" \/>\n<meta name=\"twitter:label1\" content=\"Predpokladan\u00fd \u010das \u010d\u00edtania\" \/>\n\t<meta name=\"twitter:data1\" content=\"3 min\u00faty\" \/>\n<script type=\"application\/ld+json\" class=\"yoast-schema-graph\">{\"@context\":\"https:\\\/\\\/schema.org\",\"@graph\":[{\"@type\":[\"WebPage\",\"ItemPage\"],\"@id\":\"https:\\\/\\\/aztex.ee\\\/sk\\\/pood\\\/bavlnena-postelna-bielizen\\\/obliecka-na-paplon-z-bavlneneho-satenu-200x200-strieborna-zahrada\\\/\",\"url\":\"https:\\\/\\\/aztex.ee\\\/sk\\\/pood\\\/bavlnena-postelna-bielizen\\\/obliecka-na-paplon-z-bavlneneho-satenu-200x200-strieborna-zahrada\\\/\",\"name\":\"Oblie\u010dka na papl\u00f3n z bavlnen\u00e9ho sat\u00e9nu 200x200 - Strieborn\u00e1 z\u00e1hrada\",\"isPartOf\":{\"@id\":\"https:\\\/\\\/aztex.ee\\\/sk\\\/#website\"},\"primaryImageOfPage\":{\"@id\":\"https:\\\/\\\/aztex.ee\\\/sk\\\/pood\\\/bavlnena-postelna-bielizen\\\/obliecka-na-paplon-z-bavlneneho-satenu-200x200-strieborna-zahrada\\\/#primaryimage\"},\"image\":{\"@id\":\"https:\\\/\\\/aztex.ee\\\/sk\\\/pood\\\/bavlnena-postelna-bielizen\\\/obliecka-na-paplon-z-bavlneneho-satenu-200x200-strieborna-zahrada\\\/#primaryimage\"},\"thumbnailUrl\":\"https:\\\/\\\/aztex.ee\\\/wp-content\\\/uploads\\\/2025\\\/08\\\/Voodipesukomplekt-200x200-cm-Hobedane-aed.jpg\",\"datePublished\":\"2025-08-24T05:52:39+00:00\",\"dateModified\":\"2026-03-17T19:30:53+00:00\",\"description\":\"Oblie\u010dky 200x200 s\u00fa ide\u00e1lne pre t\u00fdch, ktor\u00ed si cenia m\u00e4kkos\u0165 a odolnos\u0165. Vysokokvalitn\u00e1 l\u00e1tka zais\u0165uje pokojn\u00fd sp\u00e1nok a zost\u00e1va kr\u00e1sna aj po \u010dastom pran\u00ed.\",\"breadcrumb\":{\"@id\":\"https:\\\/\\\/aztex.ee\\\/sk\\\/pood\\\/bavlnena-postelna-bielizen\\\/obliecka-na-paplon-z-bavlneneho-satenu-200x200-strieborna-zahrada\\\/#breadcrumb\"},\"inLanguage\":\"sk-SK\",\"potentialAction\":[{\"@type\":\"ReadAction\",\"target\":[\"https:\\\/\\\/aztex.ee\\\/sk\\\/pood\\\/bavlnena-postelna-bielizen\\\/obliecka-na-paplon-z-bavlneneho-satenu-200x200-strieborna-zahrada\\\/\"]}]},{\"@type\":\"ImageObject\",\"inLanguage\":\"sk-SK\",\"@id\":\"https:\\\/\\\/aztex.ee\\\/sk\\\/pood\\\/bavlnena-postelna-bielizen\\\/obliecka-na-paplon-z-bavlneneho-satenu-200x200-strieborna-zahrada\\\/#primaryimage\",\"url\":\"https:\\\/\\\/aztex.ee\\\/wp-content\\\/uploads\\\/2025\\\/08\\\/Voodipesukomplekt-200x200-cm-Hobedane-aed.jpg\",\"contentUrl\":\"https:\\\/\\\/aztex.ee\\\/wp-content\\\/uploads\\\/2025\\\/08\\\/Voodipesukomplekt-200x200-cm-Hobedane-aed.jpg\",\"width\":800,\"height\":800,\"caption\":\"Voodipesukomplekt 200x200 cm H\u00f5bedane aed\"},{\"@type\":\"BreadcrumbList\",\"@id\":\"https:\\\/\\\/aztex.ee\\\/sk\\\/pood\\\/bavlnena-postelna-bielizen\\\/obliecka-na-paplon-z-bavlneneho-satenu-200x200-strieborna-zahrada\\\/#breadcrumb\",\"itemListElement\":[{\"@type\":\"ListItem\",\"position\":1,\"name\":\"Domov\",\"item\":\"https:\\\/\\\/aztex.ee\\\/sk\\\/\"},{\"@type\":\"ListItem\",\"position\":2,\"name\":\"Obchod\",\"item\":\"https:\\\/\\\/aztex.ee\\\/sk\\\/obchod\\\/\"},{\"@type\":\"ListItem\",\"position\":3,\"name\":\"Bavlnen\u00e9 oblie\u010dky 200&#215;200 | Strieborn\u00e1 z\u00e1hrada\"}]},{\"@type\":\"WebSite\",\"@id\":\"https:\\\/\\\/aztex.ee\\\/sk\\\/#website\",\"url\":\"https:\\\/\\\/aztex.ee\\\/sk\\\/\",\"name\":\"AZTEX\",\"description\":\"\",\"publisher\":{\"@id\":\"https:\\\/\\\/aztex.ee\\\/sk\\\/#organization\"},\"potentialAction\":[{\"@type\":\"SearchAction\",\"target\":{\"@type\":\"EntryPoint\",\"urlTemplate\":\"https:\\\/\\\/aztex.ee\\\/sk\\\/?s={search_term_string}\"},\"query-input\":{\"@type\":\"PropertyValueSpecification\",\"valueRequired\":true,\"valueName\":\"search_term_string\"}}],\"inLanguage\":\"sk-SK\"},{\"@type\":\"Organization\",\"@id\":\"https:\\\/\\\/aztex.ee\\\/sk\\\/#organization\",\"name\":\"AZTEX\",\"url\":\"https:\\\/\\\/aztex.ee\\\/sk\\\/\",\"logo\":{\"@type\":\"ImageObject\",\"inLanguage\":\"sk-SK\",\"@id\":\"https:\\\/\\\/aztex.ee\\\/sk\\\/#\\\/schema\\\/logo\\\/image\\\/\",\"url\":\"https:\\\/\\\/aztex.ee\\\/wp-content\\\/uploads\\\/2026\\\/01\\\/AZTEX.png\",\"contentUrl\":\"https:\\\/\\\/aztex.ee\\\/wp-content\\\/uploads\\\/2026\\\/01\\\/AZTEX.png\",\"width\":500,\"height\":500,\"caption\":\"AZTEX\"},\"image\":{\"@id\":\"https:\\\/\\\/aztex.ee\\\/sk\\\/#\\\/schema\\\/logo\\\/image\\\/\"},\"sameAs\":[\"https:\\\/\\\/www.facebook.com\\\/AztexEE\",\"https:\\\/\\\/www.instagram.com\\\/aztexeesti\\\/\",\"https:\\\/\\\/www.youtube.com\\\/@AZTEXEE\",\"https:\\\/\\\/www.pinterest.com\\\/aztex_eesti\\\/\",\"https:\\\/\\\/www.tiktok.com\\\/@aztexeesti\",\"https:\\\/\\\/www.trustpilot.com\\\/review\\\/aztex.ee\",\"https:\\\/\\\/www.linkedin.com\\\/company\\\/aztex-ee\\\/\",\"https:\\\/\\\/www.wikidata.org\\\/wiki\\\/Q137560182\"]}]}<\/script>\n<!-- \/ Yoast SEO plugin. -->","yoast_head_json":{"title":"Oblie\u010dka na papl\u00f3n z bavlnen\u00e9ho sat\u00e9nu 200x200 - Strieborn\u00e1 z\u00e1hrada","description":"Oblie\u010dky 200x200 s\u00fa ide\u00e1lne pre t\u00fdch, ktor\u00ed si cenia m\u00e4kkos\u0165 a odolnos\u0165. Vysokokvalitn\u00e1 l\u00e1tka zais\u0165uje pokojn\u00fd sp\u00e1nok a zost\u00e1va kr\u00e1sna aj po \u010dastom pran\u00ed.","robots":{"index":"index","follow":"follow","max-snippet":"max-snippet:-1","max-image-preview":"max-image-preview:large","max-video-preview":"max-video-preview:-1"},"canonical":"https:\/\/aztex.ee\/sk\/pood\/bavlnena-postelna-bielizen\/obliecka-na-paplon-z-bavlneneho-satenu-200x200-strieborna-zahrada\/","og_locale":"sk_SK","og_type":"article","og_title":"Oblie\u010dka na papl\u00f3n z bavlnen\u00e9ho sat\u00e9nu 200x200 - Strieborn\u00e1 z\u00e1hrada","og_description":"Oblie\u010dky 200x200 s\u00fa ide\u00e1lne pre t\u00fdch, ktor\u00ed si cenia m\u00e4kkos\u0165 a odolnos\u0165. Vysokokvalitn\u00e1 l\u00e1tka zais\u0165uje pokojn\u00fd sp\u00e1nok a zost\u00e1va kr\u00e1sna aj po \u010dastom pran\u00ed.","og_url":"https:\/\/aztex.ee\/sk\/pood\/bavlnena-postelna-bielizen\/obliecka-na-paplon-z-bavlneneho-satenu-200x200-strieborna-zahrada\/","og_site_name":"AZTEX","article_publisher":"https:\/\/www.facebook.com\/AztexEE","article_modified_time":"2026-03-17T19:30:53+00:00","og_image":[{"width":800,"height":800,"url":"https:\/\/aztex.ee\/wp-content\/uploads\/2025\/08\/Voodipesukomplekt-200x200-cm-Hobedane-aed.jpg","type":"image\/jpeg"}],"twitter_card":"summary_large_image","twitter_misc":{"Predpokladan\u00fd \u010das \u010d\u00edtania":"3 min\u00faty"},"schema":{"@context":"https:\/\/schema.org","@graph":[{"@type":["WebPage","ItemPage"],"@id":"https:\/\/aztex.ee\/sk\/pood\/bavlnena-postelna-bielizen\/obliecka-na-paplon-z-bavlneneho-satenu-200x200-strieborna-zahrada\/","url":"https:\/\/aztex.ee\/sk\/pood\/bavlnena-postelna-bielizen\/obliecka-na-paplon-z-bavlneneho-satenu-200x200-strieborna-zahrada\/","name":"Oblie\u010dka na papl\u00f3n z bavlnen\u00e9ho sat\u00e9nu 200x200 - Strieborn\u00e1 z\u00e1hrada","isPartOf":{"@id":"https:\/\/aztex.ee\/sk\/#website"},"primaryImageOfPage":{"@id":"https:\/\/aztex.ee\/sk\/pood\/bavlnena-postelna-bielizen\/obliecka-na-paplon-z-bavlneneho-satenu-200x200-strieborna-zahrada\/#primaryimage"},"image":{"@id":"https:\/\/aztex.ee\/sk\/pood\/bavlnena-postelna-bielizen\/obliecka-na-paplon-z-bavlneneho-satenu-200x200-strieborna-zahrada\/#primaryimage"},"thumbnailUrl":"https:\/\/aztex.ee\/wp-content\/uploads\/2025\/08\/Voodipesukomplekt-200x200-cm-Hobedane-aed.jpg","datePublished":"2025-08-24T05:52:39+00:00","dateModified":"2026-03-17T19:30:53+00:00","description":"Oblie\u010dky 200x200 s\u00fa ide\u00e1lne pre t\u00fdch, ktor\u00ed si cenia m\u00e4kkos\u0165 a odolnos\u0165. Vysokokvalitn\u00e1 l\u00e1tka zais\u0165uje pokojn\u00fd sp\u00e1nok a zost\u00e1va kr\u00e1sna aj po \u010dastom pran\u00ed.","breadcrumb":{"@id":"https:\/\/aztex.ee\/sk\/pood\/bavlnena-postelna-bielizen\/obliecka-na-paplon-z-bavlneneho-satenu-200x200-strieborna-zahrada\/#breadcrumb"},"inLanguage":"sk-SK","potentialAction":[{"@type":"ReadAction","target":["https:\/\/aztex.ee\/sk\/pood\/bavlnena-postelna-bielizen\/obliecka-na-paplon-z-bavlneneho-satenu-200x200-strieborna-zahrada\/"]}]},{"@type":"ImageObject","inLanguage":"sk-SK","@id":"https:\/\/aztex.ee\/sk\/pood\/bavlnena-postelna-bielizen\/obliecka-na-paplon-z-bavlneneho-satenu-200x200-strieborna-zahrada\/#primaryimage","url":"https:\/\/aztex.ee\/wp-content\/uploads\/2025\/08\/Voodipesukomplekt-200x200-cm-Hobedane-aed.jpg","contentUrl":"https:\/\/aztex.ee\/wp-content\/uploads\/2025\/08\/Voodipesukomplekt-200x200-cm-Hobedane-aed.jpg","width":800,"height":800,"caption":"Voodipesukomplekt 200x200 cm H\u00f5bedane aed"},{"@type":"BreadcrumbList","@id":"https:\/\/aztex.ee\/sk\/pood\/bavlnena-postelna-bielizen\/obliecka-na-paplon-z-bavlneneho-satenu-200x200-strieborna-zahrada\/#breadcrumb","itemListElement":[{"@type":"ListItem","position":1,"name":"Domov","item":"https:\/\/aztex.ee\/sk\/"},{"@type":"ListItem","position":2,"name":"Obchod","item":"https:\/\/aztex.ee\/sk\/obchod\/"},{"@type":"ListItem","position":3,"name":"Bavlnen\u00e9 oblie\u010dky 200&#215;200 | Strieborn\u00e1 z\u00e1hrada"}]},{"@type":"WebSite","@id":"https:\/\/aztex.ee\/sk\/#website","url":"https:\/\/aztex.ee\/sk\/","name":"AZTEX","description":"","publisher":{"@id":"https:\/\/aztex.ee\/sk\/#organization"},"potentialAction":[{"@type":"SearchAction","target":{"@type":"EntryPoint","urlTemplate":"https:\/\/aztex.ee\/sk\/?s={search_term_string}"},"query-input":{"@type":"PropertyValueSpecification","valueRequired":true,"valueName":"search_term_string"}}],"inLanguage":"sk-SK"},{"@type":"Organization","@id":"https:\/\/aztex.ee\/sk\/#organization","name":"AZTEX","url":"https:\/\/aztex.ee\/sk\/","logo":{"@type":"ImageObject","inLanguage":"sk-SK","@id":"https:\/\/aztex.ee\/sk\/#\/schema\/logo\/image\/","url":"https:\/\/aztex.ee\/wp-content\/uploads\/2026\/01\/AZTEX.png","contentUrl":"https:\/\/aztex.ee\/wp-content\/uploads\/2026\/01\/AZTEX.png","width":500,"height":500,"caption":"AZTEX"},"image":{"@id":"https:\/\/aztex.ee\/sk\/#\/schema\/logo\/image\/"},"sameAs":["https:\/\/www.facebook.com\/AztexEE","https:\/\/www.instagram.com\/aztexeesti\/","https:\/\/www.youtube.com\/@AZTEXEE","https:\/\/www.pinterest.com\/aztex_eesti\/","https:\/\/www.tiktok.com\/@aztexeesti","https:\/\/www.trustpilot.com\/review\/aztex.ee","https:\/\/www.linkedin.com\/company\/aztex-ee\/","https:\/\/www.wikidata.org\/wiki\/Q137560182"]}]}},"_links":{"self":[{"href":"https:\/\/aztex.ee\/sk\/wp-json\/wp\/v2\/product\/93046","targetHints":{"allow":["GET"]}}],"collection":[{"href":"https:\/\/aztex.ee\/sk\/wp-json\/wp\/v2\/product"}],"about":[{"href":"https:\/\/aztex.ee\/sk\/wp-json\/wp\/v2\/types\/product"}],"replies":[{"embeddable":true,"href":"https:\/\/aztex.ee\/sk\/wp-json\/wp\/v2\/comments?post=93046"}],"version-history":[{"count":0,"href":"https:\/\/aztex.ee\/sk\/wp-json\/wp\/v2\/product\/93046\/revisions"}],"wp:featuredmedia":[{"embeddable":true,"href":"https:\/\/aztex.ee\/sk\/wp-json\/wp\/v2\/media\/93067"}],"wp:attachment":[{"href":"https:\/\/aztex.ee\/sk\/wp-json\/wp\/v2\/media?parent=93046"}],"wp:term":[{"taxonomy":"product_brand","embeddable":true,"href":"https:\/\/aztex.ee\/sk\/wp-json\/wp\/v2\/product_brand?post=93046"},{"taxonomy":"product_cat","embeddable":true,"href":"https:\/\/aztex.ee\/sk\/wp-json\/wp\/v2\/product_cat?post=93046"},{"taxonomy":"product_tag","embeddable":true,"href":"https:\/\/aztex.ee\/sk\/wp-json\/wp\/v2\/product_tag?post=93046"}],"curies":[{"name":"wp","href":"https:\/\/api.w.org\/{rel}","templated":true}]}}