{"id":91234,"date":"2025-08-15T15:44:39","date_gmt":"2025-08-15T15:44:39","guid":{"rendered":"https:\/\/aztex.ee\/?post_type=product&#038;p=91234"},"modified":"2025-08-15T17:01:31","modified_gmt":"2025-08-15T17:01:31","slug":"konopna-obliecka-na-vankus-horcica","status":"publish","type":"product","link":"https:\/\/aztex.ee\/sk\/pood\/konopne-obliecky-na-vankuse\/konopna-obliecka-na-vankus-horcica\/","title":{"rendered":"Konopn\u00e1 oblie\u010dka na vank\u00fa\u0161 | Hor\u010dica"},"content":{"rendered":"<p>Konopn\u00e1 oblie\u010dka na vank\u00fa\u0161 dod\u00e1 ka\u017edej sp\u00e1lni luxusn\u00fd a modern\u00fd vzh\u013ead v\u010faka prirodzenosti konope. Tento materi\u00e1l poskytuje oblie\u010dke na vank\u00fa\u0161 odolnos\u0165 a dlh\u00fa \u017eivotnos\u0165, v\u010faka \u010domu je skvelou vo\u013ebou pre t\u00fdch, ktor\u00ed uprednost\u0148uj\u00fa ekologick\u00fd \u017eivotn\u00fd \u0161t\u00fdl.<\/p>\n<p>Pou\u017e\u00edvanie konopnej oblie\u010dky na vank\u00fa\u0161 podporuje dobr\u00fd sp\u00e1nok a zlep\u0161uje celkov\u00fa pohodu. Antibakteri\u00e1lne a alerg\u00e9nne vlastnosti konope z neho robia ide\u00e1lnu vo\u013ebu pre alergikov aj astmatikov, preto\u017ee konope odpudzuje bakt\u00e9rie a udr\u017e\u00ed oblie\u010dku na vank\u00fa\u0161 dlh\u0161ie \u010dist\u00fa.<\/p>\n","protected":false},"excerpt":{"rendered":"<p>Konopn\u00e1 oblie\u010dka na vank\u00fa\u0161 je odoln\u00e1, priedu\u0161n\u00e1 a \u0161etrn\u00e1 k poko\u017eke pre pohodln\u00fd sp\u00e1nok.<\/p>\n<ul>\n<li>Farba: Hor\u010dica<\/li>\n<li>Materi\u00e1l: 100% Konop\u00ed, 180 g\/m2<\/li>\n<\/ul>\n<p><img loading=\"lazy\" decoding=\"async\" class=\"alignnone size-full wp-image-20226\" src=\"https:\/\/aztex.ee\/wp-content\/uploads\/2024\/09\/oekotex100.png\" alt=\"\" width=\"204\" height=\"72\" srcset=\"https:\/\/aztex.ee\/wp-content\/uploads\/2024\/09\/oekotex100.png 204w, https:\/\/aztex.ee\/wp-content\/uploads\/2024\/09\/oekotex100-150x53.png 150w\" sizes=\"auto, (max-width: 204px) 100vw, 204px\" \/><img loading=\"lazy\" decoding=\"async\" class=\"alignnone wp-image-20896\" src=\"https:\/\/aztex.ee\/wp-content\/uploads\/2024\/09\/NATURALHEMP.png\" alt=\"\" width=\"79\" height=\"79\" srcset=\"https:\/\/aztex.ee\/wp-content\/uploads\/2024\/09\/NATURALHEMP.png 300w, https:\/\/aztex.ee\/wp-content\/uploads\/2024\/09\/NATURALHEMP-150x150.png 150w\" sizes=\"auto, (max-width: 79px) 100vw, 79px\" \/><\/p>\n","protected":false},"featured_media":91378,"comment_status":"open","ping_status":"closed","template":"","meta":[],"product_brand":[],"product_cat":[640,1786],"product_tag":[],"class_list":{"0":"post-91234","1":"product","2":"type-product","3":"status-publish","4":"has-post-thumbnail","6":"product_cat-konopne-obliecky-na-vankuse","7":"product_cat-obliecky-na-vankuse","9":"first","10":"instock","11":"shipping-taxable","12":"purchasable","13":"product-type-variable"},"yoast_head":"<!-- This site is optimized with the Yoast SEO plugin v27.3 - https:\/\/yoast.com\/product\/yoast-seo-wordpress\/ -->\n<title>Oblie\u010dka na vank\u00fa\u0161 z konope - Hor\u010dica | AZTEX<\/title>\n<meta name=\"description\" content=\"Oblie\u010dka na vank\u00fa\u0161 z konope je m\u00e4kk\u00e1, priedu\u0161n\u00e1 a antibakteri\u00e1lna. Udr\u017eiava vank\u00fa\u0161 svie\u017ei, reguluje vlhkos\u0165 a je vhodn\u00e1 aj pre citliv\u00fa a alergick\u00fa poko\u017eku.\" \/>\n<meta name=\"robots\" content=\"index, follow, max-snippet:-1, max-image-preview:large, max-video-preview:-1\" \/>\n<link rel=\"canonical\" href=\"https:\/\/aztex.ee\/sk\/pood\/konopne-obliecky-na-vankuse\/konopna-obliecka-na-vankus-horcica\/\" \/>\n<meta property=\"og:locale\" content=\"sk_SK\" \/>\n<meta property=\"og:type\" content=\"article\" \/>\n<meta property=\"og:title\" content=\"Oblie\u010dka na vank\u00fa\u0161 z konope - Hor\u010dica | AZTEX\" \/>\n<meta property=\"og:description\" content=\"Oblie\u010dka na vank\u00fa\u0161 z konope je m\u00e4kk\u00e1, priedu\u0161n\u00e1 a antibakteri\u00e1lna. Udr\u017eiava vank\u00fa\u0161 svie\u017ei, reguluje vlhkos\u0165 a je vhodn\u00e1 aj pre citliv\u00fa a alergick\u00fa poko\u017eku.\" \/>\n<meta property=\"og:url\" content=\"https:\/\/aztex.ee\/sk\/pood\/konopne-obliecky-na-vankuse\/konopna-obliecka-na-vankus-horcica\/\" \/>\n<meta property=\"og:site_name\" content=\"AZTEX\" \/>\n<meta property=\"article:publisher\" content=\"https:\/\/www.facebook.com\/AztexEE\" \/>\n<meta property=\"article:modified_time\" content=\"2025-08-15T17:01:31+00:00\" \/>\n<meta property=\"og:image\" content=\"https:\/\/aztex.ee\/wp-content\/uploads\/2025\/08\/Sinep-varv-Kanepist-padjapuur.jpg\" \/>\n\t<meta property=\"og:image:width\" content=\"800\" \/>\n\t<meta property=\"og:image:height\" content=\"800\" \/>\n\t<meta property=\"og:image:type\" content=\"image\/jpeg\" \/>\n<meta name=\"twitter:card\" content=\"summary_large_image\" \/>\n<meta name=\"twitter:label1\" content=\"Predpokladan\u00fd \u010das \u010d\u00edtania\" \/>\n\t<meta name=\"twitter:data1\" content=\"1 min\u00fata\" \/>\n<script type=\"application\/ld+json\" class=\"yoast-schema-graph\">{\"@context\":\"https:\\\/\\\/schema.org\",\"@graph\":[{\"@type\":[\"WebPage\",\"ItemPage\"],\"@id\":\"https:\\\/\\\/aztex.ee\\\/sk\\\/pood\\\/konopne-obliecky-na-vankuse\\\/konopna-obliecka-na-vankus-horcica\\\/\",\"url\":\"https:\\\/\\\/aztex.ee\\\/sk\\\/pood\\\/konopne-obliecky-na-vankuse\\\/konopna-obliecka-na-vankus-horcica\\\/\",\"name\":\"Oblie\u010dka na vank\u00fa\u0161 z konope - Hor\u010dica | AZTEX\",\"isPartOf\":{\"@id\":\"https:\\\/\\\/aztex.ee\\\/sk\\\/#website\"},\"primaryImageOfPage\":{\"@id\":\"https:\\\/\\\/aztex.ee\\\/sk\\\/pood\\\/konopne-obliecky-na-vankuse\\\/konopna-obliecka-na-vankus-horcica\\\/#primaryimage\"},\"image\":{\"@id\":\"https:\\\/\\\/aztex.ee\\\/sk\\\/pood\\\/konopne-obliecky-na-vankuse\\\/konopna-obliecka-na-vankus-horcica\\\/#primaryimage\"},\"thumbnailUrl\":\"https:\\\/\\\/aztex.ee\\\/wp-content\\\/uploads\\\/2025\\\/08\\\/Sinep-varv-Kanepist-padjapuur.jpg\",\"datePublished\":\"2025-08-15T15:44:39+00:00\",\"dateModified\":\"2025-08-15T17:01:31+00:00\",\"description\":\"Oblie\u010dka na vank\u00fa\u0161 z konope je m\u00e4kk\u00e1, priedu\u0161n\u00e1 a antibakteri\u00e1lna. Udr\u017eiava vank\u00fa\u0161 svie\u017ei, reguluje vlhkos\u0165 a je vhodn\u00e1 aj pre citliv\u00fa a alergick\u00fa poko\u017eku.\",\"breadcrumb\":{\"@id\":\"https:\\\/\\\/aztex.ee\\\/sk\\\/pood\\\/konopne-obliecky-na-vankuse\\\/konopna-obliecka-na-vankus-horcica\\\/#breadcrumb\"},\"inLanguage\":\"sk-SK\",\"potentialAction\":[{\"@type\":\"ReadAction\",\"target\":[\"https:\\\/\\\/aztex.ee\\\/sk\\\/pood\\\/konopne-obliecky-na-vankuse\\\/konopna-obliecka-na-vankus-horcica\\\/\"]}]},{\"@type\":\"ImageObject\",\"inLanguage\":\"sk-SK\",\"@id\":\"https:\\\/\\\/aztex.ee\\\/sk\\\/pood\\\/konopne-obliecky-na-vankuse\\\/konopna-obliecka-na-vankus-horcica\\\/#primaryimage\",\"url\":\"https:\\\/\\\/aztex.ee\\\/wp-content\\\/uploads\\\/2025\\\/08\\\/Sinep-varv-Kanepist-padjapuur.jpg\",\"contentUrl\":\"https:\\\/\\\/aztex.ee\\\/wp-content\\\/uploads\\\/2025\\\/08\\\/Sinep-varv-Kanepist-padjapuur.jpg\",\"width\":800,\"height\":800,\"caption\":\"Sinep v\u00e4rv Kanepist padjap\u00fc\u00fcr\"},{\"@type\":\"BreadcrumbList\",\"@id\":\"https:\\\/\\\/aztex.ee\\\/sk\\\/pood\\\/konopne-obliecky-na-vankuse\\\/konopna-obliecka-na-vankus-horcica\\\/#breadcrumb\",\"itemListElement\":[{\"@type\":\"ListItem\",\"position\":1,\"name\":\"Domov\",\"item\":\"https:\\\/\\\/aztex.ee\\\/sk\\\/\"},{\"@type\":\"ListItem\",\"position\":2,\"name\":\"Obchod\",\"item\":\"https:\\\/\\\/aztex.ee\\\/sk\\\/obchod\\\/\"},{\"@type\":\"ListItem\",\"position\":3,\"name\":\"Konopn\u00e1 oblie\u010dka na vank\u00fa\u0161 | Hor\u010dica\"}]},{\"@type\":\"WebSite\",\"@id\":\"https:\\\/\\\/aztex.ee\\\/sk\\\/#website\",\"url\":\"https:\\\/\\\/aztex.ee\\\/sk\\\/\",\"name\":\"AZTEX\",\"description\":\"\",\"publisher\":{\"@id\":\"https:\\\/\\\/aztex.ee\\\/sk\\\/#organization\"},\"potentialAction\":[{\"@type\":\"SearchAction\",\"target\":{\"@type\":\"EntryPoint\",\"urlTemplate\":\"https:\\\/\\\/aztex.ee\\\/sk\\\/?s={search_term_string}\"},\"query-input\":{\"@type\":\"PropertyValueSpecification\",\"valueRequired\":true,\"valueName\":\"search_term_string\"}}],\"inLanguage\":\"sk-SK\"},{\"@type\":\"Organization\",\"@id\":\"https:\\\/\\\/aztex.ee\\\/sk\\\/#organization\",\"name\":\"AZTEX\",\"url\":\"https:\\\/\\\/aztex.ee\\\/sk\\\/\",\"logo\":{\"@type\":\"ImageObject\",\"inLanguage\":\"sk-SK\",\"@id\":\"https:\\\/\\\/aztex.ee\\\/sk\\\/#\\\/schema\\\/logo\\\/image\\\/\",\"url\":\"https:\\\/\\\/aztex.ee\\\/wp-content\\\/uploads\\\/2026\\\/01\\\/AZTEX.png\",\"contentUrl\":\"https:\\\/\\\/aztex.ee\\\/wp-content\\\/uploads\\\/2026\\\/01\\\/AZTEX.png\",\"width\":500,\"height\":500,\"caption\":\"AZTEX\"},\"image\":{\"@id\":\"https:\\\/\\\/aztex.ee\\\/sk\\\/#\\\/schema\\\/logo\\\/image\\\/\"},\"sameAs\":[\"https:\\\/\\\/www.facebook.com\\\/AztexEE\",\"https:\\\/\\\/www.instagram.com\\\/aztexeesti\\\/\",\"https:\\\/\\\/www.youtube.com\\\/@AZTEXEE\",\"https:\\\/\\\/www.pinterest.com\\\/aztex_eesti\\\/\",\"https:\\\/\\\/www.tiktok.com\\\/@aztexeesti\",\"https:\\\/\\\/www.trustpilot.com\\\/review\\\/aztex.ee\",\"https:\\\/\\\/www.linkedin.com\\\/company\\\/aztex-ee\\\/\",\"https:\\\/\\\/www.wikidata.org\\\/wiki\\\/Q137560182\"]}]}<\/script>\n<!-- \/ Yoast SEO plugin. -->","yoast_head_json":{"title":"Oblie\u010dka na vank\u00fa\u0161 z konope - Hor\u010dica | AZTEX","description":"Oblie\u010dka na vank\u00fa\u0161 z konope je m\u00e4kk\u00e1, priedu\u0161n\u00e1 a antibakteri\u00e1lna. Udr\u017eiava vank\u00fa\u0161 svie\u017ei, reguluje vlhkos\u0165 a je vhodn\u00e1 aj pre citliv\u00fa a alergick\u00fa poko\u017eku.","robots":{"index":"index","follow":"follow","max-snippet":"max-snippet:-1","max-image-preview":"max-image-preview:large","max-video-preview":"max-video-preview:-1"},"canonical":"https:\/\/aztex.ee\/sk\/pood\/konopne-obliecky-na-vankuse\/konopna-obliecka-na-vankus-horcica\/","og_locale":"sk_SK","og_type":"article","og_title":"Oblie\u010dka na vank\u00fa\u0161 z konope - Hor\u010dica | AZTEX","og_description":"Oblie\u010dka na vank\u00fa\u0161 z konope je m\u00e4kk\u00e1, priedu\u0161n\u00e1 a antibakteri\u00e1lna. Udr\u017eiava vank\u00fa\u0161 svie\u017ei, reguluje vlhkos\u0165 a je vhodn\u00e1 aj pre citliv\u00fa a alergick\u00fa poko\u017eku.","og_url":"https:\/\/aztex.ee\/sk\/pood\/konopne-obliecky-na-vankuse\/konopna-obliecka-na-vankus-horcica\/","og_site_name":"AZTEX","article_publisher":"https:\/\/www.facebook.com\/AztexEE","article_modified_time":"2025-08-15T17:01:31+00:00","og_image":[{"width":800,"height":800,"url":"https:\/\/aztex.ee\/wp-content\/uploads\/2025\/08\/Sinep-varv-Kanepist-padjapuur.jpg","type":"image\/jpeg"}],"twitter_card":"summary_large_image","twitter_misc":{"Predpokladan\u00fd \u010das \u010d\u00edtania":"1 min\u00fata"},"schema":{"@context":"https:\/\/schema.org","@graph":[{"@type":["WebPage","ItemPage"],"@id":"https:\/\/aztex.ee\/sk\/pood\/konopne-obliecky-na-vankuse\/konopna-obliecka-na-vankus-horcica\/","url":"https:\/\/aztex.ee\/sk\/pood\/konopne-obliecky-na-vankuse\/konopna-obliecka-na-vankus-horcica\/","name":"Oblie\u010dka na vank\u00fa\u0161 z konope - Hor\u010dica | AZTEX","isPartOf":{"@id":"https:\/\/aztex.ee\/sk\/#website"},"primaryImageOfPage":{"@id":"https:\/\/aztex.ee\/sk\/pood\/konopne-obliecky-na-vankuse\/konopna-obliecka-na-vankus-horcica\/#primaryimage"},"image":{"@id":"https:\/\/aztex.ee\/sk\/pood\/konopne-obliecky-na-vankuse\/konopna-obliecka-na-vankus-horcica\/#primaryimage"},"thumbnailUrl":"https:\/\/aztex.ee\/wp-content\/uploads\/2025\/08\/Sinep-varv-Kanepist-padjapuur.jpg","datePublished":"2025-08-15T15:44:39+00:00","dateModified":"2025-08-15T17:01:31+00:00","description":"Oblie\u010dka na vank\u00fa\u0161 z konope je m\u00e4kk\u00e1, priedu\u0161n\u00e1 a antibakteri\u00e1lna. Udr\u017eiava vank\u00fa\u0161 svie\u017ei, reguluje vlhkos\u0165 a je vhodn\u00e1 aj pre citliv\u00fa a alergick\u00fa poko\u017eku.","breadcrumb":{"@id":"https:\/\/aztex.ee\/sk\/pood\/konopne-obliecky-na-vankuse\/konopna-obliecka-na-vankus-horcica\/#breadcrumb"},"inLanguage":"sk-SK","potentialAction":[{"@type":"ReadAction","target":["https:\/\/aztex.ee\/sk\/pood\/konopne-obliecky-na-vankuse\/konopna-obliecka-na-vankus-horcica\/"]}]},{"@type":"ImageObject","inLanguage":"sk-SK","@id":"https:\/\/aztex.ee\/sk\/pood\/konopne-obliecky-na-vankuse\/konopna-obliecka-na-vankus-horcica\/#primaryimage","url":"https:\/\/aztex.ee\/wp-content\/uploads\/2025\/08\/Sinep-varv-Kanepist-padjapuur.jpg","contentUrl":"https:\/\/aztex.ee\/wp-content\/uploads\/2025\/08\/Sinep-varv-Kanepist-padjapuur.jpg","width":800,"height":800,"caption":"Sinep v\u00e4rv Kanepist padjap\u00fc\u00fcr"},{"@type":"BreadcrumbList","@id":"https:\/\/aztex.ee\/sk\/pood\/konopne-obliecky-na-vankuse\/konopna-obliecka-na-vankus-horcica\/#breadcrumb","itemListElement":[{"@type":"ListItem","position":1,"name":"Domov","item":"https:\/\/aztex.ee\/sk\/"},{"@type":"ListItem","position":2,"name":"Obchod","item":"https:\/\/aztex.ee\/sk\/obchod\/"},{"@type":"ListItem","position":3,"name":"Konopn\u00e1 oblie\u010dka na vank\u00fa\u0161 | Hor\u010dica"}]},{"@type":"WebSite","@id":"https:\/\/aztex.ee\/sk\/#website","url":"https:\/\/aztex.ee\/sk\/","name":"AZTEX","description":"","publisher":{"@id":"https:\/\/aztex.ee\/sk\/#organization"},"potentialAction":[{"@type":"SearchAction","target":{"@type":"EntryPoint","urlTemplate":"https:\/\/aztex.ee\/sk\/?s={search_term_string}"},"query-input":{"@type":"PropertyValueSpecification","valueRequired":true,"valueName":"search_term_string"}}],"inLanguage":"sk-SK"},{"@type":"Organization","@id":"https:\/\/aztex.ee\/sk\/#organization","name":"AZTEX","url":"https:\/\/aztex.ee\/sk\/","logo":{"@type":"ImageObject","inLanguage":"sk-SK","@id":"https:\/\/aztex.ee\/sk\/#\/schema\/logo\/image\/","url":"https:\/\/aztex.ee\/wp-content\/uploads\/2026\/01\/AZTEX.png","contentUrl":"https:\/\/aztex.ee\/wp-content\/uploads\/2026\/01\/AZTEX.png","width":500,"height":500,"caption":"AZTEX"},"image":{"@id":"https:\/\/aztex.ee\/sk\/#\/schema\/logo\/image\/"},"sameAs":["https:\/\/www.facebook.com\/AztexEE","https:\/\/www.instagram.com\/aztexeesti\/","https:\/\/www.youtube.com\/@AZTEXEE","https:\/\/www.pinterest.com\/aztex_eesti\/","https:\/\/www.tiktok.com\/@aztexeesti","https:\/\/www.trustpilot.com\/review\/aztex.ee","https:\/\/www.linkedin.com\/company\/aztex-ee\/","https:\/\/www.wikidata.org\/wiki\/Q137560182"]}]}},"_links":{"self":[{"href":"https:\/\/aztex.ee\/sk\/wp-json\/wp\/v2\/product\/91234","targetHints":{"allow":["GET"]}}],"collection":[{"href":"https:\/\/aztex.ee\/sk\/wp-json\/wp\/v2\/product"}],"about":[{"href":"https:\/\/aztex.ee\/sk\/wp-json\/wp\/v2\/types\/product"}],"replies":[{"embeddable":true,"href":"https:\/\/aztex.ee\/sk\/wp-json\/wp\/v2\/comments?post=91234"}],"version-history":[{"count":0,"href":"https:\/\/aztex.ee\/sk\/wp-json\/wp\/v2\/product\/91234\/revisions"}],"wp:featuredmedia":[{"embeddable":true,"href":"https:\/\/aztex.ee\/sk\/wp-json\/wp\/v2\/media\/91378"}],"wp:attachment":[{"href":"https:\/\/aztex.ee\/sk\/wp-json\/wp\/v2\/media?parent=91234"}],"wp:term":[{"taxonomy":"product_brand","embeddable":true,"href":"https:\/\/aztex.ee\/sk\/wp-json\/wp\/v2\/product_brand?post=91234"},{"taxonomy":"product_cat","embeddable":true,"href":"https:\/\/aztex.ee\/sk\/wp-json\/wp\/v2\/product_cat?post=91234"},{"taxonomy":"product_tag","embeddable":true,"href":"https:\/\/aztex.ee\/sk\/wp-json\/wp\/v2\/product_tag?post=91234"}],"curies":[{"name":"wp","href":"https:\/\/api.w.org\/{rel}","templated":true}]}}