{"id":87186,"date":"2025-05-17T20:18:23","date_gmt":"2025-05-17T20:18:23","guid":{"rendered":"https:\/\/aztex.ee\/?post_type=product&#038;p=87186"},"modified":"2025-10-20T11:06:20","modified_gmt":"2025-10-20T11:06:20","slug":"bambusova-postelna-bielizen-kobaltova-modra","status":"publish","type":"product","link":"https:\/\/aztex.ee\/sk\/pood\/bambusove-obliecky\/bambusova-postelna-bielizen-kobaltova-modra\/","title":{"rendered":"Bambusov\u00e1 poste\u013en\u00e1 bielize\u0148 | Kobaltov\u00e1 modr\u00e1"},"content":{"rendered":"<p>Bambusov\u00e9 poste\u013en\u00e9 oblie\u010dky s\u00fa kvalitn\u00e9, m\u00e4kk\u00e9 a priedu\u0161n\u00e9 textiln\u00e9 v\u00fdrobky vyroben\u00e9 z pr\u00edrodn\u00e9ho bambusov\u00e9ho vl\u00e1kna. Tieto s\u00fapravy s\u00fa \u0161peci\u00e1lne navrhnut\u00e9 tak, aby pou\u017e\u00edvate\u013eom poskytli pohodln\u00fd z\u00e1\u017eitok zo sp\u00e1nku. Bambusov\u00e9 vl\u00e1kno je prirodzene priedu\u0161n\u00e9 a m\u00e1 schopnos\u0165 odv\u00e1dza\u0165 vlhkos\u0165, \u010d\u00edm zabra\u0148uje poteniu a udr\u017e\u00ed v\u00e1s dlh\u0161ie \u010dist\u00e9 a svie\u017ee.<\/p>\n<p>Pri v\u00fdrobe bambusov\u00fdch poste\u013en\u00fdch s\u00faprav sa zvy\u010dajne pou\u017e\u00edvaj\u00fa ekologick\u00e9 a udr\u017eate\u013en\u00e9 materi\u00e1ly. Bambusov\u00e1 rastlina je zn\u00e1ma svojim r\u00fdchlym rastom a n\u00edzkou spotrebou vody, \u010do zni\u017euje dopad v\u00fdrobn\u00e9ho procesu na \u017eivotn\u00e9 prostredie. Bambusov\u00e9 vl\u00e1kno navy\u0161e pon\u00faka luxusn\u00fd pocit svojou jemnou text\u00farou a jemne sa dot\u00fdka poko\u017eky bez toho, aby ju po\u0161kodzovalo.<\/p>\n<p>Bambusov\u00e9 poste\u013en\u00e9 s\u00fapravy maj\u00fa prirodzene antibakteri\u00e1lne a antialergick\u00e9 vlastnosti, ktor\u00e9 udr\u017euj\u00fa hygienu a poskytuj\u00fa pohodlie po\u010das sp\u00e1nku. S\u00fa zn\u00e1me svojim osvie\u017euj\u00facim a chladiv\u00fdm \u00fa\u010dinkom v hor\u00facom po\u010das\u00ed.<\/p>\n<p>V\u010faka tomu s\u00fa bambusov\u00e9 poste\u013en\u00e9 s\u00fapravy ekologick\u00fdmi a pohodln\u00fdmi v\u00fdrobkami, ktor\u00e9 svojim u\u017e\u00edvate\u013eom pon\u00fakaj\u00fa kvalitn\u00fd z\u00e1\u017eitok zo sp\u00e1nku.<\/p>\n","protected":false},"excerpt":{"rendered":"<p>100% ekologicky pestovan\u00e9 bambusov\u00e9 oblie\u010dky s\u00fa hypoalerg\u00e9nne a antibakteri\u00e1lne.<\/p>\n<ul>\n<li>Farba: Kobaltov\u00e1 modr\u00e1<\/li>\n<li>Materi\u00e1l: 100% bambus<\/li>\n<li>Po\u010det vl\u00e1kien: 300 TC<\/li>\n<li>Oblie\u010dka na prikr\u00fdvku: 200\u00d7220 cm<\/li>\n<li>Oblie\u010dka na vank\u00fa\u0161: 50\u00d770 cm (2kus)<\/li>\n<li>Poste\u013en\u00e1 plachta: 220\u00d7240 cm<\/li>\n<\/ul>\n<p><img loading=\"lazy\" decoding=\"async\" class=\"alignnone wp-image-20226\" src=\"https:\/\/aztex.ee\/wp-content\/uploads\/2024\/09\/oekotex100.png\" alt=\"\" width=\"196\" height=\"69\" srcset=\"https:\/\/aztex.ee\/wp-content\/uploads\/2024\/09\/oekotex100.png 204w, https:\/\/aztex.ee\/wp-content\/uploads\/2024\/09\/oekotex100-150x53.png 150w\" sizes=\"auto, (max-width: 196px) 100vw, 196px\" \/><img loading=\"lazy\" decoding=\"async\" class=\"alignnone wp-image-20260\" src=\"https:\/\/aztex.ee\/wp-content\/uploads\/2024\/09\/bambuuss.png\" alt=\"\" width=\"75\" height=\"75\" srcset=\"https:\/\/aztex.ee\/wp-content\/uploads\/2024\/09\/bambuuss.png 204w, https:\/\/aztex.ee\/wp-content\/uploads\/2024\/09\/bambuuss-150x150.png 150w\" sizes=\"auto, (max-width: 75px) 100vw, 75px\" \/><\/p>\n<p>Hypoalerg\u00e9nne a absorbuj\u00face vlhkos\u0165<br \/>\nIde\u00e1lna vo\u013eba pre citliv\u00fa poko\u017eku alebo ekz\u00e9my, najm\u00e4 pre \u013eud\u00ed, ktor\u00ed sa v noci zvykn\u00fa poti\u0165.<br \/>\nBambusov\u00e9 poste\u013en\u00e9 s\u00fapravy s\u00fa balen\u00e9 vo vrec\u00fa\u0161ku z rovnakej l\u00e1tky.<\/p>\n","protected":false},"featured_media":87189,"comment_status":"open","ping_status":"closed","template":"","meta":[],"product_brand":[],"product_cat":[634,639,682,687],"product_tag":[],"class_list":{"0":"post-87186","1":"product","2":"type-product","3":"status-publish","4":"has-post-thumbnail","6":"product_cat-bambusove-obliecky","7":"product_cat-bambusove-postelne-supravy","8":"product_cat-postelne-obliecky","9":"product_cat-postelne-supravy","11":"first","12":"instock","13":"sale","14":"shipping-taxable","15":"purchasable","16":"product-type-simple"},"yoast_head":"<!-- This site is optimized with the Yoast SEO plugin v27.3 - https:\/\/yoast.com\/product\/yoast-seo-wordpress\/ -->\n<title>Luxusn\u00e1 bambusov\u00e1 oblie\u010dka - Kobaltov\u00e1 modr\u00e1 | AZTEX<\/title>\n<meta name=\"description\" content=\"T\u00e1to antibakteri\u00e1lna a odoln\u00e1 bambusov\u00e1 poste\u013en\u00e1 bielize\u0148 je skvelou vo\u013ebou pre t\u00fdch, ktor\u00ed si cenia kvalitu, dlh\u00fa \u017eivotnos\u0165 a m\u00e4kkos\u0165 na dotyk.\" \/>\n<meta name=\"robots\" content=\"index, follow, max-snippet:-1, max-image-preview:large, max-video-preview:-1\" \/>\n<link rel=\"canonical\" href=\"https:\/\/aztex.ee\/sk\/pood\/bambusove-obliecky\/bambusova-postelna-bielizen-kobaltova-modra\/\" \/>\n<meta property=\"og:locale\" content=\"sk_SK\" \/>\n<meta property=\"og:type\" content=\"article\" \/>\n<meta property=\"og:title\" content=\"Luxusn\u00e1 bambusov\u00e1 oblie\u010dka - Kobaltov\u00e1 modr\u00e1 | AZTEX\" \/>\n<meta property=\"og:description\" content=\"T\u00e1to antibakteri\u00e1lna a odoln\u00e1 bambusov\u00e1 poste\u013en\u00e1 bielize\u0148 je skvelou vo\u013ebou pre t\u00fdch, ktor\u00ed si cenia kvalitu, dlh\u00fa \u017eivotnos\u0165 a m\u00e4kkos\u0165 na dotyk.\" \/>\n<meta property=\"og:url\" content=\"https:\/\/aztex.ee\/sk\/pood\/bambusove-obliecky\/bambusova-postelna-bielizen-kobaltova-modra\/\" \/>\n<meta property=\"og:site_name\" content=\"AZTEX\" \/>\n<meta property=\"article:publisher\" content=\"https:\/\/www.facebook.com\/AztexEE\" \/>\n<meta property=\"article:modified_time\" content=\"2025-10-20T11:06:20+00:00\" \/>\n<meta property=\"og:image\" content=\"https:\/\/aztex.ee\/wp-content\/uploads\/2025\/05\/Voodipesukomplekt-bambus-Koobaltsinine.jpg\" \/>\n\t<meta property=\"og:image:width\" content=\"800\" \/>\n\t<meta property=\"og:image:height\" content=\"800\" \/>\n\t<meta property=\"og:image:type\" content=\"image\/jpeg\" \/>\n<meta name=\"twitter:card\" content=\"summary_large_image\" \/>\n<meta name=\"twitter:label1\" content=\"Predpokladan\u00fd \u010das \u010d\u00edtania\" \/>\n\t<meta name=\"twitter:data1\" content=\"1 min\u00fata\" \/>\n<script type=\"application\/ld+json\" class=\"yoast-schema-graph\">{\"@context\":\"https:\\\/\\\/schema.org\",\"@graph\":[{\"@type\":[\"WebPage\",\"ItemPage\"],\"@id\":\"https:\\\/\\\/aztex.ee\\\/sk\\\/pood\\\/bambusove-obliecky\\\/bambusova-postelna-bielizen-kobaltova-modra\\\/\",\"url\":\"https:\\\/\\\/aztex.ee\\\/sk\\\/pood\\\/bambusove-obliecky\\\/bambusova-postelna-bielizen-kobaltova-modra\\\/\",\"name\":\"Luxusn\u00e1 bambusov\u00e1 oblie\u010dka - Kobaltov\u00e1 modr\u00e1 | AZTEX\",\"isPartOf\":{\"@id\":\"https:\\\/\\\/aztex.ee\\\/sk\\\/#website\"},\"primaryImageOfPage\":{\"@id\":\"https:\\\/\\\/aztex.ee\\\/sk\\\/pood\\\/bambusove-obliecky\\\/bambusova-postelna-bielizen-kobaltova-modra\\\/#primaryimage\"},\"image\":{\"@id\":\"https:\\\/\\\/aztex.ee\\\/sk\\\/pood\\\/bambusove-obliecky\\\/bambusova-postelna-bielizen-kobaltova-modra\\\/#primaryimage\"},\"thumbnailUrl\":\"https:\\\/\\\/aztex.ee\\\/wp-content\\\/uploads\\\/2025\\\/05\\\/Voodipesukomplekt-bambus-Koobaltsinine.jpg\",\"datePublished\":\"2025-05-17T20:18:23+00:00\",\"dateModified\":\"2025-10-20T11:06:20+00:00\",\"description\":\"T\u00e1to antibakteri\u00e1lna a odoln\u00e1 bambusov\u00e1 poste\u013en\u00e1 bielize\u0148 je skvelou vo\u013ebou pre t\u00fdch, ktor\u00ed si cenia kvalitu, dlh\u00fa \u017eivotnos\u0165 a m\u00e4kkos\u0165 na dotyk.\",\"breadcrumb\":{\"@id\":\"https:\\\/\\\/aztex.ee\\\/sk\\\/pood\\\/bambusove-obliecky\\\/bambusova-postelna-bielizen-kobaltova-modra\\\/#breadcrumb\"},\"inLanguage\":\"sk-SK\",\"potentialAction\":[{\"@type\":\"ReadAction\",\"target\":[\"https:\\\/\\\/aztex.ee\\\/sk\\\/pood\\\/bambusove-obliecky\\\/bambusova-postelna-bielizen-kobaltova-modra\\\/\"]}]},{\"@type\":\"ImageObject\",\"inLanguage\":\"sk-SK\",\"@id\":\"https:\\\/\\\/aztex.ee\\\/sk\\\/pood\\\/bambusove-obliecky\\\/bambusova-postelna-bielizen-kobaltova-modra\\\/#primaryimage\",\"url\":\"https:\\\/\\\/aztex.ee\\\/wp-content\\\/uploads\\\/2025\\\/05\\\/Voodipesukomplekt-bambus-Koobaltsinine.jpg\",\"contentUrl\":\"https:\\\/\\\/aztex.ee\\\/wp-content\\\/uploads\\\/2025\\\/05\\\/Voodipesukomplekt-bambus-Koobaltsinine.jpg\",\"width\":800,\"height\":800,\"caption\":\"Voodipesukomplekt bambus Koobaltsinine\"},{\"@type\":\"BreadcrumbList\",\"@id\":\"https:\\\/\\\/aztex.ee\\\/sk\\\/pood\\\/bambusove-obliecky\\\/bambusova-postelna-bielizen-kobaltova-modra\\\/#breadcrumb\",\"itemListElement\":[{\"@type\":\"ListItem\",\"position\":1,\"name\":\"Domov\",\"item\":\"https:\\\/\\\/aztex.ee\\\/sk\\\/\"},{\"@type\":\"ListItem\",\"position\":2,\"name\":\"Obchod\",\"item\":\"https:\\\/\\\/aztex.ee\\\/sk\\\/obchod\\\/\"},{\"@type\":\"ListItem\",\"position\":3,\"name\":\"Bambusov\u00e1 poste\u013en\u00e1 bielize\u0148 | Kobaltov\u00e1 modr\u00e1\"}]},{\"@type\":\"WebSite\",\"@id\":\"https:\\\/\\\/aztex.ee\\\/sk\\\/#website\",\"url\":\"https:\\\/\\\/aztex.ee\\\/sk\\\/\",\"name\":\"AZTEX\",\"description\":\"\",\"publisher\":{\"@id\":\"https:\\\/\\\/aztex.ee\\\/sk\\\/#organization\"},\"potentialAction\":[{\"@type\":\"SearchAction\",\"target\":{\"@type\":\"EntryPoint\",\"urlTemplate\":\"https:\\\/\\\/aztex.ee\\\/sk\\\/?s={search_term_string}\"},\"query-input\":{\"@type\":\"PropertyValueSpecification\",\"valueRequired\":true,\"valueName\":\"search_term_string\"}}],\"inLanguage\":\"sk-SK\"},{\"@type\":\"Organization\",\"@id\":\"https:\\\/\\\/aztex.ee\\\/sk\\\/#organization\",\"name\":\"AZTEX\",\"url\":\"https:\\\/\\\/aztex.ee\\\/sk\\\/\",\"logo\":{\"@type\":\"ImageObject\",\"inLanguage\":\"sk-SK\",\"@id\":\"https:\\\/\\\/aztex.ee\\\/sk\\\/#\\\/schema\\\/logo\\\/image\\\/\",\"url\":\"https:\\\/\\\/aztex.ee\\\/wp-content\\\/uploads\\\/2026\\\/01\\\/AZTEX.png\",\"contentUrl\":\"https:\\\/\\\/aztex.ee\\\/wp-content\\\/uploads\\\/2026\\\/01\\\/AZTEX.png\",\"width\":500,\"height\":500,\"caption\":\"AZTEX\"},\"image\":{\"@id\":\"https:\\\/\\\/aztex.ee\\\/sk\\\/#\\\/schema\\\/logo\\\/image\\\/\"},\"sameAs\":[\"https:\\\/\\\/www.facebook.com\\\/AztexEE\",\"https:\\\/\\\/www.instagram.com\\\/aztexeesti\\\/\",\"https:\\\/\\\/www.youtube.com\\\/@AZTEXEE\",\"https:\\\/\\\/www.pinterest.com\\\/aztex_eesti\\\/\",\"https:\\\/\\\/www.tiktok.com\\\/@aztexeesti\",\"https:\\\/\\\/www.trustpilot.com\\\/review\\\/aztex.ee\",\"https:\\\/\\\/www.linkedin.com\\\/company\\\/aztex-ee\\\/\",\"https:\\\/\\\/www.wikidata.org\\\/wiki\\\/Q137560182\"]}]}<\/script>\n<!-- \/ Yoast SEO plugin. -->","yoast_head_json":{"title":"Luxusn\u00e1 bambusov\u00e1 oblie\u010dka - Kobaltov\u00e1 modr\u00e1 | AZTEX","description":"T\u00e1to antibakteri\u00e1lna a odoln\u00e1 bambusov\u00e1 poste\u013en\u00e1 bielize\u0148 je skvelou vo\u013ebou pre t\u00fdch, ktor\u00ed si cenia kvalitu, dlh\u00fa \u017eivotnos\u0165 a m\u00e4kkos\u0165 na dotyk.","robots":{"index":"index","follow":"follow","max-snippet":"max-snippet:-1","max-image-preview":"max-image-preview:large","max-video-preview":"max-video-preview:-1"},"canonical":"https:\/\/aztex.ee\/sk\/pood\/bambusove-obliecky\/bambusova-postelna-bielizen-kobaltova-modra\/","og_locale":"sk_SK","og_type":"article","og_title":"Luxusn\u00e1 bambusov\u00e1 oblie\u010dka - Kobaltov\u00e1 modr\u00e1 | AZTEX","og_description":"T\u00e1to antibakteri\u00e1lna a odoln\u00e1 bambusov\u00e1 poste\u013en\u00e1 bielize\u0148 je skvelou vo\u013ebou pre t\u00fdch, ktor\u00ed si cenia kvalitu, dlh\u00fa \u017eivotnos\u0165 a m\u00e4kkos\u0165 na dotyk.","og_url":"https:\/\/aztex.ee\/sk\/pood\/bambusove-obliecky\/bambusova-postelna-bielizen-kobaltova-modra\/","og_site_name":"AZTEX","article_publisher":"https:\/\/www.facebook.com\/AztexEE","article_modified_time":"2025-10-20T11:06:20+00:00","og_image":[{"width":800,"height":800,"url":"https:\/\/aztex.ee\/wp-content\/uploads\/2025\/05\/Voodipesukomplekt-bambus-Koobaltsinine.jpg","type":"image\/jpeg"}],"twitter_card":"summary_large_image","twitter_misc":{"Predpokladan\u00fd \u010das \u010d\u00edtania":"1 min\u00fata"},"schema":{"@context":"https:\/\/schema.org","@graph":[{"@type":["WebPage","ItemPage"],"@id":"https:\/\/aztex.ee\/sk\/pood\/bambusove-obliecky\/bambusova-postelna-bielizen-kobaltova-modra\/","url":"https:\/\/aztex.ee\/sk\/pood\/bambusove-obliecky\/bambusova-postelna-bielizen-kobaltova-modra\/","name":"Luxusn\u00e1 bambusov\u00e1 oblie\u010dka - Kobaltov\u00e1 modr\u00e1 | AZTEX","isPartOf":{"@id":"https:\/\/aztex.ee\/sk\/#website"},"primaryImageOfPage":{"@id":"https:\/\/aztex.ee\/sk\/pood\/bambusove-obliecky\/bambusova-postelna-bielizen-kobaltova-modra\/#primaryimage"},"image":{"@id":"https:\/\/aztex.ee\/sk\/pood\/bambusove-obliecky\/bambusova-postelna-bielizen-kobaltova-modra\/#primaryimage"},"thumbnailUrl":"https:\/\/aztex.ee\/wp-content\/uploads\/2025\/05\/Voodipesukomplekt-bambus-Koobaltsinine.jpg","datePublished":"2025-05-17T20:18:23+00:00","dateModified":"2025-10-20T11:06:20+00:00","description":"T\u00e1to antibakteri\u00e1lna a odoln\u00e1 bambusov\u00e1 poste\u013en\u00e1 bielize\u0148 je skvelou vo\u013ebou pre t\u00fdch, ktor\u00ed si cenia kvalitu, dlh\u00fa \u017eivotnos\u0165 a m\u00e4kkos\u0165 na dotyk.","breadcrumb":{"@id":"https:\/\/aztex.ee\/sk\/pood\/bambusove-obliecky\/bambusova-postelna-bielizen-kobaltova-modra\/#breadcrumb"},"inLanguage":"sk-SK","potentialAction":[{"@type":"ReadAction","target":["https:\/\/aztex.ee\/sk\/pood\/bambusove-obliecky\/bambusova-postelna-bielizen-kobaltova-modra\/"]}]},{"@type":"ImageObject","inLanguage":"sk-SK","@id":"https:\/\/aztex.ee\/sk\/pood\/bambusove-obliecky\/bambusova-postelna-bielizen-kobaltova-modra\/#primaryimage","url":"https:\/\/aztex.ee\/wp-content\/uploads\/2025\/05\/Voodipesukomplekt-bambus-Koobaltsinine.jpg","contentUrl":"https:\/\/aztex.ee\/wp-content\/uploads\/2025\/05\/Voodipesukomplekt-bambus-Koobaltsinine.jpg","width":800,"height":800,"caption":"Voodipesukomplekt bambus Koobaltsinine"},{"@type":"BreadcrumbList","@id":"https:\/\/aztex.ee\/sk\/pood\/bambusove-obliecky\/bambusova-postelna-bielizen-kobaltova-modra\/#breadcrumb","itemListElement":[{"@type":"ListItem","position":1,"name":"Domov","item":"https:\/\/aztex.ee\/sk\/"},{"@type":"ListItem","position":2,"name":"Obchod","item":"https:\/\/aztex.ee\/sk\/obchod\/"},{"@type":"ListItem","position":3,"name":"Bambusov\u00e1 poste\u013en\u00e1 bielize\u0148 | Kobaltov\u00e1 modr\u00e1"}]},{"@type":"WebSite","@id":"https:\/\/aztex.ee\/sk\/#website","url":"https:\/\/aztex.ee\/sk\/","name":"AZTEX","description":"","publisher":{"@id":"https:\/\/aztex.ee\/sk\/#organization"},"potentialAction":[{"@type":"SearchAction","target":{"@type":"EntryPoint","urlTemplate":"https:\/\/aztex.ee\/sk\/?s={search_term_string}"},"query-input":{"@type":"PropertyValueSpecification","valueRequired":true,"valueName":"search_term_string"}}],"inLanguage":"sk-SK"},{"@type":"Organization","@id":"https:\/\/aztex.ee\/sk\/#organization","name":"AZTEX","url":"https:\/\/aztex.ee\/sk\/","logo":{"@type":"ImageObject","inLanguage":"sk-SK","@id":"https:\/\/aztex.ee\/sk\/#\/schema\/logo\/image\/","url":"https:\/\/aztex.ee\/wp-content\/uploads\/2026\/01\/AZTEX.png","contentUrl":"https:\/\/aztex.ee\/wp-content\/uploads\/2026\/01\/AZTEX.png","width":500,"height":500,"caption":"AZTEX"},"image":{"@id":"https:\/\/aztex.ee\/sk\/#\/schema\/logo\/image\/"},"sameAs":["https:\/\/www.facebook.com\/AztexEE","https:\/\/www.instagram.com\/aztexeesti\/","https:\/\/www.youtube.com\/@AZTEXEE","https:\/\/www.pinterest.com\/aztex_eesti\/","https:\/\/www.tiktok.com\/@aztexeesti","https:\/\/www.trustpilot.com\/review\/aztex.ee","https:\/\/www.linkedin.com\/company\/aztex-ee\/","https:\/\/www.wikidata.org\/wiki\/Q137560182"]}]}},"_links":{"self":[{"href":"https:\/\/aztex.ee\/sk\/wp-json\/wp\/v2\/product\/87186","targetHints":{"allow":["GET"]}}],"collection":[{"href":"https:\/\/aztex.ee\/sk\/wp-json\/wp\/v2\/product"}],"about":[{"href":"https:\/\/aztex.ee\/sk\/wp-json\/wp\/v2\/types\/product"}],"replies":[{"embeddable":true,"href":"https:\/\/aztex.ee\/sk\/wp-json\/wp\/v2\/comments?post=87186"}],"version-history":[{"count":0,"href":"https:\/\/aztex.ee\/sk\/wp-json\/wp\/v2\/product\/87186\/revisions"}],"wp:featuredmedia":[{"embeddable":true,"href":"https:\/\/aztex.ee\/sk\/wp-json\/wp\/v2\/media\/87189"}],"wp:attachment":[{"href":"https:\/\/aztex.ee\/sk\/wp-json\/wp\/v2\/media?parent=87186"}],"wp:term":[{"taxonomy":"product_brand","embeddable":true,"href":"https:\/\/aztex.ee\/sk\/wp-json\/wp\/v2\/product_brand?post=87186"},{"taxonomy":"product_cat","embeddable":true,"href":"https:\/\/aztex.ee\/sk\/wp-json\/wp\/v2\/product_cat?post=87186"},{"taxonomy":"product_tag","embeddable":true,"href":"https:\/\/aztex.ee\/sk\/wp-json\/wp\/v2\/product_tag?post=87186"}],"curies":[{"name":"wp","href":"https:\/\/api.w.org\/{rel}","templated":true}]}}