{"id":82321,"date":"2025-04-27T23:29:54","date_gmt":"2025-04-27T23:29:54","guid":{"rendered":"https:\/\/aztex.ee\/?post_type=product&#038;p=82321"},"modified":"2026-05-03T17:53:09","modified_gmt":"2026-05-03T17:53:09","slug":"obliecka-na-vankus-tencel-seda-strieborna","status":"publish","type":"product","link":"https:\/\/aztex.ee\/sk\/pood\/obliecky-na-vankuse\/obliecka-na-vankus-tencel-seda-strieborna\/","title":{"rendered":"Oblie\u010dka na vank\u00fa\u0161 Tencel \u2013 \u0160ed\u00e1 strieborn\u00e1"},"content":{"rendered":"<p><strong>Prirodzene m\u00e4kk\u00e9<\/strong><\/p>\n<p>Tkanina Tencel je vyroben\u00e1 z eukalyptovej celul\u00f3zy, ktor\u00e1 je spracovan\u00e1 ekologick\u00fdm procesom Lyocell. Celul\u00f3za sa rozpust\u00ed v netoxickom rozp\u00fa\u0161\u0165adle, potom sa lisuje na vl\u00e1kna a spracov\u00e1va sa na priadzu, v\u010faka \u010domu je tkanina m\u00e4kk\u00e1, priedu\u0161n\u00e1, pevn\u00e1 a ekologicky udr\u017eate\u013en\u00e1 vo\u013eba.<\/p>\n<p><strong>\u0160etrn\u00e9 k poko\u017eke<\/strong><\/p>\n<p>Tencel je ide\u00e1lnou vo\u013ebou pre citliv\u00fa poko\u017eku, preto\u017ee je hypoalerg\u00e9nny. Jeho hladk\u00fd povrch zni\u017euje podr\u00e1\u017edenie sp\u00f4soben\u00e9 tren\u00edm a pom\u00e1ha udr\u017eiava\u0165 prirodzen\u00fa rovnov\u00e1hu vlhkosti poko\u017eky. Oblie\u010dka na vank\u00fa\u0161 Tencel zais\u0165uje kvalitn\u00fd sp\u00e1nok a z\u00e1rove\u0148 sa star\u00e1 o poko\u017eku.<\/p>\n<p><strong>Elegantn\u00fd vzh\u013ead<\/strong><\/p>\n<p>Oblie\u010dka na vank\u00fa\u0161 Tencel sa hod\u00ed ku v\u0161etk\u00fdm s\u00faprav\u00e1m poste\u013enej bielizne a dod\u00e1va sp\u00e1lni jednoduch\u00fd a elegantn\u00fd vzh\u013ead, ktor\u00fd dopln\u00ed ak\u00fdko\u013evek dizajn interi\u00e9ru. Jeho klasick\u00fd a \u0161t\u00fdlov\u00fd vzh\u013ead sa hod\u00ed do v\u0161etk\u00fdch typov interi\u00e9rov &#8211; od modern\u00fdch a\u017e po tradi\u010dn\u00e9 sp\u00e1lne. Oblie\u010dka na vank\u00fa\u0161 Tencel m\u00e1 luxusn\u00fd a elegantn\u00fd vzh\u013ead, ktor\u00fd spr\u00edjemn\u00ed ka\u017ed\u00fd okamih sp\u00e1nku.<\/p>\n<p><strong>Starostlivos\u0165<\/strong><\/p>\n<p>Jednoduch\u00e1 \u00fadr\u017eba &#8211; pranie v pr\u00e1\u010dke pri n\u00edzkej teplote, aby sa zachovali vlastnosti l\u00e1tky. Pre dlhotrvaj\u00facu trvanlivos\u0165 a hebkos\u0165 odpor\u00fa\u010dame su\u0161enie na vzduchu.<\/p>\n","protected":false},"excerpt":{"rendered":"<p>Oblie\u010dky na vank\u00fa\u0161e Tencel s\u00fa vyroben\u00e9 z eukalyptov\u00fdch vl\u00e1kien.<\/p>\n<ul>\n<li>Farba: \u0160ed\u00e1 strieborn\u00e1<\/li>\n<li>Materi\u00e1l: 100% Tencel<\/li>\n<li>Po\u010det vl\u00e1kien: 60S \/ 300TC<\/li>\n<\/ul>\n<p><img loading=\"lazy\" decoding=\"async\" class=\"alignnone wp-image-63145\" src=\"https:\/\/aztex.ee\/wp-content\/uploads\/2025\/03\/tencel-certified-400x129.png\" alt=\"\" width=\"131\" height=\"42\" srcset=\"https:\/\/aztex.ee\/wp-content\/uploads\/2025\/03\/tencel-certified-400x129.png 400w, https:\/\/aztex.ee\/wp-content\/uploads\/2025\/03\/tencel-certified-430x139.png 430w, https:\/\/aztex.ee\/wp-content\/uploads\/2025\/03\/tencel-certified-150x49.png 150w, https:\/\/aztex.ee\/wp-content\/uploads\/2025\/03\/tencel-certified.png 516w\" sizes=\"auto, (max-width: 131px) 100vw, 131px\" \/><img loading=\"lazy\" decoding=\"async\" class=\"alignnone wp-image-63168\" src=\"https:\/\/aztex.ee\/wp-content\/uploads\/2025\/03\/oeko-tex-standard-100.png\" alt=\"\" width=\"130\" height=\"43\" srcset=\"https:\/\/aztex.ee\/wp-content\/uploads\/2025\/03\/oeko-tex-standard-100.png 200w, https:\/\/aztex.ee\/wp-content\/uploads\/2025\/03\/oeko-tex-standard-100-150x50.png 150w\" sizes=\"auto, (max-width: 130px) 100vw, 130px\" \/><\/p>\n","protected":false},"featured_media":82392,"comment_status":"open","ping_status":"closed","template":"","meta":[],"product_brand":[],"product_cat":[1786,6040],"product_tag":[],"class_list":{"0":"post-82321","1":"product","2":"type-product","3":"status-publish","4":"has-post-thumbnail","6":"product_cat-obliecky-na-vankuse","7":"product_cat-obliecky-na-vankuse-tencel","9":"first","10":"instock","11":"shipping-taxable","12":"purchasable","13":"product-type-variable"},"yoast_head":"<!-- This site is optimized with the Yoast SEO plugin v27.6 - https:\/\/yoast.com\/product\/yoast-seo-wordpress\/ -->\n<title>Oblie\u010dka na vank\u00fa\u0161 Tencel - \u0160ed\u00e1 strieborn\u00e1 | AZTEX<\/title>\n<meta name=\"description\" content=\"\u0160ed\u00e1 strieborn\u00e1 oblie\u010dka na vank\u00fa\u0161 TENCEL\u2122 Lyocell je \u0161etrn\u00e1 k poko\u017eke a odoln\u00e1 vo\u013eba, ktor\u00e1 poskytuje pr\u00edjemn\u00fd pocit chladu pri sp\u00e1nku a dod\u00e1va sp\u00e1lni.\" \/>\n<meta name=\"robots\" content=\"index, follow, max-snippet:-1, max-image-preview:large, max-video-preview:-1\" \/>\n<link rel=\"canonical\" href=\"https:\/\/aztex.ee\/sk\/pood\/obliecky-na-vankuse\/obliecka-na-vankus-tencel-seda-strieborna\/\" \/>\n<meta property=\"og:locale\" content=\"sk_SK\" \/>\n<meta property=\"og:type\" content=\"article\" \/>\n<meta property=\"og:title\" content=\"Oblie\u010dka na vank\u00fa\u0161 Tencel - \u0160ed\u00e1 strieborn\u00e1 | AZTEX\" \/>\n<meta property=\"og:description\" content=\"\u0160ed\u00e1 strieborn\u00e1 oblie\u010dka na vank\u00fa\u0161 TENCEL\u2122 Lyocell je \u0161etrn\u00e1 k poko\u017eke a odoln\u00e1 vo\u013eba, ktor\u00e1 poskytuje pr\u00edjemn\u00fd pocit chladu pri sp\u00e1nku a dod\u00e1va sp\u00e1lni.\" \/>\n<meta property=\"og:url\" content=\"https:\/\/aztex.ee\/sk\/pood\/obliecky-na-vankuse\/obliecka-na-vankus-tencel-seda-strieborna\/\" \/>\n<meta property=\"og:site_name\" content=\"AZTEX\" \/>\n<meta property=\"article:publisher\" content=\"https:\/\/www.facebook.com\/AztexEE\" \/>\n<meta property=\"article:modified_time\" content=\"2026-05-03T17:53:09+00:00\" \/>\n<meta property=\"og:image\" content=\"https:\/\/aztex.ee\/wp-content\/uploads\/2025\/04\/Tencel-padjapuur-Hobehall.jpg\" \/>\n\t<meta property=\"og:image:width\" content=\"800\" \/>\n\t<meta property=\"og:image:height\" content=\"800\" \/>\n\t<meta property=\"og:image:type\" content=\"image\/jpeg\" \/>\n<meta name=\"twitter:card\" content=\"summary_large_image\" \/>\n<meta name=\"twitter:label1\" content=\"Predpokladan\u00fd \u010das \u010d\u00edtania\" \/>\n\t<meta name=\"twitter:data1\" content=\"2 min\u00faty\" \/>\n<script type=\"application\/ld+json\" class=\"yoast-schema-graph\">{\"@context\":\"https:\\\/\\\/schema.org\",\"@graph\":[{\"@type\":[\"WebPage\",\"ItemPage\"],\"@id\":\"https:\\\/\\\/aztex.ee\\\/sk\\\/pood\\\/obliecky-na-vankuse\\\/obliecka-na-vankus-tencel-seda-strieborna\\\/\",\"url\":\"https:\\\/\\\/aztex.ee\\\/sk\\\/pood\\\/obliecky-na-vankuse\\\/obliecka-na-vankus-tencel-seda-strieborna\\\/\",\"name\":\"Oblie\u010dka na vank\u00fa\u0161 Tencel - \u0160ed\u00e1 strieborn\u00e1 | AZTEX\",\"isPartOf\":{\"@id\":\"https:\\\/\\\/aztex.ee\\\/sk\\\/#website\"},\"primaryImageOfPage\":{\"@id\":\"https:\\\/\\\/aztex.ee\\\/sk\\\/pood\\\/obliecky-na-vankuse\\\/obliecka-na-vankus-tencel-seda-strieborna\\\/#primaryimage\"},\"image\":{\"@id\":\"https:\\\/\\\/aztex.ee\\\/sk\\\/pood\\\/obliecky-na-vankuse\\\/obliecka-na-vankus-tencel-seda-strieborna\\\/#primaryimage\"},\"thumbnailUrl\":\"https:\\\/\\\/aztex.ee\\\/wp-content\\\/uploads\\\/2025\\\/04\\\/Tencel-padjapuur-Hobehall.jpg\",\"datePublished\":\"2025-04-27T23:29:54+00:00\",\"dateModified\":\"2026-05-03T17:53:09+00:00\",\"description\":\"\u0160ed\u00e1 strieborn\u00e1 oblie\u010dka na vank\u00fa\u0161 TENCEL\u2122 Lyocell je \u0161etrn\u00e1 k poko\u017eke a odoln\u00e1 vo\u013eba, ktor\u00e1 poskytuje pr\u00edjemn\u00fd pocit chladu pri sp\u00e1nku a dod\u00e1va sp\u00e1lni.\",\"breadcrumb\":{\"@id\":\"https:\\\/\\\/aztex.ee\\\/sk\\\/pood\\\/obliecky-na-vankuse\\\/obliecka-na-vankus-tencel-seda-strieborna\\\/#breadcrumb\"},\"inLanguage\":\"sk-SK\",\"potentialAction\":[{\"@type\":\"ReadAction\",\"target\":[\"https:\\\/\\\/aztex.ee\\\/sk\\\/pood\\\/obliecky-na-vankuse\\\/obliecka-na-vankus-tencel-seda-strieborna\\\/\"]}]},{\"@type\":\"ImageObject\",\"inLanguage\":\"sk-SK\",\"@id\":\"https:\\\/\\\/aztex.ee\\\/sk\\\/pood\\\/obliecky-na-vankuse\\\/obliecka-na-vankus-tencel-seda-strieborna\\\/#primaryimage\",\"url\":\"https:\\\/\\\/aztex.ee\\\/wp-content\\\/uploads\\\/2025\\\/04\\\/Tencel-padjapuur-Hobehall.jpg\",\"contentUrl\":\"https:\\\/\\\/aztex.ee\\\/wp-content\\\/uploads\\\/2025\\\/04\\\/Tencel-padjapuur-Hobehall.jpg\",\"width\":800,\"height\":800,\"caption\":\"Tencel padjap\u00fc\u00fcr H\u00f5behall\"},{\"@type\":\"BreadcrumbList\",\"@id\":\"https:\\\/\\\/aztex.ee\\\/sk\\\/pood\\\/obliecky-na-vankuse\\\/obliecka-na-vankus-tencel-seda-strieborna\\\/#breadcrumb\",\"itemListElement\":[{\"@type\":\"ListItem\",\"position\":1,\"name\":\"Domov\",\"item\":\"https:\\\/\\\/aztex.ee\\\/sk\\\/\"},{\"@type\":\"ListItem\",\"position\":2,\"name\":\"Obchod\",\"item\":\"https:\\\/\\\/aztex.ee\\\/sk\\\/obchod\\\/\"},{\"@type\":\"ListItem\",\"position\":3,\"name\":\"Oblie\u010dka na vank\u00fa\u0161 Tencel \u2013 \u0160ed\u00e1 strieborn\u00e1\"}]},{\"@type\":\"WebSite\",\"@id\":\"https:\\\/\\\/aztex.ee\\\/sk\\\/#website\",\"url\":\"https:\\\/\\\/aztex.ee\\\/sk\\\/\",\"name\":\"AZTEX\",\"description\":\"\",\"publisher\":{\"@id\":\"https:\\\/\\\/aztex.ee\\\/sk\\\/#organization\"},\"potentialAction\":[{\"@type\":\"SearchAction\",\"target\":{\"@type\":\"EntryPoint\",\"urlTemplate\":\"https:\\\/\\\/aztex.ee\\\/sk\\\/?s={search_term_string}\"},\"query-input\":{\"@type\":\"PropertyValueSpecification\",\"valueRequired\":true,\"valueName\":\"search_term_string\"}}],\"inLanguage\":\"sk-SK\"},{\"@type\":\"Organization\",\"@id\":\"https:\\\/\\\/aztex.ee\\\/sk\\\/#organization\",\"name\":\"AZTEX\",\"url\":\"https:\\\/\\\/aztex.ee\\\/sk\\\/\",\"logo\":{\"@type\":\"ImageObject\",\"inLanguage\":\"sk-SK\",\"@id\":\"https:\\\/\\\/aztex.ee\\\/sk\\\/#\\\/schema\\\/logo\\\/image\\\/\",\"url\":\"https:\\\/\\\/aztex.ee\\\/wp-content\\\/uploads\\\/2026\\\/01\\\/AZTEX.png\",\"contentUrl\":\"https:\\\/\\\/aztex.ee\\\/wp-content\\\/uploads\\\/2026\\\/01\\\/AZTEX.png\",\"width\":500,\"height\":500,\"caption\":\"AZTEX\"},\"image\":{\"@id\":\"https:\\\/\\\/aztex.ee\\\/sk\\\/#\\\/schema\\\/logo\\\/image\\\/\"},\"sameAs\":[\"https:\\\/\\\/www.facebook.com\\\/AztexEE\",\"https:\\\/\\\/www.instagram.com\\\/aztexeesti\\\/\",\"https:\\\/\\\/www.youtube.com\\\/@AZTEXEE\",\"https:\\\/\\\/www.pinterest.com\\\/aztex_eesti\\\/\",\"https:\\\/\\\/www.tiktok.com\\\/@aztexeesti\",\"https:\\\/\\\/www.trustpilot.com\\\/review\\\/aztex.ee\",\"https:\\\/\\\/www.linkedin.com\\\/company\\\/aztex-ee\\\/\",\"https:\\\/\\\/www.wikidata.org\\\/wiki\\\/Q137560182\"]}]}<\/script>\n<!-- \/ Yoast SEO plugin. -->","yoast_head_json":{"title":"Oblie\u010dka na vank\u00fa\u0161 Tencel - \u0160ed\u00e1 strieborn\u00e1 | AZTEX","description":"\u0160ed\u00e1 strieborn\u00e1 oblie\u010dka na vank\u00fa\u0161 TENCEL\u2122 Lyocell je \u0161etrn\u00e1 k poko\u017eke a odoln\u00e1 vo\u013eba, ktor\u00e1 poskytuje pr\u00edjemn\u00fd pocit chladu pri sp\u00e1nku a dod\u00e1va sp\u00e1lni.","robots":{"index":"index","follow":"follow","max-snippet":"max-snippet:-1","max-image-preview":"max-image-preview:large","max-video-preview":"max-video-preview:-1"},"canonical":"https:\/\/aztex.ee\/sk\/pood\/obliecky-na-vankuse\/obliecka-na-vankus-tencel-seda-strieborna\/","og_locale":"sk_SK","og_type":"article","og_title":"Oblie\u010dka na vank\u00fa\u0161 Tencel - \u0160ed\u00e1 strieborn\u00e1 | AZTEX","og_description":"\u0160ed\u00e1 strieborn\u00e1 oblie\u010dka na vank\u00fa\u0161 TENCEL\u2122 Lyocell je \u0161etrn\u00e1 k poko\u017eke a odoln\u00e1 vo\u013eba, ktor\u00e1 poskytuje pr\u00edjemn\u00fd pocit chladu pri sp\u00e1nku a dod\u00e1va sp\u00e1lni.","og_url":"https:\/\/aztex.ee\/sk\/pood\/obliecky-na-vankuse\/obliecka-na-vankus-tencel-seda-strieborna\/","og_site_name":"AZTEX","article_publisher":"https:\/\/www.facebook.com\/AztexEE","article_modified_time":"2026-05-03T17:53:09+00:00","og_image":[{"width":800,"height":800,"url":"https:\/\/aztex.ee\/wp-content\/uploads\/2025\/04\/Tencel-padjapuur-Hobehall.jpg","type":"image\/jpeg"}],"twitter_card":"summary_large_image","twitter_misc":{"Predpokladan\u00fd \u010das \u010d\u00edtania":"2 min\u00faty"},"schema":{"@context":"https:\/\/schema.org","@graph":[{"@type":["WebPage","ItemPage"],"@id":"https:\/\/aztex.ee\/sk\/pood\/obliecky-na-vankuse\/obliecka-na-vankus-tencel-seda-strieborna\/","url":"https:\/\/aztex.ee\/sk\/pood\/obliecky-na-vankuse\/obliecka-na-vankus-tencel-seda-strieborna\/","name":"Oblie\u010dka na vank\u00fa\u0161 Tencel - \u0160ed\u00e1 strieborn\u00e1 | AZTEX","isPartOf":{"@id":"https:\/\/aztex.ee\/sk\/#website"},"primaryImageOfPage":{"@id":"https:\/\/aztex.ee\/sk\/pood\/obliecky-na-vankuse\/obliecka-na-vankus-tencel-seda-strieborna\/#primaryimage"},"image":{"@id":"https:\/\/aztex.ee\/sk\/pood\/obliecky-na-vankuse\/obliecka-na-vankus-tencel-seda-strieborna\/#primaryimage"},"thumbnailUrl":"https:\/\/aztex.ee\/wp-content\/uploads\/2025\/04\/Tencel-padjapuur-Hobehall.jpg","datePublished":"2025-04-27T23:29:54+00:00","dateModified":"2026-05-03T17:53:09+00:00","description":"\u0160ed\u00e1 strieborn\u00e1 oblie\u010dka na vank\u00fa\u0161 TENCEL\u2122 Lyocell je \u0161etrn\u00e1 k poko\u017eke a odoln\u00e1 vo\u013eba, ktor\u00e1 poskytuje pr\u00edjemn\u00fd pocit chladu pri sp\u00e1nku a dod\u00e1va sp\u00e1lni.","breadcrumb":{"@id":"https:\/\/aztex.ee\/sk\/pood\/obliecky-na-vankuse\/obliecka-na-vankus-tencel-seda-strieborna\/#breadcrumb"},"inLanguage":"sk-SK","potentialAction":[{"@type":"ReadAction","target":["https:\/\/aztex.ee\/sk\/pood\/obliecky-na-vankuse\/obliecka-na-vankus-tencel-seda-strieborna\/"]}]},{"@type":"ImageObject","inLanguage":"sk-SK","@id":"https:\/\/aztex.ee\/sk\/pood\/obliecky-na-vankuse\/obliecka-na-vankus-tencel-seda-strieborna\/#primaryimage","url":"https:\/\/aztex.ee\/wp-content\/uploads\/2025\/04\/Tencel-padjapuur-Hobehall.jpg","contentUrl":"https:\/\/aztex.ee\/wp-content\/uploads\/2025\/04\/Tencel-padjapuur-Hobehall.jpg","width":800,"height":800,"caption":"Tencel padjap\u00fc\u00fcr H\u00f5behall"},{"@type":"BreadcrumbList","@id":"https:\/\/aztex.ee\/sk\/pood\/obliecky-na-vankuse\/obliecka-na-vankus-tencel-seda-strieborna\/#breadcrumb","itemListElement":[{"@type":"ListItem","position":1,"name":"Domov","item":"https:\/\/aztex.ee\/sk\/"},{"@type":"ListItem","position":2,"name":"Obchod","item":"https:\/\/aztex.ee\/sk\/obchod\/"},{"@type":"ListItem","position":3,"name":"Oblie\u010dka na vank\u00fa\u0161 Tencel \u2013 \u0160ed\u00e1 strieborn\u00e1"}]},{"@type":"WebSite","@id":"https:\/\/aztex.ee\/sk\/#website","url":"https:\/\/aztex.ee\/sk\/","name":"AZTEX","description":"","publisher":{"@id":"https:\/\/aztex.ee\/sk\/#organization"},"potentialAction":[{"@type":"SearchAction","target":{"@type":"EntryPoint","urlTemplate":"https:\/\/aztex.ee\/sk\/?s={search_term_string}"},"query-input":{"@type":"PropertyValueSpecification","valueRequired":true,"valueName":"search_term_string"}}],"inLanguage":"sk-SK"},{"@type":"Organization","@id":"https:\/\/aztex.ee\/sk\/#organization","name":"AZTEX","url":"https:\/\/aztex.ee\/sk\/","logo":{"@type":"ImageObject","inLanguage":"sk-SK","@id":"https:\/\/aztex.ee\/sk\/#\/schema\/logo\/image\/","url":"https:\/\/aztex.ee\/wp-content\/uploads\/2026\/01\/AZTEX.png","contentUrl":"https:\/\/aztex.ee\/wp-content\/uploads\/2026\/01\/AZTEX.png","width":500,"height":500,"caption":"AZTEX"},"image":{"@id":"https:\/\/aztex.ee\/sk\/#\/schema\/logo\/image\/"},"sameAs":["https:\/\/www.facebook.com\/AztexEE","https:\/\/www.instagram.com\/aztexeesti\/","https:\/\/www.youtube.com\/@AZTEXEE","https:\/\/www.pinterest.com\/aztex_eesti\/","https:\/\/www.tiktok.com\/@aztexeesti","https:\/\/www.trustpilot.com\/review\/aztex.ee","https:\/\/www.linkedin.com\/company\/aztex-ee\/","https:\/\/www.wikidata.org\/wiki\/Q137560182"]}]}},"_links":{"self":[{"href":"https:\/\/aztex.ee\/sk\/wp-json\/wp\/v2\/product\/82321","targetHints":{"allow":["GET"]}}],"collection":[{"href":"https:\/\/aztex.ee\/sk\/wp-json\/wp\/v2\/product"}],"about":[{"href":"https:\/\/aztex.ee\/sk\/wp-json\/wp\/v2\/types\/product"}],"replies":[{"embeddable":true,"href":"https:\/\/aztex.ee\/sk\/wp-json\/wp\/v2\/comments?post=82321"}],"version-history":[{"count":0,"href":"https:\/\/aztex.ee\/sk\/wp-json\/wp\/v2\/product\/82321\/revisions"}],"wp:featuredmedia":[{"embeddable":true,"href":"https:\/\/aztex.ee\/sk\/wp-json\/wp\/v2\/media\/82392"}],"wp:attachment":[{"href":"https:\/\/aztex.ee\/sk\/wp-json\/wp\/v2\/media?parent=82321"}],"wp:term":[{"taxonomy":"product_brand","embeddable":true,"href":"https:\/\/aztex.ee\/sk\/wp-json\/wp\/v2\/product_brand?post=82321"},{"taxonomy":"product_cat","embeddable":true,"href":"https:\/\/aztex.ee\/sk\/wp-json\/wp\/v2\/product_cat?post=82321"},{"taxonomy":"product_tag","embeddable":true,"href":"https:\/\/aztex.ee\/sk\/wp-json\/wp\/v2\/product_tag?post=82321"}],"curies":[{"name":"wp","href":"https:\/\/api.w.org\/{rel}","templated":true}]}}