{"id":77614,"date":"2025-04-05T10:33:23","date_gmt":"2025-04-05T10:33:23","guid":{"rendered":"https:\/\/aztex.ee\/pood\/nezaraden\u00e9\/bambusest-padjapuur-armee-roheline\/"},"modified":"2025-04-05T14:41:37","modified_gmt":"2025-04-05T14:41:37","slug":"bambusova-obliecka-na-vankus-armadna-zelena","status":"publish","type":"product","link":"https:\/\/aztex.ee\/sk\/pood\/bambusove-obliecky-na-vankuse\/bambusova-obliecka-na-vankus-armadna-zelena\/","title":{"rendered":"Bambusov\u00e1 oblie\u010dka na vank\u00fa\u0161 \u2013 Arm\u00e1dna zelen\u00e1"},"content":{"rendered":"<p>Bambusov\u00e1 oblie\u010dka na vank\u00fa\u0161 je priedu\u0161n\u00e1 a \u0161etrn\u00e1 k poko\u017eke a poskytuje pohodln\u00fd a osvie\u017euj\u00faci sp\u00e1nok. Prirodzen\u00e9 vlastnosti bambusov\u00fdch vl\u00e1kien pom\u00e1haj\u00fa regulova\u0165 teplotu a absorbova\u0165 vlhkos\u0165, \u010d\u00edm udr\u017euj\u00fa oblie\u010dku na vank\u00fa\u0161 such\u00fa a \u010dist\u00fa. Okrem toho je antibakteri\u00e1lny a hypoalerg\u00e9nny, tak\u017ee je ide\u00e1lny pre citliv\u00fa poko\u017eku.<\/p>\n<p>Hladk\u00e1 a jemn\u00e1 tkanina je pr\u00edjemn\u00e1 na dotyk a \u013eahko sa udr\u017eiava &#8211; mo\u017eno ju pra\u0165 v pr\u00e1\u010dke a je odoln\u00e1. Jemn\u00e1 text\u00fara si zachov\u00e1va svoju kvalitu aj po opakovanom pran\u00ed a poskytuje pr\u00edjemn\u00fd odpo\u010dinok ka\u017ed\u00fa noc.<\/p>\n<p>Bambusov\u00e1 oblie\u010dka na vank\u00fa\u0161 je ide\u00e1lna do ka\u017edej sp\u00e1lne, pon\u00faka praktickos\u0165 aj elegantn\u00fd vzh\u013ead. Jeho neutr\u00e1lne a prirodzen\u00e9 t\u00f3ny vytv\u00e1raj\u00fa pokojn\u00fa a \u00fatuln\u00fa atmosf\u00e9ru a \u013eahko sa hodia k r\u00f4znym s\u00faprav\u00e1m poste\u013enej bielizne. Vychutnajte si jemn\u00fd a svie\u017ei pocit ka\u017ed\u00fa noc, v\u010faka \u010domu bude sp\u00e1nok skuto\u010dne osvie\u017euj\u00faci.<\/p>\n","protected":false},"excerpt":{"rendered":"<p>Bambusov\u00e1 oblie\u010dka na vank\u00fa\u0161 je pr\u00edrodn\u00e1, m\u00e4kk\u00e1 a priedu\u0161n\u00e1, zais\u0165uje kvalitn\u00fd sp\u00e1nok.<\/p>\n<ul>\n<li>Farba: Arm\u00e1dna zelen\u00e1<\/li>\n<li>Materi\u00e1l: 100% bambus<\/li>\n<li>Po\u010det vl\u00e1kien: 300 TC<\/li>\n<\/ul>\n<p><img loading=\"lazy\" decoding=\"async\" class=\"alignnone wp-image-20226\" src=\"https:\/\/aztex.ee\/wp-content\/uploads\/2024\/09\/oekotex100.png\" alt=\"\" width=\"196\" height=\"69\" srcset=\"https:\/\/aztex.ee\/wp-content\/uploads\/2024\/09\/oekotex100.png 204w, https:\/\/aztex.ee\/wp-content\/uploads\/2024\/09\/oekotex100-150x53.png 150w\" sizes=\"auto, (max-width: 196px) 100vw, 196px\" \/><img loading=\"lazy\" decoding=\"async\" class=\"alignnone wp-image-20260\" src=\"https:\/\/aztex.ee\/wp-content\/uploads\/2024\/09\/bambuuss.png\" alt=\"\" width=\"75\" height=\"75\" srcset=\"https:\/\/aztex.ee\/wp-content\/uploads\/2024\/09\/bambuuss.png 204w, https:\/\/aztex.ee\/wp-content\/uploads\/2024\/09\/bambuuss-150x150.png 150w\" sizes=\"auto, (max-width: 75px) 100vw, 75px\" \/><\/p>\n","protected":false},"featured_media":77557,"comment_status":"open","ping_status":"closed","template":"","meta":[],"product_brand":[],"product_cat":[630,1786],"product_tag":[],"class_list":{"0":"post-77614","1":"product","2":"type-product","3":"status-publish","4":"has-post-thumbnail","6":"product_cat-bambusove-obliecky-na-vankuse","7":"product_cat-obliecky-na-vankuse","9":"first","10":"instock","11":"shipping-taxable","12":"purchasable","13":"product-type-variable"},"yoast_head":"<!-- This site is optimized with the Yoast SEO plugin v27.3 - https:\/\/yoast.com\/product\/yoast-seo-wordpress\/ -->\n<title>Bambusov\u00e1 oblie\u010dka na vank\u00fa\u0161 - Arm\u00e1dna zelen\u00e1 | AZTEX<\/title>\n<meta name=\"description\" content=\"Bambusov\u00e1 oblie\u010dka na vank\u00fa\u0161 je m\u00e4kk\u00e1, priedu\u0161n\u00e1, \u0161etrn\u00e1 k poko\u017eke a antibakteri\u00e1lna. Ide\u00e1lna vo\u013eba pre citliv\u00fa poko\u017eku, ktor\u00e1 zais\u0165uje svie\u017eos\u0165 a pohodln\u00fd\" \/>\n<meta name=\"robots\" content=\"index, follow, max-snippet:-1, max-image-preview:large, max-video-preview:-1\" \/>\n<link rel=\"canonical\" href=\"https:\/\/aztex.ee\/sk\/pood\/bambusove-obliecky-na-vankuse\/bambusova-obliecka-na-vankus-armadna-zelena\/\" \/>\n<meta property=\"og:locale\" content=\"sk_SK\" \/>\n<meta property=\"og:type\" content=\"article\" \/>\n<meta property=\"og:title\" content=\"Bambusov\u00e1 oblie\u010dka na vank\u00fa\u0161 - Arm\u00e1dna zelen\u00e1 | AZTEX\" \/>\n<meta property=\"og:description\" content=\"Bambusov\u00e1 oblie\u010dka na vank\u00fa\u0161 je m\u00e4kk\u00e1, priedu\u0161n\u00e1, \u0161etrn\u00e1 k poko\u017eke a antibakteri\u00e1lna. Ide\u00e1lna vo\u013eba pre citliv\u00fa poko\u017eku, ktor\u00e1 zais\u0165uje svie\u017eos\u0165 a pohodln\u00fd\" \/>\n<meta property=\"og:url\" content=\"https:\/\/aztex.ee\/sk\/pood\/bambusove-obliecky-na-vankuse\/bambusova-obliecka-na-vankus-armadna-zelena\/\" \/>\n<meta property=\"og:site_name\" content=\"AZTEX\" \/>\n<meta property=\"article:publisher\" content=\"https:\/\/www.facebook.com\/AztexEE\" \/>\n<meta property=\"article:modified_time\" content=\"2025-04-05T14:41:37+00:00\" \/>\n<meta property=\"og:image\" content=\"https:\/\/aztex.ee\/wp-content\/uploads\/2025\/04\/Bambusest-padjapuur-Armee-roheline.jpg\" \/>\n\t<meta property=\"og:image:width\" content=\"800\" \/>\n\t<meta property=\"og:image:height\" content=\"800\" \/>\n\t<meta property=\"og:image:type\" content=\"image\/jpeg\" \/>\n<meta name=\"twitter:card\" content=\"summary_large_image\" \/>\n<meta name=\"twitter:label1\" content=\"Predpokladan\u00fd \u010das \u010d\u00edtania\" \/>\n\t<meta name=\"twitter:data1\" content=\"1 min\u00fata\" \/>\n<script type=\"application\/ld+json\" class=\"yoast-schema-graph\">{\"@context\":\"https:\\\/\\\/schema.org\",\"@graph\":[{\"@type\":[\"WebPage\",\"ItemPage\"],\"@id\":\"https:\\\/\\\/aztex.ee\\\/sk\\\/pood\\\/bambusove-obliecky-na-vankuse\\\/bambusova-obliecka-na-vankus-armadna-zelena\\\/\",\"url\":\"https:\\\/\\\/aztex.ee\\\/sk\\\/pood\\\/bambusove-obliecky-na-vankuse\\\/bambusova-obliecka-na-vankus-armadna-zelena\\\/\",\"name\":\"Bambusov\u00e1 oblie\u010dka na vank\u00fa\u0161 - Arm\u00e1dna zelen\u00e1 | AZTEX\",\"isPartOf\":{\"@id\":\"https:\\\/\\\/aztex.ee\\\/sk\\\/#website\"},\"primaryImageOfPage\":{\"@id\":\"https:\\\/\\\/aztex.ee\\\/sk\\\/pood\\\/bambusove-obliecky-na-vankuse\\\/bambusova-obliecka-na-vankus-armadna-zelena\\\/#primaryimage\"},\"image\":{\"@id\":\"https:\\\/\\\/aztex.ee\\\/sk\\\/pood\\\/bambusove-obliecky-na-vankuse\\\/bambusova-obliecka-na-vankus-armadna-zelena\\\/#primaryimage\"},\"thumbnailUrl\":\"https:\\\/\\\/aztex.ee\\\/wp-content\\\/uploads\\\/2025\\\/04\\\/Bambusest-padjapuur-Armee-roheline.jpg\",\"datePublished\":\"2025-04-05T10:33:23+00:00\",\"dateModified\":\"2025-04-05T14:41:37+00:00\",\"description\":\"Bambusov\u00e1 oblie\u010dka na vank\u00fa\u0161 je m\u00e4kk\u00e1, priedu\u0161n\u00e1, \u0161etrn\u00e1 k poko\u017eke a antibakteri\u00e1lna. Ide\u00e1lna vo\u013eba pre citliv\u00fa poko\u017eku, ktor\u00e1 zais\u0165uje svie\u017eos\u0165 a pohodln\u00fd\",\"breadcrumb\":{\"@id\":\"https:\\\/\\\/aztex.ee\\\/sk\\\/pood\\\/bambusove-obliecky-na-vankuse\\\/bambusova-obliecka-na-vankus-armadna-zelena\\\/#breadcrumb\"},\"inLanguage\":\"sk-SK\",\"potentialAction\":[{\"@type\":\"ReadAction\",\"target\":[\"https:\\\/\\\/aztex.ee\\\/sk\\\/pood\\\/bambusove-obliecky-na-vankuse\\\/bambusova-obliecka-na-vankus-armadna-zelena\\\/\"]}]},{\"@type\":\"ImageObject\",\"inLanguage\":\"sk-SK\",\"@id\":\"https:\\\/\\\/aztex.ee\\\/sk\\\/pood\\\/bambusove-obliecky-na-vankuse\\\/bambusova-obliecka-na-vankus-armadna-zelena\\\/#primaryimage\",\"url\":\"https:\\\/\\\/aztex.ee\\\/wp-content\\\/uploads\\\/2025\\\/04\\\/Bambusest-padjapuur-Armee-roheline.jpg\",\"contentUrl\":\"https:\\\/\\\/aztex.ee\\\/wp-content\\\/uploads\\\/2025\\\/04\\\/Bambusest-padjapuur-Armee-roheline.jpg\",\"width\":800,\"height\":800,\"caption\":\"Bambusest padjap\u00fc\u00fcr Armee roheline\"},{\"@type\":\"BreadcrumbList\",\"@id\":\"https:\\\/\\\/aztex.ee\\\/sk\\\/pood\\\/bambusove-obliecky-na-vankuse\\\/bambusova-obliecka-na-vankus-armadna-zelena\\\/#breadcrumb\",\"itemListElement\":[{\"@type\":\"ListItem\",\"position\":1,\"name\":\"Domov\",\"item\":\"https:\\\/\\\/aztex.ee\\\/sk\\\/\"},{\"@type\":\"ListItem\",\"position\":2,\"name\":\"Obchod\",\"item\":\"https:\\\/\\\/aztex.ee\\\/sk\\\/obchod\\\/\"},{\"@type\":\"ListItem\",\"position\":3,\"name\":\"Bambusov\u00e1 oblie\u010dka na vank\u00fa\u0161 \u2013 Arm\u00e1dna zelen\u00e1\"}]},{\"@type\":\"WebSite\",\"@id\":\"https:\\\/\\\/aztex.ee\\\/sk\\\/#website\",\"url\":\"https:\\\/\\\/aztex.ee\\\/sk\\\/\",\"name\":\"AZTEX\",\"description\":\"\",\"publisher\":{\"@id\":\"https:\\\/\\\/aztex.ee\\\/sk\\\/#organization\"},\"potentialAction\":[{\"@type\":\"SearchAction\",\"target\":{\"@type\":\"EntryPoint\",\"urlTemplate\":\"https:\\\/\\\/aztex.ee\\\/sk\\\/?s={search_term_string}\"},\"query-input\":{\"@type\":\"PropertyValueSpecification\",\"valueRequired\":true,\"valueName\":\"search_term_string\"}}],\"inLanguage\":\"sk-SK\"},{\"@type\":\"Organization\",\"@id\":\"https:\\\/\\\/aztex.ee\\\/sk\\\/#organization\",\"name\":\"AZTEX\",\"url\":\"https:\\\/\\\/aztex.ee\\\/sk\\\/\",\"logo\":{\"@type\":\"ImageObject\",\"inLanguage\":\"sk-SK\",\"@id\":\"https:\\\/\\\/aztex.ee\\\/sk\\\/#\\\/schema\\\/logo\\\/image\\\/\",\"url\":\"https:\\\/\\\/aztex.ee\\\/wp-content\\\/uploads\\\/2026\\\/01\\\/AZTEX.png\",\"contentUrl\":\"https:\\\/\\\/aztex.ee\\\/wp-content\\\/uploads\\\/2026\\\/01\\\/AZTEX.png\",\"width\":500,\"height\":500,\"caption\":\"AZTEX\"},\"image\":{\"@id\":\"https:\\\/\\\/aztex.ee\\\/sk\\\/#\\\/schema\\\/logo\\\/image\\\/\"},\"sameAs\":[\"https:\\\/\\\/www.facebook.com\\\/AztexEE\",\"https:\\\/\\\/www.instagram.com\\\/aztexeesti\\\/\",\"https:\\\/\\\/www.youtube.com\\\/@AZTEXEE\",\"https:\\\/\\\/www.pinterest.com\\\/aztex_eesti\\\/\",\"https:\\\/\\\/www.tiktok.com\\\/@aztexeesti\",\"https:\\\/\\\/www.trustpilot.com\\\/review\\\/aztex.ee\",\"https:\\\/\\\/www.linkedin.com\\\/company\\\/aztex-ee\\\/\",\"https:\\\/\\\/www.wikidata.org\\\/wiki\\\/Q137560182\"]}]}<\/script>\n<!-- \/ Yoast SEO plugin. -->","yoast_head_json":{"title":"Bambusov\u00e1 oblie\u010dka na vank\u00fa\u0161 - Arm\u00e1dna zelen\u00e1 | AZTEX","description":"Bambusov\u00e1 oblie\u010dka na vank\u00fa\u0161 je m\u00e4kk\u00e1, priedu\u0161n\u00e1, \u0161etrn\u00e1 k poko\u017eke a antibakteri\u00e1lna. Ide\u00e1lna vo\u013eba pre citliv\u00fa poko\u017eku, ktor\u00e1 zais\u0165uje svie\u017eos\u0165 a pohodln\u00fd","robots":{"index":"index","follow":"follow","max-snippet":"max-snippet:-1","max-image-preview":"max-image-preview:large","max-video-preview":"max-video-preview:-1"},"canonical":"https:\/\/aztex.ee\/sk\/pood\/bambusove-obliecky-na-vankuse\/bambusova-obliecka-na-vankus-armadna-zelena\/","og_locale":"sk_SK","og_type":"article","og_title":"Bambusov\u00e1 oblie\u010dka na vank\u00fa\u0161 - Arm\u00e1dna zelen\u00e1 | AZTEX","og_description":"Bambusov\u00e1 oblie\u010dka na vank\u00fa\u0161 je m\u00e4kk\u00e1, priedu\u0161n\u00e1, \u0161etrn\u00e1 k poko\u017eke a antibakteri\u00e1lna. Ide\u00e1lna vo\u013eba pre citliv\u00fa poko\u017eku, ktor\u00e1 zais\u0165uje svie\u017eos\u0165 a pohodln\u00fd","og_url":"https:\/\/aztex.ee\/sk\/pood\/bambusove-obliecky-na-vankuse\/bambusova-obliecka-na-vankus-armadna-zelena\/","og_site_name":"AZTEX","article_publisher":"https:\/\/www.facebook.com\/AztexEE","article_modified_time":"2025-04-05T14:41:37+00:00","og_image":[{"width":800,"height":800,"url":"https:\/\/aztex.ee\/wp-content\/uploads\/2025\/04\/Bambusest-padjapuur-Armee-roheline.jpg","type":"image\/jpeg"}],"twitter_card":"summary_large_image","twitter_misc":{"Predpokladan\u00fd \u010das \u010d\u00edtania":"1 min\u00fata"},"schema":{"@context":"https:\/\/schema.org","@graph":[{"@type":["WebPage","ItemPage"],"@id":"https:\/\/aztex.ee\/sk\/pood\/bambusove-obliecky-na-vankuse\/bambusova-obliecka-na-vankus-armadna-zelena\/","url":"https:\/\/aztex.ee\/sk\/pood\/bambusove-obliecky-na-vankuse\/bambusova-obliecka-na-vankus-armadna-zelena\/","name":"Bambusov\u00e1 oblie\u010dka na vank\u00fa\u0161 - Arm\u00e1dna zelen\u00e1 | AZTEX","isPartOf":{"@id":"https:\/\/aztex.ee\/sk\/#website"},"primaryImageOfPage":{"@id":"https:\/\/aztex.ee\/sk\/pood\/bambusove-obliecky-na-vankuse\/bambusova-obliecka-na-vankus-armadna-zelena\/#primaryimage"},"image":{"@id":"https:\/\/aztex.ee\/sk\/pood\/bambusove-obliecky-na-vankuse\/bambusova-obliecka-na-vankus-armadna-zelena\/#primaryimage"},"thumbnailUrl":"https:\/\/aztex.ee\/wp-content\/uploads\/2025\/04\/Bambusest-padjapuur-Armee-roheline.jpg","datePublished":"2025-04-05T10:33:23+00:00","dateModified":"2025-04-05T14:41:37+00:00","description":"Bambusov\u00e1 oblie\u010dka na vank\u00fa\u0161 je m\u00e4kk\u00e1, priedu\u0161n\u00e1, \u0161etrn\u00e1 k poko\u017eke a antibakteri\u00e1lna. Ide\u00e1lna vo\u013eba pre citliv\u00fa poko\u017eku, ktor\u00e1 zais\u0165uje svie\u017eos\u0165 a pohodln\u00fd","breadcrumb":{"@id":"https:\/\/aztex.ee\/sk\/pood\/bambusove-obliecky-na-vankuse\/bambusova-obliecka-na-vankus-armadna-zelena\/#breadcrumb"},"inLanguage":"sk-SK","potentialAction":[{"@type":"ReadAction","target":["https:\/\/aztex.ee\/sk\/pood\/bambusove-obliecky-na-vankuse\/bambusova-obliecka-na-vankus-armadna-zelena\/"]}]},{"@type":"ImageObject","inLanguage":"sk-SK","@id":"https:\/\/aztex.ee\/sk\/pood\/bambusove-obliecky-na-vankuse\/bambusova-obliecka-na-vankus-armadna-zelena\/#primaryimage","url":"https:\/\/aztex.ee\/wp-content\/uploads\/2025\/04\/Bambusest-padjapuur-Armee-roheline.jpg","contentUrl":"https:\/\/aztex.ee\/wp-content\/uploads\/2025\/04\/Bambusest-padjapuur-Armee-roheline.jpg","width":800,"height":800,"caption":"Bambusest padjap\u00fc\u00fcr Armee roheline"},{"@type":"BreadcrumbList","@id":"https:\/\/aztex.ee\/sk\/pood\/bambusove-obliecky-na-vankuse\/bambusova-obliecka-na-vankus-armadna-zelena\/#breadcrumb","itemListElement":[{"@type":"ListItem","position":1,"name":"Domov","item":"https:\/\/aztex.ee\/sk\/"},{"@type":"ListItem","position":2,"name":"Obchod","item":"https:\/\/aztex.ee\/sk\/obchod\/"},{"@type":"ListItem","position":3,"name":"Bambusov\u00e1 oblie\u010dka na vank\u00fa\u0161 \u2013 Arm\u00e1dna zelen\u00e1"}]},{"@type":"WebSite","@id":"https:\/\/aztex.ee\/sk\/#website","url":"https:\/\/aztex.ee\/sk\/","name":"AZTEX","description":"","publisher":{"@id":"https:\/\/aztex.ee\/sk\/#organization"},"potentialAction":[{"@type":"SearchAction","target":{"@type":"EntryPoint","urlTemplate":"https:\/\/aztex.ee\/sk\/?s={search_term_string}"},"query-input":{"@type":"PropertyValueSpecification","valueRequired":true,"valueName":"search_term_string"}}],"inLanguage":"sk-SK"},{"@type":"Organization","@id":"https:\/\/aztex.ee\/sk\/#organization","name":"AZTEX","url":"https:\/\/aztex.ee\/sk\/","logo":{"@type":"ImageObject","inLanguage":"sk-SK","@id":"https:\/\/aztex.ee\/sk\/#\/schema\/logo\/image\/","url":"https:\/\/aztex.ee\/wp-content\/uploads\/2026\/01\/AZTEX.png","contentUrl":"https:\/\/aztex.ee\/wp-content\/uploads\/2026\/01\/AZTEX.png","width":500,"height":500,"caption":"AZTEX"},"image":{"@id":"https:\/\/aztex.ee\/sk\/#\/schema\/logo\/image\/"},"sameAs":["https:\/\/www.facebook.com\/AztexEE","https:\/\/www.instagram.com\/aztexeesti\/","https:\/\/www.youtube.com\/@AZTEXEE","https:\/\/www.pinterest.com\/aztex_eesti\/","https:\/\/www.tiktok.com\/@aztexeesti","https:\/\/www.trustpilot.com\/review\/aztex.ee","https:\/\/www.linkedin.com\/company\/aztex-ee\/","https:\/\/www.wikidata.org\/wiki\/Q137560182"]}]}},"_links":{"self":[{"href":"https:\/\/aztex.ee\/sk\/wp-json\/wp\/v2\/product\/77614","targetHints":{"allow":["GET"]}}],"collection":[{"href":"https:\/\/aztex.ee\/sk\/wp-json\/wp\/v2\/product"}],"about":[{"href":"https:\/\/aztex.ee\/sk\/wp-json\/wp\/v2\/types\/product"}],"replies":[{"embeddable":true,"href":"https:\/\/aztex.ee\/sk\/wp-json\/wp\/v2\/comments?post=77614"}],"version-history":[{"count":0,"href":"https:\/\/aztex.ee\/sk\/wp-json\/wp\/v2\/product\/77614\/revisions"}],"wp:featuredmedia":[{"embeddable":true,"href":"https:\/\/aztex.ee\/sk\/wp-json\/wp\/v2\/media\/77557"}],"wp:attachment":[{"href":"https:\/\/aztex.ee\/sk\/wp-json\/wp\/v2\/media?parent=77614"}],"wp:term":[{"taxonomy":"product_brand","embeddable":true,"href":"https:\/\/aztex.ee\/sk\/wp-json\/wp\/v2\/product_brand?post=77614"},{"taxonomy":"product_cat","embeddable":true,"href":"https:\/\/aztex.ee\/sk\/wp-json\/wp\/v2\/product_cat?post=77614"},{"taxonomy":"product_tag","embeddable":true,"href":"https:\/\/aztex.ee\/sk\/wp-json\/wp\/v2\/product_tag?post=77614"}],"curies":[{"name":"wp","href":"https:\/\/api.w.org\/{rel}","templated":true}]}}