{"id":77066,"date":"2025-04-02T23:58:48","date_gmt":"2025-04-02T23:58:48","guid":{"rendered":"https:\/\/aztex.ee\/?post_type=product&#038;p=77066"},"modified":"2026-03-19T20:50:43","modified_gmt":"2026-03-19T20:50:43","slug":"bambusova-postelna-plachta-piesok","status":"publish","type":"product","link":"https:\/\/aztex.ee\/sk\/pood\/bambusove-prestieradla\/bambusova-postelna-plachta-piesok\/","title":{"rendered":"Bambusov\u00e1 poste\u013en\u00e1 plachta \u2013 Piesok"},"content":{"rendered":"<p>Bambus je prirodzene m\u00e4kk\u00fd, priedu\u0161n\u00fd a odoln\u00fd, v\u010faka \u010domu je ide\u00e1lnou vo\u013ebou pre bytov\u00fd textil. Bambusov\u00e9 vl\u00e1kna s\u00fa hodv\u00e1bne hladk\u00e9 a jemne priliehaj\u00fa k poko\u017eke a poskytuj\u00fa luxusn\u00fd komfort pri ka\u017edodennom pou\u017e\u00edvan\u00ed. Tento materi\u00e1l navy\u0161e v\u00fdborne absorbuje vlhkos\u0165, pom\u00e1ha udr\u017eiava\u0165 poko\u017eku v suchu a zais\u0165uje svie\u017ei pocit po\u010das celej noci.<\/p>\n<p>Jednou zo \u0161peci\u00e1lnych vlastnost\u00ed bambusu s\u00fa jeho prirodzen\u00e9 antibakteri\u00e1lne a hypoalerg\u00e9nne vlastnosti. To pom\u00e1ha obmedzi\u0165 \u0161\u00edrenie nepr\u00edjemn\u00fdch pachov a bakt\u00e9ri\u00ed, v\u010faka \u010domu s\u00fa v\u00fdrobky vyroben\u00e9 z bambusu obzvl\u00e1\u0161\u0165 vhodn\u00e9 pre \u013eud\u00ed s citlivou poko\u017ekou. Bambusov\u00e9 vl\u00e1kna navy\u0161e dok\u00e1\u017eu regulova\u0165 teplotu, \u010d\u00edm poskytuj\u00fa chlad v lete a teplo v zime.<\/p>\n<p>Bambus je tie\u017e trvalo udr\u017eate\u013en\u00fd materi\u00e1l, ktor\u00fd rastie r\u00fdchlo a vy\u017eaduje podstatne menej vody na rast ako mnoh\u00e9 in\u00e9 vl\u00e1kna. To rob\u00ed z bambusov\u00fdch text\u00edli\u00ed ekologick\u00fa vo\u013ebu, ktor\u00e1 sp\u00e1ja \u017eivotn\u00fd \u0161t\u00fdl bl\u00edzky pr\u00edrode s pr\u00e9miov\u00fdm komfortom.<\/p>\n","protected":false},"excerpt":{"rendered":"<p>Bambusov\u00e1 poste\u013en\u00e1 plachta zais\u0165uj\u00fa svie\u017ei sp\u00e1nok, s\u00fa antibakteri\u00e1lne a hodv\u00e1bne jemn\u00e9.<\/p>\n<ul>\n<li>Farba: Piesok<\/li>\n<li>Materi\u00e1l: 100% bambus<\/li>\n<li>Po\u010det vl\u00e1kien: 300 TC<\/li>\n<li>Ve\u013ekos\u0165: 220&#215;240 cm \u00b13<\/li>\n<\/ul>\n<p><img loading=\"lazy\" decoding=\"async\" class=\"alignnone wp-image-20226\" src=\"https:\/\/aztex.ee\/wp-content\/uploads\/2024\/09\/oekotex100.png\" alt=\"\" width=\"196\" height=\"69\" srcset=\"https:\/\/aztex.ee\/wp-content\/uploads\/2024\/09\/oekotex100.png 204w, https:\/\/aztex.ee\/wp-content\/uploads\/2024\/09\/oekotex100-150x53.png 150w\" sizes=\"auto, (max-width: 196px) 100vw, 196px\" \/><img loading=\"lazy\" decoding=\"async\" class=\"alignnone wp-image-20260\" src=\"https:\/\/aztex.ee\/wp-content\/uploads\/2024\/09\/bambuuss.png\" alt=\"\" width=\"75\" height=\"75\" srcset=\"https:\/\/aztex.ee\/wp-content\/uploads\/2024\/09\/bambuuss.png 204w, https:\/\/aztex.ee\/wp-content\/uploads\/2024\/09\/bambuuss-150x150.png 150w\" sizes=\"auto, (max-width: 75px) 100vw, 75px\" \/><\/p>\n","protected":false},"featured_media":107692,"comment_status":"open","ping_status":"closed","template":"","meta":[],"product_brand":[],"product_cat":[633,1807],"product_tag":[],"class_list":{"0":"post-77066","1":"product","2":"type-product","3":"status-publish","4":"has-post-thumbnail","6":"product_cat-bambusove-prestieradla","7":"product_cat-plachty-na-postel","9":"first","10":"instock","11":"shipping-taxable","12":"purchasable","13":"product-type-simple"},"yoast_head":"<!-- This site is optimized with the Yoast SEO plugin v27.4 - https:\/\/yoast.com\/product\/yoast-seo-wordpress\/ -->\n<title>Bambusov\u00e1 poste\u013en\u00e1 plachta - Piesok | AZTEX<\/title>\n<meta name=\"description\" content=\"Oblie\u010dky zo 100% bambusu s\u00fa hodv\u00e1bne hladk\u00e9, priedu\u0161n\u00e9 a odv\u00e1dzaj\u00face vlhkos\u0165, \u010d\u00edm poskytuj\u00fa ekologick\u00e9, svie\u017ee a pohodln\u00e9 prostredie na sp\u00e1nok v ka\u017edom ..\" \/>\n<meta name=\"robots\" content=\"index, follow, max-snippet:-1, max-image-preview:large, max-video-preview:-1\" \/>\n<link rel=\"canonical\" href=\"https:\/\/aztex.ee\/sk\/pood\/bambusove-prestieradla\/bambusova-postelna-plachta-piesok\/\" \/>\n<meta property=\"og:locale\" content=\"sk_SK\" \/>\n<meta property=\"og:type\" content=\"article\" \/>\n<meta property=\"og:title\" content=\"Bambusov\u00e1 poste\u013en\u00e1 plachta - Piesok | AZTEX\" \/>\n<meta property=\"og:description\" content=\"Oblie\u010dky zo 100% bambusu s\u00fa hodv\u00e1bne hladk\u00e9, priedu\u0161n\u00e9 a odv\u00e1dzaj\u00face vlhkos\u0165, \u010d\u00edm poskytuj\u00fa ekologick\u00e9, svie\u017ee a pohodln\u00e9 prostredie na sp\u00e1nok v ka\u017edom ..\" \/>\n<meta property=\"og:url\" content=\"https:\/\/aztex.ee\/sk\/pood\/bambusove-prestieradla\/bambusova-postelna-plachta-piesok\/\" \/>\n<meta property=\"og:site_name\" content=\"AZTEX\" \/>\n<meta property=\"article:publisher\" content=\"https:\/\/www.facebook.com\/AztexEE\" \/>\n<meta property=\"article:modified_time\" content=\"2026-03-19T20:50:43+00:00\" \/>\n<meta property=\"og:image\" content=\"https:\/\/aztex.ee\/wp-content\/uploads\/2025\/04\/Bambusest-voodilina-Liiv-1.jpg\" \/>\n\t<meta property=\"og:image:width\" content=\"800\" \/>\n\t<meta property=\"og:image:height\" content=\"800\" \/>\n\t<meta property=\"og:image:type\" content=\"image\/jpeg\" \/>\n<meta name=\"twitter:card\" content=\"summary_large_image\" \/>\n<meta name=\"twitter:label1\" content=\"Predpokladan\u00fd \u010das \u010d\u00edtania\" \/>\n\t<meta name=\"twitter:data1\" content=\"1 min\u00fata\" \/>\n<script type=\"application\/ld+json\" class=\"yoast-schema-graph\">{\"@context\":\"https:\\\/\\\/schema.org\",\"@graph\":[{\"@type\":[\"WebPage\",\"ItemPage\"],\"@id\":\"https:\\\/\\\/aztex.ee\\\/sk\\\/pood\\\/bambusove-prestieradla\\\/bambusova-postelna-plachta-piesok\\\/\",\"url\":\"https:\\\/\\\/aztex.ee\\\/sk\\\/pood\\\/bambusove-prestieradla\\\/bambusova-postelna-plachta-piesok\\\/\",\"name\":\"Bambusov\u00e1 poste\u013en\u00e1 plachta - Piesok | AZTEX\",\"isPartOf\":{\"@id\":\"https:\\\/\\\/aztex.ee\\\/sk\\\/#website\"},\"primaryImageOfPage\":{\"@id\":\"https:\\\/\\\/aztex.ee\\\/sk\\\/pood\\\/bambusove-prestieradla\\\/bambusova-postelna-plachta-piesok\\\/#primaryimage\"},\"image\":{\"@id\":\"https:\\\/\\\/aztex.ee\\\/sk\\\/pood\\\/bambusove-prestieradla\\\/bambusova-postelna-plachta-piesok\\\/#primaryimage\"},\"thumbnailUrl\":\"https:\\\/\\\/aztex.ee\\\/wp-content\\\/uploads\\\/2025\\\/04\\\/Bambusest-voodilina-Liiv-1.jpg\",\"datePublished\":\"2025-04-02T23:58:48+00:00\",\"dateModified\":\"2026-03-19T20:50:43+00:00\",\"description\":\"Oblie\u010dky zo 100% bambusu s\u00fa hodv\u00e1bne hladk\u00e9, priedu\u0161n\u00e9 a odv\u00e1dzaj\u00face vlhkos\u0165, \u010d\u00edm poskytuj\u00fa ekologick\u00e9, svie\u017ee a pohodln\u00e9 prostredie na sp\u00e1nok v ka\u017edom ..\",\"breadcrumb\":{\"@id\":\"https:\\\/\\\/aztex.ee\\\/sk\\\/pood\\\/bambusove-prestieradla\\\/bambusova-postelna-plachta-piesok\\\/#breadcrumb\"},\"inLanguage\":\"sk-SK\",\"potentialAction\":[{\"@type\":\"ReadAction\",\"target\":[\"https:\\\/\\\/aztex.ee\\\/sk\\\/pood\\\/bambusove-prestieradla\\\/bambusova-postelna-plachta-piesok\\\/\"]}]},{\"@type\":\"ImageObject\",\"inLanguage\":\"sk-SK\",\"@id\":\"https:\\\/\\\/aztex.ee\\\/sk\\\/pood\\\/bambusove-prestieradla\\\/bambusova-postelna-plachta-piesok\\\/#primaryimage\",\"url\":\"https:\\\/\\\/aztex.ee\\\/wp-content\\\/uploads\\\/2025\\\/04\\\/Bambusest-voodilina-Liiv-1.jpg\",\"contentUrl\":\"https:\\\/\\\/aztex.ee\\\/wp-content\\\/uploads\\\/2025\\\/04\\\/Bambusest-voodilina-Liiv-1.jpg\",\"width\":800,\"height\":800,\"caption\":\"Bambusest voodilina Liiv\"},{\"@type\":\"BreadcrumbList\",\"@id\":\"https:\\\/\\\/aztex.ee\\\/sk\\\/pood\\\/bambusove-prestieradla\\\/bambusova-postelna-plachta-piesok\\\/#breadcrumb\",\"itemListElement\":[{\"@type\":\"ListItem\",\"position\":1,\"name\":\"Domov\",\"item\":\"https:\\\/\\\/aztex.ee\\\/sk\\\/\"},{\"@type\":\"ListItem\",\"position\":2,\"name\":\"Obchod\",\"item\":\"https:\\\/\\\/aztex.ee\\\/sk\\\/obchod\\\/\"},{\"@type\":\"ListItem\",\"position\":3,\"name\":\"Bambusov\u00e1 poste\u013en\u00e1 plachta \u2013 Piesok\"}]},{\"@type\":\"WebSite\",\"@id\":\"https:\\\/\\\/aztex.ee\\\/sk\\\/#website\",\"url\":\"https:\\\/\\\/aztex.ee\\\/sk\\\/\",\"name\":\"AZTEX\",\"description\":\"\",\"publisher\":{\"@id\":\"https:\\\/\\\/aztex.ee\\\/sk\\\/#organization\"},\"potentialAction\":[{\"@type\":\"SearchAction\",\"target\":{\"@type\":\"EntryPoint\",\"urlTemplate\":\"https:\\\/\\\/aztex.ee\\\/sk\\\/?s={search_term_string}\"},\"query-input\":{\"@type\":\"PropertyValueSpecification\",\"valueRequired\":true,\"valueName\":\"search_term_string\"}}],\"inLanguage\":\"sk-SK\"},{\"@type\":\"Organization\",\"@id\":\"https:\\\/\\\/aztex.ee\\\/sk\\\/#organization\",\"name\":\"AZTEX\",\"url\":\"https:\\\/\\\/aztex.ee\\\/sk\\\/\",\"logo\":{\"@type\":\"ImageObject\",\"inLanguage\":\"sk-SK\",\"@id\":\"https:\\\/\\\/aztex.ee\\\/sk\\\/#\\\/schema\\\/logo\\\/image\\\/\",\"url\":\"https:\\\/\\\/aztex.ee\\\/wp-content\\\/uploads\\\/2026\\\/01\\\/AZTEX.png\",\"contentUrl\":\"https:\\\/\\\/aztex.ee\\\/wp-content\\\/uploads\\\/2026\\\/01\\\/AZTEX.png\",\"width\":500,\"height\":500,\"caption\":\"AZTEX\"},\"image\":{\"@id\":\"https:\\\/\\\/aztex.ee\\\/sk\\\/#\\\/schema\\\/logo\\\/image\\\/\"},\"sameAs\":[\"https:\\\/\\\/www.facebook.com\\\/AztexEE\",\"https:\\\/\\\/www.instagram.com\\\/aztexeesti\\\/\",\"https:\\\/\\\/www.youtube.com\\\/@AZTEXEE\",\"https:\\\/\\\/www.pinterest.com\\\/aztex_eesti\\\/\",\"https:\\\/\\\/www.tiktok.com\\\/@aztexeesti\",\"https:\\\/\\\/www.trustpilot.com\\\/review\\\/aztex.ee\",\"https:\\\/\\\/www.linkedin.com\\\/company\\\/aztex-ee\\\/\",\"https:\\\/\\\/www.wikidata.org\\\/wiki\\\/Q137560182\"]}]}<\/script>\n<!-- \/ Yoast SEO plugin. -->","yoast_head_json":{"title":"Bambusov\u00e1 poste\u013en\u00e1 plachta - Piesok | AZTEX","description":"Oblie\u010dky zo 100% bambusu s\u00fa hodv\u00e1bne hladk\u00e9, priedu\u0161n\u00e9 a odv\u00e1dzaj\u00face vlhkos\u0165, \u010d\u00edm poskytuj\u00fa ekologick\u00e9, svie\u017ee a pohodln\u00e9 prostredie na sp\u00e1nok v ka\u017edom ..","robots":{"index":"index","follow":"follow","max-snippet":"max-snippet:-1","max-image-preview":"max-image-preview:large","max-video-preview":"max-video-preview:-1"},"canonical":"https:\/\/aztex.ee\/sk\/pood\/bambusove-prestieradla\/bambusova-postelna-plachta-piesok\/","og_locale":"sk_SK","og_type":"article","og_title":"Bambusov\u00e1 poste\u013en\u00e1 plachta - Piesok | AZTEX","og_description":"Oblie\u010dky zo 100% bambusu s\u00fa hodv\u00e1bne hladk\u00e9, priedu\u0161n\u00e9 a odv\u00e1dzaj\u00face vlhkos\u0165, \u010d\u00edm poskytuj\u00fa ekologick\u00e9, svie\u017ee a pohodln\u00e9 prostredie na sp\u00e1nok v ka\u017edom ..","og_url":"https:\/\/aztex.ee\/sk\/pood\/bambusove-prestieradla\/bambusova-postelna-plachta-piesok\/","og_site_name":"AZTEX","article_publisher":"https:\/\/www.facebook.com\/AztexEE","article_modified_time":"2026-03-19T20:50:43+00:00","og_image":[{"width":800,"height":800,"url":"https:\/\/aztex.ee\/wp-content\/uploads\/2025\/04\/Bambusest-voodilina-Liiv-1.jpg","type":"image\/jpeg"}],"twitter_card":"summary_large_image","twitter_misc":{"Predpokladan\u00fd \u010das \u010d\u00edtania":"1 min\u00fata"},"schema":{"@context":"https:\/\/schema.org","@graph":[{"@type":["WebPage","ItemPage"],"@id":"https:\/\/aztex.ee\/sk\/pood\/bambusove-prestieradla\/bambusova-postelna-plachta-piesok\/","url":"https:\/\/aztex.ee\/sk\/pood\/bambusove-prestieradla\/bambusova-postelna-plachta-piesok\/","name":"Bambusov\u00e1 poste\u013en\u00e1 plachta - Piesok | AZTEX","isPartOf":{"@id":"https:\/\/aztex.ee\/sk\/#website"},"primaryImageOfPage":{"@id":"https:\/\/aztex.ee\/sk\/pood\/bambusove-prestieradla\/bambusova-postelna-plachta-piesok\/#primaryimage"},"image":{"@id":"https:\/\/aztex.ee\/sk\/pood\/bambusove-prestieradla\/bambusova-postelna-plachta-piesok\/#primaryimage"},"thumbnailUrl":"https:\/\/aztex.ee\/wp-content\/uploads\/2025\/04\/Bambusest-voodilina-Liiv-1.jpg","datePublished":"2025-04-02T23:58:48+00:00","dateModified":"2026-03-19T20:50:43+00:00","description":"Oblie\u010dky zo 100% bambusu s\u00fa hodv\u00e1bne hladk\u00e9, priedu\u0161n\u00e9 a odv\u00e1dzaj\u00face vlhkos\u0165, \u010d\u00edm poskytuj\u00fa ekologick\u00e9, svie\u017ee a pohodln\u00e9 prostredie na sp\u00e1nok v ka\u017edom ..","breadcrumb":{"@id":"https:\/\/aztex.ee\/sk\/pood\/bambusove-prestieradla\/bambusova-postelna-plachta-piesok\/#breadcrumb"},"inLanguage":"sk-SK","potentialAction":[{"@type":"ReadAction","target":["https:\/\/aztex.ee\/sk\/pood\/bambusove-prestieradla\/bambusova-postelna-plachta-piesok\/"]}]},{"@type":"ImageObject","inLanguage":"sk-SK","@id":"https:\/\/aztex.ee\/sk\/pood\/bambusove-prestieradla\/bambusova-postelna-plachta-piesok\/#primaryimage","url":"https:\/\/aztex.ee\/wp-content\/uploads\/2025\/04\/Bambusest-voodilina-Liiv-1.jpg","contentUrl":"https:\/\/aztex.ee\/wp-content\/uploads\/2025\/04\/Bambusest-voodilina-Liiv-1.jpg","width":800,"height":800,"caption":"Bambusest voodilina Liiv"},{"@type":"BreadcrumbList","@id":"https:\/\/aztex.ee\/sk\/pood\/bambusove-prestieradla\/bambusova-postelna-plachta-piesok\/#breadcrumb","itemListElement":[{"@type":"ListItem","position":1,"name":"Domov","item":"https:\/\/aztex.ee\/sk\/"},{"@type":"ListItem","position":2,"name":"Obchod","item":"https:\/\/aztex.ee\/sk\/obchod\/"},{"@type":"ListItem","position":3,"name":"Bambusov\u00e1 poste\u013en\u00e1 plachta \u2013 Piesok"}]},{"@type":"WebSite","@id":"https:\/\/aztex.ee\/sk\/#website","url":"https:\/\/aztex.ee\/sk\/","name":"AZTEX","description":"","publisher":{"@id":"https:\/\/aztex.ee\/sk\/#organization"},"potentialAction":[{"@type":"SearchAction","target":{"@type":"EntryPoint","urlTemplate":"https:\/\/aztex.ee\/sk\/?s={search_term_string}"},"query-input":{"@type":"PropertyValueSpecification","valueRequired":true,"valueName":"search_term_string"}}],"inLanguage":"sk-SK"},{"@type":"Organization","@id":"https:\/\/aztex.ee\/sk\/#organization","name":"AZTEX","url":"https:\/\/aztex.ee\/sk\/","logo":{"@type":"ImageObject","inLanguage":"sk-SK","@id":"https:\/\/aztex.ee\/sk\/#\/schema\/logo\/image\/","url":"https:\/\/aztex.ee\/wp-content\/uploads\/2026\/01\/AZTEX.png","contentUrl":"https:\/\/aztex.ee\/wp-content\/uploads\/2026\/01\/AZTEX.png","width":500,"height":500,"caption":"AZTEX"},"image":{"@id":"https:\/\/aztex.ee\/sk\/#\/schema\/logo\/image\/"},"sameAs":["https:\/\/www.facebook.com\/AztexEE","https:\/\/www.instagram.com\/aztexeesti\/","https:\/\/www.youtube.com\/@AZTEXEE","https:\/\/www.pinterest.com\/aztex_eesti\/","https:\/\/www.tiktok.com\/@aztexeesti","https:\/\/www.trustpilot.com\/review\/aztex.ee","https:\/\/www.linkedin.com\/company\/aztex-ee\/","https:\/\/www.wikidata.org\/wiki\/Q137560182"]}]}},"_links":{"self":[{"href":"https:\/\/aztex.ee\/sk\/wp-json\/wp\/v2\/product\/77066","targetHints":{"allow":["GET"]}}],"collection":[{"href":"https:\/\/aztex.ee\/sk\/wp-json\/wp\/v2\/product"}],"about":[{"href":"https:\/\/aztex.ee\/sk\/wp-json\/wp\/v2\/types\/product"}],"replies":[{"embeddable":true,"href":"https:\/\/aztex.ee\/sk\/wp-json\/wp\/v2\/comments?post=77066"}],"version-history":[{"count":1,"href":"https:\/\/aztex.ee\/sk\/wp-json\/wp\/v2\/product\/77066\/revisions"}],"predecessor-version":[{"id":107717,"href":"https:\/\/aztex.ee\/sk\/wp-json\/wp\/v2\/product\/77066\/revisions\/107717"}],"wp:featuredmedia":[{"embeddable":true,"href":"https:\/\/aztex.ee\/sk\/wp-json\/wp\/v2\/media\/107692"}],"wp:attachment":[{"href":"https:\/\/aztex.ee\/sk\/wp-json\/wp\/v2\/media?parent=77066"}],"wp:term":[{"taxonomy":"product_brand","embeddable":true,"href":"https:\/\/aztex.ee\/sk\/wp-json\/wp\/v2\/product_brand?post=77066"},{"taxonomy":"product_cat","embeddable":true,"href":"https:\/\/aztex.ee\/sk\/wp-json\/wp\/v2\/product_cat?post=77066"},{"taxonomy":"product_tag","embeddable":true,"href":"https:\/\/aztex.ee\/sk\/wp-json\/wp\/v2\/product_tag?post=77066"}],"curies":[{"name":"wp","href":"https:\/\/api.w.org\/{rel}","templated":true}]}}