{"id":73750,"date":"2025-03-28T22:57:25","date_gmt":"2025-03-28T22:57:25","guid":{"rendered":"https:\/\/aztex.ee\/?post_type=product&#038;p=73750"},"modified":"2026-04-12T18:52:31","modified_gmt":"2026-04-12T18:52:31","slug":"osuska","status":"publish","type":"product","link":"https:\/\/aztex.ee\/sk\/pood\/uteraky-a-osusky\/osuska\/","title":{"rendered":"Osu\u0161ka 70&#215;140 cm"},"content":{"rendered":"<p><strong>Bavlnen\u00e1 osu\u0161ka &#8211; m\u00e4kk\u00fd a k poko\u017eke pr\u00edjemn\u00fd materi\u00e1l<\/strong><\/p>\n<p>Bavlnen\u00e1 osu\u0161ka je vyroben\u00e1 zo 100% vysokokvalitnej bavlny, ktor\u00e1 poskytuje v\u00fdnimo\u010dn\u00fa m\u00e4kkos\u0165 a pohodlie. Ka\u017ed\u00e9 pou\u017eitie prin\u00e1\u0161a jemn\u00fd dotyk na poko\u017eke, v\u010faka \u010domu je ka\u017ed\u00e9 um\u00fdvanie pr\u00edjemn\u00fdm z\u00e1\u017eitkom. Bavlna je \u0161etrn\u00e1 k poko\u017eke a je vhodn\u00e1 aj pre citliv\u00fa poko\u017eku, poskytuje \u00fa\u010dinn\u00fa ochranu pred podr\u00e1\u017eden\u00edm.<\/p>\n<p><strong>V\u00fdborn\u00e1 savos\u0165 a r\u00fdchle schnutie<\/strong><\/p>\n<p>Hust\u00e1 v\u00e4zba osu\u0161ky zabezpe\u010duje v\u00fdborn\u00fa savos\u0165, ktor\u00e1 pom\u00e1ha r\u00fdchlo absorbova\u0165 vlhkos\u0165 a vysu\u0161i\u0165 telo. To je d\u00f4le\u017eit\u00e9 najm\u00e4 pre pocit svie\u017eosti a r\u00fdchleho sucha. Navy\u0161e osu\u0161ka r\u00fdchlo schne a je pripraven\u00e1 na \u010fal\u0161ie pou\u017eitie v kr\u00e1tkom \u010dase bez straty jemnosti.<\/p>\n<p><strong>Dlhotrvaj\u00faci a odoln\u00fd<\/strong><\/p>\n<p>V\u010faka kvalitnej bavlne je t\u00e1to osu\u0161ka mimoriadne odoln\u00e1, zachov\u00e1va si svoj vzh\u013ead a vlastnosti aj po nieko\u013ek\u00fdch praniach. Osu\u0161ka nestr\u00e1ca svoju jemnos\u0165 ani savos\u0165 ani pri \u010dastom pou\u017e\u00edvan\u00ed a pran\u00ed. Ide o skvel\u00fa invest\u00edciu, ktor\u00e1 pon\u00faka dlhotrvaj\u00faci komfort a odolnos\u0165.<\/p>\n<p><strong>V\u0161estrann\u00e9 vyu\u017eitie<\/strong><\/p>\n<p>Bavlnen\u00e1 osu\u0161ka je ide\u00e1lna do ka\u017edej dom\u00e1cej k\u00fape\u013ene, ale je tie\u017e skvelou vo\u013ebou do k\u00fape\u013eov, sauny alebo na pl\u00e1\u017e. \u010ci u\u017e ide o rann\u00fa sprchu, ve\u010dern\u00fd k\u00fape\u013e alebo si u\u017e\u00edvate de\u0148 vo\u013ena \u2013 t\u00e1to osu\u0161ka vnesie do ka\u017ed\u00e9ho okamihu extra jemnos\u0165 a teplo.<\/p>\n<p><strong>\u013dahk\u00e1 starostlivos\u0165<\/strong><\/p>\n<p>Osu\u0161ka je nen\u00e1ro\u010dn\u00e1 na \u00fadr\u017ebu &#8211; mo\u017eno ju pra\u0165 v pr\u00e1\u010dke a r\u00fdchlo schne, pri\u010dom si zachov\u00e1va svoju kvalitu a svie\u017eos\u0165 pri ka\u017edom pou\u017eit\u00ed. Prirodzen\u00e1 vlastnos\u0165 bavlny ju rob\u00ed odolnou vo\u010di praniu, tak\u017ee osu\u0161ka je v\u017edy pripraven\u00e1 na \u010fal\u0161ie pou\u017eitie. Nie je potrebn\u00e9 sa ob\u00e1va\u0165 vyblednutia farieb, preto\u017ee je navrhnut\u00fd tak, aby vydr\u017eal a poskytoval dlhodob\u00fd p\u00f4\u017eitok.<\/p>\n<p>Bavlnen\u00e1 osu\u0161ka je dokonal\u00fdm doplnkom do ka\u017edej k\u00fape\u013ene. Jeho elegantn\u00fd dizajn a kvalitn\u00fd materi\u00e1l ozvl\u00e1\u0161tnia ka\u017edodenn\u00e9 rutiny a poskytn\u00fa teplo a hebkos\u0165 pri ka\u017edom pou\u017eit\u00ed. Odolnos\u0165 a jednoduch\u00e1 \u00fadr\u017eba osu\u0161ka zais\u0165uje dlhotrvaj\u00faci p\u00f4\u017eitok, v\u017edy pripraven\u00fd prinies\u0165 pohodlie do ka\u017ed\u00e9ho d\u0148a.<\/p>\n","protected":false},"excerpt":{"rendered":"<ul>\n<li>Materi\u00e1l: 100% bavlna<\/li>\n<li>Ve\u013ekos\u0165: 70&#215;140 cm \u00b13<\/li>\n<li>Gram\u00e1\u017e: 450g\/m2<\/li>\n<\/ul>\n","protected":false},"featured_media":73783,"comment_status":"open","ping_status":"closed","template":"","meta":[],"product_brand":[],"product_cat":[1601,1718,673],"product_tag":[],"class_list":{"0":"post-73750","1":"product","2":"type-product","3":"status-publish","4":"has-post-thumbnail","6":"product_cat-kupelnove-uteraky","7":"product_cat-kupelnove-uteraky-70x140-cm","8":"product_cat-uteraky-a-osusky","10":"first","11":"instock","12":"shipping-taxable","13":"purchasable","14":"product-type-variable"},"yoast_head":"<!-- This site is optimized with the Yoast SEO plugin v27.3 - https:\/\/yoast.com\/product\/yoast-seo-wordpress\/ -->\n<title>Bavlnen\u00e1 osu\u0161ka - Pr\u00edrodn\u00e1 a M\u00e4kk\u00e1 | AZTEX<\/title>\n<meta name=\"description\" content=\"Luxusn\u00e1, m\u00e4kk\u00e1 a vysoko sav\u00e1 bavlnen\u00e1 osu\u0161ka r\u00fdchlo schne. Dlhotrvaj\u00faci a jemn\u00fd na dotyk, ide\u00e1lny na ka\u017edodenn\u00e9 pou\u017eitie.\" \/>\n<meta name=\"robots\" content=\"index, follow, max-snippet:-1, max-image-preview:large, max-video-preview:-1\" \/>\n<link rel=\"canonical\" href=\"https:\/\/aztex.ee\/sk\/pood\/uteraky-a-osusky\/osuska\/\" \/>\n<meta property=\"og:locale\" content=\"sk_SK\" \/>\n<meta property=\"og:type\" content=\"article\" \/>\n<meta property=\"og:title\" content=\"Bavlnen\u00e1 osu\u0161ka - Pr\u00edrodn\u00e1 a M\u00e4kk\u00e1 | AZTEX\" \/>\n<meta property=\"og:description\" content=\"Luxusn\u00e1, m\u00e4kk\u00e1 a vysoko sav\u00e1 bavlnen\u00e1 osu\u0161ka r\u00fdchlo schne. Dlhotrvaj\u00faci a jemn\u00fd na dotyk, ide\u00e1lny na ka\u017edodenn\u00e9 pou\u017eitie.\" \/>\n<meta property=\"og:url\" content=\"https:\/\/aztex.ee\/sk\/pood\/uteraky-a-osusky\/osuska\/\" \/>\n<meta property=\"og:site_name\" content=\"AZTEX\" \/>\n<meta property=\"article:publisher\" content=\"https:\/\/www.facebook.com\/AztexEE\" \/>\n<meta property=\"article:modified_time\" content=\"2026-04-12T18:52:31+00:00\" \/>\n<meta property=\"og:image\" content=\"https:\/\/aztex.ee\/wp-content\/uploads\/2025\/03\/Vanniratik-70x140-2.jpg\" \/>\n\t<meta property=\"og:image:width\" content=\"800\" \/>\n\t<meta property=\"og:image:height\" content=\"800\" \/>\n\t<meta property=\"og:image:type\" content=\"image\/jpeg\" \/>\n<meta name=\"twitter:card\" content=\"summary_large_image\" \/>\n<meta name=\"twitter:label1\" content=\"Predpokladan\u00fd \u010das \u010d\u00edtania\" \/>\n\t<meta name=\"twitter:data1\" content=\"2 min\u00faty\" \/>\n<script type=\"application\/ld+json\" class=\"yoast-schema-graph\">{\"@context\":\"https:\\\/\\\/schema.org\",\"@graph\":[{\"@type\":[\"WebPage\",\"ItemPage\"],\"@id\":\"https:\\\/\\\/aztex.ee\\\/sk\\\/pood\\\/uteraky-a-osusky\\\/osuska\\\/\",\"url\":\"https:\\\/\\\/aztex.ee\\\/sk\\\/pood\\\/uteraky-a-osusky\\\/osuska\\\/\",\"name\":\"Bavlnen\u00e1 osu\u0161ka - Pr\u00edrodn\u00e1 a M\u00e4kk\u00e1 | AZTEX\",\"isPartOf\":{\"@id\":\"https:\\\/\\\/aztex.ee\\\/sk\\\/#website\"},\"primaryImageOfPage\":{\"@id\":\"https:\\\/\\\/aztex.ee\\\/sk\\\/pood\\\/uteraky-a-osusky\\\/osuska\\\/#primaryimage\"},\"image\":{\"@id\":\"https:\\\/\\\/aztex.ee\\\/sk\\\/pood\\\/uteraky-a-osusky\\\/osuska\\\/#primaryimage\"},\"thumbnailUrl\":\"https:\\\/\\\/aztex.ee\\\/wp-content\\\/uploads\\\/2025\\\/03\\\/Vanniratik-70x140-2.jpg\",\"datePublished\":\"2025-03-28T22:57:25+00:00\",\"dateModified\":\"2026-04-12T18:52:31+00:00\",\"description\":\"Luxusn\u00e1, m\u00e4kk\u00e1 a vysoko sav\u00e1 bavlnen\u00e1 osu\u0161ka r\u00fdchlo schne. Dlhotrvaj\u00faci a jemn\u00fd na dotyk, ide\u00e1lny na ka\u017edodenn\u00e9 pou\u017eitie.\",\"breadcrumb\":{\"@id\":\"https:\\\/\\\/aztex.ee\\\/sk\\\/pood\\\/uteraky-a-osusky\\\/osuska\\\/#breadcrumb\"},\"inLanguage\":\"sk-SK\",\"potentialAction\":[{\"@type\":\"ReadAction\",\"target\":[\"https:\\\/\\\/aztex.ee\\\/sk\\\/pood\\\/uteraky-a-osusky\\\/osuska\\\/\"]}]},{\"@type\":\"ImageObject\",\"inLanguage\":\"sk-SK\",\"@id\":\"https:\\\/\\\/aztex.ee\\\/sk\\\/pood\\\/uteraky-a-osusky\\\/osuska\\\/#primaryimage\",\"url\":\"https:\\\/\\\/aztex.ee\\\/wp-content\\\/uploads\\\/2025\\\/03\\\/Vanniratik-70x140-2.jpg\",\"contentUrl\":\"https:\\\/\\\/aztex.ee\\\/wp-content\\\/uploads\\\/2025\\\/03\\\/Vanniratik-70x140-2.jpg\",\"width\":800,\"height\":800,\"caption\":\"Vannir\u00e4tik 70x140\"},{\"@type\":\"BreadcrumbList\",\"@id\":\"https:\\\/\\\/aztex.ee\\\/sk\\\/pood\\\/uteraky-a-osusky\\\/osuska\\\/#breadcrumb\",\"itemListElement\":[{\"@type\":\"ListItem\",\"position\":1,\"name\":\"Domov\",\"item\":\"https:\\\/\\\/aztex.ee\\\/sk\\\/\"},{\"@type\":\"ListItem\",\"position\":2,\"name\":\"Obchod\",\"item\":\"https:\\\/\\\/aztex.ee\\\/sk\\\/obchod\\\/\"},{\"@type\":\"ListItem\",\"position\":3,\"name\":\"Osu\u0161ka 70&#215;140 cm\"}]},{\"@type\":\"WebSite\",\"@id\":\"https:\\\/\\\/aztex.ee\\\/sk\\\/#website\",\"url\":\"https:\\\/\\\/aztex.ee\\\/sk\\\/\",\"name\":\"AZTEX\",\"description\":\"\",\"publisher\":{\"@id\":\"https:\\\/\\\/aztex.ee\\\/sk\\\/#organization\"},\"potentialAction\":[{\"@type\":\"SearchAction\",\"target\":{\"@type\":\"EntryPoint\",\"urlTemplate\":\"https:\\\/\\\/aztex.ee\\\/sk\\\/?s={search_term_string}\"},\"query-input\":{\"@type\":\"PropertyValueSpecification\",\"valueRequired\":true,\"valueName\":\"search_term_string\"}}],\"inLanguage\":\"sk-SK\"},{\"@type\":\"Organization\",\"@id\":\"https:\\\/\\\/aztex.ee\\\/sk\\\/#organization\",\"name\":\"AZTEX\",\"url\":\"https:\\\/\\\/aztex.ee\\\/sk\\\/\",\"logo\":{\"@type\":\"ImageObject\",\"inLanguage\":\"sk-SK\",\"@id\":\"https:\\\/\\\/aztex.ee\\\/sk\\\/#\\\/schema\\\/logo\\\/image\\\/\",\"url\":\"https:\\\/\\\/aztex.ee\\\/wp-content\\\/uploads\\\/2026\\\/01\\\/AZTEX.png\",\"contentUrl\":\"https:\\\/\\\/aztex.ee\\\/wp-content\\\/uploads\\\/2026\\\/01\\\/AZTEX.png\",\"width\":500,\"height\":500,\"caption\":\"AZTEX\"},\"image\":{\"@id\":\"https:\\\/\\\/aztex.ee\\\/sk\\\/#\\\/schema\\\/logo\\\/image\\\/\"},\"sameAs\":[\"https:\\\/\\\/www.facebook.com\\\/AztexEE\",\"https:\\\/\\\/www.instagram.com\\\/aztexeesti\\\/\",\"https:\\\/\\\/www.youtube.com\\\/@AZTEXEE\",\"https:\\\/\\\/www.pinterest.com\\\/aztex_eesti\\\/\",\"https:\\\/\\\/www.tiktok.com\\\/@aztexeesti\",\"https:\\\/\\\/www.trustpilot.com\\\/review\\\/aztex.ee\",\"https:\\\/\\\/www.linkedin.com\\\/company\\\/aztex-ee\\\/\",\"https:\\\/\\\/www.wikidata.org\\\/wiki\\\/Q137560182\"]}]}<\/script>\n<!-- \/ Yoast SEO plugin. -->","yoast_head_json":{"title":"Bavlnen\u00e1 osu\u0161ka - Pr\u00edrodn\u00e1 a M\u00e4kk\u00e1 | AZTEX","description":"Luxusn\u00e1, m\u00e4kk\u00e1 a vysoko sav\u00e1 bavlnen\u00e1 osu\u0161ka r\u00fdchlo schne. Dlhotrvaj\u00faci a jemn\u00fd na dotyk, ide\u00e1lny na ka\u017edodenn\u00e9 pou\u017eitie.","robots":{"index":"index","follow":"follow","max-snippet":"max-snippet:-1","max-image-preview":"max-image-preview:large","max-video-preview":"max-video-preview:-1"},"canonical":"https:\/\/aztex.ee\/sk\/pood\/uteraky-a-osusky\/osuska\/","og_locale":"sk_SK","og_type":"article","og_title":"Bavlnen\u00e1 osu\u0161ka - Pr\u00edrodn\u00e1 a M\u00e4kk\u00e1 | AZTEX","og_description":"Luxusn\u00e1, m\u00e4kk\u00e1 a vysoko sav\u00e1 bavlnen\u00e1 osu\u0161ka r\u00fdchlo schne. Dlhotrvaj\u00faci a jemn\u00fd na dotyk, ide\u00e1lny na ka\u017edodenn\u00e9 pou\u017eitie.","og_url":"https:\/\/aztex.ee\/sk\/pood\/uteraky-a-osusky\/osuska\/","og_site_name":"AZTEX","article_publisher":"https:\/\/www.facebook.com\/AztexEE","article_modified_time":"2026-04-12T18:52:31+00:00","og_image":[{"width":800,"height":800,"url":"https:\/\/aztex.ee\/wp-content\/uploads\/2025\/03\/Vanniratik-70x140-2.jpg","type":"image\/jpeg"}],"twitter_card":"summary_large_image","twitter_misc":{"Predpokladan\u00fd \u010das \u010d\u00edtania":"2 min\u00faty"},"schema":{"@context":"https:\/\/schema.org","@graph":[{"@type":["WebPage","ItemPage"],"@id":"https:\/\/aztex.ee\/sk\/pood\/uteraky-a-osusky\/osuska\/","url":"https:\/\/aztex.ee\/sk\/pood\/uteraky-a-osusky\/osuska\/","name":"Bavlnen\u00e1 osu\u0161ka - Pr\u00edrodn\u00e1 a M\u00e4kk\u00e1 | AZTEX","isPartOf":{"@id":"https:\/\/aztex.ee\/sk\/#website"},"primaryImageOfPage":{"@id":"https:\/\/aztex.ee\/sk\/pood\/uteraky-a-osusky\/osuska\/#primaryimage"},"image":{"@id":"https:\/\/aztex.ee\/sk\/pood\/uteraky-a-osusky\/osuska\/#primaryimage"},"thumbnailUrl":"https:\/\/aztex.ee\/wp-content\/uploads\/2025\/03\/Vanniratik-70x140-2.jpg","datePublished":"2025-03-28T22:57:25+00:00","dateModified":"2026-04-12T18:52:31+00:00","description":"Luxusn\u00e1, m\u00e4kk\u00e1 a vysoko sav\u00e1 bavlnen\u00e1 osu\u0161ka r\u00fdchlo schne. Dlhotrvaj\u00faci a jemn\u00fd na dotyk, ide\u00e1lny na ka\u017edodenn\u00e9 pou\u017eitie.","breadcrumb":{"@id":"https:\/\/aztex.ee\/sk\/pood\/uteraky-a-osusky\/osuska\/#breadcrumb"},"inLanguage":"sk-SK","potentialAction":[{"@type":"ReadAction","target":["https:\/\/aztex.ee\/sk\/pood\/uteraky-a-osusky\/osuska\/"]}]},{"@type":"ImageObject","inLanguage":"sk-SK","@id":"https:\/\/aztex.ee\/sk\/pood\/uteraky-a-osusky\/osuska\/#primaryimage","url":"https:\/\/aztex.ee\/wp-content\/uploads\/2025\/03\/Vanniratik-70x140-2.jpg","contentUrl":"https:\/\/aztex.ee\/wp-content\/uploads\/2025\/03\/Vanniratik-70x140-2.jpg","width":800,"height":800,"caption":"Vannir\u00e4tik 70x140"},{"@type":"BreadcrumbList","@id":"https:\/\/aztex.ee\/sk\/pood\/uteraky-a-osusky\/osuska\/#breadcrumb","itemListElement":[{"@type":"ListItem","position":1,"name":"Domov","item":"https:\/\/aztex.ee\/sk\/"},{"@type":"ListItem","position":2,"name":"Obchod","item":"https:\/\/aztex.ee\/sk\/obchod\/"},{"@type":"ListItem","position":3,"name":"Osu\u0161ka 70&#215;140 cm"}]},{"@type":"WebSite","@id":"https:\/\/aztex.ee\/sk\/#website","url":"https:\/\/aztex.ee\/sk\/","name":"AZTEX","description":"","publisher":{"@id":"https:\/\/aztex.ee\/sk\/#organization"},"potentialAction":[{"@type":"SearchAction","target":{"@type":"EntryPoint","urlTemplate":"https:\/\/aztex.ee\/sk\/?s={search_term_string}"},"query-input":{"@type":"PropertyValueSpecification","valueRequired":true,"valueName":"search_term_string"}}],"inLanguage":"sk-SK"},{"@type":"Organization","@id":"https:\/\/aztex.ee\/sk\/#organization","name":"AZTEX","url":"https:\/\/aztex.ee\/sk\/","logo":{"@type":"ImageObject","inLanguage":"sk-SK","@id":"https:\/\/aztex.ee\/sk\/#\/schema\/logo\/image\/","url":"https:\/\/aztex.ee\/wp-content\/uploads\/2026\/01\/AZTEX.png","contentUrl":"https:\/\/aztex.ee\/wp-content\/uploads\/2026\/01\/AZTEX.png","width":500,"height":500,"caption":"AZTEX"},"image":{"@id":"https:\/\/aztex.ee\/sk\/#\/schema\/logo\/image\/"},"sameAs":["https:\/\/www.facebook.com\/AztexEE","https:\/\/www.instagram.com\/aztexeesti\/","https:\/\/www.youtube.com\/@AZTEXEE","https:\/\/www.pinterest.com\/aztex_eesti\/","https:\/\/www.tiktok.com\/@aztexeesti","https:\/\/www.trustpilot.com\/review\/aztex.ee","https:\/\/www.linkedin.com\/company\/aztex-ee\/","https:\/\/www.wikidata.org\/wiki\/Q137560182"]}]}},"_links":{"self":[{"href":"https:\/\/aztex.ee\/sk\/wp-json\/wp\/v2\/product\/73750","targetHints":{"allow":["GET"]}}],"collection":[{"href":"https:\/\/aztex.ee\/sk\/wp-json\/wp\/v2\/product"}],"about":[{"href":"https:\/\/aztex.ee\/sk\/wp-json\/wp\/v2\/types\/product"}],"replies":[{"embeddable":true,"href":"https:\/\/aztex.ee\/sk\/wp-json\/wp\/v2\/comments?post=73750"}],"version-history":[{"count":0,"href":"https:\/\/aztex.ee\/sk\/wp-json\/wp\/v2\/product\/73750\/revisions"}],"wp:featuredmedia":[{"embeddable":true,"href":"https:\/\/aztex.ee\/sk\/wp-json\/wp\/v2\/media\/73783"}],"wp:attachment":[{"href":"https:\/\/aztex.ee\/sk\/wp-json\/wp\/v2\/media?parent=73750"}],"wp:term":[{"taxonomy":"product_brand","embeddable":true,"href":"https:\/\/aztex.ee\/sk\/wp-json\/wp\/v2\/product_brand?post=73750"},{"taxonomy":"product_cat","embeddable":true,"href":"https:\/\/aztex.ee\/sk\/wp-json\/wp\/v2\/product_cat?post=73750"},{"taxonomy":"product_tag","embeddable":true,"href":"https:\/\/aztex.ee\/sk\/wp-json\/wp\/v2\/product_tag?post=73750"}],"curies":[{"name":"wp","href":"https:\/\/api.w.org\/{rel}","templated":true}]}}