{"id":73238,"date":"2025-03-26T23:20:05","date_gmt":"2025-03-26T23:20:05","guid":{"rendered":"https:\/\/aztex.ee\/?post_type=product&#038;p=73238"},"modified":"2026-04-08T10:48:38","modified_gmt":"2026-04-08T10:48:38","slug":"bavlneny-uterak-35x75-cm","status":"publish","type":"product","link":"https:\/\/aztex.ee\/sk\/pood\/uteraky-a-osusky\/bavlneny-uterak-35x75-cm\/","title":{"rendered":"Bavlnen\u00fd uter\u00e1k 35&#215;75 cm"},"content":{"rendered":"<p><strong>Bavlnen\u00fd uter\u00e1k \u2013 hebkos\u0165 a dlhotrvaj\u00faca kvalita<\/strong><\/p>\n<p>Bavlna je jedn\u00fdm z najob\u013e\u00fabenej\u0161\u00edch materi\u00e1lov na v\u00fdrobu uter\u00e1kov, preto\u017ee je prirodzene m\u00e4kk\u00e1, priedu\u0161n\u00e1 a \u0161etrn\u00e1 k poko\u017eke. Tento uter\u00e1k je vyroben\u00fd z kvalitnej bavlny, ktor\u00e1 je na dotyk pr\u00edjemn\u00e1 k poko\u017eke a je vhodn\u00e1 aj pre citliv\u00fa poko\u017eku. Pr\u00edrodn\u00e9 vl\u00e1kno prep\u00fa\u0161\u0165a vzduch, pom\u00e1ha uter\u00e1ku r\u00fdchlo schn\u00fa\u0165 a poskytuje maxim\u00e1lny komfort pri ka\u017edodennom pou\u017e\u00edvan\u00ed.<\/p>\n<p><strong>V\u00fdborn\u00e1 savos\u0165 a r\u00fdchle schnutie<\/strong><\/p>\n<p>Bavlnen\u00fd uter\u00e1k r\u00fdchlo a efekt\u00edvne absorbuje vlhkos\u0165, v\u010faka \u010domu je su\u0161enie obzvl\u00e1\u0161\u0165 pohodln\u00e9 a pr\u00edjemn\u00e9. V\u010faka tomu sa skvele hod\u00ed do k\u00fape\u013ene, sauny aj na pl\u00e1\u017e. Bavlnen\u00e1 utierka navy\u0161e r\u00fdchlo schne, \u010do pom\u00e1ha predch\u00e1dza\u0165 nepr\u00edjemn\u00fdm pachom a udr\u017e\u00ed ju dlho svie\u017eu.<\/p>\n<p><strong>Odoln\u00e9 a kvalitn\u00e9<\/strong><\/p>\n<p>Starostlivo vybran\u00fd materi\u00e1l a pevn\u00e9 \u0161vy zaru\u010duj\u00fa, \u017ee uter\u00e1k znesie \u010dast\u00e9 pranie, pri\u010dom si dlhodobo zachov\u00e1 svoju m\u00e4kkos\u0165 a dobr\u00fa savos\u0165. V\u010faka kvalitnej technike tkania sa uter\u00e1k r\u00fdchlo nezapch\u00e1va a nestr\u00e1ca svoj p\u00f4vodn\u00fd tvar. To znamen\u00e1, \u017ee zostane v\u017edy m\u00e4kk\u00fd a spo\u013eahliv\u00fd spolo\u010dn\u00edk po cel\u00e9 roky.<\/p>\n<p><strong>\u0160t\u00fdlov\u00fd a v\u0161estrann\u00fd<\/strong><\/p>\n<p>Bavlnen\u00fd uter\u00e1k je dostupn\u00fd v nieko\u013ek\u00fdch kr\u00e1snych farb\u00e1ch, ktor\u00e9 doplnia ka\u017ed\u00fa k\u00fape\u013e\u0148u. Klasick\u00fd a nad\u010dasov\u00fd dizajn umo\u017e\u0148uje jednoduch\u00e9 kombinovanie s ostatn\u00fdm k\u00fape\u013e\u0148ov\u00fdm textilom.<\/p>\n<p><strong>Jednoduch\u00e1 starostlivos\u0165 a dlhotrvaj\u00faca svie\u017eos\u0165<\/strong><\/p>\n<p>Bavlnen\u00fd uter\u00e1k je nen\u00e1ro\u010dn\u00fd na \u00fadr\u017ebu, mo\u017eno ho pra\u0165 v pr\u00e1\u010dke a aj po nieko\u013ek\u00fdch praniach si zachov\u00e1va svoju farbu a jemnos\u0165. Pre dosiahnutie najlep\u0161\u00edch v\u00fdsledkov sa odpor\u00fa\u010da pra\u0165 uter\u00e1k pri ni\u017e\u0161ej teplote a vyh\u00fdba\u0165 sa nadmern\u00e9mu pou\u017e\u00edvaniu aviv\u00e1\u017ee, ktor\u00e1 m\u00f4\u017ee ovplyvni\u0165 savos\u0165. Pri spr\u00e1vnej starostlivosti zostane uter\u00e1k m\u00e4kk\u00fd, sav\u00fd a pr\u00edjemne svie\u017ei po dlh\u00fa dobu.<\/p>\n<p>Bavlnen\u00e1 uter\u00e1k pon\u00faka prirodzen\u00fa m\u00e4kkos\u0165, vynikaj\u00facu savos\u0165 a odolnos\u0165, v\u010faka \u010domu je spo\u013eahlivou a dlhotrvaj\u00facou vo\u013ebou pre ka\u017edodenn\u00e9 pou\u017eitie.<\/p>\n","protected":false},"excerpt":{"rendered":"<ul>\n<li>Materi\u00e1l: 100% bavlna<\/li>\n<li>Ve\u013ekos\u0165: 35\u00d775 cm \u00b13<\/li>\n<li>Gram\u00e1\u017e: 450g\/m2<\/li>\n<\/ul>\n","protected":false},"featured_media":73277,"comment_status":"open","ping_status":"closed","template":"","meta":[],"product_brand":[],"product_cat":[1740,784,673],"product_tag":[],"class_list":{"0":"post-73238","1":"product","2":"type-product","3":"status-publish","4":"has-post-thumbnail","6":"product_cat-uteraky","7":"product_cat-uteraky-35x75-cm","8":"product_cat-uteraky-a-osusky","10":"first","11":"instock","12":"shipping-taxable","13":"purchasable","14":"product-type-variable"},"yoast_head":"<!-- This site is optimized with the Yoast SEO plugin v27.3 - https:\/\/yoast.com\/product\/yoast-seo-wordpress\/ -->\n<title>Bavlnen\u00fd uter\u00e1k 35x75 cm - 100% Bavlna | AZTEX<\/title>\n<meta name=\"description\" content=\"M\u00e4kk\u00fd a vysoko sav\u00fd bavlnen\u00fd uter\u00e1k je perfektnou vo\u013ebou pre ka\u017edodenn\u00e9 pou\u017eitie, pon\u00faka v\u00fdnimo\u010dn\u00fa kvalitu, dlhotrvaj\u00faci komfort a...\" \/>\n<meta name=\"robots\" content=\"index, follow, max-snippet:-1, max-image-preview:large, max-video-preview:-1\" \/>\n<link rel=\"canonical\" href=\"https:\/\/aztex.ee\/sk\/pood\/uteraky-a-osusky\/bavlneny-uterak-35x75-cm\/\" \/>\n<meta property=\"og:locale\" content=\"sk_SK\" \/>\n<meta property=\"og:type\" content=\"article\" \/>\n<meta property=\"og:title\" content=\"Bavlnen\u00fd uter\u00e1k 35x75 cm - 100% Bavlna | AZTEX\" \/>\n<meta property=\"og:description\" content=\"M\u00e4kk\u00fd a vysoko sav\u00fd bavlnen\u00fd uter\u00e1k je perfektnou vo\u013ebou pre ka\u017edodenn\u00e9 pou\u017eitie, pon\u00faka v\u00fdnimo\u010dn\u00fa kvalitu, dlhotrvaj\u00faci komfort a...\" \/>\n<meta property=\"og:url\" content=\"https:\/\/aztex.ee\/sk\/pood\/uteraky-a-osusky\/bavlneny-uterak-35x75-cm\/\" \/>\n<meta property=\"og:site_name\" content=\"AZTEX\" \/>\n<meta property=\"article:publisher\" content=\"https:\/\/www.facebook.com\/AztexEE\" \/>\n<meta property=\"article:modified_time\" content=\"2026-04-08T10:48:38+00:00\" \/>\n<meta property=\"og:image\" content=\"https:\/\/aztex.ee\/wp-content\/uploads\/2025\/03\/Puuvillane-ratik-35x75-cm.jpg\" \/>\n\t<meta property=\"og:image:width\" content=\"800\" \/>\n\t<meta property=\"og:image:height\" content=\"800\" \/>\n\t<meta property=\"og:image:type\" content=\"image\/jpeg\" \/>\n<meta name=\"twitter:card\" content=\"summary_large_image\" \/>\n<meta name=\"twitter:label1\" content=\"Predpokladan\u00fd \u010das \u010d\u00edtania\" \/>\n\t<meta name=\"twitter:data1\" content=\"2 min\u00faty\" \/>\n<script type=\"application\/ld+json\" class=\"yoast-schema-graph\">{\"@context\":\"https:\\\/\\\/schema.org\",\"@graph\":[{\"@type\":[\"WebPage\",\"ItemPage\"],\"@id\":\"https:\\\/\\\/aztex.ee\\\/sk\\\/pood\\\/uteraky-a-osusky\\\/bavlneny-uterak-35x75-cm\\\/\",\"url\":\"https:\\\/\\\/aztex.ee\\\/sk\\\/pood\\\/uteraky-a-osusky\\\/bavlneny-uterak-35x75-cm\\\/\",\"name\":\"Bavlnen\u00fd uter\u00e1k 35x75 cm - 100% Bavlna | AZTEX\",\"isPartOf\":{\"@id\":\"https:\\\/\\\/aztex.ee\\\/sk\\\/#website\"},\"primaryImageOfPage\":{\"@id\":\"https:\\\/\\\/aztex.ee\\\/sk\\\/pood\\\/uteraky-a-osusky\\\/bavlneny-uterak-35x75-cm\\\/#primaryimage\"},\"image\":{\"@id\":\"https:\\\/\\\/aztex.ee\\\/sk\\\/pood\\\/uteraky-a-osusky\\\/bavlneny-uterak-35x75-cm\\\/#primaryimage\"},\"thumbnailUrl\":\"https:\\\/\\\/aztex.ee\\\/wp-content\\\/uploads\\\/2025\\\/03\\\/Puuvillane-ratik-35x75-cm.jpg\",\"datePublished\":\"2025-03-26T23:20:05+00:00\",\"dateModified\":\"2026-04-08T10:48:38+00:00\",\"description\":\"M\u00e4kk\u00fd a vysoko sav\u00fd bavlnen\u00fd uter\u00e1k je perfektnou vo\u013ebou pre ka\u017edodenn\u00e9 pou\u017eitie, pon\u00faka v\u00fdnimo\u010dn\u00fa kvalitu, dlhotrvaj\u00faci komfort a...\",\"breadcrumb\":{\"@id\":\"https:\\\/\\\/aztex.ee\\\/sk\\\/pood\\\/uteraky-a-osusky\\\/bavlneny-uterak-35x75-cm\\\/#breadcrumb\"},\"inLanguage\":\"sk-SK\",\"potentialAction\":[{\"@type\":\"ReadAction\",\"target\":[\"https:\\\/\\\/aztex.ee\\\/sk\\\/pood\\\/uteraky-a-osusky\\\/bavlneny-uterak-35x75-cm\\\/\"]}]},{\"@type\":\"ImageObject\",\"inLanguage\":\"sk-SK\",\"@id\":\"https:\\\/\\\/aztex.ee\\\/sk\\\/pood\\\/uteraky-a-osusky\\\/bavlneny-uterak-35x75-cm\\\/#primaryimage\",\"url\":\"https:\\\/\\\/aztex.ee\\\/wp-content\\\/uploads\\\/2025\\\/03\\\/Puuvillane-ratik-35x75-cm.jpg\",\"contentUrl\":\"https:\\\/\\\/aztex.ee\\\/wp-content\\\/uploads\\\/2025\\\/03\\\/Puuvillane-ratik-35x75-cm.jpg\",\"width\":800,\"height\":800,\"caption\":\"Puuvillane r\u00e4tik 35x75 cm\"},{\"@type\":\"BreadcrumbList\",\"@id\":\"https:\\\/\\\/aztex.ee\\\/sk\\\/pood\\\/uteraky-a-osusky\\\/bavlneny-uterak-35x75-cm\\\/#breadcrumb\",\"itemListElement\":[{\"@type\":\"ListItem\",\"position\":1,\"name\":\"Domov\",\"item\":\"https:\\\/\\\/aztex.ee\\\/sk\\\/\"},{\"@type\":\"ListItem\",\"position\":2,\"name\":\"Obchod\",\"item\":\"https:\\\/\\\/aztex.ee\\\/sk\\\/obchod\\\/\"},{\"@type\":\"ListItem\",\"position\":3,\"name\":\"Bavlnen\u00fd uter\u00e1k 35&#215;75 cm\"}]},{\"@type\":\"WebSite\",\"@id\":\"https:\\\/\\\/aztex.ee\\\/sk\\\/#website\",\"url\":\"https:\\\/\\\/aztex.ee\\\/sk\\\/\",\"name\":\"AZTEX\",\"description\":\"\",\"publisher\":{\"@id\":\"https:\\\/\\\/aztex.ee\\\/sk\\\/#organization\"},\"potentialAction\":[{\"@type\":\"SearchAction\",\"target\":{\"@type\":\"EntryPoint\",\"urlTemplate\":\"https:\\\/\\\/aztex.ee\\\/sk\\\/?s={search_term_string}\"},\"query-input\":{\"@type\":\"PropertyValueSpecification\",\"valueRequired\":true,\"valueName\":\"search_term_string\"}}],\"inLanguage\":\"sk-SK\"},{\"@type\":\"Organization\",\"@id\":\"https:\\\/\\\/aztex.ee\\\/sk\\\/#organization\",\"name\":\"AZTEX\",\"url\":\"https:\\\/\\\/aztex.ee\\\/sk\\\/\",\"logo\":{\"@type\":\"ImageObject\",\"inLanguage\":\"sk-SK\",\"@id\":\"https:\\\/\\\/aztex.ee\\\/sk\\\/#\\\/schema\\\/logo\\\/image\\\/\",\"url\":\"https:\\\/\\\/aztex.ee\\\/wp-content\\\/uploads\\\/2026\\\/01\\\/AZTEX.png\",\"contentUrl\":\"https:\\\/\\\/aztex.ee\\\/wp-content\\\/uploads\\\/2026\\\/01\\\/AZTEX.png\",\"width\":500,\"height\":500,\"caption\":\"AZTEX\"},\"image\":{\"@id\":\"https:\\\/\\\/aztex.ee\\\/sk\\\/#\\\/schema\\\/logo\\\/image\\\/\"},\"sameAs\":[\"https:\\\/\\\/www.facebook.com\\\/AztexEE\",\"https:\\\/\\\/www.instagram.com\\\/aztexeesti\\\/\",\"https:\\\/\\\/www.youtube.com\\\/@AZTEXEE\",\"https:\\\/\\\/www.pinterest.com\\\/aztex_eesti\\\/\",\"https:\\\/\\\/www.tiktok.com\\\/@aztexeesti\",\"https:\\\/\\\/www.trustpilot.com\\\/review\\\/aztex.ee\",\"https:\\\/\\\/www.linkedin.com\\\/company\\\/aztex-ee\\\/\",\"https:\\\/\\\/www.wikidata.org\\\/wiki\\\/Q137560182\"]}]}<\/script>\n<!-- \/ Yoast SEO plugin. -->","yoast_head_json":{"title":"Bavlnen\u00fd uter\u00e1k 35x75 cm - 100% Bavlna | AZTEX","description":"M\u00e4kk\u00fd a vysoko sav\u00fd bavlnen\u00fd uter\u00e1k je perfektnou vo\u013ebou pre ka\u017edodenn\u00e9 pou\u017eitie, pon\u00faka v\u00fdnimo\u010dn\u00fa kvalitu, dlhotrvaj\u00faci komfort a...","robots":{"index":"index","follow":"follow","max-snippet":"max-snippet:-1","max-image-preview":"max-image-preview:large","max-video-preview":"max-video-preview:-1"},"canonical":"https:\/\/aztex.ee\/sk\/pood\/uteraky-a-osusky\/bavlneny-uterak-35x75-cm\/","og_locale":"sk_SK","og_type":"article","og_title":"Bavlnen\u00fd uter\u00e1k 35x75 cm - 100% Bavlna | AZTEX","og_description":"M\u00e4kk\u00fd a vysoko sav\u00fd bavlnen\u00fd uter\u00e1k je perfektnou vo\u013ebou pre ka\u017edodenn\u00e9 pou\u017eitie, pon\u00faka v\u00fdnimo\u010dn\u00fa kvalitu, dlhotrvaj\u00faci komfort a...","og_url":"https:\/\/aztex.ee\/sk\/pood\/uteraky-a-osusky\/bavlneny-uterak-35x75-cm\/","og_site_name":"AZTEX","article_publisher":"https:\/\/www.facebook.com\/AztexEE","article_modified_time":"2026-04-08T10:48:38+00:00","og_image":[{"width":800,"height":800,"url":"https:\/\/aztex.ee\/wp-content\/uploads\/2025\/03\/Puuvillane-ratik-35x75-cm.jpg","type":"image\/jpeg"}],"twitter_card":"summary_large_image","twitter_misc":{"Predpokladan\u00fd \u010das \u010d\u00edtania":"2 min\u00faty"},"schema":{"@context":"https:\/\/schema.org","@graph":[{"@type":["WebPage","ItemPage"],"@id":"https:\/\/aztex.ee\/sk\/pood\/uteraky-a-osusky\/bavlneny-uterak-35x75-cm\/","url":"https:\/\/aztex.ee\/sk\/pood\/uteraky-a-osusky\/bavlneny-uterak-35x75-cm\/","name":"Bavlnen\u00fd uter\u00e1k 35x75 cm - 100% Bavlna | AZTEX","isPartOf":{"@id":"https:\/\/aztex.ee\/sk\/#website"},"primaryImageOfPage":{"@id":"https:\/\/aztex.ee\/sk\/pood\/uteraky-a-osusky\/bavlneny-uterak-35x75-cm\/#primaryimage"},"image":{"@id":"https:\/\/aztex.ee\/sk\/pood\/uteraky-a-osusky\/bavlneny-uterak-35x75-cm\/#primaryimage"},"thumbnailUrl":"https:\/\/aztex.ee\/wp-content\/uploads\/2025\/03\/Puuvillane-ratik-35x75-cm.jpg","datePublished":"2025-03-26T23:20:05+00:00","dateModified":"2026-04-08T10:48:38+00:00","description":"M\u00e4kk\u00fd a vysoko sav\u00fd bavlnen\u00fd uter\u00e1k je perfektnou vo\u013ebou pre ka\u017edodenn\u00e9 pou\u017eitie, pon\u00faka v\u00fdnimo\u010dn\u00fa kvalitu, dlhotrvaj\u00faci komfort a...","breadcrumb":{"@id":"https:\/\/aztex.ee\/sk\/pood\/uteraky-a-osusky\/bavlneny-uterak-35x75-cm\/#breadcrumb"},"inLanguage":"sk-SK","potentialAction":[{"@type":"ReadAction","target":["https:\/\/aztex.ee\/sk\/pood\/uteraky-a-osusky\/bavlneny-uterak-35x75-cm\/"]}]},{"@type":"ImageObject","inLanguage":"sk-SK","@id":"https:\/\/aztex.ee\/sk\/pood\/uteraky-a-osusky\/bavlneny-uterak-35x75-cm\/#primaryimage","url":"https:\/\/aztex.ee\/wp-content\/uploads\/2025\/03\/Puuvillane-ratik-35x75-cm.jpg","contentUrl":"https:\/\/aztex.ee\/wp-content\/uploads\/2025\/03\/Puuvillane-ratik-35x75-cm.jpg","width":800,"height":800,"caption":"Puuvillane r\u00e4tik 35x75 cm"},{"@type":"BreadcrumbList","@id":"https:\/\/aztex.ee\/sk\/pood\/uteraky-a-osusky\/bavlneny-uterak-35x75-cm\/#breadcrumb","itemListElement":[{"@type":"ListItem","position":1,"name":"Domov","item":"https:\/\/aztex.ee\/sk\/"},{"@type":"ListItem","position":2,"name":"Obchod","item":"https:\/\/aztex.ee\/sk\/obchod\/"},{"@type":"ListItem","position":3,"name":"Bavlnen\u00fd uter\u00e1k 35&#215;75 cm"}]},{"@type":"WebSite","@id":"https:\/\/aztex.ee\/sk\/#website","url":"https:\/\/aztex.ee\/sk\/","name":"AZTEX","description":"","publisher":{"@id":"https:\/\/aztex.ee\/sk\/#organization"},"potentialAction":[{"@type":"SearchAction","target":{"@type":"EntryPoint","urlTemplate":"https:\/\/aztex.ee\/sk\/?s={search_term_string}"},"query-input":{"@type":"PropertyValueSpecification","valueRequired":true,"valueName":"search_term_string"}}],"inLanguage":"sk-SK"},{"@type":"Organization","@id":"https:\/\/aztex.ee\/sk\/#organization","name":"AZTEX","url":"https:\/\/aztex.ee\/sk\/","logo":{"@type":"ImageObject","inLanguage":"sk-SK","@id":"https:\/\/aztex.ee\/sk\/#\/schema\/logo\/image\/","url":"https:\/\/aztex.ee\/wp-content\/uploads\/2026\/01\/AZTEX.png","contentUrl":"https:\/\/aztex.ee\/wp-content\/uploads\/2026\/01\/AZTEX.png","width":500,"height":500,"caption":"AZTEX"},"image":{"@id":"https:\/\/aztex.ee\/sk\/#\/schema\/logo\/image\/"},"sameAs":["https:\/\/www.facebook.com\/AztexEE","https:\/\/www.instagram.com\/aztexeesti\/","https:\/\/www.youtube.com\/@AZTEXEE","https:\/\/www.pinterest.com\/aztex_eesti\/","https:\/\/www.tiktok.com\/@aztexeesti","https:\/\/www.trustpilot.com\/review\/aztex.ee","https:\/\/www.linkedin.com\/company\/aztex-ee\/","https:\/\/www.wikidata.org\/wiki\/Q137560182"]}]}},"_links":{"self":[{"href":"https:\/\/aztex.ee\/sk\/wp-json\/wp\/v2\/product\/73238","targetHints":{"allow":["GET"]}}],"collection":[{"href":"https:\/\/aztex.ee\/sk\/wp-json\/wp\/v2\/product"}],"about":[{"href":"https:\/\/aztex.ee\/sk\/wp-json\/wp\/v2\/types\/product"}],"replies":[{"embeddable":true,"href":"https:\/\/aztex.ee\/sk\/wp-json\/wp\/v2\/comments?post=73238"}],"version-history":[{"count":0,"href":"https:\/\/aztex.ee\/sk\/wp-json\/wp\/v2\/product\/73238\/revisions"}],"wp:featuredmedia":[{"embeddable":true,"href":"https:\/\/aztex.ee\/sk\/wp-json\/wp\/v2\/media\/73277"}],"wp:attachment":[{"href":"https:\/\/aztex.ee\/sk\/wp-json\/wp\/v2\/media?parent=73238"}],"wp:term":[{"taxonomy":"product_brand","embeddable":true,"href":"https:\/\/aztex.ee\/sk\/wp-json\/wp\/v2\/product_brand?post=73238"},{"taxonomy":"product_cat","embeddable":true,"href":"https:\/\/aztex.ee\/sk\/wp-json\/wp\/v2\/product_cat?post=73238"},{"taxonomy":"product_tag","embeddable":true,"href":"https:\/\/aztex.ee\/sk\/wp-json\/wp\/v2\/product_tag?post=73238"}],"curies":[{"name":"wp","href":"https:\/\/api.w.org\/{rel}","templated":true}]}}