{"id":68965,"date":"2025-03-19T15:50:35","date_gmt":"2025-03-19T15:50:35","guid":{"rendered":"https:\/\/aztex.ee\/pood\/nezaraden\u00e9\/laste-voodipesukomplekt\/"},"modified":"2026-03-08T15:03:17","modified_gmt":"2026-03-08T15:03:17","slug":"postelna-suprava-do-detskej-postielky","status":"publish","type":"product","link":"https:\/\/aztex.ee\/sk\/pood\/detsky-svet-sk\/postelna-suprava-do-detskej-postielky\/","title":{"rendered":"Poste\u013en\u00e1 s\u00faprava do detskej postie\u013eky"},"content":{"rendered":"<p><strong>Detsk\u00e1 poste\u013en\u00e1 s\u00faprava &#8211; jemnos\u0165 a rados\u0165 v ka\u017edom sne<\/strong><\/p>\n<p><strong>100% bavlna &#8211; prirodzene m\u00e4kk\u00e1 a priedu\u0161n\u00e1<\/strong><\/p>\n<p>Sp\u00e1nok die\u0165a\u0165a je rozhoduj\u00faci pre rast a odpo\u010dinok. Pre pohodln\u00fa a pokojn\u00fa noc je t\u00e1to poste\u013en\u00e1 bielize\u0148 vyroben\u00e1 zo 100% priedu\u0161nej a m\u00e4kkej bavlny. Bavlnen\u00e1 tkanina dobre absorbuje vlhkos\u0165, pom\u00e1ha telu udr\u017eiava\u0165 optim\u00e1lnu teplotu a je \u0161etrn\u00e1 k poko\u017eke aj pre citliv\u00fa poko\u017eku. To zais\u0165uje pr\u00edjemn\u00fd a bezpe\u010dn\u00fd sp\u00e1nok po cel\u00fd rok. V lete udr\u017eiava chlad a v zime teplo. Oblie\u010dka je navy\u0161e \u013eahk\u00e1 a jemn\u00e1, poskytuje die\u0165a\u0165u \u00fatuln\u00fd a m\u00e4kk\u00fd pocit, ktor\u00fd mu pom\u00e1ha relaxova\u0165 a r\u00fdchlej\u0161ie zaspa\u0165.<\/p>\n<p><strong>Hrav\u00e9 vzory pre radostn\u00fa izbu<\/strong><\/p>\n<p>Deti objavuj\u00fa svet hrou, farbami a tvarmi. T\u00e1to poste\u013en\u00e1 s\u00faprava obsahuje roztomil\u00e9 a vesel\u00e9 potla\u010de, v\u010faka ktor\u00fdm je sp\u00e1l\u0148a teplej\u0161ia a pr\u00edjemnej\u0161ia. Na v\u00fdber s\u00fa r\u00f4zne prevedenia, ktor\u00e9 ka\u017ed\u00e9mu die\u0165a\u0165u poskytn\u00fa miesto na spanie, ktor\u00e9 sa mu p\u00e1\u010di. Z\u00e1bavn\u00e9 vzory nie s\u00fa len dekorat\u00edvne \u2013 prispievaj\u00fa aj k rozvoju detskej fant\u00e1zie a menia poste\u013e nielen na miesto na spanie, ale aj na kreat\u00edvne prostredie, kde sa m\u00f4\u017ee za\u010da\u0165 \u010fal\u0161ie dobrodru\u017estvo.<\/p>\n<p><strong>Pohodlie a praktickos\u0165 na ka\u017edodenn\u00e9 pou\u017eitie<\/strong><\/p>\n<p>Okrem kr\u00e1sneho vzh\u013eadu je t\u00e1to poste\u013en\u00e1 s\u00faprava aj praktick\u00e1 a odoln\u00e1. Ke\u010f\u017ee detsk\u00e9 oblie\u010dky potrebuj\u00fa \u010dast\u00e9 pranie, s\u00faprava je vyroben\u00e1 z \u013eahko udr\u017eiavate\u013en\u00e9ho materi\u00e1lu \u2013 mo\u017eno ju pra\u0165 v pr\u00e1\u010dke, r\u00fdchlo schne a aj po opakovanom pran\u00ed si zachov\u00e1va svoje farby a hebkos\u0165. Bavlnen\u00e1 tkanina je trv\u00e1cna a odoln\u00e1 vo\u010di opotrebovaniu, preto zostane dlho kr\u00e1sna a vydr\u017e\u00ed akt\u00edvne pou\u017e\u00edvanie. L\u00e1tka pri pran\u00ed nestr\u00e1ca svoj tvar ani nehrubne, pri\u010dom si v\u017edy zachov\u00e1va pr\u00edjemn\u00fa m\u00e4kkos\u0165.<\/p>\n<p><strong>Vhodn\u00e9 do ka\u017edej detskej izby \u2013 \u0161irok\u00e1 \u0161k\u00e1la farieb a vzorov<\/strong><\/p>\n<p>Detsk\u00e1 poste\u013en\u00e1 s\u00faprava je dostupn\u00e1 v nieko\u013ek\u00fdch r\u00f4znych farb\u00e1ch a vzoroch, aby sa hodila do ka\u017edej detskej izby. \u010ci u\u017e je izba minimalistick\u00e1 alebo pln\u00e1 pestr\u00fdch farieb \u2013 t\u00e1to s\u00faprava jej dod\u00e1va \u00fatulnos\u0165 a vytv\u00e1ra pr\u00edjemn\u00fa atmosf\u00e9ru, kde sa die\u0165a c\u00edti bezpe\u010dne a pohodlne.<\/p>\n<p><strong>Bavlnen\u00e1 detsk\u00e1 poste\u013en\u00e1 s\u00faprava &#8211; za\u010diatok splnenia snov<\/strong><\/p>\n<p>Dobr\u00fd sp\u00e1nok je nevyhnutn\u00fd pre pohodu a v\u00fdvoj die\u0165a\u0165a. M\u00e4kk\u00e1, priedu\u0161n\u00e1 a roztomilo navrhnut\u00e1 poste\u013en\u00e1 s\u00faprava urob\u00ed ka\u017ed\u00fa noc pred span\u00edm v\u00edtan\u00fdm momentom a prispeje k pokojn\u00e9mu a pokojn\u00e9mu sp\u00e1nku.<\/p>\n","protected":false},"excerpt":{"rendered":"<ul>\n<li>Materi\u00e1l: 100% Bavlna<\/li>\n<li>Oblie\u010dka na prikr\u00fdvku: 120&#215;150 cm<\/li>\n<li>Po\u0165ah na matrac: 60&#215;135 cm<\/li>\n<li>Oblie\u010dka na vank\u00fa\u0161: 30&#215;50 cm<\/li>\n<\/ul>\n","protected":false},"featured_media":68022,"comment_status":"open","ping_status":"closed","template":"","meta":[],"product_brand":[],"product_cat":[2267,2223],"product_tag":[],"class_list":{"0":"post-68965","1":"product","2":"type-product","3":"status-publish","4":"has-post-thumbnail","6":"product_cat-detske-obliecky","7":"product_cat-detsky-svet-sk","9":"first","10":"instock","11":"shipping-taxable","12":"purchasable","13":"product-type-variable"},"yoast_head":"<!-- This site is optimized with the Yoast SEO plugin v27.4 - https:\/\/yoast.com\/product\/yoast-seo-wordpress\/ -->\n<title>Poste\u013en\u00e1 s\u00faprava do detskej postie\u013eky | AZTEX<\/title>\n<meta name=\"description\" content=\"T\u00e1to bavlnen\u00e1 detsk\u00e1 poste\u013en\u00e1 s\u00faprava je m\u00e4kk\u00e1, priedu\u0161n\u00e1 a \u0161etrn\u00e1 k poko\u017eke. Roztomil\u00e9 vzory, jednoduch\u00e1 starostlivos\u0165 a odoln\u00e1 kvalita zais\u0165uj\u00fa pokojn\u00fd\" \/>\n<meta name=\"robots\" content=\"index, follow, max-snippet:-1, max-image-preview:large, max-video-preview:-1\" \/>\n<link rel=\"canonical\" href=\"https:\/\/aztex.ee\/sk\/pood\/detsky-svet-sk\/postelna-suprava-do-detskej-postielky\/\" \/>\n<meta property=\"og:locale\" content=\"sk_SK\" \/>\n<meta property=\"og:type\" content=\"article\" \/>\n<meta property=\"og:title\" content=\"Poste\u013en\u00e1 s\u00faprava do detskej postie\u013eky | AZTEX\" \/>\n<meta property=\"og:description\" content=\"T\u00e1to bavlnen\u00e1 detsk\u00e1 poste\u013en\u00e1 s\u00faprava je m\u00e4kk\u00e1, priedu\u0161n\u00e1 a \u0161etrn\u00e1 k poko\u017eke. Roztomil\u00e9 vzory, jednoduch\u00e1 starostlivos\u0165 a odoln\u00e1 kvalita zais\u0165uj\u00fa pokojn\u00fd\" \/>\n<meta property=\"og:url\" content=\"https:\/\/aztex.ee\/sk\/pood\/detsky-svet-sk\/postelna-suprava-do-detskej-postielky\/\" \/>\n<meta property=\"og:site_name\" content=\"AZTEX\" \/>\n<meta property=\"article:publisher\" content=\"https:\/\/www.facebook.com\/AztexEE\" \/>\n<meta property=\"article:modified_time\" content=\"2026-03-08T15:03:17+00:00\" \/>\n<meta property=\"og:image\" content=\"https:\/\/aztex.ee\/wp-content\/uploads\/2025\/03\/Laste-voodipesukomplekt-Kosmos-1.jpg\" \/>\n\t<meta property=\"og:image:width\" content=\"800\" \/>\n\t<meta property=\"og:image:height\" content=\"800\" \/>\n\t<meta property=\"og:image:type\" content=\"image\/jpeg\" \/>\n<meta name=\"twitter:card\" content=\"summary_large_image\" \/>\n<meta name=\"twitter:label1\" content=\"Predpokladan\u00fd \u010das \u010d\u00edtania\" \/>\n\t<meta name=\"twitter:data1\" content=\"3 min\u00faty\" \/>\n<script type=\"application\/ld+json\" class=\"yoast-schema-graph\">{\"@context\":\"https:\\\/\\\/schema.org\",\"@graph\":[{\"@type\":[\"WebPage\",\"ItemPage\"],\"@id\":\"https:\\\/\\\/aztex.ee\\\/sk\\\/pood\\\/detsky-svet-sk\\\/postelna-suprava-do-detskej-postielky\\\/\",\"url\":\"https:\\\/\\\/aztex.ee\\\/sk\\\/pood\\\/detsky-svet-sk\\\/postelna-suprava-do-detskej-postielky\\\/\",\"name\":\"Poste\u013en\u00e1 s\u00faprava do detskej postie\u013eky | AZTEX\",\"isPartOf\":{\"@id\":\"https:\\\/\\\/aztex.ee\\\/sk\\\/#website\"},\"primaryImageOfPage\":{\"@id\":\"https:\\\/\\\/aztex.ee\\\/sk\\\/pood\\\/detsky-svet-sk\\\/postelna-suprava-do-detskej-postielky\\\/#primaryimage\"},\"image\":{\"@id\":\"https:\\\/\\\/aztex.ee\\\/sk\\\/pood\\\/detsky-svet-sk\\\/postelna-suprava-do-detskej-postielky\\\/#primaryimage\"},\"thumbnailUrl\":\"https:\\\/\\\/aztex.ee\\\/wp-content\\\/uploads\\\/2025\\\/03\\\/Laste-voodipesukomplekt-Kosmos-1.jpg\",\"datePublished\":\"2025-03-19T15:50:35+00:00\",\"dateModified\":\"2026-03-08T15:03:17+00:00\",\"description\":\"T\u00e1to bavlnen\u00e1 detsk\u00e1 poste\u013en\u00e1 s\u00faprava je m\u00e4kk\u00e1, priedu\u0161n\u00e1 a \u0161etrn\u00e1 k poko\u017eke. Roztomil\u00e9 vzory, jednoduch\u00e1 starostlivos\u0165 a odoln\u00e1 kvalita zais\u0165uj\u00fa pokojn\u00fd\",\"breadcrumb\":{\"@id\":\"https:\\\/\\\/aztex.ee\\\/sk\\\/pood\\\/detsky-svet-sk\\\/postelna-suprava-do-detskej-postielky\\\/#breadcrumb\"},\"inLanguage\":\"sk-SK\",\"potentialAction\":[{\"@type\":\"ReadAction\",\"target\":[\"https:\\\/\\\/aztex.ee\\\/sk\\\/pood\\\/detsky-svet-sk\\\/postelna-suprava-do-detskej-postielky\\\/\"]}]},{\"@type\":\"ImageObject\",\"inLanguage\":\"sk-SK\",\"@id\":\"https:\\\/\\\/aztex.ee\\\/sk\\\/pood\\\/detsky-svet-sk\\\/postelna-suprava-do-detskej-postielky\\\/#primaryimage\",\"url\":\"https:\\\/\\\/aztex.ee\\\/wp-content\\\/uploads\\\/2025\\\/03\\\/Laste-voodipesukomplekt-Kosmos-1.jpg\",\"contentUrl\":\"https:\\\/\\\/aztex.ee\\\/wp-content\\\/uploads\\\/2025\\\/03\\\/Laste-voodipesukomplekt-Kosmos-1.jpg\",\"width\":800,\"height\":800,\"caption\":\"Laste voodipesukomplekt\"},{\"@type\":\"BreadcrumbList\",\"@id\":\"https:\\\/\\\/aztex.ee\\\/sk\\\/pood\\\/detsky-svet-sk\\\/postelna-suprava-do-detskej-postielky\\\/#breadcrumb\",\"itemListElement\":[{\"@type\":\"ListItem\",\"position\":1,\"name\":\"Domov\",\"item\":\"https:\\\/\\\/aztex.ee\\\/sk\\\/\"},{\"@type\":\"ListItem\",\"position\":2,\"name\":\"Obchod\",\"item\":\"https:\\\/\\\/aztex.ee\\\/sk\\\/obchod\\\/\"},{\"@type\":\"ListItem\",\"position\":3,\"name\":\"Poste\u013en\u00e1 s\u00faprava do detskej postie\u013eky\"}]},{\"@type\":\"WebSite\",\"@id\":\"https:\\\/\\\/aztex.ee\\\/sk\\\/#website\",\"url\":\"https:\\\/\\\/aztex.ee\\\/sk\\\/\",\"name\":\"AZTEX\",\"description\":\"\",\"publisher\":{\"@id\":\"https:\\\/\\\/aztex.ee\\\/sk\\\/#organization\"},\"potentialAction\":[{\"@type\":\"SearchAction\",\"target\":{\"@type\":\"EntryPoint\",\"urlTemplate\":\"https:\\\/\\\/aztex.ee\\\/sk\\\/?s={search_term_string}\"},\"query-input\":{\"@type\":\"PropertyValueSpecification\",\"valueRequired\":true,\"valueName\":\"search_term_string\"}}],\"inLanguage\":\"sk-SK\"},{\"@type\":\"Organization\",\"@id\":\"https:\\\/\\\/aztex.ee\\\/sk\\\/#organization\",\"name\":\"AZTEX\",\"url\":\"https:\\\/\\\/aztex.ee\\\/sk\\\/\",\"logo\":{\"@type\":\"ImageObject\",\"inLanguage\":\"sk-SK\",\"@id\":\"https:\\\/\\\/aztex.ee\\\/sk\\\/#\\\/schema\\\/logo\\\/image\\\/\",\"url\":\"https:\\\/\\\/aztex.ee\\\/wp-content\\\/uploads\\\/2026\\\/01\\\/AZTEX.png\",\"contentUrl\":\"https:\\\/\\\/aztex.ee\\\/wp-content\\\/uploads\\\/2026\\\/01\\\/AZTEX.png\",\"width\":500,\"height\":500,\"caption\":\"AZTEX\"},\"image\":{\"@id\":\"https:\\\/\\\/aztex.ee\\\/sk\\\/#\\\/schema\\\/logo\\\/image\\\/\"},\"sameAs\":[\"https:\\\/\\\/www.facebook.com\\\/AztexEE\",\"https:\\\/\\\/www.instagram.com\\\/aztexeesti\\\/\",\"https:\\\/\\\/www.youtube.com\\\/@AZTEXEE\",\"https:\\\/\\\/www.pinterest.com\\\/aztex_eesti\\\/\",\"https:\\\/\\\/www.tiktok.com\\\/@aztexeesti\",\"https:\\\/\\\/www.trustpilot.com\\\/review\\\/aztex.ee\",\"https:\\\/\\\/www.linkedin.com\\\/company\\\/aztex-ee\\\/\",\"https:\\\/\\\/www.wikidata.org\\\/wiki\\\/Q137560182\"]}]}<\/script>\n<!-- \/ Yoast SEO plugin. -->","yoast_head_json":{"title":"Poste\u013en\u00e1 s\u00faprava do detskej postie\u013eky | AZTEX","description":"T\u00e1to bavlnen\u00e1 detsk\u00e1 poste\u013en\u00e1 s\u00faprava je m\u00e4kk\u00e1, priedu\u0161n\u00e1 a \u0161etrn\u00e1 k poko\u017eke. Roztomil\u00e9 vzory, jednoduch\u00e1 starostlivos\u0165 a odoln\u00e1 kvalita zais\u0165uj\u00fa pokojn\u00fd","robots":{"index":"index","follow":"follow","max-snippet":"max-snippet:-1","max-image-preview":"max-image-preview:large","max-video-preview":"max-video-preview:-1"},"canonical":"https:\/\/aztex.ee\/sk\/pood\/detsky-svet-sk\/postelna-suprava-do-detskej-postielky\/","og_locale":"sk_SK","og_type":"article","og_title":"Poste\u013en\u00e1 s\u00faprava do detskej postie\u013eky | AZTEX","og_description":"T\u00e1to bavlnen\u00e1 detsk\u00e1 poste\u013en\u00e1 s\u00faprava je m\u00e4kk\u00e1, priedu\u0161n\u00e1 a \u0161etrn\u00e1 k poko\u017eke. Roztomil\u00e9 vzory, jednoduch\u00e1 starostlivos\u0165 a odoln\u00e1 kvalita zais\u0165uj\u00fa pokojn\u00fd","og_url":"https:\/\/aztex.ee\/sk\/pood\/detsky-svet-sk\/postelna-suprava-do-detskej-postielky\/","og_site_name":"AZTEX","article_publisher":"https:\/\/www.facebook.com\/AztexEE","article_modified_time":"2026-03-08T15:03:17+00:00","og_image":[{"width":800,"height":800,"url":"https:\/\/aztex.ee\/wp-content\/uploads\/2025\/03\/Laste-voodipesukomplekt-Kosmos-1.jpg","type":"image\/jpeg"}],"twitter_card":"summary_large_image","twitter_misc":{"Predpokladan\u00fd \u010das \u010d\u00edtania":"3 min\u00faty"},"schema":{"@context":"https:\/\/schema.org","@graph":[{"@type":["WebPage","ItemPage"],"@id":"https:\/\/aztex.ee\/sk\/pood\/detsky-svet-sk\/postelna-suprava-do-detskej-postielky\/","url":"https:\/\/aztex.ee\/sk\/pood\/detsky-svet-sk\/postelna-suprava-do-detskej-postielky\/","name":"Poste\u013en\u00e1 s\u00faprava do detskej postie\u013eky | AZTEX","isPartOf":{"@id":"https:\/\/aztex.ee\/sk\/#website"},"primaryImageOfPage":{"@id":"https:\/\/aztex.ee\/sk\/pood\/detsky-svet-sk\/postelna-suprava-do-detskej-postielky\/#primaryimage"},"image":{"@id":"https:\/\/aztex.ee\/sk\/pood\/detsky-svet-sk\/postelna-suprava-do-detskej-postielky\/#primaryimage"},"thumbnailUrl":"https:\/\/aztex.ee\/wp-content\/uploads\/2025\/03\/Laste-voodipesukomplekt-Kosmos-1.jpg","datePublished":"2025-03-19T15:50:35+00:00","dateModified":"2026-03-08T15:03:17+00:00","description":"T\u00e1to bavlnen\u00e1 detsk\u00e1 poste\u013en\u00e1 s\u00faprava je m\u00e4kk\u00e1, priedu\u0161n\u00e1 a \u0161etrn\u00e1 k poko\u017eke. Roztomil\u00e9 vzory, jednoduch\u00e1 starostlivos\u0165 a odoln\u00e1 kvalita zais\u0165uj\u00fa pokojn\u00fd","breadcrumb":{"@id":"https:\/\/aztex.ee\/sk\/pood\/detsky-svet-sk\/postelna-suprava-do-detskej-postielky\/#breadcrumb"},"inLanguage":"sk-SK","potentialAction":[{"@type":"ReadAction","target":["https:\/\/aztex.ee\/sk\/pood\/detsky-svet-sk\/postelna-suprava-do-detskej-postielky\/"]}]},{"@type":"ImageObject","inLanguage":"sk-SK","@id":"https:\/\/aztex.ee\/sk\/pood\/detsky-svet-sk\/postelna-suprava-do-detskej-postielky\/#primaryimage","url":"https:\/\/aztex.ee\/wp-content\/uploads\/2025\/03\/Laste-voodipesukomplekt-Kosmos-1.jpg","contentUrl":"https:\/\/aztex.ee\/wp-content\/uploads\/2025\/03\/Laste-voodipesukomplekt-Kosmos-1.jpg","width":800,"height":800,"caption":"Laste voodipesukomplekt"},{"@type":"BreadcrumbList","@id":"https:\/\/aztex.ee\/sk\/pood\/detsky-svet-sk\/postelna-suprava-do-detskej-postielky\/#breadcrumb","itemListElement":[{"@type":"ListItem","position":1,"name":"Domov","item":"https:\/\/aztex.ee\/sk\/"},{"@type":"ListItem","position":2,"name":"Obchod","item":"https:\/\/aztex.ee\/sk\/obchod\/"},{"@type":"ListItem","position":3,"name":"Poste\u013en\u00e1 s\u00faprava do detskej postie\u013eky"}]},{"@type":"WebSite","@id":"https:\/\/aztex.ee\/sk\/#website","url":"https:\/\/aztex.ee\/sk\/","name":"AZTEX","description":"","publisher":{"@id":"https:\/\/aztex.ee\/sk\/#organization"},"potentialAction":[{"@type":"SearchAction","target":{"@type":"EntryPoint","urlTemplate":"https:\/\/aztex.ee\/sk\/?s={search_term_string}"},"query-input":{"@type":"PropertyValueSpecification","valueRequired":true,"valueName":"search_term_string"}}],"inLanguage":"sk-SK"},{"@type":"Organization","@id":"https:\/\/aztex.ee\/sk\/#organization","name":"AZTEX","url":"https:\/\/aztex.ee\/sk\/","logo":{"@type":"ImageObject","inLanguage":"sk-SK","@id":"https:\/\/aztex.ee\/sk\/#\/schema\/logo\/image\/","url":"https:\/\/aztex.ee\/wp-content\/uploads\/2026\/01\/AZTEX.png","contentUrl":"https:\/\/aztex.ee\/wp-content\/uploads\/2026\/01\/AZTEX.png","width":500,"height":500,"caption":"AZTEX"},"image":{"@id":"https:\/\/aztex.ee\/sk\/#\/schema\/logo\/image\/"},"sameAs":["https:\/\/www.facebook.com\/AztexEE","https:\/\/www.instagram.com\/aztexeesti\/","https:\/\/www.youtube.com\/@AZTEXEE","https:\/\/www.pinterest.com\/aztex_eesti\/","https:\/\/www.tiktok.com\/@aztexeesti","https:\/\/www.trustpilot.com\/review\/aztex.ee","https:\/\/www.linkedin.com\/company\/aztex-ee\/","https:\/\/www.wikidata.org\/wiki\/Q137560182"]}]}},"_links":{"self":[{"href":"https:\/\/aztex.ee\/sk\/wp-json\/wp\/v2\/product\/68965","targetHints":{"allow":["GET"]}}],"collection":[{"href":"https:\/\/aztex.ee\/sk\/wp-json\/wp\/v2\/product"}],"about":[{"href":"https:\/\/aztex.ee\/sk\/wp-json\/wp\/v2\/types\/product"}],"replies":[{"embeddable":true,"href":"https:\/\/aztex.ee\/sk\/wp-json\/wp\/v2\/comments?post=68965"}],"version-history":[{"count":0,"href":"https:\/\/aztex.ee\/sk\/wp-json\/wp\/v2\/product\/68965\/revisions"}],"wp:featuredmedia":[{"embeddable":true,"href":"https:\/\/aztex.ee\/sk\/wp-json\/wp\/v2\/media\/68022"}],"wp:attachment":[{"href":"https:\/\/aztex.ee\/sk\/wp-json\/wp\/v2\/media?parent=68965"}],"wp:term":[{"taxonomy":"product_brand","embeddable":true,"href":"https:\/\/aztex.ee\/sk\/wp-json\/wp\/v2\/product_brand?post=68965"},{"taxonomy":"product_cat","embeddable":true,"href":"https:\/\/aztex.ee\/sk\/wp-json\/wp\/v2\/product_cat?post=68965"},{"taxonomy":"product_tag","embeddable":true,"href":"https:\/\/aztex.ee\/sk\/wp-json\/wp\/v2\/product_tag?post=68965"}],"curies":[{"name":"wp","href":"https:\/\/api.w.org\/{rel}","templated":true}]}}