{"id":64390,"date":"2025-03-08T22:43:38","date_gmt":"2025-03-08T22:43:38","guid":{"rendered":"https:\/\/aztex.ee\/?post_type=product&#038;p=64390"},"modified":"2025-03-09T19:48:52","modified_gmt":"2025-03-09T19:48:52","slug":"postelne-obliecky-tencel-svetlo-zelena","status":"publish","type":"product","link":"https:\/\/aztex.ee\/sk\/pood\/tencelove-obliecky\/postelne-obliecky-tencel-svetlo-zelena\/","title":{"rendered":"Poste\u013en\u00e9 oblie\u010dky Tencel | Svetlo zelen\u00e1"},"content":{"rendered":"<p><strong>Luxusn\u00e1 poste\u013en\u00e1 s\u00faprava Eukalyptus Tencel \u2013 hodv\u00e1bne jemn\u00e1, priedu\u0161n\u00e1 a mimoriadne pohodln\u00e1<\/strong><\/p>\n<p><strong>V\u00fdnimo\u010dn\u00fd komfort a kvalita<\/strong><br \/>\nPoste\u013en\u00e1 s\u00faprava Tencel je navrhnut\u00e1 tak, aby zaistila ten najpokojnej\u0161\u00ed a regenera\u010dn\u00fd sp\u00e1nok a pon\u00faka v\u00fdnimo\u010dn\u00fd komfort a kvalitu. Je vyroben\u00e1 z tkaniny Tencel, ktor\u00e1 poch\u00e1dza z eukalyptu, ktor\u00fd je zn\u00e1my svojou hodv\u00e1bnou m\u00e4kkos\u0165ou, priedu\u0161nos\u0165ou a schopnos\u0165ou odv\u00e1dza\u0165 vlhkos\u0165. Poste\u013en\u00e1 bielize\u0148 Tencel v\u00e1s v lete ochlad\u00ed a v zime zahreje, tak\u017ee v\u00e1\u0161 sp\u00e1nok bude v\u017edy osvie\u017euj\u00faci a osvie\u017euj\u00faci.<\/p>\n<p><strong>Luxusn\u00e1 text\u00fara a elegantn\u00fd vzh\u013ead<\/strong><br \/>\nL\u00e1tka je hladk\u00e1, jemn\u00e1 a pr\u00edjemn\u00e1 na poko\u017eke a poskytuje skuto\u010dne luxusn\u00fd z\u00e1\u017eitok po\u010das sp\u00e1nku. Oblie\u010dky Tencel sa kr\u00e1sne zakr\u00fdvaj\u00fa, dod\u00e1vaj\u00fa posteli elegantn\u00fd a pr\u00edjemn\u00fd vzh\u013ead, v\u010faka \u010domu je sp\u00e1l\u0148a \u0161t\u00fdlov\u00fdm miestom. Vzdu\u0161nos\u0165 a \u013eahkos\u0165 pom\u00e1haj\u00fa zabezpe\u010di\u0165 neust\u00e1ly pohyb vzduchu, aby sa zabr\u00e1nilo no\u010dn\u00e9mu poteniu a poste\u013en\u00e1 bielize\u0148 bola v\u017edy svie\u017ea.<\/p>\n<p><strong>Trvanlivos\u0165 a odolnos\u0165<\/strong><br \/>\nOblie\u010dky Tencel s\u00fa odoln\u00e9 a trvanliv\u00e9 \u2013 aj po nieko\u013ek\u00fdch praniach si zachovaj\u00fa m\u00e4kkos\u0165, kr\u00e1snu spl\u00fdvavos\u0165 a kvalitu. Ka\u017ed\u00fd ve\u010der \u00eds\u0165 spa\u0165 sa st\u00e1va skuto\u010dn\u00fdm pote\u0161en\u00edm, preto\u017ee poste\u013en\u00e1 bielize\u0148 zost\u00e1va svie\u017ea a pr\u00edjemn\u00e1 a poskytuje ten najlep\u0161\u00ed z\u00e1\u017eitok zo sp\u00e1nku.<\/p>\n<p><strong>Ide\u00e1lna vo\u013eba pre milovn\u00edkov pr\u00edrody a pohodlia<\/strong><br \/>\nPoste\u013en\u00e1 s\u00faprava Tencel je ide\u00e1lnou vo\u013ebou pre t\u00fdch, ktor\u00ed oce\u0148uj\u00fa pr\u00edrodn\u00e9 materi\u00e1ly a chc\u00fa si u\u017ei\u0165 vy\u0161\u0161iu kvalitu, luxusn\u00fd komfort a dokonal\u00fd sp\u00e1nok.<\/p>\n","protected":false},"excerpt":{"rendered":"<p>100% ekologick\u00e1 poste\u013en\u00e1 s\u00faprava Tencel z eukalyptu je mimoriadne m\u00e4kk\u00e1, priedu\u0161n\u00e1 a luxusn\u00e1.<\/p>\n<ul>\n<li>Materi\u00e1l: 100% Tencel<\/li>\n<li>Po\u010det vl\u00e1kien: 60S \/ 300TC<\/li>\n<li>Oblie\u010dka na prikr\u00fdvku: 200\u00d7220 cm<\/li>\n<li>Oblie\u010dka na vank\u00fa\u0161: 50\u00d770 cm (2kus)<\/li>\n<li>Poste\u013en\u00e1 plachta: 220\u00d7240 cm<\/li>\n<\/ul>\n<p><img loading=\"lazy\" decoding=\"async\" class=\"alignnone wp-image-63145\" src=\"https:\/\/aztex.ee\/wp-content\/uploads\/2025\/03\/tencel-certified-400x129.png\" alt=\"\" width=\"131\" height=\"42\" srcset=\"https:\/\/aztex.ee\/wp-content\/uploads\/2025\/03\/tencel-certified-400x129.png 400w, https:\/\/aztex.ee\/wp-content\/uploads\/2025\/03\/tencel-certified-430x139.png 430w, https:\/\/aztex.ee\/wp-content\/uploads\/2025\/03\/tencel-certified-150x49.png 150w, https:\/\/aztex.ee\/wp-content\/uploads\/2025\/03\/tencel-certified.png 516w\" sizes=\"auto, (max-width: 131px) 100vw, 131px\" \/><img loading=\"lazy\" decoding=\"async\" class=\"alignnone wp-image-63168\" src=\"https:\/\/aztex.ee\/wp-content\/uploads\/2025\/03\/oeko-tex-standard-100.png\" alt=\"\" width=\"130\" height=\"43\" srcset=\"https:\/\/aztex.ee\/wp-content\/uploads\/2025\/03\/oeko-tex-standard-100.png 200w, https:\/\/aztex.ee\/wp-content\/uploads\/2025\/03\/oeko-tex-standard-100-150x50.png 150w\" sizes=\"auto, (max-width: 130px) 100vw, 130px\" \/><\/p>\n<p>Poste\u013en\u00e1 s\u00faprava Tencel je balen\u00e1 v ta\u0161ke z rovnakej l\u00e1tky Tencel, ktor\u00e1 dod\u00e1va produktu extra eleganciu a rob\u00ed ho e\u0161te v\u00fdnimo\u010dnej\u0161\u00edm.<\/p>\n","protected":false},"featured_media":64411,"comment_status":"open","ping_status":"closed","template":"","meta":[],"product_brand":[],"product_cat":[682,687,4567,652],"product_tag":[],"class_list":{"0":"post-64390","1":"product","2":"type-product","3":"status-publish","4":"has-post-thumbnail","6":"product_cat-postelne-obliecky","7":"product_cat-postelne-supravy","8":"product_cat-postelne-supravy-tencel","9":"product_cat-tencelove-obliecky","11":"first","12":"outofstock","13":"shipping-taxable","14":"purchasable","15":"product-type-simple"},"yoast_head":"<!-- This site is optimized with the Yoast SEO plugin v27.4 - https:\/\/yoast.com\/product\/yoast-seo-wordpress\/ -->\n<title>Poste\u013en\u00e9 oblie\u010dky Tencel - Svetlo zelen\u00e1 | AZTEX<\/title>\n<meta name=\"description\" content=\"Luxusn\u00e1 s\u00faprava oblie\u010dok 100% TENCEL\u2122 Svetlo zelen\u00e1 farby je hodv\u00e1bne jemn\u00e1, priedu\u0161n\u00e1 a \u0161etrn\u00e1 k poko\u017eke. Jeho \u013eahk\u00e1 a hladk\u00e1 text\u00fara zais\u0165uje svie\u017eos\u0165\" \/>\n<meta name=\"robots\" content=\"index, follow, max-snippet:-1, max-image-preview:large, max-video-preview:-1\" \/>\n<link rel=\"canonical\" href=\"https:\/\/aztex.ee\/sk\/pood\/tencelove-obliecky\/postelne-obliecky-tencel-svetlo-zelena\/\" \/>\n<meta property=\"og:locale\" content=\"sk_SK\" \/>\n<meta property=\"og:type\" content=\"article\" \/>\n<meta property=\"og:title\" content=\"Poste\u013en\u00e9 oblie\u010dky Tencel - Svetlo zelen\u00e1 | AZTEX\" \/>\n<meta property=\"og:description\" content=\"Luxusn\u00e1 s\u00faprava oblie\u010dok 100% TENCEL\u2122 Svetlo zelen\u00e1 farby je hodv\u00e1bne jemn\u00e1, priedu\u0161n\u00e1 a \u0161etrn\u00e1 k poko\u017eke. Jeho \u013eahk\u00e1 a hladk\u00e1 text\u00fara zais\u0165uje svie\u017eos\u0165\" \/>\n<meta property=\"og:url\" content=\"https:\/\/aztex.ee\/sk\/pood\/tencelove-obliecky\/postelne-obliecky-tencel-svetlo-zelena\/\" \/>\n<meta property=\"og:site_name\" content=\"AZTEX\" \/>\n<meta property=\"article:publisher\" content=\"https:\/\/www.facebook.com\/AztexEE\" \/>\n<meta property=\"article:modified_time\" content=\"2025-03-09T19:48:52+00:00\" \/>\n<meta property=\"og:image\" content=\"https:\/\/aztex.ee\/wp-content\/uploads\/2025\/03\/Tencel-voodipesukomplekt-Heleroheline.jpg\" \/>\n\t<meta property=\"og:image:width\" content=\"800\" \/>\n\t<meta property=\"og:image:height\" content=\"800\" \/>\n\t<meta property=\"og:image:type\" content=\"image\/jpeg\" \/>\n<meta name=\"twitter:card\" content=\"summary_large_image\" \/>\n<meta name=\"twitter:label1\" content=\"Predpokladan\u00fd \u010das \u010d\u00edtania\" \/>\n\t<meta name=\"twitter:data1\" content=\"2 min\u00faty\" \/>\n<script type=\"application\/ld+json\" class=\"yoast-schema-graph\">{\"@context\":\"https:\\\/\\\/schema.org\",\"@graph\":[{\"@type\":[\"WebPage\",\"ItemPage\"],\"@id\":\"https:\\\/\\\/aztex.ee\\\/sk\\\/pood\\\/tencelove-obliecky\\\/postelne-obliecky-tencel-svetlo-zelena\\\/\",\"url\":\"https:\\\/\\\/aztex.ee\\\/sk\\\/pood\\\/tencelove-obliecky\\\/postelne-obliecky-tencel-svetlo-zelena\\\/\",\"name\":\"Poste\u013en\u00e9 oblie\u010dky Tencel - Svetlo zelen\u00e1 | AZTEX\",\"isPartOf\":{\"@id\":\"https:\\\/\\\/aztex.ee\\\/sk\\\/#website\"},\"primaryImageOfPage\":{\"@id\":\"https:\\\/\\\/aztex.ee\\\/sk\\\/pood\\\/tencelove-obliecky\\\/postelne-obliecky-tencel-svetlo-zelena\\\/#primaryimage\"},\"image\":{\"@id\":\"https:\\\/\\\/aztex.ee\\\/sk\\\/pood\\\/tencelove-obliecky\\\/postelne-obliecky-tencel-svetlo-zelena\\\/#primaryimage\"},\"thumbnailUrl\":\"https:\\\/\\\/aztex.ee\\\/wp-content\\\/uploads\\\/2025\\\/03\\\/Tencel-voodipesukomplekt-Heleroheline.jpg\",\"datePublished\":\"2025-03-08T22:43:38+00:00\",\"dateModified\":\"2025-03-09T19:48:52+00:00\",\"description\":\"Luxusn\u00e1 s\u00faprava oblie\u010dok 100% TENCEL\u2122 Svetlo zelen\u00e1 farby je hodv\u00e1bne jemn\u00e1, priedu\u0161n\u00e1 a \u0161etrn\u00e1 k poko\u017eke. Jeho \u013eahk\u00e1 a hladk\u00e1 text\u00fara zais\u0165uje svie\u017eos\u0165\",\"breadcrumb\":{\"@id\":\"https:\\\/\\\/aztex.ee\\\/sk\\\/pood\\\/tencelove-obliecky\\\/postelne-obliecky-tencel-svetlo-zelena\\\/#breadcrumb\"},\"inLanguage\":\"sk-SK\",\"potentialAction\":[{\"@type\":\"ReadAction\",\"target\":[\"https:\\\/\\\/aztex.ee\\\/sk\\\/pood\\\/tencelove-obliecky\\\/postelne-obliecky-tencel-svetlo-zelena\\\/\"]}]},{\"@type\":\"ImageObject\",\"inLanguage\":\"sk-SK\",\"@id\":\"https:\\\/\\\/aztex.ee\\\/sk\\\/pood\\\/tencelove-obliecky\\\/postelne-obliecky-tencel-svetlo-zelena\\\/#primaryimage\",\"url\":\"https:\\\/\\\/aztex.ee\\\/wp-content\\\/uploads\\\/2025\\\/03\\\/Tencel-voodipesukomplekt-Heleroheline.jpg\",\"contentUrl\":\"https:\\\/\\\/aztex.ee\\\/wp-content\\\/uploads\\\/2025\\\/03\\\/Tencel-voodipesukomplekt-Heleroheline.jpg\",\"width\":800,\"height\":800,\"caption\":\"Tencel voodipesukomplekt Heleroheline\"},{\"@type\":\"BreadcrumbList\",\"@id\":\"https:\\\/\\\/aztex.ee\\\/sk\\\/pood\\\/tencelove-obliecky\\\/postelne-obliecky-tencel-svetlo-zelena\\\/#breadcrumb\",\"itemListElement\":[{\"@type\":\"ListItem\",\"position\":1,\"name\":\"Domov\",\"item\":\"https:\\\/\\\/aztex.ee\\\/sk\\\/\"},{\"@type\":\"ListItem\",\"position\":2,\"name\":\"Obchod\",\"item\":\"https:\\\/\\\/aztex.ee\\\/sk\\\/obchod\\\/\"},{\"@type\":\"ListItem\",\"position\":3,\"name\":\"Poste\u013en\u00e9 oblie\u010dky Tencel | Svetlo zelen\u00e1\"}]},{\"@type\":\"WebSite\",\"@id\":\"https:\\\/\\\/aztex.ee\\\/sk\\\/#website\",\"url\":\"https:\\\/\\\/aztex.ee\\\/sk\\\/\",\"name\":\"AZTEX\",\"description\":\"\",\"publisher\":{\"@id\":\"https:\\\/\\\/aztex.ee\\\/sk\\\/#organization\"},\"potentialAction\":[{\"@type\":\"SearchAction\",\"target\":{\"@type\":\"EntryPoint\",\"urlTemplate\":\"https:\\\/\\\/aztex.ee\\\/sk\\\/?s={search_term_string}\"},\"query-input\":{\"@type\":\"PropertyValueSpecification\",\"valueRequired\":true,\"valueName\":\"search_term_string\"}}],\"inLanguage\":\"sk-SK\"},{\"@type\":\"Organization\",\"@id\":\"https:\\\/\\\/aztex.ee\\\/sk\\\/#organization\",\"name\":\"AZTEX\",\"url\":\"https:\\\/\\\/aztex.ee\\\/sk\\\/\",\"logo\":{\"@type\":\"ImageObject\",\"inLanguage\":\"sk-SK\",\"@id\":\"https:\\\/\\\/aztex.ee\\\/sk\\\/#\\\/schema\\\/logo\\\/image\\\/\",\"url\":\"https:\\\/\\\/aztex.ee\\\/wp-content\\\/uploads\\\/2026\\\/01\\\/AZTEX.png\",\"contentUrl\":\"https:\\\/\\\/aztex.ee\\\/wp-content\\\/uploads\\\/2026\\\/01\\\/AZTEX.png\",\"width\":500,\"height\":500,\"caption\":\"AZTEX\"},\"image\":{\"@id\":\"https:\\\/\\\/aztex.ee\\\/sk\\\/#\\\/schema\\\/logo\\\/image\\\/\"},\"sameAs\":[\"https:\\\/\\\/www.facebook.com\\\/AztexEE\",\"https:\\\/\\\/www.instagram.com\\\/aztexeesti\\\/\",\"https:\\\/\\\/www.youtube.com\\\/@AZTEXEE\",\"https:\\\/\\\/www.pinterest.com\\\/aztex_eesti\\\/\",\"https:\\\/\\\/www.tiktok.com\\\/@aztexeesti\",\"https:\\\/\\\/www.trustpilot.com\\\/review\\\/aztex.ee\",\"https:\\\/\\\/www.linkedin.com\\\/company\\\/aztex-ee\\\/\",\"https:\\\/\\\/www.wikidata.org\\\/wiki\\\/Q137560182\"]}]}<\/script>\n<!-- \/ Yoast SEO plugin. -->","yoast_head_json":{"title":"Poste\u013en\u00e9 oblie\u010dky Tencel - Svetlo zelen\u00e1 | AZTEX","description":"Luxusn\u00e1 s\u00faprava oblie\u010dok 100% TENCEL\u2122 Svetlo zelen\u00e1 farby je hodv\u00e1bne jemn\u00e1, priedu\u0161n\u00e1 a \u0161etrn\u00e1 k poko\u017eke. Jeho \u013eahk\u00e1 a hladk\u00e1 text\u00fara zais\u0165uje svie\u017eos\u0165","robots":{"index":"index","follow":"follow","max-snippet":"max-snippet:-1","max-image-preview":"max-image-preview:large","max-video-preview":"max-video-preview:-1"},"canonical":"https:\/\/aztex.ee\/sk\/pood\/tencelove-obliecky\/postelne-obliecky-tencel-svetlo-zelena\/","og_locale":"sk_SK","og_type":"article","og_title":"Poste\u013en\u00e9 oblie\u010dky Tencel - Svetlo zelen\u00e1 | AZTEX","og_description":"Luxusn\u00e1 s\u00faprava oblie\u010dok 100% TENCEL\u2122 Svetlo zelen\u00e1 farby je hodv\u00e1bne jemn\u00e1, priedu\u0161n\u00e1 a \u0161etrn\u00e1 k poko\u017eke. Jeho \u013eahk\u00e1 a hladk\u00e1 text\u00fara zais\u0165uje svie\u017eos\u0165","og_url":"https:\/\/aztex.ee\/sk\/pood\/tencelove-obliecky\/postelne-obliecky-tencel-svetlo-zelena\/","og_site_name":"AZTEX","article_publisher":"https:\/\/www.facebook.com\/AztexEE","article_modified_time":"2025-03-09T19:48:52+00:00","og_image":[{"width":800,"height":800,"url":"https:\/\/aztex.ee\/wp-content\/uploads\/2025\/03\/Tencel-voodipesukomplekt-Heleroheline.jpg","type":"image\/jpeg"}],"twitter_card":"summary_large_image","twitter_misc":{"Predpokladan\u00fd \u010das \u010d\u00edtania":"2 min\u00faty"},"schema":{"@context":"https:\/\/schema.org","@graph":[{"@type":["WebPage","ItemPage"],"@id":"https:\/\/aztex.ee\/sk\/pood\/tencelove-obliecky\/postelne-obliecky-tencel-svetlo-zelena\/","url":"https:\/\/aztex.ee\/sk\/pood\/tencelove-obliecky\/postelne-obliecky-tencel-svetlo-zelena\/","name":"Poste\u013en\u00e9 oblie\u010dky Tencel - Svetlo zelen\u00e1 | AZTEX","isPartOf":{"@id":"https:\/\/aztex.ee\/sk\/#website"},"primaryImageOfPage":{"@id":"https:\/\/aztex.ee\/sk\/pood\/tencelove-obliecky\/postelne-obliecky-tencel-svetlo-zelena\/#primaryimage"},"image":{"@id":"https:\/\/aztex.ee\/sk\/pood\/tencelove-obliecky\/postelne-obliecky-tencel-svetlo-zelena\/#primaryimage"},"thumbnailUrl":"https:\/\/aztex.ee\/wp-content\/uploads\/2025\/03\/Tencel-voodipesukomplekt-Heleroheline.jpg","datePublished":"2025-03-08T22:43:38+00:00","dateModified":"2025-03-09T19:48:52+00:00","description":"Luxusn\u00e1 s\u00faprava oblie\u010dok 100% TENCEL\u2122 Svetlo zelen\u00e1 farby je hodv\u00e1bne jemn\u00e1, priedu\u0161n\u00e1 a \u0161etrn\u00e1 k poko\u017eke. Jeho \u013eahk\u00e1 a hladk\u00e1 text\u00fara zais\u0165uje svie\u017eos\u0165","breadcrumb":{"@id":"https:\/\/aztex.ee\/sk\/pood\/tencelove-obliecky\/postelne-obliecky-tencel-svetlo-zelena\/#breadcrumb"},"inLanguage":"sk-SK","potentialAction":[{"@type":"ReadAction","target":["https:\/\/aztex.ee\/sk\/pood\/tencelove-obliecky\/postelne-obliecky-tencel-svetlo-zelena\/"]}]},{"@type":"ImageObject","inLanguage":"sk-SK","@id":"https:\/\/aztex.ee\/sk\/pood\/tencelove-obliecky\/postelne-obliecky-tencel-svetlo-zelena\/#primaryimage","url":"https:\/\/aztex.ee\/wp-content\/uploads\/2025\/03\/Tencel-voodipesukomplekt-Heleroheline.jpg","contentUrl":"https:\/\/aztex.ee\/wp-content\/uploads\/2025\/03\/Tencel-voodipesukomplekt-Heleroheline.jpg","width":800,"height":800,"caption":"Tencel voodipesukomplekt Heleroheline"},{"@type":"BreadcrumbList","@id":"https:\/\/aztex.ee\/sk\/pood\/tencelove-obliecky\/postelne-obliecky-tencel-svetlo-zelena\/#breadcrumb","itemListElement":[{"@type":"ListItem","position":1,"name":"Domov","item":"https:\/\/aztex.ee\/sk\/"},{"@type":"ListItem","position":2,"name":"Obchod","item":"https:\/\/aztex.ee\/sk\/obchod\/"},{"@type":"ListItem","position":3,"name":"Poste\u013en\u00e9 oblie\u010dky Tencel | Svetlo zelen\u00e1"}]},{"@type":"WebSite","@id":"https:\/\/aztex.ee\/sk\/#website","url":"https:\/\/aztex.ee\/sk\/","name":"AZTEX","description":"","publisher":{"@id":"https:\/\/aztex.ee\/sk\/#organization"},"potentialAction":[{"@type":"SearchAction","target":{"@type":"EntryPoint","urlTemplate":"https:\/\/aztex.ee\/sk\/?s={search_term_string}"},"query-input":{"@type":"PropertyValueSpecification","valueRequired":true,"valueName":"search_term_string"}}],"inLanguage":"sk-SK"},{"@type":"Organization","@id":"https:\/\/aztex.ee\/sk\/#organization","name":"AZTEX","url":"https:\/\/aztex.ee\/sk\/","logo":{"@type":"ImageObject","inLanguage":"sk-SK","@id":"https:\/\/aztex.ee\/sk\/#\/schema\/logo\/image\/","url":"https:\/\/aztex.ee\/wp-content\/uploads\/2026\/01\/AZTEX.png","contentUrl":"https:\/\/aztex.ee\/wp-content\/uploads\/2026\/01\/AZTEX.png","width":500,"height":500,"caption":"AZTEX"},"image":{"@id":"https:\/\/aztex.ee\/sk\/#\/schema\/logo\/image\/"},"sameAs":["https:\/\/www.facebook.com\/AztexEE","https:\/\/www.instagram.com\/aztexeesti\/","https:\/\/www.youtube.com\/@AZTEXEE","https:\/\/www.pinterest.com\/aztex_eesti\/","https:\/\/www.tiktok.com\/@aztexeesti","https:\/\/www.trustpilot.com\/review\/aztex.ee","https:\/\/www.linkedin.com\/company\/aztex-ee\/","https:\/\/www.wikidata.org\/wiki\/Q137560182"]}]}},"_links":{"self":[{"href":"https:\/\/aztex.ee\/sk\/wp-json\/wp\/v2\/product\/64390","targetHints":{"allow":["GET"]}}],"collection":[{"href":"https:\/\/aztex.ee\/sk\/wp-json\/wp\/v2\/product"}],"about":[{"href":"https:\/\/aztex.ee\/sk\/wp-json\/wp\/v2\/types\/product"}],"replies":[{"embeddable":true,"href":"https:\/\/aztex.ee\/sk\/wp-json\/wp\/v2\/comments?post=64390"}],"version-history":[{"count":0,"href":"https:\/\/aztex.ee\/sk\/wp-json\/wp\/v2\/product\/64390\/revisions"}],"wp:featuredmedia":[{"embeddable":true,"href":"https:\/\/aztex.ee\/sk\/wp-json\/wp\/v2\/media\/64411"}],"wp:attachment":[{"href":"https:\/\/aztex.ee\/sk\/wp-json\/wp\/v2\/media?parent=64390"}],"wp:term":[{"taxonomy":"product_brand","embeddable":true,"href":"https:\/\/aztex.ee\/sk\/wp-json\/wp\/v2\/product_brand?post=64390"},{"taxonomy":"product_cat","embeddable":true,"href":"https:\/\/aztex.ee\/sk\/wp-json\/wp\/v2\/product_cat?post=64390"},{"taxonomy":"product_tag","embeddable":true,"href":"https:\/\/aztex.ee\/sk\/wp-json\/wp\/v2\/product_tag?post=64390"}],"curies":[{"name":"wp","href":"https:\/\/api.w.org\/{rel}","templated":true}]}}