{"id":61933,"date":"2025-02-26T12:36:52","date_gmt":"2025-02-26T12:36:52","guid":{"rendered":"https:\/\/aztex.ee\/?post_type=product&#038;p=61933"},"modified":"2026-02-28T22:12:56","modified_gmt":"2026-02-28T22:12:56","slug":"fleecova-prikryvka-200x230-cm","status":"publish","type":"product","link":"https:\/\/aztex.ee\/sk\/pood\/deky-a-prehozy\/fleecova-prikryvka-200x230-cm\/","title":{"rendered":"Fleecov\u00e1 prikr\u00fdvka 200&#215;230 cm"},"content":{"rendered":"<p><strong>Fleecov\u00e1 deka Sherpa 200\u00d7230 cm \u2013 luxusn\u00e1 m\u00e4kkos\u0165 na ka\u017ed\u00fd de\u0148<\/strong><\/p>\n<p>Fleecov\u00e1 deka Sherpa je v\u00fdnimo\u010dne m\u00e4kk\u00e1 a tepl\u00e1 a poskytuje skuto\u010dn\u00fd komfort v ka\u017edom ro\u010dnom obdob\u00ed. Jeho nad\u00fdchan\u00e1 text\u00fara a luxusne m\u00e4kk\u00fd povrch vytv\u00e1raj\u00fa dokonal\u00fd pocit relax\u00e1cie, \u010di u\u017e sed\u00edte na pohovke v chladn\u00fd ve\u010der alebo sa r\u00e1no preb\u00fadzate v posteli.<\/p>\n<p><strong>Vysoko kvalitn\u00fd a odoln\u00fd materi\u00e1l<\/strong><br \/>\nVyroben\u00e9 zo starostlivo vybran\u00fdch materi\u00e1lov, ktor\u00e9 zais\u0165uj\u00fa dlhotrvaj\u00facu m\u00e4kkos\u0165 a kvalitu. Fleecov\u00e1 deka Sherpa v\u00e1s udr\u017e\u00ed v teple a z\u00e1rove\u0148 poskytuje pr\u00edjemn\u00fd dotyk na poko\u017eku.<\/p>\n<p><strong>Jednoduch\u00e1 starostlivos\u0165 \u2013 zostane hebk\u00e1 a kr\u00e1sna<\/strong><br \/>\nFleecov\u00e1 deka Sherpa je navrhnut\u00e1 tak, aby vydr\u017eala \u2013 zachov\u00e1va si svoju p\u00f4vodn\u00fa m\u00e4kkos\u0165 a kr\u00e1sny vzh\u013ead aj po nieko\u013ek\u00fdch praniach. \u013dahko udr\u017eiavate\u013en\u00fd materi\u00e1l z neho rob\u00ed praktick\u00fa vo\u013ebu pre ka\u017edodenn\u00e9 pou\u017eitie.<\/p>\n<p><strong>\u0160t\u00fdlov\u00fd a \u00fatuln\u00fd prvok interi\u00e9ru<\/strong><br \/>\nOkrem tepla je t\u00e1to fleecov\u00e1 deka aj kr\u00e1snym dizajnov\u00fdm detailom interi\u00e9ru. \u010ci u\u017e je v\u00e1\u0161 domov modern\u00fd, klasick\u00fd alebo \u0161kandin\u00e1vsky minimalistick\u00fd, t\u00e1to deka dod\u00e1 ka\u017ed\u00e9mu interi\u00e9ru \u00fatulnos\u0165 a \u0161t\u00fdl.<\/p>\n<p><strong>Ide\u00e1lny dar\u010dek na ka\u017ed\u00fa pr\u00edle\u017eitos\u0165<\/strong><br \/>\nAk h\u013ead\u00e1te dar\u010dek, ktor\u00fd pon\u00faka praktickos\u0165 aj sentiment\u00e1lnu hodnotu, fl\u00edsov\u00e1 deka Sherpa je skvelou vo\u013ebou. Jeho luxusn\u00fd n\u00e1dych a teplo pote\u0161\u00ed ka\u017ed\u00e9ho.<\/p>\n","protected":false},"excerpt":{"rendered":"<ul>\n<li>Materi\u00e1l: Koralov\u00e9 r\u00fano<\/li>\n<li>Ve\u013ekos\u0165: 200&#215;230 cm \u00b13<\/li>\n<li>Gram\u00e1\u017e: 1,8 kg<\/li>\n<\/ul>\n","protected":false},"featured_media":61996,"comment_status":"open","ping_status":"closed","template":"","meta":[],"product_brand":[],"product_cat":[1877,4478,4526],"product_tag":[],"class_list":{"0":"post-61933","1":"product","2":"type-product","3":"status-publish","4":"has-post-thumbnail","6":"product_cat-deky-a-prehozy","7":"product_cat-flisove-prikryvky-sherpa","8":"product_cat-flisove-prikryvky-sherpa-200x230-cm","10":"first","11":"instock","12":"shipping-taxable","13":"purchasable","14":"product-type-variable"},"yoast_head":"<!-- This site is optimized with the Yoast SEO plugin v27.3 - https:\/\/yoast.com\/product\/yoast-seo-wordpress\/ -->\n<title>Fleecov\u00e1 prikr\u00fdvka 200x230 cm | AZTEX<\/title>\n<meta name=\"description\" content=\"Fleecov\u00e1 deka Sherpa 200x230 cm je ve\u013ek\u00e1 a pr\u00edjemne m\u00e4kk\u00e1 deka, ktor\u00e1 pon\u00faka maxim\u00e1lny komfort. Ide\u00e1lne na poste\u013e alebo pohovku ...\" \/>\n<meta name=\"robots\" content=\"index, follow, max-snippet:-1, max-image-preview:large, max-video-preview:-1\" \/>\n<link rel=\"canonical\" href=\"https:\/\/aztex.ee\/sk\/pood\/deky-a-prehozy\/fleecova-prikryvka-200x230-cm\/\" \/>\n<meta property=\"og:locale\" content=\"sk_SK\" \/>\n<meta property=\"og:type\" content=\"article\" \/>\n<meta property=\"og:title\" content=\"Fleecov\u00e1 prikr\u00fdvka 200x230 cm | AZTEX\" \/>\n<meta property=\"og:description\" content=\"Fleecov\u00e1 deka Sherpa 200x230 cm je ve\u013ek\u00e1 a pr\u00edjemne m\u00e4kk\u00e1 deka, ktor\u00e1 pon\u00faka maxim\u00e1lny komfort. Ide\u00e1lne na poste\u013e alebo pohovku ...\" \/>\n<meta property=\"og:url\" content=\"https:\/\/aztex.ee\/sk\/pood\/deky-a-prehozy\/fleecova-prikryvka-200x230-cm\/\" \/>\n<meta property=\"og:site_name\" content=\"AZTEX\" \/>\n<meta property=\"article:publisher\" content=\"https:\/\/www.facebook.com\/AztexEE\" \/>\n<meta property=\"article:modified_time\" content=\"2026-02-28T22:12:56+00:00\" \/>\n<meta property=\"og:image\" content=\"https:\/\/aztex.ee\/wp-content\/uploads\/2025\/02\/Sherpa-fliis-tekk-200x230-cm.jpg\" \/>\n\t<meta property=\"og:image:width\" content=\"800\" \/>\n\t<meta property=\"og:image:height\" content=\"800\" \/>\n\t<meta property=\"og:image:type\" content=\"image\/jpeg\" \/>\n<meta name=\"twitter:card\" content=\"summary_large_image\" \/>\n<meta name=\"twitter:label1\" content=\"Predpokladan\u00fd \u010das \u010d\u00edtania\" \/>\n\t<meta name=\"twitter:data1\" content=\"2 min\u00faty\" \/>\n<script type=\"application\/ld+json\" class=\"yoast-schema-graph\">{\"@context\":\"https:\\\/\\\/schema.org\",\"@graph\":[{\"@type\":[\"WebPage\",\"ItemPage\"],\"@id\":\"https:\\\/\\\/aztex.ee\\\/sk\\\/pood\\\/deky-a-prehozy\\\/fleecova-prikryvka-200x230-cm\\\/\",\"url\":\"https:\\\/\\\/aztex.ee\\\/sk\\\/pood\\\/deky-a-prehozy\\\/fleecova-prikryvka-200x230-cm\\\/\",\"name\":\"Fleecov\u00e1 prikr\u00fdvka 200x230 cm | AZTEX\",\"isPartOf\":{\"@id\":\"https:\\\/\\\/aztex.ee\\\/sk\\\/#website\"},\"primaryImageOfPage\":{\"@id\":\"https:\\\/\\\/aztex.ee\\\/sk\\\/pood\\\/deky-a-prehozy\\\/fleecova-prikryvka-200x230-cm\\\/#primaryimage\"},\"image\":{\"@id\":\"https:\\\/\\\/aztex.ee\\\/sk\\\/pood\\\/deky-a-prehozy\\\/fleecova-prikryvka-200x230-cm\\\/#primaryimage\"},\"thumbnailUrl\":\"https:\\\/\\\/aztex.ee\\\/wp-content\\\/uploads\\\/2025\\\/02\\\/Sherpa-fliis-tekk-200x230-cm.jpg\",\"datePublished\":\"2025-02-26T12:36:52+00:00\",\"dateModified\":\"2026-02-28T22:12:56+00:00\",\"description\":\"Fleecov\u00e1 deka Sherpa 200x230 cm je ve\u013ek\u00e1 a pr\u00edjemne m\u00e4kk\u00e1 deka, ktor\u00e1 pon\u00faka maxim\u00e1lny komfort. Ide\u00e1lne na poste\u013e alebo pohovku ...\",\"breadcrumb\":{\"@id\":\"https:\\\/\\\/aztex.ee\\\/sk\\\/pood\\\/deky-a-prehozy\\\/fleecova-prikryvka-200x230-cm\\\/#breadcrumb\"},\"inLanguage\":\"sk-SK\",\"potentialAction\":[{\"@type\":\"ReadAction\",\"target\":[\"https:\\\/\\\/aztex.ee\\\/sk\\\/pood\\\/deky-a-prehozy\\\/fleecova-prikryvka-200x230-cm\\\/\"]}]},{\"@type\":\"ImageObject\",\"inLanguage\":\"sk-SK\",\"@id\":\"https:\\\/\\\/aztex.ee\\\/sk\\\/pood\\\/deky-a-prehozy\\\/fleecova-prikryvka-200x230-cm\\\/#primaryimage\",\"url\":\"https:\\\/\\\/aztex.ee\\\/wp-content\\\/uploads\\\/2025\\\/02\\\/Sherpa-fliis-tekk-200x230-cm.jpg\",\"contentUrl\":\"https:\\\/\\\/aztex.ee\\\/wp-content\\\/uploads\\\/2025\\\/02\\\/Sherpa-fliis-tekk-200x230-cm.jpg\",\"width\":800,\"height\":800,\"caption\":\"Sherpa fliis tekk 200x230 cm\"},{\"@type\":\"BreadcrumbList\",\"@id\":\"https:\\\/\\\/aztex.ee\\\/sk\\\/pood\\\/deky-a-prehozy\\\/fleecova-prikryvka-200x230-cm\\\/#breadcrumb\",\"itemListElement\":[{\"@type\":\"ListItem\",\"position\":1,\"name\":\"Domov\",\"item\":\"https:\\\/\\\/aztex.ee\\\/sk\\\/\"},{\"@type\":\"ListItem\",\"position\":2,\"name\":\"Obchod\",\"item\":\"https:\\\/\\\/aztex.ee\\\/sk\\\/obchod\\\/\"},{\"@type\":\"ListItem\",\"position\":3,\"name\":\"Fleecov\u00e1 prikr\u00fdvka 200&#215;230 cm\"}]},{\"@type\":\"WebSite\",\"@id\":\"https:\\\/\\\/aztex.ee\\\/sk\\\/#website\",\"url\":\"https:\\\/\\\/aztex.ee\\\/sk\\\/\",\"name\":\"AZTEX\",\"description\":\"\",\"publisher\":{\"@id\":\"https:\\\/\\\/aztex.ee\\\/sk\\\/#organization\"},\"potentialAction\":[{\"@type\":\"SearchAction\",\"target\":{\"@type\":\"EntryPoint\",\"urlTemplate\":\"https:\\\/\\\/aztex.ee\\\/sk\\\/?s={search_term_string}\"},\"query-input\":{\"@type\":\"PropertyValueSpecification\",\"valueRequired\":true,\"valueName\":\"search_term_string\"}}],\"inLanguage\":\"sk-SK\"},{\"@type\":\"Organization\",\"@id\":\"https:\\\/\\\/aztex.ee\\\/sk\\\/#organization\",\"name\":\"AZTEX\",\"url\":\"https:\\\/\\\/aztex.ee\\\/sk\\\/\",\"logo\":{\"@type\":\"ImageObject\",\"inLanguage\":\"sk-SK\",\"@id\":\"https:\\\/\\\/aztex.ee\\\/sk\\\/#\\\/schema\\\/logo\\\/image\\\/\",\"url\":\"https:\\\/\\\/aztex.ee\\\/wp-content\\\/uploads\\\/2026\\\/01\\\/AZTEX.png\",\"contentUrl\":\"https:\\\/\\\/aztex.ee\\\/wp-content\\\/uploads\\\/2026\\\/01\\\/AZTEX.png\",\"width\":500,\"height\":500,\"caption\":\"AZTEX\"},\"image\":{\"@id\":\"https:\\\/\\\/aztex.ee\\\/sk\\\/#\\\/schema\\\/logo\\\/image\\\/\"},\"sameAs\":[\"https:\\\/\\\/www.facebook.com\\\/AztexEE\",\"https:\\\/\\\/www.instagram.com\\\/aztexeesti\\\/\",\"https:\\\/\\\/www.youtube.com\\\/@AZTEXEE\",\"https:\\\/\\\/www.pinterest.com\\\/aztex_eesti\\\/\",\"https:\\\/\\\/www.tiktok.com\\\/@aztexeesti\",\"https:\\\/\\\/www.trustpilot.com\\\/review\\\/aztex.ee\",\"https:\\\/\\\/www.linkedin.com\\\/company\\\/aztex-ee\\\/\",\"https:\\\/\\\/www.wikidata.org\\\/wiki\\\/Q137560182\"]}]}<\/script>\n<!-- \/ Yoast SEO plugin. -->","yoast_head_json":{"title":"Fleecov\u00e1 prikr\u00fdvka 200x230 cm | AZTEX","description":"Fleecov\u00e1 deka Sherpa 200x230 cm je ve\u013ek\u00e1 a pr\u00edjemne m\u00e4kk\u00e1 deka, ktor\u00e1 pon\u00faka maxim\u00e1lny komfort. Ide\u00e1lne na poste\u013e alebo pohovku ...","robots":{"index":"index","follow":"follow","max-snippet":"max-snippet:-1","max-image-preview":"max-image-preview:large","max-video-preview":"max-video-preview:-1"},"canonical":"https:\/\/aztex.ee\/sk\/pood\/deky-a-prehozy\/fleecova-prikryvka-200x230-cm\/","og_locale":"sk_SK","og_type":"article","og_title":"Fleecov\u00e1 prikr\u00fdvka 200x230 cm | AZTEX","og_description":"Fleecov\u00e1 deka Sherpa 200x230 cm je ve\u013ek\u00e1 a pr\u00edjemne m\u00e4kk\u00e1 deka, ktor\u00e1 pon\u00faka maxim\u00e1lny komfort. Ide\u00e1lne na poste\u013e alebo pohovku ...","og_url":"https:\/\/aztex.ee\/sk\/pood\/deky-a-prehozy\/fleecova-prikryvka-200x230-cm\/","og_site_name":"AZTEX","article_publisher":"https:\/\/www.facebook.com\/AztexEE","article_modified_time":"2026-02-28T22:12:56+00:00","og_image":[{"width":800,"height":800,"url":"https:\/\/aztex.ee\/wp-content\/uploads\/2025\/02\/Sherpa-fliis-tekk-200x230-cm.jpg","type":"image\/jpeg"}],"twitter_card":"summary_large_image","twitter_misc":{"Predpokladan\u00fd \u010das \u010d\u00edtania":"2 min\u00faty"},"schema":{"@context":"https:\/\/schema.org","@graph":[{"@type":["WebPage","ItemPage"],"@id":"https:\/\/aztex.ee\/sk\/pood\/deky-a-prehozy\/fleecova-prikryvka-200x230-cm\/","url":"https:\/\/aztex.ee\/sk\/pood\/deky-a-prehozy\/fleecova-prikryvka-200x230-cm\/","name":"Fleecov\u00e1 prikr\u00fdvka 200x230 cm | AZTEX","isPartOf":{"@id":"https:\/\/aztex.ee\/sk\/#website"},"primaryImageOfPage":{"@id":"https:\/\/aztex.ee\/sk\/pood\/deky-a-prehozy\/fleecova-prikryvka-200x230-cm\/#primaryimage"},"image":{"@id":"https:\/\/aztex.ee\/sk\/pood\/deky-a-prehozy\/fleecova-prikryvka-200x230-cm\/#primaryimage"},"thumbnailUrl":"https:\/\/aztex.ee\/wp-content\/uploads\/2025\/02\/Sherpa-fliis-tekk-200x230-cm.jpg","datePublished":"2025-02-26T12:36:52+00:00","dateModified":"2026-02-28T22:12:56+00:00","description":"Fleecov\u00e1 deka Sherpa 200x230 cm je ve\u013ek\u00e1 a pr\u00edjemne m\u00e4kk\u00e1 deka, ktor\u00e1 pon\u00faka maxim\u00e1lny komfort. Ide\u00e1lne na poste\u013e alebo pohovku ...","breadcrumb":{"@id":"https:\/\/aztex.ee\/sk\/pood\/deky-a-prehozy\/fleecova-prikryvka-200x230-cm\/#breadcrumb"},"inLanguage":"sk-SK","potentialAction":[{"@type":"ReadAction","target":["https:\/\/aztex.ee\/sk\/pood\/deky-a-prehozy\/fleecova-prikryvka-200x230-cm\/"]}]},{"@type":"ImageObject","inLanguage":"sk-SK","@id":"https:\/\/aztex.ee\/sk\/pood\/deky-a-prehozy\/fleecova-prikryvka-200x230-cm\/#primaryimage","url":"https:\/\/aztex.ee\/wp-content\/uploads\/2025\/02\/Sherpa-fliis-tekk-200x230-cm.jpg","contentUrl":"https:\/\/aztex.ee\/wp-content\/uploads\/2025\/02\/Sherpa-fliis-tekk-200x230-cm.jpg","width":800,"height":800,"caption":"Sherpa fliis tekk 200x230 cm"},{"@type":"BreadcrumbList","@id":"https:\/\/aztex.ee\/sk\/pood\/deky-a-prehozy\/fleecova-prikryvka-200x230-cm\/#breadcrumb","itemListElement":[{"@type":"ListItem","position":1,"name":"Domov","item":"https:\/\/aztex.ee\/sk\/"},{"@type":"ListItem","position":2,"name":"Obchod","item":"https:\/\/aztex.ee\/sk\/obchod\/"},{"@type":"ListItem","position":3,"name":"Fleecov\u00e1 prikr\u00fdvka 200&#215;230 cm"}]},{"@type":"WebSite","@id":"https:\/\/aztex.ee\/sk\/#website","url":"https:\/\/aztex.ee\/sk\/","name":"AZTEX","description":"","publisher":{"@id":"https:\/\/aztex.ee\/sk\/#organization"},"potentialAction":[{"@type":"SearchAction","target":{"@type":"EntryPoint","urlTemplate":"https:\/\/aztex.ee\/sk\/?s={search_term_string}"},"query-input":{"@type":"PropertyValueSpecification","valueRequired":true,"valueName":"search_term_string"}}],"inLanguage":"sk-SK"},{"@type":"Organization","@id":"https:\/\/aztex.ee\/sk\/#organization","name":"AZTEX","url":"https:\/\/aztex.ee\/sk\/","logo":{"@type":"ImageObject","inLanguage":"sk-SK","@id":"https:\/\/aztex.ee\/sk\/#\/schema\/logo\/image\/","url":"https:\/\/aztex.ee\/wp-content\/uploads\/2026\/01\/AZTEX.png","contentUrl":"https:\/\/aztex.ee\/wp-content\/uploads\/2026\/01\/AZTEX.png","width":500,"height":500,"caption":"AZTEX"},"image":{"@id":"https:\/\/aztex.ee\/sk\/#\/schema\/logo\/image\/"},"sameAs":["https:\/\/www.facebook.com\/AztexEE","https:\/\/www.instagram.com\/aztexeesti\/","https:\/\/www.youtube.com\/@AZTEXEE","https:\/\/www.pinterest.com\/aztex_eesti\/","https:\/\/www.tiktok.com\/@aztexeesti","https:\/\/www.trustpilot.com\/review\/aztex.ee","https:\/\/www.linkedin.com\/company\/aztex-ee\/","https:\/\/www.wikidata.org\/wiki\/Q137560182"]}]}},"_links":{"self":[{"href":"https:\/\/aztex.ee\/sk\/wp-json\/wp\/v2\/product\/61933","targetHints":{"allow":["GET"]}}],"collection":[{"href":"https:\/\/aztex.ee\/sk\/wp-json\/wp\/v2\/product"}],"about":[{"href":"https:\/\/aztex.ee\/sk\/wp-json\/wp\/v2\/types\/product"}],"replies":[{"embeddable":true,"href":"https:\/\/aztex.ee\/sk\/wp-json\/wp\/v2\/comments?post=61933"}],"version-history":[{"count":0,"href":"https:\/\/aztex.ee\/sk\/wp-json\/wp\/v2\/product\/61933\/revisions"}],"wp:featuredmedia":[{"embeddable":true,"href":"https:\/\/aztex.ee\/sk\/wp-json\/wp\/v2\/media\/61996"}],"wp:attachment":[{"href":"https:\/\/aztex.ee\/sk\/wp-json\/wp\/v2\/media?parent=61933"}],"wp:term":[{"taxonomy":"product_brand","embeddable":true,"href":"https:\/\/aztex.ee\/sk\/wp-json\/wp\/v2\/product_brand?post=61933"},{"taxonomy":"product_cat","embeddable":true,"href":"https:\/\/aztex.ee\/sk\/wp-json\/wp\/v2\/product_cat?post=61933"},{"taxonomy":"product_tag","embeddable":true,"href":"https:\/\/aztex.ee\/sk\/wp-json\/wp\/v2\/product_tag?post=61933"}],"curies":[{"name":"wp","href":"https:\/\/api.w.org\/{rel}","templated":true}]}}