{"id":61036,"date":"2025-02-26T10:54:14","date_gmt":"2025-02-26T10:54:14","guid":{"rendered":"https:\/\/aztex.ee\/?post_type=product&#038;p=61036"},"modified":"2026-01-18T12:38:29","modified_gmt":"2026-01-18T12:38:29","slug":"fleecova-prikryvka","status":"publish","type":"product","link":"https:\/\/aztex.ee\/sk\/pood\/deky-a-prehozy\/fleecova-prikryvka\/","title":{"rendered":"Fleecov\u00e1 prikr\u00fdvka 180&#215;200 cm"},"content":{"rendered":"<p><strong>Fleecov\u00e1 deka Sherpa 180\u00d7200 cm \u2013 M\u00e4kkos\u0165 a pohodlie pre ka\u017ed\u00fa chv\u00ed\u013eu<\/strong><\/p>\n<p>Fleecov\u00e1 deka Sherpa 180\u00d7200 cm pon\u00faka v\u00fdnimo\u010dn\u00fa m\u00e4kkos\u0165 a teplo, v\u010faka \u010domu je ka\u017edodenn\u00fd \u017eivot ove\u013ea pohodlnej\u0161\u00ed. Jeho nad\u00fdchan\u00e1 text\u00fara a m\u00e4kk\u00fd materi\u00e1l vytv\u00e1raj\u00fa dokonal\u00fa pohodu, aby ste si u\u017eili chv\u00edle oddychu. Prikr\u00fdvka je ide\u00e1lna ako do sp\u00e1lne, tak aj do ob\u00fdva\u010dky, poskytuje hrejiv\u00fd a pohodln\u00fd z\u00e1\u017eitok za ka\u017ed\u00fdch podmienok.<\/p>\n<p><strong>\u0160t\u00fdl a funk\u010dnos\u0165<\/strong><br \/>\nFleecov\u00e1 deka Sherpa m\u00f4\u017ee by\u0165 pou\u017eit\u00e1 ako elegantn\u00fd doplnok do interi\u00e9ru alebo ako praktick\u00e1 prikr\u00fdvka, ktor\u00e1 pon\u00faka dokonal\u00fa rovnov\u00e1hu medzi \u0161t\u00fdlom a pohodl\u00edm. Deka m\u00e1 klasick\u00fd a \u0161t\u00fdlov\u00fd vzh\u013ead, ktor\u00fd sa hod\u00ed do ka\u017ed\u00e9ho interi\u00e9ru.<\/p>\n<p><strong>V\u0161estrann\u00e9 a praktick\u00e9<\/strong><br \/>\nFleecov\u00e1 deka Sherpa je skvelou vo\u013ebou pre ka\u017edodenn\u00e9 pou\u017eitie, preto\u017ee je dostato\u010dne ve\u013ek\u00e1 na to, aby zakryla poste\u013e alebo ju pou\u017eila na pohovke. Fleece prikr\u00fdvky Sherpa s\u00fa nen\u00e1ro\u010dn\u00e9 na \u00fadr\u017ebu a zachov\u00e1vaj\u00fa si hebkos\u0165 aj po viacn\u00e1sobnom pran\u00ed, v\u010faka \u010domu s\u00fa praktickou vo\u013ebou na ka\u017edodenn\u00e9 pou\u017eitie.<\/p>\n<p><strong>Perfektn\u00fd v\u00fdber dar\u010dekov<\/strong><br \/>\nAk h\u013ead\u00e1te dokonal\u00fd dar\u010dek pre svojich bl\u00edzkych, fl\u00edsov\u00e1 deka Sherpa je skvelou vo\u013ebou. Jeho luxusn\u00e1 jemnos\u0165 a praktickos\u0165 z neho robia ide\u00e1lny dar\u010dek pre ka\u017ed\u00fa pr\u00edle\u017eitos\u0165 \u2013 \u010di u\u017e s\u00fa to narodeniny alebo len mil\u00e9 prekvapenie.<\/p>\n","protected":false},"excerpt":{"rendered":"<ul>\n<li>Materi\u00e1l: Koralov\u00e9 r\u00fano<\/li>\n<li>Ve\u013ekos\u0165: 180&#215;200 cm \u00b13<\/li>\n<li>Gram\u00e1\u017e: 1,4 kg<\/li>\n<\/ul>\n","protected":false},"featured_media":61099,"comment_status":"open","ping_status":"closed","template":"","meta":[],"product_brand":[],"product_cat":[1877,4478,4523],"product_tag":[],"class_list":{"0":"post-61036","1":"product","2":"type-product","3":"status-publish","4":"has-post-thumbnail","6":"product_cat-deky-a-prehozy","7":"product_cat-flisove-prikryvky-sherpa","8":"product_cat-flisove-prikryvky-sherpa-180x200-cm","10":"first","11":"instock","12":"shipping-taxable","13":"purchasable","14":"product-type-variable"},"yoast_head":"<!-- This site is optimized with the Yoast SEO plugin v27.4 - https:\/\/yoast.com\/product\/yoast-seo-wordpress\/ -->\n<title>Fleecov\u00e1 prikr\u00fdvka 180x200 cm | AZTEX<\/title>\n<meta name=\"description\" content=\"Fleecov\u00e1 deka Sherpa 180x200 cm je v\u00fdnimo\u010dne m\u00e4kk\u00e1, pr\u00edjemne hrejiv\u00e1 a nad\u00fdchan\u00e1. \u0160t\u00fdlov\u00fd a praktick\u00fd interi\u00e9rov\u00fd prvok, ktor\u00fd prin\u00e1\u0161a teplo do miestnosti\" \/>\n<meta name=\"robots\" content=\"index, follow, max-snippet:-1, max-image-preview:large, max-video-preview:-1\" \/>\n<link rel=\"canonical\" href=\"https:\/\/aztex.ee\/sk\/pood\/deky-a-prehozy\/fleecova-prikryvka\/\" \/>\n<meta property=\"og:locale\" content=\"sk_SK\" \/>\n<meta property=\"og:type\" content=\"article\" \/>\n<meta property=\"og:title\" content=\"Fleecov\u00e1 prikr\u00fdvka 180x200 cm | AZTEX\" \/>\n<meta property=\"og:description\" content=\"Fleecov\u00e1 deka Sherpa 180x200 cm je v\u00fdnimo\u010dne m\u00e4kk\u00e1, pr\u00edjemne hrejiv\u00e1 a nad\u00fdchan\u00e1. \u0160t\u00fdlov\u00fd a praktick\u00fd interi\u00e9rov\u00fd prvok, ktor\u00fd prin\u00e1\u0161a teplo do miestnosti\" \/>\n<meta property=\"og:url\" content=\"https:\/\/aztex.ee\/sk\/pood\/deky-a-prehozy\/fleecova-prikryvka\/\" \/>\n<meta property=\"og:site_name\" content=\"AZTEX\" \/>\n<meta property=\"article:publisher\" content=\"https:\/\/www.facebook.com\/AztexEE\" \/>\n<meta property=\"article:modified_time\" content=\"2026-01-18T12:38:29+00:00\" \/>\n<meta property=\"og:image\" content=\"https:\/\/aztex.ee\/wp-content\/uploads\/2025\/02\/Sherpa-fliis-tekk-180x200-1.jpg\" \/>\n\t<meta property=\"og:image:width\" content=\"800\" \/>\n\t<meta property=\"og:image:height\" content=\"800\" \/>\n\t<meta property=\"og:image:type\" content=\"image\/jpeg\" \/>\n<meta name=\"twitter:card\" content=\"summary_large_image\" \/>\n<meta name=\"twitter:label1\" content=\"Predpokladan\u00fd \u010das \u010d\u00edtania\" \/>\n\t<meta name=\"twitter:data1\" content=\"2 min\u00faty\" \/>\n<script type=\"application\/ld+json\" class=\"yoast-schema-graph\">{\"@context\":\"https:\\\/\\\/schema.org\",\"@graph\":[{\"@type\":[\"WebPage\",\"ItemPage\"],\"@id\":\"https:\\\/\\\/aztex.ee\\\/sk\\\/pood\\\/deky-a-prehozy\\\/fleecova-prikryvka\\\/\",\"url\":\"https:\\\/\\\/aztex.ee\\\/sk\\\/pood\\\/deky-a-prehozy\\\/fleecova-prikryvka\\\/\",\"name\":\"Fleecov\u00e1 prikr\u00fdvka 180x200 cm | AZTEX\",\"isPartOf\":{\"@id\":\"https:\\\/\\\/aztex.ee\\\/sk\\\/#website\"},\"primaryImageOfPage\":{\"@id\":\"https:\\\/\\\/aztex.ee\\\/sk\\\/pood\\\/deky-a-prehozy\\\/fleecova-prikryvka\\\/#primaryimage\"},\"image\":{\"@id\":\"https:\\\/\\\/aztex.ee\\\/sk\\\/pood\\\/deky-a-prehozy\\\/fleecova-prikryvka\\\/#primaryimage\"},\"thumbnailUrl\":\"https:\\\/\\\/aztex.ee\\\/wp-content\\\/uploads\\\/2025\\\/02\\\/Sherpa-fliis-tekk-180x200-1.jpg\",\"datePublished\":\"2025-02-26T10:54:14+00:00\",\"dateModified\":\"2026-01-18T12:38:29+00:00\",\"description\":\"Fleecov\u00e1 deka Sherpa 180x200 cm je v\u00fdnimo\u010dne m\u00e4kk\u00e1, pr\u00edjemne hrejiv\u00e1 a nad\u00fdchan\u00e1. \u0160t\u00fdlov\u00fd a praktick\u00fd interi\u00e9rov\u00fd prvok, ktor\u00fd prin\u00e1\u0161a teplo do miestnosti\",\"breadcrumb\":{\"@id\":\"https:\\\/\\\/aztex.ee\\\/sk\\\/pood\\\/deky-a-prehozy\\\/fleecova-prikryvka\\\/#breadcrumb\"},\"inLanguage\":\"sk-SK\",\"potentialAction\":[{\"@type\":\"ReadAction\",\"target\":[\"https:\\\/\\\/aztex.ee\\\/sk\\\/pood\\\/deky-a-prehozy\\\/fleecova-prikryvka\\\/\"]}]},{\"@type\":\"ImageObject\",\"inLanguage\":\"sk-SK\",\"@id\":\"https:\\\/\\\/aztex.ee\\\/sk\\\/pood\\\/deky-a-prehozy\\\/fleecova-prikryvka\\\/#primaryimage\",\"url\":\"https:\\\/\\\/aztex.ee\\\/wp-content\\\/uploads\\\/2025\\\/02\\\/Sherpa-fliis-tekk-180x200-1.jpg\",\"contentUrl\":\"https:\\\/\\\/aztex.ee\\\/wp-content\\\/uploads\\\/2025\\\/02\\\/Sherpa-fliis-tekk-180x200-1.jpg\",\"width\":800,\"height\":800,\"caption\":\"Sherpa fliis tekk 180x200\"},{\"@type\":\"BreadcrumbList\",\"@id\":\"https:\\\/\\\/aztex.ee\\\/sk\\\/pood\\\/deky-a-prehozy\\\/fleecova-prikryvka\\\/#breadcrumb\",\"itemListElement\":[{\"@type\":\"ListItem\",\"position\":1,\"name\":\"Domov\",\"item\":\"https:\\\/\\\/aztex.ee\\\/sk\\\/\"},{\"@type\":\"ListItem\",\"position\":2,\"name\":\"Obchod\",\"item\":\"https:\\\/\\\/aztex.ee\\\/sk\\\/obchod\\\/\"},{\"@type\":\"ListItem\",\"position\":3,\"name\":\"Fleecov\u00e1 prikr\u00fdvka 180&#215;200 cm\"}]},{\"@type\":\"WebSite\",\"@id\":\"https:\\\/\\\/aztex.ee\\\/sk\\\/#website\",\"url\":\"https:\\\/\\\/aztex.ee\\\/sk\\\/\",\"name\":\"AZTEX\",\"description\":\"\",\"publisher\":{\"@id\":\"https:\\\/\\\/aztex.ee\\\/sk\\\/#organization\"},\"potentialAction\":[{\"@type\":\"SearchAction\",\"target\":{\"@type\":\"EntryPoint\",\"urlTemplate\":\"https:\\\/\\\/aztex.ee\\\/sk\\\/?s={search_term_string}\"},\"query-input\":{\"@type\":\"PropertyValueSpecification\",\"valueRequired\":true,\"valueName\":\"search_term_string\"}}],\"inLanguage\":\"sk-SK\"},{\"@type\":\"Organization\",\"@id\":\"https:\\\/\\\/aztex.ee\\\/sk\\\/#organization\",\"name\":\"AZTEX\",\"url\":\"https:\\\/\\\/aztex.ee\\\/sk\\\/\",\"logo\":{\"@type\":\"ImageObject\",\"inLanguage\":\"sk-SK\",\"@id\":\"https:\\\/\\\/aztex.ee\\\/sk\\\/#\\\/schema\\\/logo\\\/image\\\/\",\"url\":\"https:\\\/\\\/aztex.ee\\\/wp-content\\\/uploads\\\/2026\\\/01\\\/AZTEX.png\",\"contentUrl\":\"https:\\\/\\\/aztex.ee\\\/wp-content\\\/uploads\\\/2026\\\/01\\\/AZTEX.png\",\"width\":500,\"height\":500,\"caption\":\"AZTEX\"},\"image\":{\"@id\":\"https:\\\/\\\/aztex.ee\\\/sk\\\/#\\\/schema\\\/logo\\\/image\\\/\"},\"sameAs\":[\"https:\\\/\\\/www.facebook.com\\\/AztexEE\",\"https:\\\/\\\/www.instagram.com\\\/aztexeesti\\\/\",\"https:\\\/\\\/www.youtube.com\\\/@AZTEXEE\",\"https:\\\/\\\/www.pinterest.com\\\/aztex_eesti\\\/\",\"https:\\\/\\\/www.tiktok.com\\\/@aztexeesti\",\"https:\\\/\\\/www.trustpilot.com\\\/review\\\/aztex.ee\",\"https:\\\/\\\/www.linkedin.com\\\/company\\\/aztex-ee\\\/\",\"https:\\\/\\\/www.wikidata.org\\\/wiki\\\/Q137560182\"]}]}<\/script>\n<!-- \/ Yoast SEO plugin. -->","yoast_head_json":{"title":"Fleecov\u00e1 prikr\u00fdvka 180x200 cm | AZTEX","description":"Fleecov\u00e1 deka Sherpa 180x200 cm je v\u00fdnimo\u010dne m\u00e4kk\u00e1, pr\u00edjemne hrejiv\u00e1 a nad\u00fdchan\u00e1. \u0160t\u00fdlov\u00fd a praktick\u00fd interi\u00e9rov\u00fd prvok, ktor\u00fd prin\u00e1\u0161a teplo do miestnosti","robots":{"index":"index","follow":"follow","max-snippet":"max-snippet:-1","max-image-preview":"max-image-preview:large","max-video-preview":"max-video-preview:-1"},"canonical":"https:\/\/aztex.ee\/sk\/pood\/deky-a-prehozy\/fleecova-prikryvka\/","og_locale":"sk_SK","og_type":"article","og_title":"Fleecov\u00e1 prikr\u00fdvka 180x200 cm | AZTEX","og_description":"Fleecov\u00e1 deka Sherpa 180x200 cm je v\u00fdnimo\u010dne m\u00e4kk\u00e1, pr\u00edjemne hrejiv\u00e1 a nad\u00fdchan\u00e1. \u0160t\u00fdlov\u00fd a praktick\u00fd interi\u00e9rov\u00fd prvok, ktor\u00fd prin\u00e1\u0161a teplo do miestnosti","og_url":"https:\/\/aztex.ee\/sk\/pood\/deky-a-prehozy\/fleecova-prikryvka\/","og_site_name":"AZTEX","article_publisher":"https:\/\/www.facebook.com\/AztexEE","article_modified_time":"2026-01-18T12:38:29+00:00","og_image":[{"width":800,"height":800,"url":"https:\/\/aztex.ee\/wp-content\/uploads\/2025\/02\/Sherpa-fliis-tekk-180x200-1.jpg","type":"image\/jpeg"}],"twitter_card":"summary_large_image","twitter_misc":{"Predpokladan\u00fd \u010das \u010d\u00edtania":"2 min\u00faty"},"schema":{"@context":"https:\/\/schema.org","@graph":[{"@type":["WebPage","ItemPage"],"@id":"https:\/\/aztex.ee\/sk\/pood\/deky-a-prehozy\/fleecova-prikryvka\/","url":"https:\/\/aztex.ee\/sk\/pood\/deky-a-prehozy\/fleecova-prikryvka\/","name":"Fleecov\u00e1 prikr\u00fdvka 180x200 cm | AZTEX","isPartOf":{"@id":"https:\/\/aztex.ee\/sk\/#website"},"primaryImageOfPage":{"@id":"https:\/\/aztex.ee\/sk\/pood\/deky-a-prehozy\/fleecova-prikryvka\/#primaryimage"},"image":{"@id":"https:\/\/aztex.ee\/sk\/pood\/deky-a-prehozy\/fleecova-prikryvka\/#primaryimage"},"thumbnailUrl":"https:\/\/aztex.ee\/wp-content\/uploads\/2025\/02\/Sherpa-fliis-tekk-180x200-1.jpg","datePublished":"2025-02-26T10:54:14+00:00","dateModified":"2026-01-18T12:38:29+00:00","description":"Fleecov\u00e1 deka Sherpa 180x200 cm je v\u00fdnimo\u010dne m\u00e4kk\u00e1, pr\u00edjemne hrejiv\u00e1 a nad\u00fdchan\u00e1. \u0160t\u00fdlov\u00fd a praktick\u00fd interi\u00e9rov\u00fd prvok, ktor\u00fd prin\u00e1\u0161a teplo do miestnosti","breadcrumb":{"@id":"https:\/\/aztex.ee\/sk\/pood\/deky-a-prehozy\/fleecova-prikryvka\/#breadcrumb"},"inLanguage":"sk-SK","potentialAction":[{"@type":"ReadAction","target":["https:\/\/aztex.ee\/sk\/pood\/deky-a-prehozy\/fleecova-prikryvka\/"]}]},{"@type":"ImageObject","inLanguage":"sk-SK","@id":"https:\/\/aztex.ee\/sk\/pood\/deky-a-prehozy\/fleecova-prikryvka\/#primaryimage","url":"https:\/\/aztex.ee\/wp-content\/uploads\/2025\/02\/Sherpa-fliis-tekk-180x200-1.jpg","contentUrl":"https:\/\/aztex.ee\/wp-content\/uploads\/2025\/02\/Sherpa-fliis-tekk-180x200-1.jpg","width":800,"height":800,"caption":"Sherpa fliis tekk 180x200"},{"@type":"BreadcrumbList","@id":"https:\/\/aztex.ee\/sk\/pood\/deky-a-prehozy\/fleecova-prikryvka\/#breadcrumb","itemListElement":[{"@type":"ListItem","position":1,"name":"Domov","item":"https:\/\/aztex.ee\/sk\/"},{"@type":"ListItem","position":2,"name":"Obchod","item":"https:\/\/aztex.ee\/sk\/obchod\/"},{"@type":"ListItem","position":3,"name":"Fleecov\u00e1 prikr\u00fdvka 180&#215;200 cm"}]},{"@type":"WebSite","@id":"https:\/\/aztex.ee\/sk\/#website","url":"https:\/\/aztex.ee\/sk\/","name":"AZTEX","description":"","publisher":{"@id":"https:\/\/aztex.ee\/sk\/#organization"},"potentialAction":[{"@type":"SearchAction","target":{"@type":"EntryPoint","urlTemplate":"https:\/\/aztex.ee\/sk\/?s={search_term_string}"},"query-input":{"@type":"PropertyValueSpecification","valueRequired":true,"valueName":"search_term_string"}}],"inLanguage":"sk-SK"},{"@type":"Organization","@id":"https:\/\/aztex.ee\/sk\/#organization","name":"AZTEX","url":"https:\/\/aztex.ee\/sk\/","logo":{"@type":"ImageObject","inLanguage":"sk-SK","@id":"https:\/\/aztex.ee\/sk\/#\/schema\/logo\/image\/","url":"https:\/\/aztex.ee\/wp-content\/uploads\/2026\/01\/AZTEX.png","contentUrl":"https:\/\/aztex.ee\/wp-content\/uploads\/2026\/01\/AZTEX.png","width":500,"height":500,"caption":"AZTEX"},"image":{"@id":"https:\/\/aztex.ee\/sk\/#\/schema\/logo\/image\/"},"sameAs":["https:\/\/www.facebook.com\/AztexEE","https:\/\/www.instagram.com\/aztexeesti\/","https:\/\/www.youtube.com\/@AZTEXEE","https:\/\/www.pinterest.com\/aztex_eesti\/","https:\/\/www.tiktok.com\/@aztexeesti","https:\/\/www.trustpilot.com\/review\/aztex.ee","https:\/\/www.linkedin.com\/company\/aztex-ee\/","https:\/\/www.wikidata.org\/wiki\/Q137560182"]}]}},"_links":{"self":[{"href":"https:\/\/aztex.ee\/sk\/wp-json\/wp\/v2\/product\/61036","targetHints":{"allow":["GET"]}}],"collection":[{"href":"https:\/\/aztex.ee\/sk\/wp-json\/wp\/v2\/product"}],"about":[{"href":"https:\/\/aztex.ee\/sk\/wp-json\/wp\/v2\/types\/product"}],"replies":[{"embeddable":true,"href":"https:\/\/aztex.ee\/sk\/wp-json\/wp\/v2\/comments?post=61036"}],"version-history":[{"count":0,"href":"https:\/\/aztex.ee\/sk\/wp-json\/wp\/v2\/product\/61036\/revisions"}],"wp:featuredmedia":[{"embeddable":true,"href":"https:\/\/aztex.ee\/sk\/wp-json\/wp\/v2\/media\/61099"}],"wp:attachment":[{"href":"https:\/\/aztex.ee\/sk\/wp-json\/wp\/v2\/media?parent=61036"}],"wp:term":[{"taxonomy":"product_brand","embeddable":true,"href":"https:\/\/aztex.ee\/sk\/wp-json\/wp\/v2\/product_brand?post=61036"},{"taxonomy":"product_cat","embeddable":true,"href":"https:\/\/aztex.ee\/sk\/wp-json\/wp\/v2\/product_cat?post=61036"},{"taxonomy":"product_tag","embeddable":true,"href":"https:\/\/aztex.ee\/sk\/wp-json\/wp\/v2\/product_tag?post=61036"}],"curies":[{"name":"wp","href":"https:\/\/api.w.org\/{rel}","templated":true}]}}