{"id":59907,"date":"2025-02-26T09:58:55","date_gmt":"2025-02-26T09:58:55","guid":{"rendered":"https:\/\/aztex.ee\/?post_type=product&#038;p=59907"},"modified":"2026-02-01T16:43:46","modified_gmt":"2026-02-01T16:43:46","slug":"fleecova-prikryvka-150x200-cm","status":"publish","type":"product","link":"https:\/\/aztex.ee\/sk\/pood\/deky-a-prehozy\/fleecova-prikryvka-150x200-cm\/","title":{"rendered":"Fleecov\u00e1 prikr\u00fdvka 150&#215;200 cm"},"content":{"rendered":"<p><strong>Fleecov\u00e1 deka Sherpa 150\u00d7200 cm \u2013 M\u00e4kk\u00e1 a hrejiv\u00e1<\/strong><\/p>\n<p>S touto kvalitnou fleecovou dekou Sherpa sa budete c\u00edti\u0165 doma v\u017edy pohodlne a v teple. T\u00e1to deka je navrhnut\u00e1 tak, aby poskytovala to najlep\u0161ie teplo a pohodlie, aby boli ka\u017edodenn\u00e9 chv\u00edle e\u0161te pr\u00edjemnej\u0161ie.<\/p>\n<p><strong>Pohodlie v ka\u017edej situ\u00e1cii<\/strong><br \/>\nRozmermi fleecov\u00e1 deka Sherpa 150\u00d7200 cm sa hod\u00ed do ka\u017edej situ\u00e1cie. \u010ci u\u017e ide o relax na pohovke, poskytovanie extra tepla na posteli alebo sp\u00e1nok &#8211; fleecov\u00e1 deka Sherpa pon\u00faka dokonal\u00fa \u013eahkos\u0165 a teplo pri ka\u017edom pou\u017eit\u00ed. Ve\u013ekos\u0165 je vhodn\u00e1 aj pre host\u00ed alebo ako extra prikr\u00fdvka na poste\u013e, aby bol ka\u017ed\u00fd de\u0148 pln\u00fd tepla.<\/p>\n<p><strong>Jednoduch\u00e1 starostlivos\u0165 a odoln\u00e1<\/strong><br \/>\nStarostlivos\u0165 o fleecov\u00fa deku Sherpa je jednoduch\u00e1 a pohodln\u00e1, preto\u017ee ju mo\u017eno pra\u0165 v pr\u00e1\u010dke. Po umyt\u00ed zost\u00e1va m\u00e4kk\u00e1, poskytuje dlhotrvaj\u00face teplo a kvalitu. Pre zachovanie kr\u00e1sy a odolnosti v\u00fdrobku odpor\u00fa\u010dame pra\u0165 na n\u00edzkych teplot\u00e1ch. Fleecov\u00e1 deka r\u00fdchlo schne a nevy\u017eaduje samostatn\u00e9 su\u0161enie, v\u010faka \u010domu je v ka\u017edodennom \u017eivote e\u0161te praktickej\u0161ia.<\/p>\n<p><strong>Pohoda a teplo v ka\u017edom okamihu<\/strong><br \/>\nFleecov\u00e1 deka Sherpa nie je len hrejiv\u00e1 &#8211; pon\u00faka aj dokonal\u00fd ka\u017edodenn\u00fd relax. \u010ci u\u017e ide o pr\u00edjemn\u00fd ve\u010der doma, \u010d\u00edtanie knihy alebo dom\u00e1ce pr\u00e1ce \u2013 fleecov\u00e1 deka Sherpa urob\u00ed ka\u017ed\u00fd okamih v\u00fdnimo\u010dn\u00fdm.<\/p>\n","protected":false},"excerpt":{"rendered":"<ul>\n<li>Materi\u00e1l: Koralov\u00e9 r\u00fano<\/li>\n<li>Ve\u013ekos\u0165: 150&#215;200 cm \u00b13<\/li>\n<li>Gram\u00e1\u017e: 1,1 kg<\/li>\n<\/ul>\n","protected":false},"featured_media":59970,"comment_status":"open","ping_status":"closed","template":"","meta":[],"product_brand":[],"product_cat":[1877,4478,4487],"product_tag":[],"class_list":{"0":"post-59907","1":"product","2":"type-product","3":"status-publish","4":"has-post-thumbnail","6":"product_cat-deky-a-prehozy","7":"product_cat-flisove-prikryvky-sherpa","8":"product_cat-flisove-prikryvky-sherpa-150x200-cm","10":"first","11":"instock","12":"shipping-taxable","13":"purchasable","14":"product-type-variable"},"yoast_head":"<!-- This site is optimized with the Yoast SEO plugin v27.4 - https:\/\/yoast.com\/product\/yoast-seo-wordpress\/ -->\n<title>Fleecov\u00e1 prikr\u00fdvka 150x200 cm | AZTEX<\/title>\n<meta name=\"description\" content=\"Ultra m\u00e4kk\u00e1 a tepl\u00e1 fleecov\u00e1 deka Sherpa s rozmermi 150 x 200 cm, ktor\u00e1 pon\u00faka maxim\u00e1lny komfort. Ide\u00e1lny spolo\u010dn\u00edk na chladnej\u0161ie ve\u010dery a relax.\" \/>\n<meta name=\"robots\" content=\"index, follow, max-snippet:-1, max-image-preview:large, max-video-preview:-1\" \/>\n<link rel=\"canonical\" href=\"https:\/\/aztex.ee\/sk\/pood\/deky-a-prehozy\/fleecova-prikryvka-150x200-cm\/\" \/>\n<meta property=\"og:locale\" content=\"sk_SK\" \/>\n<meta property=\"og:type\" content=\"article\" \/>\n<meta property=\"og:title\" content=\"Fleecov\u00e1 prikr\u00fdvka 150x200 cm | AZTEX\" \/>\n<meta property=\"og:description\" content=\"Ultra m\u00e4kk\u00e1 a tepl\u00e1 fleecov\u00e1 deka Sherpa s rozmermi 150 x 200 cm, ktor\u00e1 pon\u00faka maxim\u00e1lny komfort. Ide\u00e1lny spolo\u010dn\u00edk na chladnej\u0161ie ve\u010dery a relax.\" \/>\n<meta property=\"og:url\" content=\"https:\/\/aztex.ee\/sk\/pood\/deky-a-prehozy\/fleecova-prikryvka-150x200-cm\/\" \/>\n<meta property=\"og:site_name\" content=\"AZTEX\" \/>\n<meta property=\"article:publisher\" content=\"https:\/\/www.facebook.com\/AztexEE\" \/>\n<meta property=\"article:modified_time\" content=\"2026-02-01T16:43:46+00:00\" \/>\n<meta property=\"og:image\" content=\"https:\/\/aztex.ee\/wp-content\/uploads\/2025\/02\/Sherpa-fliis-tekk-150x200-cm.jpg\" \/>\n\t<meta property=\"og:image:width\" content=\"800\" \/>\n\t<meta property=\"og:image:height\" content=\"800\" \/>\n\t<meta property=\"og:image:type\" content=\"image\/jpeg\" \/>\n<meta name=\"twitter:card\" content=\"summary_large_image\" \/>\n<meta name=\"twitter:label1\" content=\"Predpokladan\u00fd \u010das \u010d\u00edtania\" \/>\n\t<meta name=\"twitter:data1\" content=\"2 min\u00faty\" \/>\n<script type=\"application\/ld+json\" class=\"yoast-schema-graph\">{\"@context\":\"https:\\\/\\\/schema.org\",\"@graph\":[{\"@type\":[\"WebPage\",\"ItemPage\"],\"@id\":\"https:\\\/\\\/aztex.ee\\\/sk\\\/pood\\\/deky-a-prehozy\\\/fleecova-prikryvka-150x200-cm\\\/\",\"url\":\"https:\\\/\\\/aztex.ee\\\/sk\\\/pood\\\/deky-a-prehozy\\\/fleecova-prikryvka-150x200-cm\\\/\",\"name\":\"Fleecov\u00e1 prikr\u00fdvka 150x200 cm | AZTEX\",\"isPartOf\":{\"@id\":\"https:\\\/\\\/aztex.ee\\\/sk\\\/#website\"},\"primaryImageOfPage\":{\"@id\":\"https:\\\/\\\/aztex.ee\\\/sk\\\/pood\\\/deky-a-prehozy\\\/fleecova-prikryvka-150x200-cm\\\/#primaryimage\"},\"image\":{\"@id\":\"https:\\\/\\\/aztex.ee\\\/sk\\\/pood\\\/deky-a-prehozy\\\/fleecova-prikryvka-150x200-cm\\\/#primaryimage\"},\"thumbnailUrl\":\"https:\\\/\\\/aztex.ee\\\/wp-content\\\/uploads\\\/2025\\\/02\\\/Sherpa-fliis-tekk-150x200-cm.jpg\",\"datePublished\":\"2025-02-26T09:58:55+00:00\",\"dateModified\":\"2026-02-01T16:43:46+00:00\",\"description\":\"Ultra m\u00e4kk\u00e1 a tepl\u00e1 fleecov\u00e1 deka Sherpa s rozmermi 150 x 200 cm, ktor\u00e1 pon\u00faka maxim\u00e1lny komfort. Ide\u00e1lny spolo\u010dn\u00edk na chladnej\u0161ie ve\u010dery a relax.\",\"breadcrumb\":{\"@id\":\"https:\\\/\\\/aztex.ee\\\/sk\\\/pood\\\/deky-a-prehozy\\\/fleecova-prikryvka-150x200-cm\\\/#breadcrumb\"},\"inLanguage\":\"sk-SK\",\"potentialAction\":[{\"@type\":\"ReadAction\",\"target\":[\"https:\\\/\\\/aztex.ee\\\/sk\\\/pood\\\/deky-a-prehozy\\\/fleecova-prikryvka-150x200-cm\\\/\"]}]},{\"@type\":\"ImageObject\",\"inLanguage\":\"sk-SK\",\"@id\":\"https:\\\/\\\/aztex.ee\\\/sk\\\/pood\\\/deky-a-prehozy\\\/fleecova-prikryvka-150x200-cm\\\/#primaryimage\",\"url\":\"https:\\\/\\\/aztex.ee\\\/wp-content\\\/uploads\\\/2025\\\/02\\\/Sherpa-fliis-tekk-150x200-cm.jpg\",\"contentUrl\":\"https:\\\/\\\/aztex.ee\\\/wp-content\\\/uploads\\\/2025\\\/02\\\/Sherpa-fliis-tekk-150x200-cm.jpg\",\"width\":800,\"height\":800,\"caption\":\"Sherpa fliis tekk 150x200 cm\"},{\"@type\":\"BreadcrumbList\",\"@id\":\"https:\\\/\\\/aztex.ee\\\/sk\\\/pood\\\/deky-a-prehozy\\\/fleecova-prikryvka-150x200-cm\\\/#breadcrumb\",\"itemListElement\":[{\"@type\":\"ListItem\",\"position\":1,\"name\":\"Domov\",\"item\":\"https:\\\/\\\/aztex.ee\\\/sk\\\/\"},{\"@type\":\"ListItem\",\"position\":2,\"name\":\"Obchod\",\"item\":\"https:\\\/\\\/aztex.ee\\\/sk\\\/obchod\\\/\"},{\"@type\":\"ListItem\",\"position\":3,\"name\":\"Fleecov\u00e1 prikr\u00fdvka 150&#215;200 cm\"}]},{\"@type\":\"WebSite\",\"@id\":\"https:\\\/\\\/aztex.ee\\\/sk\\\/#website\",\"url\":\"https:\\\/\\\/aztex.ee\\\/sk\\\/\",\"name\":\"AZTEX\",\"description\":\"\",\"publisher\":{\"@id\":\"https:\\\/\\\/aztex.ee\\\/sk\\\/#organization\"},\"potentialAction\":[{\"@type\":\"SearchAction\",\"target\":{\"@type\":\"EntryPoint\",\"urlTemplate\":\"https:\\\/\\\/aztex.ee\\\/sk\\\/?s={search_term_string}\"},\"query-input\":{\"@type\":\"PropertyValueSpecification\",\"valueRequired\":true,\"valueName\":\"search_term_string\"}}],\"inLanguage\":\"sk-SK\"},{\"@type\":\"Organization\",\"@id\":\"https:\\\/\\\/aztex.ee\\\/sk\\\/#organization\",\"name\":\"AZTEX\",\"url\":\"https:\\\/\\\/aztex.ee\\\/sk\\\/\",\"logo\":{\"@type\":\"ImageObject\",\"inLanguage\":\"sk-SK\",\"@id\":\"https:\\\/\\\/aztex.ee\\\/sk\\\/#\\\/schema\\\/logo\\\/image\\\/\",\"url\":\"https:\\\/\\\/aztex.ee\\\/wp-content\\\/uploads\\\/2026\\\/01\\\/AZTEX.png\",\"contentUrl\":\"https:\\\/\\\/aztex.ee\\\/wp-content\\\/uploads\\\/2026\\\/01\\\/AZTEX.png\",\"width\":500,\"height\":500,\"caption\":\"AZTEX\"},\"image\":{\"@id\":\"https:\\\/\\\/aztex.ee\\\/sk\\\/#\\\/schema\\\/logo\\\/image\\\/\"},\"sameAs\":[\"https:\\\/\\\/www.facebook.com\\\/AztexEE\",\"https:\\\/\\\/www.instagram.com\\\/aztexeesti\\\/\",\"https:\\\/\\\/www.youtube.com\\\/@AZTEXEE\",\"https:\\\/\\\/www.pinterest.com\\\/aztex_eesti\\\/\",\"https:\\\/\\\/www.tiktok.com\\\/@aztexeesti\",\"https:\\\/\\\/www.trustpilot.com\\\/review\\\/aztex.ee\",\"https:\\\/\\\/www.linkedin.com\\\/company\\\/aztex-ee\\\/\",\"https:\\\/\\\/www.wikidata.org\\\/wiki\\\/Q137560182\"]}]}<\/script>\n<!-- \/ Yoast SEO plugin. -->","yoast_head_json":{"title":"Fleecov\u00e1 prikr\u00fdvka 150x200 cm | AZTEX","description":"Ultra m\u00e4kk\u00e1 a tepl\u00e1 fleecov\u00e1 deka Sherpa s rozmermi 150 x 200 cm, ktor\u00e1 pon\u00faka maxim\u00e1lny komfort. Ide\u00e1lny spolo\u010dn\u00edk na chladnej\u0161ie ve\u010dery a relax.","robots":{"index":"index","follow":"follow","max-snippet":"max-snippet:-1","max-image-preview":"max-image-preview:large","max-video-preview":"max-video-preview:-1"},"canonical":"https:\/\/aztex.ee\/sk\/pood\/deky-a-prehozy\/fleecova-prikryvka-150x200-cm\/","og_locale":"sk_SK","og_type":"article","og_title":"Fleecov\u00e1 prikr\u00fdvka 150x200 cm | AZTEX","og_description":"Ultra m\u00e4kk\u00e1 a tepl\u00e1 fleecov\u00e1 deka Sherpa s rozmermi 150 x 200 cm, ktor\u00e1 pon\u00faka maxim\u00e1lny komfort. Ide\u00e1lny spolo\u010dn\u00edk na chladnej\u0161ie ve\u010dery a relax.","og_url":"https:\/\/aztex.ee\/sk\/pood\/deky-a-prehozy\/fleecova-prikryvka-150x200-cm\/","og_site_name":"AZTEX","article_publisher":"https:\/\/www.facebook.com\/AztexEE","article_modified_time":"2026-02-01T16:43:46+00:00","og_image":[{"width":800,"height":800,"url":"https:\/\/aztex.ee\/wp-content\/uploads\/2025\/02\/Sherpa-fliis-tekk-150x200-cm.jpg","type":"image\/jpeg"}],"twitter_card":"summary_large_image","twitter_misc":{"Predpokladan\u00fd \u010das \u010d\u00edtania":"2 min\u00faty"},"schema":{"@context":"https:\/\/schema.org","@graph":[{"@type":["WebPage","ItemPage"],"@id":"https:\/\/aztex.ee\/sk\/pood\/deky-a-prehozy\/fleecova-prikryvka-150x200-cm\/","url":"https:\/\/aztex.ee\/sk\/pood\/deky-a-prehozy\/fleecova-prikryvka-150x200-cm\/","name":"Fleecov\u00e1 prikr\u00fdvka 150x200 cm | AZTEX","isPartOf":{"@id":"https:\/\/aztex.ee\/sk\/#website"},"primaryImageOfPage":{"@id":"https:\/\/aztex.ee\/sk\/pood\/deky-a-prehozy\/fleecova-prikryvka-150x200-cm\/#primaryimage"},"image":{"@id":"https:\/\/aztex.ee\/sk\/pood\/deky-a-prehozy\/fleecova-prikryvka-150x200-cm\/#primaryimage"},"thumbnailUrl":"https:\/\/aztex.ee\/wp-content\/uploads\/2025\/02\/Sherpa-fliis-tekk-150x200-cm.jpg","datePublished":"2025-02-26T09:58:55+00:00","dateModified":"2026-02-01T16:43:46+00:00","description":"Ultra m\u00e4kk\u00e1 a tepl\u00e1 fleecov\u00e1 deka Sherpa s rozmermi 150 x 200 cm, ktor\u00e1 pon\u00faka maxim\u00e1lny komfort. Ide\u00e1lny spolo\u010dn\u00edk na chladnej\u0161ie ve\u010dery a relax.","breadcrumb":{"@id":"https:\/\/aztex.ee\/sk\/pood\/deky-a-prehozy\/fleecova-prikryvka-150x200-cm\/#breadcrumb"},"inLanguage":"sk-SK","potentialAction":[{"@type":"ReadAction","target":["https:\/\/aztex.ee\/sk\/pood\/deky-a-prehozy\/fleecova-prikryvka-150x200-cm\/"]}]},{"@type":"ImageObject","inLanguage":"sk-SK","@id":"https:\/\/aztex.ee\/sk\/pood\/deky-a-prehozy\/fleecova-prikryvka-150x200-cm\/#primaryimage","url":"https:\/\/aztex.ee\/wp-content\/uploads\/2025\/02\/Sherpa-fliis-tekk-150x200-cm.jpg","contentUrl":"https:\/\/aztex.ee\/wp-content\/uploads\/2025\/02\/Sherpa-fliis-tekk-150x200-cm.jpg","width":800,"height":800,"caption":"Sherpa fliis tekk 150x200 cm"},{"@type":"BreadcrumbList","@id":"https:\/\/aztex.ee\/sk\/pood\/deky-a-prehozy\/fleecova-prikryvka-150x200-cm\/#breadcrumb","itemListElement":[{"@type":"ListItem","position":1,"name":"Domov","item":"https:\/\/aztex.ee\/sk\/"},{"@type":"ListItem","position":2,"name":"Obchod","item":"https:\/\/aztex.ee\/sk\/obchod\/"},{"@type":"ListItem","position":3,"name":"Fleecov\u00e1 prikr\u00fdvka 150&#215;200 cm"}]},{"@type":"WebSite","@id":"https:\/\/aztex.ee\/sk\/#website","url":"https:\/\/aztex.ee\/sk\/","name":"AZTEX","description":"","publisher":{"@id":"https:\/\/aztex.ee\/sk\/#organization"},"potentialAction":[{"@type":"SearchAction","target":{"@type":"EntryPoint","urlTemplate":"https:\/\/aztex.ee\/sk\/?s={search_term_string}"},"query-input":{"@type":"PropertyValueSpecification","valueRequired":true,"valueName":"search_term_string"}}],"inLanguage":"sk-SK"},{"@type":"Organization","@id":"https:\/\/aztex.ee\/sk\/#organization","name":"AZTEX","url":"https:\/\/aztex.ee\/sk\/","logo":{"@type":"ImageObject","inLanguage":"sk-SK","@id":"https:\/\/aztex.ee\/sk\/#\/schema\/logo\/image\/","url":"https:\/\/aztex.ee\/wp-content\/uploads\/2026\/01\/AZTEX.png","contentUrl":"https:\/\/aztex.ee\/wp-content\/uploads\/2026\/01\/AZTEX.png","width":500,"height":500,"caption":"AZTEX"},"image":{"@id":"https:\/\/aztex.ee\/sk\/#\/schema\/logo\/image\/"},"sameAs":["https:\/\/www.facebook.com\/AztexEE","https:\/\/www.instagram.com\/aztexeesti\/","https:\/\/www.youtube.com\/@AZTEXEE","https:\/\/www.pinterest.com\/aztex_eesti\/","https:\/\/www.tiktok.com\/@aztexeesti","https:\/\/www.trustpilot.com\/review\/aztex.ee","https:\/\/www.linkedin.com\/company\/aztex-ee\/","https:\/\/www.wikidata.org\/wiki\/Q137560182"]}]}},"_links":{"self":[{"href":"https:\/\/aztex.ee\/sk\/wp-json\/wp\/v2\/product\/59907","targetHints":{"allow":["GET"]}}],"collection":[{"href":"https:\/\/aztex.ee\/sk\/wp-json\/wp\/v2\/product"}],"about":[{"href":"https:\/\/aztex.ee\/sk\/wp-json\/wp\/v2\/types\/product"}],"replies":[{"embeddable":true,"href":"https:\/\/aztex.ee\/sk\/wp-json\/wp\/v2\/comments?post=59907"}],"version-history":[{"count":0,"href":"https:\/\/aztex.ee\/sk\/wp-json\/wp\/v2\/product\/59907\/revisions"}],"wp:featuredmedia":[{"embeddable":true,"href":"https:\/\/aztex.ee\/sk\/wp-json\/wp\/v2\/media\/59970"}],"wp:attachment":[{"href":"https:\/\/aztex.ee\/sk\/wp-json\/wp\/v2\/media?parent=59907"}],"wp:term":[{"taxonomy":"product_brand","embeddable":true,"href":"https:\/\/aztex.ee\/sk\/wp-json\/wp\/v2\/product_brand?post=59907"},{"taxonomy":"product_cat","embeddable":true,"href":"https:\/\/aztex.ee\/sk\/wp-json\/wp\/v2\/product_cat?post=59907"},{"taxonomy":"product_tag","embeddable":true,"href":"https:\/\/aztex.ee\/sk\/wp-json\/wp\/v2\/product_tag?post=59907"}],"curies":[{"name":"wp","href":"https:\/\/api.w.org\/{rel}","templated":true}]}}