{"id":58732,"date":"2025-02-21T17:50:38","date_gmt":"2025-02-21T17:50:38","guid":{"rendered":"https:\/\/aztex.ee\/?post_type=product&#038;p=58732"},"modified":"2026-04-03T15:10:35","modified_gmt":"2026-04-03T15:10:35","slug":"pled","status":"publish","type":"product","link":"https:\/\/aztex.ee\/sk\/pood\/deky-a-prehozy\/pled\/","title":{"rendered":"Pl\u00e9d 130&#215;180 cm"},"content":{"rendered":"<p><strong>M\u00e4kk\u00fd a hrejiv\u00fd pl\u00e9d, ktor\u00fd poskytuje teplo a pohodlie kedyko\u013evek.<\/strong><\/p>\n<p>Kr\u00e1sny pl\u00e9d je navrhnut\u00fd tak, aby poskytoval teplo a pohodlie a z\u00e1rove\u0148 bol \u0161t\u00fdlov\u00fd a praktick\u00fd. Jeho kr\u00e1sna text\u00fara a farba z neho robia dokonal\u00fd doplnok do ka\u017edej miestnosti, ktor\u00fd dod\u00e1va teplo a \u00fatulnos\u0165. Ide\u00e1lna vo\u013eba pre relax\u00e1ciu po dlhom dni alebo zasp\u00e1vanie, aby ste sa c\u00edtili \u00faplne pohodlne.<\/p>\n<p><strong>V\u0161estrann\u00e9 vyu\u017eitie<\/strong><br \/>\nVe\u013ekos\u0165 a dizajn pl\u00e9du ho robia ide\u00e1lnym &#8211; \u010di u\u017e je cie\u013eom poskytn\u00fa\u0165 extra teplo po\u010das chladn\u00e9ho ve\u010dera alebo ozdobi\u0165 v\u00e1\u0161 domov. Pl\u00e9d pon\u00faka dokonal\u00fa rovnov\u00e1hu medzi pohodl\u00edm a \u0161t\u00fdlom, v\u010faka \u010domu bude ka\u017ed\u00e1 miestnos\u0165 e\u0161te pr\u00edjemnej\u0161ia.<\/p>\n<p><strong>Jednoduch\u00e1 starostlivos\u0165<\/strong><br \/>\nPrehoz sa \u013eahko a pohodlne star\u00e1, preto\u017ee ho mo\u017eno pra\u0165 v pr\u00e1\u010dke. Je ide\u00e1lny na ka\u017edodenn\u00e9 pou\u017eitie, je odoln\u00fd a \u013eahko sa udr\u017eiava.<\/p>\n<p><strong>\u0160t\u00fdlov\u00fd dizajn<\/strong><br \/>\nElegantn\u00fd a nad\u010dasov\u00fd dizajn rob\u00ed z pl\u00e9du vhodn\u00fd doplnok do ka\u017ed\u00e9ho interi\u00e9ru. Minimalistick\u00fd vzh\u013ead a jemn\u00e9 detaily vytv\u00e1raj\u00fa tepl\u00fa a pr\u00edjemn\u00fa atmosf\u00e9ru a dod\u00e1vaj\u00fa ka\u017edej miestnosti \u010fal\u0161\u00ed \u0161t\u00fdl. Tento prehoz vylep\u0161\u00ed v\u00e1\u0161 domov a dod\u00e1 teplo.<\/p>\n<p>\u010ci u\u017e ho pou\u017eijete sami alebo ho darujete, ide o praktick\u00fd a \u0161t\u00fdlov\u00fd doplnok, ktor\u00fd v\u00e1m spr\u00edjemn\u00ed ka\u017edodenn\u00fd \u017eivot. Tento prehoz je ide\u00e1lnou vo\u013ebou, ktor\u00e1 prinesie teplo, pohodlie a \u0161t\u00fdl do ka\u017ed\u00e9ho domova.<\/p>\n","protected":false},"excerpt":{"rendered":"<ul>\n<li>Materi\u00e1l: Akryl<\/li>\n<li>Ve\u013ekos\u0165: 130&#215;180 cm \u00b13<\/li>\n<li>Gram\u00e1\u017e: 0,560 kg<\/li>\n<\/ul>\n","protected":false},"featured_media":58815,"comment_status":"open","ping_status":"closed","template":"","meta":[],"product_brand":[],"product_cat":[1877,3487],"product_tag":[],"class_list":{"0":"post-58732","1":"product","2":"type-product","3":"status-publish","4":"has-post-thumbnail","6":"product_cat-deky-a-prehozy","7":"product_cat-pledy-sk","9":"first","10":"instock","11":"shipping-taxable","12":"purchasable","13":"product-type-variable"},"yoast_head":"<!-- This site is optimized with the Yoast SEO plugin v27.4 - https:\/\/yoast.com\/product\/yoast-seo-wordpress\/ -->\n<title>M\u00e4kk\u00fd pl\u00e9d | AZTEX<\/title>\n<meta name=\"description\" content=\"M\u00e4kk\u00fd a hrejiv\u00fd pl\u00e9d, ktor\u00fd dod\u00e1 pohodlie ka\u017ed\u00e9mu d\u0148u. Ide\u00e1lne na oddych, chladn\u00e9 ve\u010dery alebo chv\u00edle oddychu. | AZTEX Bytov\u00fd textil\" \/>\n<meta name=\"robots\" content=\"index, follow, max-snippet:-1, max-image-preview:large, max-video-preview:-1\" \/>\n<link rel=\"canonical\" href=\"https:\/\/aztex.ee\/sk\/pood\/deky-a-prehozy\/pled\/\" \/>\n<meta property=\"og:locale\" content=\"sk_SK\" \/>\n<meta property=\"og:type\" content=\"article\" \/>\n<meta property=\"og:title\" content=\"M\u00e4kk\u00fd pl\u00e9d | AZTEX\" \/>\n<meta property=\"og:description\" content=\"M\u00e4kk\u00fd a hrejiv\u00fd pl\u00e9d, ktor\u00fd dod\u00e1 pohodlie ka\u017ed\u00e9mu d\u0148u. Ide\u00e1lne na oddych, chladn\u00e9 ve\u010dery alebo chv\u00edle oddychu. | AZTEX Bytov\u00fd textil\" \/>\n<meta property=\"og:url\" content=\"https:\/\/aztex.ee\/sk\/pood\/deky-a-prehozy\/pled\/\" \/>\n<meta property=\"og:site_name\" content=\"AZTEX\" \/>\n<meta property=\"article:publisher\" content=\"https:\/\/www.facebook.com\/AztexEE\" \/>\n<meta property=\"article:modified_time\" content=\"2026-04-03T15:10:35+00:00\" \/>\n<meta property=\"og:image\" content=\"https:\/\/aztex.ee\/wp-content\/uploads\/2025\/02\/Pleed-130x180-cm-1.jpg\" \/>\n\t<meta property=\"og:image:width\" content=\"800\" \/>\n\t<meta property=\"og:image:height\" content=\"800\" \/>\n\t<meta property=\"og:image:type\" content=\"image\/jpeg\" \/>\n<meta name=\"twitter:card\" content=\"summary_large_image\" \/>\n<meta name=\"twitter:label1\" content=\"Predpokladan\u00fd \u010das \u010d\u00edtania\" \/>\n\t<meta name=\"twitter:data1\" content=\"2 min\u00faty\" \/>\n<script type=\"application\/ld+json\" class=\"yoast-schema-graph\">{\"@context\":\"https:\\\/\\\/schema.org\",\"@graph\":[{\"@type\":[\"WebPage\",\"ItemPage\"],\"@id\":\"https:\\\/\\\/aztex.ee\\\/sk\\\/pood\\\/deky-a-prehozy\\\/pled\\\/\",\"url\":\"https:\\\/\\\/aztex.ee\\\/sk\\\/pood\\\/deky-a-prehozy\\\/pled\\\/\",\"name\":\"M\u00e4kk\u00fd pl\u00e9d | AZTEX\",\"isPartOf\":{\"@id\":\"https:\\\/\\\/aztex.ee\\\/sk\\\/#website\"},\"primaryImageOfPage\":{\"@id\":\"https:\\\/\\\/aztex.ee\\\/sk\\\/pood\\\/deky-a-prehozy\\\/pled\\\/#primaryimage\"},\"image\":{\"@id\":\"https:\\\/\\\/aztex.ee\\\/sk\\\/pood\\\/deky-a-prehozy\\\/pled\\\/#primaryimage\"},\"thumbnailUrl\":\"https:\\\/\\\/aztex.ee\\\/wp-content\\\/uploads\\\/2025\\\/02\\\/Pleed-130x180-cm-1.jpg\",\"datePublished\":\"2025-02-21T17:50:38+00:00\",\"dateModified\":\"2026-04-03T15:10:35+00:00\",\"description\":\"M\u00e4kk\u00fd a hrejiv\u00fd pl\u00e9d, ktor\u00fd dod\u00e1 pohodlie ka\u017ed\u00e9mu d\u0148u. Ide\u00e1lne na oddych, chladn\u00e9 ve\u010dery alebo chv\u00edle oddychu. | AZTEX Bytov\u00fd textil\",\"breadcrumb\":{\"@id\":\"https:\\\/\\\/aztex.ee\\\/sk\\\/pood\\\/deky-a-prehozy\\\/pled\\\/#breadcrumb\"},\"inLanguage\":\"sk-SK\",\"potentialAction\":[{\"@type\":\"ReadAction\",\"target\":[\"https:\\\/\\\/aztex.ee\\\/sk\\\/pood\\\/deky-a-prehozy\\\/pled\\\/\"]}]},{\"@type\":\"ImageObject\",\"inLanguage\":\"sk-SK\",\"@id\":\"https:\\\/\\\/aztex.ee\\\/sk\\\/pood\\\/deky-a-prehozy\\\/pled\\\/#primaryimage\",\"url\":\"https:\\\/\\\/aztex.ee\\\/wp-content\\\/uploads\\\/2025\\\/02\\\/Pleed-130x180-cm-1.jpg\",\"contentUrl\":\"https:\\\/\\\/aztex.ee\\\/wp-content\\\/uploads\\\/2025\\\/02\\\/Pleed-130x180-cm-1.jpg\",\"width\":800,\"height\":800,\"caption\":\"Pleed 130x180 cm\"},{\"@type\":\"BreadcrumbList\",\"@id\":\"https:\\\/\\\/aztex.ee\\\/sk\\\/pood\\\/deky-a-prehozy\\\/pled\\\/#breadcrumb\",\"itemListElement\":[{\"@type\":\"ListItem\",\"position\":1,\"name\":\"Domov\",\"item\":\"https:\\\/\\\/aztex.ee\\\/sk\\\/\"},{\"@type\":\"ListItem\",\"position\":2,\"name\":\"Obchod\",\"item\":\"https:\\\/\\\/aztex.ee\\\/sk\\\/obchod\\\/\"},{\"@type\":\"ListItem\",\"position\":3,\"name\":\"Pl\u00e9d 130&#215;180 cm\"}]},{\"@type\":\"WebSite\",\"@id\":\"https:\\\/\\\/aztex.ee\\\/sk\\\/#website\",\"url\":\"https:\\\/\\\/aztex.ee\\\/sk\\\/\",\"name\":\"AZTEX\",\"description\":\"\",\"publisher\":{\"@id\":\"https:\\\/\\\/aztex.ee\\\/sk\\\/#organization\"},\"potentialAction\":[{\"@type\":\"SearchAction\",\"target\":{\"@type\":\"EntryPoint\",\"urlTemplate\":\"https:\\\/\\\/aztex.ee\\\/sk\\\/?s={search_term_string}\"},\"query-input\":{\"@type\":\"PropertyValueSpecification\",\"valueRequired\":true,\"valueName\":\"search_term_string\"}}],\"inLanguage\":\"sk-SK\"},{\"@type\":\"Organization\",\"@id\":\"https:\\\/\\\/aztex.ee\\\/sk\\\/#organization\",\"name\":\"AZTEX\",\"url\":\"https:\\\/\\\/aztex.ee\\\/sk\\\/\",\"logo\":{\"@type\":\"ImageObject\",\"inLanguage\":\"sk-SK\",\"@id\":\"https:\\\/\\\/aztex.ee\\\/sk\\\/#\\\/schema\\\/logo\\\/image\\\/\",\"url\":\"https:\\\/\\\/aztex.ee\\\/wp-content\\\/uploads\\\/2026\\\/01\\\/AZTEX.png\",\"contentUrl\":\"https:\\\/\\\/aztex.ee\\\/wp-content\\\/uploads\\\/2026\\\/01\\\/AZTEX.png\",\"width\":500,\"height\":500,\"caption\":\"AZTEX\"},\"image\":{\"@id\":\"https:\\\/\\\/aztex.ee\\\/sk\\\/#\\\/schema\\\/logo\\\/image\\\/\"},\"sameAs\":[\"https:\\\/\\\/www.facebook.com\\\/AztexEE\",\"https:\\\/\\\/www.instagram.com\\\/aztexeesti\\\/\",\"https:\\\/\\\/www.youtube.com\\\/@AZTEXEE\",\"https:\\\/\\\/www.pinterest.com\\\/aztex_eesti\\\/\",\"https:\\\/\\\/www.tiktok.com\\\/@aztexeesti\",\"https:\\\/\\\/www.trustpilot.com\\\/review\\\/aztex.ee\",\"https:\\\/\\\/www.linkedin.com\\\/company\\\/aztex-ee\\\/\",\"https:\\\/\\\/www.wikidata.org\\\/wiki\\\/Q137560182\"]}]}<\/script>\n<!-- \/ Yoast SEO plugin. -->","yoast_head_json":{"title":"M\u00e4kk\u00fd pl\u00e9d | AZTEX","description":"M\u00e4kk\u00fd a hrejiv\u00fd pl\u00e9d, ktor\u00fd dod\u00e1 pohodlie ka\u017ed\u00e9mu d\u0148u. Ide\u00e1lne na oddych, chladn\u00e9 ve\u010dery alebo chv\u00edle oddychu. | AZTEX Bytov\u00fd textil","robots":{"index":"index","follow":"follow","max-snippet":"max-snippet:-1","max-image-preview":"max-image-preview:large","max-video-preview":"max-video-preview:-1"},"canonical":"https:\/\/aztex.ee\/sk\/pood\/deky-a-prehozy\/pled\/","og_locale":"sk_SK","og_type":"article","og_title":"M\u00e4kk\u00fd pl\u00e9d | AZTEX","og_description":"M\u00e4kk\u00fd a hrejiv\u00fd pl\u00e9d, ktor\u00fd dod\u00e1 pohodlie ka\u017ed\u00e9mu d\u0148u. Ide\u00e1lne na oddych, chladn\u00e9 ve\u010dery alebo chv\u00edle oddychu. | AZTEX Bytov\u00fd textil","og_url":"https:\/\/aztex.ee\/sk\/pood\/deky-a-prehozy\/pled\/","og_site_name":"AZTEX","article_publisher":"https:\/\/www.facebook.com\/AztexEE","article_modified_time":"2026-04-03T15:10:35+00:00","og_image":[{"width":800,"height":800,"url":"https:\/\/aztex.ee\/wp-content\/uploads\/2025\/02\/Pleed-130x180-cm-1.jpg","type":"image\/jpeg"}],"twitter_card":"summary_large_image","twitter_misc":{"Predpokladan\u00fd \u010das \u010d\u00edtania":"2 min\u00faty"},"schema":{"@context":"https:\/\/schema.org","@graph":[{"@type":["WebPage","ItemPage"],"@id":"https:\/\/aztex.ee\/sk\/pood\/deky-a-prehozy\/pled\/","url":"https:\/\/aztex.ee\/sk\/pood\/deky-a-prehozy\/pled\/","name":"M\u00e4kk\u00fd pl\u00e9d | AZTEX","isPartOf":{"@id":"https:\/\/aztex.ee\/sk\/#website"},"primaryImageOfPage":{"@id":"https:\/\/aztex.ee\/sk\/pood\/deky-a-prehozy\/pled\/#primaryimage"},"image":{"@id":"https:\/\/aztex.ee\/sk\/pood\/deky-a-prehozy\/pled\/#primaryimage"},"thumbnailUrl":"https:\/\/aztex.ee\/wp-content\/uploads\/2025\/02\/Pleed-130x180-cm-1.jpg","datePublished":"2025-02-21T17:50:38+00:00","dateModified":"2026-04-03T15:10:35+00:00","description":"M\u00e4kk\u00fd a hrejiv\u00fd pl\u00e9d, ktor\u00fd dod\u00e1 pohodlie ka\u017ed\u00e9mu d\u0148u. Ide\u00e1lne na oddych, chladn\u00e9 ve\u010dery alebo chv\u00edle oddychu. | AZTEX Bytov\u00fd textil","breadcrumb":{"@id":"https:\/\/aztex.ee\/sk\/pood\/deky-a-prehozy\/pled\/#breadcrumb"},"inLanguage":"sk-SK","potentialAction":[{"@type":"ReadAction","target":["https:\/\/aztex.ee\/sk\/pood\/deky-a-prehozy\/pled\/"]}]},{"@type":"ImageObject","inLanguage":"sk-SK","@id":"https:\/\/aztex.ee\/sk\/pood\/deky-a-prehozy\/pled\/#primaryimage","url":"https:\/\/aztex.ee\/wp-content\/uploads\/2025\/02\/Pleed-130x180-cm-1.jpg","contentUrl":"https:\/\/aztex.ee\/wp-content\/uploads\/2025\/02\/Pleed-130x180-cm-1.jpg","width":800,"height":800,"caption":"Pleed 130x180 cm"},{"@type":"BreadcrumbList","@id":"https:\/\/aztex.ee\/sk\/pood\/deky-a-prehozy\/pled\/#breadcrumb","itemListElement":[{"@type":"ListItem","position":1,"name":"Domov","item":"https:\/\/aztex.ee\/sk\/"},{"@type":"ListItem","position":2,"name":"Obchod","item":"https:\/\/aztex.ee\/sk\/obchod\/"},{"@type":"ListItem","position":3,"name":"Pl\u00e9d 130&#215;180 cm"}]},{"@type":"WebSite","@id":"https:\/\/aztex.ee\/sk\/#website","url":"https:\/\/aztex.ee\/sk\/","name":"AZTEX","description":"","publisher":{"@id":"https:\/\/aztex.ee\/sk\/#organization"},"potentialAction":[{"@type":"SearchAction","target":{"@type":"EntryPoint","urlTemplate":"https:\/\/aztex.ee\/sk\/?s={search_term_string}"},"query-input":{"@type":"PropertyValueSpecification","valueRequired":true,"valueName":"search_term_string"}}],"inLanguage":"sk-SK"},{"@type":"Organization","@id":"https:\/\/aztex.ee\/sk\/#organization","name":"AZTEX","url":"https:\/\/aztex.ee\/sk\/","logo":{"@type":"ImageObject","inLanguage":"sk-SK","@id":"https:\/\/aztex.ee\/sk\/#\/schema\/logo\/image\/","url":"https:\/\/aztex.ee\/wp-content\/uploads\/2026\/01\/AZTEX.png","contentUrl":"https:\/\/aztex.ee\/wp-content\/uploads\/2026\/01\/AZTEX.png","width":500,"height":500,"caption":"AZTEX"},"image":{"@id":"https:\/\/aztex.ee\/sk\/#\/schema\/logo\/image\/"},"sameAs":["https:\/\/www.facebook.com\/AztexEE","https:\/\/www.instagram.com\/aztexeesti\/","https:\/\/www.youtube.com\/@AZTEXEE","https:\/\/www.pinterest.com\/aztex_eesti\/","https:\/\/www.tiktok.com\/@aztexeesti","https:\/\/www.trustpilot.com\/review\/aztex.ee","https:\/\/www.linkedin.com\/company\/aztex-ee\/","https:\/\/www.wikidata.org\/wiki\/Q137560182"]}]}},"_links":{"self":[{"href":"https:\/\/aztex.ee\/sk\/wp-json\/wp\/v2\/product\/58732","targetHints":{"allow":["GET"]}}],"collection":[{"href":"https:\/\/aztex.ee\/sk\/wp-json\/wp\/v2\/product"}],"about":[{"href":"https:\/\/aztex.ee\/sk\/wp-json\/wp\/v2\/types\/product"}],"replies":[{"embeddable":true,"href":"https:\/\/aztex.ee\/sk\/wp-json\/wp\/v2\/comments?post=58732"}],"version-history":[{"count":0,"href":"https:\/\/aztex.ee\/sk\/wp-json\/wp\/v2\/product\/58732\/revisions"}],"wp:featuredmedia":[{"embeddable":true,"href":"https:\/\/aztex.ee\/sk\/wp-json\/wp\/v2\/media\/58815"}],"wp:attachment":[{"href":"https:\/\/aztex.ee\/sk\/wp-json\/wp\/v2\/media?parent=58732"}],"wp:term":[{"taxonomy":"product_brand","embeddable":true,"href":"https:\/\/aztex.ee\/sk\/wp-json\/wp\/v2\/product_brand?post=58732"},{"taxonomy":"product_cat","embeddable":true,"href":"https:\/\/aztex.ee\/sk\/wp-json\/wp\/v2\/product_cat?post=58732"},{"taxonomy":"product_tag","embeddable":true,"href":"https:\/\/aztex.ee\/sk\/wp-json\/wp\/v2\/product_tag?post=58732"}],"curies":[{"name":"wp","href":"https:\/\/api.w.org\/{rel}","templated":true}]}}