{"id":57348,"date":"2025-02-18T09:05:31","date_gmt":"2025-02-18T09:05:31","guid":{"rendered":"https:\/\/aztex.ee\/?post_type=product&#038;p=57348"},"modified":"2026-04-07T12:51:25","modified_gmt":"2026-04-07T12:51:25","slug":"pled-130x180-cm","status":"publish","type":"product","link":"https:\/\/aztex.ee\/sk\/pood\/deky-a-prehozy\/pled-130x180-cm\/","title":{"rendered":"Pl\u00e9d 130&#215;180 cm"},"content":{"rendered":"<p><strong>M\u00e4kk\u00fd a \u0161t\u00fdlov\u00fd pl\u00e9d pre ka\u017ed\u00fa chv\u00ed\u013eu<\/strong><\/p>\n<p>Kvalitn\u00fd pl\u00e9d poskytuje teplo a pohodlie v ka\u017edej situ\u00e1cii. Je dokonal\u00fdm spolo\u010dn\u00edkom na chladn\u00e9 ve\u010dery, poskytuje pr\u00edjemn\u00fa m\u00e4kkos\u0165 ako pri \u010d\u00edtan\u00ed knihy na pohovke, tak pri vychutn\u00e1van\u00ed si \u010derstv\u00e9ho vzduchu na terase. V\u010faka svojmu \u0161t\u00fdlov\u00e9mu dizajnu sa hod\u00ed do ka\u017ed\u00e9ho interi\u00e9ru a miestnosti dod\u00e1 \u00fatulnos\u0165 a eleganciu.<\/p>\n<p><strong>Pr\u00edjemn\u00fd a kvalitn\u00fd materi\u00e1l<\/strong><br \/>\nPl\u00e9d je vyroben\u00fd z m\u00e4kk\u00e9ho a odoln\u00e9ho materi\u00e1lu, ktor\u00fd je jemn\u00fd a pr\u00edjemn\u00fd na poko\u017eke. Udr\u017euje telo dostato\u010dne v teple, ale nie je pr\u00edli\u0161 \u0165a\u017ek\u00e9 alebo hor\u00face. \u013dahk\u00e1, ale hust\u00e1 a kvalitn\u00e1 tkanina zais\u0165uje maxim\u00e1lne pohodlie. Vhodn\u00e9 na pou\u017eitie v ka\u017edom ro\u010dnom obdob\u00ed &#8211; poskytuje teplo po\u010das chladn\u00fdch zimn\u00fdch ve\u010derov a je ide\u00e1lne na posedenie vonku po\u010das chladnej\u0161ieho letn\u00e9ho ve\u010dera.<\/p>\n<p><strong>Vhodn\u00e9 do ka\u017ed\u00e9ho interi\u00e9ru<\/strong><br \/>\nNad\u010dasov\u00fd dizajn a kr\u00e1sne farebn\u00e9 odtiene robia z tohto pl\u00e9du ide\u00e1lnu vo\u013ebu do ka\u017edej dom\u00e1cnosti. Umiestnite ho na pohovku, poste\u013e alebo kreslo, aby ste miestnosti dodali charakter a \u00fatuln\u00fa n\u00e1ladu. V\u010faka svojmu elegantn\u00e9mu vzh\u013eadu sa pl\u00e9d hod\u00ed do modern\u00e9ho aj klasick\u00e9ho interi\u00e9ru a je praktick\u00fdm aj dekorat\u00edvnym prvkom.<\/p>\n<p><strong>Jednoduch\u00e1 starostlivos\u0165 a odoln\u00e1<\/strong><br \/>\nPl\u00e9d je nen\u00e1ro\u010dn\u00fd na \u00fadr\u017ebu, tak\u017ee zostane m\u00e4kk\u00fd a kr\u00e1sny po dlh\u00fa dobu. Odoln\u00e9 materi\u00e1ly a kvalitn\u00e9 spracovanie zais\u0165uj\u00fa, \u017ee si zachov\u00e1 svoj tvar a farbu aj po nieko\u013ek\u00fdch praniach. V\u010faka r\u00fdchloschn\u00facej tkanine, ktor\u00fa mo\u017eno pra\u0165 v pr\u00e1\u010dke, je pohodln\u00e9 a bezstarostn\u00e9 pre ka\u017edodenn\u00e9 pou\u017eitie.<\/p>\n<p>Vneste do svojho domova viac tepla a pohodlia s t\u00fdmto kr\u00e1snym, praktick\u00fdm a odoln\u00fdm pl\u00e9dom &#8211; u\u017e\u00edvajte si ka\u017edodenn\u00fd luxus ka\u017ed\u00fa chv\u00ed\u013eu!<\/p>\n","protected":false},"excerpt":{"rendered":"<ul>\n<li>Materi\u00e1l: Akryl<\/li>\n<li>Ve\u013ekos\u0165: 130&#215;180 cm \u00b13<\/li>\n<li>Gram\u00e1\u017e: 0,520 kg<\/li>\n<\/ul>\n","protected":false},"featured_media":57411,"comment_status":"open","ping_status":"closed","template":"","meta":[],"product_brand":[],"product_cat":[1877,3487],"product_tag":[],"class_list":{"0":"post-57348","1":"product","2":"type-product","3":"status-publish","4":"has-post-thumbnail","6":"product_cat-deky-a-prehozy","7":"product_cat-pledy-sk","9":"first","10":"instock","11":"shipping-taxable","12":"purchasable","13":"product-type-variable"},"yoast_head":"<!-- This site is optimized with the Yoast SEO plugin v27.4 - https:\/\/yoast.com\/product\/yoast-seo-wordpress\/ -->\n<title>Pl\u00e9d 130x180 cm | AZTEX<\/title>\n<meta name=\"description\" content=\"\u00datuln\u00fd a m\u00e4kk\u00fd pl\u00e9d prin\u00e1\u0161a teplo do ka\u017ed\u00e9ho domova. Dokonal\u00fd spolo\u010dn\u00edk na chladn\u00e9 ve\u010dery \u2013 vychutnajte si pohodlie a \u0161t\u00fdl!\" \/>\n<meta name=\"robots\" content=\"index, follow, max-snippet:-1, max-image-preview:large, max-video-preview:-1\" \/>\n<link rel=\"canonical\" href=\"https:\/\/aztex.ee\/sk\/pood\/deky-a-prehozy\/pled-130x180-cm\/\" \/>\n<meta property=\"og:locale\" content=\"sk_SK\" \/>\n<meta property=\"og:type\" content=\"article\" \/>\n<meta property=\"og:title\" content=\"Pl\u00e9d 130x180 cm | AZTEX\" \/>\n<meta property=\"og:description\" content=\"\u00datuln\u00fd a m\u00e4kk\u00fd pl\u00e9d prin\u00e1\u0161a teplo do ka\u017ed\u00e9ho domova. Dokonal\u00fd spolo\u010dn\u00edk na chladn\u00e9 ve\u010dery \u2013 vychutnajte si pohodlie a \u0161t\u00fdl!\" \/>\n<meta property=\"og:url\" content=\"https:\/\/aztex.ee\/sk\/pood\/deky-a-prehozy\/pled-130x180-cm\/\" \/>\n<meta property=\"og:site_name\" content=\"AZTEX\" \/>\n<meta property=\"article:publisher\" content=\"https:\/\/www.facebook.com\/AztexEE\" \/>\n<meta property=\"article:modified_time\" content=\"2026-04-07T12:51:25+00:00\" \/>\n<meta property=\"og:image\" content=\"https:\/\/aztex.ee\/wp-content\/uploads\/2025\/02\/Pleed-130x180-cm.jpg\" \/>\n\t<meta property=\"og:image:width\" content=\"800\" \/>\n\t<meta property=\"og:image:height\" content=\"800\" \/>\n\t<meta property=\"og:image:type\" content=\"image\/jpeg\" \/>\n<meta name=\"twitter:card\" content=\"summary_large_image\" \/>\n<meta name=\"twitter:label1\" content=\"Predpokladan\u00fd \u010das \u010d\u00edtania\" \/>\n\t<meta name=\"twitter:data1\" content=\"2 min\u00faty\" \/>\n<script type=\"application\/ld+json\" class=\"yoast-schema-graph\">{\"@context\":\"https:\\\/\\\/schema.org\",\"@graph\":[{\"@type\":[\"WebPage\",\"ItemPage\"],\"@id\":\"https:\\\/\\\/aztex.ee\\\/sk\\\/pood\\\/deky-a-prehozy\\\/pled-130x180-cm\\\/\",\"url\":\"https:\\\/\\\/aztex.ee\\\/sk\\\/pood\\\/deky-a-prehozy\\\/pled-130x180-cm\\\/\",\"name\":\"Pl\u00e9d 130x180 cm | AZTEX\",\"isPartOf\":{\"@id\":\"https:\\\/\\\/aztex.ee\\\/sk\\\/#website\"},\"primaryImageOfPage\":{\"@id\":\"https:\\\/\\\/aztex.ee\\\/sk\\\/pood\\\/deky-a-prehozy\\\/pled-130x180-cm\\\/#primaryimage\"},\"image\":{\"@id\":\"https:\\\/\\\/aztex.ee\\\/sk\\\/pood\\\/deky-a-prehozy\\\/pled-130x180-cm\\\/#primaryimage\"},\"thumbnailUrl\":\"https:\\\/\\\/aztex.ee\\\/wp-content\\\/uploads\\\/2025\\\/02\\\/Pleed-130x180-cm.jpg\",\"datePublished\":\"2025-02-18T09:05:31+00:00\",\"dateModified\":\"2026-04-07T12:51:25+00:00\",\"description\":\"\u00datuln\u00fd a m\u00e4kk\u00fd pl\u00e9d prin\u00e1\u0161a teplo do ka\u017ed\u00e9ho domova. Dokonal\u00fd spolo\u010dn\u00edk na chladn\u00e9 ve\u010dery \u2013 vychutnajte si pohodlie a \u0161t\u00fdl!\",\"breadcrumb\":{\"@id\":\"https:\\\/\\\/aztex.ee\\\/sk\\\/pood\\\/deky-a-prehozy\\\/pled-130x180-cm\\\/#breadcrumb\"},\"inLanguage\":\"sk-SK\",\"potentialAction\":[{\"@type\":\"ReadAction\",\"target\":[\"https:\\\/\\\/aztex.ee\\\/sk\\\/pood\\\/deky-a-prehozy\\\/pled-130x180-cm\\\/\"]}]},{\"@type\":\"ImageObject\",\"inLanguage\":\"sk-SK\",\"@id\":\"https:\\\/\\\/aztex.ee\\\/sk\\\/pood\\\/deky-a-prehozy\\\/pled-130x180-cm\\\/#primaryimage\",\"url\":\"https:\\\/\\\/aztex.ee\\\/wp-content\\\/uploads\\\/2025\\\/02\\\/Pleed-130x180-cm.jpg\",\"contentUrl\":\"https:\\\/\\\/aztex.ee\\\/wp-content\\\/uploads\\\/2025\\\/02\\\/Pleed-130x180-cm.jpg\",\"width\":800,\"height\":800,\"caption\":\"Pleed 130x180 cm\"},{\"@type\":\"BreadcrumbList\",\"@id\":\"https:\\\/\\\/aztex.ee\\\/sk\\\/pood\\\/deky-a-prehozy\\\/pled-130x180-cm\\\/#breadcrumb\",\"itemListElement\":[{\"@type\":\"ListItem\",\"position\":1,\"name\":\"Domov\",\"item\":\"https:\\\/\\\/aztex.ee\\\/sk\\\/\"},{\"@type\":\"ListItem\",\"position\":2,\"name\":\"Obchod\",\"item\":\"https:\\\/\\\/aztex.ee\\\/sk\\\/obchod\\\/\"},{\"@type\":\"ListItem\",\"position\":3,\"name\":\"Pl\u00e9d 130&#215;180 cm\"}]},{\"@type\":\"WebSite\",\"@id\":\"https:\\\/\\\/aztex.ee\\\/sk\\\/#website\",\"url\":\"https:\\\/\\\/aztex.ee\\\/sk\\\/\",\"name\":\"AZTEX\",\"description\":\"\",\"publisher\":{\"@id\":\"https:\\\/\\\/aztex.ee\\\/sk\\\/#organization\"},\"potentialAction\":[{\"@type\":\"SearchAction\",\"target\":{\"@type\":\"EntryPoint\",\"urlTemplate\":\"https:\\\/\\\/aztex.ee\\\/sk\\\/?s={search_term_string}\"},\"query-input\":{\"@type\":\"PropertyValueSpecification\",\"valueRequired\":true,\"valueName\":\"search_term_string\"}}],\"inLanguage\":\"sk-SK\"},{\"@type\":\"Organization\",\"@id\":\"https:\\\/\\\/aztex.ee\\\/sk\\\/#organization\",\"name\":\"AZTEX\",\"url\":\"https:\\\/\\\/aztex.ee\\\/sk\\\/\",\"logo\":{\"@type\":\"ImageObject\",\"inLanguage\":\"sk-SK\",\"@id\":\"https:\\\/\\\/aztex.ee\\\/sk\\\/#\\\/schema\\\/logo\\\/image\\\/\",\"url\":\"https:\\\/\\\/aztex.ee\\\/wp-content\\\/uploads\\\/2026\\\/01\\\/AZTEX.png\",\"contentUrl\":\"https:\\\/\\\/aztex.ee\\\/wp-content\\\/uploads\\\/2026\\\/01\\\/AZTEX.png\",\"width\":500,\"height\":500,\"caption\":\"AZTEX\"},\"image\":{\"@id\":\"https:\\\/\\\/aztex.ee\\\/sk\\\/#\\\/schema\\\/logo\\\/image\\\/\"},\"sameAs\":[\"https:\\\/\\\/www.facebook.com\\\/AztexEE\",\"https:\\\/\\\/www.instagram.com\\\/aztexeesti\\\/\",\"https:\\\/\\\/www.youtube.com\\\/@AZTEXEE\",\"https:\\\/\\\/www.pinterest.com\\\/aztex_eesti\\\/\",\"https:\\\/\\\/www.tiktok.com\\\/@aztexeesti\",\"https:\\\/\\\/www.trustpilot.com\\\/review\\\/aztex.ee\",\"https:\\\/\\\/www.linkedin.com\\\/company\\\/aztex-ee\\\/\",\"https:\\\/\\\/www.wikidata.org\\\/wiki\\\/Q137560182\"]}]}<\/script>\n<!-- \/ Yoast SEO plugin. -->","yoast_head_json":{"title":"Pl\u00e9d 130x180 cm | AZTEX","description":"\u00datuln\u00fd a m\u00e4kk\u00fd pl\u00e9d prin\u00e1\u0161a teplo do ka\u017ed\u00e9ho domova. Dokonal\u00fd spolo\u010dn\u00edk na chladn\u00e9 ve\u010dery \u2013 vychutnajte si pohodlie a \u0161t\u00fdl!","robots":{"index":"index","follow":"follow","max-snippet":"max-snippet:-1","max-image-preview":"max-image-preview:large","max-video-preview":"max-video-preview:-1"},"canonical":"https:\/\/aztex.ee\/sk\/pood\/deky-a-prehozy\/pled-130x180-cm\/","og_locale":"sk_SK","og_type":"article","og_title":"Pl\u00e9d 130x180 cm | AZTEX","og_description":"\u00datuln\u00fd a m\u00e4kk\u00fd pl\u00e9d prin\u00e1\u0161a teplo do ka\u017ed\u00e9ho domova. Dokonal\u00fd spolo\u010dn\u00edk na chladn\u00e9 ve\u010dery \u2013 vychutnajte si pohodlie a \u0161t\u00fdl!","og_url":"https:\/\/aztex.ee\/sk\/pood\/deky-a-prehozy\/pled-130x180-cm\/","og_site_name":"AZTEX","article_publisher":"https:\/\/www.facebook.com\/AztexEE","article_modified_time":"2026-04-07T12:51:25+00:00","og_image":[{"width":800,"height":800,"url":"https:\/\/aztex.ee\/wp-content\/uploads\/2025\/02\/Pleed-130x180-cm.jpg","type":"image\/jpeg"}],"twitter_card":"summary_large_image","twitter_misc":{"Predpokladan\u00fd \u010das \u010d\u00edtania":"2 min\u00faty"},"schema":{"@context":"https:\/\/schema.org","@graph":[{"@type":["WebPage","ItemPage"],"@id":"https:\/\/aztex.ee\/sk\/pood\/deky-a-prehozy\/pled-130x180-cm\/","url":"https:\/\/aztex.ee\/sk\/pood\/deky-a-prehozy\/pled-130x180-cm\/","name":"Pl\u00e9d 130x180 cm | AZTEX","isPartOf":{"@id":"https:\/\/aztex.ee\/sk\/#website"},"primaryImageOfPage":{"@id":"https:\/\/aztex.ee\/sk\/pood\/deky-a-prehozy\/pled-130x180-cm\/#primaryimage"},"image":{"@id":"https:\/\/aztex.ee\/sk\/pood\/deky-a-prehozy\/pled-130x180-cm\/#primaryimage"},"thumbnailUrl":"https:\/\/aztex.ee\/wp-content\/uploads\/2025\/02\/Pleed-130x180-cm.jpg","datePublished":"2025-02-18T09:05:31+00:00","dateModified":"2026-04-07T12:51:25+00:00","description":"\u00datuln\u00fd a m\u00e4kk\u00fd pl\u00e9d prin\u00e1\u0161a teplo do ka\u017ed\u00e9ho domova. Dokonal\u00fd spolo\u010dn\u00edk na chladn\u00e9 ve\u010dery \u2013 vychutnajte si pohodlie a \u0161t\u00fdl!","breadcrumb":{"@id":"https:\/\/aztex.ee\/sk\/pood\/deky-a-prehozy\/pled-130x180-cm\/#breadcrumb"},"inLanguage":"sk-SK","potentialAction":[{"@type":"ReadAction","target":["https:\/\/aztex.ee\/sk\/pood\/deky-a-prehozy\/pled-130x180-cm\/"]}]},{"@type":"ImageObject","inLanguage":"sk-SK","@id":"https:\/\/aztex.ee\/sk\/pood\/deky-a-prehozy\/pled-130x180-cm\/#primaryimage","url":"https:\/\/aztex.ee\/wp-content\/uploads\/2025\/02\/Pleed-130x180-cm.jpg","contentUrl":"https:\/\/aztex.ee\/wp-content\/uploads\/2025\/02\/Pleed-130x180-cm.jpg","width":800,"height":800,"caption":"Pleed 130x180 cm"},{"@type":"BreadcrumbList","@id":"https:\/\/aztex.ee\/sk\/pood\/deky-a-prehozy\/pled-130x180-cm\/#breadcrumb","itemListElement":[{"@type":"ListItem","position":1,"name":"Domov","item":"https:\/\/aztex.ee\/sk\/"},{"@type":"ListItem","position":2,"name":"Obchod","item":"https:\/\/aztex.ee\/sk\/obchod\/"},{"@type":"ListItem","position":3,"name":"Pl\u00e9d 130&#215;180 cm"}]},{"@type":"WebSite","@id":"https:\/\/aztex.ee\/sk\/#website","url":"https:\/\/aztex.ee\/sk\/","name":"AZTEX","description":"","publisher":{"@id":"https:\/\/aztex.ee\/sk\/#organization"},"potentialAction":[{"@type":"SearchAction","target":{"@type":"EntryPoint","urlTemplate":"https:\/\/aztex.ee\/sk\/?s={search_term_string}"},"query-input":{"@type":"PropertyValueSpecification","valueRequired":true,"valueName":"search_term_string"}}],"inLanguage":"sk-SK"},{"@type":"Organization","@id":"https:\/\/aztex.ee\/sk\/#organization","name":"AZTEX","url":"https:\/\/aztex.ee\/sk\/","logo":{"@type":"ImageObject","inLanguage":"sk-SK","@id":"https:\/\/aztex.ee\/sk\/#\/schema\/logo\/image\/","url":"https:\/\/aztex.ee\/wp-content\/uploads\/2026\/01\/AZTEX.png","contentUrl":"https:\/\/aztex.ee\/wp-content\/uploads\/2026\/01\/AZTEX.png","width":500,"height":500,"caption":"AZTEX"},"image":{"@id":"https:\/\/aztex.ee\/sk\/#\/schema\/logo\/image\/"},"sameAs":["https:\/\/www.facebook.com\/AztexEE","https:\/\/www.instagram.com\/aztexeesti\/","https:\/\/www.youtube.com\/@AZTEXEE","https:\/\/www.pinterest.com\/aztex_eesti\/","https:\/\/www.tiktok.com\/@aztexeesti","https:\/\/www.trustpilot.com\/review\/aztex.ee","https:\/\/www.linkedin.com\/company\/aztex-ee\/","https:\/\/www.wikidata.org\/wiki\/Q137560182"]}]}},"_links":{"self":[{"href":"https:\/\/aztex.ee\/sk\/wp-json\/wp\/v2\/product\/57348","targetHints":{"allow":["GET"]}}],"collection":[{"href":"https:\/\/aztex.ee\/sk\/wp-json\/wp\/v2\/product"}],"about":[{"href":"https:\/\/aztex.ee\/sk\/wp-json\/wp\/v2\/types\/product"}],"replies":[{"embeddable":true,"href":"https:\/\/aztex.ee\/sk\/wp-json\/wp\/v2\/comments?post=57348"}],"version-history":[{"count":0,"href":"https:\/\/aztex.ee\/sk\/wp-json\/wp\/v2\/product\/57348\/revisions"}],"wp:featuredmedia":[{"embeddable":true,"href":"https:\/\/aztex.ee\/sk\/wp-json\/wp\/v2\/media\/57411"}],"wp:attachment":[{"href":"https:\/\/aztex.ee\/sk\/wp-json\/wp\/v2\/media?parent=57348"}],"wp:term":[{"taxonomy":"product_brand","embeddable":true,"href":"https:\/\/aztex.ee\/sk\/wp-json\/wp\/v2\/product_brand?post=57348"},{"taxonomy":"product_cat","embeddable":true,"href":"https:\/\/aztex.ee\/sk\/wp-json\/wp\/v2\/product_cat?post=57348"},{"taxonomy":"product_tag","embeddable":true,"href":"https:\/\/aztex.ee\/sk\/wp-json\/wp\/v2\/product_tag?post=57348"}],"curies":[{"name":"wp","href":"https:\/\/api.w.org\/{rel}","templated":true}]}}