{"id":54732,"date":"2025-02-12T16:11:34","date_gmt":"2025-02-12T16:11:34","guid":{"rendered":"https:\/\/aztex.ee\/?post_type=product&#038;p=54732"},"modified":"2026-03-14T16:21:42","modified_gmt":"2026-03-14T16:21:42","slug":"makka-fleecova-deka-200x230-cm","status":"publish","type":"product","link":"https:\/\/aztex.ee\/sk\/pood\/deky-a-prehozy\/makka-fleecova-deka-200x230-cm\/","title":{"rendered":"M\u00e4kk\u00e1 fleecov\u00e1 deka 200&#215;230 cm"},"content":{"rendered":"<p><strong>M\u00e4kk\u00e1 zamatov\u00e1 fleecov\u00e1 deka &#8211; teplo a pohodlie pre ka\u017ed\u00fa chv\u00ed\u013eu!<\/strong><\/p>\n<p>Zamatov\u00e1 fleecov\u00e1 deka prin\u00e1\u0161a teplo, hebkos\u0165 a luxusn\u00fd komfort do v\u00e1\u0161ho domova, v\u010faka \u010domu je ide\u00e1lnou vo\u013ebou pre ka\u017ed\u00e9 ro\u010dn\u00e9 obdobie. Jeho zamatovo jemn\u00e1 text\u00fara a elegantn\u00fd vzh\u013ead s\u00fa skvel\u00fdm doplnkom ka\u017ed\u00e9ho interi\u00e9ru a poskytuj\u00fa \u00fatulnos\u0165 a teplo aj v chladnej\u0161\u00edch d\u0148och.<\/p>\n<p><strong>M\u00e4kk\u00e1 text\u00fara<\/strong><br \/>\nZamatov\u00e1 fl\u00edsov\u00e1 deka m\u00e1 zamatovo hebk\u00fd povrch, ktor\u00fd poskytuje luxusn\u00fd komfort, v\u010faka \u010domu je ka\u017ed\u00fd okamih e\u0161te pr\u00edjemnej\u0161\u00ed. M\u00e4kk\u00fd materi\u00e1l je pr\u00edjemn\u00fd a dod\u00e1va pocit tepla, ktor\u00fd vydr\u017e\u00ed.<\/p>\n<p><strong>\u013dahk\u00e9 a tepl\u00e9<\/strong><br \/>\nIde\u00e1lne pre ka\u017ed\u00e9 ro\u010dn\u00e9 obdobie, poskytuj\u00face teplo a pohodlie v ka\u017edom okamihu. Prikr\u00fdvka je \u013eahk\u00e1, ale dostato\u010dne tepl\u00e1, aby v\u00e1s pr\u00edjemne zahriala aj po\u010das chladnej\u0161\u00edch noc\u00ed alebo chladn\u00fdch ve\u010derov.<\/p>\n<p><strong>Jednoduch\u00e1 starostlivos\u0165<\/strong><br \/>\nZamatov\u00e1 fl\u00edsov\u00e1 deka sa d\u00e1 jednoducho pra\u0165 v pr\u00e1\u010dke, v\u010faka \u010domu je praktick\u00e1 a vhodn\u00e1 na ka\u017edodenn\u00e9 pou\u017eitie.<\/p>\n<p><strong>Nad\u010dasov\u00e1 vo\u013eba<\/strong><br \/>\nZamatov\u00e1 fl\u00edsov\u00e1 deka je odoln\u00e1 a poskytuje pohodlie a teplo, ktor\u00e9 vydr\u017e\u00ed roky, je praktick\u00fdm produktom, ktor\u00fd sa \u013eahko udr\u017eiava a hod\u00ed sa do ka\u017ed\u00e9ho interi\u00e9ru.<\/p>\n<p>Zamatov\u00e1 fleecov\u00e1 deka je skvel\u00fdm doplnkom na ka\u017edodenn\u00e9 pou\u017eitie, poskytuje teplo, m\u00e4kkos\u0165 a pohodlie, ktor\u00e9 si m\u00f4\u017eete u\u017e\u00edva\u0165 ka\u017ed\u00fd de\u0148. \u010ci u\u017e ide o sp\u00e1l\u0148u, ob\u00fdvaciu izbu alebo dokonca \u00fatuln\u00fd k\u00fatik na sedaciu s\u00fapravu \u2013 t\u00e1to deka z\u00fatuln\u00ed v\u00e1\u0161 priestor a bude tie\u017e ide\u00e1lnym dar\u010dekom pre va\u0161ich bl\u00edzkych.<\/p>\n","protected":false},"excerpt":{"rendered":"<ul>\n<li>Materi\u00e1l: Koralov\u00e9 r\u00fano<\/li>\n<li>Ve\u013ekos\u0165: 200&#215;230 cm \u00b13<\/li>\n<li>Gram\u00e1\u017e: 1,4 kg<\/li>\n<\/ul>\n","protected":false},"featured_media":54818,"comment_status":"open","ping_status":"closed","template":"","meta":[],"product_brand":[],"product_cat":[1877,3142,3454],"product_tag":[],"class_list":{"0":"post-54732","1":"product","2":"type-product","3":"status-publish","4":"has-post-thumbnail","6":"product_cat-deky-a-prehozy","7":"product_cat-fleecove-deky-sk","8":"product_cat-fleecove-deky-200x230-cm-sk","10":"first","11":"instock","12":"shipping-taxable","13":"purchasable","14":"product-type-variable"},"yoast_head":"<!-- This site is optimized with the Yoast SEO plugin v27.4 - https:\/\/yoast.com\/product\/yoast-seo-wordpress\/ -->\n<title>M\u00e4kk\u00e1 fleecov\u00e1 deka 200x230 cm | AZTEX<\/title>\n<meta name=\"description\" content=\"Zamatov\u00e1 fleecov\u00e1 deka m\u00e1 m\u00e4kk\u00fa text\u00faru, ktor\u00e1 poskytuje teplo a pohodlie. \u013dahk\u00e9, um\u00fdvate\u013en\u00e9 v pr\u00e1\u010dke a nen\u00e1ro\u010dn\u00e9 na \u00fadr\u017ebu \u2013 ide\u00e1lne na ka\u017edodenn\u00e9\" \/>\n<meta name=\"robots\" content=\"index, follow, max-snippet:-1, max-image-preview:large, max-video-preview:-1\" \/>\n<link rel=\"canonical\" href=\"https:\/\/aztex.ee\/sk\/pood\/deky-a-prehozy\/makka-fleecova-deka-200x230-cm\/\" \/>\n<meta property=\"og:locale\" content=\"sk_SK\" \/>\n<meta property=\"og:type\" content=\"article\" \/>\n<meta property=\"og:title\" content=\"M\u00e4kk\u00e1 fleecov\u00e1 deka 200x230 cm | AZTEX\" \/>\n<meta property=\"og:description\" content=\"Zamatov\u00e1 fleecov\u00e1 deka m\u00e1 m\u00e4kk\u00fa text\u00faru, ktor\u00e1 poskytuje teplo a pohodlie. \u013dahk\u00e9, um\u00fdvate\u013en\u00e9 v pr\u00e1\u010dke a nen\u00e1ro\u010dn\u00e9 na \u00fadr\u017ebu \u2013 ide\u00e1lne na ka\u017edodenn\u00e9\" \/>\n<meta property=\"og:url\" content=\"https:\/\/aztex.ee\/sk\/pood\/deky-a-prehozy\/makka-fleecova-deka-200x230-cm\/\" \/>\n<meta property=\"og:site_name\" content=\"AZTEX\" \/>\n<meta property=\"article:publisher\" content=\"https:\/\/www.facebook.com\/AztexEE\" \/>\n<meta property=\"article:modified_time\" content=\"2026-03-14T16:21:42+00:00\" \/>\n<meta property=\"og:image\" content=\"https:\/\/aztex.ee\/wp-content\/uploads\/2025\/02\/Pehme-velvet-fliistekk-200\u00d7230-cm.jpg\" \/>\n\t<meta property=\"og:image:width\" content=\"800\" \/>\n\t<meta property=\"og:image:height\" content=\"800\" \/>\n\t<meta property=\"og:image:type\" content=\"image\/jpeg\" \/>\n<meta name=\"twitter:card\" content=\"summary_large_image\" \/>\n<meta name=\"twitter:label1\" content=\"Predpokladan\u00fd \u010das \u010d\u00edtania\" \/>\n\t<meta name=\"twitter:data1\" content=\"2 min\u00faty\" \/>\n<script type=\"application\/ld+json\" class=\"yoast-schema-graph\">{\"@context\":\"https:\\\/\\\/schema.org\",\"@graph\":[{\"@type\":[\"WebPage\",\"ItemPage\"],\"@id\":\"https:\\\/\\\/aztex.ee\\\/sk\\\/pood\\\/deky-a-prehozy\\\/makka-fleecova-deka-200x230-cm\\\/\",\"url\":\"https:\\\/\\\/aztex.ee\\\/sk\\\/pood\\\/deky-a-prehozy\\\/makka-fleecova-deka-200x230-cm\\\/\",\"name\":\"M\u00e4kk\u00e1 fleecov\u00e1 deka 200x230 cm | AZTEX\",\"isPartOf\":{\"@id\":\"https:\\\/\\\/aztex.ee\\\/sk\\\/#website\"},\"primaryImageOfPage\":{\"@id\":\"https:\\\/\\\/aztex.ee\\\/sk\\\/pood\\\/deky-a-prehozy\\\/makka-fleecova-deka-200x230-cm\\\/#primaryimage\"},\"image\":{\"@id\":\"https:\\\/\\\/aztex.ee\\\/sk\\\/pood\\\/deky-a-prehozy\\\/makka-fleecova-deka-200x230-cm\\\/#primaryimage\"},\"thumbnailUrl\":\"https:\\\/\\\/aztex.ee\\\/wp-content\\\/uploads\\\/2025\\\/02\\\/Pehme-velvet-fliistekk-200\u00d7230-cm.jpg\",\"datePublished\":\"2025-02-12T16:11:34+00:00\",\"dateModified\":\"2026-03-14T16:21:42+00:00\",\"description\":\"Zamatov\u00e1 fleecov\u00e1 deka m\u00e1 m\u00e4kk\u00fa text\u00faru, ktor\u00e1 poskytuje teplo a pohodlie. \u013dahk\u00e9, um\u00fdvate\u013en\u00e9 v pr\u00e1\u010dke a nen\u00e1ro\u010dn\u00e9 na \u00fadr\u017ebu \u2013 ide\u00e1lne na ka\u017edodenn\u00e9\",\"breadcrumb\":{\"@id\":\"https:\\\/\\\/aztex.ee\\\/sk\\\/pood\\\/deky-a-prehozy\\\/makka-fleecova-deka-200x230-cm\\\/#breadcrumb\"},\"inLanguage\":\"sk-SK\",\"potentialAction\":[{\"@type\":\"ReadAction\",\"target\":[\"https:\\\/\\\/aztex.ee\\\/sk\\\/pood\\\/deky-a-prehozy\\\/makka-fleecova-deka-200x230-cm\\\/\"]}]},{\"@type\":\"ImageObject\",\"inLanguage\":\"sk-SK\",\"@id\":\"https:\\\/\\\/aztex.ee\\\/sk\\\/pood\\\/deky-a-prehozy\\\/makka-fleecova-deka-200x230-cm\\\/#primaryimage\",\"url\":\"https:\\\/\\\/aztex.ee\\\/wp-content\\\/uploads\\\/2025\\\/02\\\/Pehme-velvet-fliistekk-200\u00d7230-cm.jpg\",\"contentUrl\":\"https:\\\/\\\/aztex.ee\\\/wp-content\\\/uploads\\\/2025\\\/02\\\/Pehme-velvet-fliistekk-200\u00d7230-cm.jpg\",\"width\":800,\"height\":800,\"caption\":\"Pehme velvet fliistekk 200\u00d7230 cm\"},{\"@type\":\"BreadcrumbList\",\"@id\":\"https:\\\/\\\/aztex.ee\\\/sk\\\/pood\\\/deky-a-prehozy\\\/makka-fleecova-deka-200x230-cm\\\/#breadcrumb\",\"itemListElement\":[{\"@type\":\"ListItem\",\"position\":1,\"name\":\"Domov\",\"item\":\"https:\\\/\\\/aztex.ee\\\/sk\\\/\"},{\"@type\":\"ListItem\",\"position\":2,\"name\":\"Obchod\",\"item\":\"https:\\\/\\\/aztex.ee\\\/sk\\\/obchod\\\/\"},{\"@type\":\"ListItem\",\"position\":3,\"name\":\"M\u00e4kk\u00e1 fleecov\u00e1 deka 200&#215;230 cm\"}]},{\"@type\":\"WebSite\",\"@id\":\"https:\\\/\\\/aztex.ee\\\/sk\\\/#website\",\"url\":\"https:\\\/\\\/aztex.ee\\\/sk\\\/\",\"name\":\"AZTEX\",\"description\":\"\",\"publisher\":{\"@id\":\"https:\\\/\\\/aztex.ee\\\/sk\\\/#organization\"},\"potentialAction\":[{\"@type\":\"SearchAction\",\"target\":{\"@type\":\"EntryPoint\",\"urlTemplate\":\"https:\\\/\\\/aztex.ee\\\/sk\\\/?s={search_term_string}\"},\"query-input\":{\"@type\":\"PropertyValueSpecification\",\"valueRequired\":true,\"valueName\":\"search_term_string\"}}],\"inLanguage\":\"sk-SK\"},{\"@type\":\"Organization\",\"@id\":\"https:\\\/\\\/aztex.ee\\\/sk\\\/#organization\",\"name\":\"AZTEX\",\"url\":\"https:\\\/\\\/aztex.ee\\\/sk\\\/\",\"logo\":{\"@type\":\"ImageObject\",\"inLanguage\":\"sk-SK\",\"@id\":\"https:\\\/\\\/aztex.ee\\\/sk\\\/#\\\/schema\\\/logo\\\/image\\\/\",\"url\":\"https:\\\/\\\/aztex.ee\\\/wp-content\\\/uploads\\\/2026\\\/01\\\/AZTEX.png\",\"contentUrl\":\"https:\\\/\\\/aztex.ee\\\/wp-content\\\/uploads\\\/2026\\\/01\\\/AZTEX.png\",\"width\":500,\"height\":500,\"caption\":\"AZTEX\"},\"image\":{\"@id\":\"https:\\\/\\\/aztex.ee\\\/sk\\\/#\\\/schema\\\/logo\\\/image\\\/\"},\"sameAs\":[\"https:\\\/\\\/www.facebook.com\\\/AztexEE\",\"https:\\\/\\\/www.instagram.com\\\/aztexeesti\\\/\",\"https:\\\/\\\/www.youtube.com\\\/@AZTEXEE\",\"https:\\\/\\\/www.pinterest.com\\\/aztex_eesti\\\/\",\"https:\\\/\\\/www.tiktok.com\\\/@aztexeesti\",\"https:\\\/\\\/www.trustpilot.com\\\/review\\\/aztex.ee\",\"https:\\\/\\\/www.linkedin.com\\\/company\\\/aztex-ee\\\/\",\"https:\\\/\\\/www.wikidata.org\\\/wiki\\\/Q137560182\"]}]}<\/script>\n<!-- \/ Yoast SEO plugin. -->","yoast_head_json":{"title":"M\u00e4kk\u00e1 fleecov\u00e1 deka 200x230 cm | AZTEX","description":"Zamatov\u00e1 fleecov\u00e1 deka m\u00e1 m\u00e4kk\u00fa text\u00faru, ktor\u00e1 poskytuje teplo a pohodlie. \u013dahk\u00e9, um\u00fdvate\u013en\u00e9 v pr\u00e1\u010dke a nen\u00e1ro\u010dn\u00e9 na \u00fadr\u017ebu \u2013 ide\u00e1lne na ka\u017edodenn\u00e9","robots":{"index":"index","follow":"follow","max-snippet":"max-snippet:-1","max-image-preview":"max-image-preview:large","max-video-preview":"max-video-preview:-1"},"canonical":"https:\/\/aztex.ee\/sk\/pood\/deky-a-prehozy\/makka-fleecova-deka-200x230-cm\/","og_locale":"sk_SK","og_type":"article","og_title":"M\u00e4kk\u00e1 fleecov\u00e1 deka 200x230 cm | AZTEX","og_description":"Zamatov\u00e1 fleecov\u00e1 deka m\u00e1 m\u00e4kk\u00fa text\u00faru, ktor\u00e1 poskytuje teplo a pohodlie. \u013dahk\u00e9, um\u00fdvate\u013en\u00e9 v pr\u00e1\u010dke a nen\u00e1ro\u010dn\u00e9 na \u00fadr\u017ebu \u2013 ide\u00e1lne na ka\u017edodenn\u00e9","og_url":"https:\/\/aztex.ee\/sk\/pood\/deky-a-prehozy\/makka-fleecova-deka-200x230-cm\/","og_site_name":"AZTEX","article_publisher":"https:\/\/www.facebook.com\/AztexEE","article_modified_time":"2026-03-14T16:21:42+00:00","og_image":[{"width":800,"height":800,"url":"https:\/\/aztex.ee\/wp-content\/uploads\/2025\/02\/Pehme-velvet-fliistekk-200\u00d7230-cm.jpg","type":"image\/jpeg"}],"twitter_card":"summary_large_image","twitter_misc":{"Predpokladan\u00fd \u010das \u010d\u00edtania":"2 min\u00faty"},"schema":{"@context":"https:\/\/schema.org","@graph":[{"@type":["WebPage","ItemPage"],"@id":"https:\/\/aztex.ee\/sk\/pood\/deky-a-prehozy\/makka-fleecova-deka-200x230-cm\/","url":"https:\/\/aztex.ee\/sk\/pood\/deky-a-prehozy\/makka-fleecova-deka-200x230-cm\/","name":"M\u00e4kk\u00e1 fleecov\u00e1 deka 200x230 cm | AZTEX","isPartOf":{"@id":"https:\/\/aztex.ee\/sk\/#website"},"primaryImageOfPage":{"@id":"https:\/\/aztex.ee\/sk\/pood\/deky-a-prehozy\/makka-fleecova-deka-200x230-cm\/#primaryimage"},"image":{"@id":"https:\/\/aztex.ee\/sk\/pood\/deky-a-prehozy\/makka-fleecova-deka-200x230-cm\/#primaryimage"},"thumbnailUrl":"https:\/\/aztex.ee\/wp-content\/uploads\/2025\/02\/Pehme-velvet-fliistekk-200\u00d7230-cm.jpg","datePublished":"2025-02-12T16:11:34+00:00","dateModified":"2026-03-14T16:21:42+00:00","description":"Zamatov\u00e1 fleecov\u00e1 deka m\u00e1 m\u00e4kk\u00fa text\u00faru, ktor\u00e1 poskytuje teplo a pohodlie. \u013dahk\u00e9, um\u00fdvate\u013en\u00e9 v pr\u00e1\u010dke a nen\u00e1ro\u010dn\u00e9 na \u00fadr\u017ebu \u2013 ide\u00e1lne na ka\u017edodenn\u00e9","breadcrumb":{"@id":"https:\/\/aztex.ee\/sk\/pood\/deky-a-prehozy\/makka-fleecova-deka-200x230-cm\/#breadcrumb"},"inLanguage":"sk-SK","potentialAction":[{"@type":"ReadAction","target":["https:\/\/aztex.ee\/sk\/pood\/deky-a-prehozy\/makka-fleecova-deka-200x230-cm\/"]}]},{"@type":"ImageObject","inLanguage":"sk-SK","@id":"https:\/\/aztex.ee\/sk\/pood\/deky-a-prehozy\/makka-fleecova-deka-200x230-cm\/#primaryimage","url":"https:\/\/aztex.ee\/wp-content\/uploads\/2025\/02\/Pehme-velvet-fliistekk-200\u00d7230-cm.jpg","contentUrl":"https:\/\/aztex.ee\/wp-content\/uploads\/2025\/02\/Pehme-velvet-fliistekk-200\u00d7230-cm.jpg","width":800,"height":800,"caption":"Pehme velvet fliistekk 200\u00d7230 cm"},{"@type":"BreadcrumbList","@id":"https:\/\/aztex.ee\/sk\/pood\/deky-a-prehozy\/makka-fleecova-deka-200x230-cm\/#breadcrumb","itemListElement":[{"@type":"ListItem","position":1,"name":"Domov","item":"https:\/\/aztex.ee\/sk\/"},{"@type":"ListItem","position":2,"name":"Obchod","item":"https:\/\/aztex.ee\/sk\/obchod\/"},{"@type":"ListItem","position":3,"name":"M\u00e4kk\u00e1 fleecov\u00e1 deka 200&#215;230 cm"}]},{"@type":"WebSite","@id":"https:\/\/aztex.ee\/sk\/#website","url":"https:\/\/aztex.ee\/sk\/","name":"AZTEX","description":"","publisher":{"@id":"https:\/\/aztex.ee\/sk\/#organization"},"potentialAction":[{"@type":"SearchAction","target":{"@type":"EntryPoint","urlTemplate":"https:\/\/aztex.ee\/sk\/?s={search_term_string}"},"query-input":{"@type":"PropertyValueSpecification","valueRequired":true,"valueName":"search_term_string"}}],"inLanguage":"sk-SK"},{"@type":"Organization","@id":"https:\/\/aztex.ee\/sk\/#organization","name":"AZTEX","url":"https:\/\/aztex.ee\/sk\/","logo":{"@type":"ImageObject","inLanguage":"sk-SK","@id":"https:\/\/aztex.ee\/sk\/#\/schema\/logo\/image\/","url":"https:\/\/aztex.ee\/wp-content\/uploads\/2026\/01\/AZTEX.png","contentUrl":"https:\/\/aztex.ee\/wp-content\/uploads\/2026\/01\/AZTEX.png","width":500,"height":500,"caption":"AZTEX"},"image":{"@id":"https:\/\/aztex.ee\/sk\/#\/schema\/logo\/image\/"},"sameAs":["https:\/\/www.facebook.com\/AztexEE","https:\/\/www.instagram.com\/aztexeesti\/","https:\/\/www.youtube.com\/@AZTEXEE","https:\/\/www.pinterest.com\/aztex_eesti\/","https:\/\/www.tiktok.com\/@aztexeesti","https:\/\/www.trustpilot.com\/review\/aztex.ee","https:\/\/www.linkedin.com\/company\/aztex-ee\/","https:\/\/www.wikidata.org\/wiki\/Q137560182"]}]}},"_links":{"self":[{"href":"https:\/\/aztex.ee\/sk\/wp-json\/wp\/v2\/product\/54732","targetHints":{"allow":["GET"]}}],"collection":[{"href":"https:\/\/aztex.ee\/sk\/wp-json\/wp\/v2\/product"}],"about":[{"href":"https:\/\/aztex.ee\/sk\/wp-json\/wp\/v2\/types\/product"}],"replies":[{"embeddable":true,"href":"https:\/\/aztex.ee\/sk\/wp-json\/wp\/v2\/comments?post=54732"}],"version-history":[{"count":0,"href":"https:\/\/aztex.ee\/sk\/wp-json\/wp\/v2\/product\/54732\/revisions"}],"wp:featuredmedia":[{"embeddable":true,"href":"https:\/\/aztex.ee\/sk\/wp-json\/wp\/v2\/media\/54818"}],"wp:attachment":[{"href":"https:\/\/aztex.ee\/sk\/wp-json\/wp\/v2\/media?parent=54732"}],"wp:term":[{"taxonomy":"product_brand","embeddable":true,"href":"https:\/\/aztex.ee\/sk\/wp-json\/wp\/v2\/product_brand?post=54732"},{"taxonomy":"product_cat","embeddable":true,"href":"https:\/\/aztex.ee\/sk\/wp-json\/wp\/v2\/product_cat?post=54732"},{"taxonomy":"product_tag","embeddable":true,"href":"https:\/\/aztex.ee\/sk\/wp-json\/wp\/v2\/product_tag?post=54732"}],"curies":[{"name":"wp","href":"https:\/\/api.w.org\/{rel}","templated":true}]}}