{"id":54165,"date":"2025-02-11T19:48:51","date_gmt":"2025-02-11T19:48:51","guid":{"rendered":"https:\/\/aztex.ee\/?post_type=product&#038;p=54165"},"modified":"2026-04-11T12:19:45","modified_gmt":"2026-04-11T12:19:45","slug":"makka-fleecova-deka-150x200-cm","status":"publish","type":"product","link":"https:\/\/aztex.ee\/sk\/pood\/deky-a-prehozy\/makka-fleecova-deka-150x200-cm\/","title":{"rendered":"M\u00e4kk\u00e1 fleecov\u00e1 deka 150&#215;200 cm"},"content":{"rendered":"<p><strong>M\u00e4kk\u00e1 a hrejiv\u00e1 fleecov\u00e1 deka v rozmere 150\u00d7200 cm<\/strong><\/p>\n<p><strong>Relaxa\u010dn\u00fd komfort na ka\u017ed\u00fd de\u0148<\/strong><br \/>\nFleecov\u00e1 deka je ur\u010den\u00e1 na ka\u017edodenn\u00e9 nosenie, poskytuje teplo a pohodlie za ka\u017ed\u00fdch okolnost\u00ed. Materi\u00e1l je pr\u00edjemn\u00fd k poko\u017eke a zais\u0165uje m\u00e4kk\u00fd a upokojuj\u00faci z\u00e1\u017eitok, v\u010faka \u010domu je ka\u017ed\u00fd okamih relaxu e\u0161te pr\u00edjemnej\u0161\u00ed.<\/p>\n<p><strong>Kvalita a dlh\u00e1 \u017eivotnos\u0165<\/strong><br \/>\nVyroben\u00e9 z vysoko kvalitn\u00e9ho fleecov\u00e9ho materi\u00e1lu, ktor\u00fd je navrhnut\u00fd tak, aby vydr\u017eal. Fleecov\u00e1 deka si zachov\u00e1va svoju m\u00e4kkos\u0165 a hrejivos\u0165 aj po nieko\u013ek\u00fdch praniach a v\u017edy poskytuje spo\u013eahliv\u00e9 teplo a pohodlie.<\/p>\n<p><strong>V\u0161estrann\u00e9 a praktick\u00e9 vyu\u017eitie<\/strong><br \/>\nFl\u00edsov\u00e1 deka sa d\u00e1 pou\u017ei\u0165 kdeko\u013evek &#8211; \u010di u\u017e v posteli, na pohovke alebo pri relax\u00e1cii doma, pri\u010dom v\u017edy poskytuje teplo a \u00fatulnos\u0165. Je ide\u00e1lnym spolo\u010dn\u00edkom pre v\u0161etky chv\u00edle oddychu a je dokonal\u00fdm produktom pre ka\u017edodenn\u00e9 pohodlie.<\/p>\n<p><strong>Jednoduch\u00e1 starostlivos\u0165 a spo\u013eahliv\u00fd v\u00fdber<\/strong><br \/>\nFl\u00edsov\u00e1 deka sa \u013eahko a bez n\u00e1mahy star\u00e1 &#8211; zachov\u00e1va si svoju hebkos\u0165 aj po nieko\u013ek\u00fdch praniach. Odoln\u00fd materi\u00e1l rob\u00ed z fleecovej deky praktick\u00fa a dobr\u00fa vo\u013ebu.<\/p>\n<p>Za\u017eite teplo, pohodlie a kvalitu \u2013 fleecov\u00e1 prikr\u00fdvka je ide\u00e1lnou vo\u013ebou do ka\u017ed\u00e9ho domova a v\u017edy poskytuje teplo a \u00fatulnos\u0165.<\/p>\n","protected":false},"excerpt":{"rendered":"<ul>\n<li>Materi\u00e1l: Koralov\u00e9 r\u00fano<\/li>\n<li>Ve\u013ekos\u0165: 150&#215;200 cm \u00b13<\/li>\n<li>Gram\u00e1\u017e: 1 kg<\/li>\n<\/ul>\n","protected":false},"featured_media":54218,"comment_status":"open","ping_status":"closed","template":"","meta":[],"product_brand":[],"product_cat":[1877,3142,3452],"product_tag":[],"class_list":{"0":"post-54165","1":"product","2":"type-product","3":"status-publish","4":"has-post-thumbnail","6":"product_cat-deky-a-prehozy","7":"product_cat-fleecove-deky-sk","8":"product_cat-fleecove-deky-150x200-cm-sk","10":"first","11":"instock","12":"shipping-taxable","13":"purchasable","14":"product-type-variable"},"yoast_head":"<!-- This site is optimized with the Yoast SEO plugin v27.4 - https:\/\/yoast.com\/product\/yoast-seo-wordpress\/ -->\n<title>M\u00e4kk\u00e1 fleecov\u00e1 deka 150x200 cm | AZTEX<\/title>\n<meta name=\"description\" content=\"M\u00e4kk\u00e1 a hrejiv\u00e1 fleecov\u00e1 deka v rozmere 150x200 cm je pr\u00edjemn\u00e1 k poko\u017eke a poskytuje dokonal\u00e9 teplo a pohodlie pre ka\u017edodenn\u00e9 pou\u017eitie.\" \/>\n<meta name=\"robots\" content=\"index, follow, max-snippet:-1, max-image-preview:large, max-video-preview:-1\" \/>\n<link rel=\"canonical\" href=\"https:\/\/aztex.ee\/sk\/pood\/deky-a-prehozy\/makka-fleecova-deka-150x200-cm\/\" \/>\n<meta property=\"og:locale\" content=\"sk_SK\" \/>\n<meta property=\"og:type\" content=\"article\" \/>\n<meta property=\"og:title\" content=\"M\u00e4kk\u00e1 fleecov\u00e1 deka 150x200 cm | AZTEX\" \/>\n<meta property=\"og:description\" content=\"M\u00e4kk\u00e1 a hrejiv\u00e1 fleecov\u00e1 deka v rozmere 150x200 cm je pr\u00edjemn\u00e1 k poko\u017eke a poskytuje dokonal\u00e9 teplo a pohodlie pre ka\u017edodenn\u00e9 pou\u017eitie.\" \/>\n<meta property=\"og:url\" content=\"https:\/\/aztex.ee\/sk\/pood\/deky-a-prehozy\/makka-fleecova-deka-150x200-cm\/\" \/>\n<meta property=\"og:site_name\" content=\"AZTEX\" \/>\n<meta property=\"article:publisher\" content=\"https:\/\/www.facebook.com\/AztexEE\" \/>\n<meta property=\"article:modified_time\" content=\"2026-04-11T12:19:45+00:00\" \/>\n<meta property=\"og:image\" content=\"https:\/\/aztex.ee\/wp-content\/uploads\/2025\/02\/Fliisist-tekk-150x200-cm.jpg\" \/>\n\t<meta property=\"og:image:width\" content=\"800\" \/>\n\t<meta property=\"og:image:height\" content=\"800\" \/>\n\t<meta property=\"og:image:type\" content=\"image\/jpeg\" \/>\n<meta name=\"twitter:card\" content=\"summary_large_image\" \/>\n<meta name=\"twitter:label1\" content=\"Predpokladan\u00fd \u010das \u010d\u00edtania\" \/>\n\t<meta name=\"twitter:data1\" content=\"2 min\u00faty\" \/>\n<script type=\"application\/ld+json\" class=\"yoast-schema-graph\">{\"@context\":\"https:\\\/\\\/schema.org\",\"@graph\":[{\"@type\":[\"WebPage\",\"ItemPage\"],\"@id\":\"https:\\\/\\\/aztex.ee\\\/sk\\\/pood\\\/deky-a-prehozy\\\/makka-fleecova-deka-150x200-cm\\\/\",\"url\":\"https:\\\/\\\/aztex.ee\\\/sk\\\/pood\\\/deky-a-prehozy\\\/makka-fleecova-deka-150x200-cm\\\/\",\"name\":\"M\u00e4kk\u00e1 fleecov\u00e1 deka 150x200 cm | AZTEX\",\"isPartOf\":{\"@id\":\"https:\\\/\\\/aztex.ee\\\/sk\\\/#website\"},\"primaryImageOfPage\":{\"@id\":\"https:\\\/\\\/aztex.ee\\\/sk\\\/pood\\\/deky-a-prehozy\\\/makka-fleecova-deka-150x200-cm\\\/#primaryimage\"},\"image\":{\"@id\":\"https:\\\/\\\/aztex.ee\\\/sk\\\/pood\\\/deky-a-prehozy\\\/makka-fleecova-deka-150x200-cm\\\/#primaryimage\"},\"thumbnailUrl\":\"https:\\\/\\\/aztex.ee\\\/wp-content\\\/uploads\\\/2025\\\/02\\\/Fliisist-tekk-150x200-cm.jpg\",\"datePublished\":\"2025-02-11T19:48:51+00:00\",\"dateModified\":\"2026-04-11T12:19:45+00:00\",\"description\":\"M\u00e4kk\u00e1 a hrejiv\u00e1 fleecov\u00e1 deka v rozmere 150x200 cm je pr\u00edjemn\u00e1 k poko\u017eke a poskytuje dokonal\u00e9 teplo a pohodlie pre ka\u017edodenn\u00e9 pou\u017eitie.\",\"breadcrumb\":{\"@id\":\"https:\\\/\\\/aztex.ee\\\/sk\\\/pood\\\/deky-a-prehozy\\\/makka-fleecova-deka-150x200-cm\\\/#breadcrumb\"},\"inLanguage\":\"sk-SK\",\"potentialAction\":[{\"@type\":\"ReadAction\",\"target\":[\"https:\\\/\\\/aztex.ee\\\/sk\\\/pood\\\/deky-a-prehozy\\\/makka-fleecova-deka-150x200-cm\\\/\"]}]},{\"@type\":\"ImageObject\",\"inLanguage\":\"sk-SK\",\"@id\":\"https:\\\/\\\/aztex.ee\\\/sk\\\/pood\\\/deky-a-prehozy\\\/makka-fleecova-deka-150x200-cm\\\/#primaryimage\",\"url\":\"https:\\\/\\\/aztex.ee\\\/wp-content\\\/uploads\\\/2025\\\/02\\\/Fliisist-tekk-150x200-cm.jpg\",\"contentUrl\":\"https:\\\/\\\/aztex.ee\\\/wp-content\\\/uploads\\\/2025\\\/02\\\/Fliisist-tekk-150x200-cm.jpg\",\"width\":800,\"height\":800,\"caption\":\"Fliisist tekk 150x200 cm\"},{\"@type\":\"BreadcrumbList\",\"@id\":\"https:\\\/\\\/aztex.ee\\\/sk\\\/pood\\\/deky-a-prehozy\\\/makka-fleecova-deka-150x200-cm\\\/#breadcrumb\",\"itemListElement\":[{\"@type\":\"ListItem\",\"position\":1,\"name\":\"Domov\",\"item\":\"https:\\\/\\\/aztex.ee\\\/sk\\\/\"},{\"@type\":\"ListItem\",\"position\":2,\"name\":\"Obchod\",\"item\":\"https:\\\/\\\/aztex.ee\\\/sk\\\/obchod\\\/\"},{\"@type\":\"ListItem\",\"position\":3,\"name\":\"M\u00e4kk\u00e1 fleecov\u00e1 deka 150&#215;200 cm\"}]},{\"@type\":\"WebSite\",\"@id\":\"https:\\\/\\\/aztex.ee\\\/sk\\\/#website\",\"url\":\"https:\\\/\\\/aztex.ee\\\/sk\\\/\",\"name\":\"AZTEX\",\"description\":\"\",\"publisher\":{\"@id\":\"https:\\\/\\\/aztex.ee\\\/sk\\\/#organization\"},\"potentialAction\":[{\"@type\":\"SearchAction\",\"target\":{\"@type\":\"EntryPoint\",\"urlTemplate\":\"https:\\\/\\\/aztex.ee\\\/sk\\\/?s={search_term_string}\"},\"query-input\":{\"@type\":\"PropertyValueSpecification\",\"valueRequired\":true,\"valueName\":\"search_term_string\"}}],\"inLanguage\":\"sk-SK\"},{\"@type\":\"Organization\",\"@id\":\"https:\\\/\\\/aztex.ee\\\/sk\\\/#organization\",\"name\":\"AZTEX\",\"url\":\"https:\\\/\\\/aztex.ee\\\/sk\\\/\",\"logo\":{\"@type\":\"ImageObject\",\"inLanguage\":\"sk-SK\",\"@id\":\"https:\\\/\\\/aztex.ee\\\/sk\\\/#\\\/schema\\\/logo\\\/image\\\/\",\"url\":\"https:\\\/\\\/aztex.ee\\\/wp-content\\\/uploads\\\/2026\\\/01\\\/AZTEX.png\",\"contentUrl\":\"https:\\\/\\\/aztex.ee\\\/wp-content\\\/uploads\\\/2026\\\/01\\\/AZTEX.png\",\"width\":500,\"height\":500,\"caption\":\"AZTEX\"},\"image\":{\"@id\":\"https:\\\/\\\/aztex.ee\\\/sk\\\/#\\\/schema\\\/logo\\\/image\\\/\"},\"sameAs\":[\"https:\\\/\\\/www.facebook.com\\\/AztexEE\",\"https:\\\/\\\/www.instagram.com\\\/aztexeesti\\\/\",\"https:\\\/\\\/www.youtube.com\\\/@AZTEXEE\",\"https:\\\/\\\/www.pinterest.com\\\/aztex_eesti\\\/\",\"https:\\\/\\\/www.tiktok.com\\\/@aztexeesti\",\"https:\\\/\\\/www.trustpilot.com\\\/review\\\/aztex.ee\",\"https:\\\/\\\/www.linkedin.com\\\/company\\\/aztex-ee\\\/\",\"https:\\\/\\\/www.wikidata.org\\\/wiki\\\/Q137560182\"]}]}<\/script>\n<!-- \/ Yoast SEO plugin. -->","yoast_head_json":{"title":"M\u00e4kk\u00e1 fleecov\u00e1 deka 150x200 cm | AZTEX","description":"M\u00e4kk\u00e1 a hrejiv\u00e1 fleecov\u00e1 deka v rozmere 150x200 cm je pr\u00edjemn\u00e1 k poko\u017eke a poskytuje dokonal\u00e9 teplo a pohodlie pre ka\u017edodenn\u00e9 pou\u017eitie.","robots":{"index":"index","follow":"follow","max-snippet":"max-snippet:-1","max-image-preview":"max-image-preview:large","max-video-preview":"max-video-preview:-1"},"canonical":"https:\/\/aztex.ee\/sk\/pood\/deky-a-prehozy\/makka-fleecova-deka-150x200-cm\/","og_locale":"sk_SK","og_type":"article","og_title":"M\u00e4kk\u00e1 fleecov\u00e1 deka 150x200 cm | AZTEX","og_description":"M\u00e4kk\u00e1 a hrejiv\u00e1 fleecov\u00e1 deka v rozmere 150x200 cm je pr\u00edjemn\u00e1 k poko\u017eke a poskytuje dokonal\u00e9 teplo a pohodlie pre ka\u017edodenn\u00e9 pou\u017eitie.","og_url":"https:\/\/aztex.ee\/sk\/pood\/deky-a-prehozy\/makka-fleecova-deka-150x200-cm\/","og_site_name":"AZTEX","article_publisher":"https:\/\/www.facebook.com\/AztexEE","article_modified_time":"2026-04-11T12:19:45+00:00","og_image":[{"width":800,"height":800,"url":"https:\/\/aztex.ee\/wp-content\/uploads\/2025\/02\/Fliisist-tekk-150x200-cm.jpg","type":"image\/jpeg"}],"twitter_card":"summary_large_image","twitter_misc":{"Predpokladan\u00fd \u010das \u010d\u00edtania":"2 min\u00faty"},"schema":{"@context":"https:\/\/schema.org","@graph":[{"@type":["WebPage","ItemPage"],"@id":"https:\/\/aztex.ee\/sk\/pood\/deky-a-prehozy\/makka-fleecova-deka-150x200-cm\/","url":"https:\/\/aztex.ee\/sk\/pood\/deky-a-prehozy\/makka-fleecova-deka-150x200-cm\/","name":"M\u00e4kk\u00e1 fleecov\u00e1 deka 150x200 cm | AZTEX","isPartOf":{"@id":"https:\/\/aztex.ee\/sk\/#website"},"primaryImageOfPage":{"@id":"https:\/\/aztex.ee\/sk\/pood\/deky-a-prehozy\/makka-fleecova-deka-150x200-cm\/#primaryimage"},"image":{"@id":"https:\/\/aztex.ee\/sk\/pood\/deky-a-prehozy\/makka-fleecova-deka-150x200-cm\/#primaryimage"},"thumbnailUrl":"https:\/\/aztex.ee\/wp-content\/uploads\/2025\/02\/Fliisist-tekk-150x200-cm.jpg","datePublished":"2025-02-11T19:48:51+00:00","dateModified":"2026-04-11T12:19:45+00:00","description":"M\u00e4kk\u00e1 a hrejiv\u00e1 fleecov\u00e1 deka v rozmere 150x200 cm je pr\u00edjemn\u00e1 k poko\u017eke a poskytuje dokonal\u00e9 teplo a pohodlie pre ka\u017edodenn\u00e9 pou\u017eitie.","breadcrumb":{"@id":"https:\/\/aztex.ee\/sk\/pood\/deky-a-prehozy\/makka-fleecova-deka-150x200-cm\/#breadcrumb"},"inLanguage":"sk-SK","potentialAction":[{"@type":"ReadAction","target":["https:\/\/aztex.ee\/sk\/pood\/deky-a-prehozy\/makka-fleecova-deka-150x200-cm\/"]}]},{"@type":"ImageObject","inLanguage":"sk-SK","@id":"https:\/\/aztex.ee\/sk\/pood\/deky-a-prehozy\/makka-fleecova-deka-150x200-cm\/#primaryimage","url":"https:\/\/aztex.ee\/wp-content\/uploads\/2025\/02\/Fliisist-tekk-150x200-cm.jpg","contentUrl":"https:\/\/aztex.ee\/wp-content\/uploads\/2025\/02\/Fliisist-tekk-150x200-cm.jpg","width":800,"height":800,"caption":"Fliisist tekk 150x200 cm"},{"@type":"BreadcrumbList","@id":"https:\/\/aztex.ee\/sk\/pood\/deky-a-prehozy\/makka-fleecova-deka-150x200-cm\/#breadcrumb","itemListElement":[{"@type":"ListItem","position":1,"name":"Domov","item":"https:\/\/aztex.ee\/sk\/"},{"@type":"ListItem","position":2,"name":"Obchod","item":"https:\/\/aztex.ee\/sk\/obchod\/"},{"@type":"ListItem","position":3,"name":"M\u00e4kk\u00e1 fleecov\u00e1 deka 150&#215;200 cm"}]},{"@type":"WebSite","@id":"https:\/\/aztex.ee\/sk\/#website","url":"https:\/\/aztex.ee\/sk\/","name":"AZTEX","description":"","publisher":{"@id":"https:\/\/aztex.ee\/sk\/#organization"},"potentialAction":[{"@type":"SearchAction","target":{"@type":"EntryPoint","urlTemplate":"https:\/\/aztex.ee\/sk\/?s={search_term_string}"},"query-input":{"@type":"PropertyValueSpecification","valueRequired":true,"valueName":"search_term_string"}}],"inLanguage":"sk-SK"},{"@type":"Organization","@id":"https:\/\/aztex.ee\/sk\/#organization","name":"AZTEX","url":"https:\/\/aztex.ee\/sk\/","logo":{"@type":"ImageObject","inLanguage":"sk-SK","@id":"https:\/\/aztex.ee\/sk\/#\/schema\/logo\/image\/","url":"https:\/\/aztex.ee\/wp-content\/uploads\/2026\/01\/AZTEX.png","contentUrl":"https:\/\/aztex.ee\/wp-content\/uploads\/2026\/01\/AZTEX.png","width":500,"height":500,"caption":"AZTEX"},"image":{"@id":"https:\/\/aztex.ee\/sk\/#\/schema\/logo\/image\/"},"sameAs":["https:\/\/www.facebook.com\/AztexEE","https:\/\/www.instagram.com\/aztexeesti\/","https:\/\/www.youtube.com\/@AZTEXEE","https:\/\/www.pinterest.com\/aztex_eesti\/","https:\/\/www.tiktok.com\/@aztexeesti","https:\/\/www.trustpilot.com\/review\/aztex.ee","https:\/\/www.linkedin.com\/company\/aztex-ee\/","https:\/\/www.wikidata.org\/wiki\/Q137560182"]}]}},"_links":{"self":[{"href":"https:\/\/aztex.ee\/sk\/wp-json\/wp\/v2\/product\/54165","targetHints":{"allow":["GET"]}}],"collection":[{"href":"https:\/\/aztex.ee\/sk\/wp-json\/wp\/v2\/product"}],"about":[{"href":"https:\/\/aztex.ee\/sk\/wp-json\/wp\/v2\/types\/product"}],"replies":[{"embeddable":true,"href":"https:\/\/aztex.ee\/sk\/wp-json\/wp\/v2\/comments?post=54165"}],"version-history":[{"count":0,"href":"https:\/\/aztex.ee\/sk\/wp-json\/wp\/v2\/product\/54165\/revisions"}],"wp:featuredmedia":[{"embeddable":true,"href":"https:\/\/aztex.ee\/sk\/wp-json\/wp\/v2\/media\/54218"}],"wp:attachment":[{"href":"https:\/\/aztex.ee\/sk\/wp-json\/wp\/v2\/media?parent=54165"}],"wp:term":[{"taxonomy":"product_brand","embeddable":true,"href":"https:\/\/aztex.ee\/sk\/wp-json\/wp\/v2\/product_brand?post=54165"},{"taxonomy":"product_cat","embeddable":true,"href":"https:\/\/aztex.ee\/sk\/wp-json\/wp\/v2\/product_cat?post=54165"},{"taxonomy":"product_tag","embeddable":true,"href":"https:\/\/aztex.ee\/sk\/wp-json\/wp\/v2\/product_tag?post=54165"}],"curies":[{"name":"wp","href":"https:\/\/api.w.org\/{rel}","templated":true}]}}