{"id":50201,"date":"2025-02-05T22:02:46","date_gmt":"2025-02-05T22:02:46","guid":{"rendered":"https:\/\/aztex.ee\/?post_type=product&#038;p=50201"},"modified":"2026-04-29T11:46:28","modified_gmt":"2026-04-29T11:46:28","slug":"raschel-deka-200x230-cm","status":"publish","type":"product","link":"https:\/\/aztex.ee\/sk\/pood\/deky-a-prehozy\/raschel-deka-200x230-cm\/","title":{"rendered":"Raschel deka 200&#215;230 cm | 3,5 kg"},"content":{"rendered":"<p><strong>Raschel deka \u2013 luxusn\u00e1 m\u00e4kkos\u0165 a \u0161t\u00fdl<\/strong><\/p>\n<p>Deka Raschel sp\u00e1ja teplo, pohodlie a \u0161t\u00fdl v jednom produkte. Luxusn\u00e1 m\u00e4kkos\u0165 rob\u00ed ka\u017edodenn\u00e9 pou\u017e\u00edvanie \u00fatuln\u00fdm a pr\u00edjemn\u00fdm. Text\u00fara prikr\u00fdvky pon\u00faka pr\u00edjemn\u00fd z\u00e1\u017eitok, je m\u00e4kk\u00e1 a z\u00e1rove\u0148 dostato\u010dne odoln\u00e1, aby zabezpe\u010dila dlhodob\u00e9 pou\u017e\u00edvanie. R\u00f4zne farebn\u00e9 odtiene a kr\u00e1sne vzory sa hodia do ka\u017ed\u00e9ho interi\u00e9ru a dodaj\u00fa miestnosti teplo, eleganciu a \u0161t\u00fdl.<\/p>\n<p>Deka Raschel je ur\u010den\u00e1 na pou\u017eitie nielen v posteli, ale aj na pohovke alebo v in\u00fdch miestnostiach, kde je t\u00fa\u017eba doda\u0165 teplo a luxusn\u00fa atmosf\u00e9ru. Hr\u00fabka prikr\u00fdvky Raschel zais\u0165uje efekt zadr\u017eiavania tepla, zatia\u013e \u010do m\u00e4kk\u00e1 text\u00fara rob\u00ed ka\u017ed\u00e9 pou\u017eitie \u0161peci\u00e1lnym a pohodln\u00fdm.<\/p>\n<p><strong>Teplo a pohodlie<\/strong><\/p>\n<p>Deka Raschel pon\u00faka v\u00fdnimo\u010dn\u00e9 teplo a pohodlie a je ide\u00e1lnou vo\u013ebou pre chladnej\u0161ie dni. Jeho vlastnosti zadr\u017eiavaj\u00face teplo zais\u0165uj\u00fa pr\u00edjemn\u00e9 a \u00fatuln\u00e9 prostredie a poskytuj\u00fa dodato\u010dn\u00e9 pohodlie, ke\u010f je potrebn\u00e9 tepl\u00e9 a \u00fatuln\u00e9 prostredie. Dizajn deky je navrhnut\u00fd tak, aby poskytoval extra pocit tepla bez toho, aby bol pr\u00edli\u0161 \u0165a\u017ek\u00fd alebo nepohodln\u00fd.<\/p>\n<p><strong>Elegancia a \u0161t\u00fdl v ka\u017edej izbe<\/strong><\/p>\n<p>Dizajn deky je jednoduch\u00fd a elegantn\u00fd, hod\u00ed sa do ka\u017ed\u00e9ho interi\u00e9ru. Rozmanitos\u0165 farieb, od klasick\u00fdch neutr\u00e1lnych a\u017e po odv\u00e1\u017enej\u0161ie t\u00f3ny, rob\u00ed deku Raschel vhodnou do ka\u017edej miestnosti, \u010di u\u017e klasickej, modernej alebo minimalistickej. Deka dod\u00e1va teplo a \u0161t\u00fdl ka\u017edej miestnosti a je dokonal\u00fdm doplnkom ka\u017ed\u00e9ho interi\u00e9ru. Dizajn deky dopln\u00ed ka\u017ed\u00fa miestnos\u0165, dod\u00e1 teplo a luxusn\u00fa n\u00e1ladu. Deka Raschel je ide\u00e1lny produkt, ktor\u00fd sp\u00e1ja teplo, pohodlie a \u0161t\u00fdl v jednom luxusnom z\u00e1\u017eitku.<\/p>\n","protected":false},"excerpt":{"rendered":"<ul>\n<li>Materi\u00e1l: Polyester<\/li>\n<li>Ve\u013ekos\u0165: 200&#215;230 cm \u00b13<\/li>\n<li>Gram\u00e1\u017e: 3,5 kg<\/li>\n<\/ul>\n","protected":false},"featured_media":50254,"comment_status":"open","ping_status":"closed","template":"","meta":[],"product_brand":[],"product_cat":[1877,3052,3091],"product_tag":[],"class_list":{"0":"post-50201","1":"product","2":"type-product","3":"status-publish","4":"has-post-thumbnail","6":"product_cat-deky-a-prehozy","7":"product_cat-raschel-prikryvky-sk","8":"product_cat-raschel-prikryvky-200x230-cm-sk","10":"first","11":"instock","12":"shipping-taxable","13":"purchasable","14":"product-type-variable"},"yoast_head":"<!-- This site is optimized with the Yoast SEO plugin v27.6 - https:\/\/yoast.com\/product\/yoast-seo-wordpress\/ -->\n<title>Dvojvrstvov\u00e1 hrub\u00e1 tepl\u00e1 deka 200x230 cm | AZTEX<\/title>\n<meta name=\"description\" content=\"Raschel deka v sebe sp\u00e1ja jemnos\u0165 a eleganciu, hod\u00ed sa do ka\u017ed\u00e9ho interi\u00e9ru. Pon\u00faka teplo a luxusn\u00fd komfort, je to ide\u00e1lna vo\u013eba pre \u0161t\u00fdl\" \/>\n<meta name=\"robots\" content=\"index, follow, max-snippet:-1, max-image-preview:large, max-video-preview:-1\" \/>\n<link rel=\"canonical\" href=\"https:\/\/aztex.ee\/sk\/pood\/deky-a-prehozy\/raschel-deka-200x230-cm\/\" \/>\n<meta property=\"og:locale\" content=\"sk_SK\" \/>\n<meta property=\"og:type\" content=\"article\" \/>\n<meta property=\"og:title\" content=\"Dvojvrstvov\u00e1 hrub\u00e1 tepl\u00e1 deka 200x230 cm | AZTEX\" \/>\n<meta property=\"og:description\" content=\"Raschel deka v sebe sp\u00e1ja jemnos\u0165 a eleganciu, hod\u00ed sa do ka\u017ed\u00e9ho interi\u00e9ru. Pon\u00faka teplo a luxusn\u00fd komfort, je to ide\u00e1lna vo\u013eba pre \u0161t\u00fdl\" \/>\n<meta property=\"og:url\" content=\"https:\/\/aztex.ee\/sk\/pood\/deky-a-prehozy\/raschel-deka-200x230-cm\/\" \/>\n<meta property=\"og:site_name\" content=\"AZTEX\" \/>\n<meta property=\"article:publisher\" content=\"https:\/\/www.facebook.com\/AztexEE\" \/>\n<meta property=\"article:modified_time\" content=\"2026-04-29T11:46:28+00:00\" \/>\n<meta property=\"og:image\" content=\"https:\/\/aztex.ee\/wp-content\/uploads\/2025\/02\/Raschel-tekk.jpg\" \/>\n\t<meta property=\"og:image:width\" content=\"800\" \/>\n\t<meta property=\"og:image:height\" content=\"800\" \/>\n\t<meta property=\"og:image:type\" content=\"image\/jpeg\" \/>\n<meta name=\"twitter:card\" content=\"summary_large_image\" \/>\n<meta name=\"twitter:label1\" content=\"Predpokladan\u00fd \u010das \u010d\u00edtania\" \/>\n\t<meta name=\"twitter:data1\" content=\"2 min\u00faty\" \/>\n<script type=\"application\/ld+json\" class=\"yoast-schema-graph\">{\"@context\":\"https:\\\/\\\/schema.org\",\"@graph\":[{\"@type\":[\"WebPage\",\"ItemPage\"],\"@id\":\"https:\\\/\\\/aztex.ee\\\/sk\\\/pood\\\/deky-a-prehozy\\\/raschel-deka-200x230-cm\\\/\",\"url\":\"https:\\\/\\\/aztex.ee\\\/sk\\\/pood\\\/deky-a-prehozy\\\/raschel-deka-200x230-cm\\\/\",\"name\":\"Dvojvrstvov\u00e1 hrub\u00e1 tepl\u00e1 deka 200x230 cm | AZTEX\",\"isPartOf\":{\"@id\":\"https:\\\/\\\/aztex.ee\\\/sk\\\/#website\"},\"primaryImageOfPage\":{\"@id\":\"https:\\\/\\\/aztex.ee\\\/sk\\\/pood\\\/deky-a-prehozy\\\/raschel-deka-200x230-cm\\\/#primaryimage\"},\"image\":{\"@id\":\"https:\\\/\\\/aztex.ee\\\/sk\\\/pood\\\/deky-a-prehozy\\\/raschel-deka-200x230-cm\\\/#primaryimage\"},\"thumbnailUrl\":\"https:\\\/\\\/aztex.ee\\\/wp-content\\\/uploads\\\/2025\\\/02\\\/Raschel-tekk.jpg\",\"datePublished\":\"2025-02-05T22:02:46+00:00\",\"dateModified\":\"2026-04-29T11:46:28+00:00\",\"description\":\"Raschel deka v sebe sp\u00e1ja jemnos\u0165 a eleganciu, hod\u00ed sa do ka\u017ed\u00e9ho interi\u00e9ru. Pon\u00faka teplo a luxusn\u00fd komfort, je to ide\u00e1lna vo\u013eba pre \u0161t\u00fdl\",\"breadcrumb\":{\"@id\":\"https:\\\/\\\/aztex.ee\\\/sk\\\/pood\\\/deky-a-prehozy\\\/raschel-deka-200x230-cm\\\/#breadcrumb\"},\"inLanguage\":\"sk-SK\",\"potentialAction\":[{\"@type\":\"ReadAction\",\"target\":[\"https:\\\/\\\/aztex.ee\\\/sk\\\/pood\\\/deky-a-prehozy\\\/raschel-deka-200x230-cm\\\/\"]}]},{\"@type\":\"ImageObject\",\"inLanguage\":\"sk-SK\",\"@id\":\"https:\\\/\\\/aztex.ee\\\/sk\\\/pood\\\/deky-a-prehozy\\\/raschel-deka-200x230-cm\\\/#primaryimage\",\"url\":\"https:\\\/\\\/aztex.ee\\\/wp-content\\\/uploads\\\/2025\\\/02\\\/Raschel-tekk.jpg\",\"contentUrl\":\"https:\\\/\\\/aztex.ee\\\/wp-content\\\/uploads\\\/2025\\\/02\\\/Raschel-tekk.jpg\",\"width\":800,\"height\":800,\"caption\":\"Raschel tekk\"},{\"@type\":\"BreadcrumbList\",\"@id\":\"https:\\\/\\\/aztex.ee\\\/sk\\\/pood\\\/deky-a-prehozy\\\/raschel-deka-200x230-cm\\\/#breadcrumb\",\"itemListElement\":[{\"@type\":\"ListItem\",\"position\":1,\"name\":\"Domov\",\"item\":\"https:\\\/\\\/aztex.ee\\\/sk\\\/\"},{\"@type\":\"ListItem\",\"position\":2,\"name\":\"Obchod\",\"item\":\"https:\\\/\\\/aztex.ee\\\/sk\\\/obchod\\\/\"},{\"@type\":\"ListItem\",\"position\":3,\"name\":\"Raschel deka 200&#215;230 cm | 3,5 kg\"}]},{\"@type\":\"WebSite\",\"@id\":\"https:\\\/\\\/aztex.ee\\\/sk\\\/#website\",\"url\":\"https:\\\/\\\/aztex.ee\\\/sk\\\/\",\"name\":\"AZTEX\",\"description\":\"\",\"publisher\":{\"@id\":\"https:\\\/\\\/aztex.ee\\\/sk\\\/#organization\"},\"potentialAction\":[{\"@type\":\"SearchAction\",\"target\":{\"@type\":\"EntryPoint\",\"urlTemplate\":\"https:\\\/\\\/aztex.ee\\\/sk\\\/?s={search_term_string}\"},\"query-input\":{\"@type\":\"PropertyValueSpecification\",\"valueRequired\":true,\"valueName\":\"search_term_string\"}}],\"inLanguage\":\"sk-SK\"},{\"@type\":\"Organization\",\"@id\":\"https:\\\/\\\/aztex.ee\\\/sk\\\/#organization\",\"name\":\"AZTEX\",\"url\":\"https:\\\/\\\/aztex.ee\\\/sk\\\/\",\"logo\":{\"@type\":\"ImageObject\",\"inLanguage\":\"sk-SK\",\"@id\":\"https:\\\/\\\/aztex.ee\\\/sk\\\/#\\\/schema\\\/logo\\\/image\\\/\",\"url\":\"https:\\\/\\\/aztex.ee\\\/wp-content\\\/uploads\\\/2026\\\/01\\\/AZTEX.png\",\"contentUrl\":\"https:\\\/\\\/aztex.ee\\\/wp-content\\\/uploads\\\/2026\\\/01\\\/AZTEX.png\",\"width\":500,\"height\":500,\"caption\":\"AZTEX\"},\"image\":{\"@id\":\"https:\\\/\\\/aztex.ee\\\/sk\\\/#\\\/schema\\\/logo\\\/image\\\/\"},\"sameAs\":[\"https:\\\/\\\/www.facebook.com\\\/AztexEE\",\"https:\\\/\\\/www.instagram.com\\\/aztexeesti\\\/\",\"https:\\\/\\\/www.youtube.com\\\/@AZTEXEE\",\"https:\\\/\\\/www.pinterest.com\\\/aztex_eesti\\\/\",\"https:\\\/\\\/www.tiktok.com\\\/@aztexeesti\",\"https:\\\/\\\/www.trustpilot.com\\\/review\\\/aztex.ee\",\"https:\\\/\\\/www.linkedin.com\\\/company\\\/aztex-ee\\\/\",\"https:\\\/\\\/www.wikidata.org\\\/wiki\\\/Q137560182\"]}]}<\/script>\n<!-- \/ Yoast SEO plugin. -->","yoast_head_json":{"title":"Dvojvrstvov\u00e1 hrub\u00e1 tepl\u00e1 deka 200x230 cm | AZTEX","description":"Raschel deka v sebe sp\u00e1ja jemnos\u0165 a eleganciu, hod\u00ed sa do ka\u017ed\u00e9ho interi\u00e9ru. Pon\u00faka teplo a luxusn\u00fd komfort, je to ide\u00e1lna vo\u013eba pre \u0161t\u00fdl","robots":{"index":"index","follow":"follow","max-snippet":"max-snippet:-1","max-image-preview":"max-image-preview:large","max-video-preview":"max-video-preview:-1"},"canonical":"https:\/\/aztex.ee\/sk\/pood\/deky-a-prehozy\/raschel-deka-200x230-cm\/","og_locale":"sk_SK","og_type":"article","og_title":"Dvojvrstvov\u00e1 hrub\u00e1 tepl\u00e1 deka 200x230 cm | AZTEX","og_description":"Raschel deka v sebe sp\u00e1ja jemnos\u0165 a eleganciu, hod\u00ed sa do ka\u017ed\u00e9ho interi\u00e9ru. Pon\u00faka teplo a luxusn\u00fd komfort, je to ide\u00e1lna vo\u013eba pre \u0161t\u00fdl","og_url":"https:\/\/aztex.ee\/sk\/pood\/deky-a-prehozy\/raschel-deka-200x230-cm\/","og_site_name":"AZTEX","article_publisher":"https:\/\/www.facebook.com\/AztexEE","article_modified_time":"2026-04-29T11:46:28+00:00","og_image":[{"width":800,"height":800,"url":"https:\/\/aztex.ee\/wp-content\/uploads\/2025\/02\/Raschel-tekk.jpg","type":"image\/jpeg"}],"twitter_card":"summary_large_image","twitter_misc":{"Predpokladan\u00fd \u010das \u010d\u00edtania":"2 min\u00faty"},"schema":{"@context":"https:\/\/schema.org","@graph":[{"@type":["WebPage","ItemPage"],"@id":"https:\/\/aztex.ee\/sk\/pood\/deky-a-prehozy\/raschel-deka-200x230-cm\/","url":"https:\/\/aztex.ee\/sk\/pood\/deky-a-prehozy\/raschel-deka-200x230-cm\/","name":"Dvojvrstvov\u00e1 hrub\u00e1 tepl\u00e1 deka 200x230 cm | AZTEX","isPartOf":{"@id":"https:\/\/aztex.ee\/sk\/#website"},"primaryImageOfPage":{"@id":"https:\/\/aztex.ee\/sk\/pood\/deky-a-prehozy\/raschel-deka-200x230-cm\/#primaryimage"},"image":{"@id":"https:\/\/aztex.ee\/sk\/pood\/deky-a-prehozy\/raschel-deka-200x230-cm\/#primaryimage"},"thumbnailUrl":"https:\/\/aztex.ee\/wp-content\/uploads\/2025\/02\/Raschel-tekk.jpg","datePublished":"2025-02-05T22:02:46+00:00","dateModified":"2026-04-29T11:46:28+00:00","description":"Raschel deka v sebe sp\u00e1ja jemnos\u0165 a eleganciu, hod\u00ed sa do ka\u017ed\u00e9ho interi\u00e9ru. Pon\u00faka teplo a luxusn\u00fd komfort, je to ide\u00e1lna vo\u013eba pre \u0161t\u00fdl","breadcrumb":{"@id":"https:\/\/aztex.ee\/sk\/pood\/deky-a-prehozy\/raschel-deka-200x230-cm\/#breadcrumb"},"inLanguage":"sk-SK","potentialAction":[{"@type":"ReadAction","target":["https:\/\/aztex.ee\/sk\/pood\/deky-a-prehozy\/raschel-deka-200x230-cm\/"]}]},{"@type":"ImageObject","inLanguage":"sk-SK","@id":"https:\/\/aztex.ee\/sk\/pood\/deky-a-prehozy\/raschel-deka-200x230-cm\/#primaryimage","url":"https:\/\/aztex.ee\/wp-content\/uploads\/2025\/02\/Raschel-tekk.jpg","contentUrl":"https:\/\/aztex.ee\/wp-content\/uploads\/2025\/02\/Raschel-tekk.jpg","width":800,"height":800,"caption":"Raschel tekk"},{"@type":"BreadcrumbList","@id":"https:\/\/aztex.ee\/sk\/pood\/deky-a-prehozy\/raschel-deka-200x230-cm\/#breadcrumb","itemListElement":[{"@type":"ListItem","position":1,"name":"Domov","item":"https:\/\/aztex.ee\/sk\/"},{"@type":"ListItem","position":2,"name":"Obchod","item":"https:\/\/aztex.ee\/sk\/obchod\/"},{"@type":"ListItem","position":3,"name":"Raschel deka 200&#215;230 cm | 3,5 kg"}]},{"@type":"WebSite","@id":"https:\/\/aztex.ee\/sk\/#website","url":"https:\/\/aztex.ee\/sk\/","name":"AZTEX","description":"","publisher":{"@id":"https:\/\/aztex.ee\/sk\/#organization"},"potentialAction":[{"@type":"SearchAction","target":{"@type":"EntryPoint","urlTemplate":"https:\/\/aztex.ee\/sk\/?s={search_term_string}"},"query-input":{"@type":"PropertyValueSpecification","valueRequired":true,"valueName":"search_term_string"}}],"inLanguage":"sk-SK"},{"@type":"Organization","@id":"https:\/\/aztex.ee\/sk\/#organization","name":"AZTEX","url":"https:\/\/aztex.ee\/sk\/","logo":{"@type":"ImageObject","inLanguage":"sk-SK","@id":"https:\/\/aztex.ee\/sk\/#\/schema\/logo\/image\/","url":"https:\/\/aztex.ee\/wp-content\/uploads\/2026\/01\/AZTEX.png","contentUrl":"https:\/\/aztex.ee\/wp-content\/uploads\/2026\/01\/AZTEX.png","width":500,"height":500,"caption":"AZTEX"},"image":{"@id":"https:\/\/aztex.ee\/sk\/#\/schema\/logo\/image\/"},"sameAs":["https:\/\/www.facebook.com\/AztexEE","https:\/\/www.instagram.com\/aztexeesti\/","https:\/\/www.youtube.com\/@AZTEXEE","https:\/\/www.pinterest.com\/aztex_eesti\/","https:\/\/www.tiktok.com\/@aztexeesti","https:\/\/www.trustpilot.com\/review\/aztex.ee","https:\/\/www.linkedin.com\/company\/aztex-ee\/","https:\/\/www.wikidata.org\/wiki\/Q137560182"]}]}},"_links":{"self":[{"href":"https:\/\/aztex.ee\/sk\/wp-json\/wp\/v2\/product\/50201","targetHints":{"allow":["GET"]}}],"collection":[{"href":"https:\/\/aztex.ee\/sk\/wp-json\/wp\/v2\/product"}],"about":[{"href":"https:\/\/aztex.ee\/sk\/wp-json\/wp\/v2\/types\/product"}],"replies":[{"embeddable":true,"href":"https:\/\/aztex.ee\/sk\/wp-json\/wp\/v2\/comments?post=50201"}],"version-history":[{"count":0,"href":"https:\/\/aztex.ee\/sk\/wp-json\/wp\/v2\/product\/50201\/revisions"}],"wp:featuredmedia":[{"embeddable":true,"href":"https:\/\/aztex.ee\/sk\/wp-json\/wp\/v2\/media\/50254"}],"wp:attachment":[{"href":"https:\/\/aztex.ee\/sk\/wp-json\/wp\/v2\/media?parent=50201"}],"wp:term":[{"taxonomy":"product_brand","embeddable":true,"href":"https:\/\/aztex.ee\/sk\/wp-json\/wp\/v2\/product_brand?post=50201"},{"taxonomy":"product_cat","embeddable":true,"href":"https:\/\/aztex.ee\/sk\/wp-json\/wp\/v2\/product_cat?post=50201"},{"taxonomy":"product_tag","embeddable":true,"href":"https:\/\/aztex.ee\/sk\/wp-json\/wp\/v2\/product_tag?post=50201"}],"curies":[{"name":"wp","href":"https:\/\/api.w.org\/{rel}","templated":true}]}}