{"id":45829,"date":"2025-01-24T10:19:54","date_gmt":"2025-01-24T10:19:54","guid":{"rendered":"https:\/\/aztex.ee\/pood\/nezaraden\u00e9\/vanniratik-80x160-cm\/"},"modified":"2026-04-30T16:47:08","modified_gmt":"2026-04-30T16:47:08","slug":"osuska-80x160-cm","status":"publish","type":"product","link":"https:\/\/aztex.ee\/sk\/pood\/uteraky-a-osusky\/osuska-80x160-cm\/","title":{"rendered":"Osu\u0161ka 80&#215;160 cm"},"content":{"rendered":"<p><strong>Bavlnen\u00e1 osu\u0161ka 80\u00d7160 cm \u2013 dokonal\u00e1 rovnov\u00e1ha kvality a pohodlia.<\/strong><\/p>\n<p>Za\u017eite skuto\u010dn\u00fd luxus a ka\u017edodenn\u00e9 pohodlie v osu\u0161ke zo 100% bavlny. T\u00e1to osu\u0161ka vyroben\u00e1 z vysoko kvalitnej bavlny sp\u00e1ja odolnos\u0165, m\u00e4kkos\u0165 a vynikaj\u00facu savos\u0165 a poskytuje dokonal\u00e9 rie\u0161enie pre ka\u017ed\u00fd okamih \u2013 \u010di u\u017e na ka\u017edodenn\u00e9 pou\u017eitie, alebo na v\u00fdnimo\u010dnej\u0161ie chv\u00edle.<\/p>\n<p><strong>Prvotriedny materi\u00e1l:<\/strong> Osu\u0161ka je vyroben\u00e1 zo 100% bavlny, ktor\u00e1 zais\u0165uje v\u00fdnimo\u010dn\u00fa savos\u0165, pri\u010dom je jemn\u00e1 a \u0161etrn\u00e1 k poko\u017eke. Bavlnen\u00e1 tkanina r\u00fdchlo a efekt\u00edvne absorbuje vlhkos\u0165.<\/p>\n<p><strong>Jednoduch\u00e1 \u00fadr\u017eba, dlh\u00e1 \u017eivotnos\u0165:<\/strong> Odoln\u00fd materi\u00e1l, ktor\u00fd mo\u017eno pra\u0165 v pr\u00e1\u010dke, zais\u0165uje, \u017ee si osu\u0161ka zachov\u00e1 svoju kvalitu a vzh\u013ead aj po opakovanom pran\u00ed. Jeho dlh\u00e1 \u017eivotnos\u0165 a jemnos\u0165 z neho rob\u00ed spo\u013eahliv\u00e9ho spolo\u010dn\u00edka v ka\u017edodennom \u017eivote.<\/p>\n<p><strong>Dokonal\u00e1 ve\u013ekos\u0165 a pohodlie:<\/strong> Ve\u013ekos\u0165 80\u00d7160 cm je ide\u00e1lna na ka\u017edodenn\u00e9 pou\u017eitie doma, do k\u00fape\u013eov alebo aj na cestovanie a poskytuje pohodlie v ka\u017edej situ\u00e1cii.<\/p>\n<p><strong>Elegancia a \u0161t\u00fdl:<\/strong> Jednoduch\u00fd a nad\u010dasov\u00fd dizajn osu\u0161ky sa hod\u00ed do ka\u017edej k\u00fape\u013ene a dod\u00e1 miestnosti teplo a eleganciu. Ide o detail, ktor\u00fd vylep\u0161\u00ed interi\u00e9r v\u00e1\u0161ho domova a z\u00e1rove\u0148 poskytne praktickos\u0165 a pohodlie.<\/p>\n<p>Bavlnen\u00e1 osu\u0161ka je ide\u00e1lnou vo\u013ebou na ka\u017edodenn\u00e9 pou\u017eitie aj ako dar\u010dek. Jeho rovnov\u00e1ha medzi vysokou kvalitou a \u0161t\u00fdlom z neho rob\u00ed hodnotn\u00fd doplnok do ka\u017edej k\u00fape\u013ene, preto\u017ee je praktick\u00fd aj luxusn\u00fd.<\/p>\n","protected":false},"excerpt":{"rendered":"<ul>\n<li>Materi\u00e1l: 100% bavlna<\/li>\n<li>Ve\u013ekos\u0165: 80\u00d7160 cm \u00b13<\/li>\n<li>Gram\u00e1\u017e: 750g\/m2<\/li>\n<\/ul>\n","protected":false},"featured_media":44921,"comment_status":"open","ping_status":"closed","template":"","meta":[],"product_brand":[],"product_cat":[1601,1761,673],"product_tag":[],"class_list":{"0":"post-45829","1":"product","2":"type-product","3":"status-publish","4":"has-post-thumbnail","6":"product_cat-kupelnove-uteraky","7":"product_cat-kupelnove-uteraky-80x160-cm","8":"product_cat-uteraky-a-osusky","10":"first","11":"instock","12":"shipping-taxable","13":"purchasable","14":"product-type-variable"},"yoast_head":"<!-- This site is optimized with the Yoast SEO plugin v27.6 - https:\/\/yoast.com\/product\/yoast-seo-wordpress\/ -->\n<title>Osu\u0161ka 80x160 cm | 100% bavlna - AZTEX<\/title>\n<meta name=\"description\" content=\"Osu\u0161ka zo 100% bavlny v rozmere 80x160 cm je \u0161etrn\u00e1 k poko\u017eke a svojou jemnou text\u00farou a pr\u00edrodn\u00fdm materi\u00e1lom vytv\u00e1ra pr\u00edjemn\u00fd pocit.\" \/>\n<meta name=\"robots\" content=\"index, follow, max-snippet:-1, max-image-preview:large, max-video-preview:-1\" \/>\n<link rel=\"canonical\" href=\"https:\/\/aztex.ee\/sk\/pood\/uteraky-a-osusky\/osuska-80x160-cm\/\" \/>\n<meta property=\"og:locale\" content=\"sk_SK\" \/>\n<meta property=\"og:type\" content=\"article\" \/>\n<meta property=\"og:title\" content=\"Osu\u0161ka 80x160 cm | 100% bavlna - AZTEX\" \/>\n<meta property=\"og:description\" content=\"Osu\u0161ka zo 100% bavlny v rozmere 80x160 cm je \u0161etrn\u00e1 k poko\u017eke a svojou jemnou text\u00farou a pr\u00edrodn\u00fdm materi\u00e1lom vytv\u00e1ra pr\u00edjemn\u00fd pocit.\" \/>\n<meta property=\"og:url\" content=\"https:\/\/aztex.ee\/sk\/pood\/uteraky-a-osusky\/osuska-80x160-cm\/\" \/>\n<meta property=\"og:site_name\" content=\"AZTEX\" \/>\n<meta property=\"article:publisher\" content=\"https:\/\/www.facebook.com\/AztexEE\" \/>\n<meta property=\"article:modified_time\" content=\"2026-04-30T16:47:08+00:00\" \/>\n<meta property=\"og:image\" content=\"https:\/\/aztex.ee\/wp-content\/uploads\/2025\/01\/Vanniratikud-80x160-cm-1.jpg\" \/>\n\t<meta property=\"og:image:width\" content=\"800\" \/>\n\t<meta property=\"og:image:height\" content=\"800\" \/>\n\t<meta property=\"og:image:type\" content=\"image\/jpeg\" \/>\n<meta name=\"twitter:card\" content=\"summary_large_image\" \/>\n<meta name=\"twitter:label1\" content=\"Predpokladan\u00fd \u010das \u010d\u00edtania\" \/>\n\t<meta name=\"twitter:data1\" content=\"2 min\u00faty\" \/>\n<script type=\"application\/ld+json\" class=\"yoast-schema-graph\">{\"@context\":\"https:\\\/\\\/schema.org\",\"@graph\":[{\"@type\":[\"WebPage\",\"ItemPage\"],\"@id\":\"https:\\\/\\\/aztex.ee\\\/sk\\\/pood\\\/uteraky-a-osusky\\\/osuska-80x160-cm\\\/\",\"url\":\"https:\\\/\\\/aztex.ee\\\/sk\\\/pood\\\/uteraky-a-osusky\\\/osuska-80x160-cm\\\/\",\"name\":\"Osu\u0161ka 80x160 cm | 100% bavlna - AZTEX\",\"isPartOf\":{\"@id\":\"https:\\\/\\\/aztex.ee\\\/sk\\\/#website\"},\"primaryImageOfPage\":{\"@id\":\"https:\\\/\\\/aztex.ee\\\/sk\\\/pood\\\/uteraky-a-osusky\\\/osuska-80x160-cm\\\/#primaryimage\"},\"image\":{\"@id\":\"https:\\\/\\\/aztex.ee\\\/sk\\\/pood\\\/uteraky-a-osusky\\\/osuska-80x160-cm\\\/#primaryimage\"},\"thumbnailUrl\":\"https:\\\/\\\/aztex.ee\\\/wp-content\\\/uploads\\\/2025\\\/01\\\/Vanniratikud-80x160-cm-1.jpg\",\"datePublished\":\"2025-01-24T10:19:54+00:00\",\"dateModified\":\"2026-04-30T16:47:08+00:00\",\"description\":\"Osu\u0161ka zo 100% bavlny v rozmere 80x160 cm je \u0161etrn\u00e1 k poko\u017eke a svojou jemnou text\u00farou a pr\u00edrodn\u00fdm materi\u00e1lom vytv\u00e1ra pr\u00edjemn\u00fd pocit.\",\"breadcrumb\":{\"@id\":\"https:\\\/\\\/aztex.ee\\\/sk\\\/pood\\\/uteraky-a-osusky\\\/osuska-80x160-cm\\\/#breadcrumb\"},\"inLanguage\":\"sk-SK\",\"potentialAction\":[{\"@type\":\"ReadAction\",\"target\":[\"https:\\\/\\\/aztex.ee\\\/sk\\\/pood\\\/uteraky-a-osusky\\\/osuska-80x160-cm\\\/\"]}]},{\"@type\":\"ImageObject\",\"inLanguage\":\"sk-SK\",\"@id\":\"https:\\\/\\\/aztex.ee\\\/sk\\\/pood\\\/uteraky-a-osusky\\\/osuska-80x160-cm\\\/#primaryimage\",\"url\":\"https:\\\/\\\/aztex.ee\\\/wp-content\\\/uploads\\\/2025\\\/01\\\/Vanniratikud-80x160-cm-1.jpg\",\"contentUrl\":\"https:\\\/\\\/aztex.ee\\\/wp-content\\\/uploads\\\/2025\\\/01\\\/Vanniratikud-80x160-cm-1.jpg\",\"width\":800,\"height\":800,\"caption\":\"Vannir\u00e4tikud 80x160 cm\"},{\"@type\":\"BreadcrumbList\",\"@id\":\"https:\\\/\\\/aztex.ee\\\/sk\\\/pood\\\/uteraky-a-osusky\\\/osuska-80x160-cm\\\/#breadcrumb\",\"itemListElement\":[{\"@type\":\"ListItem\",\"position\":1,\"name\":\"Domov\",\"item\":\"https:\\\/\\\/aztex.ee\\\/sk\\\/\"},{\"@type\":\"ListItem\",\"position\":2,\"name\":\"Obchod\",\"item\":\"https:\\\/\\\/aztex.ee\\\/sk\\\/obchod\\\/\"},{\"@type\":\"ListItem\",\"position\":3,\"name\":\"Osu\u0161ka 80&#215;160 cm\"}]},{\"@type\":\"WebSite\",\"@id\":\"https:\\\/\\\/aztex.ee\\\/sk\\\/#website\",\"url\":\"https:\\\/\\\/aztex.ee\\\/sk\\\/\",\"name\":\"AZTEX\",\"description\":\"\",\"publisher\":{\"@id\":\"https:\\\/\\\/aztex.ee\\\/sk\\\/#organization\"},\"potentialAction\":[{\"@type\":\"SearchAction\",\"target\":{\"@type\":\"EntryPoint\",\"urlTemplate\":\"https:\\\/\\\/aztex.ee\\\/sk\\\/?s={search_term_string}\"},\"query-input\":{\"@type\":\"PropertyValueSpecification\",\"valueRequired\":true,\"valueName\":\"search_term_string\"}}],\"inLanguage\":\"sk-SK\"},{\"@type\":\"Organization\",\"@id\":\"https:\\\/\\\/aztex.ee\\\/sk\\\/#organization\",\"name\":\"AZTEX\",\"url\":\"https:\\\/\\\/aztex.ee\\\/sk\\\/\",\"logo\":{\"@type\":\"ImageObject\",\"inLanguage\":\"sk-SK\",\"@id\":\"https:\\\/\\\/aztex.ee\\\/sk\\\/#\\\/schema\\\/logo\\\/image\\\/\",\"url\":\"https:\\\/\\\/aztex.ee\\\/wp-content\\\/uploads\\\/2026\\\/01\\\/AZTEX.png\",\"contentUrl\":\"https:\\\/\\\/aztex.ee\\\/wp-content\\\/uploads\\\/2026\\\/01\\\/AZTEX.png\",\"width\":500,\"height\":500,\"caption\":\"AZTEX\"},\"image\":{\"@id\":\"https:\\\/\\\/aztex.ee\\\/sk\\\/#\\\/schema\\\/logo\\\/image\\\/\"},\"sameAs\":[\"https:\\\/\\\/www.facebook.com\\\/AztexEE\",\"https:\\\/\\\/www.instagram.com\\\/aztexeesti\\\/\",\"https:\\\/\\\/www.youtube.com\\\/@AZTEXEE\",\"https:\\\/\\\/www.pinterest.com\\\/aztex_eesti\\\/\",\"https:\\\/\\\/www.tiktok.com\\\/@aztexeesti\",\"https:\\\/\\\/www.trustpilot.com\\\/review\\\/aztex.ee\",\"https:\\\/\\\/www.linkedin.com\\\/company\\\/aztex-ee\\\/\",\"https:\\\/\\\/www.wikidata.org\\\/wiki\\\/Q137560182\"]}]}<\/script>\n<!-- \/ Yoast SEO plugin. -->","yoast_head_json":{"title":"Osu\u0161ka 80x160 cm | 100% bavlna - AZTEX","description":"Osu\u0161ka zo 100% bavlny v rozmere 80x160 cm je \u0161etrn\u00e1 k poko\u017eke a svojou jemnou text\u00farou a pr\u00edrodn\u00fdm materi\u00e1lom vytv\u00e1ra pr\u00edjemn\u00fd pocit.","robots":{"index":"index","follow":"follow","max-snippet":"max-snippet:-1","max-image-preview":"max-image-preview:large","max-video-preview":"max-video-preview:-1"},"canonical":"https:\/\/aztex.ee\/sk\/pood\/uteraky-a-osusky\/osuska-80x160-cm\/","og_locale":"sk_SK","og_type":"article","og_title":"Osu\u0161ka 80x160 cm | 100% bavlna - AZTEX","og_description":"Osu\u0161ka zo 100% bavlny v rozmere 80x160 cm je \u0161etrn\u00e1 k poko\u017eke a svojou jemnou text\u00farou a pr\u00edrodn\u00fdm materi\u00e1lom vytv\u00e1ra pr\u00edjemn\u00fd pocit.","og_url":"https:\/\/aztex.ee\/sk\/pood\/uteraky-a-osusky\/osuska-80x160-cm\/","og_site_name":"AZTEX","article_publisher":"https:\/\/www.facebook.com\/AztexEE","article_modified_time":"2026-04-30T16:47:08+00:00","og_image":[{"width":800,"height":800,"url":"https:\/\/aztex.ee\/wp-content\/uploads\/2025\/01\/Vanniratikud-80x160-cm-1.jpg","type":"image\/jpeg"}],"twitter_card":"summary_large_image","twitter_misc":{"Predpokladan\u00fd \u010das \u010d\u00edtania":"2 min\u00faty"},"schema":{"@context":"https:\/\/schema.org","@graph":[{"@type":["WebPage","ItemPage"],"@id":"https:\/\/aztex.ee\/sk\/pood\/uteraky-a-osusky\/osuska-80x160-cm\/","url":"https:\/\/aztex.ee\/sk\/pood\/uteraky-a-osusky\/osuska-80x160-cm\/","name":"Osu\u0161ka 80x160 cm | 100% bavlna - AZTEX","isPartOf":{"@id":"https:\/\/aztex.ee\/sk\/#website"},"primaryImageOfPage":{"@id":"https:\/\/aztex.ee\/sk\/pood\/uteraky-a-osusky\/osuska-80x160-cm\/#primaryimage"},"image":{"@id":"https:\/\/aztex.ee\/sk\/pood\/uteraky-a-osusky\/osuska-80x160-cm\/#primaryimage"},"thumbnailUrl":"https:\/\/aztex.ee\/wp-content\/uploads\/2025\/01\/Vanniratikud-80x160-cm-1.jpg","datePublished":"2025-01-24T10:19:54+00:00","dateModified":"2026-04-30T16:47:08+00:00","description":"Osu\u0161ka zo 100% bavlny v rozmere 80x160 cm je \u0161etrn\u00e1 k poko\u017eke a svojou jemnou text\u00farou a pr\u00edrodn\u00fdm materi\u00e1lom vytv\u00e1ra pr\u00edjemn\u00fd pocit.","breadcrumb":{"@id":"https:\/\/aztex.ee\/sk\/pood\/uteraky-a-osusky\/osuska-80x160-cm\/#breadcrumb"},"inLanguage":"sk-SK","potentialAction":[{"@type":"ReadAction","target":["https:\/\/aztex.ee\/sk\/pood\/uteraky-a-osusky\/osuska-80x160-cm\/"]}]},{"@type":"ImageObject","inLanguage":"sk-SK","@id":"https:\/\/aztex.ee\/sk\/pood\/uteraky-a-osusky\/osuska-80x160-cm\/#primaryimage","url":"https:\/\/aztex.ee\/wp-content\/uploads\/2025\/01\/Vanniratikud-80x160-cm-1.jpg","contentUrl":"https:\/\/aztex.ee\/wp-content\/uploads\/2025\/01\/Vanniratikud-80x160-cm-1.jpg","width":800,"height":800,"caption":"Vannir\u00e4tikud 80x160 cm"},{"@type":"BreadcrumbList","@id":"https:\/\/aztex.ee\/sk\/pood\/uteraky-a-osusky\/osuska-80x160-cm\/#breadcrumb","itemListElement":[{"@type":"ListItem","position":1,"name":"Domov","item":"https:\/\/aztex.ee\/sk\/"},{"@type":"ListItem","position":2,"name":"Obchod","item":"https:\/\/aztex.ee\/sk\/obchod\/"},{"@type":"ListItem","position":3,"name":"Osu\u0161ka 80&#215;160 cm"}]},{"@type":"WebSite","@id":"https:\/\/aztex.ee\/sk\/#website","url":"https:\/\/aztex.ee\/sk\/","name":"AZTEX","description":"","publisher":{"@id":"https:\/\/aztex.ee\/sk\/#organization"},"potentialAction":[{"@type":"SearchAction","target":{"@type":"EntryPoint","urlTemplate":"https:\/\/aztex.ee\/sk\/?s={search_term_string}"},"query-input":{"@type":"PropertyValueSpecification","valueRequired":true,"valueName":"search_term_string"}}],"inLanguage":"sk-SK"},{"@type":"Organization","@id":"https:\/\/aztex.ee\/sk\/#organization","name":"AZTEX","url":"https:\/\/aztex.ee\/sk\/","logo":{"@type":"ImageObject","inLanguage":"sk-SK","@id":"https:\/\/aztex.ee\/sk\/#\/schema\/logo\/image\/","url":"https:\/\/aztex.ee\/wp-content\/uploads\/2026\/01\/AZTEX.png","contentUrl":"https:\/\/aztex.ee\/wp-content\/uploads\/2026\/01\/AZTEX.png","width":500,"height":500,"caption":"AZTEX"},"image":{"@id":"https:\/\/aztex.ee\/sk\/#\/schema\/logo\/image\/"},"sameAs":["https:\/\/www.facebook.com\/AztexEE","https:\/\/www.instagram.com\/aztexeesti\/","https:\/\/www.youtube.com\/@AZTEXEE","https:\/\/www.pinterest.com\/aztex_eesti\/","https:\/\/www.tiktok.com\/@aztexeesti","https:\/\/www.trustpilot.com\/review\/aztex.ee","https:\/\/www.linkedin.com\/company\/aztex-ee\/","https:\/\/www.wikidata.org\/wiki\/Q137560182"]}]}},"_links":{"self":[{"href":"https:\/\/aztex.ee\/sk\/wp-json\/wp\/v2\/product\/45829","targetHints":{"allow":["GET"]}}],"collection":[{"href":"https:\/\/aztex.ee\/sk\/wp-json\/wp\/v2\/product"}],"about":[{"href":"https:\/\/aztex.ee\/sk\/wp-json\/wp\/v2\/types\/product"}],"replies":[{"embeddable":true,"href":"https:\/\/aztex.ee\/sk\/wp-json\/wp\/v2\/comments?post=45829"}],"version-history":[{"count":0,"href":"https:\/\/aztex.ee\/sk\/wp-json\/wp\/v2\/product\/45829\/revisions"}],"wp:featuredmedia":[{"embeddable":true,"href":"https:\/\/aztex.ee\/sk\/wp-json\/wp\/v2\/media\/44921"}],"wp:attachment":[{"href":"https:\/\/aztex.ee\/sk\/wp-json\/wp\/v2\/media?parent=45829"}],"wp:term":[{"taxonomy":"product_brand","embeddable":true,"href":"https:\/\/aztex.ee\/sk\/wp-json\/wp\/v2\/product_brand?post=45829"},{"taxonomy":"product_cat","embeddable":true,"href":"https:\/\/aztex.ee\/sk\/wp-json\/wp\/v2\/product_cat?post=45829"},{"taxonomy":"product_tag","embeddable":true,"href":"https:\/\/aztex.ee\/sk\/wp-json\/wp\/v2\/product_tag?post=45829"}],"curies":[{"name":"wp","href":"https:\/\/api.w.org\/{rel}","templated":true}]}}